{"id":33327,"date":"2022-04-28T21:34:38","date_gmt":"2022-04-28T19:34:38","guid":{"rendered":"https:\/\/www.cerdanya.org\/politique-de-confidentialite\/"},"modified":"2022-04-28T21:34:40","modified_gmt":"2022-04-28T19:34:40","slug":"politique-de-confidentialite","status":"publish","type":"page","link":"https:\/\/test393.ergatesweb7.ovh\/fr\/politique-de-confidentialite\/","title":{"rendered":"Politique de confidentialit\u00e9"},"content":{"rendered":"<div  class='flex_column av-245iz-40da7f7c483aa7767d92e6a5cb15979d av_one_full  avia-builder-el-0  avia-builder-el-no-sibling  first flex_column_div  '     ><section  class='av_textblock_section av-11b5b-d81739c59b5d2a8959bb87d280a235d7 '   itemscope=\"itemscope\" itemtype=\"https:\/\/schema.org\/CreativeWork\" ><div class='avia_textblock'  itemprop=\"text\" ><p>Le but de ce document de traitement des donn\u00e9es personnelles est de divulguer la m\u00e9thode par laquelle les donn\u00e9es personnelles collect\u00e9es via le site Web sont collect\u00e9es, trait\u00e9es et prot\u00e9g\u00e9es, afin que les utilisateurs puissent d\u00e9terminer librement et volontairement s&rsquo;ils souhaitent faciliter l&rsquo;acc\u00e8s \u00e0 vos donn\u00e9es personnelles via ce site Web. .<\/p>\n<p>L&rsquo;acc\u00e8s et l&rsquo;utilisation du site Web, une fois que l&rsquo;utilisateur a donn\u00e9 son consentement expr\u00e8s en cochant la case correspondante, implique l&rsquo;acceptation pleine et enti\u00e8re de ce document sur le traitement des donn\u00e9es personnelles et s&rsquo;engage \u00e0 respecter int\u00e9gralement les termes et conditions qui y sont contenus. Par cons\u00e9quent, l&rsquo;utilisateur doit lire attentivement ce document chaque fois qu&rsquo;il a l&rsquo;intention d&rsquo;utiliser le site Web, car il peut \u00eatre sujet \u00e0 modification.<\/p>\n<p>Ce document ne sera valable que pour les donn\u00e9es personnelles obtenues \u00e0 partir du site Web et ne s&rsquo;applique pas aux informations collect\u00e9es par des tiers sur d&rsquo;autres pages Web, m\u00eame si elles sont li\u00e9es \u00e0 partir de ce m\u00eame site Web.<\/p>\n<h3>Qui est responsable du traitement de vos donn\u00e9es ?<\/h3>\n<p>Le responsable des donn\u00e9es est l&rsquo;Office du tourisme de Cerdagne<\/p>\n<ul>\n<li>Sa raison sociale est : Patronat de Turisme de la Cerdanya<\/li>\n<li>Son nom commercial est : Turisme Cerdanya.<\/li>\n<li>Son CIF est : P6715003G.<\/li>\n<li>Son si\u00e8ge social est : Pla\u00e7a del Rec, 5 (17520 Puigcerd\u00e0)<\/li>\n<li>Elle est inscrite au Registre du Commerce de Barcelone<\/li>\n<\/ul>\n<p>Patronat de Turisme de la Cerdanya vous informe que ces donn\u00e9es seront trait\u00e9es conform\u00e9ment aux dispositions de la r\u00e9glementation en vigueur sur la protection des donn\u00e9es personnelles, R\u00e8glement (UE) 2016\/679 du 27 avril 2016 (RGPD). Les informations suivantes sur le traitement sont fournies&nbsp;:<\/p>\n<h3>Dans quel but traitons-nous vos donn\u00e9es personnelles ?<\/h3>\n<p>Nous traitons les informations qui nous sont fournies par les parties int\u00e9ress\u00e9es afin de r\u00e9aliser la prospection ou l&rsquo;envoi de communications commerciales en fonction de l&rsquo;int\u00e9r\u00eat manifest\u00e9 pour nos produits et services.<\/p>\n<h3>Combien de temps conserverons-nous vos donn\u00e9es ?<\/h3>\n<p>Les donn\u00e9es seront conserv\u00e9es pendant 10 ans.<\/p>\n<h3>Quelle est la l\u00e9gitimit\u00e9 du traitement de vos donn\u00e9es ?<\/h3>\n<p>Les donn\u00e9es personnelles que nous traitons au Patronat de Turisme de la Cerdanya proviennent de l&rsquo;int\u00e9ress\u00e9, qui a accept\u00e9 le consentement tacite car les donn\u00e9es peuvent \u00eatre utilis\u00e9es aux fins mentionn\u00e9es.<\/p>\n<h3>A qui vos donn\u00e9es seront-elles transf\u00e9r\u00e9es ?<\/h3>\n<p>Les donn\u00e9es ne seront pas c\u00e9d\u00e9es \u00e0 des tiers, sauf en cas d&rsquo;obligation l\u00e9gale.<\/p>\n<h3>Transferts de donn\u00e9es vers des pays tiers ?<\/h3>\n<p>Les transferts de donn\u00e9es vers des pays tiers ne sont pas pr\u00e9vus.<\/p>\n<h3>Quels sont vos droits lorsque vous nous fournissez vos donn\u00e9es ?<\/h3>\n<p>Vous avez le droit d&rsquo;obtenir la confirmation que nous traitons ou non des donn\u00e9es personnelles vous concernant au Patronat de Turisme de la Cerdanya.<\/p>\n<p>Les parties int\u00e9ress\u00e9es ont le droit d&rsquo;acc\u00e9der \u00e0 leurs donn\u00e9es personnelles, ainsi que de demander la rectification de donn\u00e9es inexactes ou, le cas \u00e9ch\u00e9ant, de demander leur suppression lorsque, entre autres raisons, les donn\u00e9es ne sont plus n\u00e9cessaires aux fins pour lesquelles elles ont \u00e9t\u00e9 collect\u00e9s.<\/p>\n<p>Dans certaines circonstances, les parties int\u00e9ress\u00e9es peuvent demander la limitation du traitement de leurs donn\u00e9es, auquel cas nous ne les conserverons que pour l&rsquo;exercice ou la d\u00e9fense de r\u00e9clamations.<\/p>\n<p>Dans certaines circonstances et pour des raisons li\u00e9es \u00e0 leur situation particuli\u00e8re, les int\u00e9ress\u00e9s peuvent s&rsquo;opposer au traitement de leurs donn\u00e9es. Dans ce cas, Patronat de Turisme de la Cerdanya cessera de traiter les donn\u00e9es, sauf pour des raisons l\u00e9gitimes imp\u00e9rieuses, ou l&rsquo;exercice ou la d\u00e9fense d&rsquo;\u00e9ventuelles r\u00e9clamations.<\/p>\n<p>Vous pouvez mat\u00e9riellement exercer vos droits comme suit : Vous disposez d&rsquo;un droit d&rsquo;acc\u00e8s, de rectification et de suppression des donn\u00e9es, ainsi que d&rsquo;autres droits, indiqu\u00e9s dans les informations compl\u00e9mentaires, que vous pouvez exercer en contactant l&rsquo;adresse du responsable du traitement.<\/p>\n<p>Si vous avez donn\u00e9 votre consentement dans un but pr\u00e9cis, vous avez le droit de retirer le consentement donn\u00e9 \u00e0 tout moment, sans que cela n&rsquo;affecte la lic\u00e9it\u00e9 du traitement fond\u00e9 sur le consentement pr\u00e9alable \u00e0 son retrait.<\/p>\n<p>En cas de violation de vos droits concernant la protection de vos donn\u00e9es personnelles, notamment lorsque vous n&rsquo;avez pas obtenu satisfaction dans l&rsquo;exercice de vos droits, vous pouvez introduire une r\u00e9clamation aupr\u00e8s de l&rsquo;Autorit\u00e9 de contr\u00f4le de la protection des donn\u00e9es comp\u00e9tente via son site internet : www.agpd .es.<\/p>\n<h3>Quelles donn\u00e9es sont stock\u00e9es dans nos syst\u00e8mes ?<\/h3>\n<p>Les cat\u00e9gories de donn\u00e9es couvertes sont :<\/p>\n<ul>\n<li>Donn\u00e9es d&rsquo;identification.<\/li>\n<li>Adresses postales et \u00e9lectroniques.<\/li>\n<li>Informations commerciales.<\/li>\n<\/ul>\n<p>Des cat\u00e9gories particuli\u00e8res de donn\u00e9es personnelles ne sont pas trait\u00e9es (il s&rsquo;agit des donn\u00e9es qui r\u00e9v\u00e8lent l&rsquo;origine ethnique ou raciale, les opinions politiques, les convictions religieuses ou philosophiques, ou l&rsquo;affiliation syndicale, les donn\u00e9es g\u00e9n\u00e9tiques, les donn\u00e9es biom\u00e9triques visant \u00e0 identifier de mani\u00e8re unique une personne physique, les donn\u00e9es relatives \u00e0 la sant\u00e9 ou des donn\u00e9es relatives \u00e0 la vie sexuelle ou \u00e0 l&rsquo;orientation sexuelle d&rsquo;une personne physique).<\/p>\n<h2>Politique de cookies<\/h2>\n<h3>Que sont les cookies ?<\/h3>\n<p>Un cookie est un fichier t\u00e9l\u00e9charg\u00e9 sur votre ordinateur lorsque vous acc\u00e9dez \u00e0 certaines pages Web. Les cookies permettent, entre autres, \u00e0 un site Web de stocker et de r\u00e9cup\u00e9rer des informations sur les habitudes de navigation d&rsquo;un utilisateur ou de son ordinateur et, en fonction des informations qu&rsquo;ils contiennent et de la mani\u00e8re dont ils utilisent leur ordinateur, ils peuvent \u00eatre utilis\u00e9s pour reconna\u00eetre l&rsquo;utilisateur.<\/p>\n<h3>\u00c0 quoi servent les cookies sur ce site Web et \u00e0 quoi servent-ils ?<\/h3>\n<p>Ce site utilise des cookies \u00e0 plusieurs fins, les d\u00e9tails des cookies utilis\u00e9s sur ce site sont les suivants :<\/p>\n<table>\n<tbody>\n<tr>\n<td width=\"79\"><strong>Biscuits<\/strong><\/td>\n<td width=\"62\"><strong>Nom<\/strong><\/td>\n<td width=\"69\"><strong>Taper<\/strong><\/td>\n<td width=\"339\"><strong>But<\/strong><\/td>\n<td width=\"123\"><strong>Plus d&rsquo;information<\/strong><\/td>\n<\/tr>\n<tr>\n<td width=\"79\">_G\u00e9orgie<\/td>\n<td width=\"62\">Google Analytics<\/td>\n<td width=\"69\">de tiers<\/td>\n<td width=\"339\">Ce nom de cookie est associ\u00e9 \u00e0 Google Universal Analytics, qui est une mise \u00e0 jour importante du service d&rsquo;analyse Google le plus utilis\u00e9. Ce cookie est utilis\u00e9 pour distinguer les utilisateurs uniques en attribuant un num\u00e9ro g\u00e9n\u00e9r\u00e9 de mani\u00e8re al\u00e9atoire comme identifiant du client. Inclus dans chaque demande de page pour un site et utilis\u00e9 pour calculer les donn\u00e9es de visiteur, de session et de campagne pour les rapports d&rsquo;analyse de site. Par d\u00e9faut, celui-ci expirera apr\u00e8s 2 ans, m\u00eame s&rsquo;il est personnalisable par les propri\u00e9taires du site Web.<\/td>\n<td width=\"123\"><a href=\"https:\/\/marketingplatform.google.com\/about\/analytics\/\">https:\/\/marketingplatform.google.com\/about\/analytics\/<\/a><\/td>\n<\/tr>\n<tr>\n<td width=\"79\">_gid<\/td>\n<td width=\"62\">Google Analytics<\/td>\n<td width=\"69\">de tiers<\/td>\n<td width=\"339\">Ce nom de cookie est associ\u00e9 \u00e0 Google Universal Analytics. Il s&rsquo;agit d&rsquo;un nouveau cookie qui stocke et met \u00e0 jour une valeur unique pour chaque page visit\u00e9e.<\/td>\n<td width=\"123\"><a href=\"https:\/\/marketingplatform.google.com\/about\/analytics\/\">https:\/\/marketingplatform.google.com\/about\/analytics\/<\/a><\/td>\n<\/tr>\n<tr>\n<td width=\"79\">_flingue<\/td>\n<td width=\"62\">Google Analytics<\/td>\n<td width=\"69\">de tiers<\/td>\n<td width=\"339\">Un cookie associ\u00e9 \u00e0 Google Universal Analytics est utilis\u00e9 pour acc\u00e9l\u00e9rer le pourcentage de requ\u00eates, limitant la collecte de donn\u00e9es aux sites \u00e0 fort trafic. Expire apr\u00e8s 10 minutes.<\/td>\n<td width=\"123\"><a href=\"https:\/\/marketingplatform.google.com\/about\/analytics\/\">https:\/\/marketingplatform.google.com\/about\/analytics\/<\/a><\/td>\n<\/tr>\n<tr>\n<td width=\"79\">240planD<\/td>\n<td width=\"62\">240planD<\/td>\n<td width=\"69\">propres<\/td>\n<td width=\"339\">Il s&rsquo;agit d&rsquo;un cookie technique dont l&rsquo;utilisation est propre \u00e0 notre h\u00e9bergeur OVH Roubaix et permet, entre autres, d&rsquo;assurer la r\u00e9partition de la charge sur les serveurs.<\/td>\n<td width=\"123\"><\/td>\n<\/tr>\n<tr>\n<td width=\"79\">PHPSESSID<\/td>\n<td width=\"62\">PHPSESSID<\/td>\n<td width=\"69\">propres<\/td>\n<td width=\"339\">Cookie g\u00e9n\u00e9r\u00e9 par des applications bas\u00e9es sur le langage PHP. Il s&rsquo;agit d&rsquo;un identifiant \u00e0 usage g\u00e9n\u00e9ral utilis\u00e9 pour g\u00e9rer les variables de session utilisateur. Il s&rsquo;agit g\u00e9n\u00e9ralement d&rsquo;un num\u00e9ro g\u00e9n\u00e9r\u00e9 de mani\u00e8re al\u00e9atoire, la mani\u00e8re dont il est utilis\u00e9 peut \u00eatre sp\u00e9cifique au site, mais un exemple courant consiste \u00e0 maintenir le statut d&rsquo;utilisateur enregistr\u00e9 d&rsquo;un utilisateur entre les pages.<\/td>\n<td width=\"123\"><a href=\"http:\/\/php.net\/manual\/en\/function.session-id.php\">http:\/\/php.net\/manual\/en\/function.session-id.php<\/a><\/td>\n<\/tr>\n<tr>\n<td width=\"79\">aviaCookieConsentement<\/td>\n<td width=\"62\"> aviaCookieConsentement<\/td>\n<td width=\"69\">propres<\/td>\n<td width=\"339\">Cookie qui stocke l&rsquo;acceptation ou non de l&rsquo;utilisateur de continuer \u00e0 naviguer sur le site.<\/td>\n<td width=\"123\"><\/td>\n<\/tr>\n<tr>\n<td width=\"79\">wordpress_test_cookie<\/td>\n<td width=\"62\">wordpress_test_cookie<\/td>\n<td width=\"69\">propres<\/td>\n<td width=\"339\">Ce cookie est utilis\u00e9 par le gestionnaire de contenu WordPress pour v\u00e9rifier si le navigateur a activ\u00e9 les cookies<\/td>\n<td width=\"123\"><\/td>\n<\/tr>\n<tr>\n<td width=\"79\">wordpress_logged_in_<\/td>\n<td width=\"62\">wordpress_logged_in_<\/td>\n<td width=\"69\">propres<\/td>\n<td width=\"339\">Apr\u00e8s la connexion, WordPress active le cookie wordpress_logged_in_, la fonction est d&rsquo;indiquer quand vous \u00eates connect\u00e9 et qui l&rsquo;est, \u00e9tant utilis\u00e9 par l&rsquo;interface WordPress.<\/td>\n<td width=\"123\"><\/td>\n<\/tr>\n<tr>\n<td width=\"79\">wp-settings-temps-X, wp-settings-X<\/td>\n<td width=\"62\">wp-settings-temps-X, wp-settings-X<\/td>\n<td width=\"69\">propres<\/td>\n<td width=\"339\">Ces cookies sont utilis\u00e9s par WordPress pour personnaliser l&rsquo;interface utilisateur.<\/td>\n<td width=\"123\"><\/td>\n<\/tr>\n<\/tbody>\n<\/table>\n<p>Remarque&nbsp;: les cookies de type \u00ab\u00a0propre\u00a0\u00bb sont utilis\u00e9s uniquement par le propri\u00e9taire de ce site Web et les cookies \u00ab\u00a0tiers\u00a0\u00bb sont utilis\u00e9s par le fournisseur de services r\u00e9pertori\u00e9 dans le tableau ci-dessus.<\/p>\n<h4>Comment d\u00e9sactiver ou supprimer ces cookies ?<\/h4>\n<p>Vous pouvez autoriser, bloquer ou supprimer les cookies install\u00e9s sur votre ordinateur en configurant les options du navigateur sur votre ordinateur :<\/p>\n<ul>\n<li>Firefox : <a href=\"http:\/\/support.mozilla.org\/es\/kb\/habilitar-y-deshabilitar-cookies-que-los-sitios-we\">http:\/\/support.mozilla.org\/es\/kb\/habilitar-y-deshabilitar-cookies-que-los-sitios-we<\/a><\/li>\n<li>Chrome&nbsp;: <a href=\"http:\/\/support.google.com\/chrome\/bin\/answer.py?hl=es&amp;answer=95647\">http:\/\/support.google.com\/chrome\/bin\/answer.py?hl=fr&amp;answer=95647<\/a><\/li>\n<li>Explorateur : <a href=\"http:\/\/windows.microsoft.com\/es-es\/windows7\/how-to-manage-cookies-in-internet-explorer-9\">http:\/\/windows.microsoft.com\/es-es\/windows7\/how-to-manage-cookies-in-internet-explorer-9<\/a><\/li>\n<li>Safari : <a href=\"http:\/\/support.apple.com\/kb\/ph5042\">http:\/\/support.apple.com\/kb\/ph5042<\/a><\/li>\n<li>Op\u00e9ra&nbsp;: <a href=\"https:\/\/www.opera.com\/help\/tutorials\/security\/privacy\">https:\/\/www.opera.com\/help\/tutorials\/security\/privacy<\/a><\/li>\n<li>Autres navigateurs : consultez la documentation du navigateur que vous avez install\u00e9.<\/li>\n<\/ul>\n<h4>D\u00e9sactiver le module compl\u00e9mentaire pour les navigateurs Google Analytics<\/h4>\n<p>Si vous souhaitez d\u00e9sactiver les cookies analytiques de Google Analytics dans tous les navigateurs afin que vos informations ne soient pas envoy\u00e9es \u00e0 Google Analytics, vous pouvez t\u00e9l\u00e9charger un module compl\u00e9mentaire qui remplit cette fonction \u00e0 partir de ce lien : <a href=\"https:\/\/tools.google.com\/dlpage\/gaoptout\">https:\/\/tools.google.com\/dlpage\/ gaoptout<\/a> .<\/p>\n<\/div><\/section><\/div>\n","protected":false},"excerpt":{"rendered":"","protected":false},"author":3,"featured_media":19798,"parent":0,"menu_order":0,"comment_status":"closed","ping_status":"closed","template":"","meta":{"footnotes":""},"class_list":["post-33327","page","type-page","status-publish","has-post-thumbnail","hentry"],"_links":{"self":[{"href":"https:\/\/test393.ergatesweb7.ovh\/fr\/wp-json\/wp\/v2\/pages\/33327"}],"collection":[{"href":"https:\/\/test393.ergatesweb7.ovh\/fr\/wp-json\/wp\/v2\/pages"}],"about":[{"href":"https:\/\/test393.ergatesweb7.ovh\/fr\/wp-json\/wp\/v2\/types\/page"}],"author":[{"embeddable":true,"href":"https:\/\/test393.ergatesweb7.ovh\/fr\/wp-json\/wp\/v2\/users\/3"}],"replies":[{"embeddable":true,"href":"https:\/\/test393.ergatesweb7.ovh\/fr\/wp-json\/wp\/v2\/comments?post=33327"}],"version-history":[{"count":6,"href":"https:\/\/test393.ergatesweb7.ovh\/fr\/wp-json\/wp\/v2\/pages\/33327\/revisions"}],"predecessor-version":[{"id":33336,"href":"https:\/\/test393.ergatesweb7.ovh\/fr\/wp-json\/wp\/v2\/pages\/33327\/revisions\/33336"}],"wp:featuredmedia":[{"embeddable":true,"href":"https:\/\/test393.ergatesweb7.ovh\/fr\/wp-json\/wp\/v2\/media\/19798"}],"wp:attachment":[{"href":"https:\/\/test393.ergatesweb7.ovh\/fr\/wp-json\/wp\/v2\/media?parent=33327"}],"curies":[{"name":"wp","href":"https:\/\/api.w.org\/{rel}","templated":true}]}}