{"id":30998,"date":"2022-04-17T14:16:21","date_gmt":"2022-04-17T12:16:21","guid":{"rendered":"https:\/\/www.cerdanya.org\/gastronomie\/"},"modified":"2022-04-28T14:00:01","modified_gmt":"2022-04-28T12:00:01","slug":"gastronomie","status":"publish","type":"page","link":"https:\/\/test393.ergatesweb7.ovh\/fr\/gastronomie\/","title":{"rendered":"Gastronomie"},"content":{"rendered":"\n<style type=\"text\/css\" data-created_by=\"avia_inline_auto\" id=\"style-css-av-92oy6-106c8891d2d0c345a28d6d8475941110\">\n.flex_column.av-92oy6-106c8891d2d0c345a28d6d8475941110{\nborder-radius:0px 0px 0px 0px;\npadding:0px 0px 0px 0px;\n}\n<\/style>\n<div  class='flex_column av-92oy6-106c8891d2d0c345a28d6d8475941110 av_one_full  avia-builder-el-0  el_before_av_one_full  avia-builder-el-first  first flex_column_div av-zero-column-padding  '     ><section  class='av_textblock_section av-jr6i0xh3-4a05bf1b109c325ef35838e88f33576a '   itemscope=\"itemscope\" itemtype=\"https:\/\/schema.org\/CreativeWork\" ><div class='avia_textblock'  itemprop=\"text\" ><blockquote>\n<p>La Cerdagne se caract\u00e9rise par la grande abondance de produits locaux, gr\u00e2ce \u00e0 sa situation g\u00e9ographique privil\u00e9gi\u00e9e. La cuisine de la r\u00e9gion est vari\u00e9e, riche et unique, avec des plats typiques et traditionnels du verger, de la volaille, de l&rsquo;\u00e9levage, de la p\u00eache et de la chasse, typiques de chaque p\u00e9riode de l&rsquo;ann\u00e9e.<\/p>\n<p>L&rsquo;offre gastronomique comprend principalement le Trinxat, le Tir\u00f3 (canard) aux navets, la salade de pissenlits &#8230; des plats qui identifient une cuisine naturelle et personnalis\u00e9e, exclusive \u00e0 cette vall\u00e9e et lou\u00e9e par les gourmets qui recherchent l&rsquo;originalit\u00e9 d&rsquo;une cuisine de terroir.<\/p>\n<p>En ce sens, la Cerdagne est connue comme une r\u00e9gion gastronomique et, par cons\u00e9quent, est le th\u00e9\u00e2tre de nombreuses journ\u00e9es qui tournent autour de la gastronomie : Ger ( <strong>spectacle gastronomique avec des navets<\/strong> ), Puigcerd\u00e0 ( <strong>Festival de Trinxat<\/strong> ), Prullans ( \u00a0\u00bb <strong>Jeudi Gras<\/strong> \u00a0\u00bb avec la <strong>traditionnelle omelette \u00e0 la charcuterie<\/strong>)&#8230;<\/p>\n<\/blockquote>\n<\/div><\/section><\/div>\n<style type=\"text\/css\" data-created_by=\"avia_inline_auto\" id=\"style-css-av-aduha-28007720c80d63d952163d0757aa8fed\">\n.flex_column.av-aduha-28007720c80d63d952163d0757aa8fed{\nborder-radius:0px 0px 0px 0px;\npadding:0px 0px 0px 0px;\n}\n<\/style>\n<div  class='flex_column av-aduha-28007720c80d63d952163d0757aa8fed av_one_full  avia-builder-el-2  el_after_av_one_full  avia-builder-el-last  first flex_column_div av-zero-column-padding  column-top-margin'     ><\/div><\/p>\n","protected":false},"excerpt":{"rendered":"","protected":false},"author":3,"featured_media":19394,"parent":0,"menu_order":0,"comment_status":"closed","ping_status":"closed","template":"","meta":{"footnotes":""},"class_list":["post-30998","page","type-page","status-publish","has-post-thumbnail","hentry"],"_links":{"self":[{"href":"https:\/\/test393.ergatesweb7.ovh\/fr\/wp-json\/wp\/v2\/pages\/30998","targetHints":{"allow":["GET"]}}],"collection":[{"href":"https:\/\/test393.ergatesweb7.ovh\/fr\/wp-json\/wp\/v2\/pages"}],"about":[{"href":"https:\/\/test393.ergatesweb7.ovh\/fr\/wp-json\/wp\/v2\/types\/page"}],"author":[{"embeddable":true,"href":"https:\/\/test393.ergatesweb7.ovh\/fr\/wp-json\/wp\/v2\/users\/3"}],"replies":[{"embeddable":true,"href":"https:\/\/test393.ergatesweb7.ovh\/fr\/wp-json\/wp\/v2\/comments?post=30998"}],"version-history":[{"count":6,"href":"https:\/\/test393.ergatesweb7.ovh\/fr\/wp-json\/wp\/v2\/pages\/30998\/revisions"}],"predecessor-version":[{"id":33001,"href":"https:\/\/test393.ergatesweb7.ovh\/fr\/wp-json\/wp\/v2\/pages\/30998\/revisions\/33001"}],"wp:featuredmedia":[{"embeddable":true,"href":"https:\/\/test393.ergatesweb7.ovh\/fr\/wp-json\/wp\/v2\/media\/19394"}],"wp:attachment":[{"href":"https:\/\/test393.ergatesweb7.ovh\/fr\/wp-json\/wp\/v2\/media?parent=30998"}],"curies":[{"name":"wp","href":"https:\/\/api.w.org\/{rel}","templated":true}]}}