{"id":30987,"date":"2022-04-14T09:15:36","date_gmt":"2022-04-14T07:15:36","guid":{"rendered":"https:\/\/www.cerdanya.org\/decouvrir\/"},"modified":"2022-04-28T13:55:18","modified_gmt":"2022-04-28T11:55:18","slug":"decouvrir","status":"publish","type":"page","link":"https:\/\/test393.ergatesweb7.ovh\/fr\/decouvrir\/","title":{"rendered":"D\u00e9couvrir"},"content":{"rendered":"<section  class='av_textblock_section av-jr0tpmru-9d67a34920d6794228cfb88426230f78 '   itemscope=\"itemscope\" itemtype=\"https:\/\/schema.org\/CreativeWork\" ><div class='avia_textblock'  itemprop=\"text\" ><p><em>La Cerdagne est l&rsquo;un des plus beaux d\u00e9partements de Catalogne. C&rsquo;est une grande cuvette, structur\u00e9e sur le cours du Segre, avec la dr\u00f4le de particularit\u00e9 de tomber l\u00e9g\u00e8rement, doucement, d&rsquo;est en ouest, dans un plan inclin\u00e9. Ce n&rsquo;est pas une grande vall\u00e9e encaiss\u00e9e, mais une vall\u00e9e inclin\u00e9e. Entour\u00e9e de hautes montagnes qui bordent trois mille m\u00e8tres, la Cerdagne n&rsquo;est pas d\u00e9primante, comme tant d&rsquo;endroits pyr\u00e9n\u00e9ens ; elle produit au contraire une sensation d&rsquo;ampleur, d&rsquo;\u00e9l\u00e9vation, de luminosit\u00e9, de libert\u00e9. Ses ciels sont splendides, son air est fin, ses paysages d&rsquo;une grande tendresse. (&#8230;)<\/em><\/p>\n<p><em>En Cerdagne, les vues panoramiques sont extr\u00eamement belles, mais les d\u00e9tails leur correspondent et parfois les d\u00e9passent ; ils sont incomparables. De n&rsquo;importe o\u00f9 aux abords de la vall\u00e9e &#8211; pourvu qu&rsquo;elle soit un peu haute &#8211; la r\u00e9gion s&rsquo;\u00e9l\u00e8ve dans toute sa splendeur radieuse et lumineuse, tout comme de n&rsquo;importe o\u00f9 dans la vall\u00e9e appara\u00eet l&rsquo;amphith\u00e9\u00e2tre montagneux qui l&rsquo;enferme et forme trois couleurs superpos\u00e9es : la la neige ros\u00e9e des hauts sommets ; le vert noir\u00e2tre des sapins et des pins de moyenne montagne et le vert plus clair, bruni, gai, paisible, des pr\u00e9s, des peupliers, et des aulnes. La composition de ces trois couleurs cr\u00e9e un paysage d&rsquo;un ordre parfait, d&rsquo;une grande \u00e9l\u00e9gance.<\/em><\/p>\n<p style=\"text-align: right;\"><strong>Josep Pla (1897-1981) Guide de la Catalogne 1972. Editorial Destino.<\/strong><\/p>\n<blockquote>\n<p>De cette mani\u00e8re simple et po\u00e9tique, l&rsquo;\u00e9crivain Josep Pla d\u00e9crit l&rsquo;une des plus belles vall\u00e9es de Catalogne. En Cerdagne, vous profiterez d&rsquo;un paysage unique, d&rsquo;un climat parfait et de nombreuses attractions \u00e0 appr\u00e9cier. Venez les d\u00e9couvrir.<\/p>\n<\/blockquote>\n<\/div><\/section>\n\n<style type=\"text\/css\" data-created_by=\"avia_inline_auto\" id=\"style-css-av-yexl-f51c51ff3d9e9624e302b39d1eca86d2\">\n.flex_column.av-yexl-f51c51ff3d9e9624e302b39d1eca86d2{\nborder-radius:0px 0px 0px 0px;\npadding:0px 0px 0px 0px;\n}\n<\/style>\n<div  class='flex_column av-yexl-f51c51ff3d9e9624e302b39d1eca86d2 av_one_full  avia-builder-el-1  el_after_av_textblock  avia-builder-el-last  first flex_column_div av-zero-column-padding  column-top-margin'     ><\/div>\n","protected":false},"excerpt":{"rendered":"","protected":false},"author":1,"featured_media":19912,"parent":0,"menu_order":0,"comment_status":"closed","ping_status":"closed","template":"","meta":{"footnotes":""},"class_list":["post-30987","page","type-page","status-publish","has-post-thumbnail","hentry"],"_links":{"self":[{"href":"https:\/\/test393.ergatesweb7.ovh\/fr\/wp-json\/wp\/v2\/pages\/30987"}],"collection":[{"href":"https:\/\/test393.ergatesweb7.ovh\/fr\/wp-json\/wp\/v2\/pages"}],"about":[{"href":"https:\/\/test393.ergatesweb7.ovh\/fr\/wp-json\/wp\/v2\/types\/page"}],"author":[{"embeddable":true,"href":"https:\/\/test393.ergatesweb7.ovh\/fr\/wp-json\/wp\/v2\/users\/1"}],"replies":[{"embeddable":true,"href":"https:\/\/test393.ergatesweb7.ovh\/fr\/wp-json\/wp\/v2\/comments?post=30987"}],"version-history":[{"count":7,"href":"https:\/\/test393.ergatesweb7.ovh\/fr\/wp-json\/wp\/v2\/pages\/30987\/revisions"}],"predecessor-version":[{"id":32609,"href":"https:\/\/test393.ergatesweb7.ovh\/fr\/wp-json\/wp\/v2\/pages\/30987\/revisions\/32609"}],"wp:featuredmedia":[{"embeddable":true,"href":"https:\/\/test393.ergatesweb7.ovh\/fr\/wp-json\/wp\/v2\/media\/19912"}],"wp:attachment":[{"href":"https:\/\/test393.ergatesweb7.ovh\/fr\/wp-json\/wp\/v2\/media?parent=30987"}],"curies":[{"name":"wp","href":"https:\/\/api.w.org\/{rel}","templated":true}]}}