{"id":30971,"date":"2022-04-13T19:17:25","date_gmt":"2022-04-13T17:17:25","guid":{"rendered":"https:\/\/www.cerdanya.org\/nature\/"},"modified":"2023-03-23T12:21:37","modified_gmt":"2023-03-23T11:21:37","slug":"nature","status":"publish","type":"page","link":"https:\/\/test393.ergatesweb7.ovh\/fr\/decouvrir\/nature\/","title":{"rendered":"Nature"},"content":{"rendered":"\n<style type=\"text\/css\" data-created_by=\"avia_inline_auto\" id=\"style-css-av-48lpx-6644dc052a4928df29175a7e964ab29c\">\n.flex_column.av-48lpx-6644dc052a4928df29175a7e964ab29c{\nborder-radius:0px 0px 0px 0px;\npadding:0px 0px 0px 0px;\n}\n<\/style>\n<div  class='flex_column av-48lpx-6644dc052a4928df29175a7e964ab29c av_one_full  avia-builder-el-0  el_before_av_heading  avia-builder-el-first  first flex_column_div av-zero-column-padding  '     ><section  class='av_textblock_section av-jr0w57hn-d71d3a3bdb634ad807b957f82b3221d3 '   itemscope=\"itemscope\" itemtype=\"https:\/\/schema.org\/CreativeWork\" ><div class='avia_textblock'  itemprop=\"text\" ><blockquote>\n<p>La Cerdagne est une r\u00e9gion catalane d\u00e9finie par des caract\u00e9ristiques g\u00e9ographiques, climatiques et historiques qui lui conf\u00e8rent un caract\u00e8re tr\u00e8s particulier. Int\u00e9gr\u00e9e principalement par la haute vall\u00e9e du Segre, la Cerdagne est l&rsquo;une des vall\u00e9es les plus larges d&rsquo;Europe, o\u00f9 se distinguent son altitude et le fait qu&rsquo;elle b\u00e9n\u00e9ficie de plus de trois mille heures d&rsquo;ensoleillement par an.<\/p>\n<p>Sa situation, entre les Pyr\u00e9n\u00e9es et les montagnes Cad\u00ed et Moixer\u00f3, d\u00e9termine son climat, entre l&rsquo;Atlantique et la M\u00e9diterran\u00e9e. Cela signifie que trois unit\u00e9s biog\u00e9ographiques naturelles ont \u00e9t\u00e9 d\u00e9finies : l&rsquo;adret, la plaine et l&rsquo;ubac.<\/p>\n<\/blockquote>\n<\/div><\/section><\/div>\n\n<style type=\"text\/css\" data-created_by=\"avia_inline_auto\" id=\"style-css-av-2xx35-8166655277f03ee40d0d379deaaf22fe\">\n#top .av-special-heading.av-2xx35-8166655277f03ee40d0d379deaaf22fe{\npadding-bottom:10px;\n}\nbody .av-special-heading.av-2xx35-8166655277f03ee40d0d379deaaf22fe .av-special-heading-tag .heading-char{\nfont-size:25px;\n}\n.av-special-heading.av-2xx35-8166655277f03ee40d0d379deaaf22fe .av-subheading{\nfont-size:15px;\n}\n<\/style>\n<div  class='av-special-heading av-2xx35-8166655277f03ee40d0d379deaaf22fe av-special-heading-h2 blockquote modern-quote  avia-builder-el-2  el_after_av_one_full  el_before_av_one_half  av-linked-heading'><h2 class='av-special-heading-tag '  itemprop=\"headline\"  >La Plana<\/h2><div class=\"special-heading-border\"><div class=\"special-heading-inner-border\"><\/div><\/div><\/div>\n\n<style type=\"text\/css\" data-created_by=\"avia_inline_auto\" id=\"style-css-av-3yh7p-585ee9a3c9f6301da7067daff734a4d8\">\n.flex_column.av-3yh7p-585ee9a3c9f6301da7067daff734a4d8{\nborder-radius:0px 0px 0px 0px;\npadding:0px 0px 0px 0px;\n}\n<\/style>\n<div  class='flex_column av-3yh7p-585ee9a3c9f6301da7067daff734a4d8 av_one_half  avia-builder-el-3  el_after_av_heading  el_before_av_one_half  first flex_column_div av-zero-column-padding  '     ><section  class='av_textblock_section av-jr0w5t1u-cae7909b5a99ffca00f5675af84d501d '   itemscope=\"itemscope\" itemtype=\"https:\/\/schema.org\/CreativeWork\" ><div class='avia_textblock'  itemprop=\"text\" ><div class=\"wpb_text_column wpb_content_element \">\n<div class=\"wpb_wrapper\">\n<p>Comme son nom l&rsquo;indique, cette unit\u00e9 g\u00e9ographique de la Cerdagne est la plus plate des trois, avec une altitude moyenne de 1000 m\u00e8tres, elle ne pr\u00e9sente pas de d\u00e9nivel\u00e9s appr\u00e9ciables, sa largeur importante comprise entre 6 et 8 km lui conf\u00e8re la qualit\u00e9 d&rsquo;\u00eatre une des vall\u00e9es les plus larges d&rsquo;Europe. Il s&rsquo;agit notamment des cultures agricoles traditionnelles, de patur\u00e2ges et des syst\u00e8mes d&rsquo;irrigation traditionnels. Les rives du Segre sont peupl\u00e9es d&rsquo;un groupe de v\u00e9g\u00e9tation appel\u00e9 \u00ab\u00a0Bosc de Ribera\u00a0\u00bb, le mieux conserv\u00e9 de Catalogne et prot\u00e9g\u00e9 par un PEIN. La pr\u00e9sence de la loutre se d\u00e9marque \u00e0 cet endroit.<\/p>\n<p>C&rsquo;est la partie la plus peupl\u00e9e de la Cerdagne, o\u00f9 se trouve sa capitale, Puigcerd\u00e0. Au centre de La plana se trouvent plusieurs de ses villes : Puigcerd\u00e0 comme chef-lieu, ainsi que les villages de Ll\u00edvia, Bolvir, Ger, Is\u00f2vol, Bellver, Prullans, Martinet, Prats\u2026<\/p>\n<\/div>\n<\/div>\n<div class=\"wpb_single_image wpb_content_element vc_align_center\"><\/div>\n<\/div><\/section><\/div>\n\n<style type=\"text\/css\" data-created_by=\"avia_inline_auto\" id=\"style-css-av-39nxd-8bd825c609d192ad17e7bb389878092f\">\n.flex_column.av-39nxd-8bd825c609d192ad17e7bb389878092f{\nborder-radius:0px 0px 0px 0px;\npadding:0px 0px 0px 0px;\n}\n<\/style>\n<div  class='flex_column av-39nxd-8bd825c609d192ad17e7bb389878092f av_one_half  avia-builder-el-5  el_after_av_one_half  el_before_av_hr  flex_column_div av-zero-column-padding  '     ><style type=\"text\/css\" data-created_by=\"avia_inline_auto\" id=\"style-css-av-jr0woqfr-efd9a5805f32b43dac3f0d593732d5ba\">\n.avia-image-container.av-jr0woqfr-efd9a5805f32b43dac3f0d593732d5ba img.avia_image{\nbox-shadow:none;\n}\n.avia-image-container.av-jr0woqfr-efd9a5805f32b43dac3f0d593732d5ba .av-image-caption-overlay-center{\ncolor:#ffffff;\n}\n<\/style>\n<div  class='avia-image-container av-jr0woqfr-efd9a5805f32b43dac3f0d593732d5ba av-styling- av-hover-grow avia-align-center  avia-builder-el-6  avia-builder-el-no-sibling '   itemprop=\"image\" itemscope=\"itemscope\" itemtype=\"https:\/\/schema.org\/ImageObject\" ><div class=\"avia-image-container-inner\"><div class=\"avia-image-overlay-wrap\"><img decoding=\"async\" fetchpriority=\"high\" class='wp-image-19812 avia-img-lazy-loading-not-19812 avia_image ' src=\"https:\/\/test393.ergatesweb7.ovh\/wp-content\/uploads\/2019\/05\/descobreix_natura_laplana-1030x687.jpg\" alt='' title='descobreix_natura_laplana'  height=\"687\" width=\"1030\"  itemprop=\"thumbnailUrl\" srcset=\"https:\/\/test393.ergatesweb7.ovh\/wp-content\/uploads\/2019\/05\/descobreix_natura_laplana-1030x687.jpg 1030w, https:\/\/test393.ergatesweb7.ovh\/wp-content\/uploads\/2019\/05\/descobreix_natura_laplana-300x200.jpg 300w, https:\/\/test393.ergatesweb7.ovh\/wp-content\/uploads\/2019\/05\/descobreix_natura_laplana-768x512.jpg 768w, https:\/\/test393.ergatesweb7.ovh\/wp-content\/uploads\/2019\/05\/descobreix_natura_laplana.jpg 1500w, https:\/\/test393.ergatesweb7.ovh\/wp-content\/uploads\/2019\/05\/descobreix_natura_laplana-705x470.jpg 705w, https:\/\/test393.ergatesweb7.ovh\/wp-content\/uploads\/2019\/05\/descobreix_natura_laplana-450x300.jpg 450w\" sizes=\"(max-width: 1030px) 100vw, 1030px\" \/><\/div><\/div><\/div><\/div>\n\n<style type=\"text\/css\" data-created_by=\"avia_inline_auto\" id=\"style-css-av-k8fr4wlz-d84e9f7fce7a00eddcce0be5ff922637\">\n#top .hr.hr-invisible.av-k8fr4wlz-d84e9f7fce7a00eddcce0be5ff922637{\nheight:20px;\n}\n<\/style>\n<div  class='hr av-k8fr4wlz-d84e9f7fce7a00eddcce0be5ff922637 hr-invisible  avia-builder-el-7  el_after_av_one_half  el_before_av_heading '><span class='hr-inner '><span class=\"hr-inner-style\"><\/span><\/span><\/div>\n\n<style type=\"text\/css\" data-created_by=\"avia_inline_auto\" id=\"style-css-av-29f7x-7ec28f2304c59d843febb04138a73dd8\">\n#top .av-special-heading.av-29f7x-7ec28f2304c59d843febb04138a73dd8{\npadding-bottom:10px;\n}\nbody .av-special-heading.av-29f7x-7ec28f2304c59d843febb04138a73dd8 .av-special-heading-tag .heading-char{\nfont-size:25px;\n}\n.av-special-heading.av-29f7x-7ec28f2304c59d843febb04138a73dd8 .av-subheading{\nfont-size:15px;\n}\n<\/style>\n<div  class='av-special-heading av-29f7x-7ec28f2304c59d843febb04138a73dd8 av-special-heading-h2 blockquote modern-quote  avia-builder-el-8  el_after_av_hr  el_before_av_one_half  av-linked-heading'><h2 class='av-special-heading-tag '  itemprop=\"headline\"  >La Solana<\/h2><div class=\"special-heading-border\"><div class=\"special-heading-inner-border\"><\/div><\/div><\/div>\n\n<style type=\"text\/css\" data-created_by=\"avia_inline_auto\" id=\"style-css-av-2k2mp-da603a27b7c03f990254cfc21870b6af\">\n.flex_column.av-2k2mp-da603a27b7c03f990254cfc21870b6af{\nborder-radius:0px 0px 0px 0px;\npadding:0px 0px 0px 0px;\n}\n<\/style>\n<div  class='flex_column av-2k2mp-da603a27b7c03f990254cfc21870b6af av_one_half  avia-builder-el-9  el_after_av_heading  el_before_av_one_half  first flex_column_div av-zero-column-padding  '     ><section  class='av_textblock_section av-jr0w5t1u-e13443f4f7ab2e8854a3f02859a75b58 '   itemscope=\"itemscope\" itemtype=\"https:\/\/schema.org\/CreativeWork\" ><div class='avia_textblock'  itemprop=\"text\" ><div class=\"wpb_text_column wpb_content_element \">\n<div class=\"wpb_wrapper\">\n<p>L&rsquo;adret fait partie des Pyr\u00e9n\u00e9es axiales et d\u00e9limite la Cerdagne d&rsquo;ouest en nord-est, en diagonale. C&rsquo;est la partie de la r\u00e9gion la plus proche des Pyr\u00e9n\u00e9es fran\u00e7aises, \u00e9galement limitrophe d&rsquo;Andorre. La pr\u00e9sence abondante de pics est tout \u00e0 fait remarquable, c&rsquo;est la zone o\u00f9 se trouvent les hauteurs les plus importantes de la r\u00e9gion, comme le pic de Puigpedr\u00f3s (2914 m.), Le plus haut de la Cerdagne, o\u00f9 vous pouvez vous rendre \u00e0 travers l&rsquo;itin\u00e9raire touristique qui part de la ville de Meranges; le pic d&rsquo;Envalira (2825 m.); les sommets de Fontnegra (2877, 2830, 2788 m.), ou Tossa Plana de Lles (2905 m.), parmi tant d&rsquo;autres, c&rsquo;est pourquoi l&rsquo;alpinisme est l&rsquo;un des sports les plus populaires de la r\u00e9gion.<\/p>\n<p>L&rsquo;adret poss\u00e8de des zones \u00e9lev\u00e9es o\u00f9 pr\u00e9dominent la v\u00e9g\u00e9tation et la faune m\u00e9diterran\u00e9ennes. La pr\u00e9sence abondante de plantes m\u00e9dicinales et de grottes dans les formations calcaires est \u00e9galement l&rsquo;une des caract\u00e9ristiques de l&rsquo;adret. Les Tossals d&rsquo;Is\u00f2vol et Olopte sont \u00e9galement une zone prot\u00e9g\u00e9e d&rsquo;int\u00e9r\u00eat naturel (PEIN).<\/p>\n<\/div>\n<\/div>\n<div class=\"wpb_single_image wpb_content_element vc_align_center\"><\/div>\n<\/div><\/section><\/div>\n\n<style type=\"text\/css\" data-created_by=\"avia_inline_auto\" id=\"style-css-av-27dzt-19f83e83d7c7b401911ae7b66ea3cb87\">\n.flex_column.av-27dzt-19f83e83d7c7b401911ae7b66ea3cb87{\nborder-radius:0px 0px 0px 0px;\npadding:0px 0px 0px 0px;\n}\n<\/style>\n<div  class='flex_column av-27dzt-19f83e83d7c7b401911ae7b66ea3cb87 av_one_half  avia-builder-el-11  el_after_av_one_half  el_before_av_hr  flex_column_div av-zero-column-padding  '     ><style type=\"text\/css\" data-created_by=\"avia_inline_auto\" id=\"style-css-av-jr0woqfr-b14dc8a9fd717bd7a964d42a28309b63\">\n.avia-image-container.av-jr0woqfr-b14dc8a9fd717bd7a964d42a28309b63 img.avia_image{\nbox-shadow:none;\n}\n.avia-image-container.av-jr0woqfr-b14dc8a9fd717bd7a964d42a28309b63 .av-image-caption-overlay-center{\ncolor:#ffffff;\n}\n<\/style>\n<div  class='avia-image-container av-jr0woqfr-b14dc8a9fd717bd7a964d42a28309b63 av-styling- av-hover-grow avia-align-center  avia-builder-el-12  avia-builder-el-no-sibling '   itemprop=\"image\" itemscope=\"itemscope\" itemtype=\"https:\/\/schema.org\/ImageObject\" ><div class=\"avia-image-container-inner\"><div class=\"avia-image-overlay-wrap\"><img decoding=\"async\" fetchpriority=\"high\" class='wp-image-19814 avia-img-lazy-loading-not-19814 avia_image ' src=\"https:\/\/test393.ergatesweb7.ovh\/wp-content\/uploads\/2019\/05\/descobreix_natura_lasolana-1030x686.jpg\" alt='' title='descobreix_natura_lasolana'  height=\"686\" width=\"1030\"  itemprop=\"thumbnailUrl\" srcset=\"https:\/\/test393.ergatesweb7.ovh\/wp-content\/uploads\/2019\/05\/descobreix_natura_lasolana-1030x686.jpg 1030w, https:\/\/test393.ergatesweb7.ovh\/wp-content\/uploads\/2019\/05\/descobreix_natura_lasolana-300x200.jpg 300w, https:\/\/test393.ergatesweb7.ovh\/wp-content\/uploads\/2019\/05\/descobreix_natura_lasolana-768x511.jpg 768w, https:\/\/test393.ergatesweb7.ovh\/wp-content\/uploads\/2019\/05\/descobreix_natura_lasolana.jpg 1500w, https:\/\/test393.ergatesweb7.ovh\/wp-content\/uploads\/2019\/05\/descobreix_natura_lasolana-705x470.jpg 705w, https:\/\/test393.ergatesweb7.ovh\/wp-content\/uploads\/2019\/05\/descobreix_natura_lasolana-450x300.jpg 450w\" sizes=\"(max-width: 1030px) 100vw, 1030px\" \/><\/div><\/div><\/div><\/div>\n\n<style type=\"text\/css\" data-created_by=\"avia_inline_auto\" id=\"style-css-av-k8fr4wlz-d84e9f7fce7a00eddcce0be5ff922637\">\n#top .hr.hr-invisible.av-k8fr4wlz-d84e9f7fce7a00eddcce0be5ff922637{\nheight:20px;\n}\n<\/style>\n<div  class='hr av-k8fr4wlz-d84e9f7fce7a00eddcce0be5ff922637 hr-invisible  avia-builder-el-13  el_after_av_one_half  el_before_av_heading '><span class='hr-inner '><span class=\"hr-inner-style\"><\/span><\/span><\/div>\n\n<style type=\"text\/css\" data-created_by=\"avia_inline_auto\" id=\"style-css-av-1bjgt-cf3418472fd67ed7a11e4544a2cdb2c3\">\n#top .av-special-heading.av-1bjgt-cf3418472fd67ed7a11e4544a2cdb2c3{\npadding-bottom:10px;\n}\nbody .av-special-heading.av-1bjgt-cf3418472fd67ed7a11e4544a2cdb2c3 .av-special-heading-tag .heading-char{\nfont-size:25px;\n}\n.av-special-heading.av-1bjgt-cf3418472fd67ed7a11e4544a2cdb2c3 .av-subheading{\nfont-size:15px;\n}\n<\/style>\n<div  class='av-special-heading av-1bjgt-cf3418472fd67ed7a11e4544a2cdb2c3 av-special-heading-h2 blockquote modern-quote  avia-builder-el-14  el_after_av_hr  el_before_av_one_half  av-linked-heading'><h2 class='av-special-heading-tag '  itemprop=\"headline\"  >La Baga<\/h2><div class=\"special-heading-border\"><div class=\"special-heading-inner-border\"><\/div><\/div><\/div>\n\n<style type=\"text\/css\" data-created_by=\"avia_inline_auto\" id=\"style-css-av-19zix-7c33b1ba3fc8421ba98b29983c32faa7\">\n.flex_column.av-19zix-7c33b1ba3fc8421ba98b29983c32faa7{\nborder-radius:0px 0px 0px 0px;\npadding:0px 0px 0px 0px;\n}\n<\/style>\n<div  class='flex_column av-19zix-7c33b1ba3fc8421ba98b29983c32faa7 av_one_half  avia-builder-el-15  el_after_av_heading  el_before_av_one_half  first flex_column_div av-zero-column-padding  '     ><section  class='av_textblock_section av-jr0w5t1u-e13443f4f7ab2e8854a3f02859a75b58 '   itemscope=\"itemscope\" itemtype=\"https:\/\/schema.org\/CreativeWork\" ><div class='avia_textblock'  itemprop=\"text\" ><div class=\"wpb_text_column wpb_content_element \">\n<div class=\"wpb_wrapper\">\n<p>L&rsquo;Ubac est une confluence des Pyr\u00e9n\u00e9es axiales et des Pr\u00e9-Pyr\u00e9n\u00e9es dans la partie orientale, avec un certain nombre de sommets et de cha\u00eenes de montagnes, et dans la partie sud-ouest se trouve la grande cha\u00eene de montagnes Cad\u00ed-Moixer\u00f3. Une grande partie est le territoire du <a href=\"https:\/\/parcsnaturals.gencat.cat\/ca\/xarxa-de-parcs\/cadi\/inici\/\" target=\"_blank\" rel=\"noopener\">parc naturel du Cad\u00ed-Moixer\u00f3<\/a> , dans cette zone prot\u00e9g\u00e9e, nous pouvons trouver, en plus des beaut\u00e9s naturelles qui donnent l&rsquo;orographie accident\u00e9e, l&rsquo;eau et la v\u00e9g\u00e9tation, une s\u00e9rie de lieux d&rsquo;int\u00e9r\u00eat et attrait culturel et historique incontestable.<\/p>\n<p>L&rsquo;Ubac est \u00e9galement une zone id\u00e9ale pour les visites touristiques et les sentiers de randonn\u00e9e. Vous pouvez \u00e9galement faire de l&rsquo;alpinisme le long des principaux sommets, notamment le Puigmal \u00e0 2910 m. d&rsquo;altitude, la Tosa d&rsquo;Alp (2536 m.), les Penyes Altes del Moixer\u00f3 (2276 m.), ou des endroits aussi beaux que le Prat de Cad\u00ed.<\/p>\n<\/div>\n<\/div>\n<div class=\"wpb_single_image wpb_content_element vc_align_center\"><\/div>\n<\/div><\/section><\/div>\n\n<style type=\"text\/css\" data-created_by=\"avia_inline_auto\" id=\"style-css-av-yde5-386c320c37abb47a45bcd5bec09706e0\">\n.flex_column.av-yde5-386c320c37abb47a45bcd5bec09706e0{\nborder-radius:0px 0px 0px 0px;\npadding:0px 0px 0px 0px;\n}\n<\/style>\n<div  class='flex_column av-yde5-386c320c37abb47a45bcd5bec09706e0 av_one_half  avia-builder-el-17  el_after_av_one_half  el_before_av_one_full  flex_column_div av-zero-column-padding  '     ><style type=\"text\/css\" data-created_by=\"avia_inline_auto\" id=\"style-css-av-jr0woqfr-23cec6e88e59c7efc9bed0d88e86ddae\">\n.avia-image-container.av-jr0woqfr-23cec6e88e59c7efc9bed0d88e86ddae img.avia_image{\nbox-shadow:none;\n}\n.avia-image-container.av-jr0woqfr-23cec6e88e59c7efc9bed0d88e86ddae .av-image-caption-overlay-center{\ncolor:#ffffff;\n}\n<\/style>\n<div  class='avia-image-container av-jr0woqfr-23cec6e88e59c7efc9bed0d88e86ddae av-styling- av-hover-grow avia-align-center  avia-builder-el-18  avia-builder-el-no-sibling '   itemprop=\"image\" itemscope=\"itemscope\" itemtype=\"https:\/\/schema.org\/ImageObject\" ><div class=\"avia-image-container-inner\"><div class=\"avia-image-overlay-wrap\"><img decoding=\"async\" fetchpriority=\"high\" class='wp-image-19810 avia-img-lazy-loading-not-19810 avia_image ' src=\"https:\/\/test393.ergatesweb7.ovh\/wp-content\/uploads\/2019\/05\/descobreix_natura_labaga-1030x687.jpg\" alt='' title='descobreix_natura_labaga'  height=\"687\" width=\"1030\"  itemprop=\"thumbnailUrl\" srcset=\"https:\/\/test393.ergatesweb7.ovh\/wp-content\/uploads\/2019\/05\/descobreix_natura_labaga-1030x687.jpg 1030w, https:\/\/test393.ergatesweb7.ovh\/wp-content\/uploads\/2019\/05\/descobreix_natura_labaga-300x200.jpg 300w, https:\/\/test393.ergatesweb7.ovh\/wp-content\/uploads\/2019\/05\/descobreix_natura_labaga-768x512.jpg 768w, https:\/\/test393.ergatesweb7.ovh\/wp-content\/uploads\/2019\/05\/descobreix_natura_labaga.jpg 1500w, https:\/\/test393.ergatesweb7.ovh\/wp-content\/uploads\/2019\/05\/descobreix_natura_labaga-705x470.jpg 705w, https:\/\/test393.ergatesweb7.ovh\/wp-content\/uploads\/2019\/05\/descobreix_natura_labaga-450x300.jpg 450w\" sizes=\"(max-width: 1030px) 100vw, 1030px\" \/><\/div><\/div><\/div><\/div>\n\n<style type=\"text\/css\" data-created_by=\"avia_inline_auto\" id=\"style-css-av-ql59-7d971edfd3f4267151c626a4db94da4e\">\n.flex_column.av-ql59-7d971edfd3f4267151c626a4db94da4e{\nborder-radius:0px 0px 0px 0px;\npadding:0px 0px 0px 0px;\n}\n<\/style>\n<div  class='flex_column av-ql59-7d971edfd3f4267151c626a4db94da4e av_one_full  avia-builder-el-19  el_after_av_one_half  avia-builder-el-last  first flex_column_div av-zero-column-padding  column-top-margin'     ><div  class='av_promobox av-kyx3k932-801aed0bb6121f092585f87aaf02bf65 avia-button-yes  avia-builder-el-20  avia-builder-el-no-sibling '><div class='avia-promocontent'><p>\nVoulez-vous profiter au maximum de la splendide nature de la Cerdagne ?<\/p>\n<\/div><div  class='avia-button-wrap av-kyx3k932-27a7d696da85a8220ac76f11b102c3f5-wrap avia-button-right '><a href='https:\/\/www.cerdanya.org\/fr\/que-faire\/itineraires\/'  class='avia-button av-kyx3k932-27a7d696da85a8220ac76f11b102c3f5 av-link-btn avia-icon_select-no avia-size-large avia-position-right avia-color-theme-color'   aria-label=\"Cliquez ici\"><span class='avia_iconbox_title' >Cliquez ici<\/span><\/a><\/div><\/div><\/div>\n","protected":false},"excerpt":{"rendered":"","protected":false},"author":1,"featured_media":19806,"parent":30987,"menu_order":20,"comment_status":"closed","ping_status":"closed","template":"","meta":{"footnotes":""},"class_list":["post-30971","page","type-page","status-publish","has-post-thumbnail","hentry"],"_links":{"self":[{"href":"https:\/\/test393.ergatesweb7.ovh\/fr\/wp-json\/wp\/v2\/pages\/30971"}],"collection":[{"href":"https:\/\/test393.ergatesweb7.ovh\/fr\/wp-json\/wp\/v2\/pages"}],"about":[{"href":"https:\/\/test393.ergatesweb7.ovh\/fr\/wp-json\/wp\/v2\/types\/page"}],"author":[{"embeddable":true,"href":"https:\/\/test393.ergatesweb7.ovh\/fr\/wp-json\/wp\/v2\/users\/1"}],"replies":[{"embeddable":true,"href":"https:\/\/test393.ergatesweb7.ovh\/fr\/wp-json\/wp\/v2\/comments?post=30971"}],"version-history":[{"count":6,"href":"https:\/\/test393.ergatesweb7.ovh\/fr\/wp-json\/wp\/v2\/pages\/30971\/revisions"}],"predecessor-version":[{"id":43376,"href":"https:\/\/test393.ergatesweb7.ovh\/fr\/wp-json\/wp\/v2\/pages\/30971\/revisions\/43376"}],"up":[{"embeddable":true,"href":"https:\/\/test393.ergatesweb7.ovh\/fr\/wp-json\/wp\/v2\/pages\/30987"}],"wp:featuredmedia":[{"embeddable":true,"href":"https:\/\/test393.ergatesweb7.ovh\/fr\/wp-json\/wp\/v2\/media\/19806"}],"wp:attachment":[{"href":"https:\/\/test393.ergatesweb7.ovh\/fr\/wp-json\/wp\/v2\/media?parent=30971"}],"curies":[{"name":"wp","href":"https:\/\/api.w.org\/{rel}","templated":true}]}}