{"id":30966,"date":"2022-04-13T19:10:17","date_gmt":"2022-04-13T17:10:17","guid":{"rendered":"https:\/\/www.cerdanya.org\/culture\/"},"modified":"2022-04-28T13:55:19","modified_gmt":"2022-04-28T11:55:19","slug":"culture","status":"publish","type":"page","link":"https:\/\/test393.ergatesweb7.ovh\/fr\/decouvrir\/culture\/","title":{"rendered":"Culture"},"content":{"rendered":"\n<style type=\"text\/css\" data-created_by=\"avia_inline_auto\" id=\"style-css-av-15452-8535d1df0baea41400abb25cc9c2b350\">\n.flex_column.av-15452-8535d1df0baea41400abb25cc9c2b350{\nborder-radius:0px 0px 0px 0px;\npadding:0px 0px 0px 0px;\n}\n<\/style>\n<div  class='flex_column av-15452-8535d1df0baea41400abb25cc9c2b350 av_one_full  avia-builder-el-0  el_before_av_one_full  avia-builder-el-first  first flex_column_div av-zero-column-padding  '     ><section  class='av_textblock_section av-jvmbsvsj-96e1fc2d9bb9a039d5dd10e6bcf0bd10 '   itemscope=\"itemscope\" itemtype=\"https:\/\/schema.org\/CreativeWork\" ><div class='avia_textblock'  itemprop=\"text\" ><blockquote>\n<p>L&rsquo;histoire riche et intense de la Cerdagne a dot\u00e9 la r\u00e9gion d&rsquo;un riche patrimoine culturel, dont l&rsquo;exemple le plus important est l&rsquo;architecture religieuse romane, repr\u00e9sent\u00e9e dans presque tous les lieux, mais met \u00e9galement en \u00e9vidence un riche patrimoine culturel et ethnographique qui est donn\u00e9 par un territoire unique qui au fil des ans lui a donn\u00e9 sa propre identit\u00e9 et des valeurs qui sont repr\u00e9sent\u00e9es dans toute la r\u00e9gion.<\/p>\n<\/blockquote>\n<\/div><\/section><\/div>\n<style type=\"text\/css\" data-created_by=\"avia_inline_auto\" id=\"style-css-av-x8hy-019c27a6ab049982f3228e233481d3d4\">\n.flex_column.av-x8hy-019c27a6ab049982f3228e233481d3d4{\nborder-radius:0px 0px 0px 0px;\npadding:0px 0px 0px 0px;\n}\n<\/style>\n<div  class='flex_column av-x8hy-019c27a6ab049982f3228e233481d3d4 av_one_full  avia-builder-el-2  el_after_av_one_full  avia-builder-el-last  first flex_column_div av-zero-column-padding  column-top-margin'     ><\/div><\/p>\n","protected":false},"excerpt":{"rendered":"","protected":false},"author":1,"featured_media":19802,"parent":30987,"menu_order":30,"comment_status":"closed","ping_status":"closed","template":"","meta":{"footnotes":""},"class_list":["post-30966","page","type-page","status-publish","has-post-thumbnail","hentry"],"_links":{"self":[{"href":"https:\/\/test393.ergatesweb7.ovh\/fr\/wp-json\/wp\/v2\/pages\/30966","targetHints":{"allow":["GET"]}}],"collection":[{"href":"https:\/\/test393.ergatesweb7.ovh\/fr\/wp-json\/wp\/v2\/pages"}],"about":[{"href":"https:\/\/test393.ergatesweb7.ovh\/fr\/wp-json\/wp\/v2\/types\/page"}],"author":[{"embeddable":true,"href":"https:\/\/test393.ergatesweb7.ovh\/fr\/wp-json\/wp\/v2\/users\/1"}],"replies":[{"embeddable":true,"href":"https:\/\/test393.ergatesweb7.ovh\/fr\/wp-json\/wp\/v2\/comments?post=30966"}],"version-history":[{"count":3,"href":"https:\/\/test393.ergatesweb7.ovh\/fr\/wp-json\/wp\/v2\/pages\/30966\/revisions"}],"predecessor-version":[{"id":32617,"href":"https:\/\/test393.ergatesweb7.ovh\/fr\/wp-json\/wp\/v2\/pages\/30966\/revisions\/32617"}],"up":[{"embeddable":true,"href":"https:\/\/test393.ergatesweb7.ovh\/fr\/wp-json\/wp\/v2\/pages\/30987"}],"wp:featuredmedia":[{"embeddable":true,"href":"https:\/\/test393.ergatesweb7.ovh\/fr\/wp-json\/wp\/v2\/media\/19802"}],"wp:attachment":[{"href":"https:\/\/test393.ergatesweb7.ovh\/fr\/wp-json\/wp\/v2\/media?parent=30966"}],"curies":[{"name":"wp","href":"https:\/\/api.w.org\/{rel}","templated":true}]}}