{"id":30955,"date":"2022-04-13T18:41:39","date_gmt":"2022-04-13T16:41:39","guid":{"rendered":"https:\/\/www.cerdanya.org\/fetes-et-traditions\/"},"modified":"2022-04-28T13:41:30","modified_gmt":"2022-04-28T11:41:30","slug":"fetes-et-traditions","status":"publish","type":"page","link":"https:\/\/test393.ergatesweb7.ovh\/fr\/decouvrir\/culture\/fetes-et-traditions\/","title":{"rendered":"F\u00eates et traditions"},"content":{"rendered":"\n<style type=\"text\/css\" data-created_by=\"avia_inline_auto\" id=\"style-css-av-1jz6d-7fbb87508e438e6a7f3633735b2e355c\">\n.flex_column.av-1jz6d-7fbb87508e438e6a7f3633735b2e355c{\nborder-radius:0px 0px 0px 0px;\npadding:0px 0px 0px 0px;\n}\n<\/style>\n<div  class='flex_column av-1jz6d-7fbb87508e438e6a7f3633735b2e355c av_one_full  avia-builder-el-0  el_before_av_two_third  avia-builder-el-first  first flex_column_div av-zero-column-padding  '     ><section  class='av_textblock_section av-k7q3q5qc-6d13f86b16fa6c1a9e2b8f0894241733 '   itemscope=\"itemscope\" itemtype=\"https:\/\/schema.org\/CreativeWork\" ><div class='avia_textblock'  itemprop=\"text\" ><blockquote>\n<p>La Cerdagne est synonyme de tradition et de f\u00eates populaires. De nombreuses villes de la g\u00e9ographie de la Cerdagne ont transform\u00e9 la c\u00e9l\u00e9bration de la fin des r\u00e9coltes en leur Festa Major, l&rsquo;un des \u00e9v\u00e9nements les plus importants de l&rsquo;ann\u00e9e qui rassemble tous ses habitants. La vall\u00e9e accueille \u00e9galement ann\u00e9e apr\u00e8s ann\u00e9e des danses et des rites folkloriques ancestraux qui r\u00e9jouissent et ajoutent de la couleur aux rues de toutes les villes et villages.<\/p>\n<\/blockquote>\n<\/div><\/section><\/div>\n<style type=\"text\/css\" data-created_by=\"avia_inline_auto\" id=\"style-css-av-1jz6d-7fbb87508e438e6a7f3633735b2e355c\">\n.flex_column.av-1jz6d-7fbb87508e438e6a7f3633735b2e355c{\nborder-radius:0px 0px 0px 0px;\npadding:0px 0px 0px 0px;\n}\n<\/style>\n<div  class='flex_column av-1jz6d-7fbb87508e438e6a7f3633735b2e355c av_two_third  avia-builder-el-2  el_after_av_one_full  el_before_av_one_third  first flex_column_div av-zero-column-padding  column-top-margin'     ><p><section  class='av_textblock_section av-k7q3q5qc-6d13f86b16fa6c1a9e2b8f0894241733 '   itemscope=\"itemscope\" itemtype=\"https:\/\/schema.org\/CreativeWork\" ><div class='avia_textblock'  itemprop=\"text\" ><p>Les activit\u00e9s, cependant, ne s&rsquo;arr\u00eatent pas l\u00e0, car la r\u00e9gion accueille \u00e9galement de nombreux cycles de concerts de musique classique (\u00e0 Bellver, Ll\u00edvia, Puigcerd\u00e0, Ix &#8230;); des rencontres d&rsquo;accord\u00e9onistes, la Festa de l&rsquo;Estany \u00e0 Puigcerd\u00e0, des rassemblements non religieux \u00e0 Fontanera ou Vilallobent, des rencontres et festivals gastronomiques, tels que : la Festa del Trinxat \u00e0 Puigcerd\u00e0, la Festa del Nap a Ger, \u00ab\u00a0Dijous Gras\u00a0\u00bb \u00e0 Prullans avec la traditionnelle omelette \u00e0 la charcuterie et les foires annuelles comme la Fira de Sant Lloren\u00e7 de Bellver, les foires aux bestiaux comme la foire aux chevaux de Puigcerd\u00e0 et les foires sportives, entre autres. Des f\u00eates qui donnent authenticit\u00e9 et tradition \u00e0 la r\u00e9gion.<\/p>\n<p>Dans l&rsquo;agenda de notre site internet, vous trouverez toutes les soir\u00e9es, concerts, comp\u00e9titions sportives, rassemblements, concerts&#8230;<\/p>\n<\/div><\/section><br \/>\n<div  class='avia-button-wrap av-k7q3r0sg-2422a5b96e5fac628de7ed7dfbac940a-wrap avia-button-center  avia-builder-el-4  el_after_av_textblock  avia-builder-el-last '><a href='\/events'  class='avia-button av-k7q3r0sg-2422a5b96e5fac628de7ed7dfbac940a av-link-btn avia-icon_select-yes-left-icon avia-size-x-large avia-position-center avia-color-theme-color'   aria-label=\"Agenda de la Cerdagne\"><span class='avia_button_icon avia_button_icon_left avia-iconfont avia-font-entypo-fontello' data-av_icon='\ue85b' data-av_iconfont='entypo-fontello' ><\/span><span class='avia_iconbox_title' >Agenda de la Cerdagne<\/span><\/a><\/div><\/p><\/div>\n<style type=\"text\/css\" data-created_by=\"avia_inline_auto\" id=\"style-css-av-12oex-514ab8cc7d720601638b0a8bfccc9e6b\">\n.flex_column.av-12oex-514ab8cc7d720601638b0a8bfccc9e6b{\nborder-radius:0px 0px 0px 0px;\npadding:0px 0px 0px 0px;\n}\n<\/style>\n<div  class='flex_column av-12oex-514ab8cc7d720601638b0a8bfccc9e6b av_one_third  avia-builder-el-5  el_after_av_two_third  avia-builder-el-last  flex_column_div av-zero-column-padding  column-top-margin'     ><style type=\"text\/css\" data-created_by=\"avia_inline_auto\" id=\"style-css-av-k7zzi4av-d230f79dc3c76252cdb1c604fddafa19\">\n.avia-image-container.av-k7zzi4av-d230f79dc3c76252cdb1c604fddafa19 img.avia_image{\nbox-shadow:none;\n}\n.avia-image-container.av-k7zzi4av-d230f79dc3c76252cdb1c604fddafa19 .av-image-caption-overlay-center{\ncolor:#ffffff;\n}\n<\/style>\n<div  class='avia-image-container av-k7zzi4av-d230f79dc3c76252cdb1c604fddafa19 av-styling- avia-align-center  avia-builder-el-6  avia-builder-el-no-sibling '   itemprop=\"image\" itemscope=\"itemscope\" itemtype=\"https:\/\/schema.org\/ImageObject\" ><div class=\"avia-image-container-inner\"><div class=\"avia-image-overlay-wrap\"><img decoding=\"async\" fetchpriority=\"high\" class='wp-image-19986 avia-img-lazy-loading-not-19986 avia_image ' src=\"https:\/\/test393.ergatesweb7.ovh\/wp-content\/uploads\/2020\/03\/foto_festesitradicions-1030x680.jpg\" alt='' title='foto_festesitradicions'  height=\"680\" width=\"1030\"  itemprop=\"thumbnailUrl\" srcset=\"https:\/\/test393.ergatesweb7.ovh\/wp-content\/uploads\/2020\/03\/foto_festesitradicions-1030x680.jpg 1030w, https:\/\/test393.ergatesweb7.ovh\/wp-content\/uploads\/2020\/03\/foto_festesitradicions-300x198.jpg 300w, https:\/\/test393.ergatesweb7.ovh\/wp-content\/uploads\/2020\/03\/foto_festesitradicions-768x507.jpg 768w, https:\/\/test393.ergatesweb7.ovh\/wp-content\/uploads\/2020\/03\/foto_festesitradicions-705x465.jpg 705w, https:\/\/test393.ergatesweb7.ovh\/wp-content\/uploads\/2020\/03\/foto_festesitradicions.jpg 1500w\" sizes=\"(max-width: 1030px) 100vw, 1030px\" \/><\/div><\/div><\/div><\/div><\/p>\n","protected":false},"excerpt":{"rendered":"","protected":false},"author":1,"featured_media":19816,"parent":30966,"menu_order":30,"comment_status":"closed","ping_status":"closed","template":"","meta":{"footnotes":""},"class_list":["post-30955","page","type-page","status-publish","has-post-thumbnail","hentry"],"_links":{"self":[{"href":"https:\/\/test393.ergatesweb7.ovh\/fr\/wp-json\/wp\/v2\/pages\/30955","targetHints":{"allow":["GET"]}}],"collection":[{"href":"https:\/\/test393.ergatesweb7.ovh\/fr\/wp-json\/wp\/v2\/pages"}],"about":[{"href":"https:\/\/test393.ergatesweb7.ovh\/fr\/wp-json\/wp\/v2\/types\/page"}],"author":[{"embeddable":true,"href":"https:\/\/test393.ergatesweb7.ovh\/fr\/wp-json\/wp\/v2\/users\/1"}],"replies":[{"embeddable":true,"href":"https:\/\/test393.ergatesweb7.ovh\/fr\/wp-json\/wp\/v2\/comments?post=30955"}],"version-history":[{"count":2,"href":"https:\/\/test393.ergatesweb7.ovh\/fr\/wp-json\/wp\/v2\/pages\/30955\/revisions"}],"predecessor-version":[{"id":32704,"href":"https:\/\/test393.ergatesweb7.ovh\/fr\/wp-json\/wp\/v2\/pages\/30955\/revisions\/32704"}],"up":[{"embeddable":true,"href":"https:\/\/test393.ergatesweb7.ovh\/fr\/wp-json\/wp\/v2\/pages\/30966"}],"wp:featuredmedia":[{"embeddable":true,"href":"https:\/\/test393.ergatesweb7.ovh\/fr\/wp-json\/wp\/v2\/media\/19816"}],"wp:attachment":[{"href":"https:\/\/test393.ergatesweb7.ovh\/fr\/wp-json\/wp\/v2\/media?parent=30955"}],"curies":[{"name":"wp","href":"https:\/\/api.w.org\/{rel}","templated":true}]}}