{"id":30953,"date":"2022-04-13T18:38:30","date_gmt":"2022-04-13T16:38:30","guid":{"rendered":"https:\/\/www.cerdanya.org\/que-faire\/"},"modified":"2022-04-28T23:13:42","modified_gmt":"2022-04-28T21:13:42","slug":"que-faire","status":"publish","type":"page","link":"https:\/\/test393.ergatesweb7.ovh\/fr\/que-faire\/","title":{"rendered":"Que faire?"},"content":{"rendered":"<section  class='av_textblock_section av-jvmcbluj-874cabc474c5a54f3798c3e725d99870 '   itemscope=\"itemscope\" itemtype=\"https:\/\/schema.org\/CreativeWork\" ><div class='avia_textblock'  itemprop=\"text\" ><blockquote>\n<p>Tout au long de l&rsquo;ann\u00e9e, la r\u00e9gion de la Cerdagne est le cadre id\u00e9al pour toutes sortes d&rsquo;activit\u00e9s de loisirs, pour tous les \u00e2ges, en plein air. 365 jours par an, la vall\u00e9e est une bonne destination touristique pour profiter de la nature et se d\u00e9connecter du bruit et de la circulation de la ville.<\/p>\n<p>Au printemps comme en \u00e9t\u00e9, la r\u00e9gion est l&rsquo;endroit id\u00e9al pour les activit\u00e9s de plein air dans un environnement naturel unique. La randonn\u00e9e et le v\u00e9lo se distinguent, activit\u00e9s qui nous permettent de d\u00e9couvrir les plus beaux endroits de la r\u00e9gion. A noter \u00e9galement d&rsquo;autres types d&rsquo;activit\u00e9s de tourisme actif et sportif telles que le golf, l&rsquo;\u00e9quitation, les activit\u00e9s de ski &#8230;.<\/p>\n<p>D\u00e9j\u00e0 dans les mois d&rsquo;automne, les champignons deviennent les protagonistes de la vall\u00e9e. La diversit\u00e9 fongique comprend environ 1 500 esp\u00e8ces, principalement subalpines de for\u00eat et de prairie, de printemps ou d&rsquo;automne.<\/p>\n<p>En hiver, c&rsquo;est un rendez-vous incontournable pour les amoureux de la neige dans la r\u00e9gion qui compte au total 5 stations de ski (deux de ski alpin et trois de ski nordique), o\u00f9 petits et grands pourront profiter des pistes dans un cadre unique. Ils peuvent \u00e9galement profiter du paysage hivernal en raquettes ou en ski de randonn\u00e9e.<\/p>\n<p>Mais l&rsquo;offre ludique ne s&rsquo;arr\u00eate pas l\u00e0. Au cours de l&rsquo;ann\u00e9e, vous pourrez d\u00e9couvrir la Cerdagne de pr\u00e8s, conna\u00eetre son histoire, visiter ses mus\u00e9es, d\u00e9couvrir les b\u00e2timents les plus embl\u00e9matiques et \u00eatre en contact avec la nature, la vall\u00e9e et les paysages sans fin qui \u00e9merveillent les visiteurs.<\/p>\n<\/blockquote>\n<\/div><\/section>\n\n<style type=\"text\/css\" data-created_by=\"avia_inline_auto\" id=\"style-css-av-6o8ab-10b773f26e10314270678d431c8eedac\">\n.flex_column.av-6o8ab-10b773f26e10314270678d431c8eedac{\nborder-radius:0px 0px 0px 0px;\npadding:0px 0px 0px 0px;\n}\n<\/style>\n<div  class='flex_column av-6o8ab-10b773f26e10314270678d431c8eedac av_one_full  avia-builder-el-1  el_after_av_textblock  avia-builder-el-last  first flex_column_div av-zero-column-padding  column-top-margin'     ><\/div>\n","protected":false},"excerpt":{"rendered":"","protected":false},"author":3,"featured_media":19916,"parent":0,"menu_order":0,"comment_status":"closed","ping_status":"closed","template":"","meta":{"footnotes":""},"class_list":["post-30953","page","type-page","status-publish","has-post-thumbnail","hentry"],"_links":{"self":[{"href":"https:\/\/test393.ergatesweb7.ovh\/fr\/wp-json\/wp\/v2\/pages\/30953"}],"collection":[{"href":"https:\/\/test393.ergatesweb7.ovh\/fr\/wp-json\/wp\/v2\/pages"}],"about":[{"href":"https:\/\/test393.ergatesweb7.ovh\/fr\/wp-json\/wp\/v2\/types\/page"}],"author":[{"embeddable":true,"href":"https:\/\/test393.ergatesweb7.ovh\/fr\/wp-json\/wp\/v2\/users\/3"}],"replies":[{"embeddable":true,"href":"https:\/\/test393.ergatesweb7.ovh\/fr\/wp-json\/wp\/v2\/comments?post=30953"}],"version-history":[{"count":10,"href":"https:\/\/test393.ergatesweb7.ovh\/fr\/wp-json\/wp\/v2\/pages\/30953\/revisions"}],"predecessor-version":[{"id":33319,"href":"https:\/\/test393.ergatesweb7.ovh\/fr\/wp-json\/wp\/v2\/pages\/30953\/revisions\/33319"}],"wp:featuredmedia":[{"embeddable":true,"href":"https:\/\/test393.ergatesweb7.ovh\/fr\/wp-json\/wp\/v2\/media\/19916"}],"wp:attachment":[{"href":"https:\/\/test393.ergatesweb7.ovh\/fr\/wp-json\/wp\/v2\/media?parent=30953"}],"curies":[{"name":"wp","href":"https:\/\/api.w.org\/{rel}","templated":true}]}}