{"id":30949,"date":"2022-04-13T18:35:43","date_gmt":"2022-04-13T16:35:43","guid":{"rendered":"https:\/\/www.cerdanya.org\/activites-avec-les-enfants\/"},"modified":"2022-04-28T21:34:40","modified_gmt":"2022-04-28T19:34:40","slug":"activites-avec-les-enfants","status":"publish","type":"page","link":"https:\/\/test393.ergatesweb7.ovh\/fr\/que-faire\/activites-avec-les-enfants\/","title":{"rendered":"Activit\u00e9s avec les enfants"},"content":{"rendered":"\n<style type=\"text\/css\" data-created_by=\"avia_inline_auto\" id=\"style-css-av-8wl1a-105a37f589e1803c8793fc637f65ad67\">\n.flex_column.av-8wl1a-105a37f589e1803c8793fc637f65ad67{\nborder-radius:0px 0px 0px 0px;\npadding:0px 0px 0px 0px;\n}\n<\/style>\n<div  class='flex_column av-8wl1a-105a37f589e1803c8793fc637f65ad67 av_one_full  avia-builder-el-0  el_before_av_one_full  avia-builder-el-first  first flex_column_div av-zero-column-padding  '     ><section  class='av_textblock_section av-jvmcec1m-9c3377778631c34ba4276bccbb538222 '   itemscope=\"itemscope\" itemtype=\"https:\/\/schema.org\/CreativeWork\" ><div class='avia_textblock'  itemprop=\"text\" ><blockquote>\n<p>La Cerdagne est une destination id\u00e9ale pour les activit\u00e9s avec les enfants toute l&rsquo;ann\u00e9e. Que ce soit pour profiter de la nature et des paysages qui nous entourent ainsi que des installations int\u00e9rieures, dans la r\u00e9gion, nous avons un large \u00e9ventail d&rsquo;activit\u00e9s, dont toute la famille pourra profiter. Vous trouverez ci-dessous de nombreuses options parmi lesquelles choisir.<\/p>\n<\/blockquote>\n<\/div><\/section><\/div>\n<style type=\"text\/css\" data-created_by=\"avia_inline_auto\" id=\"style-css-av-agwta-948db48e29439e8610ae6af7aee4afa7\">\n.flex_column.av-agwta-948db48e29439e8610ae6af7aee4afa7{\nborder-radius:0px 0px 0px 0px;\npadding:0px 0px 0px 0px;\n}\n<\/style>\n<div  class='flex_column av-agwta-948db48e29439e8610ae6af7aee4afa7 av_one_full  avia-builder-el-2  el_after_av_one_full  avia-builder-el-last  first flex_column_div av-zero-column-padding  column-top-margin'     ><\/div><\/p>\n","protected":false},"excerpt":{"rendered":"","protected":false},"author":3,"featured_media":19830,"parent":30953,"menu_order":0,"comment_status":"closed","ping_status":"closed","template":"","meta":{"footnotes":""},"class_list":["post-30949","page","type-page","status-publish","has-post-thumbnail","hentry"],"_links":{"self":[{"href":"https:\/\/test393.ergatesweb7.ovh\/fr\/wp-json\/wp\/v2\/pages\/30949"}],"collection":[{"href":"https:\/\/test393.ergatesweb7.ovh\/fr\/wp-json\/wp\/v2\/pages"}],"about":[{"href":"https:\/\/test393.ergatesweb7.ovh\/fr\/wp-json\/wp\/v2\/types\/page"}],"author":[{"embeddable":true,"href":"https:\/\/test393.ergatesweb7.ovh\/fr\/wp-json\/wp\/v2\/users\/3"}],"replies":[{"embeddable":true,"href":"https:\/\/test393.ergatesweb7.ovh\/fr\/wp-json\/wp\/v2\/comments?post=30949"}],"version-history":[{"count":4,"href":"https:\/\/test393.ergatesweb7.ovh\/fr\/wp-json\/wp\/v2\/pages\/30949\/revisions"}],"predecessor-version":[{"id":33337,"href":"https:\/\/test393.ergatesweb7.ovh\/fr\/wp-json\/wp\/v2\/pages\/30949\/revisions\/33337"}],"up":[{"embeddable":true,"href":"https:\/\/test393.ergatesweb7.ovh\/fr\/wp-json\/wp\/v2\/pages\/30953"}],"wp:featuredmedia":[{"embeddable":true,"href":"https:\/\/test393.ergatesweb7.ovh\/fr\/wp-json\/wp\/v2\/media\/19830"}],"wp:attachment":[{"href":"https:\/\/test393.ergatesweb7.ovh\/fr\/wp-json\/wp\/v2\/media?parent=30949"}],"curies":[{"name":"wp","href":"https:\/\/api.w.org\/{rel}","templated":true}]}}