{"id":30941,"date":"2022-04-13T17:58:19","date_gmt":"2022-04-13T15:58:19","guid":{"rendered":"https:\/\/www.cerdanya.org\/restaurants\/"},"modified":"2022-04-28T14:00:53","modified_gmt":"2022-04-28T12:00:53","slug":"restaurants","status":"publish","type":"page","link":"https:\/\/test393.ergatesweb7.ovh\/fr\/gastronomie\/restaurants\/","title":{"rendered":"Restaurants"},"content":{"rendered":"\n<style type=\"text\/css\" data-created_by=\"avia_inline_auto\" id=\"style-css-av-8c2ma-8ad0d8120ff1559a1d76287d0e43a3cd\">\n.flex_column.av-8c2ma-8ad0d8120ff1559a1d76287d0e43a3cd{\nborder-radius:0px 0px 0px 0px;\npadding:0px 0px 0px 0px;\n}\n<\/style>\n<div  class='flex_column av-8c2ma-8ad0d8120ff1559a1d76287d0e43a3cd av_one_full  avia-builder-el-0  el_before_av_hr  avia-builder-el-first  first flex_column_div av-zero-column-padding  '     ><section  class='av_textblock_section av-jvc83ke5-1d10095623bb17950ee30e7bf3fbb427 '   itemscope=\"itemscope\" itemtype=\"https:\/\/schema.org\/CreativeWork\" ><div class='avia_textblock'  itemprop=\"text\" ><blockquote>\n<p>Les restaurants de la r\u00e9gion pr\u00e9parent diff\u00e9rentes cuisines pour satisfaire la grande vari\u00e9t\u00e9 de go\u00fbts de tous les visiteurs et proposent des plats allant de la haute cuisine \u00e0 des menus populaires simples mais exquis et cuisin\u00e9s avec professionnalisme, soin et d\u00e9vouement. Nous avons \u00e9galement des associations telles que la <a href=\"http:\/\/cuinapirinenca.cat\/\" target=\"_blank\" rel=\"noopener\">Cuisine Pyr\u00e9n\u00e9enne de Cerdagne<\/a> , l&rsquo;Association des Bars et Restaurants de Cerdagne et l&rsquo; <a href=\"https:\/\/origencerdanya.cat\/index.php\" target=\"_blank\" rel=\"noopener\">Association Agroalimentaire de Cerdagne<\/a> qui travaillent sans rel\u00e2che pour faire conna\u00eetre \u00e0 tous ceux qui nous visitent la riche gastronomie de Cerdagne.<\/p>\n<p>Dans la liste suivante, vous trouverez les restaurants de toute la Cerdagne.<\/p>\n<\/blockquote>\n<\/div><\/section><\/div>\n<style type=\"text\/css\" data-created_by=\"avia_inline_auto\" id=\"style-css-av-k9jsilbx-da0a7ecb83386b8c185ec7a391b22d8e\">\n#top .hr.hr-invisible.av-k9jsilbx-da0a7ecb83386b8c185ec7a391b22d8e{\nheight:10px;\n}\n<\/style>\n<div  class='hr av-k9jsilbx-da0a7ecb83386b8c185ec7a391b22d8e hr-invisible  avia-builder-el-2  el_after_av_one_full  el_before_av_codeblock '><span class='hr-inner '><span class=\"hr-inner-style\"><\/span><\/span><\/div><\/p>\n\n\n<style type=\"text\/css\" data-created_by=\"avia_inline_auto\" id=\"style-css-av-k9jsilbx-da0a7ecb83386b8c185ec7a391b22d8e\">\n#top .hr.hr-invisible.av-k9jsilbx-da0a7ecb83386b8c185ec7a391b22d8e{\nheight:10px;\n}\n<\/style>\n<div  class='hr av-k9jsilbx-da0a7ecb83386b8c185ec7a391b22d8e hr-invisible  avia-builder-el-4  el_after_av_codeblock  el_before_av_section  avia-builder-el-last '><span class='hr-inner '><span class=\"hr-inner-style\"><\/span><\/span><\/div>\n<\/div><\/div><\/div><!-- close content main div --><\/div><\/div><div id='av_section_1'  class='avia-section av-6vk6q-7a40621402490041bfcf764786ffa843 main_color avia-section-default avia-no-border-styling  avia-builder-el-5  el_after_av_hr  avia-builder-el-last  avia-bg-style-scroll container_wrap fullsize'  ><div class='container av-section-cont-open' ><div class='template-page content  av-content-full alpha units'><div class='post-entry post-entry-type-page post-entry-30941'><div class='entry-content-wrapper clearfix'>\n\n<style type=\"text\/css\" data-created_by=\"avia_inline_auto\" id=\"style-css-av-2hpeym-6d4e357229310061560ce3fbb53e57ed\">\n.flex_column.av-2hpeym-6d4e357229310061560ce3fbb53e57ed{\nborder-radius:0px 0px 0px 0px;\npadding:0px 0px 0px 0px;\n}\n<\/style>\n<div  class='flex_column av-2hpeym-6d4e357229310061560ce3fbb53e57ed av_one_fourth  avia-builder-el-6  el_before_av_one_half  avia-builder-el-first  first flex_column_div av-zero-column-padding  '     ><\/div>\n<style type=\"text\/css\" data-created_by=\"avia_inline_auto\" id=\"style-css-av-2hpeym-5e09124b11f2b290a1d439151aa0ea74\">\n.flex_column.av-2hpeym-5e09124b11f2b290a1d439151aa0ea74{\nborder-radius:0px 0px 0px 0px;\npadding:0px 0px 0px 0px;\n}\n<\/style>\n<div  class='flex_column av-2hpeym-5e09124b11f2b290a1d439151aa0ea74 av_one_half  avia-builder-el-7  el_after_av_one_fourth  avia-builder-el-last  flex_column_div av-zero-column-padding  '     ><div  class='av_promobox av-k74ecqi6-453bad8ca5000a65fe0046134a3c6f62 avia-button-no  avia-builder-el-8  avia-builder-el-no-sibling '><div class='avia-promocontent'><\/p>\n<p style=\"text-align: center;\">Si vous avez un restaurant et que vous n&rsquo;\u00eates pas sur le web, <a href=\"http:\/\/www.cerdanya.org\/informacio-util\/contacte\/\">veuillez nous contacter.<\/a><\/p>\n<p>\n<\/div><\/div><\/div>\n\n","protected":false},"excerpt":{"rendered":"","protected":false},"author":3,"featured_media":19784,"parent":30998,"menu_order":10,"comment_status":"closed","ping_status":"closed","template":"","meta":{"footnotes":""},"class_list":["post-30941","page","type-page","status-publish","has-post-thumbnail","hentry"],"_links":{"self":[{"href":"https:\/\/test393.ergatesweb7.ovh\/fr\/wp-json\/wp\/v2\/pages\/30941","targetHints":{"allow":["GET"]}}],"collection":[{"href":"https:\/\/test393.ergatesweb7.ovh\/fr\/wp-json\/wp\/v2\/pages"}],"about":[{"href":"https:\/\/test393.ergatesweb7.ovh\/fr\/wp-json\/wp\/v2\/types\/page"}],"author":[{"embeddable":true,"href":"https:\/\/test393.ergatesweb7.ovh\/fr\/wp-json\/wp\/v2\/users\/3"}],"replies":[{"embeddable":true,"href":"https:\/\/test393.ergatesweb7.ovh\/fr\/wp-json\/wp\/v2\/comments?post=30941"}],"version-history":[{"count":10,"href":"https:\/\/test393.ergatesweb7.ovh\/fr\/wp-json\/wp\/v2\/pages\/30941\/revisions"}],"predecessor-version":[{"id":33034,"href":"https:\/\/test393.ergatesweb7.ovh\/fr\/wp-json\/wp\/v2\/pages\/30941\/revisions\/33034"}],"up":[{"embeddable":true,"href":"https:\/\/test393.ergatesweb7.ovh\/fr\/wp-json\/wp\/v2\/pages\/30998"}],"wp:featuredmedia":[{"embeddable":true,"href":"https:\/\/test393.ergatesweb7.ovh\/fr\/wp-json\/wp\/v2\/media\/19784"}],"wp:attachment":[{"href":"https:\/\/test393.ergatesweb7.ovh\/fr\/wp-json\/wp\/v2\/media?parent=30941"}],"curies":[{"name":"wp","href":"https:\/\/api.w.org\/{rel}","templated":true}]}}