{"id":30939,"date":"2022-04-13T17:56:28","date_gmt":"2022-04-13T15:56:28","guid":{"rendered":"https:\/\/www.cerdanya.org\/produit-local\/"},"modified":"2022-09-01T11:40:47","modified_gmt":"2022-09-01T09:40:47","slug":"produit-local","status":"publish","type":"page","link":"https:\/\/test393.ergatesweb7.ovh\/fr\/gastronomie\/produit-local\/","title":{"rendered":"Produit local"},"content":{"rendered":"\n<style type=\"text\/css\" data-created_by=\"avia_inline_auto\" id=\"style-css-av-339h-bb7c4b72841474ca3fddb5622ad7ba2b\">\n.flex_column.av-339h-bb7c4b72841474ca3fddb5622ad7ba2b{\nborder-radius:0px 0px 0px 0px;\npadding:0px 0px 0px 0px;\n}\n<\/style>\n<div  class='flex_column av-339h-bb7c4b72841474ca3fddb5622ad7ba2b av_one_half  avia-builder-el-0  el_before_av_one_half  avia-builder-el-first  first flex_column_div av-zero-column-padding  '     ><section  class='av_textblock_section av-jvc8sqhp-d47fe3d1b510a6abe3f7294dff435e79 '   itemscope=\"itemscope\" itemtype=\"https:\/\/schema.org\/CreativeWork\" ><div class='avia_textblock'  itemprop=\"text\" ><p>La Cerdagne est une grande vall\u00e9e situ\u00e9e \u00e0 plus de 1000 m d&rsquo;altitude, o\u00f9 l&rsquo;agriculture et l&rsquo;\u00e9levage extensifs la caract\u00e9risent depuis des temps imm\u00e9moriaux. Terre de pommes de terre, de choux d&rsquo;hiver, de c\u00e9r\u00e9ales, d&rsquo;arbres fruitiers, de p\u00e2turages, de navets, de mara\u00eechage et de vignes ; des troupeaux de veaux, poulains, brebis et ch\u00e8vres paissent dans notre milieu naturel tout en pr\u00e9servant for\u00eats et paysages. Avec effort et d\u00e9vouement, les produits sont fabriqu\u00e9s et iront directement dans vos plats et dans nos restaurants.<\/p>\n<p>Les principaux produits fabriqu\u00e9s dans la r\u00e9gion sont : les fromages de brebis et de vache, les yaourts, le mat\u00f3, le miel, les produits de charcuterie artisanale, le taureau blanc, le taureau noir, le saucisson et notre pain de foie (pa de fetge)&#8230;, et d&rsquo;autres produits comme les traditionnels \u00ab\u00a0cerdans\u00a0\u00bb ( douceurs typiques de la r\u00e9gion), bi\u00e8res et liqueurs, confitures, etc.<\/p>\n<blockquote>\n<p>D&rsquo;autres produits du terroir sont les poires de Puigcerd\u00e0, les navets Talltendre, les choux d&rsquo;hiver, les pommes de terre, les champignons (c\u00e8pes, cremalloles, rovellons, murgoles, cama de perdiu), les baies, les plantes m\u00e9dicinales, les cerises, les prunelles, les coings&#8230;<\/p>\n<\/blockquote>\n<p>Les agriculteurs, les producteurs, les paysans travaillent sans rel\u00e2che pour que vous puissiez avoir les meilleurs produits de la Cerdagne dans les restaurants de la r\u00e9gion, les magasins ou \u00e0 la maison. L&rsquo; <a href=\"https:\/\/www.agroalimentariacerdanya.cat\/\" target=\"_blank\" rel=\"noopener noreferrer\">Associaci\u00f3 Agroaliment\u00e0ria Cerdanya<\/a> travaille actuellement sans rel\u00e2che pour les faire conna\u00eetre, ainsi que pour faire conna\u00eetre le travail des producteurs avec les <a href=\"https:\/\/www.agroalimentariacerdanya.cat\/index.php\/visites-a-pages-reserva\" target=\"_blank\" rel=\"noopener noreferrer\">Visites aux agriculteurs<\/a> .<\/p>\n<\/div><\/section><\/div>\n\n<style type=\"text\/css\" data-created_by=\"avia_inline_auto\" id=\"style-css-av-7wlit-5d6f71e5742ab87dcfbc4ab845d1dced\">\n.flex_column.av-7wlit-5d6f71e5742ab87dcfbc4ab845d1dced{\nborder-radius:0px 0px 0px 0px;\npadding:0px 0px 0px 0px;\n}\n<\/style>\n<div  class='flex_column av-7wlit-5d6f71e5742ab87dcfbc4ab845d1dced av_one_half  avia-builder-el-2  el_after_av_one_half  avia-builder-el-last  flex_column_div av-zero-column-padding  '     ><p>\n<style type=\"text\/css\" data-created_by=\"avia_inline_auto\" id=\"style-css-av-jvmimd8e-6317d1106de9932bb9433b17b148c86d\">\n#top .hr.hr-invisible.av-jvmimd8e-6317d1106de9932bb9433b17b148c86d{\nheight:50px;\n}\n<\/style>\n<div  class='hr av-jvmimd8e-6317d1106de9932bb9433b17b148c86d hr-invisible  avia-builder-el-3  el_before_av_gallery  avia-builder-el-first '><span class='hr-inner '><span class=\"hr-inner-style\"><\/span><\/span><\/div><br \/>\n\n<style type=\"text\/css\" data-created_by=\"avia_inline_auto\" id=\"style-css-av-jvmii5ad-1ba45069b94b35f2c780fb1fcb50242b\">\n#top .avia-gallery.av-jvmii5ad-1ba45069b94b35f2c780fb1fcb50242b .avia-gallery-thumb a{\nwidth:50%;\n}\n<\/style>\n<div  class='avia-gallery av-jvmii5ad-1ba45069b94b35f2c780fb1fcb50242b avia_animate_when_visible  avia-builder-el-4  el_after_av_hr  el_before_av_hr  avia_lazyload avia-gallery-animate avia-gallery-1'  itemprop=\"image\" itemscope=\"itemscope\" itemtype=\"https:\/\/schema.org\/ImageObject\" ><meta itemprop=\"contentURL\" content=\"https:\/\/test393.ergatesweb7.ovh\/fr\/gastronomie\/produit-local\/\"><div class='avia-gallery-thumb'><a href=\"https:\/\/test393.ergatesweb7.ovh\/wp-content\/uploads\/2019\/05\/productelocal_productors_1-1030x687.jpg\" data-srcset=\"https:\/\/test393.ergatesweb7.ovh\/wp-content\/uploads\/2019\/05\/productelocal_productors_1-1030x687.jpg 1030w, https:\/\/test393.ergatesweb7.ovh\/wp-content\/uploads\/2019\/05\/productelocal_productors_1-300x200.jpg 300w, https:\/\/test393.ergatesweb7.ovh\/wp-content\/uploads\/2019\/05\/productelocal_productors_1-768x513.jpg 768w, https:\/\/test393.ergatesweb7.ovh\/wp-content\/uploads\/2019\/05\/productelocal_productors_1.jpg 1500w, https:\/\/test393.ergatesweb7.ovh\/wp-content\/uploads\/2019\/05\/productelocal_productors_1-705x470.jpg 705w, https:\/\/test393.ergatesweb7.ovh\/wp-content\/uploads\/2019\/05\/productelocal_productors_1-450x300.jpg 450w\" data-sizes=\"(max-width: 1030px) 100vw, 1030px\" data-rel='gallery-1' data-prev-img='https:\/\/test393.ergatesweb7.ovh\/wp-content\/uploads\/2019\/05\/productelocal_productors_1-495x400.jpg' class='first_thumb lightbox ' data-onclick='1' title='productelocal_productors_1'  itemprop=\"thumbnailUrl\"  ><img decoding=\"async\" fetchpriority=\"high\" class=\"wp-image-19854 avia-img-lazy-loading-not-19854\"   src=\"https:\/\/test393.ergatesweb7.ovh\/wp-content\/uploads\/2019\/05\/productelocal_productors_1-495x400.jpg\" width=\"495\" height=\"400\"  title='productelocal_productors_1' alt='' srcset=\"https:\/\/test393.ergatesweb7.ovh\/wp-content\/uploads\/2019\/05\/productelocal_productors_1-495x400.jpg 495w, https:\/\/test393.ergatesweb7.ovh\/wp-content\/uploads\/2019\/05\/productelocal_productors_1-845x684.jpg 845w\" sizes=\"(max-width: 495px) 100vw, 495px\" \/><div class='big-prev-fake'><img decoding=\"async\" loading=\"lazy\" class=\"wp-image-19854 avia-img-lazy-loading-19854\"  width=\"495\" height=\"400\" src=\"https:\/\/test393.ergatesweb7.ovh\/wp-content\/uploads\/2019\/05\/productelocal_productors_1-495x400.jpg\" title='productelocal_productors_1' alt='' srcset=\"https:\/\/test393.ergatesweb7.ovh\/wp-content\/uploads\/2019\/05\/productelocal_productors_1-495x400.jpg 495w, https:\/\/test393.ergatesweb7.ovh\/wp-content\/uploads\/2019\/05\/productelocal_productors_1-845x684.jpg 845w\" sizes=\"(max-width: 495px) 100vw, 495px\" \/><\/div><\/a><a href=\"https:\/\/test393.ergatesweb7.ovh\/wp-content\/uploads\/2019\/05\/productelocal_producte_1-1030x714.jpg\" data-srcset=\"https:\/\/test393.ergatesweb7.ovh\/wp-content\/uploads\/2019\/05\/productelocal_producte_1-1030x714.jpg 1030w, https:\/\/test393.ergatesweb7.ovh\/wp-content\/uploads\/2019\/05\/productelocal_producte_1-300x208.jpg 300w, https:\/\/test393.ergatesweb7.ovh\/wp-content\/uploads\/2019\/05\/productelocal_producte_1-768x532.jpg 768w, https:\/\/test393.ergatesweb7.ovh\/wp-content\/uploads\/2019\/05\/productelocal_producte_1.jpg 1500w, https:\/\/test393.ergatesweb7.ovh\/wp-content\/uploads\/2019\/05\/productelocal_producte_1-705x489.jpg 705w, https:\/\/test393.ergatesweb7.ovh\/wp-content\/uploads\/2019\/05\/productelocal_producte_1-450x312.jpg 450w\" data-sizes=\"(max-width: 1030px) 100vw, 1030px\" data-rel='gallery-1' data-prev-img='https:\/\/test393.ergatesweb7.ovh\/wp-content\/uploads\/2019\/05\/productelocal_producte_1-495x400.jpg' class='lightbox ' data-onclick='2' title='productelocal_producte_1'  itemprop=\"thumbnailUrl\"  ><img decoding=\"async\" fetchpriority=\"high\" class=\"wp-image-19850 avia-img-lazy-loading-not-19850\"   src=\"https:\/\/test393.ergatesweb7.ovh\/wp-content\/uploads\/2019\/05\/productelocal_producte_1-495x400.jpg\" width=\"495\" height=\"400\"  title='productelocal_producte_1' alt='' srcset=\"https:\/\/test393.ergatesweb7.ovh\/wp-content\/uploads\/2019\/05\/productelocal_producte_1-495x400.jpg 495w, https:\/\/test393.ergatesweb7.ovh\/wp-content\/uploads\/2019\/05\/productelocal_producte_1-845x684.jpg 845w\" sizes=\"(max-width: 495px) 100vw, 495px\" \/><div class='big-prev-fake'><img decoding=\"async\" loading=\"lazy\" class=\"wp-image-19850 avia-img-lazy-loading-19850\"  width=\"495\" height=\"400\" src=\"https:\/\/test393.ergatesweb7.ovh\/wp-content\/uploads\/2019\/05\/productelocal_producte_1-495x400.jpg\" title='productelocal_producte_1' alt='' srcset=\"https:\/\/test393.ergatesweb7.ovh\/wp-content\/uploads\/2019\/05\/productelocal_producte_1-495x400.jpg 495w, https:\/\/test393.ergatesweb7.ovh\/wp-content\/uploads\/2019\/05\/productelocal_producte_1-845x684.jpg 845w\" sizes=\"(max-width: 495px) 100vw, 495px\" \/><\/div><\/a><a href=\"https:\/\/test393.ergatesweb7.ovh\/wp-content\/uploads\/2019\/05\/productelocal_producte_2-1030x722.jpg\" data-srcset=\"https:\/\/test393.ergatesweb7.ovh\/wp-content\/uploads\/2019\/05\/productelocal_producte_2-1030x722.jpg 1030w, https:\/\/test393.ergatesweb7.ovh\/wp-content\/uploads\/2019\/05\/productelocal_producte_2-300x210.jpg 300w, https:\/\/test393.ergatesweb7.ovh\/wp-content\/uploads\/2019\/05\/productelocal_producte_2-768x539.jpg 768w, https:\/\/test393.ergatesweb7.ovh\/wp-content\/uploads\/2019\/05\/productelocal_producte_2.jpg 1500w, https:\/\/test393.ergatesweb7.ovh\/wp-content\/uploads\/2019\/05\/productelocal_producte_2-705x494.jpg 705w, https:\/\/test393.ergatesweb7.ovh\/wp-content\/uploads\/2019\/05\/productelocal_producte_2-450x316.jpg 450w\" data-sizes=\"(max-width: 1030px) 100vw, 1030px\" data-rel='gallery-1' data-prev-img='https:\/\/test393.ergatesweb7.ovh\/wp-content\/uploads\/2019\/05\/productelocal_producte_2-495x400.jpg' class='first_thumb lightbox ' data-onclick='3' title='productelocal_producte_2'  itemprop=\"thumbnailUrl\"  ><img decoding=\"async\" fetchpriority=\"high\" class=\"wp-image-19852 avia-img-lazy-loading-not-19852\"   src=\"https:\/\/test393.ergatesweb7.ovh\/wp-content\/uploads\/2019\/05\/productelocal_producte_2-495x400.jpg\" width=\"495\" height=\"400\"  title='productelocal_producte_2' alt='' srcset=\"https:\/\/test393.ergatesweb7.ovh\/wp-content\/uploads\/2019\/05\/productelocal_producte_2-495x400.jpg 495w, https:\/\/test393.ergatesweb7.ovh\/wp-content\/uploads\/2019\/05\/productelocal_producte_2-845x684.jpg 845w\" sizes=\"(max-width: 495px) 100vw, 495px\" \/><div class='big-prev-fake'><img decoding=\"async\" loading=\"lazy\" class=\"wp-image-19852 avia-img-lazy-loading-19852\"  width=\"495\" height=\"400\" src=\"https:\/\/test393.ergatesweb7.ovh\/wp-content\/uploads\/2019\/05\/productelocal_producte_2-495x400.jpg\" title='productelocal_producte_2' alt='' srcset=\"https:\/\/test393.ergatesweb7.ovh\/wp-content\/uploads\/2019\/05\/productelocal_producte_2-495x400.jpg 495w, https:\/\/test393.ergatesweb7.ovh\/wp-content\/uploads\/2019\/05\/productelocal_producte_2-845x684.jpg 845w\" sizes=\"(max-width: 495px) 100vw, 495px\" \/><\/div><\/a><a href=\"https:\/\/test393.ergatesweb7.ovh\/wp-content\/uploads\/2019\/05\/productelocal_productors_2-1030x737.jpg\" data-srcset=\"https:\/\/test393.ergatesweb7.ovh\/wp-content\/uploads\/2019\/05\/productelocal_productors_2-1030x737.jpg 1030w, https:\/\/test393.ergatesweb7.ovh\/wp-content\/uploads\/2019\/05\/productelocal_productors_2-300x215.jpg 300w, https:\/\/test393.ergatesweb7.ovh\/wp-content\/uploads\/2019\/05\/productelocal_productors_2-768x549.jpg 768w, https:\/\/test393.ergatesweb7.ovh\/wp-content\/uploads\/2019\/05\/productelocal_productors_2.jpg 1500w, https:\/\/test393.ergatesweb7.ovh\/wp-content\/uploads\/2019\/05\/productelocal_productors_2-260x185.jpg 260w, https:\/\/test393.ergatesweb7.ovh\/wp-content\/uploads\/2019\/05\/productelocal_productors_2-705x504.jpg 705w, https:\/\/test393.ergatesweb7.ovh\/wp-content\/uploads\/2019\/05\/productelocal_productors_2-450x322.jpg 450w\" data-sizes=\"(max-width: 1030px) 100vw, 1030px\" data-rel='gallery-1' data-prev-img='https:\/\/test393.ergatesweb7.ovh\/wp-content\/uploads\/2019\/05\/productelocal_productors_2-495x400.jpg' class='lightbox ' data-onclick='4' title='productelocal_productors_2'  itemprop=\"thumbnailUrl\"  ><img decoding=\"async\" fetchpriority=\"high\" class=\"wp-image-19856 avia-img-lazy-loading-not-19856\"   src=\"https:\/\/test393.ergatesweb7.ovh\/wp-content\/uploads\/2019\/05\/productelocal_productors_2-495x400.jpg\" width=\"495\" height=\"400\"  title='productelocal_productors_2' alt='' srcset=\"https:\/\/test393.ergatesweb7.ovh\/wp-content\/uploads\/2019\/05\/productelocal_productors_2-495x400.jpg 495w, https:\/\/test393.ergatesweb7.ovh\/wp-content\/uploads\/2019\/05\/productelocal_productors_2-845x684.jpg 845w\" sizes=\"(max-width: 495px) 100vw, 495px\" \/><div class='big-prev-fake'><img decoding=\"async\" loading=\"lazy\" class=\"wp-image-19856 avia-img-lazy-loading-19856\"  width=\"495\" height=\"400\" src=\"https:\/\/test393.ergatesweb7.ovh\/wp-content\/uploads\/2019\/05\/productelocal_productors_2-495x400.jpg\" title='productelocal_productors_2' alt='' srcset=\"https:\/\/test393.ergatesweb7.ovh\/wp-content\/uploads\/2019\/05\/productelocal_productors_2-495x400.jpg 495w, https:\/\/test393.ergatesweb7.ovh\/wp-content\/uploads\/2019\/05\/productelocal_productors_2-845x684.jpg 845w\" sizes=\"(max-width: 495px) 100vw, 495px\" \/><\/div><\/a><\/div><\/div><br \/>\n\n<style type=\"text\/css\" data-created_by=\"avia_inline_auto\" id=\"style-css-av-jvmimd8e-6317d1106de9932bb9433b17b148c86d\">\n#top .hr.hr-invisible.av-jvmimd8e-6317d1106de9932bb9433b17b148c86d{\nheight:50px;\n}\n<\/style>\n<div  class='hr av-jvmimd8e-6317d1106de9932bb9433b17b148c86d hr-invisible  avia-builder-el-5  el_after_av_gallery  el_before_av_image '><span class='hr-inner '><span class=\"hr-inner-style\"><\/span><\/span><\/div><br \/>\n\n<style type=\"text\/css\" data-created_by=\"avia_inline_auto\" id=\"style-css-av-cojc5-fe15934939e52e40edffd7cb79d49fc7\">\n.avia-image-container.av-cojc5-fe15934939e52e40edffd7cb79d49fc7 img.avia_image{\nbox-shadow:none;\n}\n.avia-image-container.av-cojc5-fe15934939e52e40edffd7cb79d49fc7 .av-image-caption-overlay-center{\ncolor:#ffffff;\n}\n<\/style>\n<div  class='avia-image-container av-cojc5-fe15934939e52e40edffd7cb79d49fc7 av-styling- av-img-linked avia-align-center  avia-builder-el-6  el_after_av_hr  avia-builder-el-last '   itemprop=\"image\" itemscope=\"itemscope\" itemtype=\"https:\/\/schema.org\/ImageObject\" ><div class=\"avia-image-container-inner\"><div class=\"avia-image-overlay-wrap\"><a href=\"https:\/\/origencerdanya.cat\/\" class='avia_image ' target=\"_blank\" rel=\"noopener noreferrer\" aria-label='logo-agroalimentaria-cerdanya'><img decoding=\"async\" fetchpriority=\"high\" class='wp-image-20162 avia-img-lazy-loading-not-20162 avia_image ' src=\"https:\/\/test393.ergatesweb7.ovh\/wp-content\/uploads\/2020\/04\/logo-agroalimentaria-cerdanya.png\" alt='' title='logo-agroalimentaria-cerdanya'  height=\"231\" width=\"231\"  itemprop=\"thumbnailUrl\" srcset=\"https:\/\/test393.ergatesweb7.ovh\/wp-content\/uploads\/2020\/04\/logo-agroalimentaria-cerdanya.png 231w, https:\/\/test393.ergatesweb7.ovh\/wp-content\/uploads\/2020\/04\/logo-agroalimentaria-cerdanya-80x80.png 80w, https:\/\/test393.ergatesweb7.ovh\/wp-content\/uploads\/2020\/04\/logo-agroalimentaria-cerdanya-36x36.png 36w, https:\/\/test393.ergatesweb7.ovh\/wp-content\/uploads\/2020\/04\/logo-agroalimentaria-cerdanya-180x180.png 180w\" sizes=\"(max-width: 231px) 100vw, 231px\" \/><\/a><\/div><\/div><\/div><\/p><\/div>\n","protected":false},"excerpt":{"rendered":"","protected":false},"author":3,"featured_media":19796,"parent":30998,"menu_order":30,"comment_status":"closed","ping_status":"closed","template":"","meta":{"footnotes":""},"class_list":["post-30939","page","type-page","status-publish","has-post-thumbnail","hentry"],"_links":{"self":[{"href":"https:\/\/test393.ergatesweb7.ovh\/fr\/wp-json\/wp\/v2\/pages\/30939"}],"collection":[{"href":"https:\/\/test393.ergatesweb7.ovh\/fr\/wp-json\/wp\/v2\/pages"}],"about":[{"href":"https:\/\/test393.ergatesweb7.ovh\/fr\/wp-json\/wp\/v2\/types\/page"}],"author":[{"embeddable":true,"href":"https:\/\/test393.ergatesweb7.ovh\/fr\/wp-json\/wp\/v2\/users\/3"}],"replies":[{"embeddable":true,"href":"https:\/\/test393.ergatesweb7.ovh\/fr\/wp-json\/wp\/v2\/comments?post=30939"}],"version-history":[{"count":10,"href":"https:\/\/test393.ergatesweb7.ovh\/fr\/wp-json\/wp\/v2\/pages\/30939\/revisions"}],"predecessor-version":[{"id":38870,"href":"https:\/\/test393.ergatesweb7.ovh\/fr\/wp-json\/wp\/v2\/pages\/30939\/revisions\/38870"}],"up":[{"embeddable":true,"href":"https:\/\/test393.ergatesweb7.ovh\/fr\/wp-json\/wp\/v2\/pages\/30998"}],"wp:featuredmedia":[{"embeddable":true,"href":"https:\/\/test393.ergatesweb7.ovh\/fr\/wp-json\/wp\/v2\/media\/19796"}],"wp:attachment":[{"href":"https:\/\/test393.ergatesweb7.ovh\/fr\/wp-json\/wp\/v2\/media?parent=30939"}],"curies":[{"name":"wp","href":"https:\/\/api.w.org\/{rel}","templated":true}]}}