{"id":30921,"date":"2022-04-13T17:16:40","date_gmt":"2022-04-13T15:16:40","guid":{"rendered":"https:\/\/www.cerdanya.org\/meteo\/"},"modified":"2022-04-28T21:13:29","modified_gmt":"2022-04-28T19:13:29","slug":"meteo","status":"publish","type":"page","link":"https:\/\/test393.ergatesweb7.ovh\/fr\/informations-utiles\/meteo\/","title":{"rendered":"M\u00e9t\u00e9o"},"content":{"rendered":"\n<style type=\"text\/css\" data-created_by=\"avia_inline_auto\" id=\"style-css-av-dgxq6-56dd294cb228eee373eca6954ac8f274\">\n.flex_column.av-dgxq6-56dd294cb228eee373eca6954ac8f274{\nborder-radius:0px 0px 0px 0px;\npadding:0px 0px 0px 0px;\n}\n<\/style>\n<div  class='flex_column av-dgxq6-56dd294cb228eee373eca6954ac8f274 av_two_third  avia-builder-el-0  el_before_av_one_third  avia-builder-el-first  first flex_column_div av-zero-column-padding  '     ><section  class='av_textblock_section av-jr6i4xqo-fb81040ae23b2ee68f995617f67400e5 '   itemscope=\"itemscope\" itemtype=\"https:\/\/schema.org\/CreativeWork\" ><div class='avia_textblock'  itemprop=\"text\" ><blockquote>\n<p>Consultez les donn\u00e9es m\u00e9t\u00e9orologiques actuelles de la station situ\u00e9e dans notre office de tourisme \u00e0 Puigcerd\u00e0.<\/p>\n<\/blockquote>\n<\/div><\/section><\/div>\n\n<style type=\"text\/css\" data-created_by=\"avia_inline_auto\" id=\"style-css-av-71h5y-79bb0a8d6e543804bcfe5018c0a7e7a6\">\n.flex_column.av-71h5y-79bb0a8d6e543804bcfe5018c0a7e7a6{\nborder-radius:0px 0px 0px 0px;\npadding:0px 0px 0px 0px;\n}\n<\/style>\n<div  class='flex_column av-71h5y-79bb0a8d6e543804bcfe5018c0a7e7a6 av_one_third  avia-builder-el-2  el_after_av_two_third  el_before_av_one_full  flex_column_div av-zero-column-padding  '     ><\/div>\n\n<style type=\"text\/css\" data-created_by=\"avia_inline_auto\" id=\"style-css-av-117m8u-0024482c48f231d6f076e3e54f1d3c88\">\n.flex_column.av-117m8u-0024482c48f231d6f076e3e54f1d3c88{\nborder-radius:0px 0px 0px 0px;\npadding:0px 0px 0px 0px;\n}\n<\/style>\n<div  class='flex_column av-117m8u-0024482c48f231d6f076e3e54f1d3c88 av_one_full  avia-builder-el-4  el_after_av_one_third  el_before_av_two_fifth  first flex_column_div av-zero-column-padding  column-top-margin'     ><style type=\"text\/css\" data-created_by=\"avia_inline_auto\" id=\"style-css-av-jr6ifmgs-2cb759854729b0fd41577a8ecb356b9e\">\n#top .av-special-heading.av-jr6ifmgs-2cb759854729b0fd41577a8ecb356b9e{\npadding-bottom:10px;\n}\nbody .av-special-heading.av-jr6ifmgs-2cb759854729b0fd41577a8ecb356b9e .av-special-heading-tag .heading-char{\nfont-size:25px;\n}\n.av-special-heading.av-jr6ifmgs-2cb759854729b0fd41577a8ecb356b9e .av-subheading{\nfont-size:15px;\n}\n<\/style>\n<div  class='av-special-heading av-jr6ifmgs-2cb759854729b0fd41577a8ecb356b9e av-special-heading-h2 blockquote modern-quote  avia-builder-el-5  avia-builder-el-no-sibling '><h2 class='av-special-heading-tag '  itemprop=\"headline\"  >Pr\u00e9visions Meteocat dans les Pyr\u00e9n\u00e9es<\/h2><div class=\"special-heading-border\"><div class=\"special-heading-inner-border\"><\/div><\/div><\/div><\/div>\n\n<style type=\"text\/css\" data-created_by=\"avia_inline_auto\" id=\"style-css-av-w3pvi-3b1e4d15f313e76c9fb8e5da5a22dd0e\">\n.flex_column.av-w3pvi-3b1e4d15f313e76c9fb8e5da5a22dd0e{\nborder-radius:0px 0px 0px 0px;\npadding:0px 0px 0px 0px;\n}\n<\/style>\n<div  class='flex_column av-w3pvi-3b1e4d15f313e76c9fb8e5da5a22dd0e av_two_fifth  avia-builder-el-6  el_after_av_one_full  el_before_av_three_fifth  first flex_column_div av-zero-column-padding  column-top-margin'     ><div  class='avia-video av-jr6i87wz-a8459184ae2a8906c430cb672526b602 avia-video-16-9 av-no-preview-image avia-video-load-always av-lazyload-immediate av-lazyload-video-embed'  itemprop=\"video\" itemtype=\"https:\/\/schema.org\/VideoObject\"  data-original_url='https:\/\/www.youtube.com\/watch?v=bVuCQ_yWv9M&list=PLOWaA1TFs5hc5bLp5b_-ZUJCQL8pNgC_1'><script type='text\/html' class='av-video-tmpl'><div class='avia-iframe-wrap'><iframe loading=\"lazy\" title=\"Predicci\u00f3 general per a dilluns 21-1-2019 tarda: nevar\u00e0 al vessant nord del Pirineu\" width=\"1500\" height=\"844\" src=\"https:\/\/www.youtube.com\/embed\/bVuCQ_yWv9M?list=PLOWaA1TFs5hc5bLp5b_-ZUJCQL8pNgC_1&autoplay=0&loop=0&controls=1&mute=0\" frameborder=\"0\" allow=\"accelerometer; autoplay; clipboard-write; encrypted-media; gyroscope; picture-in-picture\" allowfullscreen><\/iframe><\/div><\/script><div class='av-click-to-play-overlay'><div class=\"avia_playpause_icon\"><\/div><\/div><\/div><\/div>\n\n<style type=\"text\/css\" data-created_by=\"avia_inline_auto\" id=\"style-css-av-ojx5i-5359c0ff72a893fc99814198ed8d3bbe\">\n.flex_column.av-ojx5i-5359c0ff72a893fc99814198ed8d3bbe{\nborder-radius:0px 0px 0px 0px;\npadding:0px 0px 0px 0px;\n}\n<\/style>\n<div  class='flex_column av-ojx5i-5359c0ff72a893fc99814198ed8d3bbe av_three_fifth  avia-builder-el-8  el_after_av_two_fifth  el_before_av_hr  flex_column_div av-zero-column-padding  column-top-margin'     ><\/div>\n\n<style type=\"text\/css\" data-created_by=\"avia_inline_auto\" id=\"style-css-av-jr6ijigy-14c837c7ee7fcf6f5b31bb813e2914f9\">\n#top .hr.hr-invisible.av-jr6ijigy-14c837c7ee7fcf6f5b31bb813e2914f9{\nheight:50px;\n}\n<\/style>\n<div  class='hr av-jr6ijigy-14c837c7ee7fcf6f5b31bb813e2914f9 hr-invisible  avia-builder-el-10  el_after_av_three_fifth  el_before_av_one_full '><span class='hr-inner '><span class=\"hr-inner-style\"><\/span><\/span><\/div>\n\n<style type=\"text\/css\" data-created_by=\"avia_inline_auto\" id=\"style-css-av-lxedi-f9c2d45257e3135c8d509abc62bcfa28\">\n.flex_column.av-lxedi-f9c2d45257e3135c8d509abc62bcfa28{\nborder-radius:0px 0px 0px 0px;\npadding:0px 0px 0px 0px;\n}\n<\/style>\n<div  class='flex_column av-lxedi-f9c2d45257e3135c8d509abc62bcfa28 av_one_full  avia-builder-el-11  el_after_av_hr  el_before_av_one_half  first flex_column_div av-zero-column-padding  '     ><style type=\"text\/css\" data-created_by=\"avia_inline_auto\" id=\"style-css-av-kiisamp0-9204fc303958f5dac2974239733db3c9\">\n#top .av-special-heading.av-kiisamp0-9204fc303958f5dac2974239733db3c9{\npadding-bottom:10px;\n}\nbody .av-special-heading.av-kiisamp0-9204fc303958f5dac2974239733db3c9 .av-special-heading-tag .heading-char{\nfont-size:25px;\n}\n.av-special-heading.av-kiisamp0-9204fc303958f5dac2974239733db3c9 .av-subheading{\nfont-size:15px;\n}\n<\/style>\n<div  class='av-special-heading av-kiisamp0-9204fc303958f5dac2974239733db3c9 av-special-heading-h2 blockquote modern-quote  avia-builder-el-12  avia-builder-el-no-sibling  av-linked-heading'><h2 class='av-special-heading-tag '  itemprop=\"headline\"  >Appareils photo<\/h2><div class=\"special-heading-border\"><div class=\"special-heading-inner-border\"><\/div><\/div><\/div><\/div>\n<style type=\"text\/css\" data-created_by=\"avia_inline_auto\" id=\"style-css-av-fy4di-e67bfd5fdfdde96bb4ff64797c82f886\">\n.flex_column.av-fy4di-e67bfd5fdfdde96bb4ff64797c82f886{\nborder-radius:0px 0px 0px 0px;\npadding:0px 0px 0px 0px;\n}\n<\/style>\n<div  class='flex_column av-fy4di-e67bfd5fdfdde96bb4ff64797c82f886 av_one_half  avia-builder-el-13  el_after_av_one_full  el_before_av_one_half  first flex_column_div av-zero-column-padding  column-top-margin'     ><\/div><\/p>\n\n<style type=\"text\/css\" data-created_by=\"avia_inline_auto\" id=\"style-css-av-a16ha-886d352ef1f3003fb20f5d2e295df333\">\n.flex_column.av-a16ha-886d352ef1f3003fb20f5d2e295df333{\nborder-radius:0px 0px 0px 0px;\npadding:0px 0px 0px 0px;\n}\n<\/style>\n<div  class='flex_column av-a16ha-886d352ef1f3003fb20f5d2e295df333 av_one_half  avia-builder-el-15  el_after_av_one_half  avia-builder-el-last  flex_column_div av-zero-column-padding  column-top-margin'     ><\/div>\n","protected":false},"excerpt":{"rendered":"","protected":false},"author":3,"featured_media":19864,"parent":30936,"menu_order":40,"comment_status":"closed","ping_status":"closed","template":"","meta":{"footnotes":""},"class_list":["post-30921","page","type-page","status-publish","has-post-thumbnail","hentry"],"_links":{"self":[{"href":"https:\/\/test393.ergatesweb7.ovh\/fr\/wp-json\/wp\/v2\/pages\/30921","targetHints":{"allow":["GET"]}}],"collection":[{"href":"https:\/\/test393.ergatesweb7.ovh\/fr\/wp-json\/wp\/v2\/pages"}],"about":[{"href":"https:\/\/test393.ergatesweb7.ovh\/fr\/wp-json\/wp\/v2\/types\/page"}],"author":[{"embeddable":true,"href":"https:\/\/test393.ergatesweb7.ovh\/fr\/wp-json\/wp\/v2\/users\/3"}],"replies":[{"embeddable":true,"href":"https:\/\/test393.ergatesweb7.ovh\/fr\/wp-json\/wp\/v2\/comments?post=30921"}],"version-history":[{"count":3,"href":"https:\/\/test393.ergatesweb7.ovh\/fr\/wp-json\/wp\/v2\/pages\/30921\/revisions"}],"predecessor-version":[{"id":33127,"href":"https:\/\/test393.ergatesweb7.ovh\/fr\/wp-json\/wp\/v2\/pages\/30921\/revisions\/33127"}],"up":[{"embeddable":true,"href":"https:\/\/test393.ergatesweb7.ovh\/fr\/wp-json\/wp\/v2\/pages\/30936"}],"wp:featuredmedia":[{"embeddable":true,"href":"https:\/\/test393.ergatesweb7.ovh\/fr\/wp-json\/wp\/v2\/media\/19864"}],"wp:attachment":[{"href":"https:\/\/test393.ergatesweb7.ovh\/fr\/wp-json\/wp\/v2\/media?parent=30921"}],"curies":[{"name":"wp","href":"https:\/\/api.w.org\/{rel}","templated":true}]}}