{"id":30919,"date":"2022-04-13T17:15:30","date_gmt":"2022-04-13T15:15:30","guid":{"rendered":"https:\/\/www.cerdanya.org\/autres-sites-web-dinteret\/"},"modified":"2022-04-28T21:33:47","modified_gmt":"2022-04-28T19:33:47","slug":"autres-sites-web-dinteret","status":"publish","type":"page","link":"https:\/\/test393.ergatesweb7.ovh\/fr\/informations-utiles\/autres-sites-web-dinteret\/","title":{"rendered":"Autres sites Web d&rsquo;int\u00e9r\u00eat"},"content":{"rendered":"\n<style type=\"text\/css\" data-created_by=\"avia_inline_auto\" id=\"style-css-av-m4phr-a4df0e235885dee41ff9ac5c4d732c39\">\n.flex_column.av-m4phr-a4df0e235885dee41ff9ac5c4d732c39{\nborder-radius:0px 0px 0px 0px;\npadding:0px 0px 0px 0px;\n}\n<\/style>\n<div  class='flex_column av-m4phr-a4df0e235885dee41ff9ac5c4d732c39 av_one_full  avia-builder-el-0  el_before_av_one_fourth  avia-builder-el-first  first flex_column_div av-zero-column-padding  '     ><section  class='av_textblock_section av-jr1u4iop-f068843515469e3b44e5d17fd3268e66 '   itemscope=\"itemscope\" itemtype=\"https:\/\/schema.org\/CreativeWork\" ><div class='avia_textblock'  itemprop=\"text\" ><p>Vous trouverez ci-dessous des liens vers d&rsquo;autres sites Web susceptibles de vous int\u00e9resser.<\/p>\n<\/div><\/section><\/div>\n\n<style type=\"text\/css\" data-created_by=\"avia_inline_auto\" id=\"style-css-av-h3cxz-c62746a99c8deb9fe98bbe58ab2131bf\">\n.flex_column.av-h3cxz-c62746a99c8deb9fe98bbe58ab2131bf{\nborder-radius:0px 0px 0px 0px;\npadding:0px 0px 0px 0px;\n}\n<\/style>\n<div  class='flex_column av-h3cxz-c62746a99c8deb9fe98bbe58ab2131bf av_one_fourth  avia-builder-el-2  el_after_av_one_full  el_before_av_one_fourth  first flex_column_div av-zero-column-padding  column-top-margin'     ><p>\n<style type=\"text\/css\" data-created_by=\"avia_inline_auto\" id=\"style-css-av-jr1udhqp-185583dec20c2dc0fc39f4b8d21519a3\">\n.avia-image-container.av-jr1udhqp-185583dec20c2dc0fc39f4b8d21519a3 img.avia_image{\nbox-shadow:none;\n}\n.avia-image-container.av-jr1udhqp-185583dec20c2dc0fc39f4b8d21519a3 .av-image-caption-overlay-center{\ncolor:#ffffff;\n}\n<\/style>\n<div  class='avia-image-container av-jr1udhqp-185583dec20c2dc0fc39f4b8d21519a3 av-styling- av-img-linked avia-align-center  avia-builder-el-3  el_before_av_textblock  avia-builder-el-first '   itemprop=\"image\" itemscope=\"itemscope\" itemtype=\"https:\/\/schema.org\/ImageObject\" ><div class=\"avia-image-container-inner\"><div class=\"avia-image-overlay-wrap\"><a href=\"https:\/\/ca.costabrava.org\/\" class='avia_image '  target=\"_blank\"  rel=\"noopener noreferrer\" aria-label='costa-brava-pirineu-girona'><img decoding=\"async\" fetchpriority=\"high\" class='wp-image-21414 avia-img-lazy-loading-not-21414 avia_image ' src=\"https:\/\/test393.ergatesweb7.ovh\/wp-content\/uploads\/2020\/07\/costa-brava-pirineu-girona-300x188.jpg\" alt='' title='costa-brava-pirineu-girona'  height=\"188\" width=\"300\"  itemprop=\"thumbnailUrl\" srcset=\"https:\/\/test393.ergatesweb7.ovh\/wp-content\/uploads\/2020\/07\/costa-brava-pirineu-girona-300x188.jpg 300w, https:\/\/test393.ergatesweb7.ovh\/wp-content\/uploads\/2020\/07\/costa-brava-pirineu-girona-768x480.jpg 768w, https:\/\/test393.ergatesweb7.ovh\/wp-content\/uploads\/2020\/07\/costa-brava-pirineu-girona-705x441.jpg 705w, https:\/\/test393.ergatesweb7.ovh\/wp-content\/uploads\/2020\/07\/costa-brava-pirineu-girona.jpg 800w\" sizes=\"(max-width: 300px) 100vw, 300px\" \/><\/a><\/div><\/div><\/div><br \/>\n<section  class='av_textblock_section av-jr1u7jdf-6880d37cfbdfe00ab2a42ae3d6f811d2 '   itemscope=\"itemscope\" itemtype=\"https:\/\/schema.org\/CreativeWork\" ><div class='avia_textblock'  itemprop=\"text\" ><p style=\"text-align: center;\"><a href=\"https:\/\/ca.costabrava.org\/\" target=\"_blank\" rel=\"noopener\">Office du tourisme de la Costa Brava &#8211; Pyr\u00e9n\u00e9es de G\u00e9rone<\/a><\/p>\n<\/div><\/section><\/p><\/div>\n<style type=\"text\/css\" data-created_by=\"avia_inline_auto\" id=\"style-css-av-ba2zr-876d852d1432a93312db9a0a6d2d736e\">\n.flex_column.av-ba2zr-876d852d1432a93312db9a0a6d2d736e{\nborder-radius:0px 0px 0px 0px;\npadding:0px 0px 0px 0px;\n}\n<\/style>\n<div  class='flex_column av-ba2zr-876d852d1432a93312db9a0a6d2d736e av_one_fourth  avia-builder-el-5  el_after_av_one_fourth  el_before_av_one_fourth  flex_column_div av-zero-column-padding  column-top-margin'     ><p>\n<style type=\"text\/css\" data-created_by=\"avia_inline_auto\" id=\"style-css-av-jr1udhqp-4b66a74fb57dbe87e5e7d112f3a90a9f\">\n.avia-image-container.av-jr1udhqp-4b66a74fb57dbe87e5e7d112f3a90a9f img.avia_image{\nbox-shadow:none;\n}\n.avia-image-container.av-jr1udhqp-4b66a74fb57dbe87e5e7d112f3a90a9f .av-image-caption-overlay-center{\ncolor:#ffffff;\n}\n<\/style>\n<div  class='avia-image-container av-jr1udhqp-4b66a74fb57dbe87e5e7d112f3a90a9f av-styling- av-img-linked avia-align-center  avia-builder-el-6  el_before_av_textblock  avia-builder-el-first '   itemprop=\"image\" itemscope=\"itemscope\" itemtype=\"https:\/\/schema.org\/ImageObject\" ><div class=\"avia-image-container-inner\"><div class=\"avia-image-overlay-wrap\"><a href=\"http:\/\/www.aralleida.cat\/\" class='avia_image '  target=\"_blank\"  rel=\"noopener noreferrer\" aria-label='Logotip-ara-lleida'><img decoding=\"async\" fetchpriority=\"high\" class='wp-image-19412 avia-img-lazy-loading-not-19412 avia_image ' src=\"https:\/\/test393.ergatesweb7.ovh\/wp-content\/uploads\/2019\/01\/Logotip-ara-lleida-300x200.jpg\" alt='' title='Logotip-ara-lleida'  height=\"200\" width=\"300\"  itemprop=\"thumbnailUrl\"  \/><\/a><\/div><\/div><\/div><br \/>\n<section  class='av_textblock_section av-jr1u7jdf-6880d37cfbdfe00ab2a42ae3d6f811d2 '   itemscope=\"itemscope\" itemtype=\"https:\/\/schema.org\/CreativeWork\" ><div class='avia_textblock'  itemprop=\"text\" ><p style=\"text-align: center;\"><a href=\"http:\/\/www.aralleida.cat\/\" target=\"_blank\" rel=\"noopener\">Office du tourisme de L\u00e9rida<\/a><\/p>\n<\/div><\/section><\/p><\/div>\n<style type=\"text\/css\" data-created_by=\"avia_inline_auto\" id=\"style-css-av-ba2zr-876d852d1432a93312db9a0a6d2d736e\">\n.flex_column.av-ba2zr-876d852d1432a93312db9a0a6d2d736e{\nborder-radius:0px 0px 0px 0px;\npadding:0px 0px 0px 0px;\n}\n<\/style>\n<div  class='flex_column av-ba2zr-876d852d1432a93312db9a0a6d2d736e av_one_fourth  avia-builder-el-8  el_after_av_one_fourth  el_before_av_one_fourth  flex_column_div av-zero-column-padding  column-top-margin'     ><p>\n<style type=\"text\/css\" data-created_by=\"avia_inline_auto\" id=\"style-css-av-jr1udhqp-9330fab6f66cbbc5d04be08bf51ee6ee\">\n.avia-image-container.av-jr1udhqp-9330fab6f66cbbc5d04be08bf51ee6ee img.avia_image{\nbox-shadow:none;\n}\n.avia-image-container.av-jr1udhqp-9330fab6f66cbbc5d04be08bf51ee6ee .av-image-caption-overlay-center{\ncolor:#ffffff;\n}\n<\/style>\n<div  class='avia-image-container av-jr1udhqp-9330fab6f66cbbc5d04be08bf51ee6ee av-styling- av-img-linked avia-align-center  avia-builder-el-9  el_before_av_textblock  avia-builder-el-first '   itemprop=\"image\" itemscope=\"itemscope\" itemtype=\"https:\/\/schema.org\/ImageObject\" ><div class=\"avia-image-container-inner\"><div class=\"avia-image-overlay-wrap\"><a href=\"http:\/\/www.catalunya.com\/\" class='avia_image '  target=\"_blank\"  rel=\"noopener noreferrer\" aria-label='Logotip-catalunya-turisme'><img decoding=\"async\" fetchpriority=\"high\" class='wp-image-19414 avia-img-lazy-loading-not-19414 avia_image ' src=\"https:\/\/test393.ergatesweb7.ovh\/wp-content\/uploads\/2019\/01\/Logotip-catalunya-turisme-300x200.jpg\" alt='' title='Logotip-catalunya-turisme'  height=\"200\" width=\"300\"  itemprop=\"thumbnailUrl\"  \/><\/a><\/div><\/div><\/div><br \/>\n<section  class='av_textblock_section av-jr1u7jdf-6880d37cfbdfe00ab2a42ae3d6f811d2 '   itemscope=\"itemscope\" itemtype=\"https:\/\/schema.org\/CreativeWork\" ><div class='avia_textblock'  itemprop=\"text\" ><p style=\"text-align: center;\"><a href=\"http:\/\/www.catalunya.com\/\" target=\"_blank\" rel=\"noopener\">Tourisme de Catalogne<\/a><\/p>\n<\/div><\/section><\/p><\/div>\n<style type=\"text\/css\" data-created_by=\"avia_inline_auto\" id=\"style-css-av-ba2zr-876d852d1432a93312db9a0a6d2d736e\">\n.flex_column.av-ba2zr-876d852d1432a93312db9a0a6d2d736e{\nborder-radius:0px 0px 0px 0px;\npadding:0px 0px 0px 0px;\n}\n<\/style>\n<div  class='flex_column av-ba2zr-876d852d1432a93312db9a0a6d2d736e av_one_fourth  avia-builder-el-11  el_after_av_one_fourth  el_before_av_one_fourth  flex_column_div av-zero-column-padding  column-top-margin'     ><p>\n<style type=\"text\/css\" data-created_by=\"avia_inline_auto\" id=\"style-css-av-jr1udhqp-a7502fea13341bac8747c0bb439aa5da\">\n.avia-image-container.av-jr1udhqp-a7502fea13341bac8747c0bb439aa5da img.avia_image{\nbox-shadow:none;\n}\n.avia-image-container.av-jr1udhqp-a7502fea13341bac8747c0bb439aa5da .av-image-caption-overlay-center{\ncolor:#ffffff;\n}\n<\/style>\n<div  class='avia-image-container av-jr1udhqp-a7502fea13341bac8747c0bb439aa5da av-styling- av-img-linked avia-align-center  avia-builder-el-12  el_before_av_textblock  avia-builder-el-first '   itemprop=\"image\" itemscope=\"itemscope\" itemtype=\"https:\/\/schema.org\/ImageObject\" ><div class=\"avia-image-container-inner\"><div class=\"avia-image-overlay-wrap\"><a href=\"http:\/\/www.visitpirineus.com\/ca\" class='avia_image '  target=\"_blank\"  rel=\"noopener noreferrer\" aria-label='Logotip-visitpirineus'><img decoding=\"async\" fetchpriority=\"high\" class='wp-image-19416 avia-img-lazy-loading-not-19416 avia_image ' src=\"https:\/\/test393.ergatesweb7.ovh\/wp-content\/uploads\/2019\/01\/Logotip-visitpirineus-300x200.jpg\" alt='' title='Logotip-visitpirineus'  height=\"200\" width=\"300\"  itemprop=\"thumbnailUrl\"  \/><\/a><\/div><\/div><\/div><br \/>\n<section  class='av_textblock_section av-jr1u7jdf-6880d37cfbdfe00ab2a42ae3d6f811d2 '   itemscope=\"itemscope\" itemtype=\"https:\/\/schema.org\/CreativeWork\" ><div class='avia_textblock'  itemprop=\"text\" ><p style=\"text-align: center;\"><a href=\"http:\/\/www.visitpirineus.com\/ca\" target=\"_blank\" rel=\"noopener\">Pyr\u00e9n\u00e9es<\/a><\/p>\n<\/div><\/section><\/p><\/div>\n<style type=\"text\/css\" data-created_by=\"avia_inline_auto\" id=\"style-css-av-ba2zr-67992f05f4af4f60c836981a2bb2b707\">\n.flex_column.av-ba2zr-67992f05f4af4f60c836981a2bb2b707{\nborder-radius:0px 0px 0px 0px;\npadding:0px 0px 0px 0px;\n}\n<\/style>\n<div  class='flex_column av-ba2zr-67992f05f4af4f60c836981a2bb2b707 av_one_fourth  avia-builder-el-14  el_after_av_one_fourth  el_before_av_one_fourth  first flex_column_div av-zero-column-padding  column-top-margin'     ><p>\n<style type=\"text\/css\" data-created_by=\"avia_inline_auto\" id=\"style-css-av-jr1udhqp-3d6c98418b140796752b72cdb7b86eaa\">\n.avia-image-container.av-jr1udhqp-3d6c98418b140796752b72cdb7b86eaa img.avia_image{\nbox-shadow:none;\n}\n.avia-image-container.av-jr1udhqp-3d6c98418b140796752b72cdb7b86eaa .av-image-caption-overlay-center{\ncolor:#ffffff;\n}\n<\/style>\n<div  class='avia-image-container av-jr1udhqp-3d6c98418b140796752b72cdb7b86eaa av-styling- av-img-linked avia-align-center  avia-builder-el-15  el_before_av_textblock  avia-builder-el-first '   itemprop=\"image\" itemscope=\"itemscope\" itemtype=\"https:\/\/schema.org\/ImageObject\" ><div class=\"avia-image-container-inner\"><div class=\"avia-image-overlay-wrap\"><a href=\"http:\/\/www.cerdanya.cat\/\" class='avia_image '  target=\"_blank\"  rel=\"noopener noreferrer\" aria-label='Logotip-Consell-Comarcal-Cerdanya'><img decoding=\"async\" fetchpriority=\"high\" class='wp-image-19418 avia-img-lazy-loading-not-19418 avia_image ' src=\"https:\/\/test393.ergatesweb7.ovh\/wp-content\/uploads\/2019\/01\/Logotip-Consell-Comarcal-Cerdanya-300x200.jpg\" alt='' title='Logotip-Consell-Comarcal-Cerdanya'  height=\"200\" width=\"300\"  itemprop=\"thumbnailUrl\"  \/><\/a><\/div><\/div><\/div><br \/>\n<section  class='av_textblock_section av-jr1u7jdf-6880d37cfbdfe00ab2a42ae3d6f811d2 '   itemscope=\"itemscope\" itemtype=\"https:\/\/schema.org\/CreativeWork\" ><div class='avia_textblock'  itemprop=\"text\" ><p style=\"text-align: center;\"><a href=\"http:\/\/www.cerdanya.cat\/\" target=\"_blank\" rel=\"noopener\">Conseil d\u00e9partemental de Cerdagne<\/a><\/p>\n<\/div><\/section><\/p><\/div>\n<style type=\"text\/css\" data-created_by=\"avia_inline_auto\" id=\"style-css-av-ba2zr-876d852d1432a93312db9a0a6d2d736e\">\n.flex_column.av-ba2zr-876d852d1432a93312db9a0a6d2d736e{\nborder-radius:0px 0px 0px 0px;\npadding:0px 0px 0px 0px;\n}\n<\/style>\n<div  class='flex_column av-ba2zr-876d852d1432a93312db9a0a6d2d736e av_one_fourth  avia-builder-el-17  el_after_av_one_fourth  el_before_av_one_fourth  flex_column_div av-zero-column-padding  column-top-margin'     ><p>\n<style type=\"text\/css\" data-created_by=\"avia_inline_auto\" id=\"style-css-av-jr1udhqp-c19b6fba6ace7de194ed8eecf26a6a57\">\n.avia-image-container.av-jr1udhqp-c19b6fba6ace7de194ed8eecf26a6a57 img.avia_image{\nbox-shadow:none;\n}\n.avia-image-container.av-jr1udhqp-c19b6fba6ace7de194ed8eecf26a6a57 .av-image-caption-overlay-center{\ncolor:#ffffff;\n}\n<\/style>\n<div  class='avia-image-container av-jr1udhqp-c19b6fba6ace7de194ed8eecf26a6a57 av-styling- av-img-linked avia-align-center  avia-builder-el-18  el_before_av_textblock  avia-builder-el-first '   itemprop=\"image\" itemscope=\"itemscope\" itemtype=\"https:\/\/schema.org\/ImageObject\" ><div class=\"avia-image-container-inner\"><div class=\"avia-image-overlay-wrap\"><a href=\"http:\/\/territori.gencat.cat\/ca\/06_territori_i_urbanisme\/idapa\/\" class='avia_image '  target=\"_blank\"  rel=\"noopener noreferrer\" aria-label='IDAPA-Logotip'><img decoding=\"async\" fetchpriority=\"high\" class='wp-image-19420 avia-img-lazy-loading-not-19420 avia_image ' src=\"https:\/\/test393.ergatesweb7.ovh\/wp-content\/uploads\/2019\/01\/IDAPA-Logotip-300x200.jpg\" alt='' title='IDAPA-Logotip'  height=\"200\" width=\"300\"  itemprop=\"thumbnailUrl\"  \/><\/a><\/div><\/div><\/div><br \/>\n<section  class='av_textblock_section av-jr1u7jdf-6880d37cfbdfe00ab2a42ae3d6f811d2 '   itemscope=\"itemscope\" itemtype=\"https:\/\/schema.org\/CreativeWork\" ><div class='avia_textblock'  itemprop=\"text\" ><p style=\"text-align: center;\"><a href=\"http:\/\/territori.gencat.cat\/ca\/06_territori_i_urbanisme\/idapa\/\" target=\"_blank\" rel=\"noopener\">IDAPA<\/a><\/p>\n<\/div><\/section><\/p><\/div>\n<style type=\"text\/css\" data-created_by=\"avia_inline_auto\" id=\"style-css-av-ba2zr-876d852d1432a93312db9a0a6d2d736e\">\n.flex_column.av-ba2zr-876d852d1432a93312db9a0a6d2d736e{\nborder-radius:0px 0px 0px 0px;\npadding:0px 0px 0px 0px;\n}\n<\/style>\n<div  class='flex_column av-ba2zr-876d852d1432a93312db9a0a6d2d736e av_one_fourth  avia-builder-el-20  el_after_av_one_fourth  el_before_av_one_fourth  flex_column_div av-zero-column-padding  column-top-margin'     ><p>\n<style type=\"text\/css\" data-created_by=\"avia_inline_auto\" id=\"style-css-av-jr1udhqp-2554a28e97695704b113303dc2f0e8dc\">\n.avia-image-container.av-jr1udhqp-2554a28e97695704b113303dc2f0e8dc img.avia_image{\nbox-shadow:none;\n}\n.avia-image-container.av-jr1udhqp-2554a28e97695704b113303dc2f0e8dc .av-image-caption-overlay-center{\ncolor:#ffffff;\n}\n<\/style>\n<div  class='avia-image-container av-jr1udhqp-2554a28e97695704b113303dc2f0e8dc av-styling- av-img-linked avia-align-center  avia-builder-el-21  el_before_av_textblock  avia-builder-el-first '   itemprop=\"image\" itemscope=\"itemscope\" itemtype=\"https:\/\/schema.org\/ImageObject\" ><div class=\"avia-image-container-inner\"><div class=\"avia-image-overlay-wrap\"><a href=\"https:\/\/www.sompirineu.cat\" class='avia_image '  target=\"_blank\"  rel=\"noopener noreferrer\" aria-label='logo_sompirineu'><img decoding=\"async\" fetchpriority=\"high\" class='wp-image-20170 avia-img-lazy-loading-not-20170 avia_image ' src=\"https:\/\/test393.ergatesweb7.ovh\/wp-content\/uploads\/2020\/04\/logo_sompirineu.png\" alt='' title='logo_sompirineu'  height=\"200\" width=\"300\"  itemprop=\"thumbnailUrl\"  \/><\/a><\/div><\/div><\/div><br \/>\n<section  class='av_textblock_section av-jr1u7jdf-6c5c3b2be9e57ee5ee88e17314ed1859 '   itemscope=\"itemscope\" itemtype=\"https:\/\/schema.org\/CreativeWork\" ><div class='avia_textblock'  itemprop=\"text\" ><p style=\"text-align: center;\"><a href=\"https:\/\/www.sompirineu.cat\" target=\"_blank\" rel=\"noopener\">SOMPirineu<\/a><\/p>\n<\/div><\/section><\/p><\/div>\n<style type=\"text\/css\" data-created_by=\"avia_inline_auto\" id=\"style-css-av-ba2zr-876d852d1432a93312db9a0a6d2d736e\">\n.flex_column.av-ba2zr-876d852d1432a93312db9a0a6d2d736e{\nborder-radius:0px 0px 0px 0px;\npadding:0px 0px 0px 0px;\n}\n<\/style>\n<div  class='flex_column av-ba2zr-876d852d1432a93312db9a0a6d2d736e av_one_fourth  avia-builder-el-23  el_after_av_one_fourth  el_before_av_one_fourth  flex_column_div av-zero-column-padding  column-top-margin'     ><p>\n<style type=\"text\/css\" data-created_by=\"avia_inline_auto\" id=\"style-css-av-jr1udhqp-81ac045913b6a6c81d43026555917b6e\">\n.avia-image-container.av-jr1udhqp-81ac045913b6a6c81d43026555917b6e img.avia_image{\nbox-shadow:none;\n}\n.avia-image-container.av-jr1udhqp-81ac045913b6a6c81d43026555917b6e .av-image-caption-overlay-center{\ncolor:#ffffff;\n}\n<\/style>\n<div  class='avia-image-container av-jr1udhqp-81ac045913b6a6c81d43026555917b6e av-styling- av-img-linked avia-align-center  avia-builder-el-24  el_before_av_textblock  avia-builder-el-first '   itemprop=\"image\" itemscope=\"itemscope\" itemtype=\"https:\/\/schema.org\/ImageObject\" ><div class=\"avia-image-container-inner\"><div class=\"avia-image-overlay-wrap\"><a href=\"http:\/\/parcsnaturals.gencat.cat\/ca\/cadi\/\" class='avia_image '  target=\"_blank\"  rel=\"noopener noreferrer\" aria-label='logo_cadi_moixero'><img decoding=\"async\" fetchpriority=\"high\" class='wp-image-20168 avia-img-lazy-loading-not-20168 avia_image ' src=\"https:\/\/test393.ergatesweb7.ovh\/wp-content\/uploads\/2020\/04\/logo_cadi_moixero-300x200.png\" alt='' title='logo_cadi_moixero'  height=\"200\" width=\"300\"  itemprop=\"thumbnailUrl\" srcset=\"https:\/\/test393.ergatesweb7.ovh\/wp-content\/uploads\/2020\/04\/logo_cadi_moixero-300x200.png 300w, https:\/\/test393.ergatesweb7.ovh\/wp-content\/uploads\/2020\/04\/logo_cadi_moixero.png 600w\" sizes=\"(max-width: 300px) 100vw, 300px\" \/><\/a><\/div><\/div><\/div><br \/>\n<section  class='av_textblock_section av-jr1u7jdf-6c5c3b2be9e57ee5ee88e17314ed1859 '   itemscope=\"itemscope\" itemtype=\"https:\/\/schema.org\/CreativeWork\" ><div class='avia_textblock'  itemprop=\"text\" ><p style=\"text-align: center;\"><a href=\"http:\/\/parcsnaturals.gencat.cat\/ca\/cadi\/\" target=\"_blank\" rel=\"noopener\">Parc Naturel Cad\u00ed-Moixer\u00f3<\/a><\/p>\n<\/div><\/section><\/p><\/div>\n<style type=\"text\/css\" data-created_by=\"avia_inline_auto\" id=\"style-css-av-ba2zr-67992f05f4af4f60c836981a2bb2b707\">\n.flex_column.av-ba2zr-67992f05f4af4f60c836981a2bb2b707{\nborder-radius:0px 0px 0px 0px;\npadding:0px 0px 0px 0px;\n}\n<\/style>\n<div  class='flex_column av-ba2zr-67992f05f4af4f60c836981a2bb2b707 av_one_fourth  avia-builder-el-26  el_after_av_one_fourth  avia-builder-el-last  first flex_column_div av-zero-column-padding  column-top-margin'     ><p>\n<style type=\"text\/css\" data-created_by=\"avia_inline_auto\" id=\"style-css-av-jr1udhqp-a4fcbc13f5ed34d8ee8b918f43d39bab\">\n.avia-image-container.av-jr1udhqp-a4fcbc13f5ed34d8ee8b918f43d39bab img.avia_image{\nbox-shadow:none;\n}\n.avia-image-container.av-jr1udhqp-a4fcbc13f5ed34d8ee8b918f43d39bab .av-image-caption-overlay-center{\ncolor:#ffffff;\n}\n<\/style>\n<div  class='avia-image-container av-jr1udhqp-a4fcbc13f5ed34d8ee8b918f43d39bab av-styling- av-img-linked avia-align-center  avia-builder-el-27  el_before_av_textblock  avia-builder-el-first '   itemprop=\"image\" itemscope=\"itemscope\" itemtype=\"https:\/\/schema.org\/ImageObject\" ><div class=\"avia-image-container-inner\"><div class=\"avia-image-overlay-wrap\"><a href=\"https:\/\/ca.wikiloc.com\/\" class='avia_image '  target=\"_blank\"  rel=\"noopener noreferrer\" aria-label='Logotip-wikiloc'><img decoding=\"async\" fetchpriority=\"high\" class='wp-image-19424 avia-img-lazy-loading-not-19424 avia_image ' src=\"https:\/\/test393.ergatesweb7.ovh\/wp-content\/uploads\/2019\/01\/Logotip-wikiloc-300x200.jpg\" alt='' title='Logotip-wikiloc'  height=\"200\" width=\"300\"  itemprop=\"thumbnailUrl\"  \/><\/a><\/div><\/div><\/div><br \/>\n<section  class='av_textblock_section av-jr1u7jdf-6880d37cfbdfe00ab2a42ae3d6f811d2 '   itemscope=\"itemscope\" itemtype=\"https:\/\/schema.org\/CreativeWork\" ><div class='avia_textblock'  itemprop=\"text\" ><p style=\"text-align: center;\"><a href=\"https:\/\/ca.wikiloc.com\/\" target=\"_blank\" rel=\"noopener\">Wikiloc<\/a><\/p>\n<\/div><\/section><\/p><\/div><\/p>\n","protected":false},"excerpt":{"rendered":"","protected":false},"author":3,"featured_media":19872,"parent":30936,"menu_order":90,"comment_status":"closed","ping_status":"closed","template":"","meta":{"footnotes":""},"class_list":["post-30919","page","type-page","status-publish","has-post-thumbnail","hentry"],"_links":{"self":[{"href":"https:\/\/test393.ergatesweb7.ovh\/fr\/wp-json\/wp\/v2\/pages\/30919","targetHints":{"allow":["GET"]}}],"collection":[{"href":"https:\/\/test393.ergatesweb7.ovh\/fr\/wp-json\/wp\/v2\/pages"}],"about":[{"href":"https:\/\/test393.ergatesweb7.ovh\/fr\/wp-json\/wp\/v2\/types\/page"}],"author":[{"embeddable":true,"href":"https:\/\/test393.ergatesweb7.ovh\/fr\/wp-json\/wp\/v2\/users\/3"}],"replies":[{"embeddable":true,"href":"https:\/\/test393.ergatesweb7.ovh\/fr\/wp-json\/wp\/v2\/comments?post=30919"}],"version-history":[{"count":4,"href":"https:\/\/test393.ergatesweb7.ovh\/fr\/wp-json\/wp\/v2\/pages\/30919\/revisions"}],"predecessor-version":[{"id":33312,"href":"https:\/\/test393.ergatesweb7.ovh\/fr\/wp-json\/wp\/v2\/pages\/30919\/revisions\/33312"}],"up":[{"embeddable":true,"href":"https:\/\/test393.ergatesweb7.ovh\/fr\/wp-json\/wp\/v2\/pages\/30936"}],"wp:featuredmedia":[{"embeddable":true,"href":"https:\/\/test393.ergatesweb7.ovh\/fr\/wp-json\/wp\/v2\/media\/19872"}],"wp:attachment":[{"href":"https:\/\/test393.ergatesweb7.ovh\/fr\/wp-json\/wp\/v2\/media?parent=30919"}],"curies":[{"name":"wp","href":"https:\/\/api.w.org\/{rel}","templated":true}]}}