{"id":30915,"date":"2022-04-13T17:13:59","date_gmt":"2022-04-13T15:13:59","guid":{"rendered":"https:\/\/www.cerdanya.org\/tourisme-actif\/"},"modified":"2022-04-28T22:09:00","modified_gmt":"2022-04-28T20:09:00","slug":"tourisme-actif","status":"publish","type":"page","link":"https:\/\/test393.ergatesweb7.ovh\/fr\/que-faire\/tourisme-actif\/","title":{"rendered":"Tourisme actif"},"content":{"rendered":"<section  class='av_textblock_section av-jr0tpmru-9d67a34920d6794228cfb88426230f78 '   itemscope=\"itemscope\" itemtype=\"https:\/\/schema.org\/CreativeWork\" ><div class='avia_textblock'  itemprop=\"text\" ><blockquote>\n<p>La Cerdagne est un lieu id\u00e9al pour pratiquer le sport dans un environnement unique, un environnement qui nous offre un large \u00e9ventail de possibilit\u00e9s pour tout type de sport, itin\u00e9raires de VTT, sentiers de courte et longue distance, ski nordique, ski alpin, terrains de golf, \u00e9quitation, p\u00eache, alpinisme, escalade, raquettes,\u2026 vous trouverez dans la r\u00e9gion des entreprises sp\u00e9cialis\u00e9es dans ces sports, avec des professionnels qui feront de ces activit\u00e9s une aventure en toute s\u00e9curit\u00e9.<\/p>\n<\/blockquote>\n<\/div><\/section>\n\n<style type=\"text\/css\" data-created_by=\"avia_inline_auto\" id=\"style-css-av-a99mf-81ff8695991c394e9e5df2b56be3457f\">\n.flex_column.av-a99mf-81ff8695991c394e9e5df2b56be3457f{\nborder-radius:0px 0px 0px 0px;\npadding:0px 0px 0px 0px;\n}\n<\/style>\n<div  class='flex_column av-a99mf-81ff8695991c394e9e5df2b56be3457f av_one_full  avia-builder-el-1  el_after_av_textblock  avia-builder-el-last  first flex_column_div av-zero-column-padding  column-top-margin'     ><\/div>\n","protected":false},"excerpt":{"rendered":"","protected":false},"author":3,"featured_media":19834,"parent":30953,"menu_order":20,"comment_status":"closed","ping_status":"closed","template":"","meta":{"footnotes":""},"class_list":["post-30915","page","type-page","status-publish","has-post-thumbnail","hentry"],"_links":{"self":[{"href":"https:\/\/test393.ergatesweb7.ovh\/fr\/wp-json\/wp\/v2\/pages\/30915","targetHints":{"allow":["GET"]}}],"collection":[{"href":"https:\/\/test393.ergatesweb7.ovh\/fr\/wp-json\/wp\/v2\/pages"}],"about":[{"href":"https:\/\/test393.ergatesweb7.ovh\/fr\/wp-json\/wp\/v2\/types\/page"}],"author":[{"embeddable":true,"href":"https:\/\/test393.ergatesweb7.ovh\/fr\/wp-json\/wp\/v2\/users\/3"}],"replies":[{"embeddable":true,"href":"https:\/\/test393.ergatesweb7.ovh\/fr\/wp-json\/wp\/v2\/comments?post=30915"}],"version-history":[{"count":4,"href":"https:\/\/test393.ergatesweb7.ovh\/fr\/wp-json\/wp\/v2\/pages\/30915\/revisions"}],"predecessor-version":[{"id":33470,"href":"https:\/\/test393.ergatesweb7.ovh\/fr\/wp-json\/wp\/v2\/pages\/30915\/revisions\/33470"}],"up":[{"embeddable":true,"href":"https:\/\/test393.ergatesweb7.ovh\/fr\/wp-json\/wp\/v2\/pages\/30953"}],"wp:featuredmedia":[{"embeddable":true,"href":"https:\/\/test393.ergatesweb7.ovh\/fr\/wp-json\/wp\/v2\/media\/19834"}],"wp:attachment":[{"href":"https:\/\/test393.ergatesweb7.ovh\/fr\/wp-json\/wp\/v2\/media?parent=30915"}],"curies":[{"name":"wp","href":"https:\/\/api.w.org\/{rel}","templated":true}]}}