{"id":30911,"date":"2022-04-13T17:08:23","date_gmt":"2022-04-13T15:08:23","guid":{"rendered":"https:\/\/www.cerdanya.org\/tourisme-culturel\/"},"modified":"2022-04-28T23:05:04","modified_gmt":"2022-04-28T21:05:04","slug":"tourisme-culturel","status":"publish","type":"page","link":"https:\/\/test393.ergatesweb7.ovh\/fr\/que-faire\/tourisme-culturel\/","title":{"rendered":"Tourisme culturel"},"content":{"rendered":"<section  class='av_textblock_section av-k7q40d77-d3ec0f13f74df62bfdf97ab1c9cb339b '   itemscope=\"itemscope\" itemtype=\"https:\/\/schema.org\/CreativeWork\" ><div class='avia_textblock'  itemprop=\"text\" ><blockquote>\n<p>L&rsquo;histoire riche et intense de la Cerdagne a dot\u00e9 la r\u00e9gion d&rsquo;un riche patrimoine culturel, dont l&rsquo;exemple le plus important est l&rsquo;architecture religieuse romane, repr\u00e9sent\u00e9e dans presque toutes les villes. La Cerdagne permet aux visiteurs de voyager dans le temps, gr\u00e2ce au large \u00e9ventail d&rsquo;\u00e9glises, de couvents, de paroisses et d&rsquo;\u00e9difices religieux qui pr\u00e9servent l&rsquo;histoire de la r\u00e9gion. Ses murs ont \u00e9t\u00e9 t\u00e9moins du passage du temps dans la vall\u00e9e et se pr\u00e9sentent comme un point de grand int\u00e9r\u00eat touristique pour tous ceux qui veulent conna\u00eetre la r\u00e9gion de pr\u00e8s.<\/p>\n<p>En Cerdagne, nous profitons \u00e9galement de plusieurs mus\u00e9es et sites historiques qui composent le riche r\u00e9seau culturel de la r\u00e9gion.<\/p>\n<\/blockquote>\n<\/div><\/section>\n\n<style type=\"text\/css\" data-created_by=\"avia_inline_auto\" id=\"style-css-av-8ev70-c42d1a84abd9de3969a330b0ebd373c5\">\n.flex_column.av-8ev70-c42d1a84abd9de3969a330b0ebd373c5{\nborder-radius:0px 0px 0px 0px;\npadding:0px 0px 0px 0px;\n}\n<\/style>\n<div  class='flex_column av-8ev70-c42d1a84abd9de3969a330b0ebd373c5 av_one_full  avia-builder-el-1  el_after_av_textblock  avia-builder-el-last  first flex_column_div av-zero-column-padding  column-top-margin'     ><\/div>\n","protected":false},"excerpt":{"rendered":"","protected":false},"author":3,"featured_media":19826,"parent":30953,"menu_order":30,"comment_status":"closed","ping_status":"closed","template":"","meta":{"footnotes":""},"class_list":["post-30911","page","type-page","status-publish","has-post-thumbnail","hentry"],"_links":{"self":[{"href":"https:\/\/test393.ergatesweb7.ovh\/fr\/wp-json\/wp\/v2\/pages\/30911"}],"collection":[{"href":"https:\/\/test393.ergatesweb7.ovh\/fr\/wp-json\/wp\/v2\/pages"}],"about":[{"href":"https:\/\/test393.ergatesweb7.ovh\/fr\/wp-json\/wp\/v2\/types\/page"}],"author":[{"embeddable":true,"href":"https:\/\/test393.ergatesweb7.ovh\/fr\/wp-json\/wp\/v2\/users\/3"}],"replies":[{"embeddable":true,"href":"https:\/\/test393.ergatesweb7.ovh\/fr\/wp-json\/wp\/v2\/comments?post=30911"}],"version-history":[{"count":6,"href":"https:\/\/test393.ergatesweb7.ovh\/fr\/wp-json\/wp\/v2\/pages\/30911\/revisions"}],"predecessor-version":[{"id":34444,"href":"https:\/\/test393.ergatesweb7.ovh\/fr\/wp-json\/wp\/v2\/pages\/30911\/revisions\/34444"}],"up":[{"embeddable":true,"href":"https:\/\/test393.ergatesweb7.ovh\/fr\/wp-json\/wp\/v2\/pages\/30953"}],"wp:featuredmedia":[{"embeddable":true,"href":"https:\/\/test393.ergatesweb7.ovh\/fr\/wp-json\/wp\/v2\/media\/19826"}],"wp:attachment":[{"href":"https:\/\/test393.ergatesweb7.ovh\/fr\/wp-json\/wp\/v2\/media?parent=30911"}],"curies":[{"name":"wp","href":"https:\/\/api.w.org\/{rel}","templated":true}]}}