{"id":30891,"date":"2022-04-13T16:48:37","date_gmt":"2022-04-13T14:48:37","guid":{"rendered":"https:\/\/www.cerdanya.org\/randonnee\/"},"modified":"2023-02-13T15:41:39","modified_gmt":"2023-02-13T14:41:39","slug":"randonnee","status":"publish","type":"page","link":"https:\/\/test393.ergatesweb7.ovh\/fr\/que-faire\/tourisme-actif\/randonnee\/","title":{"rendered":"Randonn\u00e9e"},"content":{"rendered":"<section  class='av_textblock_section av-k6m0wljw-a0bc2189291d55c28be6e0bf5554b3ec '   itemscope=\"itemscope\" itemtype=\"https:\/\/schema.org\/CreativeWork\" ><div class='avia_textblock'  itemprop=\"text\" ><blockquote>\n<p>Vous trouverez ci-dessous les entreprises de la Cerdagne qui proposent diff\u00e9rentes activit\u00e9s de randonn\u00e9e.<\/p>\n<\/blockquote>\n<\/div><\/section>\n\n<style type=\"text\/css\" data-created_by=\"avia_inline_auto\" id=\"style-css-av-38sfs6-918b4afe062b0d7ee91834c18b276ac8\">\n.flex_column.av-38sfs6-918b4afe062b0d7ee91834c18b276ac8{\nborder-radius:0px 0px 0px 0px;\npadding:0px 0px 0px 0px;\n}\n<\/style>\n<div  class='flex_column av-38sfs6-918b4afe062b0d7ee91834c18b276ac8 av_one_full  avia-builder-el-1  el_after_av_textblock  el_before_av_hr  first flex_column_div av-zero-column-padding  column-top-margin'     ><\/div>\n\n<style type=\"text\/css\" data-created_by=\"avia_inline_auto\" id=\"style-css-av-k85pa6rk-007a5ed7fed2aaea34e9e3e23f59a7d0\">\n#top .hr.hr-invisible.av-k85pa6rk-007a5ed7fed2aaea34e9e3e23f59a7d0{\nheight:20px;\n}\n<\/style>\n<div  class='hr av-k85pa6rk-007a5ed7fed2aaea34e9e3e23f59a7d0 hr-invisible  avia-builder-el-3  el_after_av_one_full  el_before_av_one_fourth '><span class='hr-inner '><span class=\"hr-inner-style\"><\/span><\/span><\/div>\n\n<style type=\"text\/css\" data-created_by=\"avia_inline_auto\" id=\"style-css-av-2hpeym-6d4e357229310061560ce3fbb53e57ed\">\n.flex_column.av-2hpeym-6d4e357229310061560ce3fbb53e57ed{\nborder-radius:0px 0px 0px 0px;\npadding:0px 0px 0px 0px;\n}\n<\/style>\n<div  class='flex_column av-2hpeym-6d4e357229310061560ce3fbb53e57ed av_one_fourth  avia-builder-el-4  el_after_av_hr  el_before_av_one_half  first flex_column_div av-zero-column-padding  '     ><\/div>\n\n<style type=\"text\/css\" data-created_by=\"avia_inline_auto\" id=\"style-css-av-2hpeym-5e09124b11f2b290a1d439151aa0ea74\">\n.flex_column.av-2hpeym-5e09124b11f2b290a1d439151aa0ea74{\nborder-radius:0px 0px 0px 0px;\npadding:0px 0px 0px 0px;\n}\n<\/style>\n<div  class='flex_column av-2hpeym-5e09124b11f2b290a1d439151aa0ea74 av_one_half  avia-builder-el-5  el_after_av_one_fourth  avia-builder-el-last  flex_column_div av-zero-column-padding  '     ><div  class='av_promobox av-k74ecqi6-453bad8ca5000a65fe0046134a3c6f62 avia-button-no  avia-builder-el-6  avia-builder-el-no-sibling '><div class='avia-promocontent'><\/p>\n<p style=\"text-align: center;\">Si vous avez une entreprise de randonn\u00e9e bas\u00e9e en Cerdagne et que vous n&rsquo;\u00eates pas sur le Web, <a href=\"https:\/\/www.cerdanya.org\/fr\/informations-utiles\/contact\/\">veuillez nous contacter<\/a> .<\/p>\n<p>\n<\/div><\/div><\/div>\n","protected":false},"excerpt":{"rendered":"","protected":false},"author":3,"featured_media":19834,"parent":30915,"menu_order":10,"comment_status":"closed","ping_status":"closed","template":"","meta":{"footnotes":""},"class_list":["post-30891","page","type-page","status-publish","has-post-thumbnail","hentry"],"_links":{"self":[{"href":"https:\/\/test393.ergatesweb7.ovh\/fr\/wp-json\/wp\/v2\/pages\/30891","targetHints":{"allow":["GET"]}}],"collection":[{"href":"https:\/\/test393.ergatesweb7.ovh\/fr\/wp-json\/wp\/v2\/pages"}],"about":[{"href":"https:\/\/test393.ergatesweb7.ovh\/fr\/wp-json\/wp\/v2\/types\/page"}],"author":[{"embeddable":true,"href":"https:\/\/test393.ergatesweb7.ovh\/fr\/wp-json\/wp\/v2\/users\/3"}],"replies":[{"embeddable":true,"href":"https:\/\/test393.ergatesweb7.ovh\/fr\/wp-json\/wp\/v2\/comments?post=30891"}],"version-history":[{"count":11,"href":"https:\/\/test393.ergatesweb7.ovh\/fr\/wp-json\/wp\/v2\/pages\/30891\/revisions"}],"predecessor-version":[{"id":42196,"href":"https:\/\/test393.ergatesweb7.ovh\/fr\/wp-json\/wp\/v2\/pages\/30891\/revisions\/42196"}],"up":[{"embeddable":true,"href":"https:\/\/test393.ergatesweb7.ovh\/fr\/wp-json\/wp\/v2\/pages\/30915"}],"wp:featuredmedia":[{"embeddable":true,"href":"https:\/\/test393.ergatesweb7.ovh\/fr\/wp-json\/wp\/v2\/media\/19834"}],"wp:attachment":[{"href":"https:\/\/test393.ergatesweb7.ovh\/fr\/wp-json\/wp\/v2\/media?parent=30891"}],"curies":[{"name":"wp","href":"https:\/\/api.w.org\/{rel}","templated":true}]}}