{"id":30887,"date":"2022-04-13T16:47:36","date_gmt":"2022-04-13T14:47:36","guid":{"rendered":"https:\/\/www.cerdanya.org\/trinxat-de-cerdagne\/"},"modified":"2022-05-28T16:45:31","modified_gmt":"2022-05-28T14:45:31","slug":"trinxat-de-cerdagne","status":"publish","type":"page","link":"https:\/\/test393.ergatesweb7.ovh\/fr\/gastronomie\/recettes\/trinxat-de-cerdagne\/","title":{"rendered":"Trinxat de Cerdanya"},"content":{"rendered":"<div id='av_section_1'  class='avia-section av-hcg34-dbb0092a76b1e9b02c598c8889c3246c main_color avia-section-default avia-no-border-styling  avia-builder-el-0  avia-builder-el-no-sibling  avia-bg-style-scroll container_wrap fullsize'  ><div class='container av-section-cont-open' ><main  role=\"main\" itemprop=\"mainContentOfPage\"  class='template-page content  av-content-full alpha units'><div class='post-entry post-entry-type-page post-entry-30887'><div class='entry-content-wrapper clearfix'>\n\n<style type=\"text\/css\" data-created_by=\"avia_inline_auto\" id=\"style-css-av-d62i8-e1b62b7dc067bcf2940624526674b441\">\n.flex_column.av-d62i8-e1b62b7dc067bcf2940624526674b441{\nborder-radius:0px 0px 0px 0px;\npadding:0px 0px 0px 0px;\n}\n<\/style>\n<div  class='flex_column av-d62i8-e1b62b7dc067bcf2940624526674b441 av_one_third  avia-builder-el-1  el_before_av_two_third  avia-builder-el-first  first flex_column_div av-zero-column-padding  '     ><p>\n<style type=\"text\/css\" data-created_by=\"avia_inline_auto\" id=\"style-css-av-2tt6ga-d43f8eb16d285ca21156ac8bc4d744e4\">\n#top .av-special-heading.av-2tt6ga-d43f8eb16d285ca21156ac8bc4d744e4{\npadding-bottom:20px;\n}\nbody .av-special-heading.av-2tt6ga-d43f8eb16d285ca21156ac8bc4d744e4 .av-special-heading-tag .heading-char{\nfont-size:25px;\n}\n.av-special-heading.av-2tt6ga-d43f8eb16d285ca21156ac8bc4d744e4 .av-subheading{\nfont-size:15px;\n}\n<\/style>\n<div  class='av-special-heading av-2tt6ga-d43f8eb16d285ca21156ac8bc4d744e4 av-special-heading-h2 blockquote modern-quote  avia-builder-el-2  el_before_av_image  avia-builder-el-first  av-linked-heading'><h2 class='av-special-heading-tag '  itemprop=\"headline\"  >Trinxat de Cerdanya<\/h2><div class=\"special-heading-border\"><div class=\"special-heading-inner-border\"><\/div><\/div><\/div><br \/>\n\n<style type=\"text\/css\" data-created_by=\"avia_inline_auto\" id=\"style-css-av-jvc89ocd-7e6a8ca99fa3111f892ac044caccd84d\">\n.avia-image-container.av-jvc89ocd-7e6a8ca99fa3111f892ac044caccd84d img.avia_image{\nbox-shadow:none;\n}\n.avia-image-container.av-jvc89ocd-7e6a8ca99fa3111f892ac044caccd84d .av-image-caption-overlay-center{\ncolor:#ffffff;\n}\n<\/style>\n<div  class='avia-image-container av-jvc89ocd-7e6a8ca99fa3111f892ac044caccd84d av-styling- avia-align-center  avia-builder-el-3  el_after_av_heading  el_before_av_textblock '   itemprop=\"image\" itemscope=\"itemscope\" itemtype=\"https:\/\/schema.org\/ImageObject\" ><div class=\"avia-image-container-inner\"><div class=\"avia-image-overlay-wrap\"><img decoding=\"async\" fetchpriority=\"high\" class='wp-image-19794 avia-img-lazy-loading-not-19794 avia_image ' src=\"https:\/\/test393.ergatesweb7.ovh\/wp-content\/uploads\/2019\/05\/trinxat-1030x677.jpg\" alt='' title='trinxat'  height=\"677\" width=\"1030\"  itemprop=\"thumbnailUrl\" srcset=\"https:\/\/test393.ergatesweb7.ovh\/wp-content\/uploads\/2019\/05\/trinxat-1030x677.jpg 1030w, https:\/\/test393.ergatesweb7.ovh\/wp-content\/uploads\/2019\/05\/trinxat-300x197.jpg 300w, https:\/\/test393.ergatesweb7.ovh\/wp-content\/uploads\/2019\/05\/trinxat-768x505.jpg 768w, https:\/\/test393.ergatesweb7.ovh\/wp-content\/uploads\/2019\/05\/trinxat-1500x985.jpg 1500w, https:\/\/test393.ergatesweb7.ovh\/wp-content\/uploads\/2019\/05\/trinxat-705x463.jpg 705w, https:\/\/test393.ergatesweb7.ovh\/wp-content\/uploads\/2019\/05\/trinxat-450x296.jpg 450w, https:\/\/test393.ergatesweb7.ovh\/wp-content\/uploads\/2019\/05\/trinxat.jpg 1746w\" sizes=\"(max-width: 1030px) 100vw, 1030px\" \/><\/div><\/div><\/div><br \/>\n<section  class='av_textblock_section av-jvc87pz8-24e22b4bdaf5d3db5e617461c51bdbd2 '   itemscope=\"itemscope\" itemtype=\"https:\/\/schema.org\/CreativeWork\" ><div class='avia_textblock'  itemprop=\"text\" ><p><strong>Auteur<\/strong><\/p>\n<p><a href=\"http:\/\/www.cuinacatalana.eu\/\" target=\"_blank\" rel=\"noopener\">Fondation de l&rsquo;Institut catalan de la cuisine et de la culture gastronomique<\/a><\/p>\n<\/div><\/section><\/p><\/div>\n<style type=\"text\/css\" data-created_by=\"avia_inline_auto\" id=\"style-css-av-8udkg-49e0a2a8e2ba57ff1decc227e1ecf295\">\n.flex_column.av-8udkg-49e0a2a8e2ba57ff1decc227e1ecf295{\nborder-radius:0px 0px 0px 0px;\npadding:0px 0px 0px 0px;\n}\n<\/style>\n<div  class='flex_column av-8udkg-49e0a2a8e2ba57ff1decc227e1ecf295 av_two_third  avia-builder-el-5  el_after_av_one_third  avia-builder-el-last  flex_column_div av-zero-column-padding  '     ><p>\n<style type=\"text\/css\" data-created_by=\"avia_inline_auto\" id=\"style-css-av-jvc8k2v5-b530ae9fea88d9b2892306e99c5cd481\">\n#top .hr.hr-invisible.av-jvc8k2v5-b530ae9fea88d9b2892306e99c5cd481{\nheight:30px;\n}\n<\/style>\n<div  class='hr av-jvc8k2v5-b530ae9fea88d9b2892306e99c5cd481 hr-invisible  avia-builder-el-6  el_before_av_textblock  avia-builder-el-first '><span class='hr-inner '><span class=\"hr-inner-style\"><\/span><\/span><\/div><br \/>\n<section  class='av_textblock_section av-jvc87pz8-24e22b4bdaf5d3db5e617461c51bdbd2 '   itemscope=\"itemscope\" itemtype=\"https:\/\/schema.org\/CreativeWork\" ><div class='avia_textblock'  itemprop=\"text\" ><p><strong>Ingr\u00e9dients<\/strong><\/p>\n<ul>\n<li>1 chou d&rsquo;hiver<\/li>\n<li>1 kg de pommes de terre<\/li>\n<li>4 tranches de roustes (lard)<\/li>\n<li>Huile \/ Sel \/ Eau<\/li>\n<\/ul>\n<p><strong>\u00c9laboration<\/strong><\/p>\n<p>Faire bouillir les pommes de terre et le chou dans de l&rsquo;eau avec une pinc\u00e9e de sel jusqu&rsquo;\u00e0 ce qu&rsquo;ils aient presque fondus. Dans une po\u00eale avec de l&rsquo;huile, dorer les tranches de bacon et r\u00e9server. Dans la m\u00eame huile, faites revenir les pommes de terre et le chou bien \u00e9goutt\u00e9s en les remuant et en les \u00e9crasant. Au moment de servir le plat, placez le bacon sur le dessus.<\/p>\n<p><strong>Variantes<\/strong><\/p>\n<p>Il peut \u00eatre accompagn\u00e9 de tranches de boudin noir pass\u00e9es \u00e0 la po\u00eale ou d&rsquo;un hareng.<br \/>\nVous pouvez mettre le \u00ab\u00a0trinxat\u00a0\u00bb dans la po\u00eale avec la rouste.<\/p>\n<p>Vous pouvez \u00e9galement passer le tout dans la po\u00eale en le laissant l\u00e9g\u00e8rement griller des deux c\u00f4t\u00e9s.<\/p>\n<\/div><\/section><br \/>\n\n<style type=\"text\/css\" data-created_by=\"avia_inline_auto\" id=\"style-css-av-k9l2lsyj-50136044f64ae289a9abd2cb136752bb\">\n#top .hr.hr-invisible.av-k9l2lsyj-50136044f64ae289a9abd2cb136752bb{\nheight:20px;\n}\n<\/style>\n<div  class='hr av-k9l2lsyj-50136044f64ae289a9abd2cb136752bb hr-invisible  avia-builder-el-8  el_after_av_textblock  el_before_av_button '><span class='hr-inner '><span class=\"hr-inner-style\"><\/span><\/span><\/div><br \/>\n<div  class='avia-button-wrap av-k9l2nixi-8a37958b7bc6118f6fe32535001d6c2a-wrap avia-button-center  avia-builder-el-9  el_after_av_hr  avia-builder-el-last '>\n<style type=\"text\/css\" data-created_by=\"avia_inline_auto\" id=\"style-css-av-k9l2nixi-8a37958b7bc6118f6fe32535001d6c2a\">\n#top #wrap_all .avia-button.av-k9l2nixi-8a37958b7bc6118f6fe32535001d6c2a{\nbackground-color:#9e9e9e;\nborder-color:#9e9e9e;\ncolor:#ffffff;\ntransition:all 0.4s ease-in-out;\n}\n#top #wrap_all .avia-button.av-k9l2nixi-8a37958b7bc6118f6fe32535001d6c2a .avia-svg-icon svg:first-child{\nfill:#ffffff;\nstroke:#ffffff;\n}\n<\/style>\n<a href='http:\/\/www.cerdanya.org\/wp-content\/uploads\/2020\/04\/recepta-trinxat.pdf'  class='avia-button av-k9l2nixi-8a37958b7bc6118f6fe32535001d6c2a av-link-btn avia-icon_select-yes-right-icon avia-size-large avia-position-center'  target=\"_blank\"  rel=\"noopener noreferrer\"  aria-label=\"T\u00e9l\u00e9chargez la recette\"><span class='avia_iconbox_title' >T\u00e9l\u00e9chargez la recette<\/span><span class='avia_button_icon avia_button_icon_right avia-iconfont avia-font-entypo-fontello' data-av_icon='\ue838' data-av_iconfont='entypo-fontello' ><\/span><\/a><\/div><\/p><\/div>\n","protected":false},"excerpt":{"rendered":"","protected":false},"author":3,"featured_media":19794,"parent":30943,"menu_order":10,"comment_status":"closed","ping_status":"closed","template":"","meta":{"footnotes":""},"class_list":["post-30887","page","type-page","status-publish","has-post-thumbnail","hentry"],"_links":{"self":[{"href":"https:\/\/test393.ergatesweb7.ovh\/fr\/wp-json\/wp\/v2\/pages\/30887","targetHints":{"allow":["GET"]}}],"collection":[{"href":"https:\/\/test393.ergatesweb7.ovh\/fr\/wp-json\/wp\/v2\/pages"}],"about":[{"href":"https:\/\/test393.ergatesweb7.ovh\/fr\/wp-json\/wp\/v2\/types\/page"}],"author":[{"embeddable":true,"href":"https:\/\/test393.ergatesweb7.ovh\/fr\/wp-json\/wp\/v2\/users\/3"}],"replies":[{"embeddable":true,"href":"https:\/\/test393.ergatesweb7.ovh\/fr\/wp-json\/wp\/v2\/comments?post=30887"}],"version-history":[{"count":8,"href":"https:\/\/test393.ergatesweb7.ovh\/fr\/wp-json\/wp\/v2\/pages\/30887\/revisions"}],"predecessor-version":[{"id":36477,"href":"https:\/\/test393.ergatesweb7.ovh\/fr\/wp-json\/wp\/v2\/pages\/30887\/revisions\/36477"}],"up":[{"embeddable":true,"href":"https:\/\/test393.ergatesweb7.ovh\/fr\/wp-json\/wp\/v2\/pages\/30943"}],"wp:featuredmedia":[{"embeddable":true,"href":"https:\/\/test393.ergatesweb7.ovh\/fr\/wp-json\/wp\/v2\/media\/19794"}],"wp:attachment":[{"href":"https:\/\/test393.ergatesweb7.ovh\/fr\/wp-json\/wp\/v2\/media?parent=30887"}],"curies":[{"name":"wp","href":"https:\/\/api.w.org\/{rel}","templated":true}]}}