{"id":30881,"date":"2022-04-13T16:33:24","date_gmt":"2022-04-13T14:33:24","guid":{"rendered":"https:\/\/www.cerdanya.org\/canard-aux-navets\/"},"modified":"2022-04-28T14:01:03","modified_gmt":"2022-04-28T12:01:03","slug":"canard-aux-navets","status":"publish","type":"page","link":"https:\/\/test393.ergatesweb7.ovh\/fr\/gastronomie\/recettes\/canard-aux-navets\/","title":{"rendered":"Canard aux navets"},"content":{"rendered":"\n<style type=\"text\/css\" data-created_by=\"avia_inline_auto\" id=\"style-css-av-d62i8-e1b62b7dc067bcf2940624526674b441\">\n.flex_column.av-d62i8-e1b62b7dc067bcf2940624526674b441{\nborder-radius:0px 0px 0px 0px;\npadding:0px 0px 0px 0px;\n}\n<\/style>\n<div  class='flex_column av-d62i8-e1b62b7dc067bcf2940624526674b441 av_one_third  avia-builder-el-0  el_before_av_two_third  avia-builder-el-first  first flex_column_div av-zero-column-padding  '     ><p>\n<style type=\"text\/css\" data-created_by=\"avia_inline_auto\" id=\"style-css-av-2vw72k-a9a3d8ca45c0fceb6f3cfe24e8cf5a28\">\n#top .av-special-heading.av-2vw72k-a9a3d8ca45c0fceb6f3cfe24e8cf5a28{\npadding-bottom:20px;\n}\nbody .av-special-heading.av-2vw72k-a9a3d8ca45c0fceb6f3cfe24e8cf5a28 .av-special-heading-tag .heading-char{\nfont-size:25px;\n}\n.av-special-heading.av-2vw72k-a9a3d8ca45c0fceb6f3cfe24e8cf5a28 .av-subheading{\nfont-size:15px;\n}\n<\/style>\n<div  class='av-special-heading av-2vw72k-a9a3d8ca45c0fceb6f3cfe24e8cf5a28 av-special-heading-h2 blockquote modern-quote av-linked-heading'><h2 class='av-special-heading-tag '  itemprop=\"headline\"  >Canard aux navets<\/h2><div class=\"special-heading-border\"><div class=\"special-heading-inner-border\"><\/div><\/div><\/div><br \/>\n\n<style type=\"text\/css\" data-created_by=\"avia_inline_auto\" id=\"style-css-av-jvc89ocd-f739c1753f45c179876f746c8232c34d\">\n.avia-image-container.av-jvc89ocd-f739c1753f45c179876f746c8232c34d img.avia_image{\nbox-shadow:none;\n}\n.avia-image-container.av-jvc89ocd-f739c1753f45c179876f746c8232c34d .av-image-caption-overlay-center{\ncolor:#ffffff;\n}\n<\/style>\n<div  class='avia-image-container av-jvc89ocd-f739c1753f45c179876f746c8232c34d av-styling- avia-align-center  avia-builder-el-1  el_before_av_textblock  avia-builder-el-first '   itemprop=\"image\" itemscope=\"itemscope\" itemtype=\"https:\/\/schema.org\/ImageObject\" ><div class=\"avia-image-container-inner\"><div class=\"avia-image-overlay-wrap\"><img decoding=\"async\" fetchpriority=\"high\" class='wp-image-19788 avia-img-lazy-loading-not-19788 avia_image ' src=\"https:\/\/test393.ergatesweb7.ovh\/wp-content\/uploads\/2019\/05\/anec_amb_naps.jpg\" alt='' title='anec_amb_naps'  height=\"591\" width=\"614\"  itemprop=\"thumbnailUrl\" srcset=\"https:\/\/test393.ergatesweb7.ovh\/wp-content\/uploads\/2019\/05\/anec_amb_naps.jpg 614w, https:\/\/test393.ergatesweb7.ovh\/wp-content\/uploads\/2019\/05\/anec_amb_naps-300x289.jpg 300w, https:\/\/test393.ergatesweb7.ovh\/wp-content\/uploads\/2019\/05\/anec_amb_naps-36x36.jpg 36w, https:\/\/test393.ergatesweb7.ovh\/wp-content\/uploads\/2019\/05\/anec_amb_naps-450x433.jpg 450w\" sizes=\"(max-width: 614px) 100vw, 614px\" \/><\/div><\/div><\/div><br \/>\n<section  class='av_textblock_section av-jvc87pz8-24e22b4bdaf5d3db5e617461c51bdbd2 '   itemscope=\"itemscope\" itemtype=\"https:\/\/schema.org\/CreativeWork\" ><div class='avia_textblock'  itemprop=\"text\" ><p><strong>Auteur<\/strong><\/p>\n<p><a href=\"http:\/\/www.cuinacatalana.eu\/\" target=\"_blank\" rel=\"noopener\">Fondation de l&rsquo;Institut catalan de la cuisine et de la culture gastronomique<\/a><\/p>\n<\/div><\/section><\/p><\/div>\n\n<style type=\"text\/css\" data-created_by=\"avia_inline_auto\" id=\"style-css-av-8udkg-49e0a2a8e2ba57ff1decc227e1ecf295\">\n.flex_column.av-8udkg-49e0a2a8e2ba57ff1decc227e1ecf295{\nborder-radius:0px 0px 0px 0px;\npadding:0px 0px 0px 0px;\n}\n<\/style>\n<div  class='flex_column av-8udkg-49e0a2a8e2ba57ff1decc227e1ecf295 av_two_third  avia-builder-el-3  el_after_av_one_third  avia-builder-el-last  flex_column_div av-zero-column-padding  '     ><p>\n<style type=\"text\/css\" data-created_by=\"avia_inline_auto\" id=\"style-css-av-jvc8k2v5-b530ae9fea88d9b2892306e99c5cd481\">\n#top .hr.hr-invisible.av-jvc8k2v5-b530ae9fea88d9b2892306e99c5cd481{\nheight:30px;\n}\n<\/style>\n<div  class='hr av-jvc8k2v5-b530ae9fea88d9b2892306e99c5cd481 hr-invisible  avia-builder-el-4  el_before_av_textblock  avia-builder-el-first '><span class='hr-inner '><span class=\"hr-inner-style\"><\/span><\/span><\/div><br \/>\n<section  class='av_textblock_section av-jvc87pz8-24e22b4bdaf5d3db5e617461c51bdbd2 '   itemscope=\"itemscope\" itemtype=\"https:\/\/schema.org\/CreativeWork\" ><div class='avia_textblock'  itemprop=\"text\" ><p><strong>Ingr\u00e9dients<\/strong><\/p>\n<ul>\n<li>1 canard hach\u00e9<\/li>\n<li>500 g de navets de Cerdagne<\/li>\n<li>3 tomates r\u00e2p\u00e9es<\/li>\n<li>1 oignon hach\u00e9<\/li>\n<li>Un bouquet d&rsquo;herbes : laurier, thym, cannelle<\/li>\n<li>Farine \/ Sel \/ Poivre \/ Huile \/ Eau<\/li>\n<\/ul>\n<p><strong>Pour faire la \u00ab\u00a0picada\u00a0\u00bb :<\/strong><\/p>\n<ul>\n<li>2 gousses d&rsquo;ail<\/li>\n<li>1 g\u00e2teau sec<\/li>\n<li>Une poign\u00e9e d&rsquo;amandes grill\u00e9es<\/li>\n<li>Un trait de vin rance<\/li>\n<\/ul>\n<p><strong>\u00c9laboration<\/strong><\/p>\n<p>Assaisonnez et faites dorer le canard dans une casserole et r\u00e9servez. Dans la m\u00eame po\u00eale, faire revenir l&rsquo;oignon et la tomate. Ajoutez le canard, ajoutez de l&rsquo;eau, et cuire lentement. \u00c9pluchez, \u00e9bouillantez, enfarinez et fa\u00eetes frire les navets. Ajoutez-les dans la cocotte une demi-heure avant la fin de la cuisson, ainsi que la \u00ab\u00a0picada\u00a0\u00bb avec le vin rance.<\/p>\n<\/div><\/section><br \/>\n\n<style type=\"text\/css\" data-created_by=\"avia_inline_auto\" id=\"style-css-av-k9l2kgr8-0456632f1399cc8843ccc2f96eca5906\">\n#top .hr.hr-invisible.av-k9l2kgr8-0456632f1399cc8843ccc2f96eca5906{\nheight:20px;\n}\n<\/style>\n<div  class='hr av-k9l2kgr8-0456632f1399cc8843ccc2f96eca5906 hr-invisible  avia-builder-el-6  el_after_av_textblock  el_before_av_button '><span class='hr-inner '><span class=\"hr-inner-style\"><\/span><\/span><\/div><br \/>\n<div  class='avia-button-wrap av-k9l2f50n-deaf037d149045be226cd39e86ea9fe6-wrap avia-button-center  avia-builder-el-7  el_after_av_hr  avia-builder-el-last '>\n<style type=\"text\/css\" data-created_by=\"avia_inline_auto\" id=\"style-css-av-k9l2f50n-deaf037d149045be226cd39e86ea9fe6\">\n#top #wrap_all .avia-button.av-k9l2f50n-deaf037d149045be226cd39e86ea9fe6{\nbackground-color:#9e9e9e;\nborder-color:#9e9e9e;\ncolor:#ffffff;\ntransition:all 0.4s ease-in-out;\n}\n#top #wrap_all .avia-button.av-k9l2f50n-deaf037d149045be226cd39e86ea9fe6 .avia-svg-icon svg:first-child{\nfill:#ffffff;\nstroke:#ffffff;\n}\n<\/style>\n<a href='http:\/\/www.cerdanya.org\/wp-content\/uploads\/2020\/04\/recepta-tiroambnaps-cerdanya.pdf'  class='avia-button av-k9l2f50n-deaf037d149045be226cd39e86ea9fe6 av-link-btn avia-icon_select-yes-right-icon avia-size-large avia-position-center'  target=\"_blank\"  rel=\"noopener noreferrer\"  aria-label=\"T\u00e9l\u00e9chargez la recette\"><span class='avia_iconbox_title' >T\u00e9l\u00e9chargez la recette<\/span><span class='avia_button_icon avia_button_icon_right avia-iconfont avia-font-entypo-fontello' data-av_icon='\ue838' data-av_iconfont='entypo-fontello' ><\/span><\/a><\/div><\/p><\/div>\n","protected":false},"excerpt":{"rendered":"","protected":false},"author":3,"featured_media":19788,"parent":30943,"menu_order":10,"comment_status":"closed","ping_status":"closed","template":"","meta":{"footnotes":""},"class_list":["post-30881","page","type-page","status-publish","has-post-thumbnail","hentry"],"_links":{"self":[{"href":"https:\/\/test393.ergatesweb7.ovh\/fr\/wp-json\/wp\/v2\/pages\/30881","targetHints":{"allow":["GET"]}}],"collection":[{"href":"https:\/\/test393.ergatesweb7.ovh\/fr\/wp-json\/wp\/v2\/pages"}],"about":[{"href":"https:\/\/test393.ergatesweb7.ovh\/fr\/wp-json\/wp\/v2\/types\/page"}],"author":[{"embeddable":true,"href":"https:\/\/test393.ergatesweb7.ovh\/fr\/wp-json\/wp\/v2\/users\/3"}],"replies":[{"embeddable":true,"href":"https:\/\/test393.ergatesweb7.ovh\/fr\/wp-json\/wp\/v2\/comments?post=30881"}],"version-history":[{"count":7,"href":"https:\/\/test393.ergatesweb7.ovh\/fr\/wp-json\/wp\/v2\/pages\/30881\/revisions"}],"predecessor-version":[{"id":33047,"href":"https:\/\/test393.ergatesweb7.ovh\/fr\/wp-json\/wp\/v2\/pages\/30881\/revisions\/33047"}],"up":[{"embeddable":true,"href":"https:\/\/test393.ergatesweb7.ovh\/fr\/wp-json\/wp\/v2\/pages\/30943"}],"wp:featuredmedia":[{"embeddable":true,"href":"https:\/\/test393.ergatesweb7.ovh\/fr\/wp-json\/wp\/v2\/media\/19788"}],"wp:attachment":[{"href":"https:\/\/test393.ergatesweb7.ovh\/fr\/wp-json\/wp\/v2\/media?parent=30881"}],"curies":[{"name":"wp","href":"https:\/\/api.w.org\/{rel}","templated":true}]}}