{"id":30879,"date":"2022-04-13T16:25:19","date_gmt":"2022-04-13T14:25:19","guid":{"rendered":"https:\/\/www.cerdanya.org\/riz-de-montagne\/"},"modified":"2022-04-28T14:00:53","modified_gmt":"2022-04-28T12:00:53","slug":"riz-de-montagne","status":"publish","type":"page","link":"https:\/\/test393.ergatesweb7.ovh\/fr\/gastronomie\/recettes\/riz-de-montagne\/","title":{"rendered":"Riz de montagne"},"content":{"rendered":"<div id='av_section_1'  class='avia-section av-hcg34-dbb0092a76b1e9b02c598c8889c3246c main_color avia-section-default avia-no-border-styling  avia-builder-el-0  avia-builder-el-no-sibling  avia-bg-style-scroll container_wrap fullsize'  ><div class='container av-section-cont-open' ><main  role=\"main\" itemprop=\"mainContentOfPage\"  class='template-page content  av-content-full alpha units'><div class='post-entry post-entry-type-page post-entry-30879'><div class='entry-content-wrapper clearfix'>\n\n<style type=\"text\/css\" data-created_by=\"avia_inline_auto\" id=\"style-css-av-d62i8-e1b62b7dc067bcf2940624526674b441\">\n.flex_column.av-d62i8-e1b62b7dc067bcf2940624526674b441{\nborder-radius:0px 0px 0px 0px;\npadding:0px 0px 0px 0px;\n}\n<\/style>\n<div  class='flex_column av-d62i8-e1b62b7dc067bcf2940624526674b441 av_one_third  avia-builder-el-1  el_before_av_two_third  avia-builder-el-first  first flex_column_div av-zero-column-padding  '     ><p>\n<style type=\"text\/css\" data-created_by=\"avia_inline_auto\" id=\"style-css-av-38bigt-5017d0ed4f4f4d80a575708dcd39d78b\">\n#top .av-special-heading.av-38bigt-5017d0ed4f4f4d80a575708dcd39d78b{\npadding-bottom:20px;\n}\nbody .av-special-heading.av-38bigt-5017d0ed4f4f4d80a575708dcd39d78b .av-special-heading-tag .heading-char{\nfont-size:25px;\n}\n.av-special-heading.av-38bigt-5017d0ed4f4f4d80a575708dcd39d78b .av-subheading{\nfont-size:15px;\n}\n<\/style>\n<div  class='av-special-heading av-38bigt-5017d0ed4f4f4d80a575708dcd39d78b av-special-heading-h2 blockquote modern-quote av-linked-heading'><h2 class='av-special-heading-tag '  itemprop=\"headline\"  >Riz de montagne<\/h2><div class=\"special-heading-border\"><div class=\"special-heading-inner-border\"><\/div><\/div><\/div><br \/>\n\n<style type=\"text\/css\" data-created_by=\"avia_inline_auto\" id=\"style-css-av-jvc89ocd-b4e748720e497f7f161bc061c2fadb54\">\n.avia-image-container.av-jvc89ocd-b4e748720e497f7f161bc061c2fadb54 img.avia_image{\nbox-shadow:none;\n}\n.avia-image-container.av-jvc89ocd-b4e748720e497f7f161bc061c2fadb54 .av-image-caption-overlay-center{\ncolor:#ffffff;\n}\n<\/style>\n<div  class='avia-image-container av-jvc89ocd-b4e748720e497f7f161bc061c2fadb54 av-styling- avia-align-center  avia-builder-el-2  el_before_av_textblock  avia-builder-el-first '   itemprop=\"image\" itemscope=\"itemscope\" itemtype=\"https:\/\/schema.org\/ImageObject\" ><div class=\"avia-image-container-inner\"><div class=\"avia-image-overlay-wrap\"><img decoding=\"async\" fetchpriority=\"high\" class='wp-image-19790 avia-img-lazy-loading-not-19790 avia_image ' src=\"https:\/\/test393.ergatesweb7.ovh\/wp-content\/uploads\/2019\/05\/arros_muntanya-1030x688.jpg\" alt='' title='arros_muntanya'  height=\"688\" width=\"1030\"  itemprop=\"thumbnailUrl\" srcset=\"https:\/\/test393.ergatesweb7.ovh\/wp-content\/uploads\/2019\/05\/arros_muntanya-1030x688.jpg 1030w, https:\/\/test393.ergatesweb7.ovh\/wp-content\/uploads\/2019\/05\/arros_muntanya-300x200.jpg 300w, https:\/\/test393.ergatesweb7.ovh\/wp-content\/uploads\/2019\/05\/arros_muntanya-768x513.jpg 768w, https:\/\/test393.ergatesweb7.ovh\/wp-content\/uploads\/2019\/05\/arros_muntanya-1500x1001.jpg 1500w, https:\/\/test393.ergatesweb7.ovh\/wp-content\/uploads\/2019\/05\/arros_muntanya-705x471.jpg 705w, https:\/\/test393.ergatesweb7.ovh\/wp-content\/uploads\/2019\/05\/arros_muntanya-450x300.jpg 450w, https:\/\/test393.ergatesweb7.ovh\/wp-content\/uploads\/2019\/05\/arros_muntanya.jpg 1718w\" sizes=\"(max-width: 1030px) 100vw, 1030px\" \/><\/div><\/div><\/div><br \/>\n<section  class='av_textblock_section av-jvc87pz8-24e22b4bdaf5d3db5e617461c51bdbd2 '   itemscope=\"itemscope\" itemtype=\"https:\/\/schema.org\/CreativeWork\" ><div class='avia_textblock'  itemprop=\"text\" ><p><strong>Auteur<\/strong><\/p>\n<p><a href=\"http:\/\/www.cuinacatalana.eu\/\" target=\"_blank\" rel=\"noopener\">Fondation de l&rsquo;Institut catalan de la cuisine et de la culture gastronomique<\/a><\/p>\n<\/div><\/section><\/p><\/div>\n<style type=\"text\/css\" data-created_by=\"avia_inline_auto\" id=\"style-css-av-8udkg-49e0a2a8e2ba57ff1decc227e1ecf295\">\n.flex_column.av-8udkg-49e0a2a8e2ba57ff1decc227e1ecf295{\nborder-radius:0px 0px 0px 0px;\npadding:0px 0px 0px 0px;\n}\n<\/style>\n<div  class='flex_column av-8udkg-49e0a2a8e2ba57ff1decc227e1ecf295 av_two_third  avia-builder-el-4  el_after_av_one_third  avia-builder-el-last  flex_column_div av-zero-column-padding  '     ><p>\n<style type=\"text\/css\" data-created_by=\"avia_inline_auto\" id=\"style-css-av-jvc8k2v5-b530ae9fea88d9b2892306e99c5cd481\">\n#top .hr.hr-invisible.av-jvc8k2v5-b530ae9fea88d9b2892306e99c5cd481{\nheight:30px;\n}\n<\/style>\n<div  class='hr av-jvc8k2v5-b530ae9fea88d9b2892306e99c5cd481 hr-invisible  avia-builder-el-5  el_before_av_textblock  avia-builder-el-first '><span class='hr-inner '><span class=\"hr-inner-style\"><\/span><\/span><\/div><br \/>\n<section  class='av_textblock_section av-jvc87pz8-24e22b4bdaf5d3db5e617461c51bdbd2 '   itemscope=\"itemscope\" itemtype=\"https:\/\/schema.org\/CreativeWork\" ><div class='avia_textblock'  itemprop=\"text\" ><p><strong>Ingr\u00e9dients<\/strong><\/p>\n<ul>\n<li>Demi lapin coup\u00e9 en morceaux<\/li>\n<li>400 g de riz<\/li>\n<li>200 g de c\u00f4te de porc en petits morceaux<\/li>\n<li>100 g de petits pois.<\/li>\n<li>2 oignons hach\u00e9s<\/li>\n<li>2 gousses d&rsquo;ail hach\u00e9es<\/li>\n<li>2 tomates m\u00fbres r\u00e2p\u00e9es<\/li>\n<li>Herbes aromatiques<\/li>\n<li>Champignons (selon saison)<\/li>\n<li>1 litre d&rsquo;eau<\/li>\n<li>Sel<\/li>\n<li>Huile<\/li>\n<li>Pour faire la \u00ab\u00a0picada\u00a0\u00bb :<\/li>\n<li>1 gousse d&rsquo;ail<\/li>\n<li>Quelques brins de safran<\/li>\n<li>Persil<\/li>\n<\/ul>\n<p><strong>\u00c9laboration<\/strong><\/p>\n<p>Dans une casserole avec de l&rsquo;huile, faites revenir les morceaux de lapin et de c\u00f4telette de porc jusqu&rsquo;\u00e0 ce qu&rsquo;ils soient bien dor\u00e9s et retirez-les. Dans la m\u00eame huile, faire revenir l&rsquo;oignon, l&rsquo;ail et la tomate. Lorsque le saut\u00e9 est bien fonc\u00e9, ajouter les morceaux de viande et remuer le tout. Ajouter le riz, m\u00e9langer avec le saut\u00e9 pendant quelques minutes et ajouter l&rsquo;eau bouillante. Au bout d&rsquo;un moment, ajouter les petits pois et la \u00ab\u00a0picada\u00a0\u00bb avec un peu de bouillon de cuisson. Faire bouillir environ 15 minutes. Si \u00e0 mi-cuisson vous constatez qu&rsquo;il manque de l&rsquo;eau, ajoutez-la toujours en \u00e9bullition.<\/p>\n<\/div><\/section><br \/>\n\n<style type=\"text\/css\" data-created_by=\"avia_inline_auto\" id=\"style-css-av-k9l2qpaw-354664a65f3744c6fb6e45545f8b9820\">\n#top .hr.hr-invisible.av-k9l2qpaw-354664a65f3744c6fb6e45545f8b9820{\nheight:20px;\n}\n<\/style>\n<div  class='hr av-k9l2qpaw-354664a65f3744c6fb6e45545f8b9820 hr-invisible  avia-builder-el-7  el_after_av_textblock  el_before_av_button '><span class='hr-inner '><span class=\"hr-inner-style\"><\/span><\/span><\/div><br \/>\n<div  class='avia-button-wrap av-k9l2roil-7aa1b321eb749747a87e91faeedc1467-wrap avia-button-center  avia-builder-el-8  el_after_av_hr  avia-builder-el-last '>\n<style type=\"text\/css\" data-created_by=\"avia_inline_auto\" id=\"style-css-av-k9l2roil-7aa1b321eb749747a87e91faeedc1467\">\n#top #wrap_all .avia-button.av-k9l2roil-7aa1b321eb749747a87e91faeedc1467{\nbackground-color:#9e9e9e;\nborder-color:#9e9e9e;\ncolor:#ffffff;\ntransition:all 0.4s ease-in-out;\n}\n#top #wrap_all .avia-button.av-k9l2roil-7aa1b321eb749747a87e91faeedc1467 .avia-svg-icon svg:first-child{\nfill:#ffffff;\nstroke:#ffffff;\n}\n<\/style>\n<a href='http:\/\/www.cerdanya.org\/wp-content\/uploads\/2020\/04\/recepta-arrosdemuntanya-cerdanya.pdf'  class='avia-button av-k9l2roil-7aa1b321eb749747a87e91faeedc1467 av-link-btn avia-icon_select-yes-right-icon avia-size-large avia-position-center'  target=\"_blank\"  rel=\"noopener noreferrer\"  aria-label=\"T\u00e9l\u00e9chargez la recette\"><span class='avia_iconbox_title' >T\u00e9l\u00e9chargez la recette<\/span><span class='avia_button_icon avia_button_icon_right avia-iconfont avia-font-entypo-fontello' data-av_icon='\ue838' data-av_iconfont='entypo-fontello' ><\/span><\/a><\/div><\/p><\/div>\n","protected":false},"excerpt":{"rendered":"","protected":false},"author":3,"featured_media":19790,"parent":30943,"menu_order":10,"comment_status":"closed","ping_status":"closed","template":"","meta":{"footnotes":""},"class_list":["post-30879","page","type-page","status-publish","has-post-thumbnail","hentry"],"_links":{"self":[{"href":"https:\/\/test393.ergatesweb7.ovh\/fr\/wp-json\/wp\/v2\/pages\/30879","targetHints":{"allow":["GET"]}}],"collection":[{"href":"https:\/\/test393.ergatesweb7.ovh\/fr\/wp-json\/wp\/v2\/pages"}],"about":[{"href":"https:\/\/test393.ergatesweb7.ovh\/fr\/wp-json\/wp\/v2\/types\/page"}],"author":[{"embeddable":true,"href":"https:\/\/test393.ergatesweb7.ovh\/fr\/wp-json\/wp\/v2\/users\/3"}],"replies":[{"embeddable":true,"href":"https:\/\/test393.ergatesweb7.ovh\/fr\/wp-json\/wp\/v2\/comments?post=30879"}],"version-history":[{"count":6,"href":"https:\/\/test393.ergatesweb7.ovh\/fr\/wp-json\/wp\/v2\/pages\/30879\/revisions"}],"predecessor-version":[{"id":33024,"href":"https:\/\/test393.ergatesweb7.ovh\/fr\/wp-json\/wp\/v2\/pages\/30879\/revisions\/33024"}],"up":[{"embeddable":true,"href":"https:\/\/test393.ergatesweb7.ovh\/fr\/wp-json\/wp\/v2\/pages\/30943"}],"wp:featuredmedia":[{"embeddable":true,"href":"https:\/\/test393.ergatesweb7.ovh\/fr\/wp-json\/wp\/v2\/media\/19790"}],"wp:attachment":[{"href":"https:\/\/test393.ergatesweb7.ovh\/fr\/wp-json\/wp\/v2\/media?parent=30879"}],"curies":[{"name":"wp","href":"https:\/\/api.w.org\/{rel}","templated":true}]}}