{"id":30877,"date":"2022-04-13T16:21:38","date_gmt":"2022-04-13T14:21:38","guid":{"rendered":"https:\/\/www.cerdanya.org\/les-cles-des-eglises\/"},"modified":"2022-05-28T16:32:06","modified_gmt":"2022-05-28T14:32:06","slug":"les-cles-des-eglises","status":"publish","type":"page","link":"https:\/\/test393.ergatesweb7.ovh\/fr\/que-faire\/tourisme-culturel\/les-cles-des-eglises\/","title":{"rendered":"Les Cl\u00e9s des Eglises"},"content":{"rendered":"\n<style type=\"text\/css\" data-created_by=\"avia_inline_auto\" id=\"style-css-av-6tgxn-d84568be9469a5491d043a1552771294\">\n.flex_column.av-6tgxn-d84568be9469a5491d043a1552771294{\nborder-radius:0px 0px 0px 0px;\npadding:0px 0px 0px 0px;\n}\n<\/style>\n<div  class='flex_column av-6tgxn-d84568be9469a5491d043a1552771294 av_one_full  avia-builder-el-0  el_before_av_one_half  avia-builder-el-first  first flex_column_div av-zero-column-padding  '     ><section  class='av_textblock_section av-k7qdwm30-88d7db6711da1162a900ffbaf9c3a2aa '   itemscope=\"itemscope\" itemtype=\"https:\/\/schema.org\/CreativeWork\" ><div class='avia_textblock'  itemprop=\"text\" ><p>Les <strong>Cl\u00e9s des \u00c9glises en<\/strong> <strong>Cerdagne<\/strong> est un projet en collaboration avec l&rsquo; <a href=\"https:\/\/bisbaturgell.org\/index.php\/ca\/\">\u00c9v\u00eaque d&rsquo;Urgell<\/a>, qui veut vous faire conna\u00eetre les int\u00e9rieurs les plus spectaculaires des \u00e9glises de notre r\u00e9gion. Nous vous proposons 3 itin\u00e9raires, o\u00f9 vous visiterez 4 \u00e9glises dans chacun d&rsquo;eux, accompagn\u00e9s d&rsquo;un guide sp\u00e9cialiste du patrimoine des Pyr\u00e9n\u00e9es.<\/p>\n<p>Sur le parcours de la <strong>\u00ab\u00a0Solana\u00a0\u00bb<\/strong> vous pourrez conna\u00eetre les \u00e9glises de Santa Maria d&rsquo;All (Is\u00f2vol), Santa Maria de Quadres (Is\u00f2vol), Santa Cec\u00edlia de Bolvir et Sant Climent de Talltorta (Bolvir), sur la route de <strong>\u201cObaga\u201d<\/strong> les \u00e9glises de Santa Maria de Tall\u00f3 (Bellver de Cerdanya), Sant Juli\u00e0 de Pedra (Bellver de Cerdanya), Sant Joan Baptista de Riu de Cerdanya et Sant Pere d&rsquo;Alp, et sur la route de <strong>\u201cPortalades\u201d <\/strong>les \u00e9glises de Sant Esteve de Guils, Santa Eug\u00e8nia de Saga (Ger), Sant Climent de Gr\u00e9ixer (Ger) i Sant Pere d\u2019Olopte (Is\u00f2vol).<\/p>\n<p>Nous avons pr\u00e9par\u00e9 un calendrier avec les visites et vous pouvez vous inscrire \u00e0 partir de ce site.<\/p>\n<p>Tout cela pour un prix modique de <strong>12\u20ac par personne<\/strong> \u00e0 partir de 8 ans.<\/p>\n<\/div><\/section><\/div>\n\n<style type=\"text\/css\" data-created_by=\"avia_inline_auto\" id=\"style-css-av-3y10ez-155973d1a6c7bbfcc72890ccf872edce\">\n.flex_column.av-3y10ez-155973d1a6c7bbfcc72890ccf872edce{\nborder-radius:0px 0px 0px 0px;\npadding:0px 0px 0px 0px;\n}\n<\/style>\n<div  class='flex_column av-3y10ez-155973d1a6c7bbfcc72890ccf872edce av_one_half  avia-builder-el-2  el_after_av_one_full  el_before_av_one_half  first flex_column_div av-zero-column-padding  column-top-margin'     ><\/div>\n\n<style type=\"text\/css\" data-created_by=\"avia_inline_auto\" id=\"style-css-av-6iarqz-7c68fdf657cc3668ffe4feb92fac7732\">\n.flex_column.av-6iarqz-7c68fdf657cc3668ffe4feb92fac7732{\nborder-radius:0px 0px 0px 0px;\npadding:0px 0px 0px 0px;\n}\n<\/style>\n<div  class='flex_column av-6iarqz-7c68fdf657cc3668ffe4feb92fac7732 av_one_half  avia-builder-el-4  el_after_av_one_half  el_before_av_hr  flex_column_div av-zero-column-padding  column-top-margin'     ><p><div  class='avia-button-wrap av-k7qdzt9l-474516876391ab9420d5e329ec3fa95e-wrap avia-button-center  avia-builder-el-5  el_before_av_hr  avia-builder-el-first '><a href='https:\/\/forms.gle\/92x1renkkpJNdTq5A'  class='avia-button av-k7qdzt9l-474516876391ab9420d5e329ec3fa95e av-link-btn avia-icon_select-yes-left-icon avia-size-x-large avia-position-center avia-color-theme-color'  target=\"_blank\"  rel=\"noopener noreferrer\"  aria-label=\"Cliquez ici pour vous inscrire \u00e0 une visite\"><span class='avia_button_icon avia_button_icon_left avia-iconfont avia-font-entypo-fontello' data-av_icon='\ue836' data-av_iconfont='entypo-fontello' ><\/span><span class='avia_iconbox_title' >Cliquez ici pour vous inscrire \u00e0 une visite<\/span><\/a><\/div><br \/>\n\n<style type=\"text\/css\" data-created_by=\"avia_inline_auto\" id=\"style-css-av-k7qe0eso-4b9a304f60206b79d256d9ce9c95662e\">\n#top .hr.hr-invisible.av-k7qe0eso-4b9a304f60206b79d256d9ce9c95662e{\nheight:50px;\n}\n<\/style>\n<div  class='hr av-k7qe0eso-4b9a304f60206b79d256d9ce9c95662e hr-invisible  avia-builder-el-6  el_after_av_button  el_before_av_image '><span class='hr-inner '><span class=\"hr-inner-style\"><\/span><\/span><\/div><br \/>\n\n<style type=\"text\/css\" data-created_by=\"avia_inline_auto\" id=\"style-css-av-k7qdxm3b-3fc88dc5d7acbdff59612f02b947e72f\">\n.avia-image-container.av-k7qdxm3b-3fc88dc5d7acbdff59612f02b947e72f img.avia_image{\nbox-shadow:none;\n}\n.avia-image-container.av-k7qdxm3b-3fc88dc5d7acbdff59612f02b947e72f .av-image-caption-overlay-center{\ncolor:#ffffff;\n}\n<\/style>\n<div  class='avia-image-container av-k7qdxm3b-3fc88dc5d7acbdff59612f02b947e72f av-styling- avia-align-center  avia-builder-el-7  el_after_av_hr  avia-builder-el-last '   itemprop=\"image\" itemscope=\"itemscope\" itemtype=\"https:\/\/schema.org\/ImageObject\" ><div class=\"avia-image-container-inner\"><div class=\"avia-image-overlay-wrap\"><img decoding=\"async\" fetchpriority=\"high\" class='wp-image-36443 avia-img-lazy-loading-not-36443 avia_image ' src=\"https:\/\/test393.ergatesweb7.ovh\/wp-content\/uploads\/2022\/05\/claus-esglesies-cerdanya-mapa-1030x726.jpg\" alt='' title='claus-esglesies-cerdanya-mapa'  height=\"726\" width=\"1030\"  itemprop=\"thumbnailUrl\" srcset=\"https:\/\/test393.ergatesweb7.ovh\/wp-content\/uploads\/2022\/05\/claus-esglesies-cerdanya-mapa-1030x726.jpg 1030w, https:\/\/test393.ergatesweb7.ovh\/wp-content\/uploads\/2022\/05\/claus-esglesies-cerdanya-mapa-300x212.jpg 300w, https:\/\/test393.ergatesweb7.ovh\/wp-content\/uploads\/2022\/05\/claus-esglesies-cerdanya-mapa-768x541.jpg 768w, https:\/\/test393.ergatesweb7.ovh\/wp-content\/uploads\/2022\/05\/claus-esglesies-cerdanya-mapa-705x497.jpg 705w, https:\/\/test393.ergatesweb7.ovh\/wp-content\/uploads\/2022\/05\/claus-esglesies-cerdanya-mapa.jpg 1241w\" sizes=\"(max-width: 1030px) 100vw, 1030px\" \/><\/div><\/div><\/div><\/p><\/div>\n<div  class='hr av-29w8bf-59a49fd0d27b796d805f42e008075971 hr-default  avia-builder-el-8  el_after_av_one_half  el_before_av_textblock '><span class='hr-inner '><span class=\"hr-inner-style\"><\/span><\/span><\/div>\n<section  class='av_textblock_section av-k7qdxzq2-783236692ba2f8c268e55bb860ac7274 '   itemscope=\"itemscope\" itemtype=\"https:\/\/schema.org\/CreativeWork\" ><div class='avia_textblock'  itemprop=\"text\" ><p><strong>Termes et conditions:<\/strong><\/p>\n<p>Les visites commencent toujours \u00e0 11h.<\/p>\n<p>Le prix de la visite est de 12 \u20ac pour les plus de 8 ans (enfants de moins de cet \u00e2ge gratuit), <strong>montantqui sera pay\u00e9 en esp\u00e8ces dans le guide avant le d\u00e9but de la visite.<\/strong><\/p>\n<p>La visite se fera s&rsquo;il y a un minimum de 5 personnes de plus de 8 ans. Si ce chiffre n&rsquo;est pas atteint, la visite sera annul\u00e9e et les inscrits en seront inform\u00e9s.<\/p>\n<p>La visite se fait avec voitures priv\u00e9es.<\/p>\n<p>Le point de rencontre de la route de la \u00ab\u00a0Solana\u00a0\u00bb se trouve \u00e1 l&rsquo;\u00e9glise de Santa Maria d&rsquo;All (village d&rsquo;All). <a href=\"https:\/\/goo.gl\/maps\/wwK5bD5imLBsmPeN8\" target=\"_blank\" rel=\"noopener noreferrer\">Cliquez ici pour voir la carte<\/a> .<\/p>\n<p>Le point de rencontre de la route de l&rsquo; \u00ab\u00a0Obaga\u00a0\u00bb se trouve \u00e1 l&rsquo;\u00e9glise de Santa Maria de Tall\u00f3 (\u00e0 c\u00f4t\u00e9 de Bellver de Cerdanya). <a href=\"https:\/\/goo.gl\/maps\/f7vZ7pKNiRdFr2AD6\" target=\"_blank\" rel=\"noopener noreferrer\">Cliquez ici pour voir la carte<\/a> .<\/p>\n<p>Le point de rencontre de la route de \u201cPortalades\u201d se trouve \u00e1 l&rsquo;\u00e9glise de Sant Esteve de Guils de Cerdanya. <a href=\"https:\/\/goo.gl\/maps\/abkQ2aruT2ChT9TF9\" target=\"_blank\" rel=\"noopener\">Cliquez ici pour voir la carte<\/a> .<\/p>\n<p>La route de l&rsquo; \u00ab\u00a0Obaga\u00a0\u00bb est d\u00e9conseill\u00e9e aux personnes \u00e0 mobilit\u00e9 r\u00e9duite car l&rsquo;acc\u00e8s \u00e0 l&rsquo;\u00e9glise de Pedra est difficile.<\/p>\n<\/div><\/section>\n\n<style type=\"text\/css\" data-created_by=\"avia_inline_auto\" id=\"style-css-av-29w8bf-6030ebc4bdc36e0b64a6a6e7976d3301\">\n#top .hr.hr-invisible.av-29w8bf-6030ebc4bdc36e0b64a6a6e7976d3301{\nheight:50px;\n}\n<\/style>\n<div  class='hr av-29w8bf-6030ebc4bdc36e0b64a6a6e7976d3301 hr-invisible  avia-builder-el-10  el_after_av_textblock  el_before_av_textblock '><span class='hr-inner '><span class=\"hr-inner-style\"><\/span><\/span><\/div>\n<section  class='av_textblock_section av-k7qdxzq2-2eb0a9cce99830007a650d899e75c512 '   itemscope=\"itemscope\" itemtype=\"https:\/\/schema.org\/CreativeWork\" ><div class='avia_textblock'  itemprop=\"text\" ><p>Des visites personnalis\u00e9es et en petits groupes peuvent \u00eatre organis\u00e9es, avec des prix et des dates \u00e0 d\u00e9terminer. <a href=\"https:\/\/www.cerdanya.org\/fr\/informations-utiles\/contact\/\">Contactez-nous.<\/a><\/p>\n<\/div><\/section>\n<div  class='hr av-29w8bf-59a49fd0d27b796d805f42e008075971 hr-default  avia-builder-el-12  el_after_av_textblock  el_before_av_image '><span class='hr-inner '><span class=\"hr-inner-style\"><\/span><\/span><\/div>\n\n<style type=\"text\/css\" data-created_by=\"avia_inline_auto\" id=\"style-css-av-k8z3jzlp-2f0b009e6aa354d550c4665de57c1503\">\n.avia-image-container.av-k8z3jzlp-2f0b009e6aa354d550c4665de57c1503 img.avia_image{\nbox-shadow:none;\n}\n.avia-image-container.av-k8z3jzlp-2f0b009e6aa354d550c4665de57c1503 .av-image-caption-overlay-center{\ncolor:#ffffff;\n}\n<\/style>\n<div  class='avia-image-container av-k8z3jzlp-2f0b009e6aa354d550c4665de57c1503 av-styling- avia-align-center  avia-builder-el-13  el_after_av_hr  avia-builder-el-last '   itemprop=\"image\" itemscope=\"itemscope\" itemtype=\"https:\/\/schema.org\/ImageObject\" ><div class=\"avia-image-container-inner\"><div class=\"avia-image-overlay-wrap\"><img decoding=\"async\" fetchpriority=\"high\" class='wp-image-36353 avia-img-lazy-loading-not-36353 avia_image ' src=\"https:\/\/test393.ergatesweb7.ovh\/wp-content\/uploads\/2022\/05\/claus-esglesies-cerdanya.jpg\" alt='' title='claus-esglesies-cerdanya'  height=\"875\" width=\"1241\"  itemprop=\"thumbnailUrl\" srcset=\"https:\/\/test393.ergatesweb7.ovh\/wp-content\/uploads\/2022\/05\/claus-esglesies-cerdanya.jpg 1241w, https:\/\/test393.ergatesweb7.ovh\/wp-content\/uploads\/2022\/05\/claus-esglesies-cerdanya-300x212.jpg 300w, https:\/\/test393.ergatesweb7.ovh\/wp-content\/uploads\/2022\/05\/claus-esglesies-cerdanya-1030x726.jpg 1030w, https:\/\/test393.ergatesweb7.ovh\/wp-content\/uploads\/2022\/05\/claus-esglesies-cerdanya-768x541.jpg 768w, https:\/\/test393.ergatesweb7.ovh\/wp-content\/uploads\/2022\/05\/claus-esglesies-cerdanya-705x497.jpg 705w\" sizes=\"(max-width: 1241px) 100vw, 1241px\" \/><\/div><\/div><\/div>\n","protected":false},"excerpt":{"rendered":"","protected":false},"author":3,"featured_media":20044,"parent":30911,"menu_order":30,"comment_status":"closed","ping_status":"closed","template":"","meta":{"footnotes":""},"class_list":["post-30877","page","type-page","status-publish","has-post-thumbnail","hentry"],"_links":{"self":[{"href":"https:\/\/test393.ergatesweb7.ovh\/fr\/wp-json\/wp\/v2\/pages\/30877","targetHints":{"allow":["GET"]}}],"collection":[{"href":"https:\/\/test393.ergatesweb7.ovh\/fr\/wp-json\/wp\/v2\/pages"}],"about":[{"href":"https:\/\/test393.ergatesweb7.ovh\/fr\/wp-json\/wp\/v2\/types\/page"}],"author":[{"embeddable":true,"href":"https:\/\/test393.ergatesweb7.ovh\/fr\/wp-json\/wp\/v2\/users\/3"}],"replies":[{"embeddable":true,"href":"https:\/\/test393.ergatesweb7.ovh\/fr\/wp-json\/wp\/v2\/comments?post=30877"}],"version-history":[{"count":10,"href":"https:\/\/test393.ergatesweb7.ovh\/fr\/wp-json\/wp\/v2\/pages\/30877\/revisions"}],"predecessor-version":[{"id":36463,"href":"https:\/\/test393.ergatesweb7.ovh\/fr\/wp-json\/wp\/v2\/pages\/30877\/revisions\/36463"}],"up":[{"embeddable":true,"href":"https:\/\/test393.ergatesweb7.ovh\/fr\/wp-json\/wp\/v2\/pages\/30911"}],"wp:featuredmedia":[{"embeddable":true,"href":"https:\/\/test393.ergatesweb7.ovh\/fr\/wp-json\/wp\/v2\/media\/20044"}],"wp:attachment":[{"href":"https:\/\/test393.ergatesweb7.ovh\/fr\/wp-json\/wp\/v2\/media?parent=30877"}],"curies":[{"name":"wp","href":"https:\/\/api.w.org\/{rel}","templated":true}]}}