{"id":30821,"date":"2022-04-13T16:02:17","date_gmt":"2022-04-13T14:02:17","guid":{"rendered":"https:\/\/www.cerdanya.org\/tourisme-de-bien-etre\/"},"modified":"2022-04-28T23:17:42","modified_gmt":"2022-04-28T21:17:42","slug":"tourisme-de-bien-etre","status":"publish","type":"page","link":"https:\/\/test393.ergatesweb7.ovh\/fr\/que-faire\/tourisme-de-bien-etre\/","title":{"rendered":"Tourisme de bien-\u00eatre"},"content":{"rendered":"<section  class='av_textblock_section av-k8t3k0hg-b1bc35d20ef652a54cb806412d769f83 '   itemscope=\"itemscope\" itemtype=\"https:\/\/schema.org\/CreativeWork\" ><div class='avia_textblock'  itemprop=\"text\" ><blockquote>\n<p>Sources chaudes, <em>spas<\/em> , massages, m\u00e9ditation, alimentation saine, repos&#8230; Ici commence votre voyage de sensations agr\u00e9ables \u00e0 travers la Cerdagne <strong>.<\/strong> La culture de <strong>la \u00ab\u00a0sant\u00e9\u00a0\u00bb<\/strong> est ancr\u00e9e dans notre terre.<\/p>\n<\/blockquote>\n<\/div><\/section>\n\n<style type=\"text\/css\" data-created_by=\"avia_inline_auto\" id=\"style-css-av-2zplnq-41fc0a900af5e530587b135389db3d63\">\n.flex_column.av-2zplnq-41fc0a900af5e530587b135389db3d63{\nborder-radius:0px 0px 0px 0px;\npadding:0px 0px 0px 0px;\n}\n<\/style>\n<div  class='flex_column av-2zplnq-41fc0a900af5e530587b135389db3d63 av_one_full  avia-builder-el-1  el_after_av_textblock  avia-builder-el-last  first flex_column_div av-zero-column-padding  column-top-margin'     ><\/div>\n","protected":false},"excerpt":{"rendered":"","protected":false},"author":3,"featured_media":20206,"parent":30953,"menu_order":50,"comment_status":"closed","ping_status":"closed","template":"","meta":{"footnotes":""},"class_list":["post-30821","page","type-page","status-publish","has-post-thumbnail","hentry"],"_links":{"self":[{"href":"https:\/\/test393.ergatesweb7.ovh\/fr\/wp-json\/wp\/v2\/pages\/30821","targetHints":{"allow":["GET"]}}],"collection":[{"href":"https:\/\/test393.ergatesweb7.ovh\/fr\/wp-json\/wp\/v2\/pages"}],"about":[{"href":"https:\/\/test393.ergatesweb7.ovh\/fr\/wp-json\/wp\/v2\/types\/page"}],"author":[{"embeddable":true,"href":"https:\/\/test393.ergatesweb7.ovh\/fr\/wp-json\/wp\/v2\/users\/3"}],"replies":[{"embeddable":true,"href":"https:\/\/test393.ergatesweb7.ovh\/fr\/wp-json\/wp\/v2\/comments?post=30821"}],"version-history":[{"count":10,"href":"https:\/\/test393.ergatesweb7.ovh\/fr\/wp-json\/wp\/v2\/pages\/30821\/revisions"}],"predecessor-version":[{"id":35576,"href":"https:\/\/test393.ergatesweb7.ovh\/fr\/wp-json\/wp\/v2\/pages\/30821\/revisions\/35576"}],"up":[{"embeddable":true,"href":"https:\/\/test393.ergatesweb7.ovh\/fr\/wp-json\/wp\/v2\/pages\/30953"}],"wp:featuredmedia":[{"embeddable":true,"href":"https:\/\/test393.ergatesweb7.ovh\/fr\/wp-json\/wp\/v2\/media\/20206"}],"wp:attachment":[{"href":"https:\/\/test393.ergatesweb7.ovh\/fr\/wp-json\/wp\/v2\/media?parent=30821"}],"curies":[{"name":"wp","href":"https:\/\/api.w.org\/{rel}","templated":true}]}}