{"id":30819,"date":"2022-04-13T16:01:45","date_gmt":"2022-04-13T14:01:45","guid":{"rendered":"https:\/\/www.cerdanya.org\/hotels-bien-etre\/"},"modified":"2022-04-28T23:18:40","modified_gmt":"2022-04-28T21:18:40","slug":"hotels-bien-etre","status":"publish","type":"page","link":"https:\/\/test393.ergatesweb7.ovh\/fr\/que-faire\/tourisme-de-bien-etre\/hotels-bien-etre\/","title":{"rendered":"H\u00f4tels bien-\u00eatre"},"content":{"rendered":"\n<style type=\"text\/css\" data-created_by=\"avia_inline_auto\" id=\"style-css-av-2okkxo-be195412daf3ca41b0efdae186d495d1\">\n.flex_column.av-2okkxo-be195412daf3ca41b0efdae186d495d1{\nborder-radius:0px 0px 0px 0px;\npadding:0px 0px 0px 0px;\n}\n<\/style>\n<div  class='flex_column av-2okkxo-be195412daf3ca41b0efdae186d495d1 av_one_full  avia-builder-el-0  el_before_av_hr  avia-builder-el-first  first flex_column_div av-zero-column-padding  '     ><section  class='av_textblock_section av-k901z1ft-e0aa1a2837c69c62ca5f8ad4a6265833 '   itemscope=\"itemscope\" itemtype=\"https:\/\/schema.org\/CreativeWork\" ><div class='avia_textblock'  itemprop=\"text\" ><blockquote>\n<p>Afin de rendre votre s\u00e9jour vraiment inoubliable, ces h\u00f4tels magnifiques proposent des services de spa, massages&#8230; qui vous aideront \u00e0 d\u00e9connecter.<\/p>\n<\/blockquote>\n<\/div><\/section><\/div>\n<style type=\"text\/css\" data-created_by=\"avia_inline_auto\" id=\"style-css-av-k9020l2q-a0cfc7fed9511437d8eb50fbf2fe1f65\">\n#top .hr.hr-invisible.av-k9020l2q-a0cfc7fed9511437d8eb50fbf2fe1f65{\nheight:50px;\n}\n<\/style>\n<div  class='hr av-k9020l2q-a0cfc7fed9511437d8eb50fbf2fe1f65 hr-invisible  avia-builder-el-2  el_after_av_one_full  el_before_av_textblock '><span class='hr-inner '><span class=\"hr-inner-style\"><\/span><\/span><\/div><\/p>\n<section  class='av_textblock_section av-2jeabi-486650b26c39076634ba0708fc4b0d81 '   itemscope=\"itemscope\" itemtype=\"https:\/\/schema.org\/CreativeWork\" ><div class='avia_textblock'  itemprop=\"text\" >\n\n\n<div class=\"loop-editor\">\n  <div id=\"wpv-view-layout-3380-CATTR9118cc9231c128ec1d9953d31545f66a\" class=\"js-wpv-view-layout js-wpv-layout-responsive js-wpv-view-layout-3380-CATTR9118cc9231c128ec1d9953d31545f66a\" data-viewnumber=\"3380-CATTR9118cc9231c128ec1d9953d31545f66a\" data-pagination=\"{&quot;id&quot;:3380,&quot;query&quot;:&quot;normal&quot;,&quot;type&quot;:&quot;disabled&quot;,&quot;effect&quot;:&quot;fade&quot;,&quot;duration&quot;:500,&quot;speed&quot;:5,&quot;pause_on_hover&quot;:&quot;disabled&quot;,&quot;stop_rollover&quot;:&quot;false&quot;,&quot;cache_pages&quot;:&quot;enabled&quot;,&quot;preload_images&quot;:&quot;enabled&quot;,&quot;preload_pages&quot;:&quot;enabled&quot;,&quot;preload_reach&quot;:1,&quot;spinner&quot;:&quot;builtin&quot;,&quot;spinner_image&quot;:&quot;https:\/\/www.cerdanya.org\/wp-content\/plugins\/wp-views\/embedded\/res\/img\/ajax-loader.gif&quot;,&quot;callback_next&quot;:&quot;&quot;,&quot;manage_history&quot;:&quot;enabled&quot;,&quot;has_controls_in_form&quot;:&quot;disabled&quot;,&quot;infinite_tolerance&quot;:&quot;0&quot;,&quot;max_pages&quot;:0,&quot;page&quot;:1,&quot;base_permalink&quot;:&quot;\/fr\/wp-json\/wp\/v2\/pages\/30819?wpv_view_count=3380-CATTR9118cc9231c128ec1d9953d31545f66a&amp;wpv_paged=WPV_PAGE_NUM&quot;,&quot;loop&quot;:{&quot;type&quot;:&quot;&quot;,&quot;name&quot;:&quot;&quot;,&quot;data&quot;:[],&quot;id&quot;:0}}\" data-permalink=\"\/fr\/wp-json\/wp\/v2\/pages\/30819?wpv_view_count=3380-CATTR9118cc9231c128ec1d9953d31545f66a\">\n\n\t\n\t\n\t\n\n\t\t\n\t\t\t<div  class='flex_column av-av_one_fourth-2a9015ff38129c418a3f2eafba3e9512 av_one_fourth first flex_column_div  '     ><p><div class=\"loop-item\">\n  \n      \n<style type=\"text\/css\" data-created_by=\"avia_inline_auto\" id=\"style-css-av-av_image-c606f2a1bb841a5061346713c1129301\">\n.avia-image-container.av-av_image-c606f2a1bb841a5061346713c1129301 img.avia_image{\nbox-shadow:none;\n}\n.avia-image-container.av-av_image-c606f2a1bb841a5061346713c1129301 .av-caption-image-overlay-bg{\nopacity:0.4;\nbackground-color:#000000;\n}\n.avia-image-container.av-av_image-c606f2a1bb841a5061346713c1129301 .av-image-caption-overlay-center{\ncolor:#ffffff;\nfont-size:22px;\n}\n<\/style>\n<div  class='avia-image-container av-av_image-c606f2a1bb841a5061346713c1129301 av-styling- av-hover-grow av-hide-overflow av-img-linked avia-align-center noHover av-overlay-hover-deactivate'   itemprop=\"image\" itemscope=\"itemscope\" itemtype=\"https:\/\/schema.org\/ImageObject\" ><div class=\"avia-image-container-inner\"><div class=\"avia-image-overlay-wrap\"><a href=\"https:\/\/test393.ergatesweb7.ovh\/fr\/benestar\/parada-puigcerda\/\" class='avia_image '  target=\"_blank\"  rel=\"noopener noreferrer\" ><div class=\"av-image-caption-overlay\"><div class=\"av-caption-image-overlay-bg\"><\/div><div class=\"av-image-caption-overlay-position\"><div class=\"av-image-caption-overlay-center\"><h3>Parada Puigcerd\u00e0<\/h3>\n<h4><\/h4>\n<\/div><\/div><\/div><img decoding=\"async\" fetchpriority=\"high\" class='wp-image- avia-img-lazy-loading-not- avia_image ' src=\"https:\/\/test393.ergatesweb7.ovh\/wp-content\/uploads\/2020\/04\/hotel-parada-puigcerda-spa-845x684.jpg\" alt='' title=''   itemprop=\"thumbnailUrl\"  \/><\/a><\/div><\/div><\/div>\n  \n\n  \n<\/div><\/p><\/div>\n\t\t\n\n\t\t\n\t\t\t<div  class='flex_column av-av_one_fourth-cae1f7b2f72c6a5cdf3719c4a548253a av_one_fourth flex_column_div  '     ><p><div class=\"loop-item\">\n  \n      \n<style type=\"text\/css\" data-created_by=\"avia_inline_auto\" id=\"style-css-av-av_image-2bf22f4257d51e41828eb8fe05a96fc4\">\n.avia-image-container.av-av_image-2bf22f4257d51e41828eb8fe05a96fc4 img.avia_image{\nbox-shadow:none;\n}\n.avia-image-container.av-av_image-2bf22f4257d51e41828eb8fe05a96fc4 .av-caption-image-overlay-bg{\nopacity:0.4;\nbackground-color:#000000;\n}\n.avia-image-container.av-av_image-2bf22f4257d51e41828eb8fe05a96fc4 .av-image-caption-overlay-center{\ncolor:#ffffff;\nfont-size:22px;\n}\n<\/style>\n<div  class='avia-image-container av-av_image-2bf22f4257d51e41828eb8fe05a96fc4 av-styling- av-hover-grow av-hide-overflow av-img-linked avia-align-center noHover av-overlay-hover-deactivate'   itemprop=\"image\" itemscope=\"itemscope\" itemtype=\"https:\/\/schema.org\/ImageObject\" ><div class=\"avia-image-container-inner\"><div class=\"avia-image-overlay-wrap\"><a href=\"https:\/\/test393.ergatesweb7.ovh\/fr\/benestar\/hotel-villa-paulita\/\" class='avia_image '  target=\"_blank\"  rel=\"noopener noreferrer\" ><div class=\"av-image-caption-overlay\"><div class=\"av-caption-image-overlay-bg\"><\/div><div class=\"av-image-caption-overlay-position\"><div class=\"av-image-caption-overlay-center\"><h3>H\u00f4tel Villa Paulita<\/h3>\n<h4><\/h4>\n<\/div><\/div><\/div><img decoding=\"async\" fetchpriority=\"high\" class='wp-image- avia-img-lazy-loading-not- avia_image ' src=\"https:\/\/test393.ergatesweb7.ovh\/wp-content\/uploads\/2020\/04\/hotel-villa-paulita-845x684.jpg\" alt='' title=''   itemprop=\"thumbnailUrl\"  \/><\/a><\/div><\/div><\/div>\n  \n\n  \n<\/div><\/p><\/div>\n\t\t\n\n\t\t\n\t\t\t<div  class='flex_column av-av_one_fourth-cae1f7b2f72c6a5cdf3719c4a548253a av_one_fourth flex_column_div  '     ><p><div class=\"loop-item\">\n  \n      \n<style type=\"text\/css\" data-created_by=\"avia_inline_auto\" id=\"style-css-av-av_image-5ad8130075e418bdb9f586a55e625747\">\n.avia-image-container.av-av_image-5ad8130075e418bdb9f586a55e625747 img.avia_image{\nbox-shadow:none;\n}\n.avia-image-container.av-av_image-5ad8130075e418bdb9f586a55e625747 .av-caption-image-overlay-bg{\nopacity:0.4;\nbackground-color:#000000;\n}\n.avia-image-container.av-av_image-5ad8130075e418bdb9f586a55e625747 .av-image-caption-overlay-center{\ncolor:#ffffff;\nfont-size:22px;\n}\n<\/style>\n<div  class='avia-image-container av-av_image-5ad8130075e418bdb9f586a55e625747 av-styling- av-hover-grow av-hide-overflow av-img-linked avia-align-center noHover av-overlay-hover-deactivate'   itemprop=\"image\" itemscope=\"itemscope\" itemtype=\"https:\/\/schema.org\/ImageObject\" ><div class=\"avia-image-container-inner\"><div class=\"avia-image-overlay-wrap\"><a href=\"https:\/\/test393.ergatesweb7.ovh\/fr\/benestar\/guitart-la-molina-aparthotel-spa\/\" class='avia_image '  target=\"_blank\"  rel=\"noopener noreferrer\" ><div class=\"av-image-caption-overlay\"><div class=\"av-caption-image-overlay-bg\"><\/div><div class=\"av-image-caption-overlay-position\"><div class=\"av-image-caption-overlay-center\"><h3>Guitart La Molina Aparthotel &amp; Spa<\/h3>\n<h4><\/h4>\n<\/div><\/div><\/div><img decoding=\"async\" fetchpriority=\"high\" class='wp-image- avia-img-lazy-loading-not- avia_image ' src=\"https:\/\/test393.ergatesweb7.ovh\/wp-content\/uploads\/2019\/03\/hotel-apartament_guitart-845x682.jpg\" alt='' title=''   itemprop=\"thumbnailUrl\"  \/><\/a><\/div><\/div><\/div>\n  \n\n  \n<\/div><\/p><\/div>\n\t\t\n\n\t\t\n\t\t\t<div  class='flex_column av-av_one_fourth-cae1f7b2f72c6a5cdf3719c4a548253a av_one_fourth flex_column_div  '     ><p><div class=\"loop-item\">\n  \n      \n<style type=\"text\/css\" data-created_by=\"avia_inline_auto\" id=\"style-css-av-av_image-03997737f543d7d41b4dae05c7b723ba\">\n.avia-image-container.av-av_image-03997737f543d7d41b4dae05c7b723ba img.avia_image{\nbox-shadow:none;\n}\n.avia-image-container.av-av_image-03997737f543d7d41b4dae05c7b723ba .av-caption-image-overlay-bg{\nopacity:0.4;\nbackground-color:#000000;\n}\n.avia-image-container.av-av_image-03997737f543d7d41b4dae05c7b723ba .av-image-caption-overlay-center{\ncolor:#ffffff;\nfont-size:22px;\n}\n<\/style>\n<div  class='avia-image-container av-av_image-03997737f543d7d41b4dae05c7b723ba av-styling- av-hover-grow av-hide-overflow av-img-linked avia-align-center noHover av-overlay-hover-deactivate'   itemprop=\"image\" itemscope=\"itemscope\" itemtype=\"https:\/\/schema.org\/ImageObject\" ><div class=\"avia-image-container-inner\"><div class=\"avia-image-overlay-wrap\"><a href=\"https:\/\/test393.ergatesweb7.ovh\/fr\/benestar\/park-hotel-puigcerda\/\" class='avia_image '  target=\"_blank\"  rel=\"noopener noreferrer\" ><div class=\"av-image-caption-overlay\"><div class=\"av-caption-image-overlay-bg\"><\/div><div class=\"av-image-caption-overlay-position\"><div class=\"av-image-caption-overlay-center\"><h3>Park Hotel Puigcerd\u00e0<\/h3>\n<h4><\/h4>\n<\/div><\/div><\/div><img decoding=\"async\" fetchpriority=\"high\" class='wp-image- avia-img-lazy-loading-not- avia_image ' src=\"https:\/\/test393.ergatesweb7.ovh\/wp-content\/uploads\/2020\/04\/hotel-park-puigcerda-845x684.jpg\" alt='' title=''   itemprop=\"thumbnailUrl\"  \/><\/a><\/div><\/div><\/div>\n  \n\n  \n<\/div><\/p><\/div>\n\n\t\t\n\n\t\t\n\t\t\t<div  class='flex_column av-av_one_fourth-2a9015ff38129c418a3f2eafba3e9512 av_one_fourth first flex_column_div  '     ><p><div class=\"loop-item\">\n  \n      \n<style type=\"text\/css\" data-created_by=\"avia_inline_auto\" id=\"style-css-av-av_image-22d8c423e934b29bed00c523f4cb8cfc\">\n.avia-image-container.av-av_image-22d8c423e934b29bed00c523f4cb8cfc img.avia_image{\nbox-shadow:none;\n}\n.avia-image-container.av-av_image-22d8c423e934b29bed00c523f4cb8cfc .av-caption-image-overlay-bg{\nopacity:0.4;\nbackground-color:#000000;\n}\n.avia-image-container.av-av_image-22d8c423e934b29bed00c523f4cb8cfc .av-image-caption-overlay-center{\ncolor:#ffffff;\nfont-size:22px;\n}\n<\/style>\n<div  class='avia-image-container av-av_image-22d8c423e934b29bed00c523f4cb8cfc av-styling- av-hover-grow av-hide-overflow av-img-linked avia-align-center noHover av-overlay-hover-deactivate'   itemprop=\"image\" itemscope=\"itemscope\" itemtype=\"https:\/\/schema.org\/ImageObject\" ><div class=\"avia-image-container-inner\"><div class=\"avia-image-overlay-wrap\"><a href=\"https:\/\/test393.ergatesweb7.ovh\/fr\/benestar\/hotel-hg-la-molina\/\" class='avia_image '  target=\"_blank\"  rel=\"noopener noreferrer\" ><div class=\"av-image-caption-overlay\"><div class=\"av-caption-image-overlay-bg\"><\/div><div class=\"av-image-caption-overlay-position\"><div class=\"av-image-caption-overlay-center\"><h3>H\u00f4tel HG La Molina<\/h3>\n<h4><\/h4>\n<\/div><\/div><\/div><img decoding=\"async\" fetchpriority=\"high\" class='wp-image- avia-img-lazy-loading-not- avia_image ' src=\"https:\/\/test393.ergatesweb7.ovh\/wp-content\/uploads\/2020\/04\/hotel-hg-lamolina-vista-845x684.jpg\" alt='' title=''   itemprop=\"thumbnailUrl\"  \/><\/a><\/div><\/div><\/div>\n  \n\n  \n<\/div><\/p><\/div>\n\t\t\n\n\t\t\n\t\t\t<div  class='flex_column av-av_one_fourth-cae1f7b2f72c6a5cdf3719c4a548253a av_one_fourth flex_column_div  '     ><p><div class=\"loop-item\">\n  \n      \n<style type=\"text\/css\" data-created_by=\"avia_inline_auto\" id=\"style-css-av-av_image-22c3610c24512b9a064bce5dfcd61fc9\">\n.avia-image-container.av-av_image-22c3610c24512b9a064bce5dfcd61fc9 img.avia_image{\nbox-shadow:none;\n}\n.avia-image-container.av-av_image-22c3610c24512b9a064bce5dfcd61fc9 .av-caption-image-overlay-bg{\nopacity:0.4;\nbackground-color:#000000;\n}\n.avia-image-container.av-av_image-22c3610c24512b9a064bce5dfcd61fc9 .av-image-caption-overlay-center{\ncolor:#ffffff;\nfont-size:22px;\n}\n<\/style>\n<div  class='avia-image-container av-av_image-22c3610c24512b9a064bce5dfcd61fc9 av-styling- av-hover-grow av-hide-overflow av-img-linked avia-align-center noHover av-overlay-hover-deactivate'   itemprop=\"image\" itemscope=\"itemscope\" itemtype=\"https:\/\/schema.org\/ImageObject\" ><div class=\"avia-image-container-inner\"><div class=\"avia-image-overlay-wrap\"><a href=\"https:\/\/test393.ergatesweb7.ovh\/fr\/benestar\/hotel-spa-la-collada\/\" class='avia_image '  target=\"_blank\"  rel=\"noopener noreferrer\" ><div class=\"av-image-caption-overlay\"><div class=\"av-caption-image-overlay-bg\"><\/div><div class=\"av-image-caption-overlay-position\"><div class=\"av-image-caption-overlay-center\"><h3>H\u00f4tel &amp; Spa La Collada<\/h3>\n<h4><\/h4>\n<\/div><\/div><\/div><img decoding=\"async\" fetchpriority=\"high\" class='wp-image- avia-img-lazy-loading-not- avia_image ' src=\"https:\/\/test393.ergatesweb7.ovh\/wp-content\/uploads\/2020\/04\/hotel-spa-lacollada-spa-845x684.jpg\" alt='' title=''   itemprop=\"thumbnailUrl\"  \/><\/a><\/div><\/div><\/div>\n  \n\n  \n<\/div><\/p><\/div>\n\t\t\n\n\t\t\n\t\t\t<div  class='flex_column av-av_one_fourth-cae1f7b2f72c6a5cdf3719c4a548253a av_one_fourth flex_column_div  '     ><p><div class=\"loop-item\">\n  \n      \n<style type=\"text\/css\" data-created_by=\"avia_inline_auto\" id=\"style-css-av-av_image-019f880be323ea98020f0ca3bf8c4114\">\n.avia-image-container.av-av_image-019f880be323ea98020f0ca3bf8c4114 img.avia_image{\nbox-shadow:none;\n}\n.avia-image-container.av-av_image-019f880be323ea98020f0ca3bf8c4114 .av-caption-image-overlay-bg{\nopacity:0.4;\nbackground-color:#000000;\n}\n.avia-image-container.av-av_image-019f880be323ea98020f0ca3bf8c4114 .av-image-caption-overlay-center{\ncolor:#ffffff;\nfont-size:22px;\n}\n<\/style>\n<div  class='avia-image-container av-av_image-019f880be323ea98020f0ca3bf8c4114 av-styling- av-hover-grow av-hide-overflow av-img-linked avia-align-center noHover av-overlay-hover-deactivate'   itemprop=\"image\" itemscope=\"itemscope\" itemtype=\"https:\/\/schema.org\/ImageObject\" ><div class=\"avia-image-container-inner\"><div class=\"avia-image-overlay-wrap\"><a href=\"https:\/\/test393.ergatesweb7.ovh\/fr\/benestar\/cerdanya-ecoresort-spa\/\" class='avia_image '  target=\"_blank\"  rel=\"noopener noreferrer\" ><div class=\"av-image-caption-overlay\"><div class=\"av-caption-image-overlay-bg\"><\/div><div class=\"av-image-caption-overlay-position\"><div class=\"av-image-caption-overlay-center\"><h3>Cerdanya Ecoresort &amp; SPA<\/h3>\n<h4><\/h4>\n<\/div><\/div><\/div><img decoding=\"async\" fetchpriority=\"high\" class='wp-image- avia-img-lazy-loading-not- avia_image ' src=\"https:\/\/test393.ergatesweb7.ovh\/wp-content\/uploads\/2020\/04\/benestar-spa-cerdanyaecoresort-prullans-845x684.jpg\" alt='' title=''   itemprop=\"thumbnailUrl\"  \/><\/a><\/div><\/div><\/div>\n  \n\n  \n<\/div><\/p><\/div>\n\t\t\n\n\t\t\n\t\t\t<div  class='flex_column av-av_one_fourth-cae1f7b2f72c6a5cdf3719c4a548253a av_one_fourth flex_column_div  '     ><p><div class=\"loop-item\">\n  \n      \n<style type=\"text\/css\" data-created_by=\"avia_inline_auto\" id=\"style-css-av-av_image-888a77294776afa3d5c51328e8033cf6\">\n.avia-image-container.av-av_image-888a77294776afa3d5c51328e8033cf6 img.avia_image{\nbox-shadow:none;\n}\n.avia-image-container.av-av_image-888a77294776afa3d5c51328e8033cf6 .av-caption-image-overlay-bg{\nopacity:0.4;\nbackground-color:#000000;\n}\n.avia-image-container.av-av_image-888a77294776afa3d5c51328e8033cf6 .av-image-caption-overlay-center{\ncolor:#ffffff;\nfont-size:22px;\n}\n<\/style>\n<div  class='avia-image-container av-av_image-888a77294776afa3d5c51328e8033cf6 av-styling- av-hover-grow av-hide-overflow av-img-linked avia-align-center noHover av-overlay-hover-deactivate'   itemprop=\"image\" itemscope=\"itemscope\" itemtype=\"https:\/\/schema.org\/ImageObject\" ><div class=\"avia-image-container-inner\"><div class=\"avia-image-overlay-wrap\"><a href=\"https:\/\/test393.ergatesweb7.ovh\/fr\/benestar\/hotel-del-prado\/\" class='avia_image '  target=\"_blank\"  rel=\"noopener noreferrer\" ><div class=\"av-image-caption-overlay\"><div class=\"av-caption-image-overlay-bg\"><\/div><div class=\"av-image-caption-overlay-position\"><div class=\"av-image-caption-overlay-center\"><h3>Hotel del Prado<\/h3>\n<h4><\/h4>\n<\/div><\/div><\/div><img decoding=\"async\" fetchpriority=\"high\" class='wp-image- avia-img-lazy-loading-not- avia_image ' src=\"https:\/\/test393.ergatesweb7.ovh\/wp-content\/uploads\/2019\/03\/hotel_del_prado__piscina-845x684.jpg\" alt='' title=''   itemprop=\"thumbnailUrl\"  \/><\/a><\/div><\/div><\/div>\n  \n\n  \n<\/div><\/p><\/div>\n\n\t\t\n\n\t\t\n\t\t\t<div  class='flex_column av-av_one_fourth-2a9015ff38129c418a3f2eafba3e9512 av_one_fourth first flex_column_div  '     ><p><div class=\"loop-item\">\n  \n      \n<style type=\"text\/css\" data-created_by=\"avia_inline_auto\" id=\"style-css-av-av_image-6e598425ba831577cca13b83bfde5266\">\n.avia-image-container.av-av_image-6e598425ba831577cca13b83bfde5266 img.avia_image{\nbox-shadow:none;\n}\n.avia-image-container.av-av_image-6e598425ba831577cca13b83bfde5266 .av-caption-image-overlay-bg{\nopacity:0.4;\nbackground-color:#000000;\n}\n.avia-image-container.av-av_image-6e598425ba831577cca13b83bfde5266 .av-image-caption-overlay-center{\ncolor:#ffffff;\nfont-size:22px;\n}\n<\/style>\n<div  class='avia-image-container av-av_image-6e598425ba831577cca13b83bfde5266 av-styling- av-hover-grow av-hide-overflow av-img-linked avia-align-center noHover av-overlay-hover-deactivate'   itemprop=\"image\" itemscope=\"itemscope\" itemtype=\"https:\/\/schema.org\/ImageObject\" ><div class=\"avia-image-container-inner\"><div class=\"avia-image-overlay-wrap\"><a href=\"https:\/\/test393.ergatesweb7.ovh\/fr\/benestar\/hotel-del-lago\/\" class='avia_image '  target=\"_blank\"  rel=\"noopener noreferrer\" ><div class=\"av-image-caption-overlay\"><div class=\"av-caption-image-overlay-bg\"><\/div><div class=\"av-image-caption-overlay-position\"><div class=\"av-image-caption-overlay-center\"><h3>Hotel del Lago<\/h3>\n<h4><\/h4>\n<\/div><\/div><\/div><img decoding=\"async\" fetchpriority=\"high\" class='wp-image- avia-img-lazy-loading-not- avia_image ' src=\"https:\/\/test393.ergatesweb7.ovh\/wp-content\/uploads\/2020\/04\/hotel-lago-piscina-interior-845x684.jpg\" alt='' title=''   itemprop=\"thumbnailUrl\"  \/><\/a><\/div><\/div><\/div>\n  \n\n  \n<\/div><\/p><\/div>\n\t\t\n\t\t\t<div class=\"col-sm-3\"><\/div>\n\t\t\n\t\t\t<div class=\"col-sm-3\"><\/div>\n\t\t\n\t\t\t<div class=\"col-sm-3\"><\/div>\n\n\t\n\t\n\t\n\t\n\n\n\t\n\n\n<\/div> \n<\/div>\n<\/div><\/section>\n","protected":false},"excerpt":{"rendered":"","protected":false},"author":3,"featured_media":20174,"parent":30821,"menu_order":10,"comment_status":"closed","ping_status":"closed","template":"","meta":{"footnotes":""},"class_list":["post-30819","page","type-page","status-publish","has-post-thumbnail","hentry"],"_links":{"self":[{"href":"https:\/\/test393.ergatesweb7.ovh\/fr\/wp-json\/wp\/v2\/pages\/30819","targetHints":{"allow":["GET"]}}],"collection":[{"href":"https:\/\/test393.ergatesweb7.ovh\/fr\/wp-json\/wp\/v2\/pages"}],"about":[{"href":"https:\/\/test393.ergatesweb7.ovh\/fr\/wp-json\/wp\/v2\/types\/page"}],"author":[{"embeddable":true,"href":"https:\/\/test393.ergatesweb7.ovh\/fr\/wp-json\/wp\/v2\/users\/3"}],"replies":[{"embeddable":true,"href":"https:\/\/test393.ergatesweb7.ovh\/fr\/wp-json\/wp\/v2\/comments?post=30819"}],"version-history":[{"count":2,"href":"https:\/\/test393.ergatesweb7.ovh\/fr\/wp-json\/wp\/v2\/pages\/30819\/revisions"}],"predecessor-version":[{"id":35613,"href":"https:\/\/test393.ergatesweb7.ovh\/fr\/wp-json\/wp\/v2\/pages\/30819\/revisions\/35613"}],"up":[{"embeddable":true,"href":"https:\/\/test393.ergatesweb7.ovh\/fr\/wp-json\/wp\/v2\/pages\/30821"}],"wp:featuredmedia":[{"embeddable":true,"href":"https:\/\/test393.ergatesweb7.ovh\/fr\/wp-json\/wp\/v2\/media\/20174"}],"wp:attachment":[{"href":"https:\/\/test393.ergatesweb7.ovh\/fr\/wp-json\/wp\/v2\/media?parent=30819"}],"curies":[{"name":"wp","href":"https:\/\/api.w.org\/{rel}","templated":true}]}}