{"id":30817,"date":"2022-04-13T16:00:45","date_gmt":"2022-04-13T14:00:45","guid":{"rendered":"https:\/\/www.cerdanya.org\/thermes\/"},"modified":"2022-04-28T23:19:24","modified_gmt":"2022-04-28T21:19:24","slug":"thermes","status":"publish","type":"page","link":"https:\/\/test393.ergatesweb7.ovh\/fr\/que-faire\/tourisme-de-bien-etre\/thermes\/","title":{"rendered":"Thermes"},"content":{"rendered":"\n<style type=\"text\/css\" data-created_by=\"avia_inline_auto\" id=\"style-css-av-2okkxo-be195412daf3ca41b0efdae186d495d1\">\n.flex_column.av-2okkxo-be195412daf3ca41b0efdae186d495d1{\nborder-radius:0px 0px 0px 0px;\npadding:0px 0px 0px 0px;\n}\n<\/style>\n<div  class='flex_column av-2okkxo-be195412daf3ca41b0efdae186d495d1 av_one_full  avia-builder-el-0  el_before_av_hr  avia-builder-el-first  first flex_column_div av-zero-column-padding  '     ><section  class='av_textblock_section av-k90220n4-19577e2ca0ffd0cf3eb213cbe4b41d55 '   itemscope=\"itemscope\" itemtype=\"https:\/\/schema.org\/CreativeWork\" ><div class='avia_textblock'  itemprop=\"text\" ><blockquote>\n<p>Situ\u00e9s en Haute Cerdagne, les thermes de <strong>Dorres et Llo<\/strong> sont d&rsquo;excellentes propositions pour un bon moment de d\u00e9tente. Apr\u00e8s le ski ou la randonn\u00e9e \u00e9t\u00e9 comme hiver, les eaux sulfureuses vous accueillent pour vous d\u00e9tendre. Id\u00e9ale apr\u00e8s les efforts musculaires, pour les probl\u00e8mes de peau et les rhumatismes divers, ses propri\u00e9t\u00e9s sont reconnues depuis des si\u00e8cles, les eaux sulfureuses \u00e9taient utilis\u00e9es depuis l&rsquo;\u00e9poque romaine.<\/p>\n<\/blockquote>\n<\/div><\/section><\/div>\n\n<style type=\"text\/css\" data-created_by=\"avia_inline_auto\" id=\"style-css-av-k9023cma-f03a32584bc4dc9293cc5871732833a2\">\n#top .hr.hr-invisible.av-k9023cma-f03a32584bc4dc9293cc5871732833a2{\nheight:50px;\n}\n<\/style>\n<div  class='hr av-k9023cma-f03a32584bc4dc9293cc5871732833a2 hr-invisible  avia-builder-el-2  el_after_av_one_full  el_before_av_textblock '><span class='hr-inner '><span class=\"hr-inner-style\"><\/span><\/span><\/div>\n<section  class='av_textblock_section av-2jeabi-486650b26c39076634ba0708fc4b0d81 '   itemscope=\"itemscope\" itemtype=\"https:\/\/schema.org\/CreativeWork\" ><div class='avia_textblock'  itemprop=\"text\" >\n\n\n<div class=\"loop-editor\">\n  <div id=\"wpv-view-layout-3380-CATTR7640f1352ee84adfd00f58fe46684e97\" class=\"js-wpv-view-layout js-wpv-layout-responsive js-wpv-view-layout-3380-CATTR7640f1352ee84adfd00f58fe46684e97\" data-viewnumber=\"3380-CATTR7640f1352ee84adfd00f58fe46684e97\" data-pagination=\"{&quot;id&quot;:3380,&quot;query&quot;:&quot;normal&quot;,&quot;type&quot;:&quot;disabled&quot;,&quot;effect&quot;:&quot;fade&quot;,&quot;duration&quot;:500,&quot;speed&quot;:5,&quot;pause_on_hover&quot;:&quot;disabled&quot;,&quot;stop_rollover&quot;:&quot;false&quot;,&quot;cache_pages&quot;:&quot;enabled&quot;,&quot;preload_images&quot;:&quot;enabled&quot;,&quot;preload_pages&quot;:&quot;enabled&quot;,&quot;preload_reach&quot;:1,&quot;spinner&quot;:&quot;builtin&quot;,&quot;spinner_image&quot;:&quot;https:\/\/www.cerdanya.org\/wp-content\/plugins\/wp-views\/embedded\/res\/img\/ajax-loader.gif&quot;,&quot;callback_next&quot;:&quot;&quot;,&quot;manage_history&quot;:&quot;enabled&quot;,&quot;has_controls_in_form&quot;:&quot;disabled&quot;,&quot;infinite_tolerance&quot;:&quot;0&quot;,&quot;max_pages&quot;:0,&quot;page&quot;:1,&quot;base_permalink&quot;:&quot;\/fr\/wp-json\/wp\/v2\/pages\/30817?wpv_view_count=3380-CATTR7640f1352ee84adfd00f58fe46684e97&amp;wpv_paged=WPV_PAGE_NUM&quot;,&quot;loop&quot;:{&quot;type&quot;:&quot;&quot;,&quot;name&quot;:&quot;&quot;,&quot;data&quot;:[],&quot;id&quot;:0}}\" data-permalink=\"\/fr\/wp-json\/wp\/v2\/pages\/30817?wpv_view_count=3380-CATTR7640f1352ee84adfd00f58fe46684e97\">\n\n\t\n\t\n\t\n\n\t\t\n\t\t\t<div  class='flex_column av-av_one_fourth-2a9015ff38129c418a3f2eafba3e9512 av_one_fourth first flex_column_div  '     ><p><div class=\"loop-item\">\n  \n      \n<style type=\"text\/css\" data-created_by=\"avia_inline_auto\" id=\"style-css-av-av_image-0aba92732e6fdb0ad099b2e4275eb509\">\n.avia-image-container.av-av_image-0aba92732e6fdb0ad099b2e4275eb509 img.avia_image{\nbox-shadow:none;\n}\n.avia-image-container.av-av_image-0aba92732e6fdb0ad099b2e4275eb509 .av-caption-image-overlay-bg{\nopacity:0.4;\nbackground-color:#000000;\n}\n.avia-image-container.av-av_image-0aba92732e6fdb0ad099b2e4275eb509 .av-image-caption-overlay-center{\ncolor:#ffffff;\nfont-size:22px;\n}\n<\/style>\n<div  class='avia-image-container av-av_image-0aba92732e6fdb0ad099b2e4275eb509 av-styling- av-hover-grow av-hide-overflow av-img-linked avia-align-center noHover av-overlay-hover-deactivate'   itemprop=\"image\" itemscope=\"itemscope\" itemtype=\"https:\/\/schema.org\/ImageObject\" ><div class=\"avia-image-container-inner\"><div class=\"avia-image-overlay-wrap\"><a href=\"https:\/\/test393.ergatesweb7.ovh\/fr\/benestar\/banys-termals-sant-guillem\/\" class='avia_image '  target=\"_blank\"  rel=\"noopener noreferrer\" ><div class=\"av-image-caption-overlay\"><div class=\"av-caption-image-overlay-bg\"><\/div><div class=\"av-image-caption-overlay-position\"><div class=\"av-image-caption-overlay-center\"><h3>Thermes de Sant Guillem<\/h3>\n<h4><\/h4>\n<\/div><\/div><\/div><img decoding=\"async\" fetchpriority=\"high\" class='wp-image- avia-img-lazy-loading-not- avia_image ' src=\"https:\/\/test393.ergatesweb7.ovh\/wp-content\/uploads\/2023\/02\/banys-termals-llivia-845x684.jpg\" alt='' title=''   itemprop=\"thumbnailUrl\"  \/><\/a><\/div><\/div><\/div>\n  \n\n  \n<\/div><\/p><\/div>\n\t\t\n\n\t\t\n\t\t\t<div  class='flex_column av-av_one_fourth-cae1f7b2f72c6a5cdf3719c4a548253a av_one_fourth flex_column_div  '     ><p><div class=\"loop-item\">\n  \n      \n<style type=\"text\/css\" data-created_by=\"avia_inline_auto\" id=\"style-css-av-av_image-90215525b1589050663aec859adc66b5\">\n.avia-image-container.av-av_image-90215525b1589050663aec859adc66b5 img.avia_image{\nbox-shadow:none;\n}\n.avia-image-container.av-av_image-90215525b1589050663aec859adc66b5 .av-caption-image-overlay-bg{\nopacity:0.4;\nbackground-color:#000000;\n}\n.avia-image-container.av-av_image-90215525b1589050663aec859adc66b5 .av-image-caption-overlay-center{\ncolor:#ffffff;\nfont-size:22px;\n}\n<\/style>\n<div  class='avia-image-container av-av_image-90215525b1589050663aec859adc66b5 av-styling- av-hover-grow av-hide-overflow av-img-linked avia-align-center noHover av-overlay-hover-deactivate'   itemprop=\"image\" itemscope=\"itemscope\" itemtype=\"https:\/\/schema.org\/ImageObject\" ><div class=\"avia-image-container-inner\"><div class=\"avia-image-overlay-wrap\"><a href=\"https:\/\/test393.ergatesweb7.ovh\/fr\/benestar\/bains-de-dorres\/\" class='avia_image '  target=\"_blank\"  rel=\"noopener noreferrer\" ><div class=\"av-image-caption-overlay\"><div class=\"av-caption-image-overlay-bg\"><\/div><div class=\"av-image-caption-overlay-position\"><div class=\"av-image-caption-overlay-center\"><h3>Bains de Dorres<\/h3>\n<h4><\/h4>\n<\/div><\/div><\/div><img decoding=\"async\" fetchpriority=\"high\" class='wp-image- avia-img-lazy-loading-not- avia_image ' src=\"https:\/\/test393.ergatesweb7.ovh\/wp-content\/uploads\/2020\/04\/distribuidor_banystermals.jpg\" alt='' title=''   itemprop=\"thumbnailUrl\"  \/><\/a><\/div><\/div><\/div>\n  \n\n  \n<\/div><\/p><\/div>\n\t\t\n\n\t\t\n\t\t\t<div  class='flex_column av-av_one_fourth-cae1f7b2f72c6a5cdf3719c4a548253a av_one_fourth flex_column_div  '     ><p><div class=\"loop-item\">\n  \n      \n<style type=\"text\/css\" data-created_by=\"avia_inline_auto\" id=\"style-css-av-av_image-3f61ee8c7e0b9aac48a55974c441f343\">\n.avia-image-container.av-av_image-3f61ee8c7e0b9aac48a55974c441f343 img.avia_image{\nbox-shadow:none;\n}\n.avia-image-container.av-av_image-3f61ee8c7e0b9aac48a55974c441f343 .av-caption-image-overlay-bg{\nopacity:0.4;\nbackground-color:#000000;\n}\n.avia-image-container.av-av_image-3f61ee8c7e0b9aac48a55974c441f343 .av-image-caption-overlay-center{\ncolor:#ffffff;\nfont-size:22px;\n}\n<\/style>\n<div  class='avia-image-container av-av_image-3f61ee8c7e0b9aac48a55974c441f343 av-styling- av-hover-grow av-hide-overflow av-img-linked avia-align-center noHover av-overlay-hover-deactivate'   itemprop=\"image\" itemscope=\"itemscope\" itemtype=\"https:\/\/schema.org\/ImageObject\" ><div class=\"avia-image-container-inner\"><div class=\"avia-image-overlay-wrap\"><a href=\"https:\/\/test393.ergatesweb7.ovh\/fr\/benestar\/bains-de-llo\/\" class='avia_image '  target=\"_blank\"  rel=\"noopener noreferrer\" ><div class=\"av-image-caption-overlay\"><div class=\"av-caption-image-overlay-bg\"><\/div><div class=\"av-image-caption-overlay-position\"><div class=\"av-image-caption-overlay-center\"><h3>Bains de Llo<\/h3>\n<h4><\/h4>\n<\/div><\/div><\/div><img decoding=\"async\" fetchpriority=\"high\" class='wp-image- avia-img-lazy-loading-not- avia_image ' src=\"https:\/\/test393.ergatesweb7.ovh\/wp-content\/uploads\/2020\/04\/bains-de-llo.jpg\" alt='' title=''   itemprop=\"thumbnailUrl\"  \/><\/a><\/div><\/div><\/div>\n  \n\n  \n<\/div><\/p><\/div>\n\t\t\n\t\t\t<div class=\"col-sm-3\"><\/div>\n\n\t\n\t\n\t\n\t\n\n\n\t\n\n\n<\/div> \n<\/div>\n<\/div><\/section>\n<div  class='hr av-6qhgw-34e1ad8be36a35bc63ebedd2805dadfe hr-default'><span class='hr-inner '><span class=\"hr-inner-style\"><\/span><\/span><\/div>\n","protected":false},"excerpt":{"rendered":"","protected":false},"author":3,"featured_media":20176,"parent":30821,"menu_order":20,"comment_status":"closed","ping_status":"closed","template":"","meta":{"footnotes":""},"class_list":["post-30817","page","type-page","status-publish","has-post-thumbnail","hentry"],"_links":{"self":[{"href":"https:\/\/test393.ergatesweb7.ovh\/fr\/wp-json\/wp\/v2\/pages\/30817","targetHints":{"allow":["GET"]}}],"collection":[{"href":"https:\/\/test393.ergatesweb7.ovh\/fr\/wp-json\/wp\/v2\/pages"}],"about":[{"href":"https:\/\/test393.ergatesweb7.ovh\/fr\/wp-json\/wp\/v2\/types\/page"}],"author":[{"embeddable":true,"href":"https:\/\/test393.ergatesweb7.ovh\/fr\/wp-json\/wp\/v2\/users\/3"}],"replies":[{"embeddable":true,"href":"https:\/\/test393.ergatesweb7.ovh\/fr\/wp-json\/wp\/v2\/comments?post=30817"}],"version-history":[{"count":2,"href":"https:\/\/test393.ergatesweb7.ovh\/fr\/wp-json\/wp\/v2\/pages\/30817\/revisions"}],"predecessor-version":[{"id":35621,"href":"https:\/\/test393.ergatesweb7.ovh\/fr\/wp-json\/wp\/v2\/pages\/30817\/revisions\/35621"}],"up":[{"embeddable":true,"href":"https:\/\/test393.ergatesweb7.ovh\/fr\/wp-json\/wp\/v2\/pages\/30821"}],"wp:featuredmedia":[{"embeddable":true,"href":"https:\/\/test393.ergatesweb7.ovh\/fr\/wp-json\/wp\/v2\/media\/20176"}],"wp:attachment":[{"href":"https:\/\/test393.ergatesweb7.ovh\/fr\/wp-json\/wp\/v2\/media?parent=30817"}],"curies":[{"name":"wp","href":"https:\/\/api.w.org\/{rel}","templated":true}]}}