{"id":30803,"date":"2022-04-13T15:00:33","date_gmt":"2022-04-13T13:00:33","guid":{"rendered":"https:\/\/www.cerdanya.org\/boulettes-de-boeuf-bio-de-la-cerdagne-decopyrene-aux-crevettes-et-champignons-de-saison\/"},"modified":"2022-04-28T14:01:08","modified_gmt":"2022-04-28T12:01:08","slug":"boulettes-de-boeuf-bio-de-la-cerdagne-decopyrene-aux-crevettes-et-champignons-de-saison","status":"publish","type":"page","link":"https:\/\/test393.ergatesweb7.ovh\/fr\/gastronomie\/recettes\/boulettes-de-boeuf-bio-de-la-cerdagne-decopyrene-aux-crevettes-et-champignons-de-saison\/","title":{"rendered":"Boulettes de boeuf bio de la Cerdagne d&rsquo;Ecopyr\u00e8ne aux crevettes et champignons de saison"},"content":{"rendered":"<div id='av_section_1'  class='avia-section av-hcg34-dbb0092a76b1e9b02c598c8889c3246c main_color avia-section-default avia-no-border-styling  avia-builder-el-0  avia-builder-el-no-sibling  avia-bg-style-scroll container_wrap fullsize'  ><div class='container av-section-cont-open' ><main  role=\"main\" itemprop=\"mainContentOfPage\"  class='template-page content  av-content-full alpha units'><div class='post-entry post-entry-type-page post-entry-30803'><div class='entry-content-wrapper clearfix'>\n\n<style type=\"text\/css\" data-created_by=\"avia_inline_auto\" id=\"style-css-av-470bxu-31b24ab68701da5b6ede2ffee4a0aab0\">\n.flex_column.av-470bxu-31b24ab68701da5b6ede2ffee4a0aab0{\nborder-radius:0px 0px 0px 0px;\npadding:0px 0px 0px 0px;\n}\n<\/style>\n<div  class='flex_column av-470bxu-31b24ab68701da5b6ede2ffee4a0aab0 av_one_full first flex_column_div av-zero-column-padding  '     ><style type=\"text\/css\" data-created_by=\"avia_inline_auto\" id=\"style-css-av-kdejp66k-61d201b69653206457fb8d246fcbd10d\">\n#top .av-special-heading.av-kdejp66k-61d201b69653206457fb8d246fcbd10d{\npadding-bottom:20px;\n}\nbody .av-special-heading.av-kdejp66k-61d201b69653206457fb8d246fcbd10d .av-special-heading-tag .heading-char{\nfont-size:25px;\n}\n.av-special-heading.av-kdejp66k-61d201b69653206457fb8d246fcbd10d .av-subheading{\nfont-size:15px;\n}\n<\/style>\n<div  class='av-special-heading av-kdejp66k-61d201b69653206457fb8d246fcbd10d av-special-heading-h2 blockquote modern-quote av-linked-heading'><h2 class='av-special-heading-tag '  itemprop=\"headline\"  >Boulettes de boeuf bio de la Cerdagne d\u2019Ecopyr\u00e8ne aux crevettes et champignons de saison<\/h2><div class=\"special-heading-border\"><div class=\"special-heading-inner-border\"><\/div><\/div><\/div><\/div>\n<style type=\"text\/css\" data-created_by=\"avia_inline_auto\" id=\"style-css-av-d62i8-e1b62b7dc067bcf2940624526674b441\">\n.flex_column.av-d62i8-e1b62b7dc067bcf2940624526674b441{\nborder-radius:0px 0px 0px 0px;\npadding:0px 0px 0px 0px;\n}\n<\/style>\n<div  class='flex_column av-d62i8-e1b62b7dc067bcf2940624526674b441 av_one_third  avia-builder-el-1  el_before_av_two_third  avia-builder-el-first  first flex_column_div av-zero-column-padding  '     ><p>\n<style type=\"text\/css\" data-created_by=\"avia_inline_auto\" id=\"style-css-av-jvc89ocd-67ebe86251a088e39c262a7e7a07a756\">\n.avia-image-container.av-jvc89ocd-67ebe86251a088e39c262a7e7a07a756 img.avia_image{\nbox-shadow:none;\n}\n.avia-image-container.av-jvc89ocd-67ebe86251a088e39c262a7e7a07a756 .av-image-caption-overlay-center{\ncolor:#ffffff;\n}\n<\/style>\n<div  class='avia-image-container av-jvc89ocd-67ebe86251a088e39c262a7e7a07a756 av-styling- avia-align-center  avia-builder-el-2  el_before_av_textblock  avia-builder-el-first '   itemprop=\"image\" itemscope=\"itemscope\" itemtype=\"https:\/\/schema.org\/ImageObject\" ><div class=\"avia-image-container-inner\"><div class=\"avia-image-overlay-wrap\"><img decoding=\"async\" fetchpriority=\"high\" class='wp-image-21607 avia-img-lazy-loading-not-21607 avia_image ' src=\"https:\/\/test393.ergatesweb7.ovh\/wp-content\/uploads\/2020\/08\/mandonguilles-cal-jet-225x300.jpg\" alt='' title='mandonguilles-cal-jet'  height=\"300\" width=\"225\"  itemprop=\"thumbnailUrl\" srcset=\"https:\/\/test393.ergatesweb7.ovh\/wp-content\/uploads\/2020\/08\/mandonguilles-cal-jet-225x300.jpg 225w, https:\/\/test393.ergatesweb7.ovh\/wp-content\/uploads\/2020\/08\/mandonguilles-cal-jet-773x1030.jpg 773w, https:\/\/test393.ergatesweb7.ovh\/wp-content\/uploads\/2020\/08\/mandonguilles-cal-jet-768x1024.jpg 768w, https:\/\/test393.ergatesweb7.ovh\/wp-content\/uploads\/2020\/08\/mandonguilles-cal-jet-529x705.jpg 529w, https:\/\/test393.ergatesweb7.ovh\/wp-content\/uploads\/2020\/08\/mandonguilles-cal-jet.jpg 1125w\" sizes=\"(max-width: 225px) 100vw, 225px\" \/><\/div><\/div><\/div><br \/>\n<section  class='av_textblock_section av-jvc87pz8-b50fea7519a8f103f3f96b210db57b12 '   itemscope=\"itemscope\" itemtype=\"https:\/\/schema.org\/CreativeWork\" ><div class='avia_textblock'  itemprop=\"text\" ><p><strong>Auteur<\/strong><\/p>\n<p>David Ruiz<\/p>\n<p><a href=\"https:\/\/caljet.cat\/\" target=\"_blank\" rel=\"noopener\">Cal Jet de Ger<\/a><\/p>\n<\/div><\/section><\/p><\/div>\n<style type=\"text\/css\" data-created_by=\"avia_inline_auto\" id=\"style-css-av-8udkg-49e0a2a8e2ba57ff1decc227e1ecf295\">\n.flex_column.av-8udkg-49e0a2a8e2ba57ff1decc227e1ecf295{\nborder-radius:0px 0px 0px 0px;\npadding:0px 0px 0px 0px;\n}\n<\/style>\n<div  class='flex_column av-8udkg-49e0a2a8e2ba57ff1decc227e1ecf295 av_two_third  avia-builder-el-4  el_after_av_one_third  avia-builder-el-last  flex_column_div av-zero-column-padding  '     ><p><section  class='av_textblock_section av-jvc87pz8-b50fea7519a8f103f3f96b210db57b12 '   itemscope=\"itemscope\" itemtype=\"https:\/\/schema.org\/CreativeWork\" ><div class='avia_textblock'  itemprop=\"text\" ><p><strong>Ingr\u00e9dients<\/strong><\/p>\n<p>Recette pour 4 personnes :<\/p>\n<ul>\n<li>0,6 Kg de viande hach\u00e9e de b\u0153uf bio de la Cerdagne d&rsquo;Ecopyr\u00e8ne<\/li>\n<li>4 \u0153ufs bio de Cal Grauet<\/li>\n<li>5 g de chapelure<\/li>\n<li>2 ml de lait<\/li>\n<li>4 gousses d&rsquo;ail<\/li>\n<li>1 bouquet de persil frais<\/li>\n<li>100 g de farine<\/li>\n<li>2 l de bouillon de boeuf<\/li>\n<li>12 grosses crevettes<\/li>\n<li>200 g de champignons de saison<\/li>\n<li style=\"list-style-type: none;\">\n<\/li>\n<\/ul>\n<p><strong>\u00c9laboration<\/strong><\/p>\n<p>On m\u00e9lange le boeuf bio hach\u00e9, les \u0153ufs, la chapelure tremp\u00e9e dans du lait et \u00e9goutt\u00e9e, l&rsquo;ail et le persil finement hach\u00e9s. Assaisonnez avec du sel et du poivre selon votre go\u00fbt. Nous fabriquons des boulettes de 35 \u00e0 40 grammes. Faites frire les boulettes de viande dans de l&rsquo;huile d&rsquo;olive chaude jusqu&rsquo;\u00e0 ce qu&rsquo;elles soient dor\u00e9es \u00e0 l&rsquo;ext\u00e9rieur et crues \u00e0 l&rsquo;int\u00e9rieur. Enfin, faites-les cuire dans le bouillon de b\u0153uf noir jusqu&rsquo;\u00e0 ce qu&rsquo;ils soient tendres et r\u00e9servez. Filtrez le bouillon et r\u00e9duisez-le \u00e0 la saveur et \u00e0 la texture d\u00e9sir\u00e9es. En revanche, nous nettoyons bien les champignons de saison et d\u00e9cortiquons les gambas. Faire sauter l\u00e9g\u00e8rement les champignons et les crevettes et assaisonner au go\u00fbt. Nous les r\u00e9servons. On d\u00e9glace ce saut\u00e9 avec un peu de bouillon r\u00e9duit et on l&rsquo;ajoute aux boulettes. Enfin nous pr\u00e9sentons les boulettes de viande avec la sauce r\u00e9duite. Champignons et crevettes saut\u00e9s et un peu crus sur les boulettes de viande et enfin une pinc\u00e9e de persil frais finement hach\u00e9.<\/p>\n<\/div><\/section><br \/>\n\n<style type=\"text\/css\" data-created_by=\"avia_inline_auto\" id=\"style-css-av-k9l2lsyj-50136044f64ae289a9abd2cb136752bb\">\n#top .hr.hr-invisible.av-k9l2lsyj-50136044f64ae289a9abd2cb136752bb{\nheight:20px;\n}\n<\/style>\n<div  class='hr av-k9l2lsyj-50136044f64ae289a9abd2cb136752bb hr-invisible  avia-builder-el-6  el_after_av_textblock  el_before_av_button '><span class='hr-inner '><span class=\"hr-inner-style\"><\/span><\/span><\/div><br \/>\n<div  class='avia-button-wrap av-k9l2nixi-3e326d419cd081ad2d96f3aad5b1116c-wrap avia-button-center  avia-builder-el-7  el_after_av_hr  avia-builder-el-last '>\n<style type=\"text\/css\" data-created_by=\"avia_inline_auto\" id=\"style-css-av-k9l2nixi-3e326d419cd081ad2d96f3aad5b1116c\">\n#top #wrap_all .avia-button.av-k9l2nixi-3e326d419cd081ad2d96f3aad5b1116c{\nbackground-color:#9e9e9e;\nborder-color:#9e9e9e;\ncolor:#ffffff;\ntransition:all 0.4s ease-in-out;\n}\n#top #wrap_all .avia-button.av-k9l2nixi-3e326d419cd081ad2d96f3aad5b1116c .avia-svg-icon svg:first-child{\nfill:#ffffff;\nstroke:#ffffff;\n}\n<\/style>\n<a href='https:\/\/www.cerdanya.org\/wp-content\/uploads\/2020\/08\/recepta-mandonguilles-cal-jet.pdf'  class='avia-button av-k9l2nixi-3e326d419cd081ad2d96f3aad5b1116c av-link-btn avia-icon_select-yes-right-icon avia-size-large avia-position-center'  target=\"_blank\"  rel=\"noopener noreferrer\"  aria-label=\"T\u00e9l\u00e9chargez la recette\"><span class='avia_iconbox_title' >T\u00e9l\u00e9chargez la recette<\/span><span class='avia_button_icon avia_button_icon_right avia-iconfont avia-font-entypo-fontello' data-av_icon='\ue838' data-av_iconfont='entypo-fontello' ><\/span><\/a><\/div><\/p><\/div>\n","protected":false},"excerpt":{"rendered":"","protected":false},"author":3,"featured_media":21607,"parent":30943,"menu_order":10,"comment_status":"closed","ping_status":"closed","template":"","meta":{"footnotes":""},"class_list":["post-30803","page","type-page","status-publish","has-post-thumbnail","hentry"],"_links":{"self":[{"href":"https:\/\/test393.ergatesweb7.ovh\/fr\/wp-json\/wp\/v2\/pages\/30803","targetHints":{"allow":["GET"]}}],"collection":[{"href":"https:\/\/test393.ergatesweb7.ovh\/fr\/wp-json\/wp\/v2\/pages"}],"about":[{"href":"https:\/\/test393.ergatesweb7.ovh\/fr\/wp-json\/wp\/v2\/types\/page"}],"author":[{"embeddable":true,"href":"https:\/\/test393.ergatesweb7.ovh\/fr\/wp-json\/wp\/v2\/users\/3"}],"replies":[{"embeddable":true,"href":"https:\/\/test393.ergatesweb7.ovh\/fr\/wp-json\/wp\/v2\/comments?post=30803"}],"version-history":[{"count":11,"href":"https:\/\/test393.ergatesweb7.ovh\/fr\/wp-json\/wp\/v2\/pages\/30803\/revisions"}],"predecessor-version":[{"id":33062,"href":"https:\/\/test393.ergatesweb7.ovh\/fr\/wp-json\/wp\/v2\/pages\/30803\/revisions\/33062"}],"up":[{"embeddable":true,"href":"https:\/\/test393.ergatesweb7.ovh\/fr\/wp-json\/wp\/v2\/pages\/30943"}],"wp:featuredmedia":[{"embeddable":true,"href":"https:\/\/test393.ergatesweb7.ovh\/fr\/wp-json\/wp\/v2\/media\/21607"}],"wp:attachment":[{"href":"https:\/\/test393.ergatesweb7.ovh\/fr\/wp-json\/wp\/v2\/media?parent=30803"}],"curies":[{"name":"wp","href":"https:\/\/api.w.org\/{rel}","templated":true}]}}