{"id":30661,"date":"2022-04-13T12:35:26","date_gmt":"2022-04-13T10:35:26","guid":{"rendered":"https:\/\/www.cerdanya.org\/axe-1-du-pas\/"},"modified":"2022-04-28T21:22:49","modified_gmt":"2022-04-28T19:22:49","slug":"axe-1-du-pas","status":"publish","type":"page","link":"https:\/\/test393.ergatesweb7.ovh\/fr\/informations-utiles\/pas\/axe-1-du-pas\/","title":{"rendered":"AXE 1 DU PAS"},"content":{"rendered":"\n<style type=\"text\/css\" data-created_by=\"avia_inline_auto\" id=\"style-css-av-bbg2a-cf67eaa70b04d3331f3f4a584601f8df\">\n.flex_column.av-bbg2a-cf67eaa70b04d3331f3f4a584601f8df{\nborder-radius:0px 0px 0px 0px;\npadding:0px 0px 0px 0px;\n}\n<\/style>\n<div  class='flex_column av-bbg2a-cf67eaa70b04d3331f3f4a584601f8df av_one_full  avia-builder-el-0  el_before_av_one_half  avia-builder-el-first  first flex_column_div av-zero-column-padding  '     ><style type=\"text\/css\" data-created_by=\"avia_inline_auto\" id=\"style-css-av-kst2dml4-f5143fce7e405dc19391c13e747d7de4\">\n#top .av-special-heading.av-kst2dml4-f5143fce7e405dc19391c13e747d7de4{\npadding-bottom:10px;\n}\nbody .av-special-heading.av-kst2dml4-f5143fce7e405dc19391c13e747d7de4 .av-special-heading-tag .heading-char{\nfont-size:25px;\n}\n.av-special-heading.av-kst2dml4-f5143fce7e405dc19391c13e747d7de4 .av-subheading{\nfont-size:15px;\n}\n<\/style>\n<div  class='av-special-heading av-kst2dml4-f5143fce7e405dc19391c13e747d7de4 av-special-heading-h2  avia-builder-el-1  avia-builder-el-no-sibling '><h2 class='av-special-heading-tag '  itemprop=\"headline\"  >TOURISME DURABLE ET CONSCIENT<\/h2><div class=\"special-heading-border\"><div class=\"special-heading-inner-border\"><\/div><\/div><\/div><\/div>\n\n<style type=\"text\/css\" data-created_by=\"avia_inline_auto\" id=\"style-css-av-2no0a8-0d3a51264f7604c65ffa97fbb1c54fe4\">\n.flex_column.av-2no0a8-0d3a51264f7604c65ffa97fbb1c54fe4{\nborder-radius:0px 0px 0px 0px;\npadding:0px 0px 0px 0px;\n}\n<\/style>\n<div  class='flex_column av-2no0a8-0d3a51264f7604c65ffa97fbb1c54fe4 av_one_half  avia-builder-el-2  el_after_av_one_full  el_before_av_one_half  first flex_column_div av-zero-column-padding  column-top-margin'     ><style type=\"text\/css\" data-created_by=\"avia_inline_auto\" id=\"style-css-av-kek3gjzd-b4fb8a54edfd79ce8e9200e5cde6aac9\">\n.avia-image-container.av-kek3gjzd-b4fb8a54edfd79ce8e9200e5cde6aac9 img.avia_image{\nbox-shadow:none;\n}\n.avia-image-container.av-kek3gjzd-b4fb8a54edfd79ce8e9200e5cde6aac9 .av-image-caption-overlay-center{\ncolor:#ffffff;\n}\n<\/style>\n<div  class='avia-image-container av-kek3gjzd-b4fb8a54edfd79ce8e9200e5cde6aac9 av-styling- avia-align-center  avia-builder-el-3  avia-builder-el-no-sibling '   itemprop=\"image\" itemscope=\"itemscope\" itemtype=\"https:\/\/schema.org\/ImageObject\" ><div class=\"avia-image-container-inner\"><div class=\"avia-image-overlay-wrap\"><img decoding=\"async\" fetchpriority=\"high\" class='wp-image-22979 avia-img-lazy-loading-not-22979 avia_image ' src=\"https:\/\/test393.ergatesweb7.ovh\/wp-content\/uploads\/2021\/08\/PAS-logos-2.png\" alt='' title='PAS-logos (2)'  height=\"500\" width=\"500\"  itemprop=\"thumbnailUrl\" srcset=\"https:\/\/test393.ergatesweb7.ovh\/wp-content\/uploads\/2021\/08\/PAS-logos-2.png 500w, https:\/\/test393.ergatesweb7.ovh\/wp-content\/uploads\/2021\/08\/PAS-logos-2-300x300.png 300w, https:\/\/test393.ergatesweb7.ovh\/wp-content\/uploads\/2021\/08\/PAS-logos-2-80x80.png 80w, https:\/\/test393.ergatesweb7.ovh\/wp-content\/uploads\/2021\/08\/PAS-logos-2-36x36.png 36w, https:\/\/test393.ergatesweb7.ovh\/wp-content\/uploads\/2021\/08\/PAS-logos-2-180x180.png 180w\" sizes=\"(max-width: 500px) 100vw, 500px\" \/><\/div><\/div><\/div><\/div>\n\n<style type=\"text\/css\" data-created_by=\"avia_inline_auto\" id=\"style-css-av-40y9qo-c484bc9f3cb1a4c2e8bb5efd4b506cb1\">\n.flex_column.av-40y9qo-c484bc9f3cb1a4c2e8bb5efd4b506cb1{\nborder-radius:0px 0px 0px 0px;\npadding:0px 0px 0px 0px;\n}\n<\/style>\n<div  class='flex_column av-40y9qo-c484bc9f3cb1a4c2e8bb5efd4b506cb1 av_one_half  avia-builder-el-4  el_after_av_one_half  el_before_av_one_full  flex_column_div av-zero-column-padding  column-top-margin'     ><section  class='av_textblock_section av-k92fpla4-ed5e39d3b34f08882b2421fc59894bde '   itemscope=\"itemscope\" itemtype=\"https:\/\/schema.org\/CreativeWork\" ><div class='avia_textblock'  itemprop=\"text\" ><p><span style=\"font-weight: 400;\">L&rsquo;axe 1 du <a href=\"https:\/\/www.cerdanya.org\/fr\/informations-utiles\/pas\/\">PAS<\/a> vise \u00e0 <strong>construire un mod\u00e8le de tourisme durable et conscient qui devienne une r\u00e9f\u00e9rence<\/strong> , et comprend plusieurs objectifs sp\u00e9cifiques qui sont :<\/span><\/p>\n<p>1.1 Sensibiliser les professionnels et la population vers un tourisme durable et conscient.<\/p>\n<ul>\n<li>1.1.1. Formation en Tourisme Durable et Conscient.<\/li>\n<li>1.1.2. Sensibilisation et mise en r\u00e9seau.<\/li>\n<\/ul>\n<p>1.2 Promouvoir la certification durable du territoire.<\/p>\n<ul>\n<li>1.2.1. Certifications durables.<\/li>\n<\/ul>\n<p>1.3 Orienter le secteur du tourisme vers un syst\u00e8me de mobilit\u00e9 durable et accessible.<\/p>\n<ul>\n<li>1.3.1. Mobilit\u00e9 durable et accessible pour le secteur du tourisme.<\/li>\n<\/ul>\n<p>1.4 Favoriser une \u00e9conomie r\u00e9g\u00e9n\u00e9ratrice bas\u00e9e sur les ressources locales.<\/p>\n<ul>\n<li>1.4.1. Promotion du produit local<\/li>\n<\/ul>\n<\/div><\/section><\/div>\n<style type=\"text\/css\" data-created_by=\"avia_inline_auto\" id=\"style-css-av-b2y8n-6ce0537866ef8a50ff00c61c6dabe3dc\">\n.flex_column.av-b2y8n-6ce0537866ef8a50ff00c61c6dabe3dc{\nborder-radius:0px 0px 0px 0px;\npadding:0px 0px 0px 0px;\n}\n<\/style>\n<div  class='flex_column av-b2y8n-6ce0537866ef8a50ff00c61c6dabe3dc av_one_full  avia-builder-el-6  el_after_av_one_half  el_before_av_one_fifth  first flex_column_div av-zero-column-padding  column-top-margin'     ><p>\n<style type=\"text\/css\" data-created_by=\"avia_inline_auto\" id=\"style-css-av-2jr66p-214c7bc8433a9a847c97a55e3b6c7eb6\">\n#top .av-special-heading.av-2jr66p-214c7bc8433a9a847c97a55e3b6c7eb6{\npadding-bottom:10px;\n}\nbody .av-special-heading.av-2jr66p-214c7bc8433a9a847c97a55e3b6c7eb6 .av-special-heading-tag .heading-char{\nfont-size:25px;\n}\n.av-special-heading.av-2jr66p-214c7bc8433a9a847c97a55e3b6c7eb6 .av-subheading{\nfont-size:15px;\n}\n<\/style>\n<div  class='av-special-heading av-2jr66p-214c7bc8433a9a847c97a55e3b6c7eb6 av-special-heading-h1  avia-builder-el-7  el_before_av_textblock  avia-builder-el-first '><h1 class='av-special-heading-tag '  itemprop=\"headline\"  >Faites partie du PAS<\/h1><div class=\"special-heading-border\"><div class=\"special-heading-inner-border\"><\/div><\/div><\/div><br \/>\n<section  class='av_textblock_section av-k92fpla4-ed5e39d3b34f08882b2421fc59894bde '   itemscope=\"itemscope\" itemtype=\"https:\/\/schema.org\/CreativeWork\" ><div class='avia_textblock'  itemprop=\"text\" ><p>Si vous souhaitez faire partie du PAS et promouvoir l&rsquo;un des axes ou actions qu&rsquo;il envisage, n&rsquo;h\u00e9sitez pas, contactez-nous !<\/p>\n<\/div><\/section><\/p><\/div>\n<style type=\"text\/css\" data-created_by=\"avia_inline_auto\" id=\"style-css-av-b2y8n-6ce0537866ef8a50ff00c61c6dabe3dc\">\n.flex_column.av-b2y8n-6ce0537866ef8a50ff00c61c6dabe3dc{\nborder-radius:0px 0px 0px 0px;\npadding:0px 0px 0px 0px;\n}\n<\/style>\n<div  class='flex_column av-b2y8n-6ce0537866ef8a50ff00c61c6dabe3dc av_one_fifth  avia-builder-el-9  el_after_av_one_full  el_before_av_one_fifth  first flex_column_div av-zero-column-padding  column-top-margin'     ><style type=\"text\/css\" data-created_by=\"avia_inline_auto\" id=\"style-css-av-8oh080-cdb0af8de029ac331d0c8552304a7eda\">\n.avia-image-container.av-8oh080-cdb0af8de029ac331d0c8552304a7eda img.avia_image{\nbox-shadow:none;\n}\n.avia-image-container.av-8oh080-cdb0af8de029ac331d0c8552304a7eda .av-image-caption-overlay-center{\ncolor:#ffffff;\n}\n<\/style>\n<div  class='avia-image-container av-8oh080-cdb0af8de029ac331d0c8552304a7eda av-styling- avia-align-center  avia-builder-el-10  avia-builder-el-no-sibling '   itemprop=\"image\" itemscope=\"itemscope\" itemtype=\"https:\/\/schema.org\/ImageObject\" ><div class=\"avia-image-container-inner\"><div class=\"avia-image-overlay-wrap\"><img decoding=\"async\" fetchpriority=\"high\" class='wp-image-22979 avia-img-lazy-loading-not-22979 avia_image ' src=\"https:\/\/test393.ergatesweb7.ovh\/wp-content\/uploads\/2021\/08\/PAS-logos-2.png\" alt='' title='PAS-logos (2)'  height=\"500\" width=\"500\"  itemprop=\"thumbnailUrl\" srcset=\"https:\/\/test393.ergatesweb7.ovh\/wp-content\/uploads\/2021\/08\/PAS-logos-2.png 500w, https:\/\/test393.ergatesweb7.ovh\/wp-content\/uploads\/2021\/08\/PAS-logos-2-300x300.png 300w, https:\/\/test393.ergatesweb7.ovh\/wp-content\/uploads\/2021\/08\/PAS-logos-2-80x80.png 80w, https:\/\/test393.ergatesweb7.ovh\/wp-content\/uploads\/2021\/08\/PAS-logos-2-36x36.png 36w, https:\/\/test393.ergatesweb7.ovh\/wp-content\/uploads\/2021\/08\/PAS-logos-2-180x180.png 180w\" sizes=\"(max-width: 500px) 100vw, 500px\" \/><\/div><\/div><\/div><\/div><\/p>\n\n<style type=\"text\/css\" data-created_by=\"avia_inline_auto\" id=\"style-css-av-b2y8n-bf76c4393734616a66b8bcb60f0f42b8\">\n.flex_column.av-b2y8n-bf76c4393734616a66b8bcb60f0f42b8{\nborder-radius:0px 0px 0px 0px;\npadding:0px 0px 0px 0px;\n}\n<\/style>\n<div  class='flex_column av-b2y8n-bf76c4393734616a66b8bcb60f0f42b8 av_one_fifth  avia-builder-el-11  el_after_av_one_fifth  el_before_av_one_fifth  flex_column_div av-zero-column-padding  column-top-margin'     ><style type=\"text\/css\" data-created_by=\"avia_inline_auto\" id=\"style-css-av-8oh080-a07056adaf0063de6c603db2f3dcc492\">\n.avia-image-container.av-8oh080-a07056adaf0063de6c603db2f3dcc492 img.avia_image{\nbox-shadow:none;\n}\n.avia-image-container.av-8oh080-a07056adaf0063de6c603db2f3dcc492 .av-image-caption-overlay-center{\ncolor:#ffffff;\n}\n<\/style>\n<div  class='avia-image-container av-8oh080-a07056adaf0063de6c603db2f3dcc492 av-styling- avia-align-center  avia-builder-el-12  avia-builder-el-no-sibling '   itemprop=\"image\" itemscope=\"itemscope\" itemtype=\"https:\/\/schema.org\/ImageObject\" ><div class=\"avia-image-container-inner\"><div class=\"avia-image-overlay-wrap\"><img decoding=\"async\" fetchpriority=\"high\" class='wp-image-22987 avia-img-lazy-loading-not-22987 avia_image ' src=\"https:\/\/test393.ergatesweb7.ovh\/wp-content\/uploads\/2021\/08\/Eix1-300x300.png\" alt='' title='Eix1'  height=\"300\" width=\"300\"  itemprop=\"thumbnailUrl\" srcset=\"https:\/\/test393.ergatesweb7.ovh\/wp-content\/uploads\/2021\/08\/Eix1-300x300.png 300w, https:\/\/test393.ergatesweb7.ovh\/wp-content\/uploads\/2021\/08\/Eix1-80x80.png 80w, https:\/\/test393.ergatesweb7.ovh\/wp-content\/uploads\/2021\/08\/Eix1-36x36.png 36w, https:\/\/test393.ergatesweb7.ovh\/wp-content\/uploads\/2021\/08\/Eix1-180x180.png 180w, https:\/\/test393.ergatesweb7.ovh\/wp-content\/uploads\/2021\/08\/Eix1.png 500w\" sizes=\"(max-width: 300px) 100vw, 300px\" \/><\/div><\/div><\/div><\/div>\n\n<style type=\"text\/css\" data-created_by=\"avia_inline_auto\" id=\"style-css-av-b2y8n-bf76c4393734616a66b8bcb60f0f42b8\">\n.flex_column.av-b2y8n-bf76c4393734616a66b8bcb60f0f42b8{\nborder-radius:0px 0px 0px 0px;\npadding:0px 0px 0px 0px;\n}\n<\/style>\n<div  class='flex_column av-b2y8n-bf76c4393734616a66b8bcb60f0f42b8 av_one_fifth  avia-builder-el-13  el_after_av_one_fifth  el_before_av_one_fifth  flex_column_div av-zero-column-padding  column-top-margin'     ><style type=\"text\/css\" data-created_by=\"avia_inline_auto\" id=\"style-css-av-8oh080-d7b2d63c5d055fcac4b4b866510f3225\">\n.avia-image-container.av-8oh080-d7b2d63c5d055fcac4b4b866510f3225 img.avia_image{\nbox-shadow:none;\n}\n.avia-image-container.av-8oh080-d7b2d63c5d055fcac4b4b866510f3225 .av-image-caption-overlay-center{\ncolor:#ffffff;\n}\n<\/style>\n<div  class='avia-image-container av-8oh080-d7b2d63c5d055fcac4b4b866510f3225 av-styling- avia-align-center  avia-builder-el-14  avia-builder-el-no-sibling '   itemprop=\"image\" itemscope=\"itemscope\" itemtype=\"https:\/\/schema.org\/ImageObject\" ><div class=\"avia-image-container-inner\"><div class=\"avia-image-overlay-wrap\"><img decoding=\"async\" fetchpriority=\"high\" class='wp-image-22981 avia-img-lazy-loading-not-22981 avia_image ' src=\"https:\/\/test393.ergatesweb7.ovh\/wp-content\/uploads\/2021\/08\/Eix1-2-300x300.png\" alt='' title='Eix1 (2)'  height=\"300\" width=\"300\"  itemprop=\"thumbnailUrl\" srcset=\"https:\/\/test393.ergatesweb7.ovh\/wp-content\/uploads\/2021\/08\/Eix1-2-300x300.png 300w, https:\/\/test393.ergatesweb7.ovh\/wp-content\/uploads\/2021\/08\/Eix1-2-80x80.png 80w, https:\/\/test393.ergatesweb7.ovh\/wp-content\/uploads\/2021\/08\/Eix1-2-36x36.png 36w, https:\/\/test393.ergatesweb7.ovh\/wp-content\/uploads\/2021\/08\/Eix1-2-180x180.png 180w, https:\/\/test393.ergatesweb7.ovh\/wp-content\/uploads\/2021\/08\/Eix1-2.png 500w\" sizes=\"(max-width: 300px) 100vw, 300px\" \/><\/div><\/div><\/div><\/div>\n\n<style type=\"text\/css\" data-created_by=\"avia_inline_auto\" id=\"style-css-av-b2y8n-bf76c4393734616a66b8bcb60f0f42b8\">\n.flex_column.av-b2y8n-bf76c4393734616a66b8bcb60f0f42b8{\nborder-radius:0px 0px 0px 0px;\npadding:0px 0px 0px 0px;\n}\n<\/style>\n<div  class='flex_column av-b2y8n-bf76c4393734616a66b8bcb60f0f42b8 av_one_fifth  avia-builder-el-15  el_after_av_one_fifth  el_before_av_one_fifth  flex_column_div av-zero-column-padding  column-top-margin'     ><style type=\"text\/css\" data-created_by=\"avia_inline_auto\" id=\"style-css-av-8oh080-1c5310c4646e1c43d4b757d442377e4d\">\n.avia-image-container.av-8oh080-1c5310c4646e1c43d4b757d442377e4d img.avia_image{\nbox-shadow:none;\n}\n.avia-image-container.av-8oh080-1c5310c4646e1c43d4b757d442377e4d .av-image-caption-overlay-center{\ncolor:#ffffff;\n}\n<\/style>\n<div  class='avia-image-container av-8oh080-1c5310c4646e1c43d4b757d442377e4d av-styling- avia-align-center  avia-builder-el-16  avia-builder-el-no-sibling '   itemprop=\"image\" itemscope=\"itemscope\" itemtype=\"https:\/\/schema.org\/ImageObject\" ><div class=\"avia-image-container-inner\"><div class=\"avia-image-overlay-wrap\"><img decoding=\"async\" fetchpriority=\"high\" class='wp-image-22983 avia-img-lazy-loading-not-22983 avia_image ' src=\"https:\/\/test393.ergatesweb7.ovh\/wp-content\/uploads\/2021\/08\/Eix1-3-300x300.png\" alt='' title='Eix1 (3)'  height=\"300\" width=\"300\"  itemprop=\"thumbnailUrl\" srcset=\"https:\/\/test393.ergatesweb7.ovh\/wp-content\/uploads\/2021\/08\/Eix1-3-300x300.png 300w, https:\/\/test393.ergatesweb7.ovh\/wp-content\/uploads\/2021\/08\/Eix1-3-80x80.png 80w, https:\/\/test393.ergatesweb7.ovh\/wp-content\/uploads\/2021\/08\/Eix1-3-36x36.png 36w, https:\/\/test393.ergatesweb7.ovh\/wp-content\/uploads\/2021\/08\/Eix1-3-180x180.png 180w, https:\/\/test393.ergatesweb7.ovh\/wp-content\/uploads\/2021\/08\/Eix1-3.png 500w\" sizes=\"(max-width: 300px) 100vw, 300px\" \/><\/div><\/div><\/div><\/div>\n\n<style type=\"text\/css\" data-created_by=\"avia_inline_auto\" id=\"style-css-av-b2y8n-bf76c4393734616a66b8bcb60f0f42b8\">\n.flex_column.av-b2y8n-bf76c4393734616a66b8bcb60f0f42b8{\nborder-radius:0px 0px 0px 0px;\npadding:0px 0px 0px 0px;\n}\n<\/style>\n<div  class='flex_column av-b2y8n-bf76c4393734616a66b8bcb60f0f42b8 av_one_fifth  avia-builder-el-17  el_after_av_one_fifth  el_before_av_one_full  flex_column_div av-zero-column-padding  column-top-margin'     ><style type=\"text\/css\" data-created_by=\"avia_inline_auto\" id=\"style-css-av-8oh080-ac84a163672cd9db6af8bb411186d0ff\">\n.avia-image-container.av-8oh080-ac84a163672cd9db6af8bb411186d0ff img.avia_image{\nbox-shadow:none;\n}\n.avia-image-container.av-8oh080-ac84a163672cd9db6af8bb411186d0ff .av-image-caption-overlay-center{\ncolor:#ffffff;\n}\n<\/style>\n<div  class='avia-image-container av-8oh080-ac84a163672cd9db6af8bb411186d0ff av-styling- avia-align-center  avia-builder-el-18  avia-builder-el-no-sibling '   itemprop=\"image\" itemscope=\"itemscope\" itemtype=\"https:\/\/schema.org\/ImageObject\" ><div class=\"avia-image-container-inner\"><div class=\"avia-image-overlay-wrap\"><img decoding=\"async\" fetchpriority=\"high\" class='wp-image-22985 avia-img-lazy-loading-not-22985 avia_image ' src=\"https:\/\/test393.ergatesweb7.ovh\/wp-content\/uploads\/2021\/08\/Eix1-4-300x300.png\" alt='' title='Eix1 (4)'  height=\"300\" width=\"300\"  itemprop=\"thumbnailUrl\" srcset=\"https:\/\/test393.ergatesweb7.ovh\/wp-content\/uploads\/2021\/08\/Eix1-4-300x300.png 300w, https:\/\/test393.ergatesweb7.ovh\/wp-content\/uploads\/2021\/08\/Eix1-4-80x80.png 80w, https:\/\/test393.ergatesweb7.ovh\/wp-content\/uploads\/2021\/08\/Eix1-4-36x36.png 36w, https:\/\/test393.ergatesweb7.ovh\/wp-content\/uploads\/2021\/08\/Eix1-4-180x180.png 180w, https:\/\/test393.ergatesweb7.ovh\/wp-content\/uploads\/2021\/08\/Eix1-4.png 500w\" sizes=\"(max-width: 300px) 100vw, 300px\" \/><\/div><\/div><\/div><\/div>\n\n<style type=\"text\/css\" data-created_by=\"avia_inline_auto\" id=\"style-css-av-2xry4w-808fbe604f91a58fff4ac29d1caaa104\">\n.flex_column.av-2xry4w-808fbe604f91a58fff4ac29d1caaa104{\nborder-radius:0px 0px 0px 0px;\npadding:0px 0px 0px 0px;\n}\n<\/style>\n<div  class='flex_column av-2xry4w-808fbe604f91a58fff4ac29d1caaa104 av_one_full  avia-builder-el-19  el_after_av_one_fifth  el_before_av_hr  first flex_column_div av-zero-column-padding  column-top-margin'     ><div  class='avia-button-wrap avia-button-center  avia-builder-el-20  avia-builder-el-no-sibling '>\n<style type=\"text\/css\" data-created_by=\"avia_inline_auto\" id=\"style-css-av-k988imyt-b0e1c5241ec014492842e99ebaf0853b\">\n#top #wrap_all .avia-button.av-k988imyt-b0e1c5241ec014492842e99ebaf0853b{\ncolor:#ffffff;\ntransition:all 0.4s ease-in-out;\n}\n#top #wrap_all .avia-button.av-k988imyt-b0e1c5241ec014492842e99ebaf0853b:hover{\nbackground-color:aqua;\ncolor:#ffffff;\ntransition:all 0.4s ease-in-out;\n}\n#top #wrap_all .avia-button.av-k988imyt-b0e1c5241ec014492842e99ebaf0853b .avia-svg-icon svg:first-child{\nfill:#ffffff;\nstroke:#ffffff;\n}\n#top #wrap_all .avia-button.av-k988imyt-b0e1c5241ec014492842e99ebaf0853b:hover .avia-svg-icon svg:first-child{\nfill:#ffffff;\nstroke:#ffffff;\n}\n<\/style>\n<a href='https:\/\/www.cerdanya.org\/fr\/informations-utiles\/pas\/' class='avia-color-aqua avia-button avia-button-fullwidth av-k988imyt-b0e1c5241ec014492842e99ebaf0853b avia-icon_select-no avia-color-aqua'   aria-label=\"RETOURNER A LA PAGE PRINCIPALE DU PAS\"><span class='avia_iconbox_title' >RETOURNER A LA PAGE PRINCIPALE DU PAS<\/span><\/a><\/div><\/div>\n<div  class='hr av-468t6f-f74c7750f8d4e3135e3fb796c727f2ce hr-default  avia-builder-el-21  el_after_av_one_full  el_before_av_one_full '><span class='hr-inner '><span class=\"hr-inner-style\"><\/span><\/span><\/div>\n\n<style type=\"text\/css\" data-created_by=\"avia_inline_auto\" id=\"style-css-av-1v8k0n-7256b6cbbcc13dfabf2ed5cf39de6143\">\n.flex_column.av-1v8k0n-7256b6cbbcc13dfabf2ed5cf39de6143{\nborder-radius:0px 0px 0px 0px;\npadding:0px 0px 0px 0px;\n}\n<\/style>\n<div  class='flex_column av-1v8k0n-7256b6cbbcc13dfabf2ed5cf39de6143 av_one_full  avia-builder-el-22  el_after_av_hr  avia-builder-el-last  first flex_column_div av-zero-column-padding  '     ><style type=\"text\/css\" data-created_by=\"avia_inline_auto\" id=\"style-css-av-k8z4nf20-095aec07bdff982473daeb2868b136cb\">\n.avia-image-container.av-k8z4nf20-095aec07bdff982473daeb2868b136cb img.avia_image{\nbox-shadow:none;\n}\n.avia-image-container.av-k8z4nf20-095aec07bdff982473daeb2868b136cb .av-image-caption-overlay-center{\ncolor:#ffffff;\n}\n<\/style>\n<div  class='avia-image-container av-k8z4nf20-095aec07bdff982473daeb2868b136cb av-styling- avia-align-center  avia-builder-el-23  avia-builder-el-no-sibling '   itemprop=\"image\" itemscope=\"itemscope\" itemtype=\"https:\/\/schema.org\/ImageObject\" ><div class=\"avia-image-container-inner\"><div class=\"avia-image-overlay-wrap\"><img decoding=\"async\" fetchpriority=\"high\" class='wp-image-20264 avia-img-lazy-loading-not-20264 avia_image ' src=\"https:\/\/test393.ergatesweb7.ovh\/wp-content\/uploads\/2020\/04\/logos_peu_pasalpas.jpg\" alt='' title='logos_peu_pasalpas'  height=\"209\" width=\"1024\"  itemprop=\"thumbnailUrl\" srcset=\"https:\/\/test393.ergatesweb7.ovh\/wp-content\/uploads\/2020\/04\/logos_peu_pasalpas.jpg 1024w, https:\/\/test393.ergatesweb7.ovh\/wp-content\/uploads\/2020\/04\/logos_peu_pasalpas-300x61.jpg 300w, https:\/\/test393.ergatesweb7.ovh\/wp-content\/uploads\/2020\/04\/logos_peu_pasalpas-768x157.jpg 768w, https:\/\/test393.ergatesweb7.ovh\/wp-content\/uploads\/2020\/04\/logos_peu_pasalpas-705x144.jpg 705w\" sizes=\"(max-width: 1024px) 100vw, 1024px\" \/><\/div><\/div><\/div><\/div>\n","protected":false},"excerpt":{"rendered":"","protected":false},"author":3,"featured_media":22998,"parent":30667,"menu_order":70,"comment_status":"closed","ping_status":"closed","template":"","meta":{"footnotes":""},"class_list":["post-30661","page","type-page","status-publish","has-post-thumbnail","hentry"],"_links":{"self":[{"href":"https:\/\/test393.ergatesweb7.ovh\/fr\/wp-json\/wp\/v2\/pages\/30661","targetHints":{"allow":["GET"]}}],"collection":[{"href":"https:\/\/test393.ergatesweb7.ovh\/fr\/wp-json\/wp\/v2\/pages"}],"about":[{"href":"https:\/\/test393.ergatesweb7.ovh\/fr\/wp-json\/wp\/v2\/types\/page"}],"author":[{"embeddable":true,"href":"https:\/\/test393.ergatesweb7.ovh\/fr\/wp-json\/wp\/v2\/users\/3"}],"replies":[{"embeddable":true,"href":"https:\/\/test393.ergatesweb7.ovh\/fr\/wp-json\/wp\/v2\/comments?post=30661"}],"version-history":[{"count":3,"href":"https:\/\/test393.ergatesweb7.ovh\/fr\/wp-json\/wp\/v2\/pages\/30661\/revisions"}],"predecessor-version":[{"id":33185,"href":"https:\/\/test393.ergatesweb7.ovh\/fr\/wp-json\/wp\/v2\/pages\/30661\/revisions\/33185"}],"up":[{"embeddable":true,"href":"https:\/\/test393.ergatesweb7.ovh\/fr\/wp-json\/wp\/v2\/pages\/30667"}],"wp:featuredmedia":[{"embeddable":true,"href":"https:\/\/test393.ergatesweb7.ovh\/fr\/wp-json\/wp\/v2\/media\/22998"}],"wp:attachment":[{"href":"https:\/\/test393.ergatesweb7.ovh\/fr\/wp-json\/wp\/v2\/media?parent=30661"}],"curies":[{"name":"wp","href":"https:\/\/api.w.org\/{rel}","templated":true}]}}