{"id":30651,"date":"2022-04-13T12:25:08","date_gmt":"2022-04-13T10:25:08","guid":{"rendered":"https:\/\/www.cerdanya.org\/patrimoine-culturel\/"},"modified":"2022-09-01T11:31:58","modified_gmt":"2022-09-01T09:31:58","slug":"patrimoine-culturel","status":"publish","type":"page","link":"https:\/\/test393.ergatesweb7.ovh\/fr\/que-faire\/tourisme-culturel\/patrimoine-culturel\/","title":{"rendered":"Patrimoine culturel"},"content":{"rendered":"\n<style type=\"text\/css\" data-created_by=\"avia_inline_auto\" id=\"style-css-av-7dis8-df0d5cc950b826e2bf66b47631de403e\">\n.flex_column.av-7dis8-df0d5cc950b826e2bf66b47631de403e{\nborder-radius:0px 0px 0px 0px;\npadding:0px 0px 0px 0px;\n}\n<\/style>\n<div  class='flex_column av-7dis8-df0d5cc950b826e2bf66b47631de403e av_one_full  avia-builder-el-0  el_before_av_one_full  avia-builder-el-first  first flex_column_div av-zero-column-padding  '     ><section  class='av_textblock_section av-jyzmpxzp-f68f84d214929075c1b6d8feee003985 '   itemscope=\"itemscope\" itemtype=\"https:\/\/schema.org\/CreativeWork\" ><div class='avia_textblock'  itemprop=\"text\" ><blockquote>\n<p>La Cerdagne poss\u00e8de un patrimoine culturel riche et diversifi\u00e9. C&rsquo;est un territoire unique qui au fil des si\u00e8cles s&rsquo;est forg\u00e9 et a acquis ses propres valeurs et identit\u00e9 qui se d\u00e9cline sur tout le territoire \u00e0 travers l&rsquo;architecture de ses \u00e9difices. <strong> L&rsquo;exemple le plus important est l&rsquo;architecture religieuse romane, repr\u00e9sent\u00e9e dans presque toutes les municipalit\u00e9s, \u00e9galement significatifs sont les exemples d&rsquo;architecture gothique religieuse et les b\u00e2timents repr\u00e9sentatifs du style \u00e9clectique. <\/strong>Nous vous invitons \u00e0 voyager dans le temps et \u00e0 vivre une exp\u00e9rience virtuelle extraordinaire et innovante, en ouvrant les portes de 69 \u00e9difices religieux de la Cerdagne pour montrer, \u00e0 tous les publics, la beaut\u00e9 et la majest\u00e9 de ses int\u00e9rieurs.<\/p>\n<\/blockquote>\n<\/div><\/section><\/div>\n\n<style type=\"text\/css\" data-created_by=\"avia_inline_auto\" id=\"style-css-av-pyqto1-98f398d6d02669b026c9c51c32b16462\">\n.flex_column.av-pyqto1-98f398d6d02669b026c9c51c32b16462{\nborder-radius:0px 0px 0px 0px;\npadding:0px 0px 0px 0px;\n}\n<\/style>\n<div  class='flex_column av-pyqto1-98f398d6d02669b026c9c51c32b16462 av_one_full  avia-builder-el-2  el_after_av_one_full  avia-builder-el-last  first flex_column_div av-zero-column-padding  column-top-margin'     ><\/div>\n","protected":false},"excerpt":{"rendered":"","protected":false},"author":3,"featured_media":23005,"parent":30911,"menu_order":40,"comment_status":"closed","ping_status":"closed","template":"","meta":{"footnotes":""},"class_list":["post-30651","page","type-page","status-publish","has-post-thumbnail","hentry"],"_links":{"self":[{"href":"https:\/\/test393.ergatesweb7.ovh\/fr\/wp-json\/wp\/v2\/pages\/30651","targetHints":{"allow":["GET"]}}],"collection":[{"href":"https:\/\/test393.ergatesweb7.ovh\/fr\/wp-json\/wp\/v2\/pages"}],"about":[{"href":"https:\/\/test393.ergatesweb7.ovh\/fr\/wp-json\/wp\/v2\/types\/page"}],"author":[{"embeddable":true,"href":"https:\/\/test393.ergatesweb7.ovh\/fr\/wp-json\/wp\/v2\/users\/3"}],"replies":[{"embeddable":true,"href":"https:\/\/test393.ergatesweb7.ovh\/fr\/wp-json\/wp\/v2\/comments?post=30651"}],"version-history":[{"count":5,"href":"https:\/\/test393.ergatesweb7.ovh\/fr\/wp-json\/wp\/v2\/pages\/30651\/revisions"}],"predecessor-version":[{"id":38848,"href":"https:\/\/test393.ergatesweb7.ovh\/fr\/wp-json\/wp\/v2\/pages\/30651\/revisions\/38848"}],"up":[{"embeddable":true,"href":"https:\/\/test393.ergatesweb7.ovh\/fr\/wp-json\/wp\/v2\/pages\/30911"}],"wp:featuredmedia":[{"embeddable":true,"href":"https:\/\/test393.ergatesweb7.ovh\/fr\/wp-json\/wp\/v2\/media\/23005"}],"wp:attachment":[{"href":"https:\/\/test393.ergatesweb7.ovh\/fr\/wp-json\/wp\/v2\/media?parent=30651"}],"curies":[{"name":"wp","href":"https:\/\/api.w.org\/{rel}","templated":true}]}}