{"id":30609,"date":"2022-04-13T12:04:27","date_gmt":"2022-04-13T10:04:27","guid":{"rendered":"https:\/\/www.cerdanya.org\/santa-cecilia-de-beders\/"},"modified":"2022-04-28T22:23:35","modified_gmt":"2022-04-28T20:23:35","slug":"santa-cecilia-de-beders","status":"publish","type":"page","link":"https:\/\/test393.ergatesweb7.ovh\/fr\/que-faire\/tourisme-culturel\/patrimoine-culturel\/bellver-de-cerdanya\/santa-cecilia-de-beders\/","title":{"rendered":"Santa Cec\u00edlia de Beders"},"content":{"rendered":"\n<style type=\"text\/css\" data-created_by=\"avia_inline_auto\" id=\"style-css-av-36rb4oj-ba4d95154227ed0d8a771e7152bf9e9e\">\n.flex_column.av-36rb4oj-ba4d95154227ed0d8a771e7152bf9e9e{\nborder-radius:0px 0px 0px 0px;\npadding:0px 0px 0px 0px;\n}\n<\/style>\n<div  class='flex_column av-36rb4oj-ba4d95154227ed0d8a771e7152bf9e9e av_one_half  avia-builder-el-0  el_before_av_one_half  avia-builder-el-first  first flex_column_div av-zero-column-padding  '     ><p>\n<style type=\"text\/css\" data-created_by=\"avia_inline_auto\" id=\"style-css-av-1szttdy-0d13fe041dc17e931fb6eeb008bc61a4\">\n#top .av-special-heading.av-1szttdy-0d13fe041dc17e931fb6eeb008bc61a4{\npadding-bottom:10px;\n}\nbody .av-special-heading.av-1szttdy-0d13fe041dc17e931fb6eeb008bc61a4 .av-special-heading-tag .heading-char{\nfont-size:25px;\n}\n.av-special-heading.av-1szttdy-0d13fe041dc17e931fb6eeb008bc61a4 .av-subheading{\nfont-size:15px;\n}\n<\/style>\n<div  class='av-special-heading av-1szttdy-0d13fe041dc17e931fb6eeb008bc61a4 av-special-heading-h5  avia-builder-el-1  el_before_av_textblock  avia-builder-el-first '><h5 class='av-special-heading-tag '  itemprop=\"headline\"  >Description<\/h5><div class=\"special-heading-border\"><div class=\"special-heading-inner-border\"><\/div><\/div><\/div><br \/>\n<section  class='av_textblock_section av-ksyomoyl-25f1f3c8b1a0a9b03a6473be4799410f '   itemscope=\"itemscope\" itemtype=\"https:\/\/schema.org\/CreativeWork\" ><div class='avia_textblock'  itemprop=\"text\" ><p>Il s&rsquo;agit d&rsquo;un b\u00e2timent simple et aust\u00e8re du XIIe si\u00e8cle qui a la particularit\u00e9 d&rsquo;avoir la porte d&rsquo;acc\u00e8s \u00e0 la face nord \u00e0 la suite de r\u00e9novations ult\u00e9rieures qui ont allong\u00e9 la nef. De l&rsquo;\u00e9difice roman, l&rsquo;abside et la partie de la nef la plus proche sont conserv\u00e9es. \u00c0 l&rsquo;int\u00e9rieur, dans la partie de l&rsquo;abside, sont conserv\u00e9es certaines des peintures murales romanes qui la d\u00e9coraient, et qui reproduisent en rouge les pierres de taille quadrangulaires et certaines lettres de l&rsquo;alphabet grec. Certains des carreaux de sol, en terre cuite, pr\u00e9sentent des d\u00e9corations manuelles pr\u00e9cuites.<\/p>\n<\/div><\/section><\/p><\/div>\n<style type=\"text\/css\" data-created_by=\"avia_inline_auto\" id=\"style-css-av-2coqnf7-fe66bdd07c1c8428c9bfcd41c861e712\">\n.flex_column.av-2coqnf7-fe66bdd07c1c8428c9bfcd41c861e712{\nborder-radius:0px 0px 0px 0px;\npadding:0px 0px 0px 0px;\n}\n<\/style>\n<div  class='flex_column av-2coqnf7-fe66bdd07c1c8428c9bfcd41c861e712 av_one_half  avia-builder-el-3  el_after_av_one_half  el_before_av_one_full  flex_column_div av-zero-column-padding  '     ><style type=\"text\/css\" data-created_by=\"avia_inline_auto\" id=\"style-css-av-29ooh4j-80dc309718fc0179d4ab4a0bfa11563d\">\n#top .avia-gallery.av-29ooh4j-80dc309718fc0179d4ab4a0bfa11563d .avia-gallery-thumb a{\nwidth:20%;\n}\n<\/style>\n<div  class='avia-gallery av-29ooh4j-80dc309718fc0179d4ab4a0bfa11563d avia_animate_when_visible  avia-builder-el-4  avia-builder-el-no-sibling  avia_lazyload av-slideshow-ui av-loop-manual-endless av-control-hidden av-navigate-arrows av-navigate-dots hover-effect av-control-hidden avia-gallery-animate avia-gallery-1'  itemprop=\"image\" itemscope=\"itemscope\" itemtype=\"https:\/\/schema.org\/ImageObject\" ><meta itemprop=\"contentURL\" content=\"https:\/\/test393.ergatesweb7.ovh\/fr\/que-faire\/tourisme-culturel\/patrimoine-culturel\/bellver-de-cerdanya\/santa-cecilia-de-beders\/\"><div class='avia-gallery-big-wrapper'><a class='avia-gallery-big fakeLightbox lightbox avia-gallery-big-crop-thumb ' href=\"https:\/\/test393.ergatesweb7.ovh\/wp-content\/uploads\/2021\/12\/santa-cecilia-beders-absis-1030x687.jpg\" data-srcset=\"https:\/\/test393.ergatesweb7.ovh\/wp-content\/uploads\/2021\/12\/santa-cecilia-beders-absis-1030x687.jpg 1030w, https:\/\/test393.ergatesweb7.ovh\/wp-content\/uploads\/2021\/12\/santa-cecilia-beders-absis-300x200.jpg 300w, https:\/\/test393.ergatesweb7.ovh\/wp-content\/uploads\/2021\/12\/santa-cecilia-beders-absis-768x512.jpg 768w, https:\/\/test393.ergatesweb7.ovh\/wp-content\/uploads\/2021\/12\/santa-cecilia-beders-absis-705x470.jpg 705w, https:\/\/test393.ergatesweb7.ovh\/wp-content\/uploads\/2021\/12\/santa-cecilia-beders-absis.jpg 1500w\" data-sizes=\"(max-width: 1030px) 100vw, 1030px\"  data-onclick='1' title='Santa Cec\u00edlia de Beders' ><span class='avia-gallery-big-inner'  itemprop=\"thumbnailUrl\" ><img decoding=\"async\" fetchpriority=\"high\" class=\"wp-image-23774 avia-img-lazy-loading-not-23774\"  width=\"495\" height=\"400\" src=\"https:\/\/test393.ergatesweb7.ovh\/wp-content\/uploads\/2021\/12\/santa-cecilia-beders-absis-495x400.jpg\" title='BELLVER- Santa Ceci\u0301lia de Beders' alt='' srcset=\"https:\/\/test393.ergatesweb7.ovh\/wp-content\/uploads\/2021\/12\/santa-cecilia-beders-absis-495x400.jpg 495w, https:\/\/test393.ergatesweb7.ovh\/wp-content\/uploads\/2021\/12\/santa-cecilia-beders-absis-845x684.jpg 845w\" sizes=\"(max-width: 495px) 100vw, 495px\" \/><span class='avia-gallery-caption'>Santa Cec\u00edlia de Beders<\/span><\/span><\/a><\/div><div class='avia-gallery-thumb'><a href=\"https:\/\/test393.ergatesweb7.ovh\/wp-content\/uploads\/2021\/12\/santa-cecilia-beders-absis-1030x687.jpg\" data-srcset=\"https:\/\/test393.ergatesweb7.ovh\/wp-content\/uploads\/2021\/12\/santa-cecilia-beders-absis-1030x687.jpg 1030w, https:\/\/test393.ergatesweb7.ovh\/wp-content\/uploads\/2021\/12\/santa-cecilia-beders-absis-300x200.jpg 300w, https:\/\/test393.ergatesweb7.ovh\/wp-content\/uploads\/2021\/12\/santa-cecilia-beders-absis-768x512.jpg 768w, https:\/\/test393.ergatesweb7.ovh\/wp-content\/uploads\/2021\/12\/santa-cecilia-beders-absis-705x470.jpg 705w, https:\/\/test393.ergatesweb7.ovh\/wp-content\/uploads\/2021\/12\/santa-cecilia-beders-absis.jpg 1500w\" data-sizes=\"(max-width: 1030px) 100vw, 1030px\" data-rel='gallery-1' data-prev-img='https:\/\/test393.ergatesweb7.ovh\/wp-content\/uploads\/2021\/12\/santa-cecilia-beders-absis-495x400.jpg' class='first_thumb lightbox ' data-onclick='1' title='Santa Cec\u00edlia de Beders'  itemprop=\"thumbnailUrl\"  ><img decoding=\"async\" fetchpriority=\"high\" class=\"wp-image-23774 avia-img-lazy-loading-not-23774\"  data-avia-tooltip='Santa Cec\u00edlia de Beders' src=\"https:\/\/test393.ergatesweb7.ovh\/wp-content\/uploads\/2021\/12\/santa-cecilia-beders-absis-495x400.jpg\" width=\"495\" height=\"400\"  title='BELLVER- Santa Ceci\u0301lia de Beders' alt='' srcset=\"https:\/\/test393.ergatesweb7.ovh\/wp-content\/uploads\/2021\/12\/santa-cecilia-beders-absis-495x400.jpg 495w, https:\/\/test393.ergatesweb7.ovh\/wp-content\/uploads\/2021\/12\/santa-cecilia-beders-absis-845x684.jpg 845w\" sizes=\"(max-width: 495px) 100vw, 495px\" \/><div class='big-prev-fake'><img decoding=\"async\" loading=\"lazy\" class=\"wp-image-23774 avia-img-lazy-loading-23774\"  width=\"495\" height=\"400\" src=\"https:\/\/test393.ergatesweb7.ovh\/wp-content\/uploads\/2021\/12\/santa-cecilia-beders-absis-495x400.jpg\" title='BELLVER- Santa Ceci\u0301lia de Beders' alt='' srcset=\"https:\/\/test393.ergatesweb7.ovh\/wp-content\/uploads\/2021\/12\/santa-cecilia-beders-absis-495x400.jpg 495w, https:\/\/test393.ergatesweb7.ovh\/wp-content\/uploads\/2021\/12\/santa-cecilia-beders-absis-845x684.jpg 845w\" sizes=\"auto, (max-width: 495px) 100vw, 495px\" \/><\/div><\/a><a href=\"https:\/\/test393.ergatesweb7.ovh\/wp-content\/uploads\/2021\/12\/santa-cecilia-beders-altar-1030x687.jpg\" data-srcset=\"https:\/\/test393.ergatesweb7.ovh\/wp-content\/uploads\/2021\/12\/santa-cecilia-beders-altar-1030x687.jpg 1030w, https:\/\/test393.ergatesweb7.ovh\/wp-content\/uploads\/2021\/12\/santa-cecilia-beders-altar-300x200.jpg 300w, https:\/\/test393.ergatesweb7.ovh\/wp-content\/uploads\/2021\/12\/santa-cecilia-beders-altar-768x512.jpg 768w, https:\/\/test393.ergatesweb7.ovh\/wp-content\/uploads\/2021\/12\/santa-cecilia-beders-altar-705x470.jpg 705w, https:\/\/test393.ergatesweb7.ovh\/wp-content\/uploads\/2021\/12\/santa-cecilia-beders-altar.jpg 1500w\" data-sizes=\"(max-width: 1030px) 100vw, 1030px\" data-rel='gallery-1' data-prev-img='https:\/\/test393.ergatesweb7.ovh\/wp-content\/uploads\/2021\/12\/santa-cecilia-beders-altar-495x400.jpg' class='lightbox ' data-onclick='2' title='Santa Cec\u00edlia de Beders'  itemprop=\"thumbnailUrl\"  ><img decoding=\"async\" fetchpriority=\"high\" class=\"wp-image-23776 avia-img-lazy-loading-not-23776\"  data-avia-tooltip='Santa Cec\u00edlia de Beders' src=\"https:\/\/test393.ergatesweb7.ovh\/wp-content\/uploads\/2021\/12\/santa-cecilia-beders-altar-495x400.jpg\" width=\"495\" height=\"400\"  title='BELLVER- Santa Ceci\u0301lia de Beders' alt='' srcset=\"https:\/\/test393.ergatesweb7.ovh\/wp-content\/uploads\/2021\/12\/santa-cecilia-beders-altar-495x400.jpg 495w, https:\/\/test393.ergatesweb7.ovh\/wp-content\/uploads\/2021\/12\/santa-cecilia-beders-altar-845x684.jpg 845w\" sizes=\"(max-width: 495px) 100vw, 495px\" \/><div class='big-prev-fake'><img decoding=\"async\" loading=\"lazy\" class=\"wp-image-23776 avia-img-lazy-loading-23776\"  width=\"495\" height=\"400\" src=\"https:\/\/test393.ergatesweb7.ovh\/wp-content\/uploads\/2021\/12\/santa-cecilia-beders-altar-495x400.jpg\" title='BELLVER- Santa Ceci\u0301lia de Beders' alt='' srcset=\"https:\/\/test393.ergatesweb7.ovh\/wp-content\/uploads\/2021\/12\/santa-cecilia-beders-altar-495x400.jpg 495w, https:\/\/test393.ergatesweb7.ovh\/wp-content\/uploads\/2021\/12\/santa-cecilia-beders-altar-845x684.jpg 845w\" sizes=\"auto, (max-width: 495px) 100vw, 495px\" \/><\/div><\/a><a href=\"https:\/\/test393.ergatesweb7.ovh\/wp-content\/uploads\/2021\/12\/santa-cecilia-beders-gravat-1030x687.jpg\" data-srcset=\"https:\/\/test393.ergatesweb7.ovh\/wp-content\/uploads\/2021\/12\/santa-cecilia-beders-gravat-1030x687.jpg 1030w, https:\/\/test393.ergatesweb7.ovh\/wp-content\/uploads\/2021\/12\/santa-cecilia-beders-gravat-300x200.jpg 300w, https:\/\/test393.ergatesweb7.ovh\/wp-content\/uploads\/2021\/12\/santa-cecilia-beders-gravat-768x512.jpg 768w, https:\/\/test393.ergatesweb7.ovh\/wp-content\/uploads\/2021\/12\/santa-cecilia-beders-gravat-705x470.jpg 705w, https:\/\/test393.ergatesweb7.ovh\/wp-content\/uploads\/2021\/12\/santa-cecilia-beders-gravat.jpg 1500w\" data-sizes=\"(max-width: 1030px) 100vw, 1030px\" data-rel='gallery-1' data-prev-img='https:\/\/test393.ergatesweb7.ovh\/wp-content\/uploads\/2021\/12\/santa-cecilia-beders-gravat-495x400.jpg' class='lightbox ' data-onclick='3' title='Santa Cec\u00edlia de Beders'  itemprop=\"thumbnailUrl\"  ><img decoding=\"async\" fetchpriority=\"high\" class=\"wp-image-23778 avia-img-lazy-loading-not-23778\"  data-avia-tooltip='Santa Cec\u00edlia de Beders' src=\"https:\/\/test393.ergatesweb7.ovh\/wp-content\/uploads\/2021\/12\/santa-cecilia-beders-gravat-495x400.jpg\" width=\"495\" height=\"400\"  title='BELLVER- Santa Ceci\u0301lia de Beders' alt='' srcset=\"https:\/\/test393.ergatesweb7.ovh\/wp-content\/uploads\/2021\/12\/santa-cecilia-beders-gravat-495x400.jpg 495w, https:\/\/test393.ergatesweb7.ovh\/wp-content\/uploads\/2021\/12\/santa-cecilia-beders-gravat-845x684.jpg 845w\" sizes=\"(max-width: 495px) 100vw, 495px\" \/><div class='big-prev-fake'><img decoding=\"async\" loading=\"lazy\" class=\"wp-image-23778 avia-img-lazy-loading-23778\"  width=\"495\" height=\"400\" src=\"https:\/\/test393.ergatesweb7.ovh\/wp-content\/uploads\/2021\/12\/santa-cecilia-beders-gravat-495x400.jpg\" title='BELLVER- Santa Ceci\u0301lia de Beders' alt='' srcset=\"https:\/\/test393.ergatesweb7.ovh\/wp-content\/uploads\/2021\/12\/santa-cecilia-beders-gravat-495x400.jpg 495w, https:\/\/test393.ergatesweb7.ovh\/wp-content\/uploads\/2021\/12\/santa-cecilia-beders-gravat-845x684.jpg 845w\" sizes=\"auto, (max-width: 495px) 100vw, 495px\" \/><\/div><\/a><a href=\"https:\/\/test393.ergatesweb7.ovh\/wp-content\/uploads\/2021\/12\/santa-cecilia-beders-interior-1030x687.jpg\" data-srcset=\"https:\/\/test393.ergatesweb7.ovh\/wp-content\/uploads\/2021\/12\/santa-cecilia-beders-interior-1030x687.jpg 1030w, https:\/\/test393.ergatesweb7.ovh\/wp-content\/uploads\/2021\/12\/santa-cecilia-beders-interior-300x200.jpg 300w, https:\/\/test393.ergatesweb7.ovh\/wp-content\/uploads\/2021\/12\/santa-cecilia-beders-interior-768x512.jpg 768w, https:\/\/test393.ergatesweb7.ovh\/wp-content\/uploads\/2021\/12\/santa-cecilia-beders-interior-705x470.jpg 705w, https:\/\/test393.ergatesweb7.ovh\/wp-content\/uploads\/2021\/12\/santa-cecilia-beders-interior.jpg 1500w\" data-sizes=\"(max-width: 1030px) 100vw, 1030px\" data-rel='gallery-1' data-prev-img='https:\/\/test393.ergatesweb7.ovh\/wp-content\/uploads\/2021\/12\/santa-cecilia-beders-interior-495x400.jpg' class='lightbox ' data-onclick='4' title='Santa Cec\u00edlia de Beders'  itemprop=\"thumbnailUrl\"  ><img decoding=\"async\" fetchpriority=\"high\" class=\"wp-image-23780 avia-img-lazy-loading-not-23780\"  data-avia-tooltip='Santa Cec\u00edlia de Beders' src=\"https:\/\/test393.ergatesweb7.ovh\/wp-content\/uploads\/2021\/12\/santa-cecilia-beders-interior-495x400.jpg\" width=\"495\" height=\"400\"  title='BELLVER- Santa Ceci\u0301lia de Beders' alt='' srcset=\"https:\/\/test393.ergatesweb7.ovh\/wp-content\/uploads\/2021\/12\/santa-cecilia-beders-interior-495x400.jpg 495w, https:\/\/test393.ergatesweb7.ovh\/wp-content\/uploads\/2021\/12\/santa-cecilia-beders-interior-845x684.jpg 845w\" sizes=\"(max-width: 495px) 100vw, 495px\" \/><div class='big-prev-fake'><img decoding=\"async\" loading=\"lazy\" class=\"wp-image-23780 avia-img-lazy-loading-23780\"  width=\"495\" height=\"400\" src=\"https:\/\/test393.ergatesweb7.ovh\/wp-content\/uploads\/2021\/12\/santa-cecilia-beders-interior-495x400.jpg\" title='BELLVER- Santa Ceci\u0301lia de Beders' alt='' srcset=\"https:\/\/test393.ergatesweb7.ovh\/wp-content\/uploads\/2021\/12\/santa-cecilia-beders-interior-495x400.jpg 495w, https:\/\/test393.ergatesweb7.ovh\/wp-content\/uploads\/2021\/12\/santa-cecilia-beders-interior-845x684.jpg 845w\" sizes=\"auto, (max-width: 495px) 100vw, 495px\" \/><\/div><\/a><a href=\"https:\/\/test393.ergatesweb7.ovh\/wp-content\/uploads\/2021\/12\/santa-cecilia-beders-pica-altar-1030x687.jpg\" data-srcset=\"https:\/\/test393.ergatesweb7.ovh\/wp-content\/uploads\/2021\/12\/santa-cecilia-beders-pica-altar-1030x687.jpg 1030w, https:\/\/test393.ergatesweb7.ovh\/wp-content\/uploads\/2021\/12\/santa-cecilia-beders-pica-altar-300x200.jpg 300w, https:\/\/test393.ergatesweb7.ovh\/wp-content\/uploads\/2021\/12\/santa-cecilia-beders-pica-altar-768x512.jpg 768w, https:\/\/test393.ergatesweb7.ovh\/wp-content\/uploads\/2021\/12\/santa-cecilia-beders-pica-altar-705x470.jpg 705w, https:\/\/test393.ergatesweb7.ovh\/wp-content\/uploads\/2021\/12\/santa-cecilia-beders-pica-altar.jpg 1500w\" data-sizes=\"(max-width: 1030px) 100vw, 1030px\" data-rel='gallery-1' data-prev-img='https:\/\/test393.ergatesweb7.ovh\/wp-content\/uploads\/2021\/12\/santa-cecilia-beders-pica-altar-495x400.jpg' class='lightbox ' data-onclick='5' title='Santa Cec\u00edlia de Beders'  itemprop=\"thumbnailUrl\"  ><img decoding=\"async\" fetchpriority=\"high\" class=\"wp-image-23782 avia-img-lazy-loading-not-23782\"  data-avia-tooltip='Santa Cec\u00edlia de Beders' src=\"https:\/\/test393.ergatesweb7.ovh\/wp-content\/uploads\/2021\/12\/santa-cecilia-beders-pica-altar-495x400.jpg\" width=\"495\" height=\"400\"  title='BELLVER- Santa Ceci\u0301lia de Beders' alt='' srcset=\"https:\/\/test393.ergatesweb7.ovh\/wp-content\/uploads\/2021\/12\/santa-cecilia-beders-pica-altar-495x400.jpg 495w, https:\/\/test393.ergatesweb7.ovh\/wp-content\/uploads\/2021\/12\/santa-cecilia-beders-pica-altar-845x684.jpg 845w\" sizes=\"(max-width: 495px) 100vw, 495px\" \/><div class='big-prev-fake'><img decoding=\"async\" loading=\"lazy\" class=\"wp-image-23782 avia-img-lazy-loading-23782\"  width=\"495\" height=\"400\" src=\"https:\/\/test393.ergatesweb7.ovh\/wp-content\/uploads\/2021\/12\/santa-cecilia-beders-pica-altar-495x400.jpg\" title='BELLVER- Santa Ceci\u0301lia de Beders' alt='' srcset=\"https:\/\/test393.ergatesweb7.ovh\/wp-content\/uploads\/2021\/12\/santa-cecilia-beders-pica-altar-495x400.jpg 495w, https:\/\/test393.ergatesweb7.ovh\/wp-content\/uploads\/2021\/12\/santa-cecilia-beders-pica-altar-845x684.jpg 845w\" sizes=\"auto, (max-width: 495px) 100vw, 495px\" \/><\/div><\/a><a href=\"https:\/\/test393.ergatesweb7.ovh\/wp-content\/uploads\/2021\/12\/santa-cecilia-beders-pica-1030x687.jpg\" data-srcset=\"https:\/\/test393.ergatesweb7.ovh\/wp-content\/uploads\/2021\/12\/santa-cecilia-beders-pica-1030x687.jpg 1030w, https:\/\/test393.ergatesweb7.ovh\/wp-content\/uploads\/2021\/12\/santa-cecilia-beders-pica-300x200.jpg 300w, https:\/\/test393.ergatesweb7.ovh\/wp-content\/uploads\/2021\/12\/santa-cecilia-beders-pica-768x512.jpg 768w, https:\/\/test393.ergatesweb7.ovh\/wp-content\/uploads\/2021\/12\/santa-cecilia-beders-pica-705x470.jpg 705w, https:\/\/test393.ergatesweb7.ovh\/wp-content\/uploads\/2021\/12\/santa-cecilia-beders-pica.jpg 1500w\" data-sizes=\"(max-width: 1030px) 100vw, 1030px\" data-rel='gallery-1' data-prev-img='https:\/\/test393.ergatesweb7.ovh\/wp-content\/uploads\/2021\/12\/santa-cecilia-beders-pica-495x400.jpg' class='first_thumb lightbox ' data-onclick='6' title='Santa Cec\u00edlia de Beders'  itemprop=\"thumbnailUrl\"  ><img decoding=\"async\" fetchpriority=\"high\" class=\"wp-image-23784 avia-img-lazy-loading-not-23784\"  data-avia-tooltip='Santa Cec\u00edlia de Beders' src=\"https:\/\/test393.ergatesweb7.ovh\/wp-content\/uploads\/2021\/12\/santa-cecilia-beders-pica-495x400.jpg\" width=\"495\" height=\"400\"  title='BELLVER- Santa Ceci\u0301lia de Beders' alt='' srcset=\"https:\/\/test393.ergatesweb7.ovh\/wp-content\/uploads\/2021\/12\/santa-cecilia-beders-pica-495x400.jpg 495w, https:\/\/test393.ergatesweb7.ovh\/wp-content\/uploads\/2021\/12\/santa-cecilia-beders-pica-845x684.jpg 845w\" sizes=\"(max-width: 495px) 100vw, 495px\" \/><div class='big-prev-fake'><img decoding=\"async\" loading=\"lazy\" class=\"wp-image-23784 avia-img-lazy-loading-23784\"  width=\"495\" height=\"400\" src=\"https:\/\/test393.ergatesweb7.ovh\/wp-content\/uploads\/2021\/12\/santa-cecilia-beders-pica-495x400.jpg\" title='BELLVER- Santa Ceci\u0301lia de Beders' alt='' srcset=\"https:\/\/test393.ergatesweb7.ovh\/wp-content\/uploads\/2021\/12\/santa-cecilia-beders-pica-495x400.jpg 495w, https:\/\/test393.ergatesweb7.ovh\/wp-content\/uploads\/2021\/12\/santa-cecilia-beders-pica-845x684.jpg 845w\" sizes=\"auto, (max-width: 495px) 100vw, 495px\" \/><\/div><\/a><a href=\"https:\/\/test393.ergatesweb7.ovh\/wp-content\/uploads\/2021\/12\/santa-cecilia-beders-vista-1030x687.jpg\" data-srcset=\"https:\/\/test393.ergatesweb7.ovh\/wp-content\/uploads\/2021\/12\/santa-cecilia-beders-vista-1030x687.jpg 1030w, https:\/\/test393.ergatesweb7.ovh\/wp-content\/uploads\/2021\/12\/santa-cecilia-beders-vista-300x200.jpg 300w, https:\/\/test393.ergatesweb7.ovh\/wp-content\/uploads\/2021\/12\/santa-cecilia-beders-vista-768x512.jpg 768w, https:\/\/test393.ergatesweb7.ovh\/wp-content\/uploads\/2021\/12\/santa-cecilia-beders-vista-705x470.jpg 705w, https:\/\/test393.ergatesweb7.ovh\/wp-content\/uploads\/2021\/12\/santa-cecilia-beders-vista.jpg 1500w\" data-sizes=\"(max-width: 1030px) 100vw, 1030px\" data-rel='gallery-1' data-prev-img='https:\/\/test393.ergatesweb7.ovh\/wp-content\/uploads\/2021\/12\/santa-cecilia-beders-vista-495x400.jpg' class='lightbox ' data-onclick='7' title='Santa Cec\u00edlia de Beders'  itemprop=\"thumbnailUrl\"  ><img decoding=\"async\" fetchpriority=\"high\" class=\"wp-image-23786 avia-img-lazy-loading-not-23786\"  data-avia-tooltip='Santa Cec\u00edlia de Beders' src=\"https:\/\/test393.ergatesweb7.ovh\/wp-content\/uploads\/2021\/12\/santa-cecilia-beders-vista-495x400.jpg\" width=\"495\" height=\"400\"  title='BELLVER- Santa Ceci\u0301lia de Beders' alt='' srcset=\"https:\/\/test393.ergatesweb7.ovh\/wp-content\/uploads\/2021\/12\/santa-cecilia-beders-vista-495x400.jpg 495w, https:\/\/test393.ergatesweb7.ovh\/wp-content\/uploads\/2021\/12\/santa-cecilia-beders-vista-845x684.jpg 845w\" sizes=\"(max-width: 495px) 100vw, 495px\" \/><div class='big-prev-fake'><img decoding=\"async\" loading=\"lazy\" class=\"wp-image-23786 avia-img-lazy-loading-23786\"  width=\"495\" height=\"400\" src=\"https:\/\/test393.ergatesweb7.ovh\/wp-content\/uploads\/2021\/12\/santa-cecilia-beders-vista-495x400.jpg\" title='BELLVER- Santa Ceci\u0301lia de Beders' alt='' srcset=\"https:\/\/test393.ergatesweb7.ovh\/wp-content\/uploads\/2021\/12\/santa-cecilia-beders-vista-495x400.jpg 495w, https:\/\/test393.ergatesweb7.ovh\/wp-content\/uploads\/2021\/12\/santa-cecilia-beders-vista-845x684.jpg 845w\" sizes=\"auto, (max-width: 495px) 100vw, 495px\" \/><\/div><\/a><\/div><\/div><\/div>\n<style type=\"text\/css\" data-created_by=\"avia_inline_auto\" id=\"style-css-av-13qih77-00e4eae9d0b6c138f9ba0e0aa3d8fb95\">\n.flex_column.av-13qih77-00e4eae9d0b6c138f9ba0e0aa3d8fb95{\nborder-radius:0px 0px 0px 0px;\npadding:0px 0px 0px 0px;\n}\n<\/style>\n<div  class='flex_column av-13qih77-00e4eae9d0b6c138f9ba0e0aa3d8fb95 av_one_full  avia-builder-el-5  el_after_av_one_half  el_before_av_one_half  first flex_column_div av-zero-column-padding  column-top-margin'     ><style type=\"text\/css\" data-created_by=\"avia_inline_auto\" id=\"style-css-av-kwp2dp8f-f55138033d46035ff7ae47226ad7fa00\">\n#top .hr.hr-invisible.av-kwp2dp8f-f55138033d46035ff7ae47226ad7fa00{\nheight:20px;\n}\n<\/style>\n<div  class='hr av-kwp2dp8f-f55138033d46035ff7ae47226ad7fa00 hr-invisible  avia-builder-el-6  avia-builder-el-no-sibling '><span class='hr-inner '><span class=\"hr-inner-style\"><\/span><\/span><\/div><\/div><\/p>\n\n<style type=\"text\/css\" data-created_by=\"avia_inline_auto\" id=\"style-css-av-z4ce86-29d35385e6a2c57b6686b6249701f4e2\">\n.flex_column.av-z4ce86-29d35385e6a2c57b6686b6249701f4e2{\nborder-radius:0px 0px 0px 0px;\npadding:0px 0px 0px 0px;\n}\n<\/style>\n<div  class='flex_column av-z4ce86-29d35385e6a2c57b6686b6249701f4e2 av_one_half  avia-builder-el-7  el_after_av_one_full  avia-builder-el-last  first flex_column_div av-zero-column-padding  column-top-margin'     ><p>\n<style type=\"text\/css\" data-created_by=\"avia_inline_auto\" id=\"style-css-av-kja7ty-9df599f34e73cde8793ca2f2422cbb99\">\n#top .av-special-heading.av-kja7ty-9df599f34e73cde8793ca2f2422cbb99{\npadding-bottom:10px;\n}\nbody .av-special-heading.av-kja7ty-9df599f34e73cde8793ca2f2422cbb99 .av-special-heading-tag .heading-char{\nfont-size:25px;\n}\n.av-special-heading.av-kja7ty-9df599f34e73cde8793ca2f2422cbb99 .av-subheading{\nfont-size:15px;\n}\n<\/style>\n<div  class='av-special-heading av-kja7ty-9df599f34e73cde8793ca2f2422cbb99 av-special-heading-h5  avia-builder-el-8  el_before_av_image  avia-builder-el-first '><h5 class='av-special-heading-tag '  itemprop=\"headline\"  >Plan et section<\/h5><div class=\"special-heading-border\"><div class=\"special-heading-inner-border\"><\/div><\/div><\/div><br \/>\n\n<style type=\"text\/css\" data-created_by=\"avia_inline_auto\" id=\"style-css-av-kxos7nui-9f51e3d8b062128cc58fd13c37cf7965\">\n.avia-image-container.av-kxos7nui-9f51e3d8b062128cc58fd13c37cf7965 img.avia_image{\nbox-shadow:none;\n}\n.avia-image-container.av-kxos7nui-9f51e3d8b062128cc58fd13c37cf7965 .av-image-caption-overlay-center{\ncolor:#ffffff;\n}\n<\/style>\n<div  class='avia-image-container av-kxos7nui-9f51e3d8b062128cc58fd13c37cf7965 av-styling- avia-align-center  avia-builder-el-9  el_after_av_heading  avia-builder-el-last '   itemprop=\"image\" itemscope=\"itemscope\" itemtype=\"https:\/\/schema.org\/ImageObject\" ><div class=\"avia-image-container-inner\"><div class=\"avia-image-overlay-wrap\"><img decoding=\"async\" fetchpriority=\"high\" class='wp-image-23772 avia-img-lazy-loading-not-23772 avia_image ' src=\"https:\/\/test393.ergatesweb7.ovh\/wp-content\/uploads\/2021\/12\/Beders-1030x339.jpg\" alt='' title='Beders'  height=\"339\" width=\"1030\"  itemprop=\"thumbnailUrl\" srcset=\"https:\/\/test393.ergatesweb7.ovh\/wp-content\/uploads\/2021\/12\/Beders-1030x339.jpg 1030w, https:\/\/test393.ergatesweb7.ovh\/wp-content\/uploads\/2021\/12\/Beders-300x99.jpg 300w, https:\/\/test393.ergatesweb7.ovh\/wp-content\/uploads\/2021\/12\/Beders-768x253.jpg 768w, https:\/\/test393.ergatesweb7.ovh\/wp-content\/uploads\/2021\/12\/Beders-705x232.jpg 705w, https:\/\/test393.ergatesweb7.ovh\/wp-content\/uploads\/2021\/12\/Beders.jpg 1500w\" sizes=\"(max-width: 1030px) 100vw, 1030px\" \/><\/div><\/div><\/div><\/p><\/div>\n","protected":false},"excerpt":{"rendered":"","protected":false},"author":3,"featured_media":23218,"parent":30641,"menu_order":20,"comment_status":"closed","ping_status":"closed","template":"","meta":{"footnotes":""},"class_list":["post-30609","page","type-page","status-publish","has-post-thumbnail","hentry"],"_links":{"self":[{"href":"https:\/\/test393.ergatesweb7.ovh\/fr\/wp-json\/wp\/v2\/pages\/30609","targetHints":{"allow":["GET"]}}],"collection":[{"href":"https:\/\/test393.ergatesweb7.ovh\/fr\/wp-json\/wp\/v2\/pages"}],"about":[{"href":"https:\/\/test393.ergatesweb7.ovh\/fr\/wp-json\/wp\/v2\/types\/page"}],"author":[{"embeddable":true,"href":"https:\/\/test393.ergatesweb7.ovh\/fr\/wp-json\/wp\/v2\/users\/3"}],"replies":[{"embeddable":true,"href":"https:\/\/test393.ergatesweb7.ovh\/fr\/wp-json\/wp\/v2\/comments?post=30609"}],"version-history":[{"count":2,"href":"https:\/\/test393.ergatesweb7.ovh\/fr\/wp-json\/wp\/v2\/pages\/30609\/revisions"}],"predecessor-version":[{"id":34564,"href":"https:\/\/test393.ergatesweb7.ovh\/fr\/wp-json\/wp\/v2\/pages\/30609\/revisions\/34564"}],"up":[{"embeddable":true,"href":"https:\/\/test393.ergatesweb7.ovh\/fr\/wp-json\/wp\/v2\/pages\/30641"}],"wp:featuredmedia":[{"embeddable":true,"href":"https:\/\/test393.ergatesweb7.ovh\/fr\/wp-json\/wp\/v2\/media\/23218"}],"wp:attachment":[{"href":"https:\/\/test393.ergatesweb7.ovh\/fr\/wp-json\/wp\/v2\/media?parent=30609"}],"curies":[{"name":"wp","href":"https:\/\/api.w.org\/{rel}","templated":true}]}}