{"id":30597,"date":"2022-04-13T11:47:22","date_gmt":"2022-04-13T09:47:22","guid":{"rendered":"https:\/\/www.cerdanya.org\/sant-iscle-i-santa-victora-de-talltendre\/"},"modified":"2022-04-28T22:26:00","modified_gmt":"2022-04-28T20:26:00","slug":"sant-iscle-i-santa-victora-de-talltendre","status":"publish","type":"page","link":"https:\/\/test393.ergatesweb7.ovh\/fr\/que-faire\/tourisme-culturel\/patrimoine-culturel\/bellver-de-cerdanya\/sant-iscle-i-santa-victora-de-talltendre\/","title":{"rendered":"Sant Iscle i Santa Vict\u00f2ra de Talltendre"},"content":{"rendered":"\n<style type=\"text\/css\" data-created_by=\"avia_inline_auto\" id=\"style-css-av-36rb4oj-ba4d95154227ed0d8a771e7152bf9e9e\">\n.flex_column.av-36rb4oj-ba4d95154227ed0d8a771e7152bf9e9e{\nborder-radius:0px 0px 0px 0px;\npadding:0px 0px 0px 0px;\n}\n<\/style>\n<div  class='flex_column av-36rb4oj-ba4d95154227ed0d8a771e7152bf9e9e av_one_half  avia-builder-el-0  el_before_av_one_half  avia-builder-el-first  first flex_column_div av-zero-column-padding  '     ><p>\n<style type=\"text\/css\" data-created_by=\"avia_inline_auto\" id=\"style-css-av-1hlfq42-89934bb2e3e4f1925034b3e85b147628\">\n#top .av-special-heading.av-1hlfq42-89934bb2e3e4f1925034b3e85b147628{\npadding-bottom:10px;\n}\nbody .av-special-heading.av-1hlfq42-89934bb2e3e4f1925034b3e85b147628 .av-special-heading-tag .heading-char{\nfont-size:25px;\n}\n.av-special-heading.av-1hlfq42-89934bb2e3e4f1925034b3e85b147628 .av-subheading{\nfont-size:15px;\n}\n<\/style>\n<div  class='av-special-heading av-1hlfq42-89934bb2e3e4f1925034b3e85b147628 av-special-heading-h5  avia-builder-el-1  el_before_av_textblock  avia-builder-el-first '><h5 class='av-special-heading-tag '  itemprop=\"headline\"  >Description<\/h5><div class=\"special-heading-border\"><div class=\"special-heading-inner-border\"><\/div><\/div><\/div><br \/>\n<section  class='av_textblock_section av-ksyomoyl-25f1f3c8b1a0a9b03a6473be4799410f '   itemscope=\"itemscope\" itemtype=\"https:\/\/schema.org\/CreativeWork\" ><div class='avia_textblock'  itemprop=\"text\" ><p>Nous sommes devant un \u00e9difice tr\u00e8s aust\u00e8re du XIIe si\u00e8cle, dont le plus remarquable est l&rsquo;abside avec les deux fen\u00eatres \u00e0 double fente, une centrale et une m\u00e9ridionale de meilleure facture. La nef pr\u00e9sente de nombreux vestiges de la fa\u00e7ade et plusieurs ouvertures ult\u00e9rieures, dont certaines mur\u00e9es. A l&rsquo;int\u00e9rieur, la nef et l&rsquo;abside ont des vo\u00fbtes de profil pointu sans corniche sur l&rsquo;imposte. Au pied de la nef s&rsquo;\u00e9l\u00e8ve la tour carr\u00e9e du clocher, surmont\u00e9e de quatre fen\u00eatres et pav\u00e9e.<\/p>\n<p>La porte ouverte dans le mur sud, en pierre locale, est compos\u00e9e de trois arcs d\u00e9grad\u00e9s avec la particularit\u00e9 que celui de l&rsquo;int\u00e9rieur au lieu d&rsquo;un arc a une pierre semi-circulaire qui simule un linteau tenant un petit tympan.<\/p>\n<\/div><\/section><\/p><\/div>\n<style type=\"text\/css\" data-created_by=\"avia_inline_auto\" id=\"style-css-av-2coqnf7-fe66bdd07c1c8428c9bfcd41c861e712\">\n.flex_column.av-2coqnf7-fe66bdd07c1c8428c9bfcd41c861e712{\nborder-radius:0px 0px 0px 0px;\npadding:0px 0px 0px 0px;\n}\n<\/style>\n<div  class='flex_column av-2coqnf7-fe66bdd07c1c8428c9bfcd41c861e712 av_one_half  avia-builder-el-3  el_after_av_one_half  el_before_av_one_full  flex_column_div av-zero-column-padding  '     ><style type=\"text\/css\" data-created_by=\"avia_inline_auto\" id=\"style-css-av-29ooh4j-8e37dcd1d8d964d964264ce6570ede74\">\n#top .avia-gallery.av-29ooh4j-8e37dcd1d8d964d964264ce6570ede74 .avia-gallery-thumb a{\nwidth:20%;\n}\n<\/style>\n<div  class='avia-gallery av-29ooh4j-8e37dcd1d8d964d964264ce6570ede74 avia_animate_when_visible  avia-builder-el-4  avia-builder-el-no-sibling  avia_lazyload av-slideshow-ui av-loop-manual-endless av-control-hidden av-navigate-arrows av-navigate-dots hover-effect av-control-hidden avia-gallery-animate avia-gallery-1'  itemprop=\"image\" itemscope=\"itemscope\" itemtype=\"https:\/\/schema.org\/ImageObject\" ><meta itemprop=\"contentURL\" content=\"https:\/\/test393.ergatesweb7.ovh\/fr\/que-faire\/tourisme-culturel\/patrimoine-culturel\/bellver-de-cerdanya\/sant-iscle-i-santa-victora-de-talltendre\/\"><div class='avia-gallery-big-wrapper'><a class='avia-gallery-big fakeLightbox lightbox avia-gallery-big-crop-thumb ' href=\"https:\/\/test393.ergatesweb7.ovh\/wp-content\/uploads\/2021\/12\/sant-iscle-santa-victoria-talltendre--1030x687.jpg\" data-srcset=\"https:\/\/test393.ergatesweb7.ovh\/wp-content\/uploads\/2021\/12\/sant-iscle-santa-victoria-talltendre--1030x687.jpg 1030w, https:\/\/test393.ergatesweb7.ovh\/wp-content\/uploads\/2021\/12\/sant-iscle-santa-victoria-talltendre--300x200.jpg 300w, https:\/\/test393.ergatesweb7.ovh\/wp-content\/uploads\/2021\/12\/sant-iscle-santa-victoria-talltendre--768x513.jpg 768w, https:\/\/test393.ergatesweb7.ovh\/wp-content\/uploads\/2021\/12\/sant-iscle-santa-victoria-talltendre--705x470.jpg 705w, https:\/\/test393.ergatesweb7.ovh\/wp-content\/uploads\/2021\/12\/sant-iscle-santa-victoria-talltendre-.jpg 1500w\" data-sizes=\"(max-width: 1030px) 100vw, 1030px\"  data-onclick='1' title='Sant Iscle i Santa Vict\u00f2ria de Talltendre' ><span class='avia-gallery-big-inner'  itemprop=\"thumbnailUrl\" ><img decoding=\"async\" fetchpriority=\"high\" class=\"wp-image-23874 avia-img-lazy-loading-not-23874\"  width=\"495\" height=\"400\" src=\"https:\/\/test393.ergatesweb7.ovh\/wp-content\/uploads\/2021\/12\/sant-iscle-santa-victoria-talltendre--495x400.jpg\" title='7. BELLVER- Sant Iscle i Santa Victo\u0300ria de Talltendre' alt='' srcset=\"https:\/\/test393.ergatesweb7.ovh\/wp-content\/uploads\/2021\/12\/sant-iscle-santa-victoria-talltendre--495x400.jpg 495w, https:\/\/test393.ergatesweb7.ovh\/wp-content\/uploads\/2021\/12\/sant-iscle-santa-victoria-talltendre--845x684.jpg 845w\" sizes=\"(max-width: 495px) 100vw, 495px\" \/><span class='avia-gallery-caption'>Sant Iscle i Santa Vict\u00f2ria de Talltendre<\/span><\/span><\/a><\/div><div class='avia-gallery-thumb'><a href=\"https:\/\/test393.ergatesweb7.ovh\/wp-content\/uploads\/2021\/12\/sant-iscle-santa-victoria-talltendre--1030x687.jpg\" data-srcset=\"https:\/\/test393.ergatesweb7.ovh\/wp-content\/uploads\/2021\/12\/sant-iscle-santa-victoria-talltendre--1030x687.jpg 1030w, https:\/\/test393.ergatesweb7.ovh\/wp-content\/uploads\/2021\/12\/sant-iscle-santa-victoria-talltendre--300x200.jpg 300w, https:\/\/test393.ergatesweb7.ovh\/wp-content\/uploads\/2021\/12\/sant-iscle-santa-victoria-talltendre--768x513.jpg 768w, https:\/\/test393.ergatesweb7.ovh\/wp-content\/uploads\/2021\/12\/sant-iscle-santa-victoria-talltendre--705x470.jpg 705w, https:\/\/test393.ergatesweb7.ovh\/wp-content\/uploads\/2021\/12\/sant-iscle-santa-victoria-talltendre-.jpg 1500w\" data-sizes=\"(max-width: 1030px) 100vw, 1030px\" data-rel='gallery-1' data-prev-img='https:\/\/test393.ergatesweb7.ovh\/wp-content\/uploads\/2021\/12\/sant-iscle-santa-victoria-talltendre--495x400.jpg' class='first_thumb lightbox ' data-onclick='1' title='Sant Iscle i Santa Vict\u00f2ria de Talltendre'  itemprop=\"thumbnailUrl\"  ><img decoding=\"async\" fetchpriority=\"high\" class=\"wp-image-23874 avia-img-lazy-loading-not-23874\"  data-avia-tooltip='Sant Iscle i Santa Vict\u00f2ria de Talltendre' src=\"https:\/\/test393.ergatesweb7.ovh\/wp-content\/uploads\/2021\/12\/sant-iscle-santa-victoria-talltendre--495x400.jpg\" width=\"495\" height=\"400\"  title='7. BELLVER- Sant Iscle i Santa Victo\u0300ria de Talltendre' alt='' srcset=\"https:\/\/test393.ergatesweb7.ovh\/wp-content\/uploads\/2021\/12\/sant-iscle-santa-victoria-talltendre--495x400.jpg 495w, https:\/\/test393.ergatesweb7.ovh\/wp-content\/uploads\/2021\/12\/sant-iscle-santa-victoria-talltendre--845x684.jpg 845w\" sizes=\"(max-width: 495px) 100vw, 495px\" \/><div class='big-prev-fake'><img decoding=\"async\" loading=\"lazy\" class=\"wp-image-23874 avia-img-lazy-loading-23874\"  width=\"495\" height=\"400\" src=\"https:\/\/test393.ergatesweb7.ovh\/wp-content\/uploads\/2021\/12\/sant-iscle-santa-victoria-talltendre--495x400.jpg\" title='7. BELLVER- Sant Iscle i Santa Victo\u0300ria de Talltendre' alt='' srcset=\"https:\/\/test393.ergatesweb7.ovh\/wp-content\/uploads\/2021\/12\/sant-iscle-santa-victoria-talltendre--495x400.jpg 495w, https:\/\/test393.ergatesweb7.ovh\/wp-content\/uploads\/2021\/12\/sant-iscle-santa-victoria-talltendre--845x684.jpg 845w\" sizes=\"auto, (max-width: 495px) 100vw, 495px\" \/><\/div><\/a><a href=\"https:\/\/test393.ergatesweb7.ovh\/wp-content\/uploads\/2021\/12\/sant-iscle-santa-victoria-talltendre-altar-1030x687.jpg\" data-srcset=\"https:\/\/test393.ergatesweb7.ovh\/wp-content\/uploads\/2021\/12\/sant-iscle-santa-victoria-talltendre-altar-1030x687.jpg 1030w, https:\/\/test393.ergatesweb7.ovh\/wp-content\/uploads\/2021\/12\/sant-iscle-santa-victoria-talltendre-altar-300x200.jpg 300w, https:\/\/test393.ergatesweb7.ovh\/wp-content\/uploads\/2021\/12\/sant-iscle-santa-victoria-talltendre-altar-768x513.jpg 768w, https:\/\/test393.ergatesweb7.ovh\/wp-content\/uploads\/2021\/12\/sant-iscle-santa-victoria-talltendre-altar-705x470.jpg 705w, https:\/\/test393.ergatesweb7.ovh\/wp-content\/uploads\/2021\/12\/sant-iscle-santa-victoria-talltendre-altar.jpg 1500w\" data-sizes=\"(max-width: 1030px) 100vw, 1030px\" data-rel='gallery-1' data-prev-img='https:\/\/test393.ergatesweb7.ovh\/wp-content\/uploads\/2021\/12\/sant-iscle-santa-victoria-talltendre-altar-495x400.jpg' class='lightbox ' data-onclick='2' title='Sant Iscle i Santa Vict\u00f2ria de Talltendre'  itemprop=\"thumbnailUrl\"  ><img decoding=\"async\" fetchpriority=\"high\" class=\"wp-image-23876 avia-img-lazy-loading-not-23876\"  data-avia-tooltip='Sant Iscle i Santa Vict\u00f2ria de Talltendre' src=\"https:\/\/test393.ergatesweb7.ovh\/wp-content\/uploads\/2021\/12\/sant-iscle-santa-victoria-talltendre-altar-495x400.jpg\" width=\"495\" height=\"400\"  title='7. BELLVER- Sant Iscle i Santa Victo\u0300ria de Talltendre' alt='' srcset=\"https:\/\/test393.ergatesweb7.ovh\/wp-content\/uploads\/2021\/12\/sant-iscle-santa-victoria-talltendre-altar-495x400.jpg 495w, https:\/\/test393.ergatesweb7.ovh\/wp-content\/uploads\/2021\/12\/sant-iscle-santa-victoria-talltendre-altar-845x684.jpg 845w\" sizes=\"(max-width: 495px) 100vw, 495px\" \/><div class='big-prev-fake'><img decoding=\"async\" loading=\"lazy\" class=\"wp-image-23876 avia-img-lazy-loading-23876\"  width=\"495\" height=\"400\" src=\"https:\/\/test393.ergatesweb7.ovh\/wp-content\/uploads\/2021\/12\/sant-iscle-santa-victoria-talltendre-altar-495x400.jpg\" title='7. BELLVER- Sant Iscle i Santa Victo\u0300ria de Talltendre' alt='' srcset=\"https:\/\/test393.ergatesweb7.ovh\/wp-content\/uploads\/2021\/12\/sant-iscle-santa-victoria-talltendre-altar-495x400.jpg 495w, https:\/\/test393.ergatesweb7.ovh\/wp-content\/uploads\/2021\/12\/sant-iscle-santa-victoria-talltendre-altar-845x684.jpg 845w\" sizes=\"auto, (max-width: 495px) 100vw, 495px\" \/><\/div><\/a><a href=\"https:\/\/test393.ergatesweb7.ovh\/wp-content\/uploads\/2021\/12\/sant-iscle-santa-victoria-talltendre-bancs-1030x687.jpg\" data-srcset=\"https:\/\/test393.ergatesweb7.ovh\/wp-content\/uploads\/2021\/12\/sant-iscle-santa-victoria-talltendre-bancs-1030x687.jpg 1030w, https:\/\/test393.ergatesweb7.ovh\/wp-content\/uploads\/2021\/12\/sant-iscle-santa-victoria-talltendre-bancs-300x200.jpg 300w, https:\/\/test393.ergatesweb7.ovh\/wp-content\/uploads\/2021\/12\/sant-iscle-santa-victoria-talltendre-bancs-768x513.jpg 768w, https:\/\/test393.ergatesweb7.ovh\/wp-content\/uploads\/2021\/12\/sant-iscle-santa-victoria-talltendre-bancs-705x470.jpg 705w, https:\/\/test393.ergatesweb7.ovh\/wp-content\/uploads\/2021\/12\/sant-iscle-santa-victoria-talltendre-bancs.jpg 1500w\" data-sizes=\"(max-width: 1030px) 100vw, 1030px\" data-rel='gallery-1' data-prev-img='https:\/\/test393.ergatesweb7.ovh\/wp-content\/uploads\/2021\/12\/sant-iscle-santa-victoria-talltendre-bancs-495x400.jpg' class='lightbox ' data-onclick='3' title='Sant Iscle i Santa Vict\u00f2ria de Talltendre'  itemprop=\"thumbnailUrl\"  ><img decoding=\"async\" fetchpriority=\"high\" class=\"wp-image-23878 avia-img-lazy-loading-not-23878\"  data-avia-tooltip='Sant Iscle i Santa Vict\u00f2ria de Talltendre' src=\"https:\/\/test393.ergatesweb7.ovh\/wp-content\/uploads\/2021\/12\/sant-iscle-santa-victoria-talltendre-bancs-495x400.jpg\" width=\"495\" height=\"400\"  title='7. BELLVER- Sant Iscle i Santa Victo\u0300ria de Talltendre' alt='' srcset=\"https:\/\/test393.ergatesweb7.ovh\/wp-content\/uploads\/2021\/12\/sant-iscle-santa-victoria-talltendre-bancs-495x400.jpg 495w, https:\/\/test393.ergatesweb7.ovh\/wp-content\/uploads\/2021\/12\/sant-iscle-santa-victoria-talltendre-bancs-845x684.jpg 845w\" sizes=\"(max-width: 495px) 100vw, 495px\" \/><div class='big-prev-fake'><img decoding=\"async\" loading=\"lazy\" class=\"wp-image-23878 avia-img-lazy-loading-23878\"  width=\"495\" height=\"400\" src=\"https:\/\/test393.ergatesweb7.ovh\/wp-content\/uploads\/2021\/12\/sant-iscle-santa-victoria-talltendre-bancs-495x400.jpg\" title='7. BELLVER- Sant Iscle i Santa Victo\u0300ria de Talltendre' alt='' srcset=\"https:\/\/test393.ergatesweb7.ovh\/wp-content\/uploads\/2021\/12\/sant-iscle-santa-victoria-talltendre-bancs-495x400.jpg 495w, https:\/\/test393.ergatesweb7.ovh\/wp-content\/uploads\/2021\/12\/sant-iscle-santa-victoria-talltendre-bancs-845x684.jpg 845w\" sizes=\"auto, (max-width: 495px) 100vw, 495px\" \/><\/div><\/a><a href=\"https:\/\/test393.ergatesweb7.ovh\/wp-content\/uploads\/2021\/12\/sant-iscle-santa-victoria-talltendre-pica-1030x687.jpg\" data-srcset=\"https:\/\/test393.ergatesweb7.ovh\/wp-content\/uploads\/2021\/12\/sant-iscle-santa-victoria-talltendre-pica-1030x687.jpg 1030w, https:\/\/test393.ergatesweb7.ovh\/wp-content\/uploads\/2021\/12\/sant-iscle-santa-victoria-talltendre-pica-300x200.jpg 300w, https:\/\/test393.ergatesweb7.ovh\/wp-content\/uploads\/2021\/12\/sant-iscle-santa-victoria-talltendre-pica-768x513.jpg 768w, https:\/\/test393.ergatesweb7.ovh\/wp-content\/uploads\/2021\/12\/sant-iscle-santa-victoria-talltendre-pica-705x470.jpg 705w, https:\/\/test393.ergatesweb7.ovh\/wp-content\/uploads\/2021\/12\/sant-iscle-santa-victoria-talltendre-pica.jpg 1500w\" data-sizes=\"(max-width: 1030px) 100vw, 1030px\" data-rel='gallery-1' data-prev-img='https:\/\/test393.ergatesweb7.ovh\/wp-content\/uploads\/2021\/12\/sant-iscle-santa-victoria-talltendre-pica-495x400.jpg' class='lightbox ' data-onclick='4' title='Sant Iscle i Santa Vict\u00f2ria de Talltendre'  itemprop=\"thumbnailUrl\"  ><img decoding=\"async\" fetchpriority=\"high\" class=\"wp-image-23880 avia-img-lazy-loading-not-23880\"  data-avia-tooltip='Sant Iscle i Santa Vict\u00f2ria de Talltendre' src=\"https:\/\/test393.ergatesweb7.ovh\/wp-content\/uploads\/2021\/12\/sant-iscle-santa-victoria-talltendre-pica-495x400.jpg\" width=\"495\" height=\"400\"  title='7. BELLVER- Sant Iscle i Santa Victo\u0300ria de Talltendre' alt='' srcset=\"https:\/\/test393.ergatesweb7.ovh\/wp-content\/uploads\/2021\/12\/sant-iscle-santa-victoria-talltendre-pica-495x400.jpg 495w, https:\/\/test393.ergatesweb7.ovh\/wp-content\/uploads\/2021\/12\/sant-iscle-santa-victoria-talltendre-pica-845x684.jpg 845w\" sizes=\"(max-width: 495px) 100vw, 495px\" \/><div class='big-prev-fake'><img decoding=\"async\" loading=\"lazy\" class=\"wp-image-23880 avia-img-lazy-loading-23880\"  width=\"495\" height=\"400\" src=\"https:\/\/test393.ergatesweb7.ovh\/wp-content\/uploads\/2021\/12\/sant-iscle-santa-victoria-talltendre-pica-495x400.jpg\" title='7. BELLVER- Sant Iscle i Santa Victo\u0300ria de Talltendre' alt='' srcset=\"https:\/\/test393.ergatesweb7.ovh\/wp-content\/uploads\/2021\/12\/sant-iscle-santa-victoria-talltendre-pica-495x400.jpg 495w, https:\/\/test393.ergatesweb7.ovh\/wp-content\/uploads\/2021\/12\/sant-iscle-santa-victoria-talltendre-pica-845x684.jpg 845w\" sizes=\"auto, (max-width: 495px) 100vw, 495px\" \/><\/div><\/a><a href=\"https:\/\/test393.ergatesweb7.ovh\/wp-content\/uploads\/2021\/12\/sant-iscle-santa-victoria-talltendre-pica-2-1030x1030.jpg\" data-srcset=\"https:\/\/test393.ergatesweb7.ovh\/wp-content\/uploads\/2021\/12\/sant-iscle-santa-victoria-talltendre-pica-2-1030x1030.jpg 1030w, https:\/\/test393.ergatesweb7.ovh\/wp-content\/uploads\/2021\/12\/sant-iscle-santa-victoria-talltendre-pica-2-300x300.jpg 300w, https:\/\/test393.ergatesweb7.ovh\/wp-content\/uploads\/2021\/12\/sant-iscle-santa-victoria-talltendre-pica-2-80x80.jpg 80w, https:\/\/test393.ergatesweb7.ovh\/wp-content\/uploads\/2021\/12\/sant-iscle-santa-victoria-talltendre-pica-2-768x768.jpg 768w, https:\/\/test393.ergatesweb7.ovh\/wp-content\/uploads\/2021\/12\/sant-iscle-santa-victoria-talltendre-pica-2-36x36.jpg 36w, https:\/\/test393.ergatesweb7.ovh\/wp-content\/uploads\/2021\/12\/sant-iscle-santa-victoria-talltendre-pica-2-180x180.jpg 180w, https:\/\/test393.ergatesweb7.ovh\/wp-content\/uploads\/2021\/12\/sant-iscle-santa-victoria-talltendre-pica-2.jpg 1500w, https:\/\/test393.ergatesweb7.ovh\/wp-content\/uploads\/2021\/12\/sant-iscle-santa-victoria-talltendre-pica-2-705x705.jpg 705w\" data-sizes=\"(max-width: 1030px) 100vw, 1030px\" data-rel='gallery-1' data-prev-img='https:\/\/test393.ergatesweb7.ovh\/wp-content\/uploads\/2021\/12\/sant-iscle-santa-victoria-talltendre-pica-2-495x400.jpg' class='lightbox ' data-onclick='5' title='Sant Iscle i Santa Vict\u00f2ria de Talltendre'  itemprop=\"thumbnailUrl\"  ><img decoding=\"async\" fetchpriority=\"high\" class=\"wp-image-23882 avia-img-lazy-loading-not-23882\"  data-avia-tooltip='Sant Iscle i Santa Vict\u00f2ria de Talltendre' src=\"https:\/\/test393.ergatesweb7.ovh\/wp-content\/uploads\/2021\/12\/sant-iscle-santa-victoria-talltendre-pica-2-495x400.jpg\" width=\"495\" height=\"400\"  title='7. BELLVER- Sant Iscle i Santa Victo\u0300ria de Talltendre' alt='' srcset=\"https:\/\/test393.ergatesweb7.ovh\/wp-content\/uploads\/2021\/12\/sant-iscle-santa-victoria-talltendre-pica-2-495x400.jpg 495w, https:\/\/test393.ergatesweb7.ovh\/wp-content\/uploads\/2021\/12\/sant-iscle-santa-victoria-talltendre-pica-2-845x684.jpg 845w\" sizes=\"(max-width: 495px) 100vw, 495px\" \/><div class='big-prev-fake'><img decoding=\"async\" loading=\"lazy\" class=\"wp-image-23882 avia-img-lazy-loading-23882\"  width=\"495\" height=\"400\" src=\"https:\/\/test393.ergatesweb7.ovh\/wp-content\/uploads\/2021\/12\/sant-iscle-santa-victoria-talltendre-pica-2-495x400.jpg\" title='7. BELLVER- Sant Iscle i Santa Victo\u0300ria de Talltendre' alt='' srcset=\"https:\/\/test393.ergatesweb7.ovh\/wp-content\/uploads\/2021\/12\/sant-iscle-santa-victoria-talltendre-pica-2-495x400.jpg 495w, https:\/\/test393.ergatesweb7.ovh\/wp-content\/uploads\/2021\/12\/sant-iscle-santa-victoria-talltendre-pica-2-845x684.jpg 845w\" sizes=\"auto, (max-width: 495px) 100vw, 495px\" \/><\/div><\/a><\/div><\/div><\/div>\n<style type=\"text\/css\" data-created_by=\"avia_inline_auto\" id=\"style-css-av-13qih77-00e4eae9d0b6c138f9ba0e0aa3d8fb95\">\n.flex_column.av-13qih77-00e4eae9d0b6c138f9ba0e0aa3d8fb95{\nborder-radius:0px 0px 0px 0px;\npadding:0px 0px 0px 0px;\n}\n<\/style>\n<div  class='flex_column av-13qih77-00e4eae9d0b6c138f9ba0e0aa3d8fb95 av_one_full  avia-builder-el-5  el_after_av_one_half  el_before_av_one_half  first flex_column_div av-zero-column-padding  column-top-margin'     ><style type=\"text\/css\" data-created_by=\"avia_inline_auto\" id=\"style-css-av-kwp2dp8f-f55138033d46035ff7ae47226ad7fa00\">\n#top .hr.hr-invisible.av-kwp2dp8f-f55138033d46035ff7ae47226ad7fa00{\nheight:20px;\n}\n<\/style>\n<div  class='hr av-kwp2dp8f-f55138033d46035ff7ae47226ad7fa00 hr-invisible  avia-builder-el-6  avia-builder-el-no-sibling '><span class='hr-inner '><span class=\"hr-inner-style\"><\/span><\/span><\/div><\/div><\/p>\n\n<style type=\"text\/css\" data-created_by=\"avia_inline_auto\" id=\"style-css-av-15fu4he-cbde4e1256bc80b81969cc69a451e0f4\">\n.flex_column.av-15fu4he-cbde4e1256bc80b81969cc69a451e0f4{\nborder-radius:0px 0px 0px 0px;\npadding:0px 0px 0px 0px;\n}\n<\/style>\n<div  class='flex_column av-15fu4he-cbde4e1256bc80b81969cc69a451e0f4 av_one_half  avia-builder-el-7  el_after_av_one_full  avia-builder-el-last  first flex_column_div av-zero-column-padding  column-top-margin'     ><p>\n<style type=\"text\/css\" data-created_by=\"avia_inline_auto\" id=\"style-css-av-m1tiuq-9cb46e437c813b02290c3269d925e86b\">\n#top .av-special-heading.av-m1tiuq-9cb46e437c813b02290c3269d925e86b{\npadding-bottom:10px;\n}\nbody .av-special-heading.av-m1tiuq-9cb46e437c813b02290c3269d925e86b .av-special-heading-tag .heading-char{\nfont-size:25px;\n}\n.av-special-heading.av-m1tiuq-9cb46e437c813b02290c3269d925e86b .av-subheading{\nfont-size:15px;\n}\n<\/style>\n<div  class='av-special-heading av-m1tiuq-9cb46e437c813b02290c3269d925e86b av-special-heading-h5  avia-builder-el-8  el_before_av_image  avia-builder-el-first '><h5 class='av-special-heading-tag '  itemprop=\"headline\"  >Plan et section<\/h5><div class=\"special-heading-border\"><div class=\"special-heading-inner-border\"><\/div><\/div><\/div><br \/>\n\n<style type=\"text\/css\" data-created_by=\"avia_inline_auto\" id=\"style-css-av-kxpysghh-19d64c9230cab09b6e1ef4fbbd96b33d\">\n.avia-image-container.av-kxpysghh-19d64c9230cab09b6e1ef4fbbd96b33d img.avia_image{\nbox-shadow:none;\n}\n.avia-image-container.av-kxpysghh-19d64c9230cab09b6e1ef4fbbd96b33d .av-image-caption-overlay-center{\ncolor:#ffffff;\n}\n<\/style>\n<div  class='avia-image-container av-kxpysghh-19d64c9230cab09b6e1ef4fbbd96b33d av-styling- avia-align-center  avia-builder-el-9  el_after_av_heading  avia-builder-el-last '   itemprop=\"image\" itemscope=\"itemscope\" itemtype=\"https:\/\/schema.org\/ImageObject\" ><div class=\"avia-image-container-inner\"><div class=\"avia-image-overlay-wrap\"><img decoding=\"async\" fetchpriority=\"high\" class='wp-image-23872 avia-img-lazy-loading-not-23872 avia_image ' src=\"https:\/\/test393.ergatesweb7.ovh\/wp-content\/uploads\/2021\/12\/santiscle-santa-victoria-Talltendre-1030x361.jpg\" alt='' title='santiscle-santa-victoria-Talltendre'  height=\"361\" width=\"1030\"  itemprop=\"thumbnailUrl\" srcset=\"https:\/\/test393.ergatesweb7.ovh\/wp-content\/uploads\/2021\/12\/santiscle-santa-victoria-Talltendre-1030x361.jpg 1030w, https:\/\/test393.ergatesweb7.ovh\/wp-content\/uploads\/2021\/12\/santiscle-santa-victoria-Talltendre-300x105.jpg 300w, https:\/\/test393.ergatesweb7.ovh\/wp-content\/uploads\/2021\/12\/santiscle-santa-victoria-Talltendre-768x269.jpg 768w, https:\/\/test393.ergatesweb7.ovh\/wp-content\/uploads\/2021\/12\/santiscle-santa-victoria-Talltendre-705x247.jpg 705w, https:\/\/test393.ergatesweb7.ovh\/wp-content\/uploads\/2021\/12\/santiscle-santa-victoria-Talltendre-1210x423.jpg 1210w, https:\/\/test393.ergatesweb7.ovh\/wp-content\/uploads\/2021\/12\/santiscle-santa-victoria-Talltendre.jpg 1500w\" sizes=\"(max-width: 1030px) 100vw, 1030px\" \/><\/div><\/div><\/div><\/p><\/div>\n","protected":false},"excerpt":{"rendered":"","protected":false},"author":3,"featured_media":23308,"parent":30641,"menu_order":60,"comment_status":"closed","ping_status":"closed","template":"","meta":{"footnotes":""},"class_list":["post-30597","page","type-page","status-publish","has-post-thumbnail","hentry"],"_links":{"self":[{"href":"https:\/\/test393.ergatesweb7.ovh\/fr\/wp-json\/wp\/v2\/pages\/30597","targetHints":{"allow":["GET"]}}],"collection":[{"href":"https:\/\/test393.ergatesweb7.ovh\/fr\/wp-json\/wp\/v2\/pages"}],"about":[{"href":"https:\/\/test393.ergatesweb7.ovh\/fr\/wp-json\/wp\/v2\/types\/page"}],"author":[{"embeddable":true,"href":"https:\/\/test393.ergatesweb7.ovh\/fr\/wp-json\/wp\/v2\/users\/3"}],"replies":[{"embeddable":true,"href":"https:\/\/test393.ergatesweb7.ovh\/fr\/wp-json\/wp\/v2\/comments?post=30597"}],"version-history":[{"count":2,"href":"https:\/\/test393.ergatesweb7.ovh\/fr\/wp-json\/wp\/v2\/pages\/30597\/revisions"}],"predecessor-version":[{"id":34631,"href":"https:\/\/test393.ergatesweb7.ovh\/fr\/wp-json\/wp\/v2\/pages\/30597\/revisions\/34631"}],"up":[{"embeddable":true,"href":"https:\/\/test393.ergatesweb7.ovh\/fr\/wp-json\/wp\/v2\/pages\/30641"}],"wp:featuredmedia":[{"embeddable":true,"href":"https:\/\/test393.ergatesweb7.ovh\/fr\/wp-json\/wp\/v2\/media\/23308"}],"wp:attachment":[{"href":"https:\/\/test393.ergatesweb7.ovh\/fr\/wp-json\/wp\/v2\/media?parent=30597"}],"curies":[{"name":"wp","href":"https:\/\/api.w.org\/{rel}","templated":true}]}}