{"id":30539,"date":"2022-04-13T09:59:03","date_gmt":"2022-04-13T07:59:03","guid":{"rendered":"https:\/\/www.cerdanya.org\/sant-miquel-de-soriguerola\/"},"modified":"2022-04-28T22:46:55","modified_gmt":"2022-04-28T20:46:55","slug":"sant-miquel-de-soriguerola","status":"publish","type":"page","link":"https:\/\/test393.ergatesweb7.ovh\/fr\/que-faire\/tourisme-culturel\/patrimoine-culturel\/fontanals-de-cerdanya\/sant-miquel-de-soriguerola\/","title":{"rendered":"Sant Miquel de Soriguerola"},"content":{"rendered":"\n<style type=\"text\/css\" data-created_by=\"avia_inline_auto\" id=\"style-css-av-36rb4oj-ba4d95154227ed0d8a771e7152bf9e9e\">\n.flex_column.av-36rb4oj-ba4d95154227ed0d8a771e7152bf9e9e{\nborder-radius:0px 0px 0px 0px;\npadding:0px 0px 0px 0px;\n}\n<\/style>\n<div  class='flex_column av-36rb4oj-ba4d95154227ed0d8a771e7152bf9e9e av_one_half  avia-builder-el-0  el_before_av_one_half  avia-builder-el-first  first flex_column_div av-zero-column-padding  '     ><p>\n<style type=\"text\/css\" data-created_by=\"avia_inline_auto\" id=\"style-css-av-1ifz9ht-9e8e5e8ae615b451ab9cb72d3b072682\">\n#top .av-special-heading.av-1ifz9ht-9e8e5e8ae615b451ab9cb72d3b072682{\npadding-bottom:10px;\n}\nbody .av-special-heading.av-1ifz9ht-9e8e5e8ae615b451ab9cb72d3b072682 .av-special-heading-tag .heading-char{\nfont-size:25px;\n}\n.av-special-heading.av-1ifz9ht-9e8e5e8ae615b451ab9cb72d3b072682 .av-subheading{\nfont-size:15px;\n}\n<\/style>\n<div  class='av-special-heading av-1ifz9ht-9e8e5e8ae615b451ab9cb72d3b072682 av-special-heading-h5  avia-builder-el-1  el_before_av_textblock  avia-builder-el-first '><h5 class='av-special-heading-tag '  itemprop=\"headline\"  >Description<\/h5><div class=\"special-heading-border\"><div class=\"special-heading-inner-border\"><\/div><\/div><\/div><br \/>\n<section  class='av_textblock_section av-ksyomoyl-25f1f3c8b1a0a9b03a6473be4799410f '   itemscope=\"itemscope\" itemtype=\"https:\/\/schema.org\/CreativeWork\" ><div class='avia_textblock'  itemprop=\"text\" ><p>Cette petite \u00e9glise, r\u00e9cemment restaur\u00e9e, est mentionn\u00e9e en 1035 dans le testament du comte de Cerdagne, Guifr\u00e9 II, qui l\u00e8gue l&rsquo;\u00e9glise \u00e0 sa femme, qui l&rsquo;a \u00e9galement legu\u00e9 au monast\u00e8re de Santa Maria de Serrateix.<\/p>\n<p>Cependant, ce temple, comme beaucoup d&rsquo;autres dans la r\u00e9gion, fut attaqu\u00e9 par les hommes d&rsquo;Arnau de Castellb\u00f3, partisans de l&rsquo;h\u00e9r\u00e9sie cathare, \u00e0 la fin du XIIe si\u00e8cle.<\/p>\n<p>C&rsquo;est une petite \u00e9glise \u00e0 nef unique avec une vo\u00fbte en berceau l\u00e9g\u00e8rement pointue, surmont\u00e9e \u00e0 l&rsquo;est d&rsquo;une abside en plein cintre et d&rsquo;une porte en plein cintre \u00e0 midi. Des rang\u00e9es d&rsquo;opus spicatum sont visibles sur le mur ouest et le mur de l&rsquo;abside. Le beffroi simple est curieusement d\u00e9centr\u00e9.<\/p>\n<p>Ce b\u00e2timent simple a fourni un joyau de la peinture de la fin du XIIIe si\u00e8cle en Catalogne : la fa\u00e7ade de l&rsquo;autel de Sant Miquel et son artiste anonyme, baptis\u00e9 \u00ab\u00a0le ma\u00eetre de Soriguerola\u00a0\u00bb.<\/p>\n<p>Cette fa\u00e7ade d&rsquo;autel accomplie est peinte sur bois et est exceptionnellement longue. Des fouilles arch\u00e9ologiques en 1999 ont localis\u00e9 l&#8217;emplacement d&rsquo;un dais sur l&rsquo;autel qui correspond aux dimensions de cette pi\u00e8ce : il est donc possible qu&rsquo;il s&rsquo;agisse d&rsquo;un dais roman.<\/p>\n<p>En 1936, une sculpture de la Vierge Marie du d\u00e9but du XIIIe si\u00e8cle a disparu.<\/p>\n<\/div><\/section><\/p><\/div>\n<style type=\"text\/css\" data-created_by=\"avia_inline_auto\" id=\"style-css-av-2coqnf7-fe66bdd07c1c8428c9bfcd41c861e712\">\n.flex_column.av-2coqnf7-fe66bdd07c1c8428c9bfcd41c861e712{\nborder-radius:0px 0px 0px 0px;\npadding:0px 0px 0px 0px;\n}\n<\/style>\n<div  class='flex_column av-2coqnf7-fe66bdd07c1c8428c9bfcd41c861e712 av_one_half  avia-builder-el-3  el_after_av_one_half  el_before_av_one_full  flex_column_div av-zero-column-padding  '     ><style type=\"text\/css\" data-created_by=\"avia_inline_auto\" id=\"style-css-av-29ooh4j-ad872fd83a078d8b27252f50b356dc67\">\n#top .avia-gallery.av-29ooh4j-ad872fd83a078d8b27252f50b356dc67 .avia-gallery-thumb a{\nwidth:20%;\n}\n<\/style>\n<div  class='avia-gallery av-29ooh4j-ad872fd83a078d8b27252f50b356dc67 avia_animate_when_visible  avia-builder-el-4  avia-builder-el-no-sibling  avia_lazyload av-slideshow-ui av-loop-manual-endless av-control-hidden av-navigate-arrows av-navigate-dots hover-effect av-control-hidden avia-gallery-animate avia-gallery-1'  itemprop=\"image\" itemscope=\"itemscope\" itemtype=\"https:\/\/schema.org\/ImageObject\" ><meta itemprop=\"contentURL\" content=\"https:\/\/test393.ergatesweb7.ovh\/fr\/que-faire\/tourisme-culturel\/patrimoine-culturel\/fontanals-de-cerdanya\/sant-miquel-de-soriguerola\/\"><div class='avia-gallery-big-wrapper'><a class='avia-gallery-big fakeLightbox lightbox avia-gallery-big-crop-thumb ' href=\"https:\/\/test393.ergatesweb7.ovh\/wp-content\/uploads\/2021\/12\/sant-miquel-soriguerola-1-1030x687.jpg\" data-srcset=\"https:\/\/test393.ergatesweb7.ovh\/wp-content\/uploads\/2021\/12\/sant-miquel-soriguerola-1-1030x687.jpg 1030w, https:\/\/test393.ergatesweb7.ovh\/wp-content\/uploads\/2021\/12\/sant-miquel-soriguerola-1-300x200.jpg 300w, https:\/\/test393.ergatesweb7.ovh\/wp-content\/uploads\/2021\/12\/sant-miquel-soriguerola-1-768x513.jpg 768w, https:\/\/test393.ergatesweb7.ovh\/wp-content\/uploads\/2021\/12\/sant-miquel-soriguerola-1-705x470.jpg 705w, https:\/\/test393.ergatesweb7.ovh\/wp-content\/uploads\/2021\/12\/sant-miquel-soriguerola-1.jpg 1500w\" data-sizes=\"(max-width: 1030px) 100vw, 1030px\"  data-onclick='1' title='Sant Miquel Soriguerola' ><span class='avia-gallery-big-inner'  itemprop=\"thumbnailUrl\" ><img decoding=\"async\" fetchpriority=\"high\" class=\"wp-image-24187 avia-img-lazy-loading-not-24187\"  width=\"495\" height=\"400\" src=\"https:\/\/test393.ergatesweb7.ovh\/wp-content\/uploads\/2021\/12\/sant-miquel-soriguerola-1-495x400.jpg\" title='12. FONTANALS- Sant Miquel de Soriguerola' alt='' srcset=\"https:\/\/test393.ergatesweb7.ovh\/wp-content\/uploads\/2021\/12\/sant-miquel-soriguerola-1-495x400.jpg 495w, https:\/\/test393.ergatesweb7.ovh\/wp-content\/uploads\/2021\/12\/sant-miquel-soriguerola-1-845x684.jpg 845w\" sizes=\"(max-width: 495px) 100vw, 495px\" \/><span class='avia-gallery-caption'>Sant Miquel Soriguerola<\/span><\/span><\/a><\/div><div class='avia-gallery-thumb'><a href=\"https:\/\/test393.ergatesweb7.ovh\/wp-content\/uploads\/2021\/12\/sant-miquel-soriguerola-1-1030x687.jpg\" data-srcset=\"https:\/\/test393.ergatesweb7.ovh\/wp-content\/uploads\/2021\/12\/sant-miquel-soriguerola-1-1030x687.jpg 1030w, https:\/\/test393.ergatesweb7.ovh\/wp-content\/uploads\/2021\/12\/sant-miquel-soriguerola-1-300x200.jpg 300w, https:\/\/test393.ergatesweb7.ovh\/wp-content\/uploads\/2021\/12\/sant-miquel-soriguerola-1-768x513.jpg 768w, https:\/\/test393.ergatesweb7.ovh\/wp-content\/uploads\/2021\/12\/sant-miquel-soriguerola-1-705x470.jpg 705w, https:\/\/test393.ergatesweb7.ovh\/wp-content\/uploads\/2021\/12\/sant-miquel-soriguerola-1.jpg 1500w\" data-sizes=\"(max-width: 1030px) 100vw, 1030px\" data-rel='gallery-1' data-prev-img='https:\/\/test393.ergatesweb7.ovh\/wp-content\/uploads\/2021\/12\/sant-miquel-soriguerola-1-495x400.jpg' class='first_thumb lightbox ' data-onclick='1' title='Sant Miquel Soriguerola'  itemprop=\"thumbnailUrl\"  ><img decoding=\"async\" fetchpriority=\"high\" class=\"wp-image-24187 avia-img-lazy-loading-not-24187\"  data-avia-tooltip='Sant Miquel Soriguerola' src=\"https:\/\/test393.ergatesweb7.ovh\/wp-content\/uploads\/2021\/12\/sant-miquel-soriguerola-1-495x400.jpg\" width=\"495\" height=\"400\"  title='12. FONTANALS- Sant Miquel de Soriguerola' alt='' srcset=\"https:\/\/test393.ergatesweb7.ovh\/wp-content\/uploads\/2021\/12\/sant-miquel-soriguerola-1-495x400.jpg 495w, https:\/\/test393.ergatesweb7.ovh\/wp-content\/uploads\/2021\/12\/sant-miquel-soriguerola-1-845x684.jpg 845w\" sizes=\"(max-width: 495px) 100vw, 495px\" \/><div class='big-prev-fake'><img decoding=\"async\" loading=\"lazy\" class=\"wp-image-24187 avia-img-lazy-loading-24187\"  width=\"495\" height=\"400\" src=\"https:\/\/test393.ergatesweb7.ovh\/wp-content\/uploads\/2021\/12\/sant-miquel-soriguerola-1-495x400.jpg\" title='12. FONTANALS- Sant Miquel de Soriguerola' alt='' srcset=\"https:\/\/test393.ergatesweb7.ovh\/wp-content\/uploads\/2021\/12\/sant-miquel-soriguerola-1-495x400.jpg 495w, https:\/\/test393.ergatesweb7.ovh\/wp-content\/uploads\/2021\/12\/sant-miquel-soriguerola-1-845x684.jpg 845w\" sizes=\"auto, (max-width: 495px) 100vw, 495px\" \/><\/div><\/a><a href=\"https:\/\/test393.ergatesweb7.ovh\/wp-content\/uploads\/2021\/12\/sant-miquel-soriguerola-nau-1030x687.jpg\" data-srcset=\"https:\/\/test393.ergatesweb7.ovh\/wp-content\/uploads\/2021\/12\/sant-miquel-soriguerola-nau-1030x687.jpg 1030w, https:\/\/test393.ergatesweb7.ovh\/wp-content\/uploads\/2021\/12\/sant-miquel-soriguerola-nau-300x200.jpg 300w, https:\/\/test393.ergatesweb7.ovh\/wp-content\/uploads\/2021\/12\/sant-miquel-soriguerola-nau-768x513.jpg 768w, https:\/\/test393.ergatesweb7.ovh\/wp-content\/uploads\/2021\/12\/sant-miquel-soriguerola-nau-705x470.jpg 705w, https:\/\/test393.ergatesweb7.ovh\/wp-content\/uploads\/2021\/12\/sant-miquel-soriguerola-nau.jpg 1500w\" data-sizes=\"(max-width: 1030px) 100vw, 1030px\" data-rel='gallery-1' data-prev-img='https:\/\/test393.ergatesweb7.ovh\/wp-content\/uploads\/2021\/12\/sant-miquel-soriguerola-nau-495x400.jpg' class='lightbox ' data-onclick='2' title='Coordeandes UTM: 31T 407937 4694487'  itemprop=\"thumbnailUrl\"  ><img decoding=\"async\" fetchpriority=\"high\" class=\"wp-image-24189 avia-img-lazy-loading-not-24189\"  data-avia-tooltip='Coordeandes UTM: 31T 407937 4694487' src=\"https:\/\/test393.ergatesweb7.ovh\/wp-content\/uploads\/2021\/12\/sant-miquel-soriguerola-nau-495x400.jpg\" width=\"495\" height=\"400\"  title='12. FONTANALS- Sant Miquel de Soriguerola' alt='' srcset=\"https:\/\/test393.ergatesweb7.ovh\/wp-content\/uploads\/2021\/12\/sant-miquel-soriguerola-nau-495x400.jpg 495w, https:\/\/test393.ergatesweb7.ovh\/wp-content\/uploads\/2021\/12\/sant-miquel-soriguerola-nau-845x684.jpg 845w\" sizes=\"(max-width: 495px) 100vw, 495px\" \/><div class='big-prev-fake'><img decoding=\"async\" loading=\"lazy\" class=\"wp-image-24189 avia-img-lazy-loading-24189\"  width=\"495\" height=\"400\" src=\"https:\/\/test393.ergatesweb7.ovh\/wp-content\/uploads\/2021\/12\/sant-miquel-soriguerola-nau-495x400.jpg\" title='12. FONTANALS- Sant Miquel de Soriguerola' alt='' srcset=\"https:\/\/test393.ergatesweb7.ovh\/wp-content\/uploads\/2021\/12\/sant-miquel-soriguerola-nau-495x400.jpg 495w, https:\/\/test393.ergatesweb7.ovh\/wp-content\/uploads\/2021\/12\/sant-miquel-soriguerola-nau-845x684.jpg 845w\" sizes=\"auto, (max-width: 495px) 100vw, 495px\" \/><\/div><\/a><a href=\"https:\/\/test393.ergatesweb7.ovh\/wp-content\/uploads\/2021\/12\/sant-miquel-soriguerola-pica-1030x687.jpg\" data-srcset=\"https:\/\/test393.ergatesweb7.ovh\/wp-content\/uploads\/2021\/12\/sant-miquel-soriguerola-pica-1030x687.jpg 1030w, https:\/\/test393.ergatesweb7.ovh\/wp-content\/uploads\/2021\/12\/sant-miquel-soriguerola-pica-300x200.jpg 300w, https:\/\/test393.ergatesweb7.ovh\/wp-content\/uploads\/2021\/12\/sant-miquel-soriguerola-pica-768x513.jpg 768w, https:\/\/test393.ergatesweb7.ovh\/wp-content\/uploads\/2021\/12\/sant-miquel-soriguerola-pica-705x470.jpg 705w, https:\/\/test393.ergatesweb7.ovh\/wp-content\/uploads\/2021\/12\/sant-miquel-soriguerola-pica.jpg 1500w\" data-sizes=\"(max-width: 1030px) 100vw, 1030px\" data-rel='gallery-1' data-prev-img='https:\/\/test393.ergatesweb7.ovh\/wp-content\/uploads\/2021\/12\/sant-miquel-soriguerola-pica-495x400.jpg' class='lightbox ' data-onclick='3' title='Sant Miquel Soriguerola'  itemprop=\"thumbnailUrl\"  ><img decoding=\"async\" fetchpriority=\"high\" class=\"wp-image-24191 avia-img-lazy-loading-not-24191\"  data-avia-tooltip='Sant Miquel Soriguerola' src=\"https:\/\/test393.ergatesweb7.ovh\/wp-content\/uploads\/2021\/12\/sant-miquel-soriguerola-pica-495x400.jpg\" width=\"495\" height=\"400\"  title='12. FONTANALS- Sant Miquel de Soriguerola' alt='' srcset=\"https:\/\/test393.ergatesweb7.ovh\/wp-content\/uploads\/2021\/12\/sant-miquel-soriguerola-pica-495x400.jpg 495w, https:\/\/test393.ergatesweb7.ovh\/wp-content\/uploads\/2021\/12\/sant-miquel-soriguerola-pica-845x684.jpg 845w\" sizes=\"(max-width: 495px) 100vw, 495px\" \/><div class='big-prev-fake'><img decoding=\"async\" loading=\"lazy\" class=\"wp-image-24191 avia-img-lazy-loading-24191\"  width=\"495\" height=\"400\" src=\"https:\/\/test393.ergatesweb7.ovh\/wp-content\/uploads\/2021\/12\/sant-miquel-soriguerola-pica-495x400.jpg\" title='12. FONTANALS- Sant Miquel de Soriguerola' alt='' srcset=\"https:\/\/test393.ergatesweb7.ovh\/wp-content\/uploads\/2021\/12\/sant-miquel-soriguerola-pica-495x400.jpg 495w, https:\/\/test393.ergatesweb7.ovh\/wp-content\/uploads\/2021\/12\/sant-miquel-soriguerola-pica-845x684.jpg 845w\" sizes=\"auto, (max-width: 495px) 100vw, 495px\" \/><\/div><\/a><\/div><\/div><\/div>\n<style type=\"text\/css\" data-created_by=\"avia_inline_auto\" id=\"style-css-av-13qih77-00e4eae9d0b6c138f9ba0e0aa3d8fb95\">\n.flex_column.av-13qih77-00e4eae9d0b6c138f9ba0e0aa3d8fb95{\nborder-radius:0px 0px 0px 0px;\npadding:0px 0px 0px 0px;\n}\n<\/style>\n<div  class='flex_column av-13qih77-00e4eae9d0b6c138f9ba0e0aa3d8fb95 av_one_full  avia-builder-el-5  el_after_av_one_half  el_before_av_one_half  first flex_column_div av-zero-column-padding  column-top-margin'     ><style type=\"text\/css\" data-created_by=\"avia_inline_auto\" id=\"style-css-av-kwp2dp8f-f55138033d46035ff7ae47226ad7fa00\">\n#top .hr.hr-invisible.av-kwp2dp8f-f55138033d46035ff7ae47226ad7fa00{\nheight:20px;\n}\n<\/style>\n<div  class='hr av-kwp2dp8f-f55138033d46035ff7ae47226ad7fa00 hr-invisible  avia-builder-el-6  avia-builder-el-no-sibling '><span class='hr-inner '><span class=\"hr-inner-style\"><\/span><\/span><\/div><\/div><\/p>\n\n<style type=\"text\/css\" data-created_by=\"avia_inline_auto\" id=\"style-css-av-1126jjl-b76c9739862f272a9ee56a79e5b0e9b3\">\n.flex_column.av-1126jjl-b76c9739862f272a9ee56a79e5b0e9b3{\nborder-radius:0px 0px 0px 0px;\npadding:0px 0px 0px 0px;\n}\n<\/style>\n<div  class='flex_column av-1126jjl-b76c9739862f272a9ee56a79e5b0e9b3 av_one_half  avia-builder-el-7  el_after_av_one_full  avia-builder-el-last  first flex_column_div av-zero-column-padding  column-top-margin'     ><p>\n<style type=\"text\/css\" data-created_by=\"avia_inline_auto\" id=\"style-css-av-q8qwr5-c0345fb583db532307a409cc28346d93\">\n#top .av-special-heading.av-q8qwr5-c0345fb583db532307a409cc28346d93{\npadding-bottom:10px;\n}\nbody .av-special-heading.av-q8qwr5-c0345fb583db532307a409cc28346d93 .av-special-heading-tag .heading-char{\nfont-size:25px;\n}\n.av-special-heading.av-q8qwr5-c0345fb583db532307a409cc28346d93 .av-subheading{\nfont-size:15px;\n}\n<\/style>\n<div  class='av-special-heading av-q8qwr5-c0345fb583db532307a409cc28346d93 av-special-heading-h5  avia-builder-el-8  el_before_av_image  avia-builder-el-first '><h5 class='av-special-heading-tag '  itemprop=\"headline\"  >Plan et section<\/h5><div class=\"special-heading-border\"><div class=\"special-heading-inner-border\"><\/div><\/div><\/div><br \/>\n\n<style type=\"text\/css\" data-created_by=\"avia_inline_auto\" id=\"style-css-av-kxq6hgyc-0852ca129a5501b41b5b3f29f0e769ff\">\n.avia-image-container.av-kxq6hgyc-0852ca129a5501b41b5b3f29f0e769ff img.avia_image{\nbox-shadow:none;\n}\n.avia-image-container.av-kxq6hgyc-0852ca129a5501b41b5b3f29f0e769ff .av-image-caption-overlay-center{\ncolor:#ffffff;\n}\n<\/style>\n<div  class='avia-image-container av-kxq6hgyc-0852ca129a5501b41b5b3f29f0e769ff av-styling- avia-align-center  avia-builder-el-9  el_after_av_heading  avia-builder-el-last '   itemprop=\"image\" itemscope=\"itemscope\" itemtype=\"https:\/\/schema.org\/ImageObject\" ><div class=\"avia-image-container-inner\"><div class=\"avia-image-overlay-wrap\"><img decoding=\"async\" fetchpriority=\"high\" class='wp-image-24185 avia-img-lazy-loading-not-24185 avia_image ' src=\"https:\/\/test393.ergatesweb7.ovh\/wp-content\/uploads\/2021\/12\/sant-miquel-Soriguerola.jpg\" alt='' title='sant-miquel-Soriguerola'  height=\"1377\" width=\"1500\"  itemprop=\"thumbnailUrl\" srcset=\"https:\/\/test393.ergatesweb7.ovh\/wp-content\/uploads\/2021\/12\/sant-miquel-Soriguerola.jpg 1500w, https:\/\/test393.ergatesweb7.ovh\/wp-content\/uploads\/2021\/12\/sant-miquel-Soriguerola-300x275.jpg 300w, https:\/\/test393.ergatesweb7.ovh\/wp-content\/uploads\/2021\/12\/sant-miquel-Soriguerola-1030x946.jpg 1030w, https:\/\/test393.ergatesweb7.ovh\/wp-content\/uploads\/2021\/12\/sant-miquel-Soriguerola-768x705.jpg 768w, https:\/\/test393.ergatesweb7.ovh\/wp-content\/uploads\/2021\/12\/sant-miquel-Soriguerola-705x647.jpg 705w\" sizes=\"(max-width: 1500px) 100vw, 1500px\" \/><\/div><\/div><\/div><\/p><\/div>\n","protected":false},"excerpt":{"rendered":"","protected":false},"author":3,"featured_media":23245,"parent":30639,"menu_order":50,"comment_status":"closed","ping_status":"closed","template":"","meta":{"footnotes":""},"class_list":["post-30539","page","type-page","status-publish","has-post-thumbnail","hentry"],"_links":{"self":[{"href":"https:\/\/test393.ergatesweb7.ovh\/fr\/wp-json\/wp\/v2\/pages\/30539","targetHints":{"allow":["GET"]}}],"collection":[{"href":"https:\/\/test393.ergatesweb7.ovh\/fr\/wp-json\/wp\/v2\/pages"}],"about":[{"href":"https:\/\/test393.ergatesweb7.ovh\/fr\/wp-json\/wp\/v2\/types\/page"}],"author":[{"embeddable":true,"href":"https:\/\/test393.ergatesweb7.ovh\/fr\/wp-json\/wp\/v2\/users\/3"}],"replies":[{"embeddable":true,"href":"https:\/\/test393.ergatesweb7.ovh\/fr\/wp-json\/wp\/v2\/comments?post=30539"}],"version-history":[{"count":10,"href":"https:\/\/test393.ergatesweb7.ovh\/fr\/wp-json\/wp\/v2\/pages\/30539\/revisions"}],"predecessor-version":[{"id":34886,"href":"https:\/\/test393.ergatesweb7.ovh\/fr\/wp-json\/wp\/v2\/pages\/30539\/revisions\/34886"}],"up":[{"embeddable":true,"href":"https:\/\/test393.ergatesweb7.ovh\/fr\/wp-json\/wp\/v2\/pages\/30639"}],"wp:featuredmedia":[{"embeddable":true,"href":"https:\/\/test393.ergatesweb7.ovh\/fr\/wp-json\/wp\/v2\/media\/23245"}],"wp:attachment":[{"href":"https:\/\/test393.ergatesweb7.ovh\/fr\/wp-json\/wp\/v2\/media?parent=30539"}],"curies":[{"name":"wp","href":"https:\/\/api.w.org\/{rel}","templated":true}]}}