{"id":30529,"date":"2022-04-13T09:33:46","date_gmt":"2022-04-13T07:33:46","guid":{"rendered":"https:\/\/www.cerdanya.org\/sant-marti-daravo\/"},"modified":"2022-04-28T22:51:10","modified_gmt":"2022-04-28T20:51:10","slug":"sant-marti-daravo","status":"publish","type":"page","link":"https:\/\/test393.ergatesweb7.ovh\/fr\/que-faire\/tourisme-culturel\/patrimoine-culturel\/guils-de-cerdanya\/sant-marti-daravo\/","title":{"rendered":"Sant Mart\u00ed d\u2019Arav\u00f3"},"content":{"rendered":"\n<style type=\"text\/css\" data-created_by=\"avia_inline_auto\" id=\"style-css-av-36rb4oj-ba4d95154227ed0d8a771e7152bf9e9e\">\n.flex_column.av-36rb4oj-ba4d95154227ed0d8a771e7152bf9e9e{\nborder-radius:0px 0px 0px 0px;\npadding:0px 0px 0px 0px;\n}\n<\/style>\n<div  class='flex_column av-36rb4oj-ba4d95154227ed0d8a771e7152bf9e9e av_one_half  avia-builder-el-0  el_before_av_one_half  avia-builder-el-first  first flex_column_div av-zero-column-padding  '     ><p>\n<style type=\"text\/css\" data-created_by=\"avia_inline_auto\" id=\"style-css-av-oawri8-474ff66ef285203b370671ca6319ab8a\">\n#top .av-special-heading.av-oawri8-474ff66ef285203b370671ca6319ab8a{\npadding-bottom:10px;\n}\nbody .av-special-heading.av-oawri8-474ff66ef285203b370671ca6319ab8a .av-special-heading-tag .heading-char{\nfont-size:25px;\n}\n.av-special-heading.av-oawri8-474ff66ef285203b370671ca6319ab8a .av-subheading{\nfont-size:15px;\n}\n<\/style>\n<div  class='av-special-heading av-oawri8-474ff66ef285203b370671ca6319ab8a av-special-heading-h5  avia-builder-el-1  el_before_av_textblock  avia-builder-el-first '><h5 class='av-special-heading-tag '  itemprop=\"headline\"  >Description<\/h5><div class=\"special-heading-border\"><div class=\"special-heading-inner-border\"><\/div><\/div><\/div><br \/>\n<section  class='av_textblock_section av-ksyomoyl-25f1f3c8b1a0a9b03a6473be4799410f '   itemscope=\"itemscope\" itemtype=\"https:\/\/schema.org\/CreativeWork\" ><div class='avia_textblock'  itemprop=\"text\" ><p>Le b\u00e2timent est moderne avec un plan en forme de lettre \u00ab\u00a0tau\u00a0\u00bb. La nef rectangulaire rejoignant les deux chapelles lat\u00e9rales et le chevet forme le transept. L&rsquo;espace du transept est couvert d&rsquo;une vo\u00fbte \u00e0 quatre pointes sur arcs h\u00e9misph\u00e9riques qui d\u00e9limitent l&rsquo;espace des chapelles, de l&rsquo;autel et de la nef. Elle est pr\u00e9sid\u00e9e par Saint Martin \u00e0 cheval dans un relief travaill\u00e9 \u00e0 l&rsquo;int\u00e9rieur d&rsquo;une niche.<\/p>\n<p>La porte d&rsquo;acc\u00e8s est \u00e0 l&rsquo;est surmont\u00e9e d&rsquo;un clocher \u00e0 un seul oeil.<\/p>\n<\/div><\/section><\/p><\/div>\n<style type=\"text\/css\" data-created_by=\"avia_inline_auto\" id=\"style-css-av-2coqnf7-fe66bdd07c1c8428c9bfcd41c861e712\">\n.flex_column.av-2coqnf7-fe66bdd07c1c8428c9bfcd41c861e712{\nborder-radius:0px 0px 0px 0px;\npadding:0px 0px 0px 0px;\n}\n<\/style>\n<div  class='flex_column av-2coqnf7-fe66bdd07c1c8428c9bfcd41c861e712 av_one_half  avia-builder-el-3  el_after_av_one_half  avia-builder-el-last  flex_column_div av-zero-column-padding  '     ><style type=\"text\/css\" data-created_by=\"avia_inline_auto\" id=\"style-css-av-29ooh4j-64eeecadc42c3532a3007264cbf26a82\">\n#top .avia-gallery.av-29ooh4j-64eeecadc42c3532a3007264cbf26a82 .avia-gallery-thumb a{\nwidth:20%;\n}\n<\/style>\n<div  class='avia-gallery av-29ooh4j-64eeecadc42c3532a3007264cbf26a82 avia_animate_when_visible  avia-builder-el-4  avia-builder-el-no-sibling  avia_lazyload av-slideshow-ui av-loop-manual-endless av-control-hidden av-navigate-arrows av-navigate-dots hover-effect av-control-hidden avia-gallery-animate avia-gallery-1'  itemprop=\"image\" itemscope=\"itemscope\" itemtype=\"https:\/\/schema.org\/ImageObject\" ><meta itemprop=\"contentURL\" content=\"https:\/\/test393.ergatesweb7.ovh\/fr\/que-faire\/tourisme-culturel\/patrimoine-culturel\/guils-de-cerdanya\/sant-marti-daravo\/\"><div class='avia-gallery-big-wrapper'><a class='avia-gallery-big fakeLightbox lightbox avia-gallery-big-crop-thumb ' href=\"https:\/\/test393.ergatesweb7.ovh\/wp-content\/uploads\/2021\/12\/sant-marti-aravo-1030x687.jpg\" data-srcset=\"https:\/\/test393.ergatesweb7.ovh\/wp-content\/uploads\/2021\/12\/sant-marti-aravo-1030x687.jpg 1030w, https:\/\/test393.ergatesweb7.ovh\/wp-content\/uploads\/2021\/12\/sant-marti-aravo-300x200.jpg 300w, https:\/\/test393.ergatesweb7.ovh\/wp-content\/uploads\/2021\/12\/sant-marti-aravo-768x512.jpg 768w, https:\/\/test393.ergatesweb7.ovh\/wp-content\/uploads\/2021\/12\/sant-marti-aravo-705x470.jpg 705w, https:\/\/test393.ergatesweb7.ovh\/wp-content\/uploads\/2021\/12\/sant-marti-aravo.jpg 1500w\" data-sizes=\"(max-width: 1030px) 100vw, 1030px\"  data-onclick='1' title='Sant Mart\u00ed d&rsquo;Arav\u00f3' ><span class='avia-gallery-big-inner'  itemprop=\"thumbnailUrl\" ><img decoding=\"async\" fetchpriority=\"high\" class=\"wp-image-24243 avia-img-lazy-loading-not-24243\"  width=\"495\" height=\"400\" src=\"https:\/\/test393.ergatesweb7.ovh\/wp-content\/uploads\/2021\/12\/sant-marti-aravo-495x400.jpg\" title='GUILS- Sant Marti\u0301 d\u2019Aravo\u0301' alt='' srcset=\"https:\/\/test393.ergatesweb7.ovh\/wp-content\/uploads\/2021\/12\/sant-marti-aravo-495x400.jpg 495w, https:\/\/test393.ergatesweb7.ovh\/wp-content\/uploads\/2021\/12\/sant-marti-aravo-845x684.jpg 845w\" sizes=\"(max-width: 495px) 100vw, 495px\" \/><span class='avia-gallery-caption'>Sant Mart\u00ed d&rsquo;Arav\u00f3<\/span><\/span><\/a><\/div><div class='avia-gallery-thumb'><a href=\"https:\/\/test393.ergatesweb7.ovh\/wp-content\/uploads\/2021\/12\/sant-marti-aravo-1030x687.jpg\" data-srcset=\"https:\/\/test393.ergatesweb7.ovh\/wp-content\/uploads\/2021\/12\/sant-marti-aravo-1030x687.jpg 1030w, https:\/\/test393.ergatesweb7.ovh\/wp-content\/uploads\/2021\/12\/sant-marti-aravo-300x200.jpg 300w, https:\/\/test393.ergatesweb7.ovh\/wp-content\/uploads\/2021\/12\/sant-marti-aravo-768x512.jpg 768w, https:\/\/test393.ergatesweb7.ovh\/wp-content\/uploads\/2021\/12\/sant-marti-aravo-705x470.jpg 705w, https:\/\/test393.ergatesweb7.ovh\/wp-content\/uploads\/2021\/12\/sant-marti-aravo.jpg 1500w\" data-sizes=\"(max-width: 1030px) 100vw, 1030px\" data-rel='gallery-1' data-prev-img='https:\/\/test393.ergatesweb7.ovh\/wp-content\/uploads\/2021\/12\/sant-marti-aravo-495x400.jpg' class='first_thumb lightbox ' data-onclick='1' title='Sant Mart\u00ed d&rsquo;Arav\u00f3'  itemprop=\"thumbnailUrl\"  ><img decoding=\"async\" fetchpriority=\"high\" class=\"wp-image-24243 avia-img-lazy-loading-not-24243\"  data-avia-tooltip='Sant Mart\u00ed d&rsquo;Arav\u00f3' src=\"https:\/\/test393.ergatesweb7.ovh\/wp-content\/uploads\/2021\/12\/sant-marti-aravo-495x400.jpg\" width=\"495\" height=\"400\"  title='GUILS- Sant Marti\u0301 d\u2019Aravo\u0301' alt='' srcset=\"https:\/\/test393.ergatesweb7.ovh\/wp-content\/uploads\/2021\/12\/sant-marti-aravo-495x400.jpg 495w, https:\/\/test393.ergatesweb7.ovh\/wp-content\/uploads\/2021\/12\/sant-marti-aravo-845x684.jpg 845w\" sizes=\"(max-width: 495px) 100vw, 495px\" \/><div class='big-prev-fake'><img decoding=\"async\" loading=\"lazy\" class=\"wp-image-24243 avia-img-lazy-loading-24243\"  width=\"495\" height=\"400\" src=\"https:\/\/test393.ergatesweb7.ovh\/wp-content\/uploads\/2021\/12\/sant-marti-aravo-495x400.jpg\" title='GUILS- Sant Marti\u0301 d\u2019Aravo\u0301' alt='' srcset=\"https:\/\/test393.ergatesweb7.ovh\/wp-content\/uploads\/2021\/12\/sant-marti-aravo-495x400.jpg 495w, https:\/\/test393.ergatesweb7.ovh\/wp-content\/uploads\/2021\/12\/sant-marti-aravo-845x684.jpg 845w\" sizes=\"auto, (max-width: 495px) 100vw, 495px\" \/><\/div><\/a><a href=\"https:\/\/test393.ergatesweb7.ovh\/wp-content\/uploads\/2021\/12\/sant-marti-aravo-verge-1030x702.jpg\" data-srcset=\"https:\/\/test393.ergatesweb7.ovh\/wp-content\/uploads\/2021\/12\/sant-marti-aravo-verge-1030x702.jpg 1030w, https:\/\/test393.ergatesweb7.ovh\/wp-content\/uploads\/2021\/12\/sant-marti-aravo-verge-300x204.jpg 300w, https:\/\/test393.ergatesweb7.ovh\/wp-content\/uploads\/2021\/12\/sant-marti-aravo-verge-768x523.jpg 768w, https:\/\/test393.ergatesweb7.ovh\/wp-content\/uploads\/2021\/12\/sant-marti-aravo-verge-705x480.jpg 705w, https:\/\/test393.ergatesweb7.ovh\/wp-content\/uploads\/2021\/12\/sant-marti-aravo-verge.jpg 1500w\" data-sizes=\"(max-width: 1030px) 100vw, 1030px\" data-rel='gallery-1' data-prev-img='https:\/\/test393.ergatesweb7.ovh\/wp-content\/uploads\/2021\/12\/sant-marti-aravo-verge-495x400.jpg' class='lightbox ' data-onclick='2' title='Sant Mart\u00ed d&rsquo;Arav\u00f3'  itemprop=\"thumbnailUrl\"  ><img decoding=\"async\" fetchpriority=\"high\" class=\"wp-image-24245 avia-img-lazy-loading-not-24245\"  data-avia-tooltip='Sant Mart\u00ed d&rsquo;Arav\u00f3' src=\"https:\/\/test393.ergatesweb7.ovh\/wp-content\/uploads\/2021\/12\/sant-marti-aravo-verge-495x400.jpg\" width=\"495\" height=\"400\"  title='GUILS- Sant Marti\u0301 d\u2019Aravo\u0301' alt='' srcset=\"https:\/\/test393.ergatesweb7.ovh\/wp-content\/uploads\/2021\/12\/sant-marti-aravo-verge-495x400.jpg 495w, https:\/\/test393.ergatesweb7.ovh\/wp-content\/uploads\/2021\/12\/sant-marti-aravo-verge-845x684.jpg 845w\" sizes=\"(max-width: 495px) 100vw, 495px\" \/><div class='big-prev-fake'><img decoding=\"async\" loading=\"lazy\" class=\"wp-image-24245 avia-img-lazy-loading-24245\"  width=\"495\" height=\"400\" src=\"https:\/\/test393.ergatesweb7.ovh\/wp-content\/uploads\/2021\/12\/sant-marti-aravo-verge-495x400.jpg\" title='GUILS- Sant Marti\u0301 d\u2019Aravo\u0301' alt='' srcset=\"https:\/\/test393.ergatesweb7.ovh\/wp-content\/uploads\/2021\/12\/sant-marti-aravo-verge-495x400.jpg 495w, https:\/\/test393.ergatesweb7.ovh\/wp-content\/uploads\/2021\/12\/sant-marti-aravo-verge-845x684.jpg 845w\" sizes=\"auto, (max-width: 495px) 100vw, 495px\" \/><\/div><\/a><a href=\"https:\/\/test393.ergatesweb7.ovh\/wp-content\/uploads\/2021\/12\/sant-marti-aravo-pintura-1030x687.jpg\" data-srcset=\"https:\/\/test393.ergatesweb7.ovh\/wp-content\/uploads\/2021\/12\/sant-marti-aravo-pintura-1030x687.jpg 1030w, https:\/\/test393.ergatesweb7.ovh\/wp-content\/uploads\/2021\/12\/sant-marti-aravo-pintura-300x200.jpg 300w, https:\/\/test393.ergatesweb7.ovh\/wp-content\/uploads\/2021\/12\/sant-marti-aravo-pintura-768x512.jpg 768w, https:\/\/test393.ergatesweb7.ovh\/wp-content\/uploads\/2021\/12\/sant-marti-aravo-pintura-705x470.jpg 705w, https:\/\/test393.ergatesweb7.ovh\/wp-content\/uploads\/2021\/12\/sant-marti-aravo-pintura.jpg 1500w\" data-sizes=\"(max-width: 1030px) 100vw, 1030px\" data-rel='gallery-1' data-prev-img='https:\/\/test393.ergatesweb7.ovh\/wp-content\/uploads\/2021\/12\/sant-marti-aravo-pintura-495x400.jpg' class='lightbox ' data-onclick='3' title='Sant Mart\u00ed d&rsquo;Arav\u00f3'  itemprop=\"thumbnailUrl\"  ><img decoding=\"async\" fetchpriority=\"high\" class=\"wp-image-24247 avia-img-lazy-loading-not-24247\"  data-avia-tooltip='Sant Mart\u00ed d&rsquo;Arav\u00f3' src=\"https:\/\/test393.ergatesweb7.ovh\/wp-content\/uploads\/2021\/12\/sant-marti-aravo-pintura-495x400.jpg\" width=\"495\" height=\"400\"  title='Sant Marti\u0301 d\u2019Aravo\u0301' alt='' srcset=\"https:\/\/test393.ergatesweb7.ovh\/wp-content\/uploads\/2021\/12\/sant-marti-aravo-pintura-495x400.jpg 495w, https:\/\/test393.ergatesweb7.ovh\/wp-content\/uploads\/2021\/12\/sant-marti-aravo-pintura-845x684.jpg 845w\" sizes=\"(max-width: 495px) 100vw, 495px\" \/><div class='big-prev-fake'><img decoding=\"async\" loading=\"lazy\" class=\"wp-image-24247 avia-img-lazy-loading-24247\"  width=\"495\" height=\"400\" src=\"https:\/\/test393.ergatesweb7.ovh\/wp-content\/uploads\/2021\/12\/sant-marti-aravo-pintura-495x400.jpg\" title='Sant Marti\u0301 d\u2019Aravo\u0301' alt='' srcset=\"https:\/\/test393.ergatesweb7.ovh\/wp-content\/uploads\/2021\/12\/sant-marti-aravo-pintura-495x400.jpg 495w, https:\/\/test393.ergatesweb7.ovh\/wp-content\/uploads\/2021\/12\/sant-marti-aravo-pintura-845x684.jpg 845w\" sizes=\"auto, (max-width: 495px) 100vw, 495px\" \/><\/div><\/a><a href=\"https:\/\/test393.ergatesweb7.ovh\/wp-content\/uploads\/2021\/12\/sant-marti-aravo-altar-1030x687.jpg\" data-srcset=\"https:\/\/test393.ergatesweb7.ovh\/wp-content\/uploads\/2021\/12\/sant-marti-aravo-altar-1030x687.jpg 1030w, https:\/\/test393.ergatesweb7.ovh\/wp-content\/uploads\/2021\/12\/sant-marti-aravo-altar-300x200.jpg 300w, https:\/\/test393.ergatesweb7.ovh\/wp-content\/uploads\/2021\/12\/sant-marti-aravo-altar-768x512.jpg 768w, https:\/\/test393.ergatesweb7.ovh\/wp-content\/uploads\/2021\/12\/sant-marti-aravo-altar-705x470.jpg 705w, https:\/\/test393.ergatesweb7.ovh\/wp-content\/uploads\/2021\/12\/sant-marti-aravo-altar.jpg 1500w\" data-sizes=\"(max-width: 1030px) 100vw, 1030px\" data-rel='gallery-1' data-prev-img='https:\/\/test393.ergatesweb7.ovh\/wp-content\/uploads\/2021\/12\/sant-marti-aravo-altar-495x400.jpg' class='lightbox ' data-onclick='4' title='Sant Mart\u00ed d&rsquo;Arav\u00f3'  itemprop=\"thumbnailUrl\"  ><img decoding=\"async\" fetchpriority=\"high\" class=\"wp-image-24249 avia-img-lazy-loading-not-24249\"  data-avia-tooltip='Sant Mart\u00ed d&rsquo;Arav\u00f3' src=\"https:\/\/test393.ergatesweb7.ovh\/wp-content\/uploads\/2021\/12\/sant-marti-aravo-altar-495x400.jpg\" width=\"495\" height=\"400\"  title='GUILS- Sant Marti\u0301 d\u2019Aravo\u0301' alt='' srcset=\"https:\/\/test393.ergatesweb7.ovh\/wp-content\/uploads\/2021\/12\/sant-marti-aravo-altar-495x400.jpg 495w, https:\/\/test393.ergatesweb7.ovh\/wp-content\/uploads\/2021\/12\/sant-marti-aravo-altar-845x684.jpg 845w\" sizes=\"(max-width: 495px) 100vw, 495px\" \/><div class='big-prev-fake'><img decoding=\"async\" loading=\"lazy\" class=\"wp-image-24249 avia-img-lazy-loading-24249\"  width=\"495\" height=\"400\" src=\"https:\/\/test393.ergatesweb7.ovh\/wp-content\/uploads\/2021\/12\/sant-marti-aravo-altar-495x400.jpg\" title='GUILS- Sant Marti\u0301 d\u2019Aravo\u0301' alt='' srcset=\"https:\/\/test393.ergatesweb7.ovh\/wp-content\/uploads\/2021\/12\/sant-marti-aravo-altar-495x400.jpg 495w, https:\/\/test393.ergatesweb7.ovh\/wp-content\/uploads\/2021\/12\/sant-marti-aravo-altar-845x684.jpg 845w\" sizes=\"auto, (max-width: 495px) 100vw, 495px\" \/><\/div><\/a><a href=\"https:\/\/test393.ergatesweb7.ovh\/wp-content\/uploads\/2021\/12\/sant-marti-aravo-lateral-1030x687.jpg\" data-srcset=\"https:\/\/test393.ergatesweb7.ovh\/wp-content\/uploads\/2021\/12\/sant-marti-aravo-lateral-1030x687.jpg 1030w, https:\/\/test393.ergatesweb7.ovh\/wp-content\/uploads\/2021\/12\/sant-marti-aravo-lateral-300x200.jpg 300w, https:\/\/test393.ergatesweb7.ovh\/wp-content\/uploads\/2021\/12\/sant-marti-aravo-lateral-768x512.jpg 768w, https:\/\/test393.ergatesweb7.ovh\/wp-content\/uploads\/2021\/12\/sant-marti-aravo-lateral-705x470.jpg 705w, https:\/\/test393.ergatesweb7.ovh\/wp-content\/uploads\/2021\/12\/sant-marti-aravo-lateral.jpg 1500w\" data-sizes=\"(max-width: 1030px) 100vw, 1030px\" data-rel='gallery-1' data-prev-img='https:\/\/test393.ergatesweb7.ovh\/wp-content\/uploads\/2021\/12\/sant-marti-aravo-lateral-495x400.jpg' class='lightbox ' data-onclick='5' title='Sant Mart\u00ed d&rsquo;Arav\u00f3'  itemprop=\"thumbnailUrl\"  ><img decoding=\"async\" fetchpriority=\"high\" class=\"wp-image-24251 avia-img-lazy-loading-not-24251\"  data-avia-tooltip='Sant Mart\u00ed d&rsquo;Arav\u00f3' src=\"https:\/\/test393.ergatesweb7.ovh\/wp-content\/uploads\/2021\/12\/sant-marti-aravo-lateral-495x400.jpg\" width=\"495\" height=\"400\"  title='GUILS- Sant Marti\u0301 d\u2019Aravo\u0301' alt='' srcset=\"https:\/\/test393.ergatesweb7.ovh\/wp-content\/uploads\/2021\/12\/sant-marti-aravo-lateral-495x400.jpg 495w, https:\/\/test393.ergatesweb7.ovh\/wp-content\/uploads\/2021\/12\/sant-marti-aravo-lateral-845x684.jpg 845w\" sizes=\"(max-width: 495px) 100vw, 495px\" \/><div class='big-prev-fake'><img decoding=\"async\" loading=\"lazy\" class=\"wp-image-24251 avia-img-lazy-loading-24251\"  width=\"495\" height=\"400\" src=\"https:\/\/test393.ergatesweb7.ovh\/wp-content\/uploads\/2021\/12\/sant-marti-aravo-lateral-495x400.jpg\" title='GUILS- Sant Marti\u0301 d\u2019Aravo\u0301' alt='' srcset=\"https:\/\/test393.ergatesweb7.ovh\/wp-content\/uploads\/2021\/12\/sant-marti-aravo-lateral-495x400.jpg 495w, https:\/\/test393.ergatesweb7.ovh\/wp-content\/uploads\/2021\/12\/sant-marti-aravo-lateral-845x684.jpg 845w\" sizes=\"auto, (max-width: 495px) 100vw, 495px\" \/><\/div><\/a><a href=\"https:\/\/test393.ergatesweb7.ovh\/wp-content\/uploads\/2021\/12\/sant-marti-aravo-darrera-1030x687.jpg\" data-srcset=\"https:\/\/test393.ergatesweb7.ovh\/wp-content\/uploads\/2021\/12\/sant-marti-aravo-darrera-1030x687.jpg 1030w, https:\/\/test393.ergatesweb7.ovh\/wp-content\/uploads\/2021\/12\/sant-marti-aravo-darrera-300x200.jpg 300w, https:\/\/test393.ergatesweb7.ovh\/wp-content\/uploads\/2021\/12\/sant-marti-aravo-darrera-768x512.jpg 768w, https:\/\/test393.ergatesweb7.ovh\/wp-content\/uploads\/2021\/12\/sant-marti-aravo-darrera-705x470.jpg 705w, https:\/\/test393.ergatesweb7.ovh\/wp-content\/uploads\/2021\/12\/sant-marti-aravo-darrera.jpg 1500w\" data-sizes=\"(max-width: 1030px) 100vw, 1030px\" data-rel='gallery-1' data-prev-img='https:\/\/test393.ergatesweb7.ovh\/wp-content\/uploads\/2021\/12\/sant-marti-aravo-darrera-495x400.jpg' class='first_thumb lightbox ' data-onclick='6' title='Sant Mart\u00ed d&rsquo;Arav\u00f3'  itemprop=\"thumbnailUrl\"  ><img decoding=\"async\" fetchpriority=\"high\" class=\"wp-image-24253 avia-img-lazy-loading-not-24253\"  data-avia-tooltip='Sant Mart\u00ed d&rsquo;Arav\u00f3' src=\"https:\/\/test393.ergatesweb7.ovh\/wp-content\/uploads\/2021\/12\/sant-marti-aravo-darrera-495x400.jpg\" width=\"495\" height=\"400\"  title='GUILS- Sant Marti\u0301 d\u2019Aravo\u0301' alt='' srcset=\"https:\/\/test393.ergatesweb7.ovh\/wp-content\/uploads\/2021\/12\/sant-marti-aravo-darrera-495x400.jpg 495w, https:\/\/test393.ergatesweb7.ovh\/wp-content\/uploads\/2021\/12\/sant-marti-aravo-darrera-845x684.jpg 845w\" sizes=\"(max-width: 495px) 100vw, 495px\" \/><div class='big-prev-fake'><img decoding=\"async\" loading=\"lazy\" class=\"wp-image-24253 avia-img-lazy-loading-24253\"  width=\"495\" height=\"400\" src=\"https:\/\/test393.ergatesweb7.ovh\/wp-content\/uploads\/2021\/12\/sant-marti-aravo-darrera-495x400.jpg\" title='GUILS- Sant Marti\u0301 d\u2019Aravo\u0301' alt='' srcset=\"https:\/\/test393.ergatesweb7.ovh\/wp-content\/uploads\/2021\/12\/sant-marti-aravo-darrera-495x400.jpg 495w, https:\/\/test393.ergatesweb7.ovh\/wp-content\/uploads\/2021\/12\/sant-marti-aravo-darrera-845x684.jpg 845w\" sizes=\"auto, (max-width: 495px) 100vw, 495px\" \/><\/div><\/a><a href=\"https:\/\/test393.ergatesweb7.ovh\/wp-content\/uploads\/2021\/12\/sant-marti-aravo-talla-1030x687.jpg\" data-srcset=\"https:\/\/test393.ergatesweb7.ovh\/wp-content\/uploads\/2021\/12\/sant-marti-aravo-talla-1030x687.jpg 1030w, https:\/\/test393.ergatesweb7.ovh\/wp-content\/uploads\/2021\/12\/sant-marti-aravo-talla-300x200.jpg 300w, https:\/\/test393.ergatesweb7.ovh\/wp-content\/uploads\/2021\/12\/sant-marti-aravo-talla-768x512.jpg 768w, https:\/\/test393.ergatesweb7.ovh\/wp-content\/uploads\/2021\/12\/sant-marti-aravo-talla-705x470.jpg 705w, https:\/\/test393.ergatesweb7.ovh\/wp-content\/uploads\/2021\/12\/sant-marti-aravo-talla.jpg 1500w\" data-sizes=\"(max-width: 1030px) 100vw, 1030px\" data-rel='gallery-1' data-prev-img='https:\/\/test393.ergatesweb7.ovh\/wp-content\/uploads\/2021\/12\/sant-marti-aravo-talla-495x400.jpg' class='lightbox ' data-onclick='7' title='Sant Mart\u00ed d&rsquo;Arav\u00f3'  itemprop=\"thumbnailUrl\"  ><img decoding=\"async\" fetchpriority=\"high\" class=\"wp-image-24255 avia-img-lazy-loading-not-24255\"  data-avia-tooltip='Sant Mart\u00ed d&rsquo;Arav\u00f3' src=\"https:\/\/test393.ergatesweb7.ovh\/wp-content\/uploads\/2021\/12\/sant-marti-aravo-talla-495x400.jpg\" width=\"495\" height=\"400\"  title='GUILS- Sant Marti\u0301 d\u2019Aravo\u0301' alt='' srcset=\"https:\/\/test393.ergatesweb7.ovh\/wp-content\/uploads\/2021\/12\/sant-marti-aravo-talla-495x400.jpg 495w, https:\/\/test393.ergatesweb7.ovh\/wp-content\/uploads\/2021\/12\/sant-marti-aravo-talla-845x684.jpg 845w\" sizes=\"(max-width: 495px) 100vw, 495px\" \/><div class='big-prev-fake'><img decoding=\"async\" loading=\"lazy\" class=\"wp-image-24255 avia-img-lazy-loading-24255\"  width=\"495\" height=\"400\" src=\"https:\/\/test393.ergatesweb7.ovh\/wp-content\/uploads\/2021\/12\/sant-marti-aravo-talla-495x400.jpg\" title='GUILS- Sant Marti\u0301 d\u2019Aravo\u0301' alt='' srcset=\"https:\/\/test393.ergatesweb7.ovh\/wp-content\/uploads\/2021\/12\/sant-marti-aravo-talla-495x400.jpg 495w, https:\/\/test393.ergatesweb7.ovh\/wp-content\/uploads\/2021\/12\/sant-marti-aravo-talla-845x684.jpg 845w\" sizes=\"auto, (max-width: 495px) 100vw, 495px\" \/><\/div><\/a><a href=\"https:\/\/test393.ergatesweb7.ovh\/wp-content\/uploads\/2021\/12\/sant-marti-aravo-pica-1030x687.jpg\" data-srcset=\"https:\/\/test393.ergatesweb7.ovh\/wp-content\/uploads\/2021\/12\/sant-marti-aravo-pica-1030x687.jpg 1030w, https:\/\/test393.ergatesweb7.ovh\/wp-content\/uploads\/2021\/12\/sant-marti-aravo-pica-300x200.jpg 300w, https:\/\/test393.ergatesweb7.ovh\/wp-content\/uploads\/2021\/12\/sant-marti-aravo-pica-768x512.jpg 768w, https:\/\/test393.ergatesweb7.ovh\/wp-content\/uploads\/2021\/12\/sant-marti-aravo-pica-705x470.jpg 705w, https:\/\/test393.ergatesweb7.ovh\/wp-content\/uploads\/2021\/12\/sant-marti-aravo-pica.jpg 1500w\" data-sizes=\"(max-width: 1030px) 100vw, 1030px\" data-rel='gallery-1' data-prev-img='https:\/\/test393.ergatesweb7.ovh\/wp-content\/uploads\/2021\/12\/sant-marti-aravo-pica-495x400.jpg' class='lightbox ' data-onclick='8' title='Sant Mart\u00ed d&rsquo;Arav\u00f3'  itemprop=\"thumbnailUrl\"  ><img decoding=\"async\" fetchpriority=\"high\" class=\"wp-image-24257 avia-img-lazy-loading-not-24257\"  data-avia-tooltip='Sant Mart\u00ed d&rsquo;Arav\u00f3' src=\"https:\/\/test393.ergatesweb7.ovh\/wp-content\/uploads\/2021\/12\/sant-marti-aravo-pica-495x400.jpg\" width=\"495\" height=\"400\"  title='GUILS- Sant Marti\u0301 d\u2019Aravo\u0301' alt='' srcset=\"https:\/\/test393.ergatesweb7.ovh\/wp-content\/uploads\/2021\/12\/sant-marti-aravo-pica-495x400.jpg 495w, https:\/\/test393.ergatesweb7.ovh\/wp-content\/uploads\/2021\/12\/sant-marti-aravo-pica-845x684.jpg 845w\" sizes=\"(max-width: 495px) 100vw, 495px\" \/><div class='big-prev-fake'><img decoding=\"async\" loading=\"lazy\" class=\"wp-image-24257 avia-img-lazy-loading-24257\"  width=\"495\" height=\"400\" src=\"https:\/\/test393.ergatesweb7.ovh\/wp-content\/uploads\/2021\/12\/sant-marti-aravo-pica-495x400.jpg\" title='GUILS- Sant Marti\u0301 d\u2019Aravo\u0301' alt='' srcset=\"https:\/\/test393.ergatesweb7.ovh\/wp-content\/uploads\/2021\/12\/sant-marti-aravo-pica-495x400.jpg 495w, https:\/\/test393.ergatesweb7.ovh\/wp-content\/uploads\/2021\/12\/sant-marti-aravo-pica-845x684.jpg 845w\" sizes=\"auto, (max-width: 495px) 100vw, 495px\" \/><\/div><\/a><\/div><\/div><\/div><\/p>\n","protected":false},"excerpt":{"rendered":"","protected":false},"author":3,"featured_media":23249,"parent":30633,"menu_order":20,"comment_status":"closed","ping_status":"closed","template":"","meta":{"footnotes":""},"class_list":["post-30529","page","type-page","status-publish","has-post-thumbnail","hentry"],"_links":{"self":[{"href":"https:\/\/test393.ergatesweb7.ovh\/fr\/wp-json\/wp\/v2\/pages\/30529","targetHints":{"allow":["GET"]}}],"collection":[{"href":"https:\/\/test393.ergatesweb7.ovh\/fr\/wp-json\/wp\/v2\/pages"}],"about":[{"href":"https:\/\/test393.ergatesweb7.ovh\/fr\/wp-json\/wp\/v2\/types\/page"}],"author":[{"embeddable":true,"href":"https:\/\/test393.ergatesweb7.ovh\/fr\/wp-json\/wp\/v2\/users\/3"}],"replies":[{"embeddable":true,"href":"https:\/\/test393.ergatesweb7.ovh\/fr\/wp-json\/wp\/v2\/comments?post=30529"}],"version-history":[{"count":4,"href":"https:\/\/test393.ergatesweb7.ovh\/fr\/wp-json\/wp\/v2\/pages\/30529\/revisions"}],"predecessor-version":[{"id":34947,"href":"https:\/\/test393.ergatesweb7.ovh\/fr\/wp-json\/wp\/v2\/pages\/30529\/revisions\/34947"}],"up":[{"embeddable":true,"href":"https:\/\/test393.ergatesweb7.ovh\/fr\/wp-json\/wp\/v2\/pages\/30633"}],"wp:featuredmedia":[{"embeddable":true,"href":"https:\/\/test393.ergatesweb7.ovh\/fr\/wp-json\/wp\/v2\/media\/23249"}],"wp:attachment":[{"href":"https:\/\/test393.ergatesweb7.ovh\/fr\/wp-json\/wp\/v2\/media?parent=30529"}],"curies":[{"name":"wp","href":"https:\/\/api.w.org\/{rel}","templated":true}]}}