{"id":30509,"date":"2022-04-12T18:59:34","date_gmt":"2022-04-12T16:59:34","guid":{"rendered":"https:\/\/www.cerdanya.org\/santa-llucia-de-coborriu-de-la-llosa\/"},"modified":"2022-04-28T22:54:30","modified_gmt":"2022-04-28T20:54:30","slug":"santa-llucia-de-coborriu-de-la-llosa","status":"publish","type":"page","link":"https:\/\/test393.ergatesweb7.ovh\/fr\/que-faire\/tourisme-culturel\/patrimoine-culturel\/lles-de-cerdanya\/santa-llucia-de-coborriu-de-la-llosa\/","title":{"rendered":"Santa Ll\u00facia de Coborriu de la Llosa"},"content":{"rendered":"\n<style type=\"text\/css\" data-created_by=\"avia_inline_auto\" id=\"style-css-av-36rb4oj-ba4d95154227ed0d8a771e7152bf9e9e\">\n.flex_column.av-36rb4oj-ba4d95154227ed0d8a771e7152bf9e9e{\nborder-radius:0px 0px 0px 0px;\npadding:0px 0px 0px 0px;\n}\n<\/style>\n<div  class='flex_column av-36rb4oj-ba4d95154227ed0d8a771e7152bf9e9e av_one_half  avia-builder-el-0  el_before_av_one_half  avia-builder-el-first  first flex_column_div av-zero-column-padding  '     ><p>\n<style type=\"text\/css\" data-created_by=\"avia_inline_auto\" id=\"style-css-av-p0t4ca-287d8f514210f62b87a8e03e9a970d74\">\n#top .av-special-heading.av-p0t4ca-287d8f514210f62b87a8e03e9a970d74{\npadding-bottom:10px;\n}\nbody .av-special-heading.av-p0t4ca-287d8f514210f62b87a8e03e9a970d74 .av-special-heading-tag .heading-char{\nfont-size:25px;\n}\n.av-special-heading.av-p0t4ca-287d8f514210f62b87a8e03e9a970d74 .av-subheading{\nfont-size:15px;\n}\n<\/style>\n<div  class='av-special-heading av-p0t4ca-287d8f514210f62b87a8e03e9a970d74 av-special-heading-h5  avia-builder-el-1  el_before_av_textblock  avia-builder-el-first '><h5 class='av-special-heading-tag '  itemprop=\"headline\"  >Description<\/h5><div class=\"special-heading-border\"><div class=\"special-heading-inner-border\"><\/div><\/div><\/div><br \/>\n<section  class='av_textblock_section av-ksyomoyl-25f1f3c8b1a0a9b03a6473be4799410f '   itemscope=\"itemscope\" itemtype=\"https:\/\/schema.org\/CreativeWork\" ><div class='avia_textblock'  itemprop=\"text\" ><p>L&rsquo;\u00e9glise est un \u00e9difice du XVIe ou XVIIe si\u00e8cle. Elle poss\u00e8de une nef unique couverte d&rsquo;une vo\u00fbte en plein cintre et d&rsquo;un clocher \u00e0 deux \u0153illets. La porte se trouve sur la fa\u00e7ade ouest, au-dessus de laquelle s&rsquo;ouvre une fen\u00eatre en forme d&rsquo;oeil-de-boeuf. Accol\u00e9 au chevet, se trouve un corps de plan carr\u00e9, qui fait office de sacristie, recouvert d&rsquo;une vo\u00fbte en berceau. La fa\u00e7ade, diff\u00e9rente de celle de l&rsquo;\u00e9glise et son emplacement asym\u00e9trique, sugg\u00e8rent qu&rsquo;il s&rsquo;agit d&rsquo;un b\u00e2timent ant\u00e9rieur assimil\u00e9 au b\u00e2timent principal, avec des caract\u00e9ristiques similaires aux vestiges pr\u00e9romans de la chapelle voisine de Sant Quint\u00ed d&rsquo;Ard\u00f2vol.<\/p>\n<p>Elle conserve les fonts baptismaux en granit dans une pi\u00e8ce d&rsquo;ouvrage couverte et un c\u0153ur en bois.<\/p>\n<\/div><\/section><\/p><\/div>\n<style type=\"text\/css\" data-created_by=\"avia_inline_auto\" id=\"style-css-av-2coqnf7-fe66bdd07c1c8428c9bfcd41c861e712\">\n.flex_column.av-2coqnf7-fe66bdd07c1c8428c9bfcd41c861e712{\nborder-radius:0px 0px 0px 0px;\npadding:0px 0px 0px 0px;\n}\n<\/style>\n<div  class='flex_column av-2coqnf7-fe66bdd07c1c8428c9bfcd41c861e712 av_one_half  avia-builder-el-3  el_after_av_one_half  avia-builder-el-last  flex_column_div av-zero-column-padding  '     ><style type=\"text\/css\" data-created_by=\"avia_inline_auto\" id=\"style-css-av-29ooh4j-a278e13d46f05a43042fc242c5f53dd1\">\n#top .avia-gallery.av-29ooh4j-a278e13d46f05a43042fc242c5f53dd1 .avia-gallery-thumb a{\nwidth:20%;\n}\n<\/style>\n<div  class='avia-gallery av-29ooh4j-a278e13d46f05a43042fc242c5f53dd1 avia_animate_when_visible  avia-builder-el-4  avia-builder-el-no-sibling  avia_lazyload av-slideshow-ui av-loop-manual-endless av-control-hidden av-navigate-arrows av-navigate-dots hover-effect av-control-hidden avia-gallery-animate avia-gallery-1'  itemprop=\"image\" itemscope=\"itemscope\" itemtype=\"https:\/\/schema.org\/ImageObject\" ><meta itemprop=\"contentURL\" content=\"https:\/\/test393.ergatesweb7.ovh\/fr\/que-faire\/tourisme-culturel\/patrimoine-culturel\/lles-de-cerdanya\/santa-llucia-de-coborriu-de-la-llosa\/\"><div class='avia-gallery-big-wrapper'><a class='avia-gallery-big fakeLightbox lightbox avia-gallery-big-crop-thumb ' href=\"https:\/\/test393.ergatesweb7.ovh\/wp-content\/uploads\/2021\/12\/santa-llucia-coborriu-llosa-1030x687.jpg\" data-srcset=\"https:\/\/test393.ergatesweb7.ovh\/wp-content\/uploads\/2021\/12\/santa-llucia-coborriu-llosa-1030x687.jpg 1030w, https:\/\/test393.ergatesweb7.ovh\/wp-content\/uploads\/2021\/12\/santa-llucia-coborriu-llosa-300x200.jpg 300w, https:\/\/test393.ergatesweb7.ovh\/wp-content\/uploads\/2021\/12\/santa-llucia-coborriu-llosa-768x512.jpg 768w, https:\/\/test393.ergatesweb7.ovh\/wp-content\/uploads\/2021\/12\/santa-llucia-coborriu-llosa-705x470.jpg 705w, https:\/\/test393.ergatesweb7.ovh\/wp-content\/uploads\/2021\/12\/santa-llucia-coborriu-llosa.jpg 1500w\" data-sizes=\"(max-width: 1030px) 100vw, 1030px\"  data-onclick='1' title='Santa Ll\u00facia de Coborriu de la Llosa' ><span class='avia-gallery-big-inner'  itemprop=\"thumbnailUrl\" ><img decoding=\"async\" fetchpriority=\"high\" class=\"wp-image-24335 avia-img-lazy-loading-not-24335\"  width=\"495\" height=\"400\" src=\"https:\/\/test393.ergatesweb7.ovh\/wp-content\/uploads\/2021\/12\/santa-llucia-coborriu-llosa-495x400.jpg\" title='6. LLES- Santa Llu\u0301cia de Coborriu de la Llosa' alt='' srcset=\"https:\/\/test393.ergatesweb7.ovh\/wp-content\/uploads\/2021\/12\/santa-llucia-coborriu-llosa-495x400.jpg 495w, https:\/\/test393.ergatesweb7.ovh\/wp-content\/uploads\/2021\/12\/santa-llucia-coborriu-llosa-845x684.jpg 845w\" sizes=\"(max-width: 495px) 100vw, 495px\" \/><span class='avia-gallery-caption'>Santa Ll\u00facia de Coborriu de la Llosa<\/span><\/span><\/a><\/div><div class='avia-gallery-thumb'><a href=\"https:\/\/test393.ergatesweb7.ovh\/wp-content\/uploads\/2021\/12\/santa-llucia-coborriu-llosa-1030x687.jpg\" data-srcset=\"https:\/\/test393.ergatesweb7.ovh\/wp-content\/uploads\/2021\/12\/santa-llucia-coborriu-llosa-1030x687.jpg 1030w, https:\/\/test393.ergatesweb7.ovh\/wp-content\/uploads\/2021\/12\/santa-llucia-coborriu-llosa-300x200.jpg 300w, https:\/\/test393.ergatesweb7.ovh\/wp-content\/uploads\/2021\/12\/santa-llucia-coborriu-llosa-768x512.jpg 768w, https:\/\/test393.ergatesweb7.ovh\/wp-content\/uploads\/2021\/12\/santa-llucia-coborriu-llosa-705x470.jpg 705w, https:\/\/test393.ergatesweb7.ovh\/wp-content\/uploads\/2021\/12\/santa-llucia-coborriu-llosa.jpg 1500w\" data-sizes=\"(max-width: 1030px) 100vw, 1030px\" data-rel='gallery-1' data-prev-img='https:\/\/test393.ergatesweb7.ovh\/wp-content\/uploads\/2021\/12\/santa-llucia-coborriu-llosa-495x400.jpg' class='first_thumb lightbox ' data-onclick='1' title='Santa Ll\u00facia de Coborriu de la Llosa'  itemprop=\"thumbnailUrl\"  ><img decoding=\"async\" fetchpriority=\"high\" class=\"wp-image-24335 avia-img-lazy-loading-not-24335\"  data-avia-tooltip='Santa Ll\u00facia de Coborriu de la Llosa' src=\"https:\/\/test393.ergatesweb7.ovh\/wp-content\/uploads\/2021\/12\/santa-llucia-coborriu-llosa-495x400.jpg\" width=\"495\" height=\"400\"  title='6. LLES- Santa Llu\u0301cia de Coborriu de la Llosa' alt='' srcset=\"https:\/\/test393.ergatesweb7.ovh\/wp-content\/uploads\/2021\/12\/santa-llucia-coborriu-llosa-495x400.jpg 495w, https:\/\/test393.ergatesweb7.ovh\/wp-content\/uploads\/2021\/12\/santa-llucia-coborriu-llosa-845x684.jpg 845w\" sizes=\"(max-width: 495px) 100vw, 495px\" \/><div class='big-prev-fake'><img decoding=\"async\" loading=\"lazy\" class=\"wp-image-24335 avia-img-lazy-loading-24335\"  width=\"495\" height=\"400\" src=\"https:\/\/test393.ergatesweb7.ovh\/wp-content\/uploads\/2021\/12\/santa-llucia-coborriu-llosa-495x400.jpg\" title='6. LLES- Santa Llu\u0301cia de Coborriu de la Llosa' alt='' srcset=\"https:\/\/test393.ergatesweb7.ovh\/wp-content\/uploads\/2021\/12\/santa-llucia-coborriu-llosa-495x400.jpg 495w, https:\/\/test393.ergatesweb7.ovh\/wp-content\/uploads\/2021\/12\/santa-llucia-coborriu-llosa-845x684.jpg 845w\" sizes=\"auto, (max-width: 495px) 100vw, 495px\" \/><\/div><\/a><a href=\"https:\/\/test393.ergatesweb7.ovh\/wp-content\/uploads\/2021\/12\/santa-llucia-coborriu-llosa-altar-1030x687.jpg\" data-srcset=\"https:\/\/test393.ergatesweb7.ovh\/wp-content\/uploads\/2021\/12\/santa-llucia-coborriu-llosa-altar-1030x687.jpg 1030w, https:\/\/test393.ergatesweb7.ovh\/wp-content\/uploads\/2021\/12\/santa-llucia-coborriu-llosa-altar-300x200.jpg 300w, https:\/\/test393.ergatesweb7.ovh\/wp-content\/uploads\/2021\/12\/santa-llucia-coborriu-llosa-altar-768x512.jpg 768w, https:\/\/test393.ergatesweb7.ovh\/wp-content\/uploads\/2021\/12\/santa-llucia-coborriu-llosa-altar-705x470.jpg 705w, https:\/\/test393.ergatesweb7.ovh\/wp-content\/uploads\/2021\/12\/santa-llucia-coborriu-llosa-altar.jpg 1500w\" data-sizes=\"(max-width: 1030px) 100vw, 1030px\" data-rel='gallery-1' data-prev-img='https:\/\/test393.ergatesweb7.ovh\/wp-content\/uploads\/2021\/12\/santa-llucia-coborriu-llosa-altar-495x400.jpg' class='lightbox ' data-onclick='2' title='Santa Ll\u00facia de Coborriu de la Llosa'  itemprop=\"thumbnailUrl\"  ><img decoding=\"async\" fetchpriority=\"high\" class=\"wp-image-24341 avia-img-lazy-loading-not-24341\"  data-avia-tooltip='Santa Ll\u00facia de Coborriu de la Llosa' src=\"https:\/\/test393.ergatesweb7.ovh\/wp-content\/uploads\/2021\/12\/santa-llucia-coborriu-llosa-altar-495x400.jpg\" width=\"495\" height=\"400\"  title='6. LLES- Santa Llu\u0301cia de Coborriu de la Llosa' alt='' srcset=\"https:\/\/test393.ergatesweb7.ovh\/wp-content\/uploads\/2021\/12\/santa-llucia-coborriu-llosa-altar-495x400.jpg 495w, https:\/\/test393.ergatesweb7.ovh\/wp-content\/uploads\/2021\/12\/santa-llucia-coborriu-llosa-altar-845x684.jpg 845w\" sizes=\"(max-width: 495px) 100vw, 495px\" \/><div class='big-prev-fake'><img decoding=\"async\" loading=\"lazy\" class=\"wp-image-24341 avia-img-lazy-loading-24341\"  width=\"495\" height=\"400\" src=\"https:\/\/test393.ergatesweb7.ovh\/wp-content\/uploads\/2021\/12\/santa-llucia-coborriu-llosa-altar-495x400.jpg\" title='6. LLES- Santa Llu\u0301cia de Coborriu de la Llosa' alt='' srcset=\"https:\/\/test393.ergatesweb7.ovh\/wp-content\/uploads\/2021\/12\/santa-llucia-coborriu-llosa-altar-495x400.jpg 495w, https:\/\/test393.ergatesweb7.ovh\/wp-content\/uploads\/2021\/12\/santa-llucia-coborriu-llosa-altar-845x684.jpg 845w\" sizes=\"auto, (max-width: 495px) 100vw, 495px\" \/><\/div><\/a><a href=\"https:\/\/test393.ergatesweb7.ovh\/wp-content\/uploads\/2021\/12\/santa-llucia-coborriu-llosa-cor-1030x687.jpg\" data-srcset=\"https:\/\/test393.ergatesweb7.ovh\/wp-content\/uploads\/2021\/12\/santa-llucia-coborriu-llosa-cor-1030x687.jpg 1030w, https:\/\/test393.ergatesweb7.ovh\/wp-content\/uploads\/2021\/12\/santa-llucia-coborriu-llosa-cor-300x200.jpg 300w, https:\/\/test393.ergatesweb7.ovh\/wp-content\/uploads\/2021\/12\/santa-llucia-coborriu-llosa-cor-768x512.jpg 768w, https:\/\/test393.ergatesweb7.ovh\/wp-content\/uploads\/2021\/12\/santa-llucia-coborriu-llosa-cor-705x470.jpg 705w, https:\/\/test393.ergatesweb7.ovh\/wp-content\/uploads\/2021\/12\/santa-llucia-coborriu-llosa-cor.jpg 1500w\" data-sizes=\"(max-width: 1030px) 100vw, 1030px\" data-rel='gallery-1' data-prev-img='https:\/\/test393.ergatesweb7.ovh\/wp-content\/uploads\/2021\/12\/santa-llucia-coborriu-llosa-cor-495x400.jpg' class='lightbox ' data-onclick='3' title='Santa Ll\u00facia de Coborriu de la Llosa'  itemprop=\"thumbnailUrl\"  ><img decoding=\"async\" fetchpriority=\"high\" class=\"wp-image-24343 avia-img-lazy-loading-not-24343\"  data-avia-tooltip='Santa Ll\u00facia de Coborriu de la Llosa' src=\"https:\/\/test393.ergatesweb7.ovh\/wp-content\/uploads\/2021\/12\/santa-llucia-coborriu-llosa-cor-495x400.jpg\" width=\"495\" height=\"400\"  title='6. LLES- Santa Llu\u0301cia de Coborriu de la Llosa' alt='' srcset=\"https:\/\/test393.ergatesweb7.ovh\/wp-content\/uploads\/2021\/12\/santa-llucia-coborriu-llosa-cor-495x400.jpg 495w, https:\/\/test393.ergatesweb7.ovh\/wp-content\/uploads\/2021\/12\/santa-llucia-coborriu-llosa-cor-845x684.jpg 845w\" sizes=\"(max-width: 495px) 100vw, 495px\" \/><div class='big-prev-fake'><img decoding=\"async\" loading=\"lazy\" class=\"wp-image-24343 avia-img-lazy-loading-24343\"  width=\"495\" height=\"400\" src=\"https:\/\/test393.ergatesweb7.ovh\/wp-content\/uploads\/2021\/12\/santa-llucia-coborriu-llosa-cor-495x400.jpg\" title='6. LLES- Santa Llu\u0301cia de Coborriu de la Llosa' alt='' srcset=\"https:\/\/test393.ergatesweb7.ovh\/wp-content\/uploads\/2021\/12\/santa-llucia-coborriu-llosa-cor-495x400.jpg 495w, https:\/\/test393.ergatesweb7.ovh\/wp-content\/uploads\/2021\/12\/santa-llucia-coborriu-llosa-cor-845x684.jpg 845w\" sizes=\"auto, (max-width: 495px) 100vw, 495px\" \/><\/div><\/a><a href=\"https:\/\/test393.ergatesweb7.ovh\/wp-content\/uploads\/2021\/12\/santa-llucia-coborriu-llosa-pica-1030x687.jpg\" data-srcset=\"https:\/\/test393.ergatesweb7.ovh\/wp-content\/uploads\/2021\/12\/santa-llucia-coborriu-llosa-pica-1030x687.jpg 1030w, https:\/\/test393.ergatesweb7.ovh\/wp-content\/uploads\/2021\/12\/santa-llucia-coborriu-llosa-pica-300x200.jpg 300w, https:\/\/test393.ergatesweb7.ovh\/wp-content\/uploads\/2021\/12\/santa-llucia-coborriu-llosa-pica-768x512.jpg 768w, https:\/\/test393.ergatesweb7.ovh\/wp-content\/uploads\/2021\/12\/santa-llucia-coborriu-llosa-pica-705x470.jpg 705w, https:\/\/test393.ergatesweb7.ovh\/wp-content\/uploads\/2021\/12\/santa-llucia-coborriu-llosa-pica.jpg 1500w\" data-sizes=\"(max-width: 1030px) 100vw, 1030px\" data-rel='gallery-1' data-prev-img='https:\/\/test393.ergatesweb7.ovh\/wp-content\/uploads\/2021\/12\/santa-llucia-coborriu-llosa-pica-495x400.jpg' class='lightbox ' data-onclick='4' title='Santa Ll\u00facia de Coborriu de la Llosa'  itemprop=\"thumbnailUrl\"  ><img decoding=\"async\" fetchpriority=\"high\" class=\"wp-image-24337 avia-img-lazy-loading-not-24337\"  data-avia-tooltip='Santa Ll\u00facia de Coborriu de la Llosa' src=\"https:\/\/test393.ergatesweb7.ovh\/wp-content\/uploads\/2021\/12\/santa-llucia-coborriu-llosa-pica-495x400.jpg\" width=\"495\" height=\"400\"  title='6. LLES- Santa Llu\u0301cia de Coborriu de la Llosa' alt='' srcset=\"https:\/\/test393.ergatesweb7.ovh\/wp-content\/uploads\/2021\/12\/santa-llucia-coborriu-llosa-pica-495x400.jpg 495w, https:\/\/test393.ergatesweb7.ovh\/wp-content\/uploads\/2021\/12\/santa-llucia-coborriu-llosa-pica-845x684.jpg 845w\" sizes=\"(max-width: 495px) 100vw, 495px\" \/><div class='big-prev-fake'><img decoding=\"async\" loading=\"lazy\" class=\"wp-image-24337 avia-img-lazy-loading-24337\"  width=\"495\" height=\"400\" src=\"https:\/\/test393.ergatesweb7.ovh\/wp-content\/uploads\/2021\/12\/santa-llucia-coborriu-llosa-pica-495x400.jpg\" title='6. LLES- Santa Llu\u0301cia de Coborriu de la Llosa' alt='' srcset=\"https:\/\/test393.ergatesweb7.ovh\/wp-content\/uploads\/2021\/12\/santa-llucia-coborriu-llosa-pica-495x400.jpg 495w, https:\/\/test393.ergatesweb7.ovh\/wp-content\/uploads\/2021\/12\/santa-llucia-coborriu-llosa-pica-845x684.jpg 845w\" sizes=\"auto, (max-width: 495px) 100vw, 495px\" \/><\/div><\/a><a href=\"https:\/\/test393.ergatesweb7.ovh\/wp-content\/uploads\/2021\/12\/santa-llucia-coborriu-llosa-pica-2-1030x687.jpg\" data-srcset=\"https:\/\/test393.ergatesweb7.ovh\/wp-content\/uploads\/2021\/12\/santa-llucia-coborriu-llosa-pica-2-1030x687.jpg 1030w, https:\/\/test393.ergatesweb7.ovh\/wp-content\/uploads\/2021\/12\/santa-llucia-coborriu-llosa-pica-2-300x200.jpg 300w, https:\/\/test393.ergatesweb7.ovh\/wp-content\/uploads\/2021\/12\/santa-llucia-coborriu-llosa-pica-2-768x512.jpg 768w, https:\/\/test393.ergatesweb7.ovh\/wp-content\/uploads\/2021\/12\/santa-llucia-coborriu-llosa-pica-2-705x470.jpg 705w, https:\/\/test393.ergatesweb7.ovh\/wp-content\/uploads\/2021\/12\/santa-llucia-coborriu-llosa-pica-2.jpg 1500w\" data-sizes=\"(max-width: 1030px) 100vw, 1030px\" data-rel='gallery-1' data-prev-img='https:\/\/test393.ergatesweb7.ovh\/wp-content\/uploads\/2021\/12\/santa-llucia-coborriu-llosa-pica-2-495x400.jpg' class='lightbox ' data-onclick='5' title='Santa Ll\u00facia de Coborriu de la Llosa'  itemprop=\"thumbnailUrl\"  ><img decoding=\"async\" fetchpriority=\"high\" class=\"wp-image-24339 avia-img-lazy-loading-not-24339\"  data-avia-tooltip='Santa Ll\u00facia de Coborriu de la Llosa' src=\"https:\/\/test393.ergatesweb7.ovh\/wp-content\/uploads\/2021\/12\/santa-llucia-coborriu-llosa-pica-2-495x400.jpg\" width=\"495\" height=\"400\"  title='6. LLES- Santa Llu\u0301cia de Coborriu de la Llosa' alt='' srcset=\"https:\/\/test393.ergatesweb7.ovh\/wp-content\/uploads\/2021\/12\/santa-llucia-coborriu-llosa-pica-2-495x400.jpg 495w, https:\/\/test393.ergatesweb7.ovh\/wp-content\/uploads\/2021\/12\/santa-llucia-coborriu-llosa-pica-2-845x684.jpg 845w\" sizes=\"(max-width: 495px) 100vw, 495px\" \/><div class='big-prev-fake'><img decoding=\"async\" loading=\"lazy\" class=\"wp-image-24339 avia-img-lazy-loading-24339\"  width=\"495\" height=\"400\" src=\"https:\/\/test393.ergatesweb7.ovh\/wp-content\/uploads\/2021\/12\/santa-llucia-coborriu-llosa-pica-2-495x400.jpg\" title='6. LLES- Santa Llu\u0301cia de Coborriu de la Llosa' alt='' srcset=\"https:\/\/test393.ergatesweb7.ovh\/wp-content\/uploads\/2021\/12\/santa-llucia-coborriu-llosa-pica-2-495x400.jpg 495w, https:\/\/test393.ergatesweb7.ovh\/wp-content\/uploads\/2021\/12\/santa-llucia-coborriu-llosa-pica-2-845x684.jpg 845w\" sizes=\"auto, (max-width: 495px) 100vw, 495px\" \/><\/div><\/a><a href=\"https:\/\/test393.ergatesweb7.ovh\/wp-content\/uploads\/2021\/12\/santa-llucia-coborriu-llosa-porta-1030x687.jpg\" data-srcset=\"https:\/\/test393.ergatesweb7.ovh\/wp-content\/uploads\/2021\/12\/santa-llucia-coborriu-llosa-porta-1030x687.jpg 1030w, https:\/\/test393.ergatesweb7.ovh\/wp-content\/uploads\/2021\/12\/santa-llucia-coborriu-llosa-porta-300x200.jpg 300w, https:\/\/test393.ergatesweb7.ovh\/wp-content\/uploads\/2021\/12\/santa-llucia-coborriu-llosa-porta-768x512.jpg 768w, https:\/\/test393.ergatesweb7.ovh\/wp-content\/uploads\/2021\/12\/santa-llucia-coborriu-llosa-porta-705x470.jpg 705w, https:\/\/test393.ergatesweb7.ovh\/wp-content\/uploads\/2021\/12\/santa-llucia-coborriu-llosa-porta.jpg 1500w\" data-sizes=\"(max-width: 1030px) 100vw, 1030px\" data-rel='gallery-1' data-prev-img='https:\/\/test393.ergatesweb7.ovh\/wp-content\/uploads\/2021\/12\/santa-llucia-coborriu-llosa-porta-495x400.jpg' class='first_thumb lightbox ' data-onclick='6' title='Santa Ll\u00facia de Coborriu de la Llosa'  itemprop=\"thumbnailUrl\"  ><img decoding=\"async\" fetchpriority=\"high\" class=\"wp-image-24345 avia-img-lazy-loading-not-24345\"  data-avia-tooltip='Santa Ll\u00facia de Coborriu de la Llosa' src=\"https:\/\/test393.ergatesweb7.ovh\/wp-content\/uploads\/2021\/12\/santa-llucia-coborriu-llosa-porta-495x400.jpg\" width=\"495\" height=\"400\"  title='6. LLES- Santa Llu\u0301cia de Coborriu de la Llosa' alt='' srcset=\"https:\/\/test393.ergatesweb7.ovh\/wp-content\/uploads\/2021\/12\/santa-llucia-coborriu-llosa-porta-495x400.jpg 495w, https:\/\/test393.ergatesweb7.ovh\/wp-content\/uploads\/2021\/12\/santa-llucia-coborriu-llosa-porta-845x684.jpg 845w\" sizes=\"(max-width: 495px) 100vw, 495px\" \/><div class='big-prev-fake'><img decoding=\"async\" loading=\"lazy\" class=\"wp-image-24345 avia-img-lazy-loading-24345\"  width=\"495\" height=\"400\" src=\"https:\/\/test393.ergatesweb7.ovh\/wp-content\/uploads\/2021\/12\/santa-llucia-coborriu-llosa-porta-495x400.jpg\" title='6. LLES- Santa Llu\u0301cia de Coborriu de la Llosa' alt='' srcset=\"https:\/\/test393.ergatesweb7.ovh\/wp-content\/uploads\/2021\/12\/santa-llucia-coborriu-llosa-porta-495x400.jpg 495w, https:\/\/test393.ergatesweb7.ovh\/wp-content\/uploads\/2021\/12\/santa-llucia-coborriu-llosa-porta-845x684.jpg 845w\" sizes=\"auto, (max-width: 495px) 100vw, 495px\" \/><\/div><\/a><\/div><\/div><\/div><\/p>\n","protected":false},"excerpt":{"rendered":"","protected":false},"author":3,"featured_media":23334,"parent":30631,"menu_order":30,"comment_status":"closed","ping_status":"closed","template":"","meta":{"footnotes":""},"class_list":["post-30509","page","type-page","status-publish","has-post-thumbnail","hentry"],"_links":{"self":[{"href":"https:\/\/test393.ergatesweb7.ovh\/fr\/wp-json\/wp\/v2\/pages\/30509","targetHints":{"allow":["GET"]}}],"collection":[{"href":"https:\/\/test393.ergatesweb7.ovh\/fr\/wp-json\/wp\/v2\/pages"}],"about":[{"href":"https:\/\/test393.ergatesweb7.ovh\/fr\/wp-json\/wp\/v2\/types\/page"}],"author":[{"embeddable":true,"href":"https:\/\/test393.ergatesweb7.ovh\/fr\/wp-json\/wp\/v2\/users\/3"}],"replies":[{"embeddable":true,"href":"https:\/\/test393.ergatesweb7.ovh\/fr\/wp-json\/wp\/v2\/comments?post=30509"}],"version-history":[{"count":10,"href":"https:\/\/test393.ergatesweb7.ovh\/fr\/wp-json\/wp\/v2\/pages\/30509\/revisions"}],"predecessor-version":[{"id":35046,"href":"https:\/\/test393.ergatesweb7.ovh\/fr\/wp-json\/wp\/v2\/pages\/30509\/revisions\/35046"}],"up":[{"embeddable":true,"href":"https:\/\/test393.ergatesweb7.ovh\/fr\/wp-json\/wp\/v2\/pages\/30631"}],"wp:featuredmedia":[{"embeddable":true,"href":"https:\/\/test393.ergatesweb7.ovh\/fr\/wp-json\/wp\/v2\/media\/23334"}],"wp:attachment":[{"href":"https:\/\/test393.ergatesweb7.ovh\/fr\/wp-json\/wp\/v2\/media?parent=30509"}],"curies":[{"name":"wp","href":"https:\/\/api.w.org\/{rel}","templated":true}]}}