{"id":30507,"date":"2022-04-12T18:54:56","date_gmt":"2022-04-12T16:54:56","guid":{"rendered":"https:\/\/www.cerdanya.org\/sant-marti-daranser\/"},"modified":"2022-04-28T22:55:19","modified_gmt":"2022-04-28T20:55:19","slug":"sant-marti-daranser","status":"publish","type":"page","link":"https:\/\/test393.ergatesweb7.ovh\/fr\/que-faire\/tourisme-culturel\/patrimoine-culturel\/lles-de-cerdanya\/sant-marti-daranser\/","title":{"rendered":"Sant Mart\u00ed d&rsquo;Ar\u00e0nser"},"content":{"rendered":"\n<style type=\"text\/css\" data-created_by=\"avia_inline_auto\" id=\"style-css-av-36rb4oj-ba4d95154227ed0d8a771e7152bf9e9e\">\n.flex_column.av-36rb4oj-ba4d95154227ed0d8a771e7152bf9e9e{\nborder-radius:0px 0px 0px 0px;\npadding:0px 0px 0px 0px;\n}\n<\/style>\n<div  class='flex_column av-36rb4oj-ba4d95154227ed0d8a771e7152bf9e9e av_one_half  avia-builder-el-0  el_before_av_one_half  avia-builder-el-first  first flex_column_div av-zero-column-padding  '     ><p>\n<style type=\"text\/css\" data-created_by=\"avia_inline_auto\" id=\"style-css-av-3igf0wt-985064f3038d84b58e2c41b85e3742cf\">\n#top .av-special-heading.av-3igf0wt-985064f3038d84b58e2c41b85e3742cf{\npadding-bottom:10px;\n}\nbody .av-special-heading.av-3igf0wt-985064f3038d84b58e2c41b85e3742cf .av-special-heading-tag .heading-char{\nfont-size:25px;\n}\n.av-special-heading.av-3igf0wt-985064f3038d84b58e2c41b85e3742cf .av-subheading{\nfont-size:15px;\n}\n<\/style>\n<div  class='av-special-heading av-3igf0wt-985064f3038d84b58e2c41b85e3742cf av-special-heading-h5  avia-builder-el-1  el_before_av_textblock  avia-builder-el-first '><h5 class='av-special-heading-tag '  itemprop=\"headline\"  >Description<\/h5><div class=\"special-heading-border\"><div class=\"special-heading-inner-border\"><\/div><\/div><\/div><br \/>\n<section  class='av_textblock_section av-ksyomoyl-25f1f3c8b1a0a9b03a6473be4799410f '   itemscope=\"itemscope\" itemtype=\"https:\/\/schema.org\/CreativeWork\" ><div class='avia_textblock'  itemprop=\"text\" ><p>\u00c9difice r\u00e9nov\u00e9 au XVIIIe si\u00e8cle, il est un exemple de l&rsquo;architecture religieuse de l&rsquo;\u00e9poque baroque \u00e0 caract\u00e8re rural dans notre r\u00e9gion.<\/p>\n<p>C&rsquo;est une \u00e9glise rectangulaire surmont\u00e9e \u00e0 l&rsquo;est d&rsquo;une abside carr\u00e9e et d&rsquo;un clocher carr\u00e9 \u00e0 trois corps diff\u00e9rents. Le corps central comporte quatre fen\u00eatres en plein cintre et le corps sup\u00e9rieur quatre horloges. La porte est situ\u00e9e au fond de la nef et l&rsquo;ext\u00e9rieur de l&rsquo;\u00e9difice est grav\u00e9 de la date de construction de l&rsquo;\u00e9difice, 1729. A noter la goupille de porte en fer orn\u00e9e de cercles. L&rsquo;un des \u00e9l\u00e9ments les plus remarquables est le retable, qui est divis\u00e9 en trois corps encadr\u00e9s de colonnes qui abritent les images, dont la principale correspond \u00e0 Sant Mart\u00ed. C&rsquo;est une \u0153uvre peinte \u00e0 l&rsquo;or et d\u00e9cor\u00e9e sur le dessus et les c\u00f4t\u00e9s de volutes torsad\u00e9es. La nef est orn\u00e9e de peintures murales baroques dor\u00e9es sur fond blanc, tout comme l&rsquo;arc toral, les arcs des chapelles lat\u00e9rales et les nervures des vo\u00fbtes.<\/p>\n<\/div><\/section><\/p><\/div>\n\n<style type=\"text\/css\" data-created_by=\"avia_inline_auto\" id=\"style-css-av-2coqnf7-fe66bdd07c1c8428c9bfcd41c861e712\">\n.flex_column.av-2coqnf7-fe66bdd07c1c8428c9bfcd41c861e712{\nborder-radius:0px 0px 0px 0px;\npadding:0px 0px 0px 0px;\n}\n<\/style>\n<div  class='flex_column av-2coqnf7-fe66bdd07c1c8428c9bfcd41c861e712 av_one_half  avia-builder-el-3  el_after_av_one_half  el_before_av_one_full  flex_column_div av-zero-column-padding  '     ><style type=\"text\/css\" data-created_by=\"avia_inline_auto\" id=\"style-css-av-29ooh4j-ce37d0100d4783ede2dcdfb80522b429\">\n#top .avia-gallery.av-29ooh4j-ce37d0100d4783ede2dcdfb80522b429 .avia-gallery-thumb a{\nwidth:20%;\n}\n<\/style>\n<div  class='avia-gallery av-29ooh4j-ce37d0100d4783ede2dcdfb80522b429 avia_animate_when_visible  avia-builder-el-4  avia-builder-el-no-sibling  avia_lazyload av-slideshow-ui av-loop-manual-endless av-control-hidden av-navigate-arrows av-navigate-dots hover-effect av-control-hidden avia-gallery-animate avia-gallery-1'  itemprop=\"image\" itemscope=\"itemscope\" itemtype=\"https:\/\/schema.org\/ImageObject\" ><meta itemprop=\"contentURL\" content=\"https:\/\/test393.ergatesweb7.ovh\/fr\/que-faire\/tourisme-culturel\/patrimoine-culturel\/lles-de-cerdanya\/sant-marti-daranser\/\"><div class='avia-gallery-big-wrapper'><a class='avia-gallery-big fakeLightbox lightbox avia-gallery-big-crop-thumb ' href=\"https:\/\/test393.ergatesweb7.ovh\/wp-content\/uploads\/2021\/12\/sant-marti-aranser-pica-baptismal-687x1030.jpg\" data-srcset=\"https:\/\/test393.ergatesweb7.ovh\/wp-content\/uploads\/2021\/12\/sant-marti-aranser-pica-baptismal-687x1030.jpg 687w, https:\/\/test393.ergatesweb7.ovh\/wp-content\/uploads\/2021\/12\/sant-marti-aranser-pica-baptismal-200x300.jpg 200w, https:\/\/test393.ergatesweb7.ovh\/wp-content\/uploads\/2021\/12\/sant-marti-aranser-pica-baptismal-768x1152.jpg 768w, https:\/\/test393.ergatesweb7.ovh\/wp-content\/uploads\/2021\/12\/sant-marti-aranser-pica-baptismal-470x705.jpg 470w, https:\/\/test393.ergatesweb7.ovh\/wp-content\/uploads\/2021\/12\/sant-marti-aranser-pica-baptismal.jpg 1000w\" data-sizes=\"(max-width: 687px) 100vw, 687px\"  data-onclick='1' title='Esgl\u00e9sia de Sant Mart\u00ed d&rsquo;Ar\u00e0nser' ><span class='avia-gallery-big-inner'  itemprop=\"thumbnailUrl\" ><img decoding=\"async\" fetchpriority=\"high\" class=\"wp-image-23704 avia-img-lazy-loading-not-23704\"  width=\"495\" height=\"400\" src=\"https:\/\/test393.ergatesweb7.ovh\/wp-content\/uploads\/2021\/12\/sant-marti-aranser-pica-baptismal-495x400.jpg\" title='sant-marti-aranser-pica-baptismal' alt='' srcset=\"https:\/\/test393.ergatesweb7.ovh\/wp-content\/uploads\/2021\/12\/sant-marti-aranser-pica-baptismal-495x400.jpg 495w, https:\/\/test393.ergatesweb7.ovh\/wp-content\/uploads\/2021\/12\/sant-marti-aranser-pica-baptismal-845x684.jpg 845w\" sizes=\"(max-width: 495px) 100vw, 495px\" \/><span class='avia-gallery-caption'>Esgl\u00e9sia de Sant Mart\u00ed d&rsquo;Ar\u00e0nser<\/span><\/span><\/a><\/div><div class='avia-gallery-thumb'><a href=\"https:\/\/test393.ergatesweb7.ovh\/wp-content\/uploads\/2021\/12\/sant-marti-aranser-pica-baptismal-687x1030.jpg\" data-srcset=\"https:\/\/test393.ergatesweb7.ovh\/wp-content\/uploads\/2021\/12\/sant-marti-aranser-pica-baptismal-687x1030.jpg 687w, https:\/\/test393.ergatesweb7.ovh\/wp-content\/uploads\/2021\/12\/sant-marti-aranser-pica-baptismal-200x300.jpg 200w, https:\/\/test393.ergatesweb7.ovh\/wp-content\/uploads\/2021\/12\/sant-marti-aranser-pica-baptismal-768x1152.jpg 768w, https:\/\/test393.ergatesweb7.ovh\/wp-content\/uploads\/2021\/12\/sant-marti-aranser-pica-baptismal-470x705.jpg 470w, https:\/\/test393.ergatesweb7.ovh\/wp-content\/uploads\/2021\/12\/sant-marti-aranser-pica-baptismal.jpg 1000w\" data-sizes=\"(max-width: 687px) 100vw, 687px\" data-rel='gallery-1' data-prev-img='https:\/\/test393.ergatesweb7.ovh\/wp-content\/uploads\/2021\/12\/sant-marti-aranser-pica-baptismal-495x400.jpg' class='first_thumb lightbox ' data-onclick='1' title='Esgl\u00e9sia de Sant Mart\u00ed d&rsquo;Ar\u00e0nser'  itemprop=\"thumbnailUrl\"  ><img decoding=\"async\" fetchpriority=\"high\" class=\"wp-image-23704 avia-img-lazy-loading-not-23704\"  data-avia-tooltip='Esgl\u00e9sia de Sant Mart\u00ed d&rsquo;Ar\u00e0nser' src=\"https:\/\/test393.ergatesweb7.ovh\/wp-content\/uploads\/2021\/12\/sant-marti-aranser-pica-baptismal-495x400.jpg\" width=\"495\" height=\"400\"  title='sant-marti-aranser-pica-baptismal' alt='' srcset=\"https:\/\/test393.ergatesweb7.ovh\/wp-content\/uploads\/2021\/12\/sant-marti-aranser-pica-baptismal-495x400.jpg 495w, https:\/\/test393.ergatesweb7.ovh\/wp-content\/uploads\/2021\/12\/sant-marti-aranser-pica-baptismal-845x684.jpg 845w\" sizes=\"(max-width: 495px) 100vw, 495px\" \/><div class='big-prev-fake'><img decoding=\"async\" loading=\"lazy\" class=\"wp-image-23704 avia-img-lazy-loading-23704\"  width=\"495\" height=\"400\" src=\"https:\/\/test393.ergatesweb7.ovh\/wp-content\/uploads\/2021\/12\/sant-marti-aranser-pica-baptismal-495x400.jpg\" title='sant-marti-aranser-pica-baptismal' alt='' srcset=\"https:\/\/test393.ergatesweb7.ovh\/wp-content\/uploads\/2021\/12\/sant-marti-aranser-pica-baptismal-495x400.jpg 495w, https:\/\/test393.ergatesweb7.ovh\/wp-content\/uploads\/2021\/12\/sant-marti-aranser-pica-baptismal-845x684.jpg 845w\" sizes=\"auto, (max-width: 495px) 100vw, 495px\" \/><\/div><\/a><\/div><\/div><\/div>\n\n<style type=\"text\/css\" data-created_by=\"avia_inline_auto\" id=\"style-css-av-13qih77-00e4eae9d0b6c138f9ba0e0aa3d8fb95\">\n.flex_column.av-13qih77-00e4eae9d0b6c138f9ba0e0aa3d8fb95{\nborder-radius:0px 0px 0px 0px;\npadding:0px 0px 0px 0px;\n}\n<\/style>\n<div  class='flex_column av-13qih77-00e4eae9d0b6c138f9ba0e0aa3d8fb95 av_one_full  avia-builder-el-5  el_after_av_one_half  el_before_av_one_full  first flex_column_div av-zero-column-padding  column-top-margin'     ><style type=\"text\/css\" data-created_by=\"avia_inline_auto\" id=\"style-css-av-kwp2dp8f-f55138033d46035ff7ae47226ad7fa00\">\n#top .hr.hr-invisible.av-kwp2dp8f-f55138033d46035ff7ae47226ad7fa00{\nheight:20px;\n}\n<\/style>\n<div  class='hr av-kwp2dp8f-f55138033d46035ff7ae47226ad7fa00 hr-invisible  avia-builder-el-6  avia-builder-el-no-sibling '><span class='hr-inner '><span class=\"hr-inner-style\"><\/span><\/span><\/div><\/div>\n\n<style type=\"text\/css\" data-created_by=\"avia_inline_auto\" id=\"style-css-av-3yv5b9v-d3e899977985ff1849f179a52966191f\">\n.flex_column.av-3yv5b9v-d3e899977985ff1849f179a52966191f{\nborder-radius:0px 0px 0px 0px;\npadding:0px 0px 0px 0px;\n}\n<\/style>\n<div  class='flex_column av-3yv5b9v-d3e899977985ff1849f179a52966191f av_one_full  avia-builder-el-7  el_after_av_one_full  el_before_av_one_full  first flex_column_div av-zero-column-padding  column-top-margin'     ><p>\n<style type=\"text\/css\" data-created_by=\"avia_inline_auto\" id=\"style-css-av-2tc98d-7ae9fa635f395dcf0213b12ea2cc692d\">\n#top .av-special-heading.av-2tc98d-7ae9fa635f395dcf0213b12ea2cc692d{\npadding-bottom:10px;\n}\nbody .av-special-heading.av-2tc98d-7ae9fa635f395dcf0213b12ea2cc692d .av-special-heading-tag .heading-char{\nfont-size:25px;\n}\n.av-special-heading.av-2tc98d-7ae9fa635f395dcf0213b12ea2cc692d .av-subheading{\nfont-size:15px;\n}\n<\/style>\n<div  class='av-special-heading av-2tc98d-7ae9fa635f395dcf0213b12ea2cc692d av-special-heading-h5  avia-builder-el-8  el_before_av_image  avia-builder-el-first '><h5 class='av-special-heading-tag '  itemprop=\"headline\"  >Tour virtual<\/h5><div class=\"special-heading-border\"><div class=\"special-heading-inner-border\"><\/div><\/div><\/div><br \/>\n\n<style type=\"text\/css\" data-created_by=\"avia_inline_auto\" id=\"style-css-av-kwov5uzo-6903c7f29f05e46834476bb4073b590a\">\n.avia-image-container.av-kwov5uzo-6903c7f29f05e46834476bb4073b590a img.avia_image{\nbox-shadow:none;\n}\n.avia-image-container.av-kwov5uzo-6903c7f29f05e46834476bb4073b590a .av-image-caption-overlay-center{\ncolor:#ffffff;\n}\n<\/style>\n<div  class='avia-image-container av-kwov5uzo-6903c7f29f05e46834476bb4073b590a av-styling- av-img-linked avia-align-center  avia-builder-el-9  el_after_av_heading  avia-builder-el-last '   itemprop=\"image\" itemscope=\"itemscope\" itemtype=\"https:\/\/schema.org\/ImageObject\" ><div class=\"avia-image-container-inner\"><div class=\"avia-image-overlay-wrap\"><a href=\"https:\/\/www.cerdanya.org\/tour-virtual\/sant-marti-aranser\" class='avia_image '  aria-label='sant-marti-aranser-link-tour-virtual'><img decoding=\"async\" fetchpriority=\"high\" class='wp-image-24667 avia-img-lazy-loading-not-24667 avia_image ' src=\"https:\/\/test393.ergatesweb7.ovh\/wp-content\/uploads\/2021\/12\/sant-marti-aranser-link-tour-virtual.jpg\" alt='' title='sant-marti-aranser-link-tour-virtual'  height=\"515\" width=\"1030\"  itemprop=\"thumbnailUrl\" srcset=\"https:\/\/test393.ergatesweb7.ovh\/wp-content\/uploads\/2021\/12\/sant-marti-aranser-link-tour-virtual.jpg 1030w, https:\/\/test393.ergatesweb7.ovh\/wp-content\/uploads\/2021\/12\/sant-marti-aranser-link-tour-virtual-300x150.jpg 300w, https:\/\/test393.ergatesweb7.ovh\/wp-content\/uploads\/2021\/12\/sant-marti-aranser-link-tour-virtual-768x384.jpg 768w, https:\/\/test393.ergatesweb7.ovh\/wp-content\/uploads\/2021\/12\/sant-marti-aranser-link-tour-virtual-705x353.jpg 705w\" sizes=\"(max-width: 1030px) 100vw, 1030px\" \/><\/a><\/div><\/div><\/div><\/p><\/div>\n<style type=\"text\/css\" data-created_by=\"avia_inline_auto\" id=\"style-css-av-s3dbbn-0e722fbfd78ee340bbf8cc0e77ceb3ab\">\n.flex_column.av-s3dbbn-0e722fbfd78ee340bbf8cc0e77ceb3ab{\nborder-radius:0px 0px 0px 0px;\npadding:0px 0px 0px 0px;\n}\n<\/style>\n<div  class='flex_column av-s3dbbn-0e722fbfd78ee340bbf8cc0e77ceb3ab av_one_full  avia-builder-el-10  el_after_av_one_full  el_before_av_one_half  first flex_column_div av-zero-column-padding  column-top-margin'     ><style type=\"text\/css\" data-created_by=\"avia_inline_auto\" id=\"style-css-av-kwp2dp8f-f55138033d46035ff7ae47226ad7fa00\">\n#top .hr.hr-invisible.av-kwp2dp8f-f55138033d46035ff7ae47226ad7fa00{\nheight:20px;\n}\n<\/style>\n<div  class='hr av-kwp2dp8f-f55138033d46035ff7ae47226ad7fa00 hr-invisible  avia-builder-el-11  avia-builder-el-no-sibling '><span class='hr-inner '><span class=\"hr-inner-style\"><\/span><\/span><\/div><\/div><\/p>\n\n<style type=\"text\/css\" data-created_by=\"avia_inline_auto\" id=\"style-css-av-1ng0qsz-c645341a775a36fc9a94b413daec359d\">\n.flex_column.av-1ng0qsz-c645341a775a36fc9a94b413daec359d{\nborder-radius:0px 0px 0px 0px;\npadding:0px 0px 0px 0px;\n}\n<\/style>\n<div  class='flex_column av-1ng0qsz-c645341a775a36fc9a94b413daec359d av_one_half  avia-builder-el-12  el_after_av_one_full  el_before_av_one_half  first flex_column_div av-zero-column-padding  column-top-margin'     ><p>\n<style type=\"text\/css\" data-created_by=\"avia_inline_auto\" id=\"style-css-av-2fmliu5-b1545803320fe665e3630e4f071240f6\">\n#top .av-special-heading.av-2fmliu5-b1545803320fe665e3630e4f071240f6{\npadding-bottom:10px;\n}\nbody .av-special-heading.av-2fmliu5-b1545803320fe665e3630e4f071240f6 .av-special-heading-tag .heading-char{\nfont-size:25px;\n}\n.av-special-heading.av-2fmliu5-b1545803320fe665e3630e4f071240f6 .av-subheading{\nfont-size:15px;\n}\n<\/style>\n<div  class='av-special-heading av-2fmliu5-b1545803320fe665e3630e4f071240f6 av-special-heading-h5  avia-builder-el-13  el_before_av_textblock  avia-builder-el-first '><h5 class='av-special-heading-tag '  itemprop=\"headline\"  >\u00c0udio descriptiu de l\u2019esgl\u00e9sia<\/h5><div class=\"special-heading-border\"><div class=\"special-heading-inner-border\"><\/div><\/div><\/div><br \/>\n<section  class='av_textblock_section av-kwp1c696-f012e88fe66fc0b1775c95ccfc237f7e '   itemscope=\"itemscope\" itemtype=\"https:\/\/schema.org\/CreativeWork\" ><div class='avia_textblock'  itemprop=\"text\" ><p>\u00c9coutez l&rsquo;audio dans lequel nous vous disons \u00e0 quoi ressemble l&rsquo;\u00e9glise de Sant Mart\u00ed d&rsquo;Ar\u00e0nser.<\/p>\n<\/div><\/section><br \/>\n<div id=\"av_player-1\" class=\"av-player av-player-container av-kwp1gaol-fc6c4040781e7dae89e9de85a5eabb3b avia-playerstyle-classic av_player-1  avia-builder-el-15  el_after_av_textblock  el_before_av_player  first avia-playlist-no-loop avia-playlist-hide-cover\"><div class=\"av-player-player-container\"><div class=\"wp-playlist wp-audio-playlist wp-playlist-light\">\n\t\t\t<div class=\"wp-playlist-current-item\"><\/div>\n\t\t<audio controls=\"controls\" preload=\"none\" width=\"1478\"\n\t\t\t><\/audio>\n\t<div class=\"wp-playlist-next\"><\/div>\n\t<div class=\"wp-playlist-prev\"><\/div>\n\t<noscript>\n\t<ol>\n\t\t<li><a href='https:\/\/test393.ergatesweb7.ovh\/wp-content\/uploads\/2021\/12\/CAT-ST-MARTI-ARANSER.mp3'>CATAL\u00c0<\/a><\/li>\t<\/ol>\n\t<\/noscript>\n\t<script type=\"application\/json\" class=\"wp-playlist-script\">{\"type\":\"audio\",\"tracklist\":true,\"tracknumbers\":true,\"images\":true,\"artists\":true,\"tracks\":[{\"src\":\"https:\/\/test393.ergatesweb7.ovh\/wp-content\/uploads\/2021\/12\/CAT-ST-MARTI-ARANSER.mp3\",\"type\":\"audio\/mpeg\",\"title\":\"CATAL\\u00c0\",\"caption\":\"\",\"description\":\"Sant Mart\\u00ed d'Ar\\u00e0nser. Locuci\\u00f3 en catal\\u00e0.\",\"meta\":{\"artist\":\"Turisme Cerdanya\",\"genre\":\"Video\",\"year\":\"2021\",\"length_formatted\":\"1:05\"},\"image\":{\"src\":\"https:\/\/test393.ergatesweb7.ovh\/wp-includes\/images\/media\/audio.svg\",\"width\":48,\"height\":64},\"thumb\":{\"src\":\"https:\/\/test393.ergatesweb7.ovh\/wp-includes\/images\/media\/audio.svg\",\"width\":48,\"height\":64}}]}<\/script>\n<\/div>\n\t<\/div><\/div><br \/>\n<div id=\"av_player-2\" class=\"av-player av-player-container av-kwp1gaol-fc6c4040781e7dae89e9de85a5eabb3b avia-playerstyle-classic av_player-2  avia-builder-el-16  el_after_av_player  el_before_av_player  avia-playlist-no-loop avia-playlist-hide-cover\"><div class=\"av-player-player-container\"><div class=\"wp-playlist wp-audio-playlist wp-playlist-light\">\n\t\t\t<div class=\"wp-playlist-current-item\"><\/div>\n\t\t<audio controls=\"controls\" preload=\"none\" width=\"1478\"\n\t\t\t><\/audio>\n\t<div class=\"wp-playlist-next\"><\/div>\n\t<div class=\"wp-playlist-prev\"><\/div>\n\t<noscript>\n\t<ol>\n\t\t<li><a href='https:\/\/test393.ergatesweb7.ovh\/wp-content\/uploads\/2021\/12\/ES-ST-MARTI-ARANSER.mp3'>CASTELL\u00c0<\/a><\/li>\t<\/ol>\n\t<\/noscript>\n\t<script type=\"application\/json\" class=\"wp-playlist-script\">{\"type\":\"audio\",\"tracklist\":true,\"tracknumbers\":true,\"images\":true,\"artists\":true,\"tracks\":[{\"src\":\"https:\/\/test393.ergatesweb7.ovh\/wp-content\/uploads\/2021\/12\/ES-ST-MARTI-ARANSER.mp3\",\"type\":\"audio\/mpeg\",\"title\":\"CASTELL\\u00c0\",\"caption\":\"\",\"description\":\"Sant Mart\\u00ed d'Ar\\u00e0nser. Locuci\\u00f3 en castell\\u00e0.\",\"meta\":{\"artist\":\"Turisme Cerdanya\",\"genre\":\"Video\",\"year\":\"2021\",\"length_formatted\":\"1:08\"},\"image\":{\"src\":\"https:\/\/test393.ergatesweb7.ovh\/wp-includes\/images\/media\/audio.svg\",\"width\":48,\"height\":64},\"thumb\":{\"src\":\"https:\/\/test393.ergatesweb7.ovh\/wp-includes\/images\/media\/audio.svg\",\"width\":48,\"height\":64}}]}<\/script>\n<\/div>\n\t<\/div><\/div><br \/>\n<div id=\"av_player-3\" class=\"av-player av-player-container av-kwp1gaol-fc6c4040781e7dae89e9de85a5eabb3b avia-playerstyle-classic av_player-3  avia-builder-el-17  el_after_av_player  el_before_av_player  avia-playlist-no-loop avia-playlist-hide-cover\"><div class=\"av-player-player-container\"><div class=\"wp-playlist wp-audio-playlist wp-playlist-light\">\n\t\t\t<div class=\"wp-playlist-current-item\"><\/div>\n\t\t<audio controls=\"controls\" preload=\"none\" width=\"1478\"\n\t\t\t><\/audio>\n\t<div class=\"wp-playlist-next\"><\/div>\n\t<div class=\"wp-playlist-prev\"><\/div>\n\t<noscript>\n\t<ol>\n\t\t<li><a href='https:\/\/test393.ergatesweb7.ovh\/wp-content\/uploads\/2021\/12\/UK-ST-MARTI-ARANSER.mp3'>ANGL\u00c8S<\/a><\/li>\t<\/ol>\n\t<\/noscript>\n\t<script type=\"application\/json\" class=\"wp-playlist-script\">{\"type\":\"audio\",\"tracklist\":true,\"tracknumbers\":true,\"images\":true,\"artists\":true,\"tracks\":[{\"src\":\"https:\/\/test393.ergatesweb7.ovh\/wp-content\/uploads\/2021\/12\/UK-ST-MARTI-ARANSER.mp3\",\"type\":\"audio\/mpeg\",\"title\":\"ANGL\\u00c8S\",\"caption\":\"\",\"description\":\"Sant Mart\\u00ed d'Ar\\u00e0nser. Locuci\\u00f3 en angl\\u00e8s.\",\"meta\":{\"artist\":\"Turisme Cerdanya\",\"year\":\"2021\",\"length_formatted\":\"1:16\"},\"image\":{\"src\":\"https:\/\/test393.ergatesweb7.ovh\/wp-includes\/images\/media\/audio.svg\",\"width\":48,\"height\":64},\"thumb\":{\"src\":\"https:\/\/test393.ergatesweb7.ovh\/wp-includes\/images\/media\/audio.svg\",\"width\":48,\"height\":64}}]}<\/script>\n<\/div>\n\t<\/div><\/div><br \/>\n<div id=\"av_player-4\" class=\"av-player av-player-container av-kwp1gaol-fc6c4040781e7dae89e9de85a5eabb3b avia-playerstyle-classic av_player-4  avia-builder-el-18  el_after_av_player  avia-builder-el-last  avia-playlist-no-loop avia-playlist-hide-cover\"><div class=\"av-player-player-container\"><div class=\"wp-playlist wp-audio-playlist wp-playlist-light\">\n\t\t\t<div class=\"wp-playlist-current-item\"><\/div>\n\t\t<audio controls=\"controls\" preload=\"none\" width=\"1478\"\n\t\t\t><\/audio>\n\t<div class=\"wp-playlist-next\"><\/div>\n\t<div class=\"wp-playlist-prev\"><\/div>\n\t<noscript>\n\t<ol>\n\t\t<li><a href='https:\/\/test393.ergatesweb7.ovh\/wp-content\/uploads\/2021\/12\/FR-ST-MARTI-ARANSER.mp3'>FRANC\u00c8S<\/a><\/li>\t<\/ol>\n\t<\/noscript>\n\t<script type=\"application\/json\" class=\"wp-playlist-script\">{\"type\":\"audio\",\"tracklist\":true,\"tracknumbers\":true,\"images\":true,\"artists\":true,\"tracks\":[{\"src\":\"https:\/\/test393.ergatesweb7.ovh\/wp-content\/uploads\/2021\/12\/FR-ST-MARTI-ARANSER.mp3\",\"type\":\"audio\/mpeg\",\"title\":\"FRANC\\u00c8S\",\"caption\":\"\",\"description\":\"Sant Mart\\u00ed d'Ar\\u00e0nser. Locuci\\u00f3 en franc\\u00e8s.\",\"meta\":{\"artist\":\"Turisme Cerdanya\",\"genre\":\"Video\",\"year\":\"2021\",\"length_formatted\":\"1:09\"},\"image\":{\"src\":\"https:\/\/test393.ergatesweb7.ovh\/wp-includes\/images\/media\/audio.svg\",\"width\":48,\"height\":64},\"thumb\":{\"src\":\"https:\/\/test393.ergatesweb7.ovh\/wp-includes\/images\/media\/audio.svg\",\"width\":48,\"height\":64}}]}<\/script>\n<\/div>\n\t<\/div><\/div><\/p><\/div>\n\n<style type=\"text\/css\" data-created_by=\"avia_inline_auto\" id=\"style-css-av-qn9vw3-e99e7990c644c63e9fba89d761c58cbe\">\n.flex_column.av-qn9vw3-e99e7990c644c63e9fba89d761c58cbe{\nborder-radius:0px 0px 0px 0px;\npadding:0px 0px 0px 0px;\n}\n<\/style>\n<div  class='flex_column av-qn9vw3-e99e7990c644c63e9fba89d761c58cbe av_one_half  avia-builder-el-19  el_after_av_one_half  avia-builder-el-last  flex_column_div av-zero-column-padding  column-top-margin'     ><p>\n<style type=\"text\/css\" data-created_by=\"avia_inline_auto\" id=\"style-css-av-vi96kz-fc8d8201f4cf0da784fd96e0341c4bb7\">\n#top .av-special-heading.av-vi96kz-fc8d8201f4cf0da784fd96e0341c4bb7{\npadding-bottom:10px;\n}\nbody .av-special-heading.av-vi96kz-fc8d8201f4cf0da784fd96e0341c4bb7 .av-special-heading-tag .heading-char{\nfont-size:25px;\n}\n.av-special-heading.av-vi96kz-fc8d8201f4cf0da784fd96e0341c4bb7 .av-subheading{\nfont-size:15px;\n}\n<\/style>\n<div  class='av-special-heading av-vi96kz-fc8d8201f4cf0da784fd96e0341c4bb7 av-special-heading-h5  avia-builder-el-20  el_before_av_textblock  avia-builder-el-first '><h5 class='av-special-heading-tag '  itemprop=\"headline\"  >L\u00e9gendes<\/h5><div class=\"special-heading-border\"><div class=\"special-heading-inner-border\"><\/div><\/div><\/div><br \/>\n<section  class='av_textblock_section av-kwp1c696-f012e88fe66fc0b1775c95ccfc237f7e '   itemscope=\"itemscope\" itemtype=\"https:\/\/schema.org\/CreativeWork\" ><div class='avia_textblock'  itemprop=\"text\" ><p>Voulez-vous conna\u00eetre les l\u00e9gendes de notre r\u00e9gion ?<\/p>\n<\/div><\/section><br \/>\n<div  class='avia-button-wrap avia-button-center  avia-builder-el-22  el_after_av_textblock  avia-builder-el-last '>\n<style type=\"text\/css\" data-created_by=\"avia_inline_auto\" id=\"style-css-av-kx5yxy43-a0c809fe1fab17cd083a123fbf6bbd4c\">\n#top #wrap_all .avia-button.av-kx5yxy43-a0c809fe1fab17cd083a123fbf6bbd4c{\ncolor:#ffffff;\ntransition:all 0.4s ease-in-out;\n}\n#top #wrap_all .avia-button.av-kx5yxy43-a0c809fe1fab17cd083a123fbf6bbd4c:hover{\ncolor:#ffffff;\ntransition:all 0.4s ease-in-out;\n}\n#top #wrap_all .avia-button.av-kx5yxy43-a0c809fe1fab17cd083a123fbf6bbd4c .avia-svg-icon svg:first-child{\nfill:#ffffff;\nstroke:#ffffff;\n}\n#top #wrap_all .avia-button.av-kx5yxy43-a0c809fe1fab17cd083a123fbf6bbd4c:hover .avia-svg-icon svg:first-child{\nfill:#ffffff;\nstroke:#ffffff;\n}\n<\/style>\n<a href='https:\/\/www.cerdanya.org\/fr\/decouvrir\/culture\/legendes\/' class='avia-color-theme-color avia-button avia-button-fullwidth av-kx5yxy43-a0c809fe1fab17cd083a123fbf6bbd4c avia-icon_select-no avia-color-theme-color'   aria-label=\"Cliquez pour lire les l\u00e9gendes\"><span class='avia_iconbox_title' >Cliquez pour lire les l\u00e9gendes<\/span><span class='avia_button_background avia-button avia-button-fullwidth avia-color-theme-color-highlight'><\/span><\/a><\/div><\/p><\/div>\n","protected":false},"excerpt":{"rendered":"","protected":false},"author":3,"featured_media":24875,"parent":30631,"menu_order":40,"comment_status":"closed","ping_status":"closed","template":"","meta":{"footnotes":""},"class_list":["post-30507","page","type-page","status-publish","has-post-thumbnail","hentry"],"_links":{"self":[{"href":"https:\/\/test393.ergatesweb7.ovh\/fr\/wp-json\/wp\/v2\/pages\/30507","targetHints":{"allow":["GET"]}}],"collection":[{"href":"https:\/\/test393.ergatesweb7.ovh\/fr\/wp-json\/wp\/v2\/pages"}],"about":[{"href":"https:\/\/test393.ergatesweb7.ovh\/fr\/wp-json\/wp\/v2\/types\/page"}],"author":[{"embeddable":true,"href":"https:\/\/test393.ergatesweb7.ovh\/fr\/wp-json\/wp\/v2\/users\/3"}],"replies":[{"embeddable":true,"href":"https:\/\/test393.ergatesweb7.ovh\/fr\/wp-json\/wp\/v2\/comments?post=30507"}],"version-history":[{"count":4,"href":"https:\/\/test393.ergatesweb7.ovh\/fr\/wp-json\/wp\/v2\/pages\/30507\/revisions"}],"predecessor-version":[{"id":35081,"href":"https:\/\/test393.ergatesweb7.ovh\/fr\/wp-json\/wp\/v2\/pages\/30507\/revisions\/35081"}],"up":[{"embeddable":true,"href":"https:\/\/test393.ergatesweb7.ovh\/fr\/wp-json\/wp\/v2\/pages\/30631"}],"wp:featuredmedia":[{"embeddable":true,"href":"https:\/\/test393.ergatesweb7.ovh\/fr\/wp-json\/wp\/v2\/media\/24875"}],"wp:attachment":[{"href":"https:\/\/test393.ergatesweb7.ovh\/fr\/wp-json\/wp\/v2\/media?parent=30507"}],"curies":[{"name":"wp","href":"https:\/\/api.w.org\/{rel}","templated":true}]}}