{"id":30501,"date":"2022-04-12T18:49:56","date_gmt":"2022-04-12T16:49:56","guid":{"rendered":"https:\/\/www.cerdanya.org\/capella-del-roser-o-del-benefici-de-lles\/"},"modified":"2022-04-28T22:55:20","modified_gmt":"2022-04-28T20:55:20","slug":"capella-del-roser-o-del-benefici-de-lles","status":"publish","type":"page","link":"https:\/\/test393.ergatesweb7.ovh\/fr\/que-faire\/tourisme-culturel\/patrimoine-culturel\/lles-de-cerdanya\/capella-del-roser-o-del-benefici-de-lles\/","title":{"rendered":"Capella del Roser o del Benefici de Lles"},"content":{"rendered":"\n<style type=\"text\/css\" data-created_by=\"avia_inline_auto\" id=\"style-css-av-36rb4oj-ba4d95154227ed0d8a771e7152bf9e9e\">\n.flex_column.av-36rb4oj-ba4d95154227ed0d8a771e7152bf9e9e{\nborder-radius:0px 0px 0px 0px;\npadding:0px 0px 0px 0px;\n}\n<\/style>\n<div  class='flex_column av-36rb4oj-ba4d95154227ed0d8a771e7152bf9e9e av_one_half  avia-builder-el-0  el_before_av_one_half  avia-builder-el-first  first flex_column_div av-zero-column-padding  '     ><p>\n<style type=\"text\/css\" data-created_by=\"avia_inline_auto\" id=\"style-css-av-tchz1f-3fb7e6d14354c894aeac9e5edf17857d\">\n#top .av-special-heading.av-tchz1f-3fb7e6d14354c894aeac9e5edf17857d{\npadding-bottom:10px;\n}\nbody .av-special-heading.av-tchz1f-3fb7e6d14354c894aeac9e5edf17857d .av-special-heading-tag .heading-char{\nfont-size:25px;\n}\n.av-special-heading.av-tchz1f-3fb7e6d14354c894aeac9e5edf17857d .av-subheading{\nfont-size:15px;\n}\n<\/style>\n<div  class='av-special-heading av-tchz1f-3fb7e6d14354c894aeac9e5edf17857d av-special-heading-h5  avia-builder-el-1  el_before_av_textblock  avia-builder-el-first '><h5 class='av-special-heading-tag '  itemprop=\"headline\"  >Description<\/h5><div class=\"special-heading-border\"><div class=\"special-heading-inner-border\"><\/div><\/div><\/div><br \/>\n<section  class='av_textblock_section av-ksyomoyl-25f1f3c8b1a0a9b03a6473be4799410f '   itemscope=\"itemscope\" itemtype=\"https:\/\/schema.org\/CreativeWork\" ><div class='avia_textblock'  itemprop=\"text\" ><p>Il s&rsquo;agit d&rsquo;une petite chapelle baroque \u00e0 plan carr\u00e9 et \u00e0 abside polygonale couverte d&rsquo;une vo\u00fbte d&rsquo;ogives et d&rsquo;un arc toral orn\u00e9 de peintures v\u00e9g\u00e9tales de l&rsquo;\u00e9poque de la chapelle. La fa\u00e7ade est au sud-ouest avec une porte d&rsquo;arc plein cintre \u00e0 voussoirs bien \u00e9quarris et un oeil de boeuf de m\u00eame facture. L&rsquo;\u00e9difice est couronn\u00e9 par un petit beffroi.<\/p>\n<p>A l&rsquo;int\u00e9rieur, provenant de l&rsquo;\u00e9glise des Anges de La Llosa, on trouve une pi\u00e8ce unique, curieuse et peu connue. C&rsquo;est une croix grecque faite d&rsquo;un bloc de calcaire, un type qui n&rsquo;est pas de la r\u00e9gion. Au centre, sculpt\u00e9 en bas-relief, le Christ en majest\u00e9. C&rsquo;est une figure tr\u00e8s archa\u00efque chez qui la t\u00eate est proportionnellement grosse et les bras tr\u00e8s longs. Le visage est l&rsquo;endroit o\u00f9 l&rsquo;on retrouve un travail sculptural distinguant les yeux ronds, le nez, la bouche et la barbe. Il porte un chapeau conique et le corps est un volume de forme ovale, cens\u00e9 repr\u00e9senter une sorte de tunique, d&rsquo;o\u00f9 d\u00e9passent les jambes. Les bras font le geste du coude et se terminent en mains, comme les pieds, ils sont peu d\u00e9finis.<\/p>\n<p>Au centre de la chapelle, on trouve un panth\u00e9on familial creus\u00e9 dans le sol recouvert d&rsquo;une dalle de granit.<\/p>\n<\/div><\/section><\/p><\/div>\n<style type=\"text\/css\" data-created_by=\"avia_inline_auto\" id=\"style-css-av-2coqnf7-fe66bdd07c1c8428c9bfcd41c861e712\">\n.flex_column.av-2coqnf7-fe66bdd07c1c8428c9bfcd41c861e712{\nborder-radius:0px 0px 0px 0px;\npadding:0px 0px 0px 0px;\n}\n<\/style>\n<div  class='flex_column av-2coqnf7-fe66bdd07c1c8428c9bfcd41c861e712 av_one_half  avia-builder-el-3  el_after_av_one_half  avia-builder-el-last  flex_column_div av-zero-column-padding  '     ><style type=\"text\/css\" data-created_by=\"avia_inline_auto\" id=\"style-css-av-29ooh4j-842329cb641a93bf67f37b6cb3ad1770\">\n#top .avia-gallery.av-29ooh4j-842329cb641a93bf67f37b6cb3ad1770 .avia-gallery-thumb a{\nwidth:20%;\n}\n<\/style>\n<div  class='avia-gallery av-29ooh4j-842329cb641a93bf67f37b6cb3ad1770 avia_animate_when_visible  avia-builder-el-4  avia-builder-el-no-sibling  avia_lazyload av-slideshow-ui av-loop-manual-endless av-control-hidden av-navigate-arrows av-navigate-dots hover-effect av-control-hidden avia-gallery-animate avia-gallery-1'  itemprop=\"image\" itemscope=\"itemscope\" itemtype=\"https:\/\/schema.org\/ImageObject\" ><meta itemprop=\"contentURL\" content=\"https:\/\/test393.ergatesweb7.ovh\/fr\/que-faire\/tourisme-culturel\/patrimoine-culturel\/lles-de-cerdanya\/capella-del-roser-o-del-benefici-de-lles\/\"><div class='avia-gallery-big-wrapper'><a class='avia-gallery-big fakeLightbox lightbox avia-gallery-big-crop-thumb ' href=\"https:\/\/test393.ergatesweb7.ovh\/wp-content\/uploads\/2021\/12\/capella-roser-o-benefici-lles-1030x687.jpg\" data-srcset=\"https:\/\/test393.ergatesweb7.ovh\/wp-content\/uploads\/2021\/12\/capella-roser-o-benefici-lles-1030x687.jpg 1030w, https:\/\/test393.ergatesweb7.ovh\/wp-content\/uploads\/2021\/12\/capella-roser-o-benefici-lles-300x200.jpg 300w, https:\/\/test393.ergatesweb7.ovh\/wp-content\/uploads\/2021\/12\/capella-roser-o-benefici-lles-768x512.jpg 768w, https:\/\/test393.ergatesweb7.ovh\/wp-content\/uploads\/2021\/12\/capella-roser-o-benefici-lles-705x470.jpg 705w, https:\/\/test393.ergatesweb7.ovh\/wp-content\/uploads\/2021\/12\/capella-roser-o-benefici-lles.jpg 1500w\" data-sizes=\"(max-width: 1030px) 100vw, 1030px\"  data-onclick='1' title='Capella del Roser o del Benefici de Lles de Cerdanya' ><span class='avia-gallery-big-inner'  itemprop=\"thumbnailUrl\" ><img decoding=\"async\" fetchpriority=\"high\" class=\"wp-image-24369 avia-img-lazy-loading-not-24369\"  width=\"495\" height=\"400\" src=\"https:\/\/test393.ergatesweb7.ovh\/wp-content\/uploads\/2021\/12\/capella-roser-o-benefici-lles-495x400.jpg\" title='14. LLES- Capella del Roser o del Benefici de Lles' alt='' srcset=\"https:\/\/test393.ergatesweb7.ovh\/wp-content\/uploads\/2021\/12\/capella-roser-o-benefici-lles-495x400.jpg 495w, https:\/\/test393.ergatesweb7.ovh\/wp-content\/uploads\/2021\/12\/capella-roser-o-benefici-lles-845x684.jpg 845w\" sizes=\"(max-width: 495px) 100vw, 495px\" \/><span class='avia-gallery-caption'>Capella del Roser o del Benefici de Lles de Cerdanya<\/span><\/span><\/a><\/div><div class='avia-gallery-thumb'><a href=\"https:\/\/test393.ergatesweb7.ovh\/wp-content\/uploads\/2021\/12\/capella-roser-o-benefici-lles-1030x687.jpg\" data-srcset=\"https:\/\/test393.ergatesweb7.ovh\/wp-content\/uploads\/2021\/12\/capella-roser-o-benefici-lles-1030x687.jpg 1030w, https:\/\/test393.ergatesweb7.ovh\/wp-content\/uploads\/2021\/12\/capella-roser-o-benefici-lles-300x200.jpg 300w, https:\/\/test393.ergatesweb7.ovh\/wp-content\/uploads\/2021\/12\/capella-roser-o-benefici-lles-768x512.jpg 768w, https:\/\/test393.ergatesweb7.ovh\/wp-content\/uploads\/2021\/12\/capella-roser-o-benefici-lles-705x470.jpg 705w, https:\/\/test393.ergatesweb7.ovh\/wp-content\/uploads\/2021\/12\/capella-roser-o-benefici-lles.jpg 1500w\" data-sizes=\"(max-width: 1030px) 100vw, 1030px\" data-rel='gallery-1' data-prev-img='https:\/\/test393.ergatesweb7.ovh\/wp-content\/uploads\/2021\/12\/capella-roser-o-benefici-lles-495x400.jpg' class='first_thumb lightbox ' data-onclick='1' title='Capella del Roser o del Benefici de Lles de Cerdanya'  itemprop=\"thumbnailUrl\"  ><img decoding=\"async\" fetchpriority=\"high\" class=\"wp-image-24369 avia-img-lazy-loading-not-24369\"  data-avia-tooltip='Capella del Roser o del Benefici de Lles de Cerdanya' src=\"https:\/\/test393.ergatesweb7.ovh\/wp-content\/uploads\/2021\/12\/capella-roser-o-benefici-lles-495x400.jpg\" width=\"495\" height=\"400\"  title='14. LLES- Capella del Roser o del Benefici de Lles' alt='' srcset=\"https:\/\/test393.ergatesweb7.ovh\/wp-content\/uploads\/2021\/12\/capella-roser-o-benefici-lles-495x400.jpg 495w, https:\/\/test393.ergatesweb7.ovh\/wp-content\/uploads\/2021\/12\/capella-roser-o-benefici-lles-845x684.jpg 845w\" sizes=\"(max-width: 495px) 100vw, 495px\" \/><div class='big-prev-fake'><img decoding=\"async\" loading=\"lazy\" class=\"wp-image-24369 avia-img-lazy-loading-24369\"  width=\"495\" height=\"400\" src=\"https:\/\/test393.ergatesweb7.ovh\/wp-content\/uploads\/2021\/12\/capella-roser-o-benefici-lles-495x400.jpg\" title='14. LLES- Capella del Roser o del Benefici de Lles' alt='' srcset=\"https:\/\/test393.ergatesweb7.ovh\/wp-content\/uploads\/2021\/12\/capella-roser-o-benefici-lles-495x400.jpg 495w, https:\/\/test393.ergatesweb7.ovh\/wp-content\/uploads\/2021\/12\/capella-roser-o-benefici-lles-845x684.jpg 845w\" sizes=\"auto, (max-width: 495px) 100vw, 495px\" \/><\/div><\/a><a href=\"https:\/\/test393.ergatesweb7.ovh\/wp-content\/uploads\/2021\/12\/capella-roser-o-benefici-lles-altar-1030x687.jpg\" data-srcset=\"https:\/\/test393.ergatesweb7.ovh\/wp-content\/uploads\/2021\/12\/capella-roser-o-benefici-lles-altar-1030x687.jpg 1030w, https:\/\/test393.ergatesweb7.ovh\/wp-content\/uploads\/2021\/12\/capella-roser-o-benefici-lles-altar-300x200.jpg 300w, https:\/\/test393.ergatesweb7.ovh\/wp-content\/uploads\/2021\/12\/capella-roser-o-benefici-lles-altar-768x512.jpg 768w, https:\/\/test393.ergatesweb7.ovh\/wp-content\/uploads\/2021\/12\/capella-roser-o-benefici-lles-altar-705x470.jpg 705w, https:\/\/test393.ergatesweb7.ovh\/wp-content\/uploads\/2021\/12\/capella-roser-o-benefici-lles-altar.jpg 1500w\" data-sizes=\"(max-width: 1030px) 100vw, 1030px\" data-rel='gallery-1' data-prev-img='https:\/\/test393.ergatesweb7.ovh\/wp-content\/uploads\/2021\/12\/capella-roser-o-benefici-lles-altar-495x400.jpg' class='lightbox ' data-onclick='2' title='Capella del Roser o del Benefici de Lles de Cerdanya'  itemprop=\"thumbnailUrl\"  ><img decoding=\"async\" fetchpriority=\"high\" class=\"wp-image-24371 avia-img-lazy-loading-not-24371\"  data-avia-tooltip='Capella del Roser o del Benefici de Lles de Cerdanya' src=\"https:\/\/test393.ergatesweb7.ovh\/wp-content\/uploads\/2021\/12\/capella-roser-o-benefici-lles-altar-495x400.jpg\" width=\"495\" height=\"400\"  title='14. LLES- Capella del Roser o del Benefici de Lles' alt='' srcset=\"https:\/\/test393.ergatesweb7.ovh\/wp-content\/uploads\/2021\/12\/capella-roser-o-benefici-lles-altar-495x400.jpg 495w, https:\/\/test393.ergatesweb7.ovh\/wp-content\/uploads\/2021\/12\/capella-roser-o-benefici-lles-altar-845x684.jpg 845w\" sizes=\"(max-width: 495px) 100vw, 495px\" \/><div class='big-prev-fake'><img decoding=\"async\" loading=\"lazy\" class=\"wp-image-24371 avia-img-lazy-loading-24371\"  width=\"495\" height=\"400\" src=\"https:\/\/test393.ergatesweb7.ovh\/wp-content\/uploads\/2021\/12\/capella-roser-o-benefici-lles-altar-495x400.jpg\" title='14. LLES- Capella del Roser o del Benefici de Lles' alt='' srcset=\"https:\/\/test393.ergatesweb7.ovh\/wp-content\/uploads\/2021\/12\/capella-roser-o-benefici-lles-altar-495x400.jpg 495w, https:\/\/test393.ergatesweb7.ovh\/wp-content\/uploads\/2021\/12\/capella-roser-o-benefici-lles-altar-845x684.jpg 845w\" sizes=\"auto, (max-width: 495px) 100vw, 495px\" \/><\/div><\/a><a href=\"https:\/\/test393.ergatesweb7.ovh\/wp-content\/uploads\/2021\/12\/capella-roser-o-benefici-lles-cor-1030x687.jpg\" data-srcset=\"https:\/\/test393.ergatesweb7.ovh\/wp-content\/uploads\/2021\/12\/capella-roser-o-benefici-lles-cor-1030x687.jpg 1030w, https:\/\/test393.ergatesweb7.ovh\/wp-content\/uploads\/2021\/12\/capella-roser-o-benefici-lles-cor-300x200.jpg 300w, https:\/\/test393.ergatesweb7.ovh\/wp-content\/uploads\/2021\/12\/capella-roser-o-benefici-lles-cor-768x512.jpg 768w, https:\/\/test393.ergatesweb7.ovh\/wp-content\/uploads\/2021\/12\/capella-roser-o-benefici-lles-cor-705x470.jpg 705w, https:\/\/test393.ergatesweb7.ovh\/wp-content\/uploads\/2021\/12\/capella-roser-o-benefici-lles-cor.jpg 1500w\" data-sizes=\"(max-width: 1030px) 100vw, 1030px\" data-rel='gallery-1' data-prev-img='https:\/\/test393.ergatesweb7.ovh\/wp-content\/uploads\/2021\/12\/capella-roser-o-benefici-lles-cor-495x400.jpg' class='lightbox ' data-onclick='3' title='Capella del Roser o del Benefici de Lles de Cerdanya'  itemprop=\"thumbnailUrl\"  ><img decoding=\"async\" fetchpriority=\"high\" class=\"wp-image-24373 avia-img-lazy-loading-not-24373\"  data-avia-tooltip='Capella del Roser o del Benefici de Lles de Cerdanya' src=\"https:\/\/test393.ergatesweb7.ovh\/wp-content\/uploads\/2021\/12\/capella-roser-o-benefici-lles-cor-495x400.jpg\" width=\"495\" height=\"400\"  title='14. LLES- Capella del Roser o del Benefici de Lles' alt='' srcset=\"https:\/\/test393.ergatesweb7.ovh\/wp-content\/uploads\/2021\/12\/capella-roser-o-benefici-lles-cor-495x400.jpg 495w, https:\/\/test393.ergatesweb7.ovh\/wp-content\/uploads\/2021\/12\/capella-roser-o-benefici-lles-cor-845x684.jpg 845w\" sizes=\"(max-width: 495px) 100vw, 495px\" \/><div class='big-prev-fake'><img decoding=\"async\" loading=\"lazy\" class=\"wp-image-24373 avia-img-lazy-loading-24373\"  width=\"495\" height=\"400\" src=\"https:\/\/test393.ergatesweb7.ovh\/wp-content\/uploads\/2021\/12\/capella-roser-o-benefici-lles-cor-495x400.jpg\" title='14. LLES- Capella del Roser o del Benefici de Lles' alt='' srcset=\"https:\/\/test393.ergatesweb7.ovh\/wp-content\/uploads\/2021\/12\/capella-roser-o-benefici-lles-cor-495x400.jpg 495w, https:\/\/test393.ergatesweb7.ovh\/wp-content\/uploads\/2021\/12\/capella-roser-o-benefici-lles-cor-845x684.jpg 845w\" sizes=\"auto, (max-width: 495px) 100vw, 495px\" \/><\/div><\/a><a href=\"https:\/\/test393.ergatesweb7.ovh\/wp-content\/uploads\/2021\/12\/capella-roser-o-benefici-lles-crist-1030x687.jpg\" data-srcset=\"https:\/\/test393.ergatesweb7.ovh\/wp-content\/uploads\/2021\/12\/capella-roser-o-benefici-lles-crist-1030x687.jpg 1030w, https:\/\/test393.ergatesweb7.ovh\/wp-content\/uploads\/2021\/12\/capella-roser-o-benefici-lles-crist-300x200.jpg 300w, https:\/\/test393.ergatesweb7.ovh\/wp-content\/uploads\/2021\/12\/capella-roser-o-benefici-lles-crist-768x512.jpg 768w, https:\/\/test393.ergatesweb7.ovh\/wp-content\/uploads\/2021\/12\/capella-roser-o-benefici-lles-crist-705x470.jpg 705w, https:\/\/test393.ergatesweb7.ovh\/wp-content\/uploads\/2021\/12\/capella-roser-o-benefici-lles-crist.jpg 1500w\" data-sizes=\"(max-width: 1030px) 100vw, 1030px\" data-rel='gallery-1' data-prev-img='https:\/\/test393.ergatesweb7.ovh\/wp-content\/uploads\/2021\/12\/capella-roser-o-benefici-lles-crist-495x400.jpg' class='lightbox ' data-onclick='4' title='Capella del Roser o del Benefici de Lles de Cerdanya'  itemprop=\"thumbnailUrl\"  ><img decoding=\"async\" fetchpriority=\"high\" class=\"wp-image-24375 avia-img-lazy-loading-not-24375\"  data-avia-tooltip='Capella del Roser o del Benefici de Lles de Cerdanya' src=\"https:\/\/test393.ergatesweb7.ovh\/wp-content\/uploads\/2021\/12\/capella-roser-o-benefici-lles-crist-495x400.jpg\" width=\"495\" height=\"400\"  title='14. LLES- Capella del Roser o del Benefici de Lles' alt='' srcset=\"https:\/\/test393.ergatesweb7.ovh\/wp-content\/uploads\/2021\/12\/capella-roser-o-benefici-lles-crist-495x400.jpg 495w, https:\/\/test393.ergatesweb7.ovh\/wp-content\/uploads\/2021\/12\/capella-roser-o-benefici-lles-crist-845x684.jpg 845w\" sizes=\"(max-width: 495px) 100vw, 495px\" \/><div class='big-prev-fake'><img decoding=\"async\" loading=\"lazy\" class=\"wp-image-24375 avia-img-lazy-loading-24375\"  width=\"495\" height=\"400\" src=\"https:\/\/test393.ergatesweb7.ovh\/wp-content\/uploads\/2021\/12\/capella-roser-o-benefici-lles-crist-495x400.jpg\" title='14. LLES- Capella del Roser o del Benefici de Lles' alt='' srcset=\"https:\/\/test393.ergatesweb7.ovh\/wp-content\/uploads\/2021\/12\/capella-roser-o-benefici-lles-crist-495x400.jpg 495w, https:\/\/test393.ergatesweb7.ovh\/wp-content\/uploads\/2021\/12\/capella-roser-o-benefici-lles-crist-845x684.jpg 845w\" sizes=\"auto, (max-width: 495px) 100vw, 495px\" \/><\/div><\/a><a href=\"https:\/\/test393.ergatesweb7.ovh\/wp-content\/uploads\/2021\/12\/capella-roser-o-benefici-lles-pica-1030x687.jpg\" data-srcset=\"https:\/\/test393.ergatesweb7.ovh\/wp-content\/uploads\/2021\/12\/capella-roser-o-benefici-lles-pica-1030x687.jpg 1030w, https:\/\/test393.ergatesweb7.ovh\/wp-content\/uploads\/2021\/12\/capella-roser-o-benefici-lles-pica-300x200.jpg 300w, https:\/\/test393.ergatesweb7.ovh\/wp-content\/uploads\/2021\/12\/capella-roser-o-benefici-lles-pica-768x512.jpg 768w, https:\/\/test393.ergatesweb7.ovh\/wp-content\/uploads\/2021\/12\/capella-roser-o-benefici-lles-pica-705x470.jpg 705w, https:\/\/test393.ergatesweb7.ovh\/wp-content\/uploads\/2021\/12\/capella-roser-o-benefici-lles-pica.jpg 1500w\" data-sizes=\"(max-width: 1030px) 100vw, 1030px\" data-rel='gallery-1' data-prev-img='https:\/\/test393.ergatesweb7.ovh\/wp-content\/uploads\/2021\/12\/capella-roser-o-benefici-lles-pica-495x400.jpg' class='lightbox ' data-onclick='5' title='Capella del Roser o del Benefici de Lles de Cerdanya'  itemprop=\"thumbnailUrl\"  ><img decoding=\"async\" fetchpriority=\"high\" class=\"wp-image-24377 avia-img-lazy-loading-not-24377\"  data-avia-tooltip='Capella del Roser o del Benefici de Lles de Cerdanya' src=\"https:\/\/test393.ergatesweb7.ovh\/wp-content\/uploads\/2021\/12\/capella-roser-o-benefici-lles-pica-495x400.jpg\" width=\"495\" height=\"400\"  title='14. LLES- Capella del Roser o del Benefici de Lles' alt='' srcset=\"https:\/\/test393.ergatesweb7.ovh\/wp-content\/uploads\/2021\/12\/capella-roser-o-benefici-lles-pica-495x400.jpg 495w, https:\/\/test393.ergatesweb7.ovh\/wp-content\/uploads\/2021\/12\/capella-roser-o-benefici-lles-pica-845x684.jpg 845w\" sizes=\"(max-width: 495px) 100vw, 495px\" \/><div class='big-prev-fake'><img decoding=\"async\" loading=\"lazy\" class=\"wp-image-24377 avia-img-lazy-loading-24377\"  width=\"495\" height=\"400\" src=\"https:\/\/test393.ergatesweb7.ovh\/wp-content\/uploads\/2021\/12\/capella-roser-o-benefici-lles-pica-495x400.jpg\" title='14. LLES- Capella del Roser o del Benefici de Lles' alt='' srcset=\"https:\/\/test393.ergatesweb7.ovh\/wp-content\/uploads\/2021\/12\/capella-roser-o-benefici-lles-pica-495x400.jpg 495w, https:\/\/test393.ergatesweb7.ovh\/wp-content\/uploads\/2021\/12\/capella-roser-o-benefici-lles-pica-845x684.jpg 845w\" sizes=\"auto, (max-width: 495px) 100vw, 495px\" \/><\/div><\/a><\/div><\/div><\/div><\/p>\n","protected":false},"excerpt":{"rendered":"","protected":false},"author":3,"featured_media":23338,"parent":30631,"menu_order":60,"comment_status":"closed","ping_status":"closed","template":"","meta":{"footnotes":""},"class_list":["post-30501","page","type-page","status-publish","has-post-thumbnail","hentry"],"_links":{"self":[{"href":"https:\/\/test393.ergatesweb7.ovh\/fr\/wp-json\/wp\/v2\/pages\/30501","targetHints":{"allow":["GET"]}}],"collection":[{"href":"https:\/\/test393.ergatesweb7.ovh\/fr\/wp-json\/wp\/v2\/pages"}],"about":[{"href":"https:\/\/test393.ergatesweb7.ovh\/fr\/wp-json\/wp\/v2\/types\/page"}],"author":[{"embeddable":true,"href":"https:\/\/test393.ergatesweb7.ovh\/fr\/wp-json\/wp\/v2\/users\/3"}],"replies":[{"embeddable":true,"href":"https:\/\/test393.ergatesweb7.ovh\/fr\/wp-json\/wp\/v2\/comments?post=30501"}],"version-history":[{"count":7,"href":"https:\/\/test393.ergatesweb7.ovh\/fr\/wp-json\/wp\/v2\/pages\/30501\/revisions"}],"predecessor-version":[{"id":35086,"href":"https:\/\/test393.ergatesweb7.ovh\/fr\/wp-json\/wp\/v2\/pages\/30501\/revisions\/35086"}],"up":[{"embeddable":true,"href":"https:\/\/test393.ergatesweb7.ovh\/fr\/wp-json\/wp\/v2\/pages\/30631"}],"wp:featuredmedia":[{"embeddable":true,"href":"https:\/\/test393.ergatesweb7.ovh\/fr\/wp-json\/wp\/v2\/media\/23338"}],"wp:attachment":[{"href":"https:\/\/test393.ergatesweb7.ovh\/fr\/wp-json\/wp\/v2\/media?parent=30501"}],"curies":[{"name":"wp","href":"https:\/\/api.w.org\/{rel}","templated":true}]}}