{"id":30454,"date":"2022-04-12T14:49:12","date_gmt":"2022-04-12T12:49:12","guid":{"rendered":"https:\/\/www.cerdanya.org\/mare-de-deu-del-roser-dardovol\/"},"modified":"2022-11-13T12:39:32","modified_gmt":"2022-11-13T11:39:32","slug":"mare-de-deu-del-roser-dardovol","status":"publish","type":"page","link":"https:\/\/test393.ergatesweb7.ovh\/fr\/que-faire\/tourisme-culturel\/patrimoine-culturel\/prullans\/mare-de-deu-del-roser-dardovol\/","title":{"rendered":"Mare de D\u00e9u del Roser d\u2019Ard\u00f2vol"},"content":{"rendered":"\n<style type=\"text\/css\" data-created_by=\"avia_inline_auto\" id=\"style-css-av-36rb4oj-ba4d95154227ed0d8a771e7152bf9e9e\">\n.flex_column.av-36rb4oj-ba4d95154227ed0d8a771e7152bf9e9e{\nborder-radius:0px 0px 0px 0px;\npadding:0px 0px 0px 0px;\n}\n<\/style>\n<div  class='flex_column av-36rb4oj-ba4d95154227ed0d8a771e7152bf9e9e av_one_half  avia-builder-el-0  el_before_av_one_half  avia-builder-el-first  first flex_column_div av-zero-column-padding  '     ><p>\n<style type=\"text\/css\" data-created_by=\"avia_inline_auto\" id=\"style-css-av-q7fral-c5580723bc79d48dec3a19f0a185d9dc\">\n#top .av-special-heading.av-q7fral-c5580723bc79d48dec3a19f0a185d9dc{\npadding-bottom:10px;\n}\nbody .av-special-heading.av-q7fral-c5580723bc79d48dec3a19f0a185d9dc .av-special-heading-tag .heading-char{\nfont-size:25px;\n}\n.av-special-heading.av-q7fral-c5580723bc79d48dec3a19f0a185d9dc .av-subheading{\nfont-size:15px;\n}\n<\/style>\n<div  class='av-special-heading av-q7fral-c5580723bc79d48dec3a19f0a185d9dc av-special-heading-h5  avia-builder-el-1  el_before_av_textblock  avia-builder-el-first '><h5 class='av-special-heading-tag '  itemprop=\"headline\"  >Description<\/h5><div class=\"special-heading-border\"><div class=\"special-heading-inner-border\"><\/div><\/div><\/div><br \/>\n<section  class='av_textblock_section av-ksyomoyl-25f1f3c8b1a0a9b03a6473be4799410f '   itemscope=\"itemscope\" itemtype=\"https:\/\/schema.org\/CreativeWork\" ><div class='avia_textblock'  itemprop=\"text\" ><p>L&rsquo;origine du temple actuel est une \u00e9glise\/chapelle romane du XIe si\u00e8cle, qui a \u00e9t\u00e9 reconstruite au XIXe si\u00e8cle, comme l&rsquo;indique la date sur la porte d&rsquo;entr\u00e9e, 1817. Elle a un plan rectangulaire sans abside diff\u00e9renci\u00e9e. Pendant de nombreuses ann\u00e9es, elle est rest\u00e9e en ruine. La derni\u00e8re restauration a \u00e9t\u00e9 inaugur\u00e9e en 1998, ce qui a permis d&rsquo;identifier la hauteur des murs d&rsquo;origine \u00e0 l&rsquo;int\u00e9rieur du b\u00e2timent, tels qu&rsquo;ils ont \u00e9t\u00e9 conserv\u00e9s. Cependant, elle fut recouverte d&rsquo;une vo\u00fbte en berceau et le petit beffroi, encore conserv\u00e9 en 1964, fut reconstruit. Elle est actuellement d\u00e9di\u00e9e \u00e0 la Vierge du Roser.<\/p>\n<\/div><\/section><\/p><\/div>\n\n<style type=\"text\/css\" data-created_by=\"avia_inline_auto\" id=\"style-css-av-2coqnf7-fe66bdd07c1c8428c9bfcd41c861e712\">\n.flex_column.av-2coqnf7-fe66bdd07c1c8428c9bfcd41c861e712{\nborder-radius:0px 0px 0px 0px;\npadding:0px 0px 0px 0px;\n}\n<\/style>\n<div  class='flex_column av-2coqnf7-fe66bdd07c1c8428c9bfcd41c861e712 av_one_half  avia-builder-el-3  el_after_av_one_half  avia-builder-el-last  flex_column_div av-zero-column-padding  '     ><style type=\"text\/css\" data-created_by=\"avia_inline_auto\" id=\"style-css-av-29ooh4j-8562c38535a7f8f2b512b456f70258c4\">\n#top .avia-gallery.av-29ooh4j-8562c38535a7f8f2b512b456f70258c4 .avia-gallery-thumb a{\nwidth:20%;\n}\n<\/style>\n<div  class='avia-gallery av-29ooh4j-8562c38535a7f8f2b512b456f70258c4 avia_animate_when_visible  avia-builder-el-4  avia-builder-el-no-sibling  avia_lazyload av-slideshow-ui av-loop-manual-endless av-control-hidden av-navigate-arrows av-navigate-dots hover-effect av-control-hidden avia-gallery-animate avia-gallery-1'  itemprop=\"image\" itemscope=\"itemscope\" itemtype=\"https:\/\/schema.org\/ImageObject\" ><meta itemprop=\"contentURL\" content=\"https:\/\/test393.ergatesweb7.ovh\/fr\/que-faire\/tourisme-culturel\/patrimoine-culturel\/prullans\/mare-de-deu-del-roser-dardovol\/\"><div class='avia-gallery-big-wrapper'><a class='avia-gallery-big fakeLightbox lightbox avia-gallery-big-crop-thumb ' href=\"https:\/\/test393.ergatesweb7.ovh\/wp-content\/uploads\/2022\/11\/29.-PRULLANS-Sant-Esteve-de-Prullans_A9A7290-1030x687.jpg\" data-srcset=\"https:\/\/test393.ergatesweb7.ovh\/wp-content\/uploads\/2022\/11\/29.-PRULLANS-Sant-Esteve-de-Prullans_A9A7290-1030x687.jpg 1030w, https:\/\/test393.ergatesweb7.ovh\/wp-content\/uploads\/2022\/11\/29.-PRULLANS-Sant-Esteve-de-Prullans_A9A7290-300x200.jpg 300w, https:\/\/test393.ergatesweb7.ovh\/wp-content\/uploads\/2022\/11\/29.-PRULLANS-Sant-Esteve-de-Prullans_A9A7290-768x512.jpg 768w, https:\/\/test393.ergatesweb7.ovh\/wp-content\/uploads\/2022\/11\/29.-PRULLANS-Sant-Esteve-de-Prullans_A9A7290-705x470.jpg 705w, https:\/\/test393.ergatesweb7.ovh\/wp-content\/uploads\/2022\/11\/29.-PRULLANS-Sant-Esteve-de-Prullans_A9A7290.jpg 1500w\" data-sizes=\"(max-width: 1030px) 100vw, 1030px\"  data-onclick='1' title='Mare de D\u00e9u d&rsquo;Ard\u00f2vol altar' ><span class='avia-gallery-big-inner'  itemprop=\"thumbnailUrl\" ><img decoding=\"async\" fetchpriority=\"high\" class=\"wp-image-40329 avia-img-lazy-loading-not-40329\"  width=\"495\" height=\"400\" src=\"https:\/\/test393.ergatesweb7.ovh\/wp-content\/uploads\/2022\/11\/29.-PRULLANS-Sant-Esteve-de-Prullans_A9A7290-495x400.jpg\" title='Mare de D\u00e9u d&#039;Ard\u00f2vol altar' alt='' srcset=\"https:\/\/test393.ergatesweb7.ovh\/wp-content\/uploads\/2022\/11\/29.-PRULLANS-Sant-Esteve-de-Prullans_A9A7290-495x400.jpg 495w, https:\/\/test393.ergatesweb7.ovh\/wp-content\/uploads\/2022\/11\/29.-PRULLANS-Sant-Esteve-de-Prullans_A9A7290-845x684.jpg 845w\" sizes=\"(max-width: 495px) 100vw, 495px\" \/><span class='avia-gallery-caption'>Mare de D\u00e9u d&rsquo;Ard\u00f2vol altar<\/span><\/span><\/a><\/div><div class='avia-gallery-thumb'><a href=\"https:\/\/test393.ergatesweb7.ovh\/wp-content\/uploads\/2022\/11\/29.-PRULLANS-Sant-Esteve-de-Prullans_A9A7290-1030x687.jpg\" data-srcset=\"https:\/\/test393.ergatesweb7.ovh\/wp-content\/uploads\/2022\/11\/29.-PRULLANS-Sant-Esteve-de-Prullans_A9A7290-1030x687.jpg 1030w, https:\/\/test393.ergatesweb7.ovh\/wp-content\/uploads\/2022\/11\/29.-PRULLANS-Sant-Esteve-de-Prullans_A9A7290-300x200.jpg 300w, https:\/\/test393.ergatesweb7.ovh\/wp-content\/uploads\/2022\/11\/29.-PRULLANS-Sant-Esteve-de-Prullans_A9A7290-768x512.jpg 768w, https:\/\/test393.ergatesweb7.ovh\/wp-content\/uploads\/2022\/11\/29.-PRULLANS-Sant-Esteve-de-Prullans_A9A7290-705x470.jpg 705w, https:\/\/test393.ergatesweb7.ovh\/wp-content\/uploads\/2022\/11\/29.-PRULLANS-Sant-Esteve-de-Prullans_A9A7290.jpg 1500w\" data-sizes=\"(max-width: 1030px) 100vw, 1030px\" data-rel='gallery-1' data-prev-img='https:\/\/test393.ergatesweb7.ovh\/wp-content\/uploads\/2022\/11\/29.-PRULLANS-Sant-Esteve-de-Prullans_A9A7290-495x400.jpg' class='first_thumb lightbox ' data-onclick='1' title='Mare de D\u00e9u d&rsquo;Ard\u00f2vol altar'  itemprop=\"thumbnailUrl\"  ><img decoding=\"async\" fetchpriority=\"high\" class=\"wp-image-40329 avia-img-lazy-loading-not-40329\"  data-avia-tooltip='Mare de D\u00e9u d&rsquo;Ard\u00f2vol altar' src=\"https:\/\/test393.ergatesweb7.ovh\/wp-content\/uploads\/2022\/11\/29.-PRULLANS-Sant-Esteve-de-Prullans_A9A7290-495x400.jpg\" width=\"495\" height=\"400\"  title='Mare de D\u00e9u d&#039;Ard\u00f2vol altar' alt='' srcset=\"https:\/\/test393.ergatesweb7.ovh\/wp-content\/uploads\/2022\/11\/29.-PRULLANS-Sant-Esteve-de-Prullans_A9A7290-495x400.jpg 495w, https:\/\/test393.ergatesweb7.ovh\/wp-content\/uploads\/2022\/11\/29.-PRULLANS-Sant-Esteve-de-Prullans_A9A7290-845x684.jpg 845w\" sizes=\"(max-width: 495px) 100vw, 495px\" \/><div class='big-prev-fake'><img decoding=\"async\" loading=\"lazy\" class=\"wp-image-40329 avia-img-lazy-loading-40329\"  width=\"495\" height=\"400\" src=\"https:\/\/test393.ergatesweb7.ovh\/wp-content\/uploads\/2022\/11\/29.-PRULLANS-Sant-Esteve-de-Prullans_A9A7290-495x400.jpg\" title='Mare de D\u00e9u d&#039;Ard\u00f2vol altar' alt='' srcset=\"https:\/\/test393.ergatesweb7.ovh\/wp-content\/uploads\/2022\/11\/29.-PRULLANS-Sant-Esteve-de-Prullans_A9A7290-495x400.jpg 495w, https:\/\/test393.ergatesweb7.ovh\/wp-content\/uploads\/2022\/11\/29.-PRULLANS-Sant-Esteve-de-Prullans_A9A7290-845x684.jpg 845w\" sizes=\"auto, (max-width: 495px) 100vw, 495px\" \/><\/div><\/a><a href=\"https:\/\/test393.ergatesweb7.ovh\/wp-content\/uploads\/2022\/11\/29.-PRULLANS-Sant-Esteve-de-Prullans_A9A7288-1030x687.jpg\" data-srcset=\"https:\/\/test393.ergatesweb7.ovh\/wp-content\/uploads\/2022\/11\/29.-PRULLANS-Sant-Esteve-de-Prullans_A9A7288-1030x687.jpg 1030w, https:\/\/test393.ergatesweb7.ovh\/wp-content\/uploads\/2022\/11\/29.-PRULLANS-Sant-Esteve-de-Prullans_A9A7288-300x200.jpg 300w, https:\/\/test393.ergatesweb7.ovh\/wp-content\/uploads\/2022\/11\/29.-PRULLANS-Sant-Esteve-de-Prullans_A9A7288-768x512.jpg 768w, https:\/\/test393.ergatesweb7.ovh\/wp-content\/uploads\/2022\/11\/29.-PRULLANS-Sant-Esteve-de-Prullans_A9A7288-705x470.jpg 705w, https:\/\/test393.ergatesweb7.ovh\/wp-content\/uploads\/2022\/11\/29.-PRULLANS-Sant-Esteve-de-Prullans_A9A7288.jpg 1500w\" data-sizes=\"(max-width: 1030px) 100vw, 1030px\" data-rel='gallery-1' data-prev-img='https:\/\/test393.ergatesweb7.ovh\/wp-content\/uploads\/2022\/11\/29.-PRULLANS-Sant-Esteve-de-Prullans_A9A7288-495x400.jpg' class='lightbox ' data-onclick='2' title='Mare de D\u00e9u d&rsquo;Ard\u00f2vol bancs'  itemprop=\"thumbnailUrl\"  ><img decoding=\"async\" fetchpriority=\"high\" class=\"wp-image-40337 avia-img-lazy-loading-not-40337\"  data-avia-tooltip='Mare de D\u00e9u d&rsquo;Ard\u00f2vol bancs' src=\"https:\/\/test393.ergatesweb7.ovh\/wp-content\/uploads\/2022\/11\/29.-PRULLANS-Sant-Esteve-de-Prullans_A9A7288-495x400.jpg\" width=\"495\" height=\"400\"  title='Mare de D\u00e9u d&#039;Ard\u00f2vol bancs' alt='' srcset=\"https:\/\/test393.ergatesweb7.ovh\/wp-content\/uploads\/2022\/11\/29.-PRULLANS-Sant-Esteve-de-Prullans_A9A7288-495x400.jpg 495w, https:\/\/test393.ergatesweb7.ovh\/wp-content\/uploads\/2022\/11\/29.-PRULLANS-Sant-Esteve-de-Prullans_A9A7288-845x684.jpg 845w\" sizes=\"(max-width: 495px) 100vw, 495px\" \/><div class='big-prev-fake'><img decoding=\"async\" loading=\"lazy\" class=\"wp-image-40337 avia-img-lazy-loading-40337\"  width=\"495\" height=\"400\" src=\"https:\/\/test393.ergatesweb7.ovh\/wp-content\/uploads\/2022\/11\/29.-PRULLANS-Sant-Esteve-de-Prullans_A9A7288-495x400.jpg\" title='Mare de D\u00e9u d&#039;Ard\u00f2vol bancs' alt='' srcset=\"https:\/\/test393.ergatesweb7.ovh\/wp-content\/uploads\/2022\/11\/29.-PRULLANS-Sant-Esteve-de-Prullans_A9A7288-495x400.jpg 495w, https:\/\/test393.ergatesweb7.ovh\/wp-content\/uploads\/2022\/11\/29.-PRULLANS-Sant-Esteve-de-Prullans_A9A7288-845x684.jpg 845w\" sizes=\"auto, (max-width: 495px) 100vw, 495px\" \/><\/div><\/a><a href=\"https:\/\/test393.ergatesweb7.ovh\/wp-content\/uploads\/2022\/11\/29.-PRULLANS-Sant-Esteve-de-Prullans_A9A7293-1030x687.jpg\" data-srcset=\"https:\/\/test393.ergatesweb7.ovh\/wp-content\/uploads\/2022\/11\/29.-PRULLANS-Sant-Esteve-de-Prullans_A9A7293-1030x687.jpg 1030w, https:\/\/test393.ergatesweb7.ovh\/wp-content\/uploads\/2022\/11\/29.-PRULLANS-Sant-Esteve-de-Prullans_A9A7293-300x200.jpg 300w, https:\/\/test393.ergatesweb7.ovh\/wp-content\/uploads\/2022\/11\/29.-PRULLANS-Sant-Esteve-de-Prullans_A9A7293-768x512.jpg 768w, https:\/\/test393.ergatesweb7.ovh\/wp-content\/uploads\/2022\/11\/29.-PRULLANS-Sant-Esteve-de-Prullans_A9A7293-705x470.jpg 705w, https:\/\/test393.ergatesweb7.ovh\/wp-content\/uploads\/2022\/11\/29.-PRULLANS-Sant-Esteve-de-Prullans_A9A7293.jpg 1500w\" data-sizes=\"(max-width: 1030px) 100vw, 1030px\" data-rel='gallery-1' data-prev-img='https:\/\/test393.ergatesweb7.ovh\/wp-content\/uploads\/2022\/11\/29.-PRULLANS-Sant-Esteve-de-Prullans_A9A7293-495x400.jpg' class='lightbox ' data-onclick='3' title='Mare de D\u00e9u d&rsquo;Ard\u00f2vol entrada'  itemprop=\"thumbnailUrl\"  ><img decoding=\"async\" fetchpriority=\"high\" class=\"wp-image-40333 avia-img-lazy-loading-not-40333\"  data-avia-tooltip='Mare de D\u00e9u d&rsquo;Ard\u00f2vol entrada' src=\"https:\/\/test393.ergatesweb7.ovh\/wp-content\/uploads\/2022\/11\/29.-PRULLANS-Sant-Esteve-de-Prullans_A9A7293-495x400.jpg\" width=\"495\" height=\"400\"  title='Mare de D\u00e9u d&#039;Ard\u00f2vol entrada' alt='' srcset=\"https:\/\/test393.ergatesweb7.ovh\/wp-content\/uploads\/2022\/11\/29.-PRULLANS-Sant-Esteve-de-Prullans_A9A7293-495x400.jpg 495w, https:\/\/test393.ergatesweb7.ovh\/wp-content\/uploads\/2022\/11\/29.-PRULLANS-Sant-Esteve-de-Prullans_A9A7293-845x684.jpg 845w\" sizes=\"(max-width: 495px) 100vw, 495px\" \/><div class='big-prev-fake'><img decoding=\"async\" loading=\"lazy\" class=\"wp-image-40333 avia-img-lazy-loading-40333\"  width=\"495\" height=\"400\" src=\"https:\/\/test393.ergatesweb7.ovh\/wp-content\/uploads\/2022\/11\/29.-PRULLANS-Sant-Esteve-de-Prullans_A9A7293-495x400.jpg\" title='Mare de D\u00e9u d&#039;Ard\u00f2vol entrada' alt='' srcset=\"https:\/\/test393.ergatesweb7.ovh\/wp-content\/uploads\/2022\/11\/29.-PRULLANS-Sant-Esteve-de-Prullans_A9A7293-495x400.jpg 495w, https:\/\/test393.ergatesweb7.ovh\/wp-content\/uploads\/2022\/11\/29.-PRULLANS-Sant-Esteve-de-Prullans_A9A7293-845x684.jpg 845w\" sizes=\"auto, (max-width: 495px) 100vw, 495px\" \/><\/div><\/a><\/div><\/div><\/div>\n","protected":false},"excerpt":{"rendered":"","protected":false},"author":3,"featured_media":40329,"parent":30617,"menu_order":20,"comment_status":"closed","ping_status":"closed","template":"","meta":{"footnotes":""},"class_list":["post-30454","page","type-page","status-publish","has-post-thumbnail","hentry"],"_links":{"self":[{"href":"https:\/\/test393.ergatesweb7.ovh\/fr\/wp-json\/wp\/v2\/pages\/30454","targetHints":{"allow":["GET"]}}],"collection":[{"href":"https:\/\/test393.ergatesweb7.ovh\/fr\/wp-json\/wp\/v2\/pages"}],"about":[{"href":"https:\/\/test393.ergatesweb7.ovh\/fr\/wp-json\/wp\/v2\/types\/page"}],"author":[{"embeddable":true,"href":"https:\/\/test393.ergatesweb7.ovh\/fr\/wp-json\/wp\/v2\/users\/3"}],"replies":[{"embeddable":true,"href":"https:\/\/test393.ergatesweb7.ovh\/fr\/wp-json\/wp\/v2\/comments?post=30454"}],"version-history":[{"count":11,"href":"https:\/\/test393.ergatesweb7.ovh\/fr\/wp-json\/wp\/v2\/pages\/30454\/revisions"}],"predecessor-version":[{"id":40412,"href":"https:\/\/test393.ergatesweb7.ovh\/fr\/wp-json\/wp\/v2\/pages\/30454\/revisions\/40412"}],"up":[{"embeddable":true,"href":"https:\/\/test393.ergatesweb7.ovh\/fr\/wp-json\/wp\/v2\/pages\/30617"}],"wp:featuredmedia":[{"embeddable":true,"href":"https:\/\/test393.ergatesweb7.ovh\/fr\/wp-json\/wp\/v2\/media\/40329"}],"wp:attachment":[{"href":"https:\/\/test393.ergatesweb7.ovh\/fr\/wp-json\/wp\/v2\/media?parent=30454"}],"curies":[{"name":"wp","href":"https:\/\/api.w.org\/{rel}","templated":true}]}}