{"id":30371,"date":"2022-04-12T09:34:23","date_gmt":"2022-04-12T07:34:23","guid":{"rendered":"https:\/\/www.cerdanya.org\/sant-joan-baptista-saint-jean-baptiste\/"},"modified":"2022-04-28T23:08:49","modified_gmt":"2022-04-28T21:08:49","slug":"sant-joan-baptista-saint-jean-baptiste","status":"publish","type":"page","link":"https:\/\/test393.ergatesweb7.ovh\/fr\/que-faire\/tourisme-culturel\/patrimoine-culturel\/riu-de-cerdanya\/sant-joan-baptista-saint-jean-baptiste\/","title":{"rendered":"Sant Joan Baptista (Saint Jean Baptiste)"},"content":{"rendered":"\n<style type=\"text\/css\" data-created_by=\"avia_inline_auto\" id=\"style-css-av-36rb4oj-ba4d95154227ed0d8a771e7152bf9e9e\">\n.flex_column.av-36rb4oj-ba4d95154227ed0d8a771e7152bf9e9e{\nborder-radius:0px 0px 0px 0px;\npadding:0px 0px 0px 0px;\n}\n<\/style>\n<div  class='flex_column av-36rb4oj-ba4d95154227ed0d8a771e7152bf9e9e av_one_half  avia-builder-el-0  el_before_av_one_half  avia-builder-el-first  first flex_column_div av-zero-column-padding  '     ><p>\n<style type=\"text\/css\" data-created_by=\"avia_inline_auto\" id=\"style-css-av-n068lh-45e1886dd1156e0d1573aaf3a797cb48\">\n#top .av-special-heading.av-n068lh-45e1886dd1156e0d1573aaf3a797cb48{\npadding-bottom:10px;\n}\nbody .av-special-heading.av-n068lh-45e1886dd1156e0d1573aaf3a797cb48 .av-special-heading-tag .heading-char{\nfont-size:25px;\n}\n.av-special-heading.av-n068lh-45e1886dd1156e0d1573aaf3a797cb48 .av-subheading{\nfont-size:15px;\n}\n<\/style>\n<div  class='av-special-heading av-n068lh-45e1886dd1156e0d1573aaf3a797cb48 av-special-heading-h5  avia-builder-el-1  el_before_av_textblock  avia-builder-el-first '><h5 class='av-special-heading-tag '  itemprop=\"headline\"  >Description<\/h5><div class=\"special-heading-border\"><div class=\"special-heading-inner-border\"><\/div><\/div><\/div><br \/>\n<section  class='av_textblock_section av-ksyomoyl-25f1f3c8b1a0a9b03a6473be4799410f '   itemscope=\"itemscope\" itemtype=\"https:\/\/schema.org\/CreativeWork\" ><div class='avia_textblock'  itemprop=\"text\" ><p>Il s&rsquo;agit d&rsquo;un \u00e9difice du XVIIIe si\u00e8cle dans lequel on distingue l&rsquo;abside et les chapelles lat\u00e9rales. Sur la fa\u00e7ade ouest se trouve la porte d&rsquo;arc en plein cintre avec des voussoirs bien travaill\u00e9s. Le voussoir central met en \u00e9vidence la date 1773 avec la croix de Saint-Jean au centre, qui est aussi la date du retable \u00e0 l&rsquo;int\u00e9rieur. La fa\u00e7ade est couronn\u00e9e par un clocher \u00e0 deux yeux. Derri\u00e8re laquelle se trouve la bo\u00eete pour acc\u00e9der aux cloches.<\/p>\n<p>Sur la m\u00eame fa\u00e7ade se trouve une plaque de marbre rouge avec l&rsquo;inscription : \u00ab PLAZA DE LA CONSTITUCION 18 \u2020 21 \u00bb. Qui fait r\u00e9f\u00e9rence \u00e0 la Constitution de Cadix de 1812 \u00ab\u00a0la Pepa\u00a0\u00bb.<\/p>\n<p>La nef pr\u00e9sente un plan rectangulaire couvert d&rsquo;une vo\u00fbte en berceau soutenue par des piliers fix\u00e9s au mur d&rsquo;o\u00f9 partent des arcs diaphragmes en plein cintre.<\/p>\n<p>A l&rsquo;ouest de la nef se trouve un petit ch\u0153ur en bois o\u00f9 l&rsquo;on trouve une copie de \u00ab\u00a0Manufacturas Blasco de Relojes P\u00fablicos\u00a0\u00bb de Roquetas, Tortosa.<\/p>\n<p>L&rsquo;abside est occup\u00e9e par le retable baroque de 1773, rescap\u00e9 de la destruction de 1936. Il est en bois polychrome avec des ornements d\u00e9cor\u00e9s de feuilles d&rsquo;or. Elle est d\u00e9di\u00e9e \u00e0 saint Jean-Baptiste et reproduit quatre sc\u00e8nes du Nouveau Testament li\u00e9es \u00e0 la vie du saint.<\/p>\n<p>Sur le mur de la fa\u00e7ade SE se trouve un grand cadran solaire.<\/p>\n<\/div><\/section><\/p><\/div>\n<style type=\"text\/css\" data-created_by=\"avia_inline_auto\" id=\"style-css-av-2coqnf7-fe66bdd07c1c8428c9bfcd41c861e712\">\n.flex_column.av-2coqnf7-fe66bdd07c1c8428c9bfcd41c861e712{\nborder-radius:0px 0px 0px 0px;\npadding:0px 0px 0px 0px;\n}\n<\/style>\n<div  class='flex_column av-2coqnf7-fe66bdd07c1c8428c9bfcd41c861e712 av_one_half  avia-builder-el-3  el_after_av_one_half  el_before_av_one_full  flex_column_div av-zero-column-padding  '     ><style type=\"text\/css\" data-created_by=\"avia_inline_auto\" id=\"style-css-av-29ooh4j-0e4110745b4abb1cb69fb8aa7ced5574\">\n#top .avia-gallery.av-29ooh4j-0e4110745b4abb1cb69fb8aa7ced5574 .avia-gallery-thumb a{\nwidth:20%;\n}\n<\/style>\n<div  class='avia-gallery av-29ooh4j-0e4110745b4abb1cb69fb8aa7ced5574 avia_animate_when_visible  avia-builder-el-4  avia-builder-el-no-sibling  avia_lazyload av-slideshow-ui av-loop-manual-endless av-control-hidden av-navigate-arrows av-navigate-dots hover-effect av-control-hidden avia-gallery-animate avia-gallery-1'  itemprop=\"image\" itemscope=\"itemscope\" itemtype=\"https:\/\/schema.org\/ImageObject\" ><meta itemprop=\"contentURL\" content=\"https:\/\/test393.ergatesweb7.ovh\/fr\/que-faire\/tourisme-culturel\/patrimoine-culturel\/riu-de-cerdanya\/sant-joan-baptista-saint-jean-baptiste\/\"><div class='avia-gallery-big-wrapper'><a class='avia-gallery-big fakeLightbox lightbox avia-gallery-big-crop-thumb ' href=\"https:\/\/test393.ergatesweb7.ovh\/wp-content\/uploads\/2021\/12\/esglesia-sant-joan-riu-1030x773.jpg\" data-srcset=\"https:\/\/test393.ergatesweb7.ovh\/wp-content\/uploads\/2021\/12\/esglesia-sant-joan-riu-1030x773.jpg 1030w, https:\/\/test393.ergatesweb7.ovh\/wp-content\/uploads\/2021\/12\/esglesia-sant-joan-riu-300x225.jpg 300w, https:\/\/test393.ergatesweb7.ovh\/wp-content\/uploads\/2021\/12\/esglesia-sant-joan-riu-768x576.jpg 768w, https:\/\/test393.ergatesweb7.ovh\/wp-content\/uploads\/2021\/12\/esglesia-sant-joan-riu-705x529.jpg 705w, https:\/\/test393.ergatesweb7.ovh\/wp-content\/uploads\/2021\/12\/esglesia-sant-joan-riu.jpg 1500w\" data-sizes=\"(max-width: 1030px) 100vw, 1030px\"  data-onclick='1' title='Esgl\u00e9sia de Sant joan de Riu de Cerdanya' ><span class='avia-gallery-big-inner'  itemprop=\"thumbnailUrl\" ><img decoding=\"async\" fetchpriority=\"high\" class=\"wp-image-23686 avia-img-lazy-loading-not-23686\"  width=\"495\" height=\"400\" src=\"https:\/\/test393.ergatesweb7.ovh\/wp-content\/uploads\/2021\/12\/esglesia-sant-joan-riu-495x400.jpg\" title='esglesia-sant-joan-riu' alt='' srcset=\"https:\/\/test393.ergatesweb7.ovh\/wp-content\/uploads\/2021\/12\/esglesia-sant-joan-riu-495x400.jpg 495w, https:\/\/test393.ergatesweb7.ovh\/wp-content\/uploads\/2021\/12\/esglesia-sant-joan-riu-845x684.jpg 845w\" sizes=\"(max-width: 495px) 100vw, 495px\" \/><span class='avia-gallery-caption'>Esgl\u00e9sia de Sant joan de Riu de Cerdanya<\/span><\/span><\/a><\/div><div class='avia-gallery-thumb'><a href=\"https:\/\/test393.ergatesweb7.ovh\/wp-content\/uploads\/2021\/12\/esglesia-sant-joan-riu-1030x773.jpg\" data-srcset=\"https:\/\/test393.ergatesweb7.ovh\/wp-content\/uploads\/2021\/12\/esglesia-sant-joan-riu-1030x773.jpg 1030w, https:\/\/test393.ergatesweb7.ovh\/wp-content\/uploads\/2021\/12\/esglesia-sant-joan-riu-300x225.jpg 300w, https:\/\/test393.ergatesweb7.ovh\/wp-content\/uploads\/2021\/12\/esglesia-sant-joan-riu-768x576.jpg 768w, https:\/\/test393.ergatesweb7.ovh\/wp-content\/uploads\/2021\/12\/esglesia-sant-joan-riu-705x529.jpg 705w, https:\/\/test393.ergatesweb7.ovh\/wp-content\/uploads\/2021\/12\/esglesia-sant-joan-riu.jpg 1500w\" data-sizes=\"(max-width: 1030px) 100vw, 1030px\" data-rel='gallery-1' data-prev-img='https:\/\/test393.ergatesweb7.ovh\/wp-content\/uploads\/2021\/12\/esglesia-sant-joan-riu-495x400.jpg' class='first_thumb lightbox ' data-onclick='1' title='Esgl\u00e9sia de Sant joan de Riu de Cerdanya'  itemprop=\"thumbnailUrl\"  ><img decoding=\"async\" fetchpriority=\"high\" class=\"wp-image-23686 avia-img-lazy-loading-not-23686\"  data-avia-tooltip='Esgl\u00e9sia de Sant joan de Riu de Cerdanya' src=\"https:\/\/test393.ergatesweb7.ovh\/wp-content\/uploads\/2021\/12\/esglesia-sant-joan-riu-495x400.jpg\" width=\"495\" height=\"400\"  title='esglesia-sant-joan-riu' alt='' srcset=\"https:\/\/test393.ergatesweb7.ovh\/wp-content\/uploads\/2021\/12\/esglesia-sant-joan-riu-495x400.jpg 495w, https:\/\/test393.ergatesweb7.ovh\/wp-content\/uploads\/2021\/12\/esglesia-sant-joan-riu-845x684.jpg 845w\" sizes=\"(max-width: 495px) 100vw, 495px\" \/><div class='big-prev-fake'><img decoding=\"async\" loading=\"lazy\" class=\"wp-image-23686 avia-img-lazy-loading-23686\"  width=\"495\" height=\"400\" src=\"https:\/\/test393.ergatesweb7.ovh\/wp-content\/uploads\/2021\/12\/esglesia-sant-joan-riu-495x400.jpg\" title='esglesia-sant-joan-riu' alt='' srcset=\"https:\/\/test393.ergatesweb7.ovh\/wp-content\/uploads\/2021\/12\/esglesia-sant-joan-riu-495x400.jpg 495w, https:\/\/test393.ergatesweb7.ovh\/wp-content\/uploads\/2021\/12\/esglesia-sant-joan-riu-845x684.jpg 845w\" sizes=\"auto, (max-width: 495px) 100vw, 495px\" \/><\/div><\/a><\/div><\/div><\/div><\/p>\n\n<style type=\"text\/css\" data-created_by=\"avia_inline_auto\" id=\"style-css-av-13qih77-00e4eae9d0b6c138f9ba0e0aa3d8fb95\">\n.flex_column.av-13qih77-00e4eae9d0b6c138f9ba0e0aa3d8fb95{\nborder-radius:0px 0px 0px 0px;\npadding:0px 0px 0px 0px;\n}\n<\/style>\n<div  class='flex_column av-13qih77-00e4eae9d0b6c138f9ba0e0aa3d8fb95 av_one_full  avia-builder-el-5  el_after_av_one_half  el_before_av_one_full  first flex_column_div av-zero-column-padding  column-top-margin'     ><style type=\"text\/css\" data-created_by=\"avia_inline_auto\" id=\"style-css-av-kwp2dp8f-f55138033d46035ff7ae47226ad7fa00\">\n#top .hr.hr-invisible.av-kwp2dp8f-f55138033d46035ff7ae47226ad7fa00{\nheight:20px;\n}\n<\/style>\n<div  class='hr av-kwp2dp8f-f55138033d46035ff7ae47226ad7fa00 hr-invisible  avia-builder-el-6  avia-builder-el-no-sibling '><span class='hr-inner '><span class=\"hr-inner-style\"><\/span><\/span><\/div><\/div>\n\n<style type=\"text\/css\" data-created_by=\"avia_inline_auto\" id=\"style-css-av-3yv5b9v-d3e899977985ff1849f179a52966191f\">\n.flex_column.av-3yv5b9v-d3e899977985ff1849f179a52966191f{\nborder-radius:0px 0px 0px 0px;\npadding:0px 0px 0px 0px;\n}\n<\/style>\n<div  class='flex_column av-3yv5b9v-d3e899977985ff1849f179a52966191f av_one_full  avia-builder-el-7  el_after_av_one_full  el_before_av_one_full  first flex_column_div av-zero-column-padding  column-top-margin'     ><p>\n<style type=\"text\/css\" data-created_by=\"avia_inline_auto\" id=\"style-css-av-rk0q9x-3e52ecf24259d7024364741163c4f5ec\">\n#top .av-special-heading.av-rk0q9x-3e52ecf24259d7024364741163c4f5ec{\npadding-bottom:10px;\n}\nbody .av-special-heading.av-rk0q9x-3e52ecf24259d7024364741163c4f5ec .av-special-heading-tag .heading-char{\nfont-size:25px;\n}\n.av-special-heading.av-rk0q9x-3e52ecf24259d7024364741163c4f5ec .av-subheading{\nfont-size:15px;\n}\n<\/style>\n<div  class='av-special-heading av-rk0q9x-3e52ecf24259d7024364741163c4f5ec av-special-heading-h5  avia-builder-el-8  el_before_av_image  avia-builder-el-first '><h5 class='av-special-heading-tag '  itemprop=\"headline\"  >Tour virtual<\/h5><div class=\"special-heading-border\"><div class=\"special-heading-inner-border\"><\/div><\/div><\/div><br \/>\n\n<style type=\"text\/css\" data-created_by=\"avia_inline_auto\" id=\"style-css-av-kwov5uzo-c2b139a42f23af25645a8a3d21ffbe97\">\n.avia-image-container.av-kwov5uzo-c2b139a42f23af25645a8a3d21ffbe97 img.avia_image{\nbox-shadow:none;\n}\n.avia-image-container.av-kwov5uzo-c2b139a42f23af25645a8a3d21ffbe97 .av-image-caption-overlay-center{\ncolor:#ffffff;\n}\n<\/style>\n<div  class='avia-image-container av-kwov5uzo-c2b139a42f23af25645a8a3d21ffbe97 av-styling- av-img-linked avia-align-center  avia-builder-el-9  el_after_av_heading  avia-builder-el-last '   itemprop=\"image\" itemscope=\"itemscope\" itemtype=\"https:\/\/schema.org\/ImageObject\" ><div class=\"avia-image-container-inner\"><div class=\"avia-image-overlay-wrap\"><a href=\"https:\/\/www.cerdanya.org\/tour-virtual\/sant-joan-de-riu\" class='avia_image '  aria-label='sant-joan-riu-link-tour-virtual'><img decoding=\"async\" fetchpriority=\"high\" class='wp-image-23688 avia-img-lazy-loading-not-23688 avia_image ' src=\"https:\/\/test393.ergatesweb7.ovh\/wp-content\/uploads\/2021\/12\/sant-joan-riu-link-tour-virtual.jpg\" alt='' title='sant-joan-riu-link-tour-virtual'  height=\"515\" width=\"1030\"  itemprop=\"thumbnailUrl\" srcset=\"https:\/\/test393.ergatesweb7.ovh\/wp-content\/uploads\/2021\/12\/sant-joan-riu-link-tour-virtual.jpg 1030w, https:\/\/test393.ergatesweb7.ovh\/wp-content\/uploads\/2021\/12\/sant-joan-riu-link-tour-virtual-300x150.jpg 300w, https:\/\/test393.ergatesweb7.ovh\/wp-content\/uploads\/2021\/12\/sant-joan-riu-link-tour-virtual-768x384.jpg 768w, https:\/\/test393.ergatesweb7.ovh\/wp-content\/uploads\/2021\/12\/sant-joan-riu-link-tour-virtual-705x353.jpg 705w\" sizes=\"(max-width: 1030px) 100vw, 1030px\" \/><\/a><\/div><\/div><\/div><\/p><\/div>\n\n<style type=\"text\/css\" data-created_by=\"avia_inline_auto\" id=\"style-css-av-s3dbbn-0e722fbfd78ee340bbf8cc0e77ceb3ab\">\n.flex_column.av-s3dbbn-0e722fbfd78ee340bbf8cc0e77ceb3ab{\nborder-radius:0px 0px 0px 0px;\npadding:0px 0px 0px 0px;\n}\n<\/style>\n<div  class='flex_column av-s3dbbn-0e722fbfd78ee340bbf8cc0e77ceb3ab av_one_full  avia-builder-el-10  el_after_av_one_full  el_before_av_one_half  first flex_column_div av-zero-column-padding  column-top-margin'     ><style type=\"text\/css\" data-created_by=\"avia_inline_auto\" id=\"style-css-av-kwp2dp8f-f55138033d46035ff7ae47226ad7fa00\">\n#top .hr.hr-invisible.av-kwp2dp8f-f55138033d46035ff7ae47226ad7fa00{\nheight:20px;\n}\n<\/style>\n<div  class='hr av-kwp2dp8f-f55138033d46035ff7ae47226ad7fa00 hr-invisible  avia-builder-el-11  avia-builder-el-no-sibling '><span class='hr-inner '><span class=\"hr-inner-style\"><\/span><\/span><\/div><\/div>\n\n<style type=\"text\/css\" data-created_by=\"avia_inline_auto\" id=\"style-css-av-1ng0qsz-c645341a775a36fc9a94b413daec359d\">\n.flex_column.av-1ng0qsz-c645341a775a36fc9a94b413daec359d{\nborder-radius:0px 0px 0px 0px;\npadding:0px 0px 0px 0px;\n}\n<\/style>\n<div  class='flex_column av-1ng0qsz-c645341a775a36fc9a94b413daec359d av_one_half  avia-builder-el-12  el_after_av_one_full  el_before_av_one_half  first flex_column_div av-zero-column-padding  column-top-margin'     ><p>\n<style type=\"text\/css\" data-created_by=\"avia_inline_auto\" id=\"style-css-av-2eg1151-3cbc30efa679006a6bfe7c927173a771\">\n#top .av-special-heading.av-2eg1151-3cbc30efa679006a6bfe7c927173a771{\npadding-bottom:10px;\n}\nbody .av-special-heading.av-2eg1151-3cbc30efa679006a6bfe7c927173a771 .av-special-heading-tag .heading-char{\nfont-size:25px;\n}\n.av-special-heading.av-2eg1151-3cbc30efa679006a6bfe7c927173a771 .av-subheading{\nfont-size:15px;\n}\n<\/style>\n<div  class='av-special-heading av-2eg1151-3cbc30efa679006a6bfe7c927173a771 av-special-heading-h5  avia-builder-el-13  el_before_av_textblock  avia-builder-el-first '><h5 class='av-special-heading-tag '  itemprop=\"headline\"  >\u00c0udio descriptiu de l\u2019esgl\u00e9sia<\/h5><div class=\"special-heading-border\"><div class=\"special-heading-inner-border\"><\/div><\/div><\/div><br \/>\n<section  class='av_textblock_section av-kwp1c696-f012e88fe66fc0b1775c95ccfc237f7e '   itemscope=\"itemscope\" itemtype=\"https:\/\/schema.org\/CreativeWork\" ><div class='avia_textblock'  itemprop=\"text\" ><p>\u00c9coutez l&rsquo;audio dans lequel nous vous disons \u00e0 quoi ressemble l&rsquo;\u00e9glise de Sant Baptista de Riu de Cerdanya.<\/p>\n<\/div><\/section><br \/>\n<div id=\"av_player-1\" class=\"av-player av-player-container av-kwp1gaol-fc6c4040781e7dae89e9de85a5eabb3b avia-playerstyle-classic av_player-1  avia-builder-el-15  el_after_av_textblock  el_before_av_player  first avia-playlist-no-loop avia-playlist-hide-cover\"><div class=\"av-player-player-container\"><div class=\"wp-playlist wp-audio-playlist wp-playlist-light\">\n\t\t\t<div class=\"wp-playlist-current-item\"><\/div>\n\t\t<audio controls=\"controls\" preload=\"none\" width=\"1478\"\n\t\t\t><\/audio>\n\t<div class=\"wp-playlist-next\"><\/div>\n\t<div class=\"wp-playlist-prev\"><\/div>\n\t<noscript>\n\t<ol>\n\t\t<li><a href='https:\/\/test393.ergatesweb7.ovh\/wp-content\/uploads\/2021\/12\/locucio-catala-sant-joan-riu.mp3'>CATAL\u00c0<\/a><\/li>\t<\/ol>\n\t<\/noscript>\n\t<script type=\"application\/json\" class=\"wp-playlist-script\">{\"type\":\"audio\",\"tracklist\":true,\"tracknumbers\":true,\"images\":true,\"artists\":true,\"tracks\":[{\"src\":\"https:\/\/test393.ergatesweb7.ovh\/wp-content\/uploads\/2021\/12\/locucio-catala-sant-joan-riu.mp3\",\"type\":\"audio\/mpeg\",\"title\":\"CATAL\\u00c0\",\"caption\":\"\",\"description\":\"Descripci\\u00f3 de l'esgl\\u00e9sia de Sant Joan Baptista de Riu de Cerdanya en catal\\u00e0.\",\"meta\":{\"artist\":\"Turisme Cerdanya\",\"genre\":\"Video\",\"year\":\"2021\",\"length_formatted\":\"1:09\"},\"image\":{\"src\":\"https:\/\/test393.ergatesweb7.ovh\/wp-includes\/images\/media\/audio.svg\",\"width\":48,\"height\":64},\"thumb\":{\"src\":\"https:\/\/test393.ergatesweb7.ovh\/wp-includes\/images\/media\/audio.svg\",\"width\":48,\"height\":64}}]}<\/script>\n<\/div>\n\t<\/div><\/div><br \/>\n<div id=\"av_player-2\" class=\"av-player av-player-container av-kwp1gaol-fc6c4040781e7dae89e9de85a5eabb3b avia-playerstyle-classic av_player-2  avia-builder-el-16  el_after_av_player  el_before_av_player  avia-playlist-no-loop avia-playlist-hide-cover\"><div class=\"av-player-player-container\"><div class=\"wp-playlist wp-audio-playlist wp-playlist-light\">\n\t\t\t<div class=\"wp-playlist-current-item\"><\/div>\n\t\t<audio controls=\"controls\" preload=\"none\" width=\"1478\"\n\t\t\t><\/audio>\n\t<div class=\"wp-playlist-next\"><\/div>\n\t<div class=\"wp-playlist-prev\"><\/div>\n\t<noscript>\n\t<ol>\n\t\t<li><a href='https:\/\/test393.ergatesweb7.ovh\/wp-content\/uploads\/2021\/12\/locucio-castella-sant-esteve-guils-1.mp3'>CASTELL\u00c0<\/a><\/li>\t<\/ol>\n\t<\/noscript>\n\t<script type=\"application\/json\" class=\"wp-playlist-script\">{\"type\":\"audio\",\"tracklist\":true,\"tracknumbers\":true,\"images\":true,\"artists\":true,\"tracks\":[{\"src\":\"https:\/\/test393.ergatesweb7.ovh\/wp-content\/uploads\/2021\/12\/locucio-castella-sant-esteve-guils-1.mp3\",\"type\":\"audio\/mpeg\",\"title\":\"CASTELL\\u00c0\",\"caption\":\"\",\"description\":\"\\\"ES ST JOAN BAPTISTA RIU\\\" de VideoProc Converter. Any de publicaci\\u00f3: 2021. G\\u00e8nere: Video.\",\"meta\":{\"artist\":\"Turisme Cerdanya\",\"genre\":\"Video\",\"year\":\"2021\",\"length_formatted\":\"1:19\"},\"image\":{\"src\":\"https:\/\/test393.ergatesweb7.ovh\/wp-includes\/images\/media\/audio.svg\",\"width\":48,\"height\":64},\"thumb\":{\"src\":\"https:\/\/test393.ergatesweb7.ovh\/wp-includes\/images\/media\/audio.svg\",\"width\":48,\"height\":64}}]}<\/script>\n<\/div>\n\t<\/div><\/div><br \/>\n<div id=\"av_player-3\" class=\"av-player av-player-container av-kwp1gaol-fc6c4040781e7dae89e9de85a5eabb3b avia-playerstyle-classic av_player-3  avia-builder-el-17  el_after_av_player  el_before_av_player  avia-playlist-no-loop avia-playlist-hide-cover\"><div class=\"av-player-player-container\"><div class=\"wp-playlist wp-audio-playlist wp-playlist-light\">\n\t\t\t<div class=\"wp-playlist-current-item\"><\/div>\n\t\t<audio controls=\"controls\" preload=\"none\" width=\"1478\"\n\t\t\t><\/audio>\n\t<div class=\"wp-playlist-next\"><\/div>\n\t<div class=\"wp-playlist-prev\"><\/div>\n\t<noscript>\n\t<ol>\n\t\t<li><a href='https:\/\/test393.ergatesweb7.ovh\/wp-content\/uploads\/2021\/12\/locucio-angles-sant-esteve-guils-1.mp3'>ANGL\u00c8S<\/a><\/li>\t<\/ol>\n\t<\/noscript>\n\t<script type=\"application\/json\" class=\"wp-playlist-script\">{\"type\":\"audio\",\"tracklist\":true,\"tracknumbers\":true,\"images\":true,\"artists\":true,\"tracks\":[{\"src\":\"https:\/\/test393.ergatesweb7.ovh\/wp-content\/uploads\/2021\/12\/locucio-angles-sant-esteve-guils-1.mp3\",\"type\":\"audio\/mpeg\",\"title\":\"ANGL\\u00c8S\",\"caption\":\"Descripci\\u00f3 de l'esgl\\u00e9sia de Sant Joan Baptista de Riu de Cerdanya en angl\\u00e8s.\",\"description\":\"Descripci\\u00f3 de l'esgl\\u00e9sia de Sant Joan Baptista de Riu de Cerdanya en angl\\u00e8s.\",\"meta\":{\"artist\":\"Turisme Cerdanya\",\"year\":\"2021\",\"length_formatted\":\"1:21\"},\"image\":{\"src\":\"https:\/\/test393.ergatesweb7.ovh\/wp-includes\/images\/media\/audio.svg\",\"width\":48,\"height\":64},\"thumb\":{\"src\":\"https:\/\/test393.ergatesweb7.ovh\/wp-includes\/images\/media\/audio.svg\",\"width\":48,\"height\":64}}]}<\/script>\n<\/div>\n\t<\/div><\/div><br \/>\n<div id=\"av_player-4\" class=\"av-player av-player-container av-kwp1gaol-fc6c4040781e7dae89e9de85a5eabb3b avia-playerstyle-classic av_player-4  avia-builder-el-18  el_after_av_player  avia-builder-el-last  avia-playlist-no-loop avia-playlist-hide-cover\"><div class=\"av-player-player-container\"><div class=\"wp-playlist wp-audio-playlist wp-playlist-light\">\n\t\t\t<div class=\"wp-playlist-current-item\"><\/div>\n\t\t<audio controls=\"controls\" preload=\"none\" width=\"1478\"\n\t\t\t><\/audio>\n\t<div class=\"wp-playlist-next\"><\/div>\n\t<div class=\"wp-playlist-prev\"><\/div>\n\t<noscript>\n\t<ol>\n\t\t<li><a href='https:\/\/test393.ergatesweb7.ovh\/wp-content\/uploads\/2021\/12\/locucio-frances-sant-esteve-guils-1.mp3'>FRANC\u00c8S<\/a><\/li>\t<\/ol>\n\t<\/noscript>\n\t<script type=\"application\/json\" class=\"wp-playlist-script\">{\"type\":\"audio\",\"tracklist\":true,\"tracknumbers\":true,\"images\":true,\"artists\":true,\"tracks\":[{\"src\":\"https:\/\/test393.ergatesweb7.ovh\/wp-content\/uploads\/2021\/12\/locucio-frances-sant-esteve-guils-1.mp3\",\"type\":\"audio\/mpeg\",\"title\":\"FRANC\\u00c8S\",\"caption\":\"Descripci\\u00f3 de l'esgl\\u00e9sia de Sant Joan Baptista de Riu de Cerdanya en franc\\u00e8s.\",\"description\":\"Descripci\\u00f3 de l'esgl\\u00e9sia de Sant Joan Baptista de Riu de Cerdanya en franc\\u00e8s.\",\"meta\":{\"artist\":\"Turisme Cerdanya\",\"genre\":\"Video\",\"year\":\"2021\",\"length_formatted\":\"1:16\"},\"image\":{\"src\":\"https:\/\/test393.ergatesweb7.ovh\/wp-includes\/images\/media\/audio.svg\",\"width\":48,\"height\":64},\"thumb\":{\"src\":\"https:\/\/test393.ergatesweb7.ovh\/wp-includes\/images\/media\/audio.svg\",\"width\":48,\"height\":64}}]}<\/script>\n<\/div>\n\t<\/div><\/div><\/p><\/div>\n\n<style type=\"text\/css\" data-created_by=\"avia_inline_auto\" id=\"style-css-av-qn9vw3-e99e7990c644c63e9fba89d761c58cbe\">\n.flex_column.av-qn9vw3-e99e7990c644c63e9fba89d761c58cbe{\nborder-radius:0px 0px 0px 0px;\npadding:0px 0px 0px 0px;\n}\n<\/style>\n<div  class='flex_column av-qn9vw3-e99e7990c644c63e9fba89d761c58cbe av_one_half  avia-builder-el-19  el_after_av_one_half  avia-builder-el-last  flex_column_div av-zero-column-padding  column-top-margin'     ><p>\n<style type=\"text\/css\" data-created_by=\"avia_inline_auto\" id=\"style-css-av-vi96kz-fc8d8201f4cf0da784fd96e0341c4bb7\">\n#top .av-special-heading.av-vi96kz-fc8d8201f4cf0da784fd96e0341c4bb7{\npadding-bottom:10px;\n}\nbody .av-special-heading.av-vi96kz-fc8d8201f4cf0da784fd96e0341c4bb7 .av-special-heading-tag .heading-char{\nfont-size:25px;\n}\n.av-special-heading.av-vi96kz-fc8d8201f4cf0da784fd96e0341c4bb7 .av-subheading{\nfont-size:15px;\n}\n<\/style>\n<div  class='av-special-heading av-vi96kz-fc8d8201f4cf0da784fd96e0341c4bb7 av-special-heading-h5  avia-builder-el-20  el_before_av_textblock  avia-builder-el-first '><h5 class='av-special-heading-tag '  itemprop=\"headline\"  >L\u00e9gendes<\/h5><div class=\"special-heading-border\"><div class=\"special-heading-inner-border\"><\/div><\/div><\/div><br \/>\n<section  class='av_textblock_section av-kwp1c696-f012e88fe66fc0b1775c95ccfc237f7e '   itemscope=\"itemscope\" itemtype=\"https:\/\/schema.org\/CreativeWork\" ><div class='avia_textblock'  itemprop=\"text\" ><p>Voulez-vous conna\u00eetre les l\u00e9gendes de notre r\u00e9gion ?<\/p>\n<\/div><\/section><br \/>\n<div  class='avia-button-wrap avia-button-center  avia-builder-el-22  el_after_av_textblock  avia-builder-el-last '>\n<style type=\"text\/css\" data-created_by=\"avia_inline_auto\" id=\"style-css-av-kx5yxy43-a0c809fe1fab17cd083a123fbf6bbd4c\">\n#top #wrap_all .avia-button.av-kx5yxy43-a0c809fe1fab17cd083a123fbf6bbd4c{\ncolor:#ffffff;\ntransition:all 0.4s ease-in-out;\n}\n#top #wrap_all .avia-button.av-kx5yxy43-a0c809fe1fab17cd083a123fbf6bbd4c:hover{\ncolor:#ffffff;\ntransition:all 0.4s ease-in-out;\n}\n#top #wrap_all .avia-button.av-kx5yxy43-a0c809fe1fab17cd083a123fbf6bbd4c .avia-svg-icon svg:first-child{\nfill:#ffffff;\nstroke:#ffffff;\n}\n#top #wrap_all .avia-button.av-kx5yxy43-a0c809fe1fab17cd083a123fbf6bbd4c:hover .avia-svg-icon svg:first-child{\nfill:#ffffff;\nstroke:#ffffff;\n}\n<\/style>\n<a href='https:\/\/www.cerdanya.org\/fr\/decouvrir\/culture\/legendes\/' class='avia-color-theme-color avia-button avia-button-fullwidth av-kx5yxy43-a0c809fe1fab17cd083a123fbf6bbd4c avia-icon_select-no avia-color-theme-color'   aria-label=\"Cliquez pour lire les l\u00e9gendes\"><span class='avia_iconbox_title' >Cliquez pour lire les l\u00e9gendes<\/span><span class='avia_button_background avia-button avia-button-fullwidth avia-color-theme-color-highlight'><\/span><\/a><\/div><\/p><\/div>\n","protected":false},"excerpt":{"rendered":"","protected":false},"author":3,"featured_media":24883,"parent":30613,"menu_order":10,"comment_status":"closed","ping_status":"closed","template":"","meta":{"footnotes":""},"class_list":["post-30371","page","type-page","status-publish","has-post-thumbnail","hentry"],"_links":{"self":[{"href":"https:\/\/test393.ergatesweb7.ovh\/fr\/wp-json\/wp\/v2\/pages\/30371","targetHints":{"allow":["GET"]}}],"collection":[{"href":"https:\/\/test393.ergatesweb7.ovh\/fr\/wp-json\/wp\/v2\/pages"}],"about":[{"href":"https:\/\/test393.ergatesweb7.ovh\/fr\/wp-json\/wp\/v2\/types\/page"}],"author":[{"embeddable":true,"href":"https:\/\/test393.ergatesweb7.ovh\/fr\/wp-json\/wp\/v2\/users\/3"}],"replies":[{"embeddable":true,"href":"https:\/\/test393.ergatesweb7.ovh\/fr\/wp-json\/wp\/v2\/comments?post=30371"}],"version-history":[{"count":7,"href":"https:\/\/test393.ergatesweb7.ovh\/fr\/wp-json\/wp\/v2\/pages\/30371\/revisions"}],"predecessor-version":[{"id":35351,"href":"https:\/\/test393.ergatesweb7.ovh\/fr\/wp-json\/wp\/v2\/pages\/30371\/revisions\/35351"}],"up":[{"embeddable":true,"href":"https:\/\/test393.ergatesweb7.ovh\/fr\/wp-json\/wp\/v2\/pages\/30613"}],"wp:featuredmedia":[{"embeddable":true,"href":"https:\/\/test393.ergatesweb7.ovh\/fr\/wp-json\/wp\/v2\/media\/24883"}],"wp:attachment":[{"href":"https:\/\/test393.ergatesweb7.ovh\/fr\/wp-json\/wp\/v2\/media?parent=30371"}],"curies":[{"name":"wp","href":"https:\/\/api.w.org\/{rel}","templated":true}]}}