{"id":30363,"date":"2022-04-12T09:16:33","date_gmt":"2022-04-12T07:16:33","guid":{"rendered":"https:\/\/www.cerdanya.org\/legendes\/"},"modified":"2022-04-28T13:55:20","modified_gmt":"2022-04-28T11:55:20","slug":"legendes","status":"publish","type":"page","link":"https:\/\/test393.ergatesweb7.ovh\/fr\/decouvrir\/culture\/legendes\/","title":{"rendered":"L\u00e9gendes"},"content":{"rendered":"\n<style type=\"text\/css\" data-created_by=\"avia_inline_auto\" id=\"style-css-av-7dis8-df0d5cc950b826e2bf66b47631de403e\">\n.flex_column.av-7dis8-df0d5cc950b826e2bf66b47631de403e{\nborder-radius:0px 0px 0px 0px;\npadding:0px 0px 0px 0px;\n}\n<\/style>\n<div  class='flex_column av-7dis8-df0d5cc950b826e2bf66b47631de403e av_one_full  avia-builder-el-0  el_before_av_one_full  avia-builder-el-first  first flex_column_div av-zero-column-padding  '     ><section  class='av_textblock_section av-jyzmpxzp-f68f84d214929075c1b6d8feee003985 '   itemscope=\"itemscope\" itemtype=\"https:\/\/schema.org\/CreativeWork\" ><div class='avia_textblock'  itemprop=\"text\" ><blockquote>\n<p>La Cerdagne poss\u00e8de de nombreuses l\u00e9gendes qui se sont transmises de g\u00e9n\u00e9ration en g\u00e9n\u00e9ration et qui d\u00e9finissent l&rsquo;identit\u00e9 du territoire et enrichissent son patrimoine. Un grand nombre de personnages mythologiques et fantastiques sont repr\u00e9sent\u00e9s dans ces r\u00e9cits : d\u00e9mons, dragons, monstres, sorci\u00e8res, etc. Ils vous invitent \u00e0 conna\u00eetre la r\u00e9gion sous un autre angle qui vous transportera au moment historique sp\u00e9cifique de chacune des l\u00e9gendes.<\/p>\n<\/blockquote>\n<\/div><\/section><\/div>\n<style type=\"text\/css\" data-created_by=\"avia_inline_auto\" id=\"style-css-av-pyqto1-98f398d6d02669b026c9c51c32b16462\">\n.flex_column.av-pyqto1-98f398d6d02669b026c9c51c32b16462{\nborder-radius:0px 0px 0px 0px;\npadding:0px 0px 0px 0px;\n}\n<\/style>\n<div  class='flex_column av-pyqto1-98f398d6d02669b026c9c51c32b16462 av_one_full  avia-builder-el-2  el_after_av_one_full  avia-builder-el-last  first flex_column_div av-zero-column-padding  column-top-margin'     ><\/div><\/p>\n","protected":false},"excerpt":{"rendered":"","protected":false},"author":1,"featured_media":23510,"parent":30966,"menu_order":40,"comment_status":"closed","ping_status":"closed","template":"","meta":{"footnotes":""},"class_list":["post-30363","page","type-page","status-publish","has-post-thumbnail","hentry"],"_links":{"self":[{"href":"https:\/\/test393.ergatesweb7.ovh\/fr\/wp-json\/wp\/v2\/pages\/30363","targetHints":{"allow":["GET"]}}],"collection":[{"href":"https:\/\/test393.ergatesweb7.ovh\/fr\/wp-json\/wp\/v2\/pages"}],"about":[{"href":"https:\/\/test393.ergatesweb7.ovh\/fr\/wp-json\/wp\/v2\/types\/page"}],"author":[{"embeddable":true,"href":"https:\/\/test393.ergatesweb7.ovh\/fr\/wp-json\/wp\/v2\/users\/1"}],"replies":[{"embeddable":true,"href":"https:\/\/test393.ergatesweb7.ovh\/fr\/wp-json\/wp\/v2\/comments?post=30363"}],"version-history":[{"count":4,"href":"https:\/\/test393.ergatesweb7.ovh\/fr\/wp-json\/wp\/v2\/pages\/30363\/revisions"}],"predecessor-version":[{"id":32723,"href":"https:\/\/test393.ergatesweb7.ovh\/fr\/wp-json\/wp\/v2\/pages\/30363\/revisions\/32723"}],"up":[{"embeddable":true,"href":"https:\/\/test393.ergatesweb7.ovh\/fr\/wp-json\/wp\/v2\/pages\/30966"}],"wp:featuredmedia":[{"embeddable":true,"href":"https:\/\/test393.ergatesweb7.ovh\/fr\/wp-json\/wp\/v2\/media\/23510"}],"wp:attachment":[{"href":"https:\/\/test393.ergatesweb7.ovh\/fr\/wp-json\/wp\/v2\/media?parent=30363"}],"curies":[{"name":"wp","href":"https:\/\/api.w.org\/{rel}","templated":true}]}}