{"id":30359,"date":"2022-04-12T09:04:21","date_gmt":"2022-04-12T07:04:21","guid":{"rendered":"https:\/\/www.cerdanya.org\/nyerros-y-cadells\/"},"modified":"2022-04-28T13:58:45","modified_gmt":"2022-04-28T11:58:45","slug":"nyerros-y-cadells","status":"publish","type":"page","link":"https:\/\/test393.ergatesweb7.ovh\/fr\/decouvrir\/culture\/legendes\/nyerros-y-cadells\/","title":{"rendered":"Nyerros y Cadells"},"content":{"rendered":"\n<style type=\"text\/css\" data-created_by=\"avia_inline_auto\" id=\"style-css-av-36rb4oj-ba4d95154227ed0d8a771e7152bf9e9e\">\n.flex_column.av-36rb4oj-ba4d95154227ed0d8a771e7152bf9e9e{\nborder-radius:0px 0px 0px 0px;\npadding:0px 0px 0px 0px;\n}\n<\/style>\n<div  class='flex_column av-36rb4oj-ba4d95154227ed0d8a771e7152bf9e9e av_one_half  avia-builder-el-0  el_before_av_one_half  avia-builder-el-first  first flex_column_div av-zero-column-padding  '     ><section  class='av_textblock_section av-ksyomoyl-25f1f3c8b1a0a9b03a6473be4799410f '   itemscope=\"itemscope\" itemtype=\"https:\/\/schema.org\/CreativeWork\" ><div class='avia_textblock'  itemprop=\"text\" ><p>La reine du ch\u00e2teau de Nyer et la reine de la tour d&rsquo;Ar\u00e0nser \u00e9taient s\u0153urs et elles \u00e9taient toutes les deux enceintes.<\/p>\n<p>Deux autres s\u0153urs tr\u00e8s pauvres, \u00e9galement enceintes, qui vivaient d&rsquo;aum\u00f4nes, frapp\u00e8rent le m\u00eame jour d&rsquo;hiver aux portes des deux ch\u00e2teaux. Les deux dames, avant de leur refermer la porte sur le nez, leur ont dit que si elles n&rsquo;avaient pas d&rsquo;argent elles ne devaient pas donner naissance \u00e0 des enfants. Elles sont tous les deux partis en pleurant, mais non sans les maudire au pr\u00e9alable : celle d&rsquo;Ar\u00e0nser devait avoir sept chiots ; celle de Nyer, sept porcelets. Le moment est venu et sept enfants \u00e0 moiti\u00e9 chiens naquirent \u00e0 Anranser, et sept enfants \u00e0 moiti\u00e9 porcelets \u00e0 Nyer.<\/p>\n<p>Les quatorze cousins se m\u00e9prisaient depuis le d\u00e9but et \u00e0 mesure qu&rsquo;ils grandissaient, ils augmentaient \u00e9galement leur haine, formant deux factions ennemies, Nyerros et Cadells, qui pendant des si\u00e8cles ont boulevers\u00e9 toute la noblesse catalane, divis\u00e9e des deux c\u00f4t\u00e9s.<\/p>\n<\/div><\/section><\/div>\n<style type=\"text\/css\" data-created_by=\"avia_inline_auto\" id=\"style-css-av-1ng0qsz-23c1aa3b7ae50c716d5e85aa47409484\">\n.flex_column.av-1ng0qsz-23c1aa3b7ae50c716d5e85aa47409484{\nborder-radius:0px 0px 0px 0px;\npadding:0px 0px 0px 0px;\n}\n<\/style>\n<div  class='flex_column av-1ng0qsz-23c1aa3b7ae50c716d5e85aa47409484 av_one_half  avia-builder-el-2  el_after_av_one_half  avia-builder-el-last  flex_column_div av-zero-column-padding  '     ><p>\n<style type=\"text\/css\" data-created_by=\"avia_inline_auto\" id=\"style-css-av-2o2280a-2d87f671688e0fa19b2dd9aca46a6a01\">\n#top .av-special-heading.av-2o2280a-2d87f671688e0fa19b2dd9aca46a6a01{\npadding-bottom:10px;\n}\nbody .av-special-heading.av-2o2280a-2d87f671688e0fa19b2dd9aca46a6a01 .av-special-heading-tag .heading-char{\nfont-size:25px;\n}\n.av-special-heading.av-2o2280a-2d87f671688e0fa19b2dd9aca46a6a01 .av-subheading{\nfont-size:15px;\n}\n<\/style>\n<div  class='av-special-heading av-2o2280a-2d87f671688e0fa19b2dd9aca46a6a01 av-special-heading-h3  avia-builder-el-3  el_before_av_player  avia-builder-el-first '><h3 class='av-special-heading-tag '  itemprop=\"headline\"  >\u00c9coutez la l\u00e9gende<\/h3><div class=\"special-heading-border\"><div class=\"special-heading-inner-border\"><\/div><\/div><\/div><br \/>\n<div id=\"av_player-1\" class=\"av-player av-player-container av-kwp1gaol-fc6c4040781e7dae89e9de85a5eabb3b avia-playerstyle-classic av_player-1  avia-builder-el-4  el_after_av_heading  el_before_av_player  first avia-playlist-no-loop avia-playlist-hide-cover\"><div class=\"av-player-player-container\"><!--[if lt IE 9]><script>document.createElement('audio');<\/script><![endif]-->\n\t<div class=\"wp-playlist wp-audio-playlist wp-playlist-light\">\n\t\t\t<div class=\"wp-playlist-current-item\"><\/div>\n\t\t<audio controls=\"controls\" preload=\"none\" width=\"1478\"\n\t\t\t><\/audio>\n\t<div class=\"wp-playlist-next\"><\/div>\n\t<div class=\"wp-playlist-prev\"><\/div>\n\t<noscript>\n\t<ol>\n\t\t<li><a href='https:\/\/test393.ergatesweb7.ovh\/wp-content\/uploads\/2022\/01\/nyerros-i-cadells-CAT.mp3'>CATAL\u00c0<\/a><\/li>\t<\/ol>\n\t<\/noscript>\n\t<script type=\"application\/json\" class=\"wp-playlist-script\">{\"type\":\"audio\",\"tracklist\":true,\"tracknumbers\":true,\"images\":true,\"artists\":true,\"tracks\":[{\"src\":\"https:\\\/\\\/test393.ergatesweb7.ovh\\\/wp-content\\\/uploads\\\/2022\\\/01\\\/nyerros-i-cadells-CAT.mp3\",\"type\":\"audio\\\/mpeg\",\"title\":\"CATAL\\u00c0\",\"caption\":\"Nyerros i cadells\",\"description\":\"\",\"meta\":{\"album\":\"Nyerros i cadells\",\"year\":\"2021\",\"length_formatted\":\"0:59\"},\"image\":{\"src\":\"https:\\\/\\\/test393.ergatesweb7.ovh\\\/wp-includes\\\/images\\\/media\\\/audio.svg\",\"width\":48,\"height\":64},\"thumb\":{\"src\":\"https:\\\/\\\/test393.ergatesweb7.ovh\\\/wp-includes\\\/images\\\/media\\\/audio.svg\",\"width\":48,\"height\":64}}]}<\/script>\n<\/div>\n\t<\/div><\/div><br \/>\n<div id=\"av_player-2\" class=\"av-player av-player-container av-kwp1gaol-fc6c4040781e7dae89e9de85a5eabb3b avia-playerstyle-classic av_player-2  avia-builder-el-5  el_after_av_player  el_before_av_player  avia-playlist-no-loop avia-playlist-hide-cover\"><div class=\"av-player-player-container\"><div class=\"wp-playlist wp-audio-playlist wp-playlist-light\">\n\t\t\t<div class=\"wp-playlist-current-item\"><\/div>\n\t\t<audio controls=\"controls\" preload=\"none\" width=\"1478\"\n\t\t\t><\/audio>\n\t<div class=\"wp-playlist-next\"><\/div>\n\t<div class=\"wp-playlist-prev\"><\/div>\n\t<noscript>\n\t<ol>\n\t\t<li><a href='https:\/\/test393.ergatesweb7.ovh\/wp-content\/uploads\/2022\/01\/nyerros-i-cadells-ES.mp3'>CASTELL\u00c0<\/a><\/li>\t<\/ol>\n\t<\/noscript>\n\t<script type=\"application\/json\" class=\"wp-playlist-script\">{\"type\":\"audio\",\"tracklist\":true,\"tracknumbers\":true,\"images\":true,\"artists\":true,\"tracks\":[{\"src\":\"https:\\\/\\\/test393.ergatesweb7.ovh\\\/wp-content\\\/uploads\\\/2022\\\/01\\\/nyerros-i-cadells-ES.mp3\",\"type\":\"audio\\\/mpeg\",\"title\":\"CASTELL\\u00c0\",\"caption\":\"Nyerros i cadells\",\"description\":\"\\\"ES NYERROS I CADELLS\\\". Any de publicaci\\u00f3: 2021. \\u00c0udio 1.\",\"meta\":{\"album\":\"Nyerros i cadells\",\"year\":\"2021\",\"length_formatted\":\"1:01\"},\"image\":{\"src\":\"https:\\\/\\\/test393.ergatesweb7.ovh\\\/wp-includes\\\/images\\\/media\\\/audio.svg\",\"width\":48,\"height\":64},\"thumb\":{\"src\":\"https:\\\/\\\/test393.ergatesweb7.ovh\\\/wp-includes\\\/images\\\/media\\\/audio.svg\",\"width\":48,\"height\":64}}]}<\/script>\n<\/div>\n\t<\/div><\/div><br \/>\n<div id=\"av_player-3\" class=\"av-player av-player-container av-kwp1gaol-fc6c4040781e7dae89e9de85a5eabb3b avia-playerstyle-classic av_player-3  avia-builder-el-6  el_after_av_player  el_before_av_player  avia-playlist-no-loop avia-playlist-hide-cover\"><div class=\"av-player-player-container\"><div class=\"wp-playlist wp-audio-playlist wp-playlist-light\">\n\t\t\t<div class=\"wp-playlist-current-item\"><\/div>\n\t\t<audio controls=\"controls\" preload=\"none\" width=\"1478\"\n\t\t\t><\/audio>\n\t<div class=\"wp-playlist-next\"><\/div>\n\t<div class=\"wp-playlist-prev\"><\/div>\n\t<noscript>\n\t<ol>\n\t\t<li><a href='https:\/\/test393.ergatesweb7.ovh\/wp-content\/uploads\/2022\/01\/nyerros-i-cadells-ENG.mp3'>ANGL\u00c8S<\/a><\/li>\t<\/ol>\n\t<\/noscript>\n\t<script type=\"application\/json\" class=\"wp-playlist-script\">{\"type\":\"audio\",\"tracklist\":true,\"tracknumbers\":true,\"images\":true,\"artists\":true,\"tracks\":[{\"src\":\"https:\\\/\\\/test393.ergatesweb7.ovh\\\/wp-content\\\/uploads\\\/2022\\\/01\\\/nyerros-i-cadells-ENG.mp3\",\"type\":\"audio\\\/mpeg\",\"title\":\"ANGL\\u00c8S\",\"caption\":\"Nyerros and cadells\",\"description\":\"\",\"meta\":{\"album\":\"Nyerros and cadells\",\"year\":\"2021\",\"length_formatted\":\"1:12\"},\"image\":{\"src\":\"https:\\\/\\\/test393.ergatesweb7.ovh\\\/wp-includes\\\/images\\\/media\\\/audio.svg\",\"width\":48,\"height\":64},\"thumb\":{\"src\":\"https:\\\/\\\/test393.ergatesweb7.ovh\\\/wp-includes\\\/images\\\/media\\\/audio.svg\",\"width\":48,\"height\":64}}]}<\/script>\n<\/div>\n\t<\/div><\/div><br \/>\n<div id=\"av_player-4\" class=\"av-player av-player-container av-kwp1gaol-fc6c4040781e7dae89e9de85a5eabb3b avia-playerstyle-classic av_player-4  avia-builder-el-7  el_after_av_player  avia-builder-el-last  avia-playlist-no-loop avia-playlist-hide-cover\"><div class=\"av-player-player-container\"><div class=\"wp-playlist wp-audio-playlist wp-playlist-light\">\n\t\t\t<div class=\"wp-playlist-current-item\"><\/div>\n\t\t<audio controls=\"controls\" preload=\"none\" width=\"1478\"\n\t\t\t><\/audio>\n\t<div class=\"wp-playlist-next\"><\/div>\n\t<div class=\"wp-playlist-prev\"><\/div>\n\t<noscript>\n\t<ol>\n\t\t<li><a href='https:\/\/test393.ergatesweb7.ovh\/wp-content\/uploads\/2022\/01\/nyerros-i-cadells-FR.mp3'>FRANC\u00c8S<\/a><\/li>\t<\/ol>\n\t<\/noscript>\n\t<script type=\"application\/json\" class=\"wp-playlist-script\">{\"type\":\"audio\",\"tracklist\":true,\"tracknumbers\":true,\"images\":true,\"artists\":true,\"tracks\":[{\"src\":\"https:\\\/\\\/test393.ergatesweb7.ovh\\\/wp-content\\\/uploads\\\/2022\\\/01\\\/nyerros-i-cadells-FR.mp3\",\"type\":\"audio\\\/mpeg\",\"title\":\"FRANC\\u00c8S\",\"caption\":\"Nyerros et cadells\",\"description\":\"\",\"meta\":{\"album\":\"Nyerros et cadells\",\"year\":\"2021\",\"length_formatted\":\"1:00\"},\"image\":{\"src\":\"https:\\\/\\\/test393.ergatesweb7.ovh\\\/wp-includes\\\/images\\\/media\\\/audio.svg\",\"width\":48,\"height\":64},\"thumb\":{\"src\":\"https:\\\/\\\/test393.ergatesweb7.ovh\\\/wp-includes\\\/images\\\/media\\\/audio.svg\",\"width\":48,\"height\":64}}]}<\/script>\n<\/div>\n\t<\/div><\/div><\/p><\/div><\/p>\n","protected":false},"excerpt":{"rendered":"","protected":false},"author":3,"featured_media":24707,"parent":30363,"menu_order":140,"comment_status":"closed","ping_status":"closed","template":"","meta":{"footnotes":""},"class_list":["post-30359","page","type-page","status-publish","has-post-thumbnail","hentry"],"_links":{"self":[{"href":"https:\/\/test393.ergatesweb7.ovh\/fr\/wp-json\/wp\/v2\/pages\/30359"}],"collection":[{"href":"https:\/\/test393.ergatesweb7.ovh\/fr\/wp-json\/wp\/v2\/pages"}],"about":[{"href":"https:\/\/test393.ergatesweb7.ovh\/fr\/wp-json\/wp\/v2\/types\/page"}],"author":[{"embeddable":true,"href":"https:\/\/test393.ergatesweb7.ovh\/fr\/wp-json\/wp\/v2\/users\/3"}],"replies":[{"embeddable":true,"href":"https:\/\/test393.ergatesweb7.ovh\/fr\/wp-json\/wp\/v2\/comments?post=30359"}],"version-history":[{"count":10,"href":"https:\/\/test393.ergatesweb7.ovh\/fr\/wp-json\/wp\/v2\/pages\/30359\/revisions"}],"predecessor-version":[{"id":32972,"href":"https:\/\/test393.ergatesweb7.ovh\/fr\/wp-json\/wp\/v2\/pages\/30359\/revisions\/32972"}],"up":[{"embeddable":true,"href":"https:\/\/test393.ergatesweb7.ovh\/fr\/wp-json\/wp\/v2\/pages\/30363"}],"wp:featuredmedia":[{"embeddable":true,"href":"https:\/\/test393.ergatesweb7.ovh\/fr\/wp-json\/wp\/v2\/media\/24707"}],"wp:attachment":[{"href":"https:\/\/test393.ergatesweb7.ovh\/fr\/wp-json\/wp\/v2\/media?parent=30359"}],"curies":[{"name":"wp","href":"https:\/\/api.w.org\/{rel}","templated":true}]}}