{"id":30357,"date":"2022-04-12T08:47:50","date_gmt":"2022-04-12T06:47:50","guid":{"rendered":"https:\/\/www.cerdanya.org\/le-livre-magique\/"},"modified":"2023-02-13T15:02:26","modified_gmt":"2023-02-13T14:02:26","slug":"le-livre-magique","status":"publish","type":"page","link":"https:\/\/test393.ergatesweb7.ovh\/fr\/decouvrir\/culture\/legendes\/le-livre-magique\/","title":{"rendered":"Le livre magique"},"content":{"rendered":"\n<style type=\"text\/css\" data-created_by=\"avia_inline_auto\" id=\"style-css-av-36rb4oj-ba4d95154227ed0d8a771e7152bf9e9e\">\n.flex_column.av-36rb4oj-ba4d95154227ed0d8a771e7152bf9e9e{\nborder-radius:0px 0px 0px 0px;\npadding:0px 0px 0px 0px;\n}\n<\/style>\n<div  class='flex_column av-36rb4oj-ba4d95154227ed0d8a771e7152bf9e9e av_one_half  avia-builder-el-0  el_before_av_one_half  avia-builder-el-first  first flex_column_div av-zero-column-padding  '     ><section  class='av_textblock_section av-ksyomoyl-25f1f3c8b1a0a9b03a6473be4799410f '   itemscope=\"itemscope\" itemtype=\"https:\/\/schema.org\/CreativeWork\" ><div class='avia_textblock'  itemprop=\"text\" ><p>On raconte l&rsquo;histoire d&rsquo;un berger qui, alors qu&rsquo;il faisait pa\u00eetre son troupeau, trouva un vieux livre dans les montagnes. Quand il rentra chez lui le soir, il l&rsquo;ouvrit. D\u00e8s que l&rsquo;homme ouvrit le livre, sa femme se mit \u00e0 danser. A une voisine qui est entr\u00e9e dans la maison, il lui est arriv\u00e9 la m\u00eame chose rien qu&rsquo;en arrivant : ses pieds se sont mis \u00e0 bouger et elle a dans\u00e9. La m\u00eame chose s&rsquo;est produite avec une troisi\u00e8me femme. Quand les gens ont appris ce qui se passait dans la maison du berger, ils ont inform\u00e9 l&rsquo;aum\u00f4nier, qui est entr\u00e9 dans la maison, a pris le livre des mains du berger et l&rsquo;a ferm\u00e9 aussit\u00f4t. Les femmes cess\u00e8rent de danser, ne se souvenant de rien de ce qui s&rsquo;\u00e9tait pass\u00e9. L&rsquo;origine de tout \u00e9tait le livre, un livre magique.<\/p>\n<\/div><\/section><\/div>\n\n<style type=\"text\/css\" data-created_by=\"avia_inline_auto\" id=\"style-css-av-1ng0qsz-23c1aa3b7ae50c716d5e85aa47409484\">\n.flex_column.av-1ng0qsz-23c1aa3b7ae50c716d5e85aa47409484{\nborder-radius:0px 0px 0px 0px;\npadding:0px 0px 0px 0px;\n}\n<\/style>\n<div  class='flex_column av-1ng0qsz-23c1aa3b7ae50c716d5e85aa47409484 av_one_half  avia-builder-el-2  el_after_av_one_half  avia-builder-el-last  flex_column_div av-zero-column-padding  '     ><p>\n<style type=\"text\/css\" data-created_by=\"avia_inline_auto\" id=\"style-css-av-nsxj7g-3e503b3273ddc474abad04d35c0a37e1\">\n#top .av-special-heading.av-nsxj7g-3e503b3273ddc474abad04d35c0a37e1{\npadding-bottom:10px;\n}\nbody .av-special-heading.av-nsxj7g-3e503b3273ddc474abad04d35c0a37e1 .av-special-heading-tag .heading-char{\nfont-size:25px;\n}\n.av-special-heading.av-nsxj7g-3e503b3273ddc474abad04d35c0a37e1 .av-subheading{\nfont-size:15px;\n}\n<\/style>\n<div  class='av-special-heading av-nsxj7g-3e503b3273ddc474abad04d35c0a37e1 av-special-heading-h3  avia-builder-el-3  el_before_av_player  avia-builder-el-first '><h3 class='av-special-heading-tag '  itemprop=\"headline\"  >\u00c9coutez la l\u00e9gende<\/h3><div class=\"special-heading-border\"><div class=\"special-heading-inner-border\"><\/div><\/div><\/div><br \/>\n<div id=\"av_player-1\" class=\"av-player av-player-container av-kwp1gaol-fc6c4040781e7dae89e9de85a5eabb3b avia-playerstyle-classic av_player-1  avia-builder-el-4  el_after_av_heading  el_before_av_player  first avia-playlist-no-loop avia-playlist-hide-cover\"><div class=\"av-player-player-container\"><div class=\"wp-playlist wp-audio-playlist wp-playlist-light\">\n\t\t\t<div class=\"wp-playlist-current-item\"><\/div>\n\t\t<audio controls=\"controls\" preload=\"none\" width=\"1478\"\n\t\t\t><\/audio>\n\t<div class=\"wp-playlist-next\"><\/div>\n\t<div class=\"wp-playlist-prev\"><\/div>\n\t<noscript>\n\t<ol>\n\t\t<li><a href='https:\/\/test393.ergatesweb7.ovh\/wp-content\/uploads\/2022\/01\/el-llibre-magic-CAT.mp3'>CATAL\u00c0<\/a><\/li>\t<\/ol>\n\t<\/noscript>\n\t<script type=\"application\/json\" class=\"wp-playlist-script\">{\"type\":\"audio\",\"tracklist\":true,\"tracknumbers\":true,\"images\":true,\"artists\":true,\"tracks\":[{\"src\":\"https:\/\/test393.ergatesweb7.ovh\/wp-content\/uploads\/2022\/01\/el-llibre-magic-CAT.mp3\",\"type\":\"audio\/mpeg\",\"title\":\"CATAL\\u00c0\",\"caption\":\"El llibre m\\u00e0gic\",\"description\":\"\\\"CAT EL LLIBRE MAGIC\\\". Any de publicaci\\u00f3: 2021. \\u00c0udio 1.\",\"meta\":{\"album\":\"El llibre m\\u00e0gic\",\"year\":\"2021\",\"length_formatted\":\"0:42\"},\"image\":{\"src\":\"https:\/\/test393.ergatesweb7.ovh\/wp-includes\/images\/media\/audio.svg\",\"width\":48,\"height\":64},\"thumb\":{\"src\":\"https:\/\/test393.ergatesweb7.ovh\/wp-includes\/images\/media\/audio.svg\",\"width\":48,\"height\":64}}]}<\/script>\n<\/div>\n\t<\/div><\/div><br \/>\n<div id=\"av_player-2\" class=\"av-player av-player-container av-kwp1gaol-fc6c4040781e7dae89e9de85a5eabb3b avia-playerstyle-classic av_player-2  avia-builder-el-5  el_after_av_player  el_before_av_player  avia-playlist-no-loop avia-playlist-hide-cover\"><div class=\"av-player-player-container\"><div class=\"wp-playlist wp-audio-playlist wp-playlist-light\">\n\t\t\t<div class=\"wp-playlist-current-item\"><\/div>\n\t\t<audio controls=\"controls\" preload=\"none\" width=\"1478\"\n\t\t\t><\/audio>\n\t<div class=\"wp-playlist-next\"><\/div>\n\t<div class=\"wp-playlist-prev\"><\/div>\n\t<noscript>\n\t<ol>\n\t\t<li><a href='https:\/\/test393.ergatesweb7.ovh\/wp-content\/uploads\/2022\/01\/el-llibre-magic-ES.mp3'>CASTELL\u00c0<\/a><\/li>\t<\/ol>\n\t<\/noscript>\n\t<script type=\"application\/json\" class=\"wp-playlist-script\">{\"type\":\"audio\",\"tracklist\":true,\"tracknumbers\":true,\"images\":true,\"artists\":true,\"tracks\":[{\"src\":\"https:\/\/test393.ergatesweb7.ovh\/wp-content\/uploads\/2022\/01\/el-llibre-magic-ES.mp3\",\"type\":\"audio\/mpeg\",\"title\":\"CASTELL\\u00c0\",\"caption\":\"El libro m\\u00e1gico\",\"description\":\"\\\"ES EL LIBRE MAGIC\\\". Any de publicaci\\u00f3: 2021. \\u00c0udio 1.\",\"meta\":{\"album\":\"El libro m\\u00e1gico\",\"year\":\"2021\",\"length_formatted\":\"0:42\"},\"image\":{\"src\":\"https:\/\/test393.ergatesweb7.ovh\/wp-includes\/images\/media\/audio.svg\",\"width\":48,\"height\":64},\"thumb\":{\"src\":\"https:\/\/test393.ergatesweb7.ovh\/wp-includes\/images\/media\/audio.svg\",\"width\":48,\"height\":64}}]}<\/script>\n<\/div>\n\t<\/div><\/div><br \/>\n<div id=\"av_player-3\" class=\"av-player av-player-container av-kwp1gaol-fc6c4040781e7dae89e9de85a5eabb3b avia-playerstyle-classic av_player-3  avia-builder-el-6  el_after_av_player  el_before_av_player  avia-playlist-no-loop avia-playlist-hide-cover\"><div class=\"av-player-player-container\"><div class=\"wp-playlist wp-audio-playlist wp-playlist-light\">\n\t\t\t<div class=\"wp-playlist-current-item\"><\/div>\n\t\t<audio controls=\"controls\" preload=\"none\" width=\"1478\"\n\t\t\t><\/audio>\n\t<div class=\"wp-playlist-next\"><\/div>\n\t<div class=\"wp-playlist-prev\"><\/div>\n\t<noscript>\n\t<ol>\n\t\t<li><a href='https:\/\/test393.ergatesweb7.ovh\/wp-content\/uploads\/2022\/01\/el-llibre-magic-ENG.mp3'>ANGL\u00c8S<\/a><\/li>\t<\/ol>\n\t<\/noscript>\n\t<script type=\"application\/json\" class=\"wp-playlist-script\">{\"type\":\"audio\",\"tracklist\":true,\"tracknumbers\":true,\"images\":true,\"artists\":true,\"tracks\":[{\"src\":\"https:\/\/test393.ergatesweb7.ovh\/wp-content\/uploads\/2022\/01\/el-llibre-magic-ENG.mp3\",\"type\":\"audio\/mpeg\",\"title\":\"ANGL\\u00c8S\",\"caption\":\"The magic book \",\"description\":\"\\\"UK EL LLIBRE MAGIC\\\". Any de publicaci\\u00f3: 2021. \\u00c0udio 1.\",\"meta\":{\"album\":\"The magic book\",\"year\":\"2021\",\"length_formatted\":\"0:44\"},\"image\":{\"src\":\"https:\/\/test393.ergatesweb7.ovh\/wp-includes\/images\/media\/audio.svg\",\"width\":48,\"height\":64},\"thumb\":{\"src\":\"https:\/\/test393.ergatesweb7.ovh\/wp-includes\/images\/media\/audio.svg\",\"width\":48,\"height\":64}}]}<\/script>\n<\/div>\n\t<\/div><\/div><br \/>\n<div id=\"av_player-4\" class=\"av-player av-player-container av-kwp1gaol-fc6c4040781e7dae89e9de85a5eabb3b avia-playerstyle-classic av_player-4  avia-builder-el-7  el_after_av_player  avia-builder-el-last  avia-playlist-no-loop avia-playlist-hide-cover\"><div class=\"av-player-player-container\"><div class=\"wp-playlist wp-audio-playlist wp-playlist-light\">\n\t\t\t<div class=\"wp-playlist-current-item\"><\/div>\n\t\t<audio controls=\"controls\" preload=\"none\" width=\"1478\"\n\t\t\t><\/audio>\n\t<div class=\"wp-playlist-next\"><\/div>\n\t<div class=\"wp-playlist-prev\"><\/div>\n\t<noscript>\n\t<ol>\n\t\t<li><a href='https:\/\/test393.ergatesweb7.ovh\/wp-content\/uploads\/2022\/01\/el-llibre-magic-FR.mp3'>FRANC\u00c8S<\/a><\/li>\t<\/ol>\n\t<\/noscript>\n\t<script type=\"application\/json\" class=\"wp-playlist-script\">{\"type\":\"audio\",\"tracklist\":true,\"tracknumbers\":true,\"images\":true,\"artists\":true,\"tracks\":[{\"src\":\"https:\/\/test393.ergatesweb7.ovh\/wp-content\/uploads\/2022\/01\/el-llibre-magic-FR.mp3\",\"type\":\"audio\/mpeg\",\"title\":\"FRANC\\u00c8S\",\"caption\":\"Le livre magique\",\"description\":\"\",\"meta\":{\"album\":\"Le livre magique\",\"year\":\"2021\",\"length_formatted\":\"0:40\"},\"image\":{\"src\":\"https:\/\/test393.ergatesweb7.ovh\/wp-includes\/images\/media\/audio.svg\",\"width\":48,\"height\":64},\"thumb\":{\"src\":\"https:\/\/test393.ergatesweb7.ovh\/wp-includes\/images\/media\/audio.svg\",\"width\":48,\"height\":64}}]}<\/script>\n<\/div>\n\t<\/div><\/div><\/p><\/div>\n","protected":false},"excerpt":{"rendered":"","protected":false},"author":1,"featured_media":24727,"parent":30363,"menu_order":60,"comment_status":"closed","ping_status":"closed","template":"","meta":{"footnotes":""},"class_list":["post-30357","page","type-page","status-publish","has-post-thumbnail","hentry"],"_links":{"self":[{"href":"https:\/\/test393.ergatesweb7.ovh\/fr\/wp-json\/wp\/v2\/pages\/30357","targetHints":{"allow":["GET"]}}],"collection":[{"href":"https:\/\/test393.ergatesweb7.ovh\/fr\/wp-json\/wp\/v2\/pages"}],"about":[{"href":"https:\/\/test393.ergatesweb7.ovh\/fr\/wp-json\/wp\/v2\/types\/page"}],"author":[{"embeddable":true,"href":"https:\/\/test393.ergatesweb7.ovh\/fr\/wp-json\/wp\/v2\/users\/1"}],"replies":[{"embeddable":true,"href":"https:\/\/test393.ergatesweb7.ovh\/fr\/wp-json\/wp\/v2\/comments?post=30357"}],"version-history":[{"count":3,"href":"https:\/\/test393.ergatesweb7.ovh\/fr\/wp-json\/wp\/v2\/pages\/30357\/revisions"}],"predecessor-version":[{"id":42152,"href":"https:\/\/test393.ergatesweb7.ovh\/fr\/wp-json\/wp\/v2\/pages\/30357\/revisions\/42152"}],"up":[{"embeddable":true,"href":"https:\/\/test393.ergatesweb7.ovh\/fr\/wp-json\/wp\/v2\/pages\/30363"}],"wp:featuredmedia":[{"embeddable":true,"href":"https:\/\/test393.ergatesweb7.ovh\/fr\/wp-json\/wp\/v2\/media\/24727"}],"wp:attachment":[{"href":"https:\/\/test393.ergatesweb7.ovh\/fr\/wp-json\/wp\/v2\/media?parent=30357"}],"curies":[{"name":"wp","href":"https:\/\/api.w.org\/{rel}","templated":true}]}}