{"id":30322,"date":"2022-04-11T21:02:09","date_gmt":"2022-04-11T19:02:09","guid":{"rendered":"https:\/\/www.cerdanya.org\/la-legende-du-diable\/"},"modified":"2022-04-28T13:58:08","modified_gmt":"2022-04-28T11:58:08","slug":"la-legende-du-diable","status":"publish","type":"page","link":"https:\/\/test393.ergatesweb7.ovh\/fr\/decouvrir\/culture\/legendes\/la-legende-du-diable\/","title":{"rendered":"La l\u00e9gende du diable"},"content":{"rendered":"\n<style type=\"text\/css\" data-created_by=\"avia_inline_auto\" id=\"style-css-av-36rb4oj-ba4d95154227ed0d8a771e7152bf9e9e\">\n.flex_column.av-36rb4oj-ba4d95154227ed0d8a771e7152bf9e9e{\nborder-radius:0px 0px 0px 0px;\npadding:0px 0px 0px 0px;\n}\n<\/style>\n<div  class='flex_column av-36rb4oj-ba4d95154227ed0d8a771e7152bf9e9e av_one_half  avia-builder-el-0  el_before_av_one_half  avia-builder-el-first  first flex_column_div av-zero-column-padding  '     ><section  class='av_textblock_section av-ksyomoyl-25f1f3c8b1a0a9b03a6473be4799410f '   itemscope=\"itemscope\" itemtype=\"https:\/\/schema.org\/CreativeWork\" ><div class='avia_textblock'  itemprop=\"text\" ><p>L&rsquo;une des plus belles l\u00e9gendes de cette nuit de Saint Jean, et dans laquelle le diable est impliqu\u00e9, est celle qui nous raconte qu&rsquo;une ann\u00e9e, cette m\u00eame nuit, le diable parcourut la r\u00e9gion de la Cerdagne, cherchant les tr\u00e9sors et \u00e2mes qui lui appartenaient et qu&rsquo;il avait dispers\u00e9es dans le monde entier. En courant, il a perdu le chapeau qu&rsquo;il portait, ce dont il avait besoin pour se rappeler o\u00f9 se trouvaient ses tr\u00e9sors et ses \u00e2mes. M\u00eame s&rsquo;il l&rsquo;a beaucoup cherch\u00e9, il ne l&rsquo;a pas trouv\u00e9, c&rsquo;est pourquoi on dit que si quelqu&rsquo;un le trouve et le met, il d\u00e9couvrira tous les endroits o\u00f9 le diable avait cach\u00e9 ses tr\u00e9sors. En m\u00eame temps, il faut aussi dire que tant qu&rsquo;il n&rsquo;aura pas retrouv\u00e9 son chapeau, le d\u00e9mon ne pourra emmener aucune \u00e2me en enfer, puisque, sans son chapeau, il ne peut pas reconna\u00eetre lesquelles lui appartiennent.<\/p>\n<p>Il s&rsquo;agira de chercher le chapeau, mais sans le rendre.<\/p>\n<\/div><\/section><\/div>\n<style type=\"text\/css\" data-created_by=\"avia_inline_auto\" id=\"style-css-av-1ng0qsz-23c1aa3b7ae50c716d5e85aa47409484\">\n.flex_column.av-1ng0qsz-23c1aa3b7ae50c716d5e85aa47409484{\nborder-radius:0px 0px 0px 0px;\npadding:0px 0px 0px 0px;\n}\n<\/style>\n<div  class='flex_column av-1ng0qsz-23c1aa3b7ae50c716d5e85aa47409484 av_one_half  avia-builder-el-2  el_after_av_one_half  avia-builder-el-last  flex_column_div av-zero-column-padding  '     ><p>\n<style type=\"text\/css\" data-created_by=\"avia_inline_auto\" id=\"style-css-av-2ezdofo-0eafc541e587e200dbc699c78fefd43b\">\n#top .av-special-heading.av-2ezdofo-0eafc541e587e200dbc699c78fefd43b{\npadding-bottom:10px;\n}\nbody .av-special-heading.av-2ezdofo-0eafc541e587e200dbc699c78fefd43b .av-special-heading-tag .heading-char{\nfont-size:25px;\n}\n.av-special-heading.av-2ezdofo-0eafc541e587e200dbc699c78fefd43b .av-subheading{\nfont-size:15px;\n}\n<\/style>\n<div  class='av-special-heading av-2ezdofo-0eafc541e587e200dbc699c78fefd43b av-special-heading-h3  avia-builder-el-3  el_before_av_player  avia-builder-el-first '><h3 class='av-special-heading-tag '  itemprop=\"headline\"  >\u00c9coutez la l\u00e9gende<\/h3><div class=\"special-heading-border\"><div class=\"special-heading-inner-border\"><\/div><\/div><\/div><br \/>\n<div id=\"av_player-1\" class=\"av-player av-player-container av-kwp1gaol-fc6c4040781e7dae89e9de85a5eabb3b avia-playerstyle-classic av_player-1  avia-builder-el-4  el_after_av_heading  el_before_av_player  first avia-playlist-no-loop avia-playlist-hide-cover\"><div class=\"av-player-player-container\"><div class=\"wp-playlist wp-audio-playlist wp-playlist-light\">\n\t\t\t<div class=\"wp-playlist-current-item\"><\/div>\n\t\t<audio controls=\"controls\" preload=\"none\" width=\"1478\"\n\t\t\t><\/audio>\n\t<div class=\"wp-playlist-next\"><\/div>\n\t<div class=\"wp-playlist-prev\"><\/div>\n\t<noscript>\n\t<ol>\n\t\t<li><a href='https:\/\/test393.ergatesweb7.ovh\/wp-content\/uploads\/2022\/01\/la-llegenda-del-dimoni-CAT.mp3'>CATAL\u00c0<\/a><\/li>\t<\/ol>\n\t<\/noscript>\n\t<script type=\"application\/json\" class=\"wp-playlist-script\">{\"type\":\"audio\",\"tracklist\":true,\"tracknumbers\":true,\"images\":true,\"artists\":true,\"tracks\":[{\"src\":\"https:\/\/test393.ergatesweb7.ovh\/wp-content\/uploads\/2022\/01\/la-llegenda-del-dimoni-CAT.mp3\",\"type\":\"audio\/mpeg\",\"title\":\"CATAL\\u00c0\",\"caption\":\"La llegenda del dimoni\",\"description\":\"\\\"CAT LA LLEGENDA DEL DIMONI\\\". Any de publicaci\\u00f3: 2021. \\u00c0udio 1.\",\"meta\":{\"album\":\"La llegenda del dimoni\",\"year\":\"2021\",\"length_formatted\":\"0:51\"},\"image\":{\"src\":\"https:\/\/test393.ergatesweb7.ovh\/wp-includes\/images\/media\/audio.svg\",\"width\":48,\"height\":64},\"thumb\":{\"src\":\"https:\/\/test393.ergatesweb7.ovh\/wp-includes\/images\/media\/audio.svg\",\"width\":48,\"height\":64}}]}<\/script>\n<\/div>\n\t<\/div><\/div><br \/>\n<div id=\"av_player-2\" class=\"av-player av-player-container av-kwp1gaol-fc6c4040781e7dae89e9de85a5eabb3b avia-playerstyle-classic av_player-2  avia-builder-el-5  el_after_av_player  el_before_av_player  avia-playlist-no-loop avia-playlist-hide-cover\"><div class=\"av-player-player-container\"><div class=\"wp-playlist wp-audio-playlist wp-playlist-light\">\n\t\t\t<div class=\"wp-playlist-current-item\"><\/div>\n\t\t<audio controls=\"controls\" preload=\"none\" width=\"1478\"\n\t\t\t><\/audio>\n\t<div class=\"wp-playlist-next\"><\/div>\n\t<div class=\"wp-playlist-prev\"><\/div>\n\t<noscript>\n\t<ol>\n\t\t<li><a href='https:\/\/test393.ergatesweb7.ovh\/wp-content\/uploads\/2022\/01\/la-llegenda-del-dimoni-ES.mp3'>CASTELL\u00c0<\/a><\/li>\t<\/ol>\n\t<\/noscript>\n\t<script type=\"application\/json\" class=\"wp-playlist-script\">{\"type\":\"audio\",\"tracklist\":true,\"tracknumbers\":true,\"images\":true,\"artists\":true,\"tracks\":[{\"src\":\"https:\/\/test393.ergatesweb7.ovh\/wp-content\/uploads\/2022\/01\/la-llegenda-del-dimoni-ES.mp3\",\"type\":\"audio\/mpeg\",\"title\":\"CASTELL\\u00c0\",\"caption\":\"La leyenda del demonio\",\"description\":\"\",\"meta\":{\"album\":\"La leyenda del demonio\",\"year\":\"2021\",\"length_formatted\":\"0:53\"},\"image\":{\"src\":\"https:\/\/test393.ergatesweb7.ovh\/wp-includes\/images\/media\/audio.svg\",\"width\":48,\"height\":64},\"thumb\":{\"src\":\"https:\/\/test393.ergatesweb7.ovh\/wp-includes\/images\/media\/audio.svg\",\"width\":48,\"height\":64}}]}<\/script>\n<\/div>\n\t<\/div><\/div><br \/>\n<div id=\"av_player-3\" class=\"av-player av-player-container av-kwp1gaol-fc6c4040781e7dae89e9de85a5eabb3b avia-playerstyle-classic av_player-3  avia-builder-el-6  el_after_av_player  el_before_av_player  avia-playlist-no-loop avia-playlist-hide-cover\"><div class=\"av-player-player-container\"><div class=\"wp-playlist wp-audio-playlist wp-playlist-light\">\n\t\t\t<div class=\"wp-playlist-current-item\"><\/div>\n\t\t<audio controls=\"controls\" preload=\"none\" width=\"1478\"\n\t\t\t><\/audio>\n\t<div class=\"wp-playlist-next\"><\/div>\n\t<div class=\"wp-playlist-prev\"><\/div>\n\t<noscript>\n\t<ol>\n\t\t<li><a href='https:\/\/test393.ergatesweb7.ovh\/wp-content\/uploads\/2022\/01\/la-llegenda-del-dimoni-ENG.mp3'>ANGL\u00c8S<\/a><\/li>\t<\/ol>\n\t<\/noscript>\n\t<script type=\"application\/json\" class=\"wp-playlist-script\">{\"type\":\"audio\",\"tracklist\":true,\"tracknumbers\":true,\"images\":true,\"artists\":true,\"tracks\":[{\"src\":\"https:\/\/test393.ergatesweb7.ovh\/wp-content\/uploads\/2022\/01\/la-llegenda-del-dimoni-ENG.mp3\",\"type\":\"audio\/mpeg\",\"title\":\"ANGL\\u00c8S\",\"caption\":\"The legend of the devil\",\"description\":\"\",\"meta\":{\"album\":\"The legend of the devil\",\"year\":\"2021\",\"length_formatted\":\"0:55\"},\"image\":{\"src\":\"https:\/\/test393.ergatesweb7.ovh\/wp-includes\/images\/media\/audio.svg\",\"width\":48,\"height\":64},\"thumb\":{\"src\":\"https:\/\/test393.ergatesweb7.ovh\/wp-includes\/images\/media\/audio.svg\",\"width\":48,\"height\":64}}]}<\/script>\n<\/div>\n\t<\/div><\/div><br \/>\n<div id=\"av_player-4\" class=\"av-player av-player-container av-kwp1gaol-fc6c4040781e7dae89e9de85a5eabb3b avia-playerstyle-classic av_player-4  avia-builder-el-7  el_after_av_player  avia-builder-el-last  avia-playlist-no-loop avia-playlist-hide-cover\"><div class=\"av-player-player-container\"><div class=\"wp-playlist wp-audio-playlist wp-playlist-light\">\n\t\t\t<div class=\"wp-playlist-current-item\"><\/div>\n\t\t<audio controls=\"controls\" preload=\"none\" width=\"1478\"\n\t\t\t><\/audio>\n\t<div class=\"wp-playlist-next\"><\/div>\n\t<div class=\"wp-playlist-prev\"><\/div>\n\t<noscript>\n\t<ol>\n\t\t<li><a href='https:\/\/test393.ergatesweb7.ovh\/wp-content\/uploads\/2022\/01\/la-llegenda-del-dimoni-FR.mp3'>FRANC\u00c8S<\/a><\/li>\t<\/ol>\n\t<\/noscript>\n\t<script type=\"application\/json\" class=\"wp-playlist-script\">{\"type\":\"audio\",\"tracklist\":true,\"tracknumbers\":true,\"images\":true,\"artists\":true,\"tracks\":[{\"src\":\"https:\/\/test393.ergatesweb7.ovh\/wp-content\/uploads\/2022\/01\/la-llegenda-del-dimoni-FR.mp3\",\"type\":\"audio\/mpeg\",\"title\":\"FRANC\\u00c8S\",\"caption\":\"La l\\u00e9gende du diable\",\"description\":\"\",\"meta\":{\"album\":\"La l\\u00e9gende du diable\",\"year\":\"2021\",\"length_formatted\":\"0:53\"},\"image\":{\"src\":\"https:\/\/test393.ergatesweb7.ovh\/wp-includes\/images\/media\/audio.svg\",\"width\":48,\"height\":64},\"thumb\":{\"src\":\"https:\/\/test393.ergatesweb7.ovh\/wp-includes\/images\/media\/audio.svg\",\"width\":48,\"height\":64}}]}<\/script>\n<\/div>\n\t<\/div><\/div><\/p><\/div><\/p>\n","protected":false},"excerpt":{"rendered":"","protected":false},"author":3,"featured_media":24779,"parent":30363,"menu_order":100,"comment_status":"closed","ping_status":"closed","template":"","meta":{"footnotes":""},"class_list":["post-30322","page","type-page","status-publish","has-post-thumbnail","hentry"],"_links":{"self":[{"href":"https:\/\/test393.ergatesweb7.ovh\/fr\/wp-json\/wp\/v2\/pages\/30322","targetHints":{"allow":["GET"]}}],"collection":[{"href":"https:\/\/test393.ergatesweb7.ovh\/fr\/wp-json\/wp\/v2\/pages"}],"about":[{"href":"https:\/\/test393.ergatesweb7.ovh\/fr\/wp-json\/wp\/v2\/types\/page"}],"author":[{"embeddable":true,"href":"https:\/\/test393.ergatesweb7.ovh\/fr\/wp-json\/wp\/v2\/users\/3"}],"replies":[{"embeddable":true,"href":"https:\/\/test393.ergatesweb7.ovh\/fr\/wp-json\/wp\/v2\/comments?post=30322"}],"version-history":[{"count":2,"href":"https:\/\/test393.ergatesweb7.ovh\/fr\/wp-json\/wp\/v2\/pages\/30322\/revisions"}],"predecessor-version":[{"id":32894,"href":"https:\/\/test393.ergatesweb7.ovh\/fr\/wp-json\/wp\/v2\/pages\/30322\/revisions\/32894"}],"up":[{"embeddable":true,"href":"https:\/\/test393.ergatesweb7.ovh\/fr\/wp-json\/wp\/v2\/pages\/30363"}],"wp:featuredmedia":[{"embeddable":true,"href":"https:\/\/test393.ergatesweb7.ovh\/fr\/wp-json\/wp\/v2\/media\/24779"}],"wp:attachment":[{"href":"https:\/\/test393.ergatesweb7.ovh\/fr\/wp-json\/wp\/v2\/media?parent=30322"}],"curies":[{"name":"wp","href":"https:\/\/api.w.org\/{rel}","templated":true}]}}