{"id":35760,"date":"2022-04-28T23:53:14","date_gmt":"2022-04-28T21:53:14","guid":{"rendered":"https:\/\/www.cerdanya.org\/politica-de-privacidad\/"},"modified":"2022-04-28T23:53:14","modified_gmt":"2022-04-28T21:53:14","slug":"politica-de-privacidad","status":"publish","type":"page","link":"https:\/\/test393.ergatesweb7.ovh\/es\/politica-de-privacidad\/","title":{"rendered":"Pol\u00edtica de privacidad"},"content":{"rendered":"<div  class='flex_column av-245iz-40da7f7c483aa7767d92e6a5cb15979d av_one_full  avia-builder-el-0  avia-builder-el-no-sibling  first flex_column_div  '     ><section  class='av_textblock_section av-11b5b-d81739c59b5d2a8959bb87d280a235d7 '   itemscope=\"itemscope\" itemtype=\"https:\/\/schema.org\/CreativeWork\" ><div class='avia_textblock'  itemprop=\"text\" ><p>El presente documento de Tratamiento de Datos Personales tiene por objeto dar a conocer el m\u00e9todo en el que se recogen, tratan y protegen los datos de car\u00e1cter personal recogidos a trav\u00e9s del sitio web, con el fin de que los usuarios determinen libre y voluntariamente si desean facilitarlos sus datos personales a trav\u00e9s del presente sitio web.<\/p>\n<p>El acceso y uso del sitio web, una vez dado el consentimiento expreso marcando la correspondiente casilla por parte del usuario, implica la plena aceptaci\u00f3n del presente documento sobre Tratamiento de Datos Personales y se obliga a cumplir en su totalidad los t\u00e9rminos y condiciones recogidos en el mismo. Por tanto, el usuario debe leer atentamente el presente documento en cada una de las ocasiones en que se proponga utilizar el sitio web, ya que \u00e9ste puede tener modificaciones.<\/p>\n<p>El presente documento ser\u00e1 v\u00e1lido \u00fanicamente para los datos de car\u00e1cter personal obtenidos desde el sitio web, y no ser\u00e1 de aplicaci\u00f3n por aquella informaci\u00f3n recogida por terceros en otras p\u00e1ginas web, incluso si \u00e9stas se encuentran enlazadas desde este mismo sitio web.<\/p>\n<h3>\u00bfQui\u00e9n es el responsable del tratamiento de sus datos?<\/h3>\n<p>El responsable de los datos es Patronato de Turismo de la Cerdanya<\/p>\n<ul>\n<li>Su denominaci\u00f3n social es: Patronato de Turismo de la Cerdanya<\/li>\n<li>Su nombre comercial es: Turisme Cerdanya.<\/li>\n<li>Su CIF es: P6715003G.<\/li>\n<li>Su domicilio social es: Plaza del Rec, 5 (17520 Puigcerd\u00e0)<\/li>\n<li>Est\u00e1 inscrita en el Registro Mercantil de Barcelona<\/li>\n<\/ul>\n<p>Patronato de Turismo de la Cerdanya le informa que estos datos ser\u00e1n tratados de conformidad con lo dispuesto en las normativas vigentes en protecci\u00f3n de datos personales, el Reglamento (UE) 2016\/679 de 27 de abril de 2016 (RGPD). Por lo que se le facilita la siguiente informaci\u00f3n del tratamiento:<\/p>\n<h3>\u00bfCon qu\u00e9 finalidad tratamos sus datos personales?<\/h3>\n<p>Tratamos la informaci\u00f3n que nos facilitan las personas interesadas para realizar la prospecci\u00f3n de env\u00edo de comunicaciones comerciales a base del inter\u00e9s demostrado sobre nuestros productos y servicios.<\/p>\n<h3>\u00bfPor cu\u00e1nto tiempo conservaremos sus datos?<\/h3>\n<p>Los datos se conservar\u00e1n durante 10 a\u00f1os.<\/p>\n<h3>\u00bfCu\u00e1l es la legitimaci\u00f3n para el tratamiento de sus datos?<\/h3>\n<p>Los datos personales que tratamos en Patronato de Turismo de la Cerdanya proceden del propio interesado, quien ha aceptado el consentimiento t\u00e1cito conforme se pueden utilizar los datos para las citadas finalidades.<\/p>\n<h3>\u00bfA qui\u00e9n se ceder\u00e1n sus datos?<\/h3>\n<p>No se ceder\u00e1n los datos a terceros, salvo en casos de obligaci\u00f3n legal.<\/p>\n<h3>\u00bfTransferencias de datos a terceros pa\u00edses?<\/h3>\n<p>No est\u00e1n previstas las transferencias de datos a terceros pa\u00edses.<\/p>\n<h3>\u00bfCu\u00e1les son sus derechos cuando nos facilita sus datos?<\/h3>\n<p>Tiene derecho a obtener confirmaci\u00f3n sobre si en Patronato de Turismo de la Cerdanya estamos tratando datos personales que les conciernan, o no.<\/p>\n<p>Las personas interesadas tienen derecho a acceder a sus datos personales, as\u00ed como a solicitar la rectificaci\u00f3n de los datos inexactos o, en su caso, solicitar su supresi\u00f3n cuando, entre otros motivos, los datos ya no sean necesarios para los fines que fueron recogidas.<\/p>\n<p>En determinadas circunstancias, los interesados podr\u00e1n solicitar la limitaci\u00f3n del tratamiento de sus datos, en cuyo caso \u00fanicamente los conservaremos para el ejercicio o la defensa de reclamaciones.<\/p>\n<p>En determinadas circunstancias y por motivos relacionados con su situaci\u00f3n particular, los interesados podr\u00e1n oponerse al tratamiento de sus datos. En este caso, Patronato de Turismo de la Cerdanya dejar\u00e1 de tratar los datos, excepto por motivos leg\u00edtimos imperiosos, o el ejercicio o defensa de posibles reclamaciones.<\/p>\n<p>Usted podr\u00e1 ejercer materialmente sus derechos de la siguiente forma: Tiene derecho a acceder, rectificar y suprimir los datos, as\u00ed como otros derechos, indicados en la informaci\u00f3n adicional, que puede ejercer dirigi\u00e9ndose a la direcci\u00f3n del responsable del tratamiento.<\/p>\n<p>Si ha otorgado su consentimiento para alguna finalidad concreta, tiene derecho a retirar el consentimiento otorgado en cualquier momento, sin que ello afecte a la licitud del tratamiento basado en el consentimiento previo a su retirada.<\/p>\n<p>En caso de que sienta vulnerados sus derechos en cuanto a la protecci\u00f3n de sus datos personales, especialmente cuando no haya obtenido satisfacci\u00f3n en el ejercicio de sus derechos, puede presentar una reclamaci\u00f3n ante la Autoridad de Control en materia de protecci\u00f3n de datos competente a trav\u00e9s de su sitio web: www.agpd.es.<\/p>\n<h3>\u00bfQu\u00e9 datos se guardan en nuestros sistemas?<\/h3>\n<p>Las categor\u00edas de datos que se tratan son:<\/p>\n<ul>\n<li>Datos identificativos.<\/li>\n<li>Direcciones postales y electr\u00f3nicas.<\/li>\n<li>Informaci\u00f3n comercial.<\/li>\n<\/ul>\n<p>No se tratan categor\u00edas especiales de datos personales (son aquellos datos que revelen el origen \u00e9tnico o racial, las opiniones pol\u00edticas, las convicciones religiosas o filos\u00f3ficas, o la afiliaci\u00f3n sindical, datos gen\u00e9ticos, datos biom\u00e9tricos dirigidos a identificar de forma un\u00edvoca a una persona f\u00edsica , datos relativos a la salud o datos relativos a la vida sexual o la orientaci\u00f3n sexual de una persona f\u00edsica).<\/p>\n<h2>Pol\u00edtica de cookies<\/h2>\n<h3>\u00bfQu\u00e9 son las cookies?<\/h3>\n<p>Una cookie es un archivo que se descarga en su ordenador al acceder a determinadas p\u00e1ginas web. Las cookies permiten a una p\u00e1gina web, entre otras cosas, almacenar y recuperar informaci\u00f3n sobre h\u00e1bitos de navegaci\u00f3n de un usuario o de su equipo y, dependiendo de la informaci\u00f3n que contengan y de la forma que utilice su equipo, se pueden utilizar para reconocer al usuario.<\/p>\n<h3>\u00bfPara qu\u00e9 utiliza las cookies esta p\u00e1gina web y cu\u00e1les son?<\/h3>\n<p>Esta p\u00e1gina web utiliza las cookies para una serie de finalidades, el detalle de las cookies utilizadas en esta p\u00e1gina web es el siguiente:<\/p>\n<table>\n<tbody>\n<tr>\n<td width=\"79\"><strong>Cookies<\/strong><\/td>\n<td width=\"62\"><strong>Nombre<\/strong><\/td>\n<td width=\"69\"><strong>Tipo<\/strong><\/td>\n<td width=\"339\"><strong>Prop\u00f3sito<\/strong><\/td>\n<td width=\"123\"><strong>M\u00e1s informaci\u00f3n<\/strong><\/td>\n<\/tr>\n<tr>\n<td width=\"79\">_ga<\/td>\n<td width=\"62\">Google Analytics<\/td>\n<td width=\"69\">de terceros<\/td>\n<td width=\"339\">Este nombre de la cookie est\u00e1 asociado a Google Universal Analytics, que es una actualizaci\u00f3n significativa del servicio de an\u00e1lisis de Google m\u00e1s utilizado. Esta cookie se utiliza para distinguir a usuarios \u00fanicos asignando un n\u00famero generado aleatoriamente como identificador del cliente. Se incluye en cada solicitud de p\u00e1gina de un sitio y se utiliza para calcular los datos de visitantes, sesiones y campa\u00f1as para los informes de an\u00e1lisis de sitios. De forma predeterminada, \u00e9sta caducar\u00e1 despu\u00e9s de 2 a\u00f1os, aunque \u00e9sta sea personalizable por los propietarios del sitio web.<\/td>\n<td width=\"123\"><a href=\"https:\/\/marketingplatform.google.com\/about\/analytics\/\">https:\/\/marketingplatform.google.com\/about\/analytics\/<\/a><\/td>\n<\/tr>\n<tr>\n<td width=\"79\">_gid<\/td>\n<td width=\"62\">Google Analytics<\/td>\n<td width=\"69\">de terceros<\/td>\n<td width=\"339\">Este nombre de la cookie est\u00e1 asociado a Google Universal Analytics. \u00c9sta es una nueva cookie que almacena y actualiza un valor \u00fanico para cada p\u00e1gina visitada.<\/td>\n<td width=\"123\"><a href=\"https:\/\/marketingplatform.google.com\/about\/analytics\/\">https:\/\/marketingplatform.google.com\/about\/analytics\/<\/a><\/td>\n<\/tr>\n<tr>\n<td width=\"79\">_gato<\/td>\n<td width=\"62\">Google Analytics<\/td>\n<td width=\"69\">de terceros<\/td>\n<td width=\"339\">Cookie asociada a Google Universal Analytics, se utiliza para acelerar el porcentaje de solicitudes, limitando la recopilaci\u00f3n de datos a los sitios de tr\u00e1fico elevados. Vence despu\u00e9s de 10 minutos.<\/td>\n<td width=\"123\"><a href=\"https:\/\/marketingplatform.google.com\/about\/analytics\/\">https:\/\/marketingplatform.google.com\/about\/analytics\/<\/a><\/td>\n<\/tr>\n<tr>\n<td width=\"79\">240planD<\/td>\n<td width=\"62\">240planD<\/td>\n<td width=\"69\">propia<\/td>\n<td width=\"339\">\u00c9sta es una cookie t\u00e9cnica cuyo uso es espec\u00edfico para nuestro host OVH Roubaix y permite, entre otras cosas, garantizar la distribuci\u00f3n de la carga en servidores.<\/td>\n<td width=\"123\"><\/td>\n<\/tr>\n<tr>\n<td width=\"79\">PHPSESSID<\/td>\n<td width=\"62\">PHPSESSID<\/td>\n<td width=\"69\">propia<\/td>\n<td width=\"339\">Cookie generada por aplicaciones basadas en el lenguaje PHP. \u00c9ste es un identificador de prop\u00f3sito general utilizado para mantener las variables de sesi\u00f3n del usuario. Normalmente es un n\u00famero generado aleatoriamente, la forma en la que se utiliza puede ser espec\u00edfica del sitio, pero un ejemplo com\u00fan es el de mantener un estado de usuario registrado de un usuario entre p\u00e1ginas.<\/td>\n<td width=\"123\"><a href=\"http:\/\/php.net\/manual\/en\/function.session-id.php\">http:\/\/php.net\/manual\/en\/function.session-id.php<\/a><\/td>\n<\/tr>\n<tr>\n<td width=\"79\">aviaCookieConsent<\/td>\n<td width=\"62\"> aviaCookieConsent<\/td>\n<td width=\"69\">propia<\/td>\n<td width=\"339\">Cookie que almacena la aceptaci\u00f3n o no del usuario a continuar navegando en la p\u00e1gina web.<\/td>\n<td width=\"123\"><\/td>\n<\/tr>\n<tr>\n<td width=\"79\">wordpress_test_cookie<\/td>\n<td width=\"62\">wordpress_test_cookie<\/td>\n<td width=\"69\">propia<\/td>\n<td width=\"339\">Esta cookie se utiliza para que el gestor de contenidos WordPress compruebe si el navegador tiene las cookies activadas<\/td>\n<td width=\"123\"><\/td>\n<\/tr>\n<tr>\n<td width=\"79\">wordpress_logged_in_<\/td>\n<td width=\"62\">wordpress_logged_in_<\/td>\n<td width=\"69\">propia<\/td>\n<td width=\"339\">Despu\u00e9s del loggin, WordPress activa la cookie wordpress_logged_in_, la funci\u00f3n es indicar cu\u00e1ndo se ha conectado y qui\u00e9n es, siendo utilizado por la interfaz de WordPress.<\/td>\n<td width=\"123\"><\/td>\n<\/tr>\n<tr>\n<td width=\"79\">wp-settings-time-X, wp-settings-X<\/td>\n<td width=\"62\">wp-settings-time-X, wp-settings-X<\/td>\n<td width=\"69\">propia<\/td>\n<td width=\"339\">Estas cookies son utilizadas por WordPress para personalizar la interfaz de usuario.<\/td>\n<td width=\"123\"><\/td>\n<\/tr>\n<\/tbody>\n<\/table>\n<p>Nota: Las cookies de tipo &#8216;propias&#8217; son utilizadas s\u00f3lo por el propietario de esta web y las cookies &#8216;De terceros&#8217; son utilizadas, por el prestamista del servicio que est\u00e1 detallado en el cuadro anterior.<\/p>\n<h4>\u00bfC\u00f3mo puedo desactivar o eliminar estas cookies?<\/h4>\n<p>Puede usted permitir, bloquear o eliminar las cookies instaladas en su equipo mediante la configuraci\u00f3n de las opciones del navegador en su ordenador:<\/p>\n<ul>\n<li>Firefox: <a href=\"http:\/\/support.mozilla.org\/es\/kb\/habilitar-y-deshabilitar-cookies-que-los-sitios-we\">http:\/\/support.mozilla.org\/es\/kb\/habilitar-y-deshabilitar-cookies-que-los-sitios-we<\/a><\/li>\n<li>Chrome: <a href=\"http:\/\/support.google.com\/chrome\/bin\/answer.py?hl=es&amp;answer=95647\">http:\/\/support.google.com\/chrome\/bin\/answer.py?hl=es&amp;answer=95647<\/a><\/li>\n<li>Explorer: <a href=\"http:\/\/windows.microsoft.com\/es-es\/windows7\/how-to-manage-cookies-in-internet-explorer-9\">http:\/\/windows.microsoft.com\/es-es\/windows7\/how-to-manage-cookies-in-internet-explorer-9<\/a><\/li>\n<li>Safari: <a href=\"http:\/\/support.apple.com\/kb\/ph5042\">http:\/\/support.apple.com\/kb\/ph5042<\/a><\/li>\n<li>Opera: <a href=\"https:\/\/www.opera.com\/help\/tutorials\/security\/privacy\">https:\/\/www.opera.com\/help\/tutorials\/security\/privacy<\/a><\/li>\n<li>Otros navegadores: Consulte la documentaci\u00f3n del navegador que tenga instalado.<\/li>\n<\/ul>\n<h4>Complemento de inhabilitaci\u00f3n para navegadores de Google Analytics<\/h4>\n<p>Si desea rechazar las cookies anal\u00edticas de Google Analytics en todos los navegadores, de modo que no se env\u00ede su informaci\u00f3n a Google Analytics, puede descargar un complemento que realiza esta funci\u00f3n desde este enlace: <a href=\"https:\/\/tools.google.com\/dlpage\/gaoptout\">https:\/\/tools.google.com \/dlpage\/gaoptout<\/a> .<\/p>\n<\/div><\/section><\/div>\n","protected":false},"excerpt":{"rendered":"","protected":false},"author":3,"featured_media":16507,"parent":0,"menu_order":0,"comment_status":"closed","ping_status":"closed","template":"","meta":{"footnotes":""},"class_list":["post-35760","page","type-page","status-publish","has-post-thumbnail","hentry"],"_links":{"self":[{"href":"https:\/\/test393.ergatesweb7.ovh\/es\/wp-json\/wp\/v2\/pages\/35760","targetHints":{"allow":["GET"]}}],"collection":[{"href":"https:\/\/test393.ergatesweb7.ovh\/es\/wp-json\/wp\/v2\/pages"}],"about":[{"href":"https:\/\/test393.ergatesweb7.ovh\/es\/wp-json\/wp\/v2\/types\/page"}],"author":[{"embeddable":true,"href":"https:\/\/test393.ergatesweb7.ovh\/es\/wp-json\/wp\/v2\/users\/3"}],"replies":[{"embeddable":true,"href":"https:\/\/test393.ergatesweb7.ovh\/es\/wp-json\/wp\/v2\/comments?post=35760"}],"version-history":[{"count":2,"href":"https:\/\/test393.ergatesweb7.ovh\/es\/wp-json\/wp\/v2\/pages\/35760\/revisions"}],"predecessor-version":[{"id":35762,"href":"https:\/\/test393.ergatesweb7.ovh\/es\/wp-json\/wp\/v2\/pages\/35760\/revisions\/35762"}],"wp:featuredmedia":[{"embeddable":true,"href":"https:\/\/test393.ergatesweb7.ovh\/es\/wp-json\/wp\/v2\/media\/16507"}],"wp:attachment":[{"href":"https:\/\/test393.ergatesweb7.ovh\/es\/wp-json\/wp\/v2\/media?parent=35760"}],"curies":[{"name":"wp","href":"https:\/\/api.w.org\/{rel}","templated":true}]}}