{"id":30075,"date":"2022-04-07T12:50:25","date_gmt":"2022-04-07T10:50:25","guid":{"rendered":"https:\/\/www.cerdanya.org\/que-hacer\/turismo-cultural\/patrimonio-cultural\/prats-i-sansor\/sant-salvador-de-predanies\/"},"modified":"2022-04-28T23:02:28","modified_gmt":"2022-04-28T21:02:28","slug":"sant-salvador-de-predanies","status":"publish","type":"page","link":"https:\/\/test393.ergatesweb7.ovh\/es\/que-hacer\/turismo-cultural\/patrimonio-cultural\/prats-i-sansor\/sant-salvador-de-predanies\/","title":{"rendered":"Sant Salvador de Predanies"},"content":{"rendered":"\n<style type=\"text\/css\" data-created_by=\"avia_inline_auto\" id=\"style-css-av-36rb4oj-ba4d95154227ed0d8a771e7152bf9e9e\">\n.flex_column.av-36rb4oj-ba4d95154227ed0d8a771e7152bf9e9e{\nborder-radius:0px 0px 0px 0px;\npadding:0px 0px 0px 0px;\n}\n<\/style>\n<div  class='flex_column av-36rb4oj-ba4d95154227ed0d8a771e7152bf9e9e av_one_half  avia-builder-el-0  el_before_av_one_half  avia-builder-el-first  first flex_column_div av-zero-column-padding  '     ><p>\n<style type=\"text\/css\" data-created_by=\"avia_inline_auto\" id=\"style-css-av-2wm538-cd423495509735a69d46f7f6afefab92\">\n#top .av-special-heading.av-2wm538-cd423495509735a69d46f7f6afefab92{\npadding-bottom:10px;\n}\nbody .av-special-heading.av-2wm538-cd423495509735a69d46f7f6afefab92 .av-special-heading-tag .heading-char{\nfont-size:25px;\n}\n.av-special-heading.av-2wm538-cd423495509735a69d46f7f6afefab92 .av-subheading{\nfont-size:15px;\n}\n<\/style>\n<div  class='av-special-heading av-2wm538-cd423495509735a69d46f7f6afefab92 av-special-heading-h5  avia-builder-el-1  el_before_av_textblock  avia-builder-el-first '><h5 class='av-special-heading-tag '  itemprop=\"headline\"  >Descripci\u00f3n<\/h5><div class=\"special-heading-border\"><div class=\"special-heading-inner-border\"><\/div><\/div><\/div><br \/>\n<section  class='av_textblock_section av-ksyomoyl-25f1f3c8b1a0a9b03a6473be4799410f '   itemscope=\"itemscope\" itemtype=\"https:\/\/schema.org\/CreativeWork\" ><div class='avia_textblock'  itemprop=\"text\" ><p>\u201cLa arquitectura es muy sencilla y las dimensiones reducidas, parece no atreverse a levantarse mucho del suelo.\u201d Efectivamente es un edificio no muy alto de planta rectangular cabeceado a levante por un \u00e1bside semicircular y ventana central de medio punto a doble derrame, cubierto por b\u00f3veda de cuarto de esfera. La nave est\u00e1 cubierta por b\u00f3veda de piedra seg\u00fan t\u00e9cnica \u201cpliegue de libro\u201d que carga sobre las paredes directamente. El edificio tiene su acceso por la pared de poniente aunque conserva la puerta antigua a mediod\u00eda hecha con dovelas r\u00fasticas como el resto del edificio. Al mediod\u00eda tambi\u00e9n encontramos una peque\u00f1a ventana que permite la entrada de luz en el interior. Las paredes est\u00e1n reforzadas en el exterior por tres contrafuertes desiguales en cada lado colocados de forma desordenada.<\/p>\n<p>En el interior, cerca del altar una gran hornacina construida dentro del muro norte podr\u00eda haber realizado las funciones de altar lateral o de armario para guardar los objetos lit\u00fargicos.<\/p>\n<p>La puerta de poniente, el ojo de buey y el campanario de espada\u00f1a son del siglo XVIII.<\/p>\n<\/div><\/section><\/p><\/div>\n<style type=\"text\/css\" data-created_by=\"avia_inline_auto\" id=\"style-css-av-2coqnf7-fe66bdd07c1c8428c9bfcd41c861e712\">\n.flex_column.av-2coqnf7-fe66bdd07c1c8428c9bfcd41c861e712{\nborder-radius:0px 0px 0px 0px;\npadding:0px 0px 0px 0px;\n}\n<\/style>\n<div  class='flex_column av-2coqnf7-fe66bdd07c1c8428c9bfcd41c861e712 av_one_half  avia-builder-el-3  el_after_av_one_half  el_before_av_one_full  flex_column_div av-zero-column-padding  '     ><style type=\"text\/css\" data-created_by=\"avia_inline_auto\" id=\"style-css-av-29ooh4j-fc99bd484d10906c943c4894b5f11cc9\">\n#top .avia-gallery.av-29ooh4j-fc99bd484d10906c943c4894b5f11cc9 .avia-gallery-thumb a{\nwidth:20%;\n}\n<\/style>\n<div  class='avia-gallery av-29ooh4j-fc99bd484d10906c943c4894b5f11cc9 avia_animate_when_visible  avia-builder-el-4  avia-builder-el-no-sibling  avia_lazyload av-slideshow-ui av-loop-manual-endless av-control-hidden av-navigate-arrows av-navigate-dots hover-effect av-control-hidden avia-gallery-animate avia-gallery-1'  itemprop=\"image\" itemscope=\"itemscope\" itemtype=\"https:\/\/schema.org\/ImageObject\" ><meta itemprop=\"contentURL\" content=\"https:\/\/test393.ergatesweb7.ovh\/es\/que-hacer\/turismo-cultural\/patrimonio-cultural\/prats-i-sansor\/sant-salvador-de-predanies\/\"><div class='avia-gallery-big-wrapper'><a class='avia-gallery-big fakeLightbox lightbox avia-gallery-big-crop-thumb ' href=\"https:\/\/test393.ergatesweb7.ovh\/wp-content\/uploads\/2021\/12\/sant-salvador-predanies-1030x687.jpg\" data-srcset=\"https:\/\/test393.ergatesweb7.ovh\/wp-content\/uploads\/2021\/12\/sant-salvador-predanies-1030x687.jpg 1030w, https:\/\/test393.ergatesweb7.ovh\/wp-content\/uploads\/2021\/12\/sant-salvador-predanies-300x200.jpg 300w, https:\/\/test393.ergatesweb7.ovh\/wp-content\/uploads\/2021\/12\/sant-salvador-predanies-768x512.jpg 768w, https:\/\/test393.ergatesweb7.ovh\/wp-content\/uploads\/2021\/12\/sant-salvador-predanies-705x470.jpg 705w, https:\/\/test393.ergatesweb7.ovh\/wp-content\/uploads\/2021\/12\/sant-salvador-predanies.jpg 1500w\" data-sizes=\"(max-width: 1030px) 100vw, 1030px\"  data-onclick='1' title='Sant Salvador de Predanies' ><span class='avia-gallery-big-inner'  itemprop=\"thumbnailUrl\" ><img decoding=\"async\" fetchpriority=\"high\" class=\"wp-image-19030 avia-img-lazy-loading-not-19030\"  width=\"495\" height=\"400\" src=\"https:\/\/test393.ergatesweb7.ovh\/wp-content\/uploads\/2021\/12\/sant-salvador-predanies-495x400.jpg\" title='26. PRATS I SANSOR- Sant Salvador de Predanies' alt='' srcset=\"https:\/\/test393.ergatesweb7.ovh\/wp-content\/uploads\/2021\/12\/sant-salvador-predanies-495x400.jpg 495w, https:\/\/test393.ergatesweb7.ovh\/wp-content\/uploads\/2021\/12\/sant-salvador-predanies-845x684.jpg 845w\" sizes=\"(max-width: 495px) 100vw, 495px\" \/><span class='avia-gallery-caption'>Sant Salvador de Predanies<\/span><\/span><\/a><\/div><div class='avia-gallery-thumb'><a href=\"https:\/\/test393.ergatesweb7.ovh\/wp-content\/uploads\/2021\/12\/sant-salvador-predanies-1030x687.jpg\" data-srcset=\"https:\/\/test393.ergatesweb7.ovh\/wp-content\/uploads\/2021\/12\/sant-salvador-predanies-1030x687.jpg 1030w, https:\/\/test393.ergatesweb7.ovh\/wp-content\/uploads\/2021\/12\/sant-salvador-predanies-300x200.jpg 300w, https:\/\/test393.ergatesweb7.ovh\/wp-content\/uploads\/2021\/12\/sant-salvador-predanies-768x512.jpg 768w, https:\/\/test393.ergatesweb7.ovh\/wp-content\/uploads\/2021\/12\/sant-salvador-predanies-705x470.jpg 705w, https:\/\/test393.ergatesweb7.ovh\/wp-content\/uploads\/2021\/12\/sant-salvador-predanies.jpg 1500w\" data-sizes=\"(max-width: 1030px) 100vw, 1030px\" data-rel='gallery-1' data-prev-img='https:\/\/test393.ergatesweb7.ovh\/wp-content\/uploads\/2021\/12\/sant-salvador-predanies-495x400.jpg' class='first_thumb lightbox ' data-onclick='1' title='Sant Salvador de Predanies'  itemprop=\"thumbnailUrl\"  ><img decoding=\"async\" fetchpriority=\"high\" class=\"wp-image-19030 avia-img-lazy-loading-not-19030\"  data-avia-tooltip='Sant Salvador de Predanies' src=\"https:\/\/test393.ergatesweb7.ovh\/wp-content\/uploads\/2021\/12\/sant-salvador-predanies-495x400.jpg\" width=\"495\" height=\"400\"  title='26. PRATS I SANSOR- Sant Salvador de Predanies' alt='' srcset=\"https:\/\/test393.ergatesweb7.ovh\/wp-content\/uploads\/2021\/12\/sant-salvador-predanies-495x400.jpg 495w, https:\/\/test393.ergatesweb7.ovh\/wp-content\/uploads\/2021\/12\/sant-salvador-predanies-845x684.jpg 845w\" sizes=\"(max-width: 495px) 100vw, 495px\" \/><div class='big-prev-fake'><img decoding=\"async\" loading=\"lazy\" class=\"wp-image-19030 avia-img-lazy-loading-19030\"  width=\"495\" height=\"400\" src=\"https:\/\/test393.ergatesweb7.ovh\/wp-content\/uploads\/2021\/12\/sant-salvador-predanies-495x400.jpg\" title='26. PRATS I SANSOR- Sant Salvador de Predanies' alt='' srcset=\"https:\/\/test393.ergatesweb7.ovh\/wp-content\/uploads\/2021\/12\/sant-salvador-predanies-495x400.jpg 495w, https:\/\/test393.ergatesweb7.ovh\/wp-content\/uploads\/2021\/12\/sant-salvador-predanies-845x684.jpg 845w\" sizes=\"auto, (max-width: 495px) 100vw, 495px\" \/><\/div><\/a><a href=\"https:\/\/test393.ergatesweb7.ovh\/wp-content\/uploads\/2021\/12\/sant-salvador-predanies-pica-1030x687.jpg\" data-srcset=\"https:\/\/test393.ergatesweb7.ovh\/wp-content\/uploads\/2021\/12\/sant-salvador-predanies-pica-1030x687.jpg 1030w, https:\/\/test393.ergatesweb7.ovh\/wp-content\/uploads\/2021\/12\/sant-salvador-predanies-pica-300x200.jpg 300w, https:\/\/test393.ergatesweb7.ovh\/wp-content\/uploads\/2021\/12\/sant-salvador-predanies-pica-768x512.jpg 768w, https:\/\/test393.ergatesweb7.ovh\/wp-content\/uploads\/2021\/12\/sant-salvador-predanies-pica-705x470.jpg 705w, https:\/\/test393.ergatesweb7.ovh\/wp-content\/uploads\/2021\/12\/sant-salvador-predanies-pica.jpg 1500w\" data-sizes=\"(max-width: 1030px) 100vw, 1030px\" data-rel='gallery-1' data-prev-img='https:\/\/test393.ergatesweb7.ovh\/wp-content\/uploads\/2021\/12\/sant-salvador-predanies-pica-495x400.jpg' class='lightbox ' data-onclick='2' title='Sant Salvador de Predanies'  itemprop=\"thumbnailUrl\"  ><img decoding=\"async\" fetchpriority=\"high\" class=\"wp-image-19031 avia-img-lazy-loading-not-19031\"  data-avia-tooltip='Sant Salvador de Predanies' src=\"https:\/\/test393.ergatesweb7.ovh\/wp-content\/uploads\/2021\/12\/sant-salvador-predanies-pica-495x400.jpg\" width=\"495\" height=\"400\"  title='26. PRATS I SANSOR- Sant Salvador de Predanies' alt='' srcset=\"https:\/\/test393.ergatesweb7.ovh\/wp-content\/uploads\/2021\/12\/sant-salvador-predanies-pica-495x400.jpg 495w, https:\/\/test393.ergatesweb7.ovh\/wp-content\/uploads\/2021\/12\/sant-salvador-predanies-pica-845x684.jpg 845w\" sizes=\"(max-width: 495px) 100vw, 495px\" \/><div class='big-prev-fake'><img decoding=\"async\" loading=\"lazy\" class=\"wp-image-19031 avia-img-lazy-loading-19031\"  width=\"495\" height=\"400\" src=\"https:\/\/test393.ergatesweb7.ovh\/wp-content\/uploads\/2021\/12\/sant-salvador-predanies-pica-495x400.jpg\" title='26. PRATS I SANSOR- Sant Salvador de Predanies' alt='' srcset=\"https:\/\/test393.ergatesweb7.ovh\/wp-content\/uploads\/2021\/12\/sant-salvador-predanies-pica-495x400.jpg 495w, https:\/\/test393.ergatesweb7.ovh\/wp-content\/uploads\/2021\/12\/sant-salvador-predanies-pica-845x684.jpg 845w\" sizes=\"auto, (max-width: 495px) 100vw, 495px\" \/><\/div><\/a><a href=\"https:\/\/test393.ergatesweb7.ovh\/wp-content\/uploads\/2021\/12\/sant-salvador-predanies-altar-1030x687.jpg\" data-srcset=\"https:\/\/test393.ergatesweb7.ovh\/wp-content\/uploads\/2021\/12\/sant-salvador-predanies-altar-1030x687.jpg 1030w, https:\/\/test393.ergatesweb7.ovh\/wp-content\/uploads\/2021\/12\/sant-salvador-predanies-altar-300x200.jpg 300w, https:\/\/test393.ergatesweb7.ovh\/wp-content\/uploads\/2021\/12\/sant-salvador-predanies-altar-768x512.jpg 768w, https:\/\/test393.ergatesweb7.ovh\/wp-content\/uploads\/2021\/12\/sant-salvador-predanies-altar-705x470.jpg 705w, https:\/\/test393.ergatesweb7.ovh\/wp-content\/uploads\/2021\/12\/sant-salvador-predanies-altar.jpg 1500w\" data-sizes=\"(max-width: 1030px) 100vw, 1030px\" data-rel='gallery-1' data-prev-img='https:\/\/test393.ergatesweb7.ovh\/wp-content\/uploads\/2021\/12\/sant-salvador-predanies-altar-495x400.jpg' class='lightbox ' data-onclick='3' title='Coordeandes UTM: 31T 403793 4690748'  itemprop=\"thumbnailUrl\"  ><img decoding=\"async\" fetchpriority=\"high\" class=\"wp-image-19032 avia-img-lazy-loading-not-19032\"  data-avia-tooltip='Coordeandes UTM: 31T 403793 4690748' src=\"https:\/\/test393.ergatesweb7.ovh\/wp-content\/uploads\/2021\/12\/sant-salvador-predanies-altar-495x400.jpg\" width=\"495\" height=\"400\"  title='26. PRATS I SANSOR- Sant Salvador de Predanies' alt='' srcset=\"https:\/\/test393.ergatesweb7.ovh\/wp-content\/uploads\/2021\/12\/sant-salvador-predanies-altar-495x400.jpg 495w, https:\/\/test393.ergatesweb7.ovh\/wp-content\/uploads\/2021\/12\/sant-salvador-predanies-altar-845x684.jpg 845w\" sizes=\"(max-width: 495px) 100vw, 495px\" \/><div class='big-prev-fake'><img decoding=\"async\" loading=\"lazy\" class=\"wp-image-19032 avia-img-lazy-loading-19032\"  width=\"495\" height=\"400\" src=\"https:\/\/test393.ergatesweb7.ovh\/wp-content\/uploads\/2021\/12\/sant-salvador-predanies-altar-495x400.jpg\" title='26. PRATS I SANSOR- Sant Salvador de Predanies' alt='' srcset=\"https:\/\/test393.ergatesweb7.ovh\/wp-content\/uploads\/2021\/12\/sant-salvador-predanies-altar-495x400.jpg 495w, https:\/\/test393.ergatesweb7.ovh\/wp-content\/uploads\/2021\/12\/sant-salvador-predanies-altar-845x684.jpg 845w\" sizes=\"auto, (max-width: 495px) 100vw, 495px\" \/><\/div><\/a><a href=\"https:\/\/test393.ergatesweb7.ovh\/wp-content\/uploads\/2021\/12\/sant-salvador-predanies-bancs-1030x687.jpg\" data-srcset=\"https:\/\/test393.ergatesweb7.ovh\/wp-content\/uploads\/2021\/12\/sant-salvador-predanies-bancs-1030x687.jpg 1030w, https:\/\/test393.ergatesweb7.ovh\/wp-content\/uploads\/2021\/12\/sant-salvador-predanies-bancs-300x200.jpg 300w, https:\/\/test393.ergatesweb7.ovh\/wp-content\/uploads\/2021\/12\/sant-salvador-predanies-bancs-768x512.jpg 768w, https:\/\/test393.ergatesweb7.ovh\/wp-content\/uploads\/2021\/12\/sant-salvador-predanies-bancs-705x470.jpg 705w, https:\/\/test393.ergatesweb7.ovh\/wp-content\/uploads\/2021\/12\/sant-salvador-predanies-bancs.jpg 1500w\" data-sizes=\"(max-width: 1030px) 100vw, 1030px\" data-rel='gallery-1' data-prev-img='https:\/\/test393.ergatesweb7.ovh\/wp-content\/uploads\/2021\/12\/sant-salvador-predanies-bancs-495x400.jpg' class='lightbox ' data-onclick='4' title='Sant Salvador de Predanies'  itemprop=\"thumbnailUrl\"  ><img decoding=\"async\" fetchpriority=\"high\" class=\"wp-image-19033 avia-img-lazy-loading-not-19033\"  data-avia-tooltip='Sant Salvador de Predanies' src=\"https:\/\/test393.ergatesweb7.ovh\/wp-content\/uploads\/2021\/12\/sant-salvador-predanies-bancs-495x400.jpg\" width=\"495\" height=\"400\"  title='26. PRATS I SANSOR- Sant Salvador de Predanies' alt='' srcset=\"https:\/\/test393.ergatesweb7.ovh\/wp-content\/uploads\/2021\/12\/sant-salvador-predanies-bancs-495x400.jpg 495w, https:\/\/test393.ergatesweb7.ovh\/wp-content\/uploads\/2021\/12\/sant-salvador-predanies-bancs-845x684.jpg 845w\" sizes=\"(max-width: 495px) 100vw, 495px\" \/><div class='big-prev-fake'><img decoding=\"async\" loading=\"lazy\" class=\"wp-image-19033 avia-img-lazy-loading-19033\"  width=\"495\" height=\"400\" src=\"https:\/\/test393.ergatesweb7.ovh\/wp-content\/uploads\/2021\/12\/sant-salvador-predanies-bancs-495x400.jpg\" title='26. PRATS I SANSOR- Sant Salvador de Predanies' alt='' srcset=\"https:\/\/test393.ergatesweb7.ovh\/wp-content\/uploads\/2021\/12\/sant-salvador-predanies-bancs-495x400.jpg 495w, https:\/\/test393.ergatesweb7.ovh\/wp-content\/uploads\/2021\/12\/sant-salvador-predanies-bancs-845x684.jpg 845w\" sizes=\"auto, (max-width: 495px) 100vw, 495px\" \/><\/div><\/a><\/div><\/div><\/div><\/p>\n\n<style type=\"text\/css\" data-created_by=\"avia_inline_auto\" id=\"style-css-av-13qih77-00e4eae9d0b6c138f9ba0e0aa3d8fb95\">\n.flex_column.av-13qih77-00e4eae9d0b6c138f9ba0e0aa3d8fb95{\nborder-radius:0px 0px 0px 0px;\npadding:0px 0px 0px 0px;\n}\n<\/style>\n<div  class='flex_column av-13qih77-00e4eae9d0b6c138f9ba0e0aa3d8fb95 av_one_full  avia-builder-el-5  el_after_av_one_half  el_before_av_one_half  first flex_column_div av-zero-column-padding  column-top-margin'     ><style type=\"text\/css\" data-created_by=\"avia_inline_auto\" id=\"style-css-av-kwp2dp8f-f55138033d46035ff7ae47226ad7fa00\">\n#top .hr.hr-invisible.av-kwp2dp8f-f55138033d46035ff7ae47226ad7fa00{\nheight:20px;\n}\n<\/style>\n<div  class='hr av-kwp2dp8f-f55138033d46035ff7ae47226ad7fa00 hr-invisible  avia-builder-el-6  avia-builder-el-no-sibling '><span class='hr-inner '><span class=\"hr-inner-style\"><\/span><\/span><\/div><\/div>\n\n<style type=\"text\/css\" data-created_by=\"avia_inline_auto\" id=\"style-css-av-12bb79g-8fa49de37e626956dadf6498f2873631\">\n.flex_column.av-12bb79g-8fa49de37e626956dadf6498f2873631{\nborder-radius:0px 0px 0px 0px;\npadding:0px 0px 0px 0px;\n}\n<\/style>\n<div  class='flex_column av-12bb79g-8fa49de37e626956dadf6498f2873631 av_one_half  avia-builder-el-7  el_after_av_one_full  avia-builder-el-last  first flex_column_div av-zero-column-padding  column-top-margin'     ><p>\n<style type=\"text\/css\" data-created_by=\"avia_inline_auto\" id=\"style-css-av-nhk3fo-6cad4f57c308334d9f0e453e83f33233\">\n#top .av-special-heading.av-nhk3fo-6cad4f57c308334d9f0e453e83f33233{\npadding-bottom:10px;\n}\nbody .av-special-heading.av-nhk3fo-6cad4f57c308334d9f0e453e83f33233 .av-special-heading-tag .heading-char{\nfont-size:25px;\n}\n.av-special-heading.av-nhk3fo-6cad4f57c308334d9f0e453e83f33233 .av-subheading{\nfont-size:15px;\n}\n<\/style>\n<div  class='av-special-heading av-nhk3fo-6cad4f57c308334d9f0e453e83f33233 av-special-heading-h5  avia-builder-el-8  el_before_av_image  avia-builder-el-first '><h5 class='av-special-heading-tag '  itemprop=\"headline\"  >Planta y secci\u00f3n<\/h5><div class=\"special-heading-border\"><div class=\"special-heading-inner-border\"><\/div><\/div><\/div><br \/>\n\n<style type=\"text\/css\" data-created_by=\"avia_inline_auto\" id=\"style-css-av-kxrdewes-f4f458a0898fb3c81ee466c3377fe10a\">\n.avia-image-container.av-kxrdewes-f4f458a0898fb3c81ee466c3377fe10a img.avia_image{\nbox-shadow:none;\n}\n.avia-image-container.av-kxrdewes-f4f458a0898fb3c81ee466c3377fe10a .av-image-caption-overlay-center{\ncolor:#ffffff;\n}\n<\/style>\n<div  class='avia-image-container av-kxrdewes-f4f458a0898fb3c81ee466c3377fe10a av-styling- avia-align-center  avia-builder-el-9  el_after_av_heading  avia-builder-el-last '   itemprop=\"image\" itemscope=\"itemscope\" itemtype=\"https:\/\/schema.org\/ImageObject\" ><div class=\"avia-image-container-inner\"><div class=\"avia-image-overlay-wrap\"><img decoding=\"async\" fetchpriority=\"high\" class='wp-image-19029 avia-img-lazy-loading-not-19029 avia_image ' src=\"https:\/\/test393.ergatesweb7.ovh\/wp-content\/uploads\/2021\/12\/sant-salvador-predanies-Prats-1030x435.jpg\" alt='' title='sant-salvador-predanies-Prats'  height=\"435\" width=\"1030\"  itemprop=\"thumbnailUrl\" srcset=\"https:\/\/test393.ergatesweb7.ovh\/wp-content\/uploads\/2021\/12\/sant-salvador-predanies-Prats-1030x435.jpg 1030w, https:\/\/test393.ergatesweb7.ovh\/wp-content\/uploads\/2021\/12\/sant-salvador-predanies-Prats-300x127.jpg 300w, https:\/\/test393.ergatesweb7.ovh\/wp-content\/uploads\/2021\/12\/sant-salvador-predanies-Prats-768x325.jpg 768w, https:\/\/test393.ergatesweb7.ovh\/wp-content\/uploads\/2021\/12\/sant-salvador-predanies-Prats-705x298.jpg 705w, https:\/\/test393.ergatesweb7.ovh\/wp-content\/uploads\/2021\/12\/sant-salvador-predanies-Prats.jpg 1500w\" sizes=\"(max-width: 1030px) 100vw, 1030px\" \/><\/div><\/div><\/div><\/p><\/div>\n","protected":false},"excerpt":{"rendered":"","protected":false},"author":3,"featured_media":18364,"parent":29960,"menu_order":10,"comment_status":"closed","ping_status":"closed","template":"","meta":{"footnotes":""},"class_list":["post-30075","page","type-page","status-publish","has-post-thumbnail","hentry"],"_links":{"self":[{"href":"https:\/\/test393.ergatesweb7.ovh\/es\/wp-json\/wp\/v2\/pages\/30075","targetHints":{"allow":["GET"]}}],"collection":[{"href":"https:\/\/test393.ergatesweb7.ovh\/es\/wp-json\/wp\/v2\/pages"}],"about":[{"href":"https:\/\/test393.ergatesweb7.ovh\/es\/wp-json\/wp\/v2\/types\/page"}],"author":[{"embeddable":true,"href":"https:\/\/test393.ergatesweb7.ovh\/es\/wp-json\/wp\/v2\/users\/3"}],"replies":[{"embeddable":true,"href":"https:\/\/test393.ergatesweb7.ovh\/es\/wp-json\/wp\/v2\/comments?post=30075"}],"version-history":[{"count":2,"href":"https:\/\/test393.ergatesweb7.ovh\/es\/wp-json\/wp\/v2\/pages\/30075\/revisions"}],"predecessor-version":[{"id":30077,"href":"https:\/\/test393.ergatesweb7.ovh\/es\/wp-json\/wp\/v2\/pages\/30075\/revisions\/30077"}],"up":[{"embeddable":true,"href":"https:\/\/test393.ergatesweb7.ovh\/es\/wp-json\/wp\/v2\/pages\/29960"}],"wp:featuredmedia":[{"embeddable":true,"href":"https:\/\/test393.ergatesweb7.ovh\/es\/wp-json\/wp\/v2\/media\/18364"}],"wp:attachment":[{"href":"https:\/\/test393.ergatesweb7.ovh\/es\/wp-json\/wp\/v2\/media?parent=30075"}],"curies":[{"name":"wp","href":"https:\/\/api.w.org\/{rel}","templated":true}]}}