{"id":29971,"date":"2022-04-06T12:24:49","date_gmt":"2022-04-06T10:24:49","guid":{"rendered":"https:\/\/www.cerdanya.org\/que-hacer\/turismo-cultural\/patrimonio-cultural\/bellver-de-cerdanya\/sant-marcel-de-bor\/"},"modified":"2022-04-28T22:26:02","modified_gmt":"2022-04-28T20:26:02","slug":"sant-marcel-de-bor","status":"publish","type":"page","link":"https:\/\/test393.ergatesweb7.ovh\/es\/que-hacer\/turismo-cultural\/patrimonio-cultural\/bellver-de-cerdanya\/sant-marcel-de-bor\/","title":{"rendered":"Sant Marcel de Bor"},"content":{"rendered":"\n<style type=\"text\/css\" data-created_by=\"avia_inline_auto\" id=\"style-css-av-36rb4oj-ba4d95154227ed0d8a771e7152bf9e9e\">\n.flex_column.av-36rb4oj-ba4d95154227ed0d8a771e7152bf9e9e{\nborder-radius:0px 0px 0px 0px;\npadding:0px 0px 0px 0px;\n}\n<\/style>\n<div  class='flex_column av-36rb4oj-ba4d95154227ed0d8a771e7152bf9e9e av_one_half  avia-builder-el-0  el_before_av_one_half  avia-builder-el-first  first flex_column_div av-zero-column-padding  '     ><p>\n<style type=\"text\/css\" data-created_by=\"avia_inline_auto\" id=\"style-css-av-1pzgxaz-0071c5a40d7390234149095447f36905\">\n#top .av-special-heading.av-1pzgxaz-0071c5a40d7390234149095447f36905{\npadding-bottom:10px;\n}\nbody .av-special-heading.av-1pzgxaz-0071c5a40d7390234149095447f36905 .av-special-heading-tag .heading-char{\nfont-size:25px;\n}\n.av-special-heading.av-1pzgxaz-0071c5a40d7390234149095447f36905 .av-subheading{\nfont-size:15px;\n}\n<\/style>\n<div  class='av-special-heading av-1pzgxaz-0071c5a40d7390234149095447f36905 av-special-heading-h5  avia-builder-el-1  el_before_av_textblock  avia-builder-el-first '><h5 class='av-special-heading-tag '  itemprop=\"headline\"  >Descripci\u00f3n<\/h5><div class=\"special-heading-border\"><div class=\"special-heading-inner-border\"><\/div><\/div><\/div><br \/>\n<section  class='av_textblock_section av-ksyomoyl-25f1f3c8b1a0a9b03a6473be4799410f '   itemscope=\"itemscope\" itemtype=\"https:\/\/schema.org\/CreativeWork\" ><div class='avia_textblock'  itemprop=\"text\" ><p>Edificio rom\u00e1nico del siglo XI, como podemos ver en el \u00e1bside con los arcos ciegos entre lesenas que lo decoran, propios de este momento. Fue modificado en el siglo XVIII por la construcci\u00f3n de dos capillas laterales a modo de transepto, la construcci\u00f3n de la b\u00f3veda con una linterna central y la apertura a poniente de la puerta con la construcci\u00f3n de un porche. Se puede observar la presencia de grandes sillares cuadrados y bien cortados procedentes de alguna construcci\u00f3n anterior. En la fachada oeste de la capilla situada al norte se puede ver una piedra con la silueta esculpida de una casa con la inscripci\u00f3n: <em>1727 Benildo R<\/em> , el a\u00f1o y el nombre de quien la promovi\u00f3.<\/p>\n<p>La llave de b\u00f3veda de la puerta tiene grabada la cruz o anagrama similar a la de la orden de los Trinitarios. Destacable es la decoraci\u00f3n del cerrojo de hierro de la puerta.<\/p>\n<p>En el interior de la capilla norte se encuentra la pica del aceite y en el \u00e1bside las pinturas del artista contempor\u00e1neo Manuel Capdevila.<\/p>\n<\/div><\/section><\/p><\/div>\n<style type=\"text\/css\" data-created_by=\"avia_inline_auto\" id=\"style-css-av-2coqnf7-fe66bdd07c1c8428c9bfcd41c861e712\">\n.flex_column.av-2coqnf7-fe66bdd07c1c8428c9bfcd41c861e712{\nborder-radius:0px 0px 0px 0px;\npadding:0px 0px 0px 0px;\n}\n<\/style>\n<div  class='flex_column av-2coqnf7-fe66bdd07c1c8428c9bfcd41c861e712 av_one_half  avia-builder-el-3  el_after_av_one_half  el_before_av_one_full  flex_column_div av-zero-column-padding  '     ><style type=\"text\/css\" data-created_by=\"avia_inline_auto\" id=\"style-css-av-29ooh4j-975c9b240100a4c492661e9ad5fb3204\">\n#top .avia-gallery.av-29ooh4j-975c9b240100a4c492661e9ad5fb3204 .avia-gallery-thumb a{\nwidth:20%;\n}\n<\/style>\n<div  class='avia-gallery av-29ooh4j-975c9b240100a4c492661e9ad5fb3204 avia_animate_when_visible  avia-builder-el-4  avia-builder-el-no-sibling  avia_lazyload av-slideshow-ui av-loop-manual-endless av-control-hidden av-navigate-arrows av-navigate-dots hover-effect av-control-hidden avia-gallery-animate avia-gallery-1'  itemprop=\"image\" itemscope=\"itemscope\" itemtype=\"https:\/\/schema.org\/ImageObject\" ><meta itemprop=\"contentURL\" content=\"https:\/\/test393.ergatesweb7.ovh\/es\/que-hacer\/turismo-cultural\/patrimonio-cultural\/bellver-de-cerdanya\/sant-marcel-de-bor\/\"><div class='avia-gallery-big-wrapper'><a class='avia-gallery-big fakeLightbox lightbox avia-gallery-big-crop-thumb ' href=\"https:\/\/test393.ergatesweb7.ovh\/wp-content\/uploads\/2021\/12\/sant-marcel-bor--1030x687.jpg\" data-srcset=\"https:\/\/test393.ergatesweb7.ovh\/wp-content\/uploads\/2021\/12\/sant-marcel-bor--1030x687.jpg 1030w, https:\/\/test393.ergatesweb7.ovh\/wp-content\/uploads\/2021\/12\/sant-marcel-bor--300x200.jpg 300w, https:\/\/test393.ergatesweb7.ovh\/wp-content\/uploads\/2021\/12\/sant-marcel-bor--768x512.jpg 768w, https:\/\/test393.ergatesweb7.ovh\/wp-content\/uploads\/2021\/12\/sant-marcel-bor--705x470.jpg 705w, https:\/\/test393.ergatesweb7.ovh\/wp-content\/uploads\/2021\/12\/sant-marcel-bor-.jpg 1500w\" data-sizes=\"(max-width: 1030px) 100vw, 1030px\"  data-onclick='1' title='Sant Marcel de Bor' ><span class='avia-gallery-big-inner'  itemprop=\"thumbnailUrl\" ><img decoding=\"async\" fetchpriority=\"high\" class=\"wp-image-18645 avia-img-lazy-loading-not-18645\"  width=\"495\" height=\"400\" src=\"https:\/\/test393.ergatesweb7.ovh\/wp-content\/uploads\/2021\/12\/sant-marcel-bor--495x400.jpg\" title='2. BELLVER- Sant Marcel de Bor' alt='' srcset=\"https:\/\/test393.ergatesweb7.ovh\/wp-content\/uploads\/2021\/12\/sant-marcel-bor--495x400.jpg 495w, https:\/\/test393.ergatesweb7.ovh\/wp-content\/uploads\/2021\/12\/sant-marcel-bor--845x684.jpg 845w\" sizes=\"(max-width: 495px) 100vw, 495px\" \/><span class='avia-gallery-caption'>Sant Marcel de Bor<\/span><\/span><\/a><\/div><div class='avia-gallery-thumb'><a href=\"https:\/\/test393.ergatesweb7.ovh\/wp-content\/uploads\/2021\/12\/sant-marcel-bor--1030x687.jpg\" data-srcset=\"https:\/\/test393.ergatesweb7.ovh\/wp-content\/uploads\/2021\/12\/sant-marcel-bor--1030x687.jpg 1030w, https:\/\/test393.ergatesweb7.ovh\/wp-content\/uploads\/2021\/12\/sant-marcel-bor--300x200.jpg 300w, https:\/\/test393.ergatesweb7.ovh\/wp-content\/uploads\/2021\/12\/sant-marcel-bor--768x512.jpg 768w, https:\/\/test393.ergatesweb7.ovh\/wp-content\/uploads\/2021\/12\/sant-marcel-bor--705x470.jpg 705w, https:\/\/test393.ergatesweb7.ovh\/wp-content\/uploads\/2021\/12\/sant-marcel-bor-.jpg 1500w\" data-sizes=\"(max-width: 1030px) 100vw, 1030px\" data-rel='gallery-1' data-prev-img='https:\/\/test393.ergatesweb7.ovh\/wp-content\/uploads\/2021\/12\/sant-marcel-bor--495x400.jpg' class='first_thumb lightbox ' data-onclick='1' title='Sant Marcel de Bor'  itemprop=\"thumbnailUrl\"  ><img decoding=\"async\" fetchpriority=\"high\" class=\"wp-image-18645 avia-img-lazy-loading-not-18645\"  data-avia-tooltip='Sant Marcel de Bor' src=\"https:\/\/test393.ergatesweb7.ovh\/wp-content\/uploads\/2021\/12\/sant-marcel-bor--495x400.jpg\" width=\"495\" height=\"400\"  title='2. BELLVER- Sant Marcel de Bor' alt='' srcset=\"https:\/\/test393.ergatesweb7.ovh\/wp-content\/uploads\/2021\/12\/sant-marcel-bor--495x400.jpg 495w, https:\/\/test393.ergatesweb7.ovh\/wp-content\/uploads\/2021\/12\/sant-marcel-bor--845x684.jpg 845w\" sizes=\"(max-width: 495px) 100vw, 495px\" \/><div class='big-prev-fake'><img decoding=\"async\" loading=\"lazy\" class=\"wp-image-18645 avia-img-lazy-loading-18645\"  width=\"495\" height=\"400\" src=\"https:\/\/test393.ergatesweb7.ovh\/wp-content\/uploads\/2021\/12\/sant-marcel-bor--495x400.jpg\" title='2. BELLVER- Sant Marcel de Bor' alt='' srcset=\"https:\/\/test393.ergatesweb7.ovh\/wp-content\/uploads\/2021\/12\/sant-marcel-bor--495x400.jpg 495w, https:\/\/test393.ergatesweb7.ovh\/wp-content\/uploads\/2021\/12\/sant-marcel-bor--845x684.jpg 845w\" sizes=\"auto, (max-width: 495px) 100vw, 495px\" \/><\/div><\/a><a href=\"https:\/\/test393.ergatesweb7.ovh\/wp-content\/uploads\/2021\/12\/sant-marcel-bor-crist-1030x687.jpg\" data-srcset=\"https:\/\/test393.ergatesweb7.ovh\/wp-content\/uploads\/2021\/12\/sant-marcel-bor-crist-1030x687.jpg 1030w, https:\/\/test393.ergatesweb7.ovh\/wp-content\/uploads\/2021\/12\/sant-marcel-bor-crist-300x200.jpg 300w, https:\/\/test393.ergatesweb7.ovh\/wp-content\/uploads\/2021\/12\/sant-marcel-bor-crist-768x512.jpg 768w, https:\/\/test393.ergatesweb7.ovh\/wp-content\/uploads\/2021\/12\/sant-marcel-bor-crist-705x470.jpg 705w, https:\/\/test393.ergatesweb7.ovh\/wp-content\/uploads\/2021\/12\/sant-marcel-bor-crist.jpg 1500w\" data-sizes=\"(max-width: 1030px) 100vw, 1030px\" data-rel='gallery-1' data-prev-img='https:\/\/test393.ergatesweb7.ovh\/wp-content\/uploads\/2021\/12\/sant-marcel-bor-crist-495x400.jpg' class='lightbox ' data-onclick='2' title='Sant Marcel de Bor'  itemprop=\"thumbnailUrl\"  ><img decoding=\"async\" fetchpriority=\"high\" class=\"wp-image-18646 avia-img-lazy-loading-not-18646\"  data-avia-tooltip='Sant Marcel de Bor' src=\"https:\/\/test393.ergatesweb7.ovh\/wp-content\/uploads\/2021\/12\/sant-marcel-bor-crist-495x400.jpg\" width=\"495\" height=\"400\"  title='2. BELLVER- Sant Marcel de Bor' alt='' srcset=\"https:\/\/test393.ergatesweb7.ovh\/wp-content\/uploads\/2021\/12\/sant-marcel-bor-crist-495x400.jpg 495w, https:\/\/test393.ergatesweb7.ovh\/wp-content\/uploads\/2021\/12\/sant-marcel-bor-crist-845x684.jpg 845w\" sizes=\"(max-width: 495px) 100vw, 495px\" \/><div class='big-prev-fake'><img decoding=\"async\" loading=\"lazy\" class=\"wp-image-18646 avia-img-lazy-loading-18646\"  width=\"495\" height=\"400\" src=\"https:\/\/test393.ergatesweb7.ovh\/wp-content\/uploads\/2021\/12\/sant-marcel-bor-crist-495x400.jpg\" title='2. BELLVER- Sant Marcel de Bor' alt='' srcset=\"https:\/\/test393.ergatesweb7.ovh\/wp-content\/uploads\/2021\/12\/sant-marcel-bor-crist-495x400.jpg 495w, https:\/\/test393.ergatesweb7.ovh\/wp-content\/uploads\/2021\/12\/sant-marcel-bor-crist-845x684.jpg 845w\" sizes=\"auto, (max-width: 495px) 100vw, 495px\" \/><\/div><\/a><a href=\"https:\/\/test393.ergatesweb7.ovh\/wp-content\/uploads\/2021\/12\/sant-marcel-bor-altar-1030x687.jpg\" data-srcset=\"https:\/\/test393.ergatesweb7.ovh\/wp-content\/uploads\/2021\/12\/sant-marcel-bor-altar-1030x687.jpg 1030w, https:\/\/test393.ergatesweb7.ovh\/wp-content\/uploads\/2021\/12\/sant-marcel-bor-altar-300x200.jpg 300w, https:\/\/test393.ergatesweb7.ovh\/wp-content\/uploads\/2021\/12\/sant-marcel-bor-altar-768x512.jpg 768w, https:\/\/test393.ergatesweb7.ovh\/wp-content\/uploads\/2021\/12\/sant-marcel-bor-altar-705x470.jpg 705w, https:\/\/test393.ergatesweb7.ovh\/wp-content\/uploads\/2021\/12\/sant-marcel-bor-altar.jpg 1500w\" data-sizes=\"(max-width: 1030px) 100vw, 1030px\" data-rel='gallery-1' data-prev-img='https:\/\/test393.ergatesweb7.ovh\/wp-content\/uploads\/2021\/12\/sant-marcel-bor-altar-495x400.jpg' class='lightbox ' data-onclick='3' title='Sant Marcel de Bor'  itemprop=\"thumbnailUrl\"  ><img decoding=\"async\" fetchpriority=\"high\" class=\"wp-image-18647 avia-img-lazy-loading-not-18647\"  data-avia-tooltip='Sant Marcel de Bor' src=\"https:\/\/test393.ergatesweb7.ovh\/wp-content\/uploads\/2021\/12\/sant-marcel-bor-altar-495x400.jpg\" width=\"495\" height=\"400\"  title='2. BELLVER- Sant Marcel de Bor' alt='' srcset=\"https:\/\/test393.ergatesweb7.ovh\/wp-content\/uploads\/2021\/12\/sant-marcel-bor-altar-495x400.jpg 495w, https:\/\/test393.ergatesweb7.ovh\/wp-content\/uploads\/2021\/12\/sant-marcel-bor-altar-845x684.jpg 845w\" sizes=\"(max-width: 495px) 100vw, 495px\" \/><div class='big-prev-fake'><img decoding=\"async\" loading=\"lazy\" class=\"wp-image-18647 avia-img-lazy-loading-18647\"  width=\"495\" height=\"400\" src=\"https:\/\/test393.ergatesweb7.ovh\/wp-content\/uploads\/2021\/12\/sant-marcel-bor-altar-495x400.jpg\" title='2. BELLVER- Sant Marcel de Bor' alt='' srcset=\"https:\/\/test393.ergatesweb7.ovh\/wp-content\/uploads\/2021\/12\/sant-marcel-bor-altar-495x400.jpg 495w, https:\/\/test393.ergatesweb7.ovh\/wp-content\/uploads\/2021\/12\/sant-marcel-bor-altar-845x684.jpg 845w\" sizes=\"auto, (max-width: 495px) 100vw, 495px\" \/><\/div><\/a><a href=\"https:\/\/test393.ergatesweb7.ovh\/wp-content\/uploads\/2021\/12\/sant-marcel-bor-verge-1030x687.jpg\" data-srcset=\"https:\/\/test393.ergatesweb7.ovh\/wp-content\/uploads\/2021\/12\/sant-marcel-bor-verge-1030x687.jpg 1030w, https:\/\/test393.ergatesweb7.ovh\/wp-content\/uploads\/2021\/12\/sant-marcel-bor-verge-300x200.jpg 300w, https:\/\/test393.ergatesweb7.ovh\/wp-content\/uploads\/2021\/12\/sant-marcel-bor-verge-768x512.jpg 768w, https:\/\/test393.ergatesweb7.ovh\/wp-content\/uploads\/2021\/12\/sant-marcel-bor-verge-705x470.jpg 705w, https:\/\/test393.ergatesweb7.ovh\/wp-content\/uploads\/2021\/12\/sant-marcel-bor-verge.jpg 1500w\" data-sizes=\"(max-width: 1030px) 100vw, 1030px\" data-rel='gallery-1' data-prev-img='https:\/\/test393.ergatesweb7.ovh\/wp-content\/uploads\/2021\/12\/sant-marcel-bor-verge-495x400.jpg' class='lightbox ' data-onclick='4' title='Sant Marcel de Bor'  itemprop=\"thumbnailUrl\"  ><img decoding=\"async\" fetchpriority=\"high\" class=\"wp-image-18648 avia-img-lazy-loading-not-18648\"  data-avia-tooltip='Sant Marcel de Bor' src=\"https:\/\/test393.ergatesweb7.ovh\/wp-content\/uploads\/2021\/12\/sant-marcel-bor-verge-495x400.jpg\" width=\"495\" height=\"400\"  title='2. BELLVER- Sant Marcel de Bor' alt='' srcset=\"https:\/\/test393.ergatesweb7.ovh\/wp-content\/uploads\/2021\/12\/sant-marcel-bor-verge-495x400.jpg 495w, https:\/\/test393.ergatesweb7.ovh\/wp-content\/uploads\/2021\/12\/sant-marcel-bor-verge-845x684.jpg 845w\" sizes=\"(max-width: 495px) 100vw, 495px\" \/><div class='big-prev-fake'><img decoding=\"async\" loading=\"lazy\" class=\"wp-image-18648 avia-img-lazy-loading-18648\"  width=\"495\" height=\"400\" src=\"https:\/\/test393.ergatesweb7.ovh\/wp-content\/uploads\/2021\/12\/sant-marcel-bor-verge-495x400.jpg\" title='2. BELLVER- Sant Marcel de Bor' alt='' srcset=\"https:\/\/test393.ergatesweb7.ovh\/wp-content\/uploads\/2021\/12\/sant-marcel-bor-verge-495x400.jpg 495w, https:\/\/test393.ergatesweb7.ovh\/wp-content\/uploads\/2021\/12\/sant-marcel-bor-verge-845x684.jpg 845w\" sizes=\"auto, (max-width: 495px) 100vw, 495px\" \/><\/div><\/a><a href=\"https:\/\/test393.ergatesweb7.ovh\/wp-content\/uploads\/2021\/12\/sant-marcel-bor-bancs-1030x687.jpg\" data-srcset=\"https:\/\/test393.ergatesweb7.ovh\/wp-content\/uploads\/2021\/12\/sant-marcel-bor-bancs-1030x687.jpg 1030w, https:\/\/test393.ergatesweb7.ovh\/wp-content\/uploads\/2021\/12\/sant-marcel-bor-bancs-300x200.jpg 300w, https:\/\/test393.ergatesweb7.ovh\/wp-content\/uploads\/2021\/12\/sant-marcel-bor-bancs-768x512.jpg 768w, https:\/\/test393.ergatesweb7.ovh\/wp-content\/uploads\/2021\/12\/sant-marcel-bor-bancs-705x470.jpg 705w, https:\/\/test393.ergatesweb7.ovh\/wp-content\/uploads\/2021\/12\/sant-marcel-bor-bancs.jpg 1500w\" data-sizes=\"(max-width: 1030px) 100vw, 1030px\" data-rel='gallery-1' data-prev-img='https:\/\/test393.ergatesweb7.ovh\/wp-content\/uploads\/2021\/12\/sant-marcel-bor-bancs-495x400.jpg' class='lightbox ' data-onclick='5' title='Sant Marcel de Bor'  itemprop=\"thumbnailUrl\"  ><img decoding=\"async\" fetchpriority=\"high\" class=\"wp-image-18649 avia-img-lazy-loading-not-18649\"  data-avia-tooltip='Sant Marcel de Bor' src=\"https:\/\/test393.ergatesweb7.ovh\/wp-content\/uploads\/2021\/12\/sant-marcel-bor-bancs-495x400.jpg\" width=\"495\" height=\"400\"  title='2. BELLVER- Sant Marcel de Bor' alt='' srcset=\"https:\/\/test393.ergatesweb7.ovh\/wp-content\/uploads\/2021\/12\/sant-marcel-bor-bancs-495x400.jpg 495w, https:\/\/test393.ergatesweb7.ovh\/wp-content\/uploads\/2021\/12\/sant-marcel-bor-bancs-845x684.jpg 845w\" sizes=\"(max-width: 495px) 100vw, 495px\" \/><div class='big-prev-fake'><img decoding=\"async\" loading=\"lazy\" class=\"wp-image-18649 avia-img-lazy-loading-18649\"  width=\"495\" height=\"400\" src=\"https:\/\/test393.ergatesweb7.ovh\/wp-content\/uploads\/2021\/12\/sant-marcel-bor-bancs-495x400.jpg\" title='2. BELLVER- Sant Marcel de Bor' alt='' srcset=\"https:\/\/test393.ergatesweb7.ovh\/wp-content\/uploads\/2021\/12\/sant-marcel-bor-bancs-495x400.jpg 495w, https:\/\/test393.ergatesweb7.ovh\/wp-content\/uploads\/2021\/12\/sant-marcel-bor-bancs-845x684.jpg 845w\" sizes=\"auto, (max-width: 495px) 100vw, 495px\" \/><\/div><\/a><a href=\"https:\/\/test393.ergatesweb7.ovh\/wp-content\/uploads\/2021\/12\/sant-marcel-bor-pedra-1030x687.jpg\" data-srcset=\"https:\/\/test393.ergatesweb7.ovh\/wp-content\/uploads\/2021\/12\/sant-marcel-bor-pedra-1030x687.jpg 1030w, https:\/\/test393.ergatesweb7.ovh\/wp-content\/uploads\/2021\/12\/sant-marcel-bor-pedra-300x200.jpg 300w, https:\/\/test393.ergatesweb7.ovh\/wp-content\/uploads\/2021\/12\/sant-marcel-bor-pedra-768x512.jpg 768w, https:\/\/test393.ergatesweb7.ovh\/wp-content\/uploads\/2021\/12\/sant-marcel-bor-pedra-705x470.jpg 705w, https:\/\/test393.ergatesweb7.ovh\/wp-content\/uploads\/2021\/12\/sant-marcel-bor-pedra.jpg 1500w\" data-sizes=\"(max-width: 1030px) 100vw, 1030px\" data-rel='gallery-1' data-prev-img='https:\/\/test393.ergatesweb7.ovh\/wp-content\/uploads\/2021\/12\/sant-marcel-bor-pedra-495x400.jpg' class='first_thumb lightbox ' data-onclick='6' title='Sant Marcel de Bor'  itemprop=\"thumbnailUrl\"  ><img decoding=\"async\" fetchpriority=\"high\" class=\"wp-image-18650 avia-img-lazy-loading-not-18650\"  data-avia-tooltip='Sant Marcel de Bor' src=\"https:\/\/test393.ergatesweb7.ovh\/wp-content\/uploads\/2021\/12\/sant-marcel-bor-pedra-495x400.jpg\" width=\"495\" height=\"400\"  title='2. BELLVER- Sant Marcel de Bor' alt='' srcset=\"https:\/\/test393.ergatesweb7.ovh\/wp-content\/uploads\/2021\/12\/sant-marcel-bor-pedra-495x400.jpg 495w, https:\/\/test393.ergatesweb7.ovh\/wp-content\/uploads\/2021\/12\/sant-marcel-bor-pedra-845x684.jpg 845w\" sizes=\"(max-width: 495px) 100vw, 495px\" \/><div class='big-prev-fake'><img decoding=\"async\" loading=\"lazy\" class=\"wp-image-18650 avia-img-lazy-loading-18650\"  width=\"495\" height=\"400\" src=\"https:\/\/test393.ergatesweb7.ovh\/wp-content\/uploads\/2021\/12\/sant-marcel-bor-pedra-495x400.jpg\" title='2. BELLVER- Sant Marcel de Bor' alt='' srcset=\"https:\/\/test393.ergatesweb7.ovh\/wp-content\/uploads\/2021\/12\/sant-marcel-bor-pedra-495x400.jpg 495w, https:\/\/test393.ergatesweb7.ovh\/wp-content\/uploads\/2021\/12\/sant-marcel-bor-pedra-845x684.jpg 845w\" sizes=\"auto, (max-width: 495px) 100vw, 495px\" \/><\/div><\/a><\/div><\/div><\/div>\n<style type=\"text\/css\" data-created_by=\"avia_inline_auto\" id=\"style-css-av-13qih77-00e4eae9d0b6c138f9ba0e0aa3d8fb95\">\n.flex_column.av-13qih77-00e4eae9d0b6c138f9ba0e0aa3d8fb95{\nborder-radius:0px 0px 0px 0px;\npadding:0px 0px 0px 0px;\n}\n<\/style>\n<div  class='flex_column av-13qih77-00e4eae9d0b6c138f9ba0e0aa3d8fb95 av_one_full  avia-builder-el-5  el_after_av_one_half  el_before_av_one_half  first flex_column_div av-zero-column-padding  column-top-margin'     ><style type=\"text\/css\" data-created_by=\"avia_inline_auto\" id=\"style-css-av-kwp2dp8f-f55138033d46035ff7ae47226ad7fa00\">\n#top .hr.hr-invisible.av-kwp2dp8f-f55138033d46035ff7ae47226ad7fa00{\nheight:20px;\n}\n<\/style>\n<div  class='hr av-kwp2dp8f-f55138033d46035ff7ae47226ad7fa00 hr-invisible  avia-builder-el-6  avia-builder-el-no-sibling '><span class='hr-inner '><span class=\"hr-inner-style\"><\/span><\/span><\/div><\/div><\/p>\n\n<style type=\"text\/css\" data-created_by=\"avia_inline_auto\" id=\"style-css-av-3mt7ln-ba39957fc2b1f731e044dde564e130ba\">\n.flex_column.av-3mt7ln-ba39957fc2b1f731e044dde564e130ba{\nborder-radius:0px 0px 0px 0px;\npadding:0px 0px 0px 0px;\n}\n<\/style>\n<div  class='flex_column av-3mt7ln-ba39957fc2b1f731e044dde564e130ba av_one_half  avia-builder-el-7  el_after_av_one_full  avia-builder-el-last  first flex_column_div av-zero-column-padding  column-top-margin'     ><p>\n<style type=\"text\/css\" data-created_by=\"avia_inline_auto\" id=\"style-css-av-phptuj-ee0719cf5627dfade7881c63b7a812df\">\n#top .av-special-heading.av-phptuj-ee0719cf5627dfade7881c63b7a812df{\npadding-bottom:10px;\n}\nbody .av-special-heading.av-phptuj-ee0719cf5627dfade7881c63b7a812df .av-special-heading-tag .heading-char{\nfont-size:25px;\n}\n.av-special-heading.av-phptuj-ee0719cf5627dfade7881c63b7a812df .av-subheading{\nfont-size:15px;\n}\n<\/style>\n<div  class='av-special-heading av-phptuj-ee0719cf5627dfade7881c63b7a812df av-special-heading-h5  avia-builder-el-8  el_before_av_image  avia-builder-el-first '><h5 class='av-special-heading-tag '  itemprop=\"headline\"  >Planta y secci\u00f3n<\/h5><div class=\"special-heading-border\"><div class=\"special-heading-inner-border\"><\/div><\/div><\/div><br \/>\n\n<style type=\"text\/css\" data-created_by=\"avia_inline_auto\" id=\"style-css-av-kxpzjjap-4112abd197f5f059b6b46ee65c10821d\">\n.avia-image-container.av-kxpzjjap-4112abd197f5f059b6b46ee65c10821d img.avia_image{\nbox-shadow:none;\n}\n.avia-image-container.av-kxpzjjap-4112abd197f5f059b6b46ee65c10821d .av-image-caption-overlay-center{\ncolor:#ffffff;\n}\n<\/style>\n<div  class='avia-image-container av-kxpzjjap-4112abd197f5f059b6b46ee65c10821d av-styling- avia-align-center  avia-builder-el-9  el_after_av_heading  avia-builder-el-last '   itemprop=\"image\" itemscope=\"itemscope\" itemtype=\"https:\/\/schema.org\/ImageObject\" ><div class=\"avia-image-container-inner\"><div class=\"avia-image-overlay-wrap\"><img decoding=\"async\" fetchpriority=\"high\" class='wp-image-18644 avia-img-lazy-loading-not-18644 avia_image ' src=\"https:\/\/test393.ergatesweb7.ovh\/wp-content\/uploads\/2021\/12\/sant-marcel-Bor-1030x536.jpg\" alt='' title='sant-marcel-Bor'  height=\"536\" width=\"1030\"  itemprop=\"thumbnailUrl\" srcset=\"https:\/\/test393.ergatesweb7.ovh\/wp-content\/uploads\/2021\/12\/sant-marcel-Bor-1030x536.jpg 1030w, https:\/\/test393.ergatesweb7.ovh\/wp-content\/uploads\/2021\/12\/sant-marcel-Bor-300x156.jpg 300w, https:\/\/test393.ergatesweb7.ovh\/wp-content\/uploads\/2021\/12\/sant-marcel-Bor-768x400.jpg 768w, https:\/\/test393.ergatesweb7.ovh\/wp-content\/uploads\/2021\/12\/sant-marcel-Bor-705x367.jpg 705w, https:\/\/test393.ergatesweb7.ovh\/wp-content\/uploads\/2021\/12\/sant-marcel-Bor.jpg 1334w\" sizes=\"(max-width: 1030px) 100vw, 1030px\" \/><\/div><\/div><\/div><\/p><\/div>\n","protected":false},"excerpt":{"rendered":"","protected":false},"author":3,"featured_media":18303,"parent":29159,"menu_order":90,"comment_status":"closed","ping_status":"closed","template":"","meta":{"footnotes":""},"class_list":["post-29971","page","type-page","status-publish","has-post-thumbnail","hentry"],"_links":{"self":[{"href":"https:\/\/test393.ergatesweb7.ovh\/es\/wp-json\/wp\/v2\/pages\/29971","targetHints":{"allow":["GET"]}}],"collection":[{"href":"https:\/\/test393.ergatesweb7.ovh\/es\/wp-json\/wp\/v2\/pages"}],"about":[{"href":"https:\/\/test393.ergatesweb7.ovh\/es\/wp-json\/wp\/v2\/types\/page"}],"author":[{"embeddable":true,"href":"https:\/\/test393.ergatesweb7.ovh\/es\/wp-json\/wp\/v2\/users\/3"}],"replies":[{"embeddable":true,"href":"https:\/\/test393.ergatesweb7.ovh\/es\/wp-json\/wp\/v2\/comments?post=29971"}],"version-history":[{"count":10,"href":"https:\/\/test393.ergatesweb7.ovh\/es\/wp-json\/wp\/v2\/pages\/29971\/revisions"}],"predecessor-version":[{"id":34668,"href":"https:\/\/test393.ergatesweb7.ovh\/es\/wp-json\/wp\/v2\/pages\/29971\/revisions\/34668"}],"up":[{"embeddable":true,"href":"https:\/\/test393.ergatesweb7.ovh\/es\/wp-json\/wp\/v2\/pages\/29159"}],"wp:featuredmedia":[{"embeddable":true,"href":"https:\/\/test393.ergatesweb7.ovh\/es\/wp-json\/wp\/v2\/media\/18303"}],"wp:attachment":[{"href":"https:\/\/test393.ergatesweb7.ovh\/es\/wp-json\/wp\/v2\/media?parent=29971"}],"curies":[{"name":"wp","href":"https:\/\/api.w.org\/{rel}","templated":true}]}}