{"id":29539,"date":"2022-03-24T16:53:04","date_gmt":"2022-03-24T14:53:04","guid":{"rendered":"https:\/\/www.cerdanya.org\/que-hacer\/turismo-cultural\/patrimonio-cultural\/lles-de-cerdanya\/capella-del-roser-o-del-benefici-de-lles\/"},"modified":"2022-04-28T22:55:20","modified_gmt":"2022-04-28T20:55:20","slug":"capella-del-roser-o-del-benefici-de-lles","status":"publish","type":"page","link":"https:\/\/test393.ergatesweb7.ovh\/es\/que-hacer\/turismo-cultural\/patrimonio-cultural\/lles-de-cerdanya\/capella-del-roser-o-del-benefici-de-lles\/","title":{"rendered":"Capella del Roser o del Benefici de Lles"},"content":{"rendered":"\n<style type=\"text\/css\" data-created_by=\"avia_inline_auto\" id=\"style-css-av-36rb4oj-ba4d95154227ed0d8a771e7152bf9e9e\">\n.flex_column.av-36rb4oj-ba4d95154227ed0d8a771e7152bf9e9e{\nborder-radius:0px 0px 0px 0px;\npadding:0px 0px 0px 0px;\n}\n<\/style>\n<div  class='flex_column av-36rb4oj-ba4d95154227ed0d8a771e7152bf9e9e av_one_half  avia-builder-el-0  el_before_av_one_half  avia-builder-el-first  first flex_column_div av-zero-column-padding  '     ><p>\n<style type=\"text\/css\" data-created_by=\"avia_inline_auto\" id=\"style-css-av-tchz1f-93b1cbab44a3da1056710ab15df84f11\">\n#top .av-special-heading.av-tchz1f-93b1cbab44a3da1056710ab15df84f11{\npadding-bottom:10px;\n}\nbody .av-special-heading.av-tchz1f-93b1cbab44a3da1056710ab15df84f11 .av-special-heading-tag .heading-char{\nfont-size:25px;\n}\n.av-special-heading.av-tchz1f-93b1cbab44a3da1056710ab15df84f11 .av-subheading{\nfont-size:15px;\n}\n<\/style>\n<div  class='av-special-heading av-tchz1f-93b1cbab44a3da1056710ab15df84f11 av-special-heading-h5  avia-builder-el-1  el_before_av_textblock  avia-builder-el-first '><h5 class='av-special-heading-tag '  itemprop=\"headline\"  >Descripci\u00f3n<\/h5><div class=\"special-heading-border\"><div class=\"special-heading-inner-border\"><\/div><\/div><\/div><br \/>\n<section  class='av_textblock_section av-ksyomoyl-25f1f3c8b1a0a9b03a6473be4799410f '   itemscope=\"itemscope\" itemtype=\"https:\/\/schema.org\/CreativeWork\" ><div class='avia_textblock'  itemprop=\"text\" ><p>Es una peque\u00f1a capilla de \u00e9poca barroca de planta cuadrada y \u00e1bside poligonal cubierta con b\u00f3veda de nervaduras y un arco toral decorado con pinturas vegetales de la \u00e9poca de la capilla. La fachada est\u00e1 al suroeste con una puerta de arco de medio punto con dovelas bien escuadradas y un ojo de buey de la misma factura. El edificio est\u00e1 coronado por un peque\u00f1o campanario de espada\u00f1a.<\/p>\n<p>En el interior, proveniente de la iglesia de los \u00c0ngels de la Llosa, encontramos una pieza \u00fanica, curiosa y no muy conocida. Es una cruz griega hecha en un bloque de piedra caliza, un tipo que no es de la zona. En el centro, esculpido en bajorrelieve, Cristo en Majestad. Es una figura muy arcaica en la que la cabeza es proporcionalmente grande y los brazos muy largos. En el rostro es donde encontramos algo de trabajo escult\u00f3rico distingui\u00e9ndose los ojos redondos, la nariz, la boca y la barba. Lleva un sombrero c\u00f3nico y el cuerpo es un volumen de forma ovalada, que quiere representar una especie de t\u00fanica, de la que salen las piernas. Los brazos hacen el gesto del codo y finalizan en unas manos, al igual que los pies, no est\u00e1n muy definidas.<\/p>\n<p>En el centro de la capilla encontramos un pante\u00f3n familiar excavado en el suelo cubierto con losa de granito.<\/p>\n<\/div><\/section><\/p><\/div>\n<style type=\"text\/css\" data-created_by=\"avia_inline_auto\" id=\"style-css-av-2coqnf7-fe66bdd07c1c8428c9bfcd41c861e712\">\n.flex_column.av-2coqnf7-fe66bdd07c1c8428c9bfcd41c861e712{\nborder-radius:0px 0px 0px 0px;\npadding:0px 0px 0px 0px;\n}\n<\/style>\n<div  class='flex_column av-2coqnf7-fe66bdd07c1c8428c9bfcd41c861e712 av_one_half  avia-builder-el-3  el_after_av_one_half  avia-builder-el-last  flex_column_div av-zero-column-padding  '     ><style type=\"text\/css\" data-created_by=\"avia_inline_auto\" id=\"style-css-av-29ooh4j-842329cb641a93bf67f37b6cb3ad1770\">\n#top .avia-gallery.av-29ooh4j-842329cb641a93bf67f37b6cb3ad1770 .avia-gallery-thumb a{\nwidth:20%;\n}\n<\/style>\n<div  class='avia-gallery av-29ooh4j-842329cb641a93bf67f37b6cb3ad1770 avia_animate_when_visible  avia-builder-el-4  avia-builder-el-no-sibling  avia_lazyload av-slideshow-ui av-loop-manual-endless av-control-hidden av-navigate-arrows av-navigate-dots hover-effect av-control-hidden avia-gallery-animate avia-gallery-1'  itemprop=\"image\" itemscope=\"itemscope\" itemtype=\"https:\/\/schema.org\/ImageObject\" ><meta itemprop=\"contentURL\" content=\"https:\/\/test393.ergatesweb7.ovh\/es\/que-hacer\/turismo-cultural\/patrimonio-cultural\/lles-de-cerdanya\/capella-del-roser-o-del-benefici-de-lles\/\"><div class='avia-gallery-big-wrapper'><a class='avia-gallery-big fakeLightbox lightbox avia-gallery-big-crop-thumb ' href=\"https:\/\/test393.ergatesweb7.ovh\/wp-content\/uploads\/2021\/12\/capella-roser-o-benefici-lles-1030x687.jpg\" data-srcset=\"https:\/\/test393.ergatesweb7.ovh\/wp-content\/uploads\/2021\/12\/capella-roser-o-benefici-lles-1030x687.jpg 1030w, https:\/\/test393.ergatesweb7.ovh\/wp-content\/uploads\/2021\/12\/capella-roser-o-benefici-lles-300x200.jpg 300w, https:\/\/test393.ergatesweb7.ovh\/wp-content\/uploads\/2021\/12\/capella-roser-o-benefici-lles-768x512.jpg 768w, https:\/\/test393.ergatesweb7.ovh\/wp-content\/uploads\/2021\/12\/capella-roser-o-benefici-lles-705x470.jpg 705w, https:\/\/test393.ergatesweb7.ovh\/wp-content\/uploads\/2021\/12\/capella-roser-o-benefici-lles.jpg 1500w\" data-sizes=\"(max-width: 1030px) 100vw, 1030px\"  data-onclick='1' title='Capella del Roser o del Benefici de Lles de Cerdanya' ><span class='avia-gallery-big-inner'  itemprop=\"thumbnailUrl\" ><img decoding=\"async\" fetchpriority=\"high\" class=\"wp-image-18965 avia-img-lazy-loading-not-18965\"  width=\"495\" height=\"400\" src=\"https:\/\/test393.ergatesweb7.ovh\/wp-content\/uploads\/2021\/12\/capella-roser-o-benefici-lles-495x400.jpg\" title='14. LLES- Capella del Roser o del Benefici de Lles' alt='' srcset=\"https:\/\/test393.ergatesweb7.ovh\/wp-content\/uploads\/2021\/12\/capella-roser-o-benefici-lles-495x400.jpg 495w, https:\/\/test393.ergatesweb7.ovh\/wp-content\/uploads\/2021\/12\/capella-roser-o-benefici-lles-845x684.jpg 845w\" sizes=\"(max-width: 495px) 100vw, 495px\" \/><span class='avia-gallery-caption'>Capella del Roser o del Benefici de Lles de Cerdanya<\/span><\/span><\/a><\/div><div class='avia-gallery-thumb'><a href=\"https:\/\/test393.ergatesweb7.ovh\/wp-content\/uploads\/2021\/12\/capella-roser-o-benefici-lles-1030x687.jpg\" data-srcset=\"https:\/\/test393.ergatesweb7.ovh\/wp-content\/uploads\/2021\/12\/capella-roser-o-benefici-lles-1030x687.jpg 1030w, https:\/\/test393.ergatesweb7.ovh\/wp-content\/uploads\/2021\/12\/capella-roser-o-benefici-lles-300x200.jpg 300w, https:\/\/test393.ergatesweb7.ovh\/wp-content\/uploads\/2021\/12\/capella-roser-o-benefici-lles-768x512.jpg 768w, https:\/\/test393.ergatesweb7.ovh\/wp-content\/uploads\/2021\/12\/capella-roser-o-benefici-lles-705x470.jpg 705w, https:\/\/test393.ergatesweb7.ovh\/wp-content\/uploads\/2021\/12\/capella-roser-o-benefici-lles.jpg 1500w\" data-sizes=\"(max-width: 1030px) 100vw, 1030px\" data-rel='gallery-1' data-prev-img='https:\/\/test393.ergatesweb7.ovh\/wp-content\/uploads\/2021\/12\/capella-roser-o-benefici-lles-495x400.jpg' class='first_thumb lightbox ' data-onclick='1' title='Capella del Roser o del Benefici de Lles de Cerdanya'  itemprop=\"thumbnailUrl\"  ><img decoding=\"async\" fetchpriority=\"high\" class=\"wp-image-18965 avia-img-lazy-loading-not-18965\"  data-avia-tooltip='Capella del Roser o del Benefici de Lles de Cerdanya' src=\"https:\/\/test393.ergatesweb7.ovh\/wp-content\/uploads\/2021\/12\/capella-roser-o-benefici-lles-495x400.jpg\" width=\"495\" height=\"400\"  title='14. LLES- Capella del Roser o del Benefici de Lles' alt='' srcset=\"https:\/\/test393.ergatesweb7.ovh\/wp-content\/uploads\/2021\/12\/capella-roser-o-benefici-lles-495x400.jpg 495w, https:\/\/test393.ergatesweb7.ovh\/wp-content\/uploads\/2021\/12\/capella-roser-o-benefici-lles-845x684.jpg 845w\" sizes=\"(max-width: 495px) 100vw, 495px\" \/><div class='big-prev-fake'><img decoding=\"async\" loading=\"lazy\" class=\"wp-image-18965 avia-img-lazy-loading-18965\"  width=\"495\" height=\"400\" src=\"https:\/\/test393.ergatesweb7.ovh\/wp-content\/uploads\/2021\/12\/capella-roser-o-benefici-lles-495x400.jpg\" title='14. LLES- Capella del Roser o del Benefici de Lles' alt='' srcset=\"https:\/\/test393.ergatesweb7.ovh\/wp-content\/uploads\/2021\/12\/capella-roser-o-benefici-lles-495x400.jpg 495w, https:\/\/test393.ergatesweb7.ovh\/wp-content\/uploads\/2021\/12\/capella-roser-o-benefici-lles-845x684.jpg 845w\" sizes=\"auto, (max-width: 495px) 100vw, 495px\" \/><\/div><\/a><a href=\"https:\/\/test393.ergatesweb7.ovh\/wp-content\/uploads\/2021\/12\/capella-roser-o-benefici-lles-altar-1030x687.jpg\" data-srcset=\"https:\/\/test393.ergatesweb7.ovh\/wp-content\/uploads\/2021\/12\/capella-roser-o-benefici-lles-altar-1030x687.jpg 1030w, https:\/\/test393.ergatesweb7.ovh\/wp-content\/uploads\/2021\/12\/capella-roser-o-benefici-lles-altar-300x200.jpg 300w, https:\/\/test393.ergatesweb7.ovh\/wp-content\/uploads\/2021\/12\/capella-roser-o-benefici-lles-altar-768x512.jpg 768w, https:\/\/test393.ergatesweb7.ovh\/wp-content\/uploads\/2021\/12\/capella-roser-o-benefici-lles-altar-705x470.jpg 705w, https:\/\/test393.ergatesweb7.ovh\/wp-content\/uploads\/2021\/12\/capella-roser-o-benefici-lles-altar.jpg 1500w\" data-sizes=\"(max-width: 1030px) 100vw, 1030px\" data-rel='gallery-1' data-prev-img='https:\/\/test393.ergatesweb7.ovh\/wp-content\/uploads\/2021\/12\/capella-roser-o-benefici-lles-altar-495x400.jpg' class='lightbox ' data-onclick='2' title='Capella del Roser o del Benefici de Lles de Cerdanya'  itemprop=\"thumbnailUrl\"  ><img decoding=\"async\" fetchpriority=\"high\" class=\"wp-image-18966 avia-img-lazy-loading-not-18966\"  data-avia-tooltip='Capella del Roser o del Benefici de Lles de Cerdanya' src=\"https:\/\/test393.ergatesweb7.ovh\/wp-content\/uploads\/2021\/12\/capella-roser-o-benefici-lles-altar-495x400.jpg\" width=\"495\" height=\"400\"  title='14. LLES- Capella del Roser o del Benefici de Lles' alt='' srcset=\"https:\/\/test393.ergatesweb7.ovh\/wp-content\/uploads\/2021\/12\/capella-roser-o-benefici-lles-altar-495x400.jpg 495w, https:\/\/test393.ergatesweb7.ovh\/wp-content\/uploads\/2021\/12\/capella-roser-o-benefici-lles-altar-845x684.jpg 845w\" sizes=\"(max-width: 495px) 100vw, 495px\" \/><div class='big-prev-fake'><img decoding=\"async\" loading=\"lazy\" class=\"wp-image-18966 avia-img-lazy-loading-18966\"  width=\"495\" height=\"400\" src=\"https:\/\/test393.ergatesweb7.ovh\/wp-content\/uploads\/2021\/12\/capella-roser-o-benefici-lles-altar-495x400.jpg\" title='14. LLES- Capella del Roser o del Benefici de Lles' alt='' srcset=\"https:\/\/test393.ergatesweb7.ovh\/wp-content\/uploads\/2021\/12\/capella-roser-o-benefici-lles-altar-495x400.jpg 495w, https:\/\/test393.ergatesweb7.ovh\/wp-content\/uploads\/2021\/12\/capella-roser-o-benefici-lles-altar-845x684.jpg 845w\" sizes=\"auto, (max-width: 495px) 100vw, 495px\" \/><\/div><\/a><a href=\"https:\/\/test393.ergatesweb7.ovh\/wp-content\/uploads\/2021\/12\/capella-roser-o-benefici-lles-cor-1030x687.jpg\" data-srcset=\"https:\/\/test393.ergatesweb7.ovh\/wp-content\/uploads\/2021\/12\/capella-roser-o-benefici-lles-cor-1030x687.jpg 1030w, https:\/\/test393.ergatesweb7.ovh\/wp-content\/uploads\/2021\/12\/capella-roser-o-benefici-lles-cor-300x200.jpg 300w, https:\/\/test393.ergatesweb7.ovh\/wp-content\/uploads\/2021\/12\/capella-roser-o-benefici-lles-cor-768x512.jpg 768w, https:\/\/test393.ergatesweb7.ovh\/wp-content\/uploads\/2021\/12\/capella-roser-o-benefici-lles-cor-705x470.jpg 705w, https:\/\/test393.ergatesweb7.ovh\/wp-content\/uploads\/2021\/12\/capella-roser-o-benefici-lles-cor.jpg 1500w\" data-sizes=\"(max-width: 1030px) 100vw, 1030px\" data-rel='gallery-1' data-prev-img='https:\/\/test393.ergatesweb7.ovh\/wp-content\/uploads\/2021\/12\/capella-roser-o-benefici-lles-cor-495x400.jpg' class='lightbox ' data-onclick='3' title='Capella del Roser o del Benefici de Lles de Cerdanya'  itemprop=\"thumbnailUrl\"  ><img decoding=\"async\" fetchpriority=\"high\" class=\"wp-image-18967 avia-img-lazy-loading-not-18967\"  data-avia-tooltip='Capella del Roser o del Benefici de Lles de Cerdanya' src=\"https:\/\/test393.ergatesweb7.ovh\/wp-content\/uploads\/2021\/12\/capella-roser-o-benefici-lles-cor-495x400.jpg\" width=\"495\" height=\"400\"  title='14. LLES- Capella del Roser o del Benefici de Lles' alt='' srcset=\"https:\/\/test393.ergatesweb7.ovh\/wp-content\/uploads\/2021\/12\/capella-roser-o-benefici-lles-cor-495x400.jpg 495w, https:\/\/test393.ergatesweb7.ovh\/wp-content\/uploads\/2021\/12\/capella-roser-o-benefici-lles-cor-845x684.jpg 845w\" sizes=\"(max-width: 495px) 100vw, 495px\" \/><div class='big-prev-fake'><img decoding=\"async\" loading=\"lazy\" class=\"wp-image-18967 avia-img-lazy-loading-18967\"  width=\"495\" height=\"400\" src=\"https:\/\/test393.ergatesweb7.ovh\/wp-content\/uploads\/2021\/12\/capella-roser-o-benefici-lles-cor-495x400.jpg\" title='14. LLES- Capella del Roser o del Benefici de Lles' alt='' srcset=\"https:\/\/test393.ergatesweb7.ovh\/wp-content\/uploads\/2021\/12\/capella-roser-o-benefici-lles-cor-495x400.jpg 495w, https:\/\/test393.ergatesweb7.ovh\/wp-content\/uploads\/2021\/12\/capella-roser-o-benefici-lles-cor-845x684.jpg 845w\" sizes=\"auto, (max-width: 495px) 100vw, 495px\" \/><\/div><\/a><a href=\"https:\/\/test393.ergatesweb7.ovh\/wp-content\/uploads\/2021\/12\/capella-roser-o-benefici-lles-crist-1030x687.jpg\" data-srcset=\"https:\/\/test393.ergatesweb7.ovh\/wp-content\/uploads\/2021\/12\/capella-roser-o-benefici-lles-crist-1030x687.jpg 1030w, https:\/\/test393.ergatesweb7.ovh\/wp-content\/uploads\/2021\/12\/capella-roser-o-benefici-lles-crist-300x200.jpg 300w, https:\/\/test393.ergatesweb7.ovh\/wp-content\/uploads\/2021\/12\/capella-roser-o-benefici-lles-crist-768x512.jpg 768w, https:\/\/test393.ergatesweb7.ovh\/wp-content\/uploads\/2021\/12\/capella-roser-o-benefici-lles-crist-705x470.jpg 705w, https:\/\/test393.ergatesweb7.ovh\/wp-content\/uploads\/2021\/12\/capella-roser-o-benefici-lles-crist.jpg 1500w\" data-sizes=\"(max-width: 1030px) 100vw, 1030px\" data-rel='gallery-1' data-prev-img='https:\/\/test393.ergatesweb7.ovh\/wp-content\/uploads\/2021\/12\/capella-roser-o-benefici-lles-crist-495x400.jpg' class='lightbox ' data-onclick='4' title='Capella del Roser o del Benefici de Lles de Cerdanya'  itemprop=\"thumbnailUrl\"  ><img decoding=\"async\" fetchpriority=\"high\" class=\"wp-image-18968 avia-img-lazy-loading-not-18968\"  data-avia-tooltip='Capella del Roser o del Benefici de Lles de Cerdanya' src=\"https:\/\/test393.ergatesweb7.ovh\/wp-content\/uploads\/2021\/12\/capella-roser-o-benefici-lles-crist-495x400.jpg\" width=\"495\" height=\"400\"  title='14. LLES- Capella del Roser o del Benefici de Lles' alt='' srcset=\"https:\/\/test393.ergatesweb7.ovh\/wp-content\/uploads\/2021\/12\/capella-roser-o-benefici-lles-crist-495x400.jpg 495w, https:\/\/test393.ergatesweb7.ovh\/wp-content\/uploads\/2021\/12\/capella-roser-o-benefici-lles-crist-845x684.jpg 845w\" sizes=\"(max-width: 495px) 100vw, 495px\" \/><div class='big-prev-fake'><img decoding=\"async\" loading=\"lazy\" class=\"wp-image-18968 avia-img-lazy-loading-18968\"  width=\"495\" height=\"400\" src=\"https:\/\/test393.ergatesweb7.ovh\/wp-content\/uploads\/2021\/12\/capella-roser-o-benefici-lles-crist-495x400.jpg\" title='14. LLES- Capella del Roser o del Benefici de Lles' alt='' srcset=\"https:\/\/test393.ergatesweb7.ovh\/wp-content\/uploads\/2021\/12\/capella-roser-o-benefici-lles-crist-495x400.jpg 495w, https:\/\/test393.ergatesweb7.ovh\/wp-content\/uploads\/2021\/12\/capella-roser-o-benefici-lles-crist-845x684.jpg 845w\" sizes=\"auto, (max-width: 495px) 100vw, 495px\" \/><\/div><\/a><a href=\"https:\/\/test393.ergatesweb7.ovh\/wp-content\/uploads\/2021\/12\/capella-roser-o-benefici-lles-pica-1030x687.jpg\" data-srcset=\"https:\/\/test393.ergatesweb7.ovh\/wp-content\/uploads\/2021\/12\/capella-roser-o-benefici-lles-pica-1030x687.jpg 1030w, https:\/\/test393.ergatesweb7.ovh\/wp-content\/uploads\/2021\/12\/capella-roser-o-benefici-lles-pica-300x200.jpg 300w, https:\/\/test393.ergatesweb7.ovh\/wp-content\/uploads\/2021\/12\/capella-roser-o-benefici-lles-pica-768x512.jpg 768w, https:\/\/test393.ergatesweb7.ovh\/wp-content\/uploads\/2021\/12\/capella-roser-o-benefici-lles-pica-705x470.jpg 705w, https:\/\/test393.ergatesweb7.ovh\/wp-content\/uploads\/2021\/12\/capella-roser-o-benefici-lles-pica.jpg 1500w\" data-sizes=\"(max-width: 1030px) 100vw, 1030px\" data-rel='gallery-1' data-prev-img='https:\/\/test393.ergatesweb7.ovh\/wp-content\/uploads\/2021\/12\/capella-roser-o-benefici-lles-pica-495x400.jpg' class='lightbox ' data-onclick='5' title='Capella del Roser o del Benefici de Lles de Cerdanya'  itemprop=\"thumbnailUrl\"  ><img decoding=\"async\" fetchpriority=\"high\" class=\"wp-image-18969 avia-img-lazy-loading-not-18969\"  data-avia-tooltip='Capella del Roser o del Benefici de Lles de Cerdanya' src=\"https:\/\/test393.ergatesweb7.ovh\/wp-content\/uploads\/2021\/12\/capella-roser-o-benefici-lles-pica-495x400.jpg\" width=\"495\" height=\"400\"  title='14. LLES- Capella del Roser o del Benefici de Lles' alt='' srcset=\"https:\/\/test393.ergatesweb7.ovh\/wp-content\/uploads\/2021\/12\/capella-roser-o-benefici-lles-pica-495x400.jpg 495w, https:\/\/test393.ergatesweb7.ovh\/wp-content\/uploads\/2021\/12\/capella-roser-o-benefici-lles-pica-845x684.jpg 845w\" sizes=\"(max-width: 495px) 100vw, 495px\" \/><div class='big-prev-fake'><img decoding=\"async\" loading=\"lazy\" class=\"wp-image-18969 avia-img-lazy-loading-18969\"  width=\"495\" height=\"400\" src=\"https:\/\/test393.ergatesweb7.ovh\/wp-content\/uploads\/2021\/12\/capella-roser-o-benefici-lles-pica-495x400.jpg\" title='14. LLES- Capella del Roser o del Benefici de Lles' alt='' srcset=\"https:\/\/test393.ergatesweb7.ovh\/wp-content\/uploads\/2021\/12\/capella-roser-o-benefici-lles-pica-495x400.jpg 495w, https:\/\/test393.ergatesweb7.ovh\/wp-content\/uploads\/2021\/12\/capella-roser-o-benefici-lles-pica-845x684.jpg 845w\" sizes=\"auto, (max-width: 495px) 100vw, 495px\" \/><\/div><\/a><\/div><\/div><\/div><\/p>\n","protected":false},"excerpt":{"rendered":"","protected":false},"author":3,"featured_media":18360,"parent":29443,"menu_order":60,"comment_status":"closed","ping_status":"closed","template":"","meta":{"footnotes":""},"class_list":["post-29539","page","type-page","status-publish","has-post-thumbnail","hentry"],"_links":{"self":[{"href":"https:\/\/test393.ergatesweb7.ovh\/es\/wp-json\/wp\/v2\/pages\/29539","targetHints":{"allow":["GET"]}}],"collection":[{"href":"https:\/\/test393.ergatesweb7.ovh\/es\/wp-json\/wp\/v2\/pages"}],"about":[{"href":"https:\/\/test393.ergatesweb7.ovh\/es\/wp-json\/wp\/v2\/types\/page"}],"author":[{"embeddable":true,"href":"https:\/\/test393.ergatesweb7.ovh\/es\/wp-json\/wp\/v2\/users\/3"}],"replies":[{"embeddable":true,"href":"https:\/\/test393.ergatesweb7.ovh\/es\/wp-json\/wp\/v2\/comments?post=29539"}],"version-history":[{"count":6,"href":"https:\/\/test393.ergatesweb7.ovh\/es\/wp-json\/wp\/v2\/pages\/29539\/revisions"}],"predecessor-version":[{"id":35087,"href":"https:\/\/test393.ergatesweb7.ovh\/es\/wp-json\/wp\/v2\/pages\/29539\/revisions\/35087"}],"up":[{"embeddable":true,"href":"https:\/\/test393.ergatesweb7.ovh\/es\/wp-json\/wp\/v2\/pages\/29443"}],"wp:featuredmedia":[{"embeddable":true,"href":"https:\/\/test393.ergatesweb7.ovh\/es\/wp-json\/wp\/v2\/media\/18360"}],"wp:attachment":[{"href":"https:\/\/test393.ergatesweb7.ovh\/es\/wp-json\/wp\/v2\/media?parent=29539"}],"curies":[{"name":"wp","href":"https:\/\/api.w.org\/{rel}","templated":true}]}}