{"id":29529,"date":"2022-03-24T16:47:01","date_gmt":"2022-03-24T14:47:01","guid":{"rendered":"https:\/\/www.cerdanya.org\/mare-de-deu-del-roser-dardovol\/"},"modified":"2022-11-13T12:37:21","modified_gmt":"2022-11-13T11:37:21","slug":"mare-de-deu-del-roser-dardovol","status":"publish","type":"page","link":"https:\/\/test393.ergatesweb7.ovh\/es\/que-hacer\/turismo-cultural\/patrimonio-cultural\/prullans\/mare-de-deu-del-roser-dardovol\/","title":{"rendered":"Mare de D\u00e9u del Roser d\u2019Ard\u00f2vol"},"content":{"rendered":"\n<style type=\"text\/css\" data-created_by=\"avia_inline_auto\" id=\"style-css-av-36rb4oj-ba4d95154227ed0d8a771e7152bf9e9e\">\n.flex_column.av-36rb4oj-ba4d95154227ed0d8a771e7152bf9e9e{\nborder-radius:0px 0px 0px 0px;\npadding:0px 0px 0px 0px;\n}\n<\/style>\n<div  class='flex_column av-36rb4oj-ba4d95154227ed0d8a771e7152bf9e9e av_one_half  avia-builder-el-0  el_before_av_one_half  avia-builder-el-first  first flex_column_div av-zero-column-padding  '     ><p>\n<style type=\"text\/css\" data-created_by=\"avia_inline_auto\" id=\"style-css-av-q7fral-2f616ba97977c463c986021c35e4f4c6\">\n#top .av-special-heading.av-q7fral-2f616ba97977c463c986021c35e4f4c6{\npadding-bottom:10px;\n}\nbody .av-special-heading.av-q7fral-2f616ba97977c463c986021c35e4f4c6 .av-special-heading-tag .heading-char{\nfont-size:25px;\n}\n.av-special-heading.av-q7fral-2f616ba97977c463c986021c35e4f4c6 .av-subheading{\nfont-size:15px;\n}\n<\/style>\n<div  class='av-special-heading av-q7fral-2f616ba97977c463c986021c35e4f4c6 av-special-heading-h5  avia-builder-el-1  el_before_av_textblock  avia-builder-el-first '><h5 class='av-special-heading-tag '  itemprop=\"headline\"  >Descripci\u00f3n<\/h5><div class=\"special-heading-border\"><div class=\"special-heading-inner-border\"><\/div><\/div><\/div><br \/>\n<section  class='av_textblock_section av-ksyomoyl-25f1f3c8b1a0a9b03a6473be4799410f '   itemscope=\"itemscope\" itemtype=\"https:\/\/schema.org\/CreativeWork\" ><div class='avia_textblock'  itemprop=\"text\" ><p>El origen del actual templo es una iglesia\/capilla rom\u00e1nica del siglo XI, que fue reedificada en el siglo XIX, tal y como indica la fecha sobre la puerta de entrada, 1817. Presenta una planta rectangular sin \u00e1bside diferenciado. Durante muchos a\u00f1os qued\u00f3 en ruinas. En 1998 se inaugur\u00f3 la \u00faltima restauraci\u00f3n que ha permitido identificar en el interior del edificio la altura de los muros originales, tal y como se conservaron. Sin embargo, se cubri\u00f3 con una b\u00f3veda de ca\u00f1\u00f3n y se reconstruy\u00f3 el peque\u00f1o campanario de espada\u00f1a que todav\u00eda se conservaba en 1964. Actualmente est\u00e1 dedicada a la Virgen del Rosario.<\/p>\n<\/div><\/section><\/p><\/div>\n\n<style type=\"text\/css\" data-created_by=\"avia_inline_auto\" id=\"style-css-av-2coqnf7-fe66bdd07c1c8428c9bfcd41c861e712\">\n.flex_column.av-2coqnf7-fe66bdd07c1c8428c9bfcd41c861e712{\nborder-radius:0px 0px 0px 0px;\npadding:0px 0px 0px 0px;\n}\n<\/style>\n<div  class='flex_column av-2coqnf7-fe66bdd07c1c8428c9bfcd41c861e712 av_one_half  avia-builder-el-3  el_after_av_one_half  avia-builder-el-last  flex_column_div av-zero-column-padding  '     ><style type=\"text\/css\" data-created_by=\"avia_inline_auto\" id=\"style-css-av-29ooh4j-8562c38535a7f8f2b512b456f70258c4\">\n#top .avia-gallery.av-29ooh4j-8562c38535a7f8f2b512b456f70258c4 .avia-gallery-thumb a{\nwidth:20%;\n}\n<\/style>\n<div  class='avia-gallery av-29ooh4j-8562c38535a7f8f2b512b456f70258c4 avia_animate_when_visible  avia-builder-el-4  avia-builder-el-no-sibling  avia_lazyload av-slideshow-ui av-loop-manual-endless av-control-hidden av-navigate-arrows av-navigate-dots hover-effect av-control-hidden avia-gallery-animate avia-gallery-1'  itemprop=\"image\" itemscope=\"itemscope\" itemtype=\"https:\/\/schema.org\/ImageObject\" ><meta itemprop=\"contentURL\" content=\"https:\/\/test393.ergatesweb7.ovh\/es\/que-hacer\/turismo-cultural\/patrimonio-cultural\/prullans\/mare-de-deu-del-roser-dardovol\/\"><div class='avia-gallery-big-wrapper'><a class='avia-gallery-big fakeLightbox lightbox avia-gallery-big-crop-thumb ' href=\"https:\/\/test393.ergatesweb7.ovh\/wp-content\/uploads\/2022\/11\/29.-PRULLANS-Sant-Esteve-de-Prullans_A9A7290-1030x687.jpg\" data-srcset=\"https:\/\/test393.ergatesweb7.ovh\/wp-content\/uploads\/2022\/11\/29.-PRULLANS-Sant-Esteve-de-Prullans_A9A7290-1030x687.jpg 1030w, https:\/\/test393.ergatesweb7.ovh\/wp-content\/uploads\/2022\/11\/29.-PRULLANS-Sant-Esteve-de-Prullans_A9A7290-300x200.jpg 300w, https:\/\/test393.ergatesweb7.ovh\/wp-content\/uploads\/2022\/11\/29.-PRULLANS-Sant-Esteve-de-Prullans_A9A7290-768x512.jpg 768w, https:\/\/test393.ergatesweb7.ovh\/wp-content\/uploads\/2022\/11\/29.-PRULLANS-Sant-Esteve-de-Prullans_A9A7290-705x470.jpg 705w, https:\/\/test393.ergatesweb7.ovh\/wp-content\/uploads\/2022\/11\/29.-PRULLANS-Sant-Esteve-de-Prullans_A9A7290.jpg 1500w\" data-sizes=\"(max-width: 1030px) 100vw, 1030px\"  data-onclick='1' title='Mare de D\u00e9u d&#8217;Ard\u00f2vol altar' ><span class='avia-gallery-big-inner'  itemprop=\"thumbnailUrl\" ><img decoding=\"async\" fetchpriority=\"high\" class=\"wp-image-40330 avia-img-lazy-loading-not-40330\"  width=\"495\" height=\"400\" src=\"https:\/\/test393.ergatesweb7.ovh\/wp-content\/uploads\/2022\/11\/29.-PRULLANS-Sant-Esteve-de-Prullans_A9A7290-495x400.jpg\" title='29. PRULLANS- Sant Esteve de Prullans_A9A7290' alt='' srcset=\"https:\/\/test393.ergatesweb7.ovh\/wp-content\/uploads\/2022\/11\/29.-PRULLANS-Sant-Esteve-de-Prullans_A9A7290-495x400.jpg 495w, https:\/\/test393.ergatesweb7.ovh\/wp-content\/uploads\/2022\/11\/29.-PRULLANS-Sant-Esteve-de-Prullans_A9A7290-845x684.jpg 845w\" sizes=\"(max-width: 495px) 100vw, 495px\" \/><span class='avia-gallery-caption'>Mare de D\u00e9u d&#8217;Ard\u00f2vol altar<\/span><\/span><\/a><\/div><div class='avia-gallery-thumb'><a href=\"https:\/\/test393.ergatesweb7.ovh\/wp-content\/uploads\/2022\/11\/29.-PRULLANS-Sant-Esteve-de-Prullans_A9A7290-1030x687.jpg\" data-srcset=\"https:\/\/test393.ergatesweb7.ovh\/wp-content\/uploads\/2022\/11\/29.-PRULLANS-Sant-Esteve-de-Prullans_A9A7290-1030x687.jpg 1030w, https:\/\/test393.ergatesweb7.ovh\/wp-content\/uploads\/2022\/11\/29.-PRULLANS-Sant-Esteve-de-Prullans_A9A7290-300x200.jpg 300w, https:\/\/test393.ergatesweb7.ovh\/wp-content\/uploads\/2022\/11\/29.-PRULLANS-Sant-Esteve-de-Prullans_A9A7290-768x512.jpg 768w, https:\/\/test393.ergatesweb7.ovh\/wp-content\/uploads\/2022\/11\/29.-PRULLANS-Sant-Esteve-de-Prullans_A9A7290-705x470.jpg 705w, https:\/\/test393.ergatesweb7.ovh\/wp-content\/uploads\/2022\/11\/29.-PRULLANS-Sant-Esteve-de-Prullans_A9A7290.jpg 1500w\" data-sizes=\"(max-width: 1030px) 100vw, 1030px\" data-rel='gallery-1' data-prev-img='https:\/\/test393.ergatesweb7.ovh\/wp-content\/uploads\/2022\/11\/29.-PRULLANS-Sant-Esteve-de-Prullans_A9A7290-495x400.jpg' class='first_thumb lightbox ' data-onclick='1' title='Mare de D\u00e9u d&#8217;Ard\u00f2vol altar'  itemprop=\"thumbnailUrl\"  ><img decoding=\"async\" fetchpriority=\"high\" class=\"wp-image-40330 avia-img-lazy-loading-not-40330\"  data-avia-tooltip='Mare de D\u00e9u d&#8217;Ard\u00f2vol altar' src=\"https:\/\/test393.ergatesweb7.ovh\/wp-content\/uploads\/2022\/11\/29.-PRULLANS-Sant-Esteve-de-Prullans_A9A7290-495x400.jpg\" width=\"495\" height=\"400\"  title='29. PRULLANS- Sant Esteve de Prullans_A9A7290' alt='' srcset=\"https:\/\/test393.ergatesweb7.ovh\/wp-content\/uploads\/2022\/11\/29.-PRULLANS-Sant-Esteve-de-Prullans_A9A7290-495x400.jpg 495w, https:\/\/test393.ergatesweb7.ovh\/wp-content\/uploads\/2022\/11\/29.-PRULLANS-Sant-Esteve-de-Prullans_A9A7290-845x684.jpg 845w\" sizes=\"(max-width: 495px) 100vw, 495px\" \/><div class='big-prev-fake'><img decoding=\"async\" loading=\"lazy\" class=\"wp-image-40330 avia-img-lazy-loading-40330\"  width=\"495\" height=\"400\" src=\"https:\/\/test393.ergatesweb7.ovh\/wp-content\/uploads\/2022\/11\/29.-PRULLANS-Sant-Esteve-de-Prullans_A9A7290-495x400.jpg\" title='29. PRULLANS- Sant Esteve de Prullans_A9A7290' alt='' srcset=\"https:\/\/test393.ergatesweb7.ovh\/wp-content\/uploads\/2022\/11\/29.-PRULLANS-Sant-Esteve-de-Prullans_A9A7290-495x400.jpg 495w, https:\/\/test393.ergatesweb7.ovh\/wp-content\/uploads\/2022\/11\/29.-PRULLANS-Sant-Esteve-de-Prullans_A9A7290-845x684.jpg 845w\" sizes=\"auto, (max-width: 495px) 100vw, 495px\" \/><\/div><\/a><a href=\"https:\/\/test393.ergatesweb7.ovh\/wp-content\/uploads\/2022\/11\/29.-PRULLANS-Sant-Esteve-de-Prullans_A9A7288-1030x687.jpg\" data-srcset=\"https:\/\/test393.ergatesweb7.ovh\/wp-content\/uploads\/2022\/11\/29.-PRULLANS-Sant-Esteve-de-Prullans_A9A7288-1030x687.jpg 1030w, https:\/\/test393.ergatesweb7.ovh\/wp-content\/uploads\/2022\/11\/29.-PRULLANS-Sant-Esteve-de-Prullans_A9A7288-300x200.jpg 300w, https:\/\/test393.ergatesweb7.ovh\/wp-content\/uploads\/2022\/11\/29.-PRULLANS-Sant-Esteve-de-Prullans_A9A7288-768x512.jpg 768w, https:\/\/test393.ergatesweb7.ovh\/wp-content\/uploads\/2022\/11\/29.-PRULLANS-Sant-Esteve-de-Prullans_A9A7288-705x470.jpg 705w, https:\/\/test393.ergatesweb7.ovh\/wp-content\/uploads\/2022\/11\/29.-PRULLANS-Sant-Esteve-de-Prullans_A9A7288.jpg 1500w\" data-sizes=\"(max-width: 1030px) 100vw, 1030px\" data-rel='gallery-1' data-prev-img='https:\/\/test393.ergatesweb7.ovh\/wp-content\/uploads\/2022\/11\/29.-PRULLANS-Sant-Esteve-de-Prullans_A9A7288-495x400.jpg' class='lightbox ' data-onclick='2' title='Mare de D\u00e9u d&#8217;Ard\u00f2vol bancs'  itemprop=\"thumbnailUrl\"  ><img decoding=\"async\" fetchpriority=\"high\" class=\"wp-image-40338 avia-img-lazy-loading-not-40338\"  data-avia-tooltip='Mare de D\u00e9u d&#8217;Ard\u00f2vol bancs' src=\"https:\/\/test393.ergatesweb7.ovh\/wp-content\/uploads\/2022\/11\/29.-PRULLANS-Sant-Esteve-de-Prullans_A9A7288-495x400.jpg\" width=\"495\" height=\"400\"  title='29. PRULLANS- Sant Esteve de Prullans_A9A7288' alt='' srcset=\"https:\/\/test393.ergatesweb7.ovh\/wp-content\/uploads\/2022\/11\/29.-PRULLANS-Sant-Esteve-de-Prullans_A9A7288-495x400.jpg 495w, https:\/\/test393.ergatesweb7.ovh\/wp-content\/uploads\/2022\/11\/29.-PRULLANS-Sant-Esteve-de-Prullans_A9A7288-845x684.jpg 845w\" sizes=\"(max-width: 495px) 100vw, 495px\" \/><div class='big-prev-fake'><img decoding=\"async\" loading=\"lazy\" class=\"wp-image-40338 avia-img-lazy-loading-40338\"  width=\"495\" height=\"400\" src=\"https:\/\/test393.ergatesweb7.ovh\/wp-content\/uploads\/2022\/11\/29.-PRULLANS-Sant-Esteve-de-Prullans_A9A7288-495x400.jpg\" title='29. PRULLANS- Sant Esteve de Prullans_A9A7288' alt='' srcset=\"https:\/\/test393.ergatesweb7.ovh\/wp-content\/uploads\/2022\/11\/29.-PRULLANS-Sant-Esteve-de-Prullans_A9A7288-495x400.jpg 495w, https:\/\/test393.ergatesweb7.ovh\/wp-content\/uploads\/2022\/11\/29.-PRULLANS-Sant-Esteve-de-Prullans_A9A7288-845x684.jpg 845w\" sizes=\"auto, (max-width: 495px) 100vw, 495px\" \/><\/div><\/a><a href=\"https:\/\/test393.ergatesweb7.ovh\/wp-content\/uploads\/2022\/11\/29.-PRULLANS-Sant-Esteve-de-Prullans_A9A7293-1030x687.jpg\" data-srcset=\"https:\/\/test393.ergatesweb7.ovh\/wp-content\/uploads\/2022\/11\/29.-PRULLANS-Sant-Esteve-de-Prullans_A9A7293-1030x687.jpg 1030w, https:\/\/test393.ergatesweb7.ovh\/wp-content\/uploads\/2022\/11\/29.-PRULLANS-Sant-Esteve-de-Prullans_A9A7293-300x200.jpg 300w, https:\/\/test393.ergatesweb7.ovh\/wp-content\/uploads\/2022\/11\/29.-PRULLANS-Sant-Esteve-de-Prullans_A9A7293-768x512.jpg 768w, https:\/\/test393.ergatesweb7.ovh\/wp-content\/uploads\/2022\/11\/29.-PRULLANS-Sant-Esteve-de-Prullans_A9A7293-705x470.jpg 705w, https:\/\/test393.ergatesweb7.ovh\/wp-content\/uploads\/2022\/11\/29.-PRULLANS-Sant-Esteve-de-Prullans_A9A7293.jpg 1500w\" data-sizes=\"(max-width: 1030px) 100vw, 1030px\" data-rel='gallery-1' data-prev-img='https:\/\/test393.ergatesweb7.ovh\/wp-content\/uploads\/2022\/11\/29.-PRULLANS-Sant-Esteve-de-Prullans_A9A7293-495x400.jpg' class='lightbox ' data-onclick='3' title='Mare de D\u00e9u d&#8217;Ard\u00f2vol entrada'  itemprop=\"thumbnailUrl\"  ><img decoding=\"async\" fetchpriority=\"high\" class=\"wp-image-40334 avia-img-lazy-loading-not-40334\"  data-avia-tooltip='Mare de D\u00e9u d&#8217;Ard\u00f2vol entrada' src=\"https:\/\/test393.ergatesweb7.ovh\/wp-content\/uploads\/2022\/11\/29.-PRULLANS-Sant-Esteve-de-Prullans_A9A7293-495x400.jpg\" width=\"495\" height=\"400\"  title='29. PRULLANS- Sant Esteve de Prullans_A9A7293' alt='' srcset=\"https:\/\/test393.ergatesweb7.ovh\/wp-content\/uploads\/2022\/11\/29.-PRULLANS-Sant-Esteve-de-Prullans_A9A7293-495x400.jpg 495w, https:\/\/test393.ergatesweb7.ovh\/wp-content\/uploads\/2022\/11\/29.-PRULLANS-Sant-Esteve-de-Prullans_A9A7293-845x684.jpg 845w\" sizes=\"(max-width: 495px) 100vw, 495px\" \/><div class='big-prev-fake'><img decoding=\"async\" loading=\"lazy\" class=\"wp-image-40334 avia-img-lazy-loading-40334\"  width=\"495\" height=\"400\" src=\"https:\/\/test393.ergatesweb7.ovh\/wp-content\/uploads\/2022\/11\/29.-PRULLANS-Sant-Esteve-de-Prullans_A9A7293-495x400.jpg\" title='29. PRULLANS- Sant Esteve de Prullans_A9A7293' alt='' srcset=\"https:\/\/test393.ergatesweb7.ovh\/wp-content\/uploads\/2022\/11\/29.-PRULLANS-Sant-Esteve-de-Prullans_A9A7293-495x400.jpg 495w, https:\/\/test393.ergatesweb7.ovh\/wp-content\/uploads\/2022\/11\/29.-PRULLANS-Sant-Esteve-de-Prullans_A9A7293-845x684.jpg 845w\" sizes=\"auto, (max-width: 495px) 100vw, 495px\" \/><\/div><\/a><\/div><\/div><\/div>\n","protected":false},"excerpt":{"rendered":"","protected":false},"author":3,"featured_media":40330,"parent":29962,"menu_order":20,"comment_status":"closed","ping_status":"closed","template":"","meta":{"footnotes":""},"class_list":["post-29529","page","type-page","status-publish","has-post-thumbnail","hentry"],"_links":{"self":[{"href":"https:\/\/test393.ergatesweb7.ovh\/es\/wp-json\/wp\/v2\/pages\/29529","targetHints":{"allow":["GET"]}}],"collection":[{"href":"https:\/\/test393.ergatesweb7.ovh\/es\/wp-json\/wp\/v2\/pages"}],"about":[{"href":"https:\/\/test393.ergatesweb7.ovh\/es\/wp-json\/wp\/v2\/types\/page"}],"author":[{"embeddable":true,"href":"https:\/\/test393.ergatesweb7.ovh\/es\/wp-json\/wp\/v2\/users\/3"}],"replies":[{"embeddable":true,"href":"https:\/\/test393.ergatesweb7.ovh\/es\/wp-json\/wp\/v2\/comments?post=29529"}],"version-history":[{"count":11,"href":"https:\/\/test393.ergatesweb7.ovh\/es\/wp-json\/wp\/v2\/pages\/29529\/revisions"}],"predecessor-version":[{"id":40409,"href":"https:\/\/test393.ergatesweb7.ovh\/es\/wp-json\/wp\/v2\/pages\/29529\/revisions\/40409"}],"up":[{"embeddable":true,"href":"https:\/\/test393.ergatesweb7.ovh\/es\/wp-json\/wp\/v2\/pages\/29962"}],"wp:featuredmedia":[{"embeddable":true,"href":"https:\/\/test393.ergatesweb7.ovh\/es\/wp-json\/wp\/v2\/media\/40330"}],"wp:attachment":[{"href":"https:\/\/test393.ergatesweb7.ovh\/es\/wp-json\/wp\/v2\/media?parent=29529"}],"curies":[{"name":"wp","href":"https:\/\/api.w.org\/{rel}","templated":true}]}}