{"id":29522,"date":"2022-03-24T16:45:01","date_gmt":"2022-03-24T14:45:01","guid":{"rendered":"https:\/\/www.cerdanya.org\/que-hacer\/turismo-cultural\/via-romanica\/"},"modified":"2022-04-28T22:20:19","modified_gmt":"2022-04-28T20:20:19","slug":"via-romanica","status":"publish","type":"page","link":"https:\/\/test393.ergatesweb7.ovh\/es\/que-hacer\/turismo-cultural\/via-romanica\/","title":{"rendered":"V\u00eda Rom\u00e1nica"},"content":{"rendered":"\n<style type=\"text\/css\" data-created_by=\"avia_inline_auto\" id=\"style-css-av-7dis8-df0d5cc950b826e2bf66b47631de403e\">\n.flex_column.av-7dis8-df0d5cc950b826e2bf66b47631de403e{\nborder-radius:0px 0px 0px 0px;\npadding:0px 0px 0px 0px;\n}\n<\/style>\n<div  class='flex_column av-7dis8-df0d5cc950b826e2bf66b47631de403e av_one_full  avia-builder-el-0  el_before_av_three_fourth  avia-builder-el-first  first flex_column_div av-zero-column-padding  '     ><section  class='av_textblock_section av-jyzmpxzp-f68f84d214929075c1b6d8feee003985 '   itemscope=\"itemscope\" itemtype=\"https:\/\/schema.org\/CreativeWork\" ><div class='avia_textblock'  itemprop=\"text\" ><blockquote>\n<p>La V\u00eda Rom\u00e1nica, ruta transfronteriza del rom\u00e1nico pirenaico, transcurre transversalmente desde Perpi\u00f1\u00e1n, comarca del Rosell\u00f3n en la Catalunya Norte, hasta Bassella, en el l\u00edmite meridional del Alt Urgell. Esta ruta cruza las comarcas del Rosell\u00f3n, el Conflent, Cerdanya y el Alt Urgell; es decir, desde el Mediterr\u00e1neo hasta el inicio de las tierras altas de poniente. El recorrido sigue primero por el valle del r\u00edo Tet y despu\u00e9s enlaza con el valle del Segre, en forma de pasillo natural con el \u00fanico obst\u00e1culo orogr\u00e1fico del Coll de la Perxa.<\/p>\n<\/blockquote>\n<\/div><\/section><\/div>\n\n<style type=\"text\/css\" data-created_by=\"avia_inline_auto\" id=\"style-css-av-1rvt6-2ec40c6969b87e7568d73965737a1cef\">\n.flex_column.av-1rvt6-2ec40c6969b87e7568d73965737a1cef{\nborder-radius:0px 0px 0px 0px;\npadding:0px 0px 0px 0px;\n}\n<\/style>\n<div  class='flex_column av-1rvt6-2ec40c6969b87e7568d73965737a1cef av_three_fourth  avia-builder-el-2  el_after_av_one_full  el_before_av_one_fourth  first flex_column_div av-zero-column-padding  column-top-margin'     ><p><section  class='av_textblock_section av-k85prb8x-01aa1d3e6f4fedca7ec94c7f0cd97041 '   itemscope=\"itemscope\" itemtype=\"https:\/\/schema.org\/CreativeWork\" ><div class='avia_textblock'  itemprop=\"text\" ><p>La zona pirenaica que comprende la V\u00eda Rom\u00e1nica constituye un territorio con caracter\u00edsticas f\u00edsicas muy parecidas y posee unas ra\u00edces culturales comunes que se remontan a principios de la edad media. La actual l\u00ednea fronteriza que se extiende a lo largo de los Pirineos poco tiene que ver con las divisiones pol\u00edticas de esa \u00e9poca. Las comunidades de ambas vertientes de la cordillera mantienen unos lazos s\u00f3lidos, tanto de linajes, feudales y de administraci\u00f3n religiosa como de relaciones humanas y comerciales. Hablamos, por tanto, de una misma cultura, cuyos vestigios han llegado hasta nuestros d\u00edas expresando en cientos de monumentos rom\u00e1nicos. Se trata, por tanto, de un conjunto monumental bastante homog\u00e9neo y a la vez rico en matices, singulares y atractivos, que abarca una zona pirenaica perfectamente definida.<\/p>\n<p>La arquitectura religiosa de la alta edad media de Cerdanya carece de grandes obras y presenta un conjunto bastante unitario de edificios de dimensiones reducidas donde sobresalen algunos ejemplos como la antigua can\u00f3nica de Santa Maria de Tall\u00f3 o la iglesia parroquial de Sant Pere d&#8217;Alp. La renovaci\u00f3n arquitect\u00f3nica del siglo XI implanta en la Cerdanya las formas lombardas de car\u00e1cter muy simple, lo que provoc\u00f3 numerosas construcciones carentes de decoraci\u00f3n. Sin embargo, ciertos elementos decorativos puramente lombardos, son bastante corrientes en la comarca.<\/p>\n<p>Esta tendencia perdurar\u00e1 hasta finales del s. XII, que se caracteriza por una continuidad y por la reforma de algunos edificios. Se sustituir\u00e1n las anteriores cubiertas de envigado de madera por b\u00f3vedas de ca\u00f1\u00f3n hechas de obra y se reforzar\u00e1n los paramentos con arcos formeros. Igualmente, se produce un perfeccionamiento y refinamiento en el trabajo de la piedra, as\u00ed como un cambio de los motivos ornamentales con presencia de escultura en portaladas y ventanas.<\/p>\n<p>Las representaciones religiosas son b\u00e1sicamente en talla de madera y se centran en Cristo en Majestad y la Virgen Mar\u00eda. El culto al crucificado se extiende entre los siglos XI y XII, pero no perdurar\u00e1, lo que ha motivado que pocos hayan llegado hasta la fecha; no as\u00ed el culto a Mar\u00eda, cuya devoci\u00f3n se ha extendido en todas las iglesias de la comarca hasta nuestros d\u00edas, por lo que muchas im\u00e1genes han podido conservarse. El tipo iconogr\u00e1fico de \u00e9stos es bastante unitario, desde el siglo XII hasta el siglo XV. Se conservan pocos vestigios de pintura mural, que, salvo alguna muestra en la Cerdanya de administraci\u00f3n francesa, se encuentran en diferentes museos.<\/p>\n<p>Puedes conocer todas las iglesias rom\u00e1nicas de la comarca siguiendo cada uno de los itinerarios que te proponemos en el folleto de la V\u00eda Rom\u00e1nica.<\/p>\n<\/div><\/section><br \/>\n<div  class='avia-button-wrap av-k85q5fno-e2d438d28d9c929b0d8de10556dfc4b1-wrap avia-button-center  avia-builder-el-4  el_after_av_textblock  avia-builder-el-last '><a href='https:\/\/www.cerdanya.org\/es\/informacion-util\/publicaciones\/'  class='avia-button av-k85q5fno-e2d438d28d9c929b0d8de10556dfc4b1 av-link-btn avia-icon_select-yes-right-icon avia-size-x-large avia-position-center avia-color-theme-color'  target=\"_blank\"  rel=\"noopener noreferrer\"  aria-label=\"Desc\u00e1rgate el folleto\"><span class='avia_iconbox_title' >Desc\u00e1rgate el folleto<\/span><span class='avia_button_icon avia_button_icon_right avia-iconfont avia-font-entypo-fontello' data-av_icon='\ue82d' data-av_iconfont='entypo-fontello' ><\/span><\/a><\/div><\/p><\/div>\n<style type=\"text\/css\" data-created_by=\"avia_inline_auto\" id=\"style-css-av-9p5ve-6d87ebb1dcc0b55696c84e4f382b5fb5\">\n.flex_column.av-9p5ve-6d87ebb1dcc0b55696c84e4f382b5fb5{\nborder-radius:0px 0px 0px 0px;\npadding:0px 0px 0px 0px;\n}\n<\/style>\n<div  class='flex_column av-9p5ve-6d87ebb1dcc0b55696c84e4f382b5fb5 av_one_fourth  avia-builder-el-5  el_after_av_three_fourth  el_before_av_one_full  flex_column_div av-zero-column-padding  column-top-margin'     ><p>\n<style type=\"text\/css\" data-created_by=\"avia_inline_auto\" id=\"style-css-av-k85ps6yh-78369af92fca606dc9ad65bb4016d0e4\">\n.avia-image-container.av-k85ps6yh-78369af92fca606dc9ad65bb4016d0e4 img.avia_image{\nbox-shadow:none;\n}\n.avia-image-container.av-k85ps6yh-78369af92fca606dc9ad65bb4016d0e4 .av-image-caption-overlay-center{\ncolor:#ffffff;\n}\n<\/style>\n<div  class='avia-image-container av-k85ps6yh-78369af92fca606dc9ad65bb4016d0e4 av-styling- av-img-linked avia-align-center  avia-builder-el-6  el_before_av_image  avia-builder-el-first '   itemprop=\"image\" itemscope=\"itemscope\" itemtype=\"https:\/\/schema.org\/ImageObject\" ><div class=\"avia-image-container-inner\"><div class=\"avia-image-overlay-wrap\"><a href=\"https:\/\/test393.ergatesweb7.ovh\/wp-content\/uploads\/2020\/03\/Santa-Maria-dAll-1030x691.jpg\" data-srcset=\"https:\/\/test393.ergatesweb7.ovh\/wp-content\/uploads\/2020\/03\/Santa-Maria-dAll-1030x691.jpg 1030w, https:\/\/test393.ergatesweb7.ovh\/wp-content\/uploads\/2020\/03\/Santa-Maria-dAll-300x201.jpg 300w, https:\/\/test393.ergatesweb7.ovh\/wp-content\/uploads\/2020\/03\/Santa-Maria-dAll-768x515.jpg 768w, https:\/\/test393.ergatesweb7.ovh\/wp-content\/uploads\/2020\/03\/Santa-Maria-dAll-705x473.jpg 705w, https:\/\/test393.ergatesweb7.ovh\/wp-content\/uploads\/2020\/03\/Santa-Maria-dAll.jpg 1500w\" data-sizes=\"(max-width: 1030px) 100vw, 1030px\" class='avia_image '  aria-label='Santa Maria d&#039;All'><img decoding=\"async\" fetchpriority=\"high\" class='wp-image-16634 avia-img-lazy-loading-not-16634 avia_image ' src=\"https:\/\/test393.ergatesweb7.ovh\/wp-content\/uploads\/2020\/03\/Santa-Maria-dAll-300x201.jpg\" alt='' title='Santa Maria d&#039;All'  height=\"201\" width=\"300\"  itemprop=\"thumbnailUrl\" srcset=\"https:\/\/test393.ergatesweb7.ovh\/wp-content\/uploads\/2020\/03\/Santa-Maria-dAll-300x201.jpg 300w, https:\/\/test393.ergatesweb7.ovh\/wp-content\/uploads\/2020\/03\/Santa-Maria-dAll-1030x691.jpg 1030w, https:\/\/test393.ergatesweb7.ovh\/wp-content\/uploads\/2020\/03\/Santa-Maria-dAll-768x515.jpg 768w, https:\/\/test393.ergatesweb7.ovh\/wp-content\/uploads\/2020\/03\/Santa-Maria-dAll-705x473.jpg 705w, https:\/\/test393.ergatesweb7.ovh\/wp-content\/uploads\/2020\/03\/Santa-Maria-dAll.jpg 1500w\" sizes=\"(max-width: 300px) 100vw, 300px\" \/><\/a><\/div><\/div><\/div><br \/>\n\n<style type=\"text\/css\" data-created_by=\"avia_inline_auto\" id=\"style-css-av-k85ps6yh-298cde1c09fb09dd6c22f97ea36af559\">\n.avia-image-container.av-k85ps6yh-298cde1c09fb09dd6c22f97ea36af559 img.avia_image{\nbox-shadow:none;\n}\n.avia-image-container.av-k85ps6yh-298cde1c09fb09dd6c22f97ea36af559 .av-image-caption-overlay-center{\ncolor:#ffffff;\n}\n<\/style>\n<div  class='avia-image-container av-k85ps6yh-298cde1c09fb09dd6c22f97ea36af559 av-styling- av-img-linked avia-align-center  avia-builder-el-7  el_after_av_image  el_before_av_image '   itemprop=\"image\" itemscope=\"itemscope\" itemtype=\"https:\/\/schema.org\/ImageObject\" ><div class=\"avia-image-container-inner\"><div class=\"avia-image-overlay-wrap\"><a href=\"https:\/\/test393.ergatesweb7.ovh\/wp-content\/uploads\/2020\/03\/Sant-Pere-d\u2019Olopte-1030x688.jpg\" data-srcset=\"https:\/\/test393.ergatesweb7.ovh\/wp-content\/uploads\/2020\/03\/Sant-Pere-d\u2019Olopte-1030x688.jpg 1030w, https:\/\/test393.ergatesweb7.ovh\/wp-content\/uploads\/2020\/03\/Sant-Pere-d\u2019Olopte-300x200.jpg 300w, https:\/\/test393.ergatesweb7.ovh\/wp-content\/uploads\/2020\/03\/Sant-Pere-d\u2019Olopte-768x513.jpg 768w, https:\/\/test393.ergatesweb7.ovh\/wp-content\/uploads\/2020\/03\/Sant-Pere-d\u2019Olopte-705x471.jpg 705w, https:\/\/test393.ergatesweb7.ovh\/wp-content\/uploads\/2020\/03\/Sant-Pere-d\u2019Olopte.jpg 1500w\" data-sizes=\"(max-width: 1030px) 100vw, 1030px\" class='avia_image '  aria-label='Sant Pere d\u2019Olopte'><img decoding=\"async\" fetchpriority=\"high\" class='wp-image-16633 avia-img-lazy-loading-not-16633 avia_image ' src=\"https:\/\/test393.ergatesweb7.ovh\/wp-content\/uploads\/2020\/03\/Sant-Pere-d\u2019Olopte-300x200.jpg\" alt='' title='Sant Pere d\u2019Olopte'  height=\"200\" width=\"300\"  itemprop=\"thumbnailUrl\" srcset=\"https:\/\/test393.ergatesweb7.ovh\/wp-content\/uploads\/2020\/03\/Sant-Pere-d\u2019Olopte-300x200.jpg 300w, https:\/\/test393.ergatesweb7.ovh\/wp-content\/uploads\/2020\/03\/Sant-Pere-d\u2019Olopte-1030x688.jpg 1030w, https:\/\/test393.ergatesweb7.ovh\/wp-content\/uploads\/2020\/03\/Sant-Pere-d\u2019Olopte-768x513.jpg 768w, https:\/\/test393.ergatesweb7.ovh\/wp-content\/uploads\/2020\/03\/Sant-Pere-d\u2019Olopte-705x471.jpg 705w, https:\/\/test393.ergatesweb7.ovh\/wp-content\/uploads\/2020\/03\/Sant-Pere-d\u2019Olopte.jpg 1500w\" sizes=\"(max-width: 300px) 100vw, 300px\" \/><\/a><\/div><\/div><\/div><br \/>\n\n<style type=\"text\/css\" data-created_by=\"avia_inline_auto\" id=\"style-css-av-k85ps6yh-19c006eb99c45f0aaf2a35b080fa0d26\">\n.avia-image-container.av-k85ps6yh-19c006eb99c45f0aaf2a35b080fa0d26 img.avia_image{\nbox-shadow:none;\n}\n.avia-image-container.av-k85ps6yh-19c006eb99c45f0aaf2a35b080fa0d26 .av-image-caption-overlay-center{\ncolor:#ffffff;\n}\n<\/style>\n<div  class='avia-image-container av-k85ps6yh-19c006eb99c45f0aaf2a35b080fa0d26 av-styling- av-img-linked avia-align-center  avia-builder-el-8  el_after_av_image  el_before_av_image '   itemprop=\"image\" itemscope=\"itemscope\" itemtype=\"https:\/\/schema.org\/ImageObject\" ><div class=\"avia-image-container-inner\"><div class=\"avia-image-overlay-wrap\"><a href=\"https:\/\/test393.ergatesweb7.ovh\/wp-content\/uploads\/2020\/03\/Sant-Juli\u00e0-de-Pedra-1030x687.jpg\" data-srcset=\"https:\/\/test393.ergatesweb7.ovh\/wp-content\/uploads\/2020\/03\/Sant-Juli\u00e0-de-Pedra-1030x687.jpg 1030w, https:\/\/test393.ergatesweb7.ovh\/wp-content\/uploads\/2020\/03\/Sant-Juli\u00e0-de-Pedra-300x200.jpg 300w, https:\/\/test393.ergatesweb7.ovh\/wp-content\/uploads\/2020\/03\/Sant-Juli\u00e0-de-Pedra-768x513.jpg 768w, https:\/\/test393.ergatesweb7.ovh\/wp-content\/uploads\/2020\/03\/Sant-Juli\u00e0-de-Pedra-705x470.jpg 705w, https:\/\/test393.ergatesweb7.ovh\/wp-content\/uploads\/2020\/03\/Sant-Juli\u00e0-de-Pedra.jpg 1500w\" data-sizes=\"(max-width: 1030px) 100vw, 1030px\" class='avia_image '  aria-label='Sant Juli\u00e0 de Pedra'><img decoding=\"async\" fetchpriority=\"high\" class='wp-image-16632 avia-img-lazy-loading-not-16632 avia_image ' src=\"https:\/\/test393.ergatesweb7.ovh\/wp-content\/uploads\/2020\/03\/Sant-Juli\u00e0-de-Pedra-300x200.jpg\" alt='' title='Sant Juli\u00e0 de Pedra'  height=\"200\" width=\"300\"  itemprop=\"thumbnailUrl\" srcset=\"https:\/\/test393.ergatesweb7.ovh\/wp-content\/uploads\/2020\/03\/Sant-Juli\u00e0-de-Pedra-300x200.jpg 300w, https:\/\/test393.ergatesweb7.ovh\/wp-content\/uploads\/2020\/03\/Sant-Juli\u00e0-de-Pedra-1030x687.jpg 1030w, https:\/\/test393.ergatesweb7.ovh\/wp-content\/uploads\/2020\/03\/Sant-Juli\u00e0-de-Pedra-768x513.jpg 768w, https:\/\/test393.ergatesweb7.ovh\/wp-content\/uploads\/2020\/03\/Sant-Juli\u00e0-de-Pedra-705x470.jpg 705w, https:\/\/test393.ergatesweb7.ovh\/wp-content\/uploads\/2020\/03\/Sant-Juli\u00e0-de-Pedra.jpg 1500w\" sizes=\"(max-width: 300px) 100vw, 300px\" \/><\/a><\/div><\/div><\/div><br \/>\n\n<style type=\"text\/css\" data-created_by=\"avia_inline_auto\" id=\"style-css-av-k85ps6yh-c97c99e2a2b1927ffe37a3665184c5ab\">\n.avia-image-container.av-k85ps6yh-c97c99e2a2b1927ffe37a3665184c5ab img.avia_image{\nbox-shadow:none;\n}\n.avia-image-container.av-k85ps6yh-c97c99e2a2b1927ffe37a3665184c5ab .av-image-caption-overlay-center{\ncolor:#ffffff;\n}\n<\/style>\n<div  class='avia-image-container av-k85ps6yh-c97c99e2a2b1927ffe37a3665184c5ab av-styling- av-img-linked avia-align-center  avia-builder-el-9  el_after_av_image  avia-builder-el-last '   itemprop=\"image\" itemscope=\"itemscope\" itemtype=\"https:\/\/schema.org\/ImageObject\" ><div class=\"avia-image-container-inner\"><div class=\"avia-image-overlay-wrap\"><a href=\"https:\/\/test393.ergatesweb7.ovh\/wp-content\/uploads\/2020\/03\/Santa-Maria-de-Tall\u00f3-1030x687.jpg\" data-srcset=\"https:\/\/test393.ergatesweb7.ovh\/wp-content\/uploads\/2020\/03\/Santa-Maria-de-Tall\u00f3-1030x687.jpg 1030w, https:\/\/test393.ergatesweb7.ovh\/wp-content\/uploads\/2020\/03\/Santa-Maria-de-Tall\u00f3-300x200.jpg 300w, https:\/\/test393.ergatesweb7.ovh\/wp-content\/uploads\/2020\/03\/Santa-Maria-de-Tall\u00f3-768x513.jpg 768w, https:\/\/test393.ergatesweb7.ovh\/wp-content\/uploads\/2020\/03\/Santa-Maria-de-Tall\u00f3-705x470.jpg 705w, https:\/\/test393.ergatesweb7.ovh\/wp-content\/uploads\/2020\/03\/Santa-Maria-de-Tall\u00f3.jpg 1500w\" data-sizes=\"(max-width: 1030px) 100vw, 1030px\" class='avia_image '  aria-label='Santa Maria de Tall\u00f3'><img decoding=\"async\" fetchpriority=\"high\" class='wp-image-16631 avia-img-lazy-loading-not-16631 avia_image ' src=\"https:\/\/test393.ergatesweb7.ovh\/wp-content\/uploads\/2020\/03\/Santa-Maria-de-Tall\u00f3-300x200.jpg\" alt='' title='Santa Maria de Tall\u00f3'  height=\"200\" width=\"300\"  itemprop=\"thumbnailUrl\" srcset=\"https:\/\/test393.ergatesweb7.ovh\/wp-content\/uploads\/2020\/03\/Santa-Maria-de-Tall\u00f3-300x200.jpg 300w, https:\/\/test393.ergatesweb7.ovh\/wp-content\/uploads\/2020\/03\/Santa-Maria-de-Tall\u00f3-1030x687.jpg 1030w, https:\/\/test393.ergatesweb7.ovh\/wp-content\/uploads\/2020\/03\/Santa-Maria-de-Tall\u00f3-768x513.jpg 768w, https:\/\/test393.ergatesweb7.ovh\/wp-content\/uploads\/2020\/03\/Santa-Maria-de-Tall\u00f3-705x470.jpg 705w, https:\/\/test393.ergatesweb7.ovh\/wp-content\/uploads\/2020\/03\/Santa-Maria-de-Tall\u00f3.jpg 1500w\" sizes=\"(max-width: 300px) 100vw, 300px\" \/><\/a><\/div><\/div><\/div><\/p><\/div><\/p>\n\n<style type=\"text\/css\" data-created_by=\"avia_inline_auto\" id=\"style-css-av-bpy8q-26decf61c14f3a166b7d8a5899d0a611\">\n.flex_column.av-bpy8q-26decf61c14f3a166b7d8a5899d0a611{\nborder-radius:0px 0px 0px 0px;\npadding:0px 0px 0px 0px;\n}\n<\/style>\n<div  class='flex_column av-bpy8q-26decf61c14f3a166b7d8a5899d0a611 av_one_full  avia-builder-el-10  el_after_av_one_fourth  avia-builder-el-last  first flex_column_div av-zero-column-padding  column-top-margin'     ><section  class='av_textblock_section av-k85q3ywp-b8f613bf4aa9f5e0c8eaa998b23ddf2a '   itemscope=\"itemscope\" itemtype=\"https:\/\/schema.org\/CreativeWork\" ><div class='avia_textblock'  itemprop=\"text\" ><p>Adem\u00e1s, en la oficina de turismo de la Cerdanya, tenemos a la venta una publicaci\u00f3n donde se explica detalladamente cada iglesia de la V\u00eda Rom\u00e1nica de Cerdanya.<\/p>\n<\/div><\/section><\/div>\n","protected":false},"excerpt":{"rendered":"","protected":false},"author":3,"featured_media":16633,"parent":26656,"menu_order":20,"comment_status":"closed","ping_status":"closed","template":"","meta":{"footnotes":""},"class_list":["post-29522","page","type-page","status-publish","has-post-thumbnail","hentry"],"_links":{"self":[{"href":"https:\/\/test393.ergatesweb7.ovh\/es\/wp-json\/wp\/v2\/pages\/29522","targetHints":{"allow":["GET"]}}],"collection":[{"href":"https:\/\/test393.ergatesweb7.ovh\/es\/wp-json\/wp\/v2\/pages"}],"about":[{"href":"https:\/\/test393.ergatesweb7.ovh\/es\/wp-json\/wp\/v2\/types\/page"}],"author":[{"embeddable":true,"href":"https:\/\/test393.ergatesweb7.ovh\/es\/wp-json\/wp\/v2\/users\/3"}],"replies":[{"embeddable":true,"href":"https:\/\/test393.ergatesweb7.ovh\/es\/wp-json\/wp\/v2\/comments?post=29522"}],"version-history":[{"count":2,"href":"https:\/\/test393.ergatesweb7.ovh\/es\/wp-json\/wp\/v2\/pages\/29522\/revisions"}],"predecessor-version":[{"id":34498,"href":"https:\/\/test393.ergatesweb7.ovh\/es\/wp-json\/wp\/v2\/pages\/29522\/revisions\/34498"}],"up":[{"embeddable":true,"href":"https:\/\/test393.ergatesweb7.ovh\/es\/wp-json\/wp\/v2\/pages\/26656"}],"wp:featuredmedia":[{"embeddable":true,"href":"https:\/\/test393.ergatesweb7.ovh\/es\/wp-json\/wp\/v2\/media\/16633"}],"wp:attachment":[{"href":"https:\/\/test393.ergatesweb7.ovh\/es\/wp-json\/wp\/v2\/media?parent=29522"}],"curies":[{"name":"wp","href":"https:\/\/api.w.org\/{rel}","templated":true}]}}