{"id":29484,"date":"2022-03-24T16:06:26","date_gmt":"2022-03-24T14:06:26","guid":{"rendered":"https:\/\/www.cerdanya.org\/que-hacer\/turismo-de-bienestar\/hoteles-de-bienestar\/"},"modified":"2022-04-28T23:18:38","modified_gmt":"2022-04-28T21:18:38","slug":"hoteles-de-bienestar","status":"publish","type":"page","link":"https:\/\/test393.ergatesweb7.ovh\/es\/que-hacer\/turismo-de-bienestar\/hoteles-de-bienestar\/","title":{"rendered":"Hoteles de bienestar"},"content":{"rendered":"\n<style type=\"text\/css\" data-created_by=\"avia_inline_auto\" id=\"style-css-av-2okkxo-be195412daf3ca41b0efdae186d495d1\">\n.flex_column.av-2okkxo-be195412daf3ca41b0efdae186d495d1{\nborder-radius:0px 0px 0px 0px;\npadding:0px 0px 0px 0px;\n}\n<\/style>\n<div  class='flex_column av-2okkxo-be195412daf3ca41b0efdae186d495d1 av_one_full  avia-builder-el-0  el_before_av_hr  avia-builder-el-first  first flex_column_div av-zero-column-padding  '     ><section  class='av_textblock_section av-k901z1ft-e0aa1a2837c69c62ca5f8ad4a6265833 '   itemscope=\"itemscope\" itemtype=\"https:\/\/schema.org\/CreativeWork\" ><div class='avia_textblock'  itemprop=\"text\" ><blockquote>\n<p>M\u00e1s all\u00e1 de un buen descanso, estos magn\u00edficos hoteles disponen de servicios de spa, masajes\u2026 que os ayudar\u00e1n a desconectar.<\/p>\n<\/blockquote>\n<\/div><\/section><\/div>\n<style type=\"text\/css\" data-created_by=\"avia_inline_auto\" id=\"style-css-av-k9020l2q-a0cfc7fed9511437d8eb50fbf2fe1f65\">\n#top .hr.hr-invisible.av-k9020l2q-a0cfc7fed9511437d8eb50fbf2fe1f65{\nheight:50px;\n}\n<\/style>\n<div  class='hr av-k9020l2q-a0cfc7fed9511437d8eb50fbf2fe1f65 hr-invisible  avia-builder-el-2  el_after_av_one_full  el_before_av_textblock '><span class='hr-inner '><span class=\"hr-inner-style\"><\/span><\/span><\/div><\/p>\n<section  class='av_textblock_section av-2jeabi-486650b26c39076634ba0708fc4b0d81 '   itemscope=\"itemscope\" itemtype=\"https:\/\/schema.org\/CreativeWork\" ><div class='avia_textblock'  itemprop=\"text\" >\n\n\n<div class=\"loop-editor\">\n  <div id=\"wpv-view-layout-3380-CATTR9118cc9231c128ec1d9953d31545f66a\" class=\"js-wpv-view-layout js-wpv-layout-responsive js-wpv-view-layout-3380-CATTR9118cc9231c128ec1d9953d31545f66a\" data-viewnumber=\"3380-CATTR9118cc9231c128ec1d9953d31545f66a\" data-pagination=\"{&quot;id&quot;:3380,&quot;query&quot;:&quot;normal&quot;,&quot;type&quot;:&quot;disabled&quot;,&quot;effect&quot;:&quot;fade&quot;,&quot;duration&quot;:500,&quot;speed&quot;:5,&quot;pause_on_hover&quot;:&quot;disabled&quot;,&quot;stop_rollover&quot;:&quot;false&quot;,&quot;cache_pages&quot;:&quot;enabled&quot;,&quot;preload_images&quot;:&quot;enabled&quot;,&quot;preload_pages&quot;:&quot;enabled&quot;,&quot;preload_reach&quot;:1,&quot;spinner&quot;:&quot;builtin&quot;,&quot;spinner_image&quot;:&quot;https:\/\/www.cerdanya.org\/wp-content\/plugins\/wp-views\/embedded\/res\/img\/ajax-loader.gif&quot;,&quot;callback_next&quot;:&quot;&quot;,&quot;manage_history&quot;:&quot;enabled&quot;,&quot;has_controls_in_form&quot;:&quot;disabled&quot;,&quot;infinite_tolerance&quot;:&quot;0&quot;,&quot;max_pages&quot;:0,&quot;page&quot;:1,&quot;base_permalink&quot;:&quot;\/es\/wp-json\/wp\/v2\/pages\/29484?wpv_view_count=3380-CATTR9118cc9231c128ec1d9953d31545f66a&amp;wpv_paged=WPV_PAGE_NUM&quot;,&quot;loop&quot;:{&quot;type&quot;:&quot;&quot;,&quot;name&quot;:&quot;&quot;,&quot;data&quot;:[],&quot;id&quot;:0}}\" data-permalink=\"\/es\/wp-json\/wp\/v2\/pages\/29484?wpv_view_count=3380-CATTR9118cc9231c128ec1d9953d31545f66a\">\n\n\t\n\t\n\t\n\n\t\t\n\t\t\t<div  class='flex_column av-av_one_fourth-2a9015ff38129c418a3f2eafba3e9512 av_one_fourth first flex_column_div  '     ><p><div class=\"loop-item\">\n  \n      \n<style type=\"text\/css\" data-created_by=\"avia_inline_auto\" id=\"style-css-av-av_image-0f967c5db6dfccac235aaf100526dd76\">\n.avia-image-container.av-av_image-0f967c5db6dfccac235aaf100526dd76 img.avia_image{\nbox-shadow:none;\n}\n.avia-image-container.av-av_image-0f967c5db6dfccac235aaf100526dd76 .av-caption-image-overlay-bg{\nopacity:0.4;\nbackground-color:#000000;\n}\n.avia-image-container.av-av_image-0f967c5db6dfccac235aaf100526dd76 .av-image-caption-overlay-center{\ncolor:#ffffff;\nfont-size:22px;\n}\n<\/style>\n<div  class='avia-image-container av-av_image-0f967c5db6dfccac235aaf100526dd76 av-styling- av-hover-grow av-hide-overflow av-img-linked avia-align-center noHover av-overlay-hover-deactivate'   itemprop=\"image\" itemscope=\"itemscope\" itemtype=\"https:\/\/schema.org\/ImageObject\" ><div class=\"avia-image-container-inner\"><div class=\"avia-image-overlay-wrap\"><a href=\"https:\/\/test393.ergatesweb7.ovh\/es\/benestar\/guitart-la-molina-aparthotel-spa\/\" class='avia_image '  target=\"_blank\"  rel=\"noopener noreferrer\" ><div class=\"av-image-caption-overlay\"><div class=\"av-caption-image-overlay-bg\"><\/div><div class=\"av-image-caption-overlay-position\"><div class=\"av-image-caption-overlay-center\"><h3>Guitart La Molina Aparthotel &amp; Spa<\/h3>\n<h4><\/h4>\n<\/div><\/div><\/div><img decoding=\"async\" fetchpriority=\"high\" class='wp-image- avia-img-lazy-loading-not- avia_image ' src=\"https:\/\/test393.ergatesweb7.ovh\/wp-content\/uploads\/2019\/03\/hotel-apartament_guitart-845x682.jpg\" alt='' title=''   itemprop=\"thumbnailUrl\"  \/><\/a><\/div><\/div><\/div>\n  \n\n  \n<\/div><\/p><\/div>\n\t\t\n\n\t\t\n\t\t\t<div  class='flex_column av-av_one_fourth-bb0c93372dbfdfd42698443400a42550 av_one_fourth flex_column_div  '     ><p><div class=\"loop-item\">\n  \n      \n<style type=\"text\/css\" data-created_by=\"avia_inline_auto\" id=\"style-css-av-av_image-f55de4fa74324268f24536467a71e3d2\">\n.avia-image-container.av-av_image-f55de4fa74324268f24536467a71e3d2 img.avia_image{\nbox-shadow:none;\n}\n.avia-image-container.av-av_image-f55de4fa74324268f24536467a71e3d2 .av-caption-image-overlay-bg{\nopacity:0.4;\nbackground-color:#000000;\n}\n.avia-image-container.av-av_image-f55de4fa74324268f24536467a71e3d2 .av-image-caption-overlay-center{\ncolor:#ffffff;\nfont-size:22px;\n}\n<\/style>\n<div  class='avia-image-container av-av_image-f55de4fa74324268f24536467a71e3d2 av-styling- av-hover-grow av-hide-overflow av-img-linked avia-align-center noHover av-overlay-hover-deactivate'   itemprop=\"image\" itemscope=\"itemscope\" itemtype=\"https:\/\/schema.org\/ImageObject\" ><div class=\"avia-image-container-inner\"><div class=\"avia-image-overlay-wrap\"><a href=\"https:\/\/test393.ergatesweb7.ovh\/es\/benestar\/hotel-villa-paulita\/\" class='avia_image '  target=\"_blank\"  rel=\"noopener noreferrer\" ><div class=\"av-image-caption-overlay\"><div class=\"av-caption-image-overlay-bg\"><\/div><div class=\"av-image-caption-overlay-position\"><div class=\"av-image-caption-overlay-center\"><h3>Hotel Villa Paulita<\/h3>\n<h4><\/h4>\n<\/div><\/div><\/div><img decoding=\"async\" fetchpriority=\"high\" class='wp-image- avia-img-lazy-loading-not- avia_image ' src=\"https:\/\/test393.ergatesweb7.ovh\/wp-content\/uploads\/2020\/04\/hotel-villa-paulita-845x684.jpg\" alt='' title=''   itemprop=\"thumbnailUrl\"  \/><\/a><\/div><\/div><\/div>\n  \n\n  \n<\/div><\/p><\/div>\n\t\t\n\n\t\t\n\t\t\t<div  class='flex_column av-av_one_fourth-bb0c93372dbfdfd42698443400a42550 av_one_fourth flex_column_div  '     ><p><div class=\"loop-item\">\n  \n      \n<style type=\"text\/css\" data-created_by=\"avia_inline_auto\" id=\"style-css-av-av_image-2fe3f9cedba02e7fd871a1129d37e3c6\">\n.avia-image-container.av-av_image-2fe3f9cedba02e7fd871a1129d37e3c6 img.avia_image{\nbox-shadow:none;\n}\n.avia-image-container.av-av_image-2fe3f9cedba02e7fd871a1129d37e3c6 .av-caption-image-overlay-bg{\nopacity:0.4;\nbackground-color:#000000;\n}\n.avia-image-container.av-av_image-2fe3f9cedba02e7fd871a1129d37e3c6 .av-image-caption-overlay-center{\ncolor:#ffffff;\nfont-size:22px;\n}\n<\/style>\n<div  class='avia-image-container av-av_image-2fe3f9cedba02e7fd871a1129d37e3c6 av-styling- av-hover-grow av-hide-overflow av-img-linked avia-align-center noHover av-overlay-hover-deactivate'   itemprop=\"image\" itemscope=\"itemscope\" itemtype=\"https:\/\/schema.org\/ImageObject\" ><div class=\"avia-image-container-inner\"><div class=\"avia-image-overlay-wrap\"><a href=\"https:\/\/test393.ergatesweb7.ovh\/es\/benestar\/parada-puigcerda\/\" class='avia_image '  target=\"_blank\"  rel=\"noopener noreferrer\" ><div class=\"av-image-caption-overlay\"><div class=\"av-caption-image-overlay-bg\"><\/div><div class=\"av-image-caption-overlay-position\"><div class=\"av-image-caption-overlay-center\"><h3>Parada Puigcerd\u00e1<\/h3>\n<h4><\/h4>\n<\/div><\/div><\/div><img decoding=\"async\" fetchpriority=\"high\" class='wp-image- avia-img-lazy-loading-not- avia_image ' src=\"https:\/\/test393.ergatesweb7.ovh\/wp-content\/uploads\/2020\/04\/hotel-parada-puigcerda-spa-845x684.jpg\" alt='' title=''   itemprop=\"thumbnailUrl\"  \/><\/a><\/div><\/div><\/div>\n  \n\n  \n<\/div><\/p><\/div>\n\t\t\n\n\t\t\n\t\t\t<div  class='flex_column av-av_one_fourth-bb0c93372dbfdfd42698443400a42550 av_one_fourth flex_column_div  '     ><p><div class=\"loop-item\">\n  \n      \n<style type=\"text\/css\" data-created_by=\"avia_inline_auto\" id=\"style-css-av-av_image-f600b58e6d598791c1087faffad43b19\">\n.avia-image-container.av-av_image-f600b58e6d598791c1087faffad43b19 img.avia_image{\nbox-shadow:none;\n}\n.avia-image-container.av-av_image-f600b58e6d598791c1087faffad43b19 .av-caption-image-overlay-bg{\nopacity:0.4;\nbackground-color:#000000;\n}\n.avia-image-container.av-av_image-f600b58e6d598791c1087faffad43b19 .av-image-caption-overlay-center{\ncolor:#ffffff;\nfont-size:22px;\n}\n<\/style>\n<div  class='avia-image-container av-av_image-f600b58e6d598791c1087faffad43b19 av-styling- av-hover-grow av-hide-overflow av-img-linked avia-align-center noHover av-overlay-hover-deactivate'   itemprop=\"image\" itemscope=\"itemscope\" itemtype=\"https:\/\/schema.org\/ImageObject\" ><div class=\"avia-image-container-inner\"><div class=\"avia-image-overlay-wrap\"><a href=\"https:\/\/test393.ergatesweb7.ovh\/es\/benestar\/hotel-spa-la-collada\/\" class='avia_image '  target=\"_blank\"  rel=\"noopener noreferrer\" ><div class=\"av-image-caption-overlay\"><div class=\"av-caption-image-overlay-bg\"><\/div><div class=\"av-image-caption-overlay-position\"><div class=\"av-image-caption-overlay-center\"><h3>Hotel &amp; Spa La Collada<\/h3>\n<h4><\/h4>\n<\/div><\/div><\/div><img decoding=\"async\" fetchpriority=\"high\" class='wp-image- avia-img-lazy-loading-not- avia_image ' src=\"https:\/\/test393.ergatesweb7.ovh\/wp-content\/uploads\/2020\/04\/hotel-spa-lacollada-spa-845x684.jpg\" alt='' title=''   itemprop=\"thumbnailUrl\"  \/><\/a><\/div><\/div><\/div>\n  \n\n  \n<\/div><\/p><\/div>\n\n\t\t\n\n\t\t\n\t\t\t<div  class='flex_column av-av_one_fourth-2a9015ff38129c418a3f2eafba3e9512 av_one_fourth first flex_column_div  '     ><p><div class=\"loop-item\">\n  \n      \n<style type=\"text\/css\" data-created_by=\"avia_inline_auto\" id=\"style-css-av-av_image-024c1ed5e2cf7f5e4154e44c9a54ac1b\">\n.avia-image-container.av-av_image-024c1ed5e2cf7f5e4154e44c9a54ac1b img.avia_image{\nbox-shadow:none;\n}\n.avia-image-container.av-av_image-024c1ed5e2cf7f5e4154e44c9a54ac1b .av-caption-image-overlay-bg{\nopacity:0.4;\nbackground-color:#000000;\n}\n.avia-image-container.av-av_image-024c1ed5e2cf7f5e4154e44c9a54ac1b .av-image-caption-overlay-center{\ncolor:#ffffff;\nfont-size:22px;\n}\n<\/style>\n<div  class='avia-image-container av-av_image-024c1ed5e2cf7f5e4154e44c9a54ac1b av-styling- av-hover-grow av-hide-overflow av-img-linked avia-align-center noHover av-overlay-hover-deactivate'   itemprop=\"image\" itemscope=\"itemscope\" itemtype=\"https:\/\/schema.org\/ImageObject\" ><div class=\"avia-image-container-inner\"><div class=\"avia-image-overlay-wrap\"><a href=\"https:\/\/test393.ergatesweb7.ovh\/es\/benestar\/hotel-hg-la-molina\/\" class='avia_image '  target=\"_blank\"  rel=\"noopener noreferrer\" ><div class=\"av-image-caption-overlay\"><div class=\"av-caption-image-overlay-bg\"><\/div><div class=\"av-image-caption-overlay-position\"><div class=\"av-image-caption-overlay-center\"><h3>Hotel HG La Molina<\/h3>\n<h4><\/h4>\n<\/div><\/div><\/div><img decoding=\"async\" fetchpriority=\"high\" class='wp-image- avia-img-lazy-loading-not- avia_image ' src=\"https:\/\/test393.ergatesweb7.ovh\/wp-content\/uploads\/2020\/04\/hotel-hg-lamolina-vista-845x684.jpg\" alt='' title=''   itemprop=\"thumbnailUrl\"  \/><\/a><\/div><\/div><\/div>\n  \n\n  \n<\/div><\/p><\/div>\n\t\t\n\n\t\t\n\t\t\t<div  class='flex_column av-av_one_fourth-bb0c93372dbfdfd42698443400a42550 av_one_fourth flex_column_div  '     ><p><div class=\"loop-item\">\n  \n      \n<style type=\"text\/css\" data-created_by=\"avia_inline_auto\" id=\"style-css-av-av_image-522fbd2bcc00074d101704a9c1433d85\">\n.avia-image-container.av-av_image-522fbd2bcc00074d101704a9c1433d85 img.avia_image{\nbox-shadow:none;\n}\n.avia-image-container.av-av_image-522fbd2bcc00074d101704a9c1433d85 .av-caption-image-overlay-bg{\nopacity:0.4;\nbackground-color:#000000;\n}\n.avia-image-container.av-av_image-522fbd2bcc00074d101704a9c1433d85 .av-image-caption-overlay-center{\ncolor:#ffffff;\nfont-size:22px;\n}\n<\/style>\n<div  class='avia-image-container av-av_image-522fbd2bcc00074d101704a9c1433d85 av-styling- av-hover-grow av-hide-overflow av-img-linked avia-align-center noHover av-overlay-hover-deactivate'   itemprop=\"image\" itemscope=\"itemscope\" itemtype=\"https:\/\/schema.org\/ImageObject\" ><div class=\"avia-image-container-inner\"><div class=\"avia-image-overlay-wrap\"><a href=\"https:\/\/test393.ergatesweb7.ovh\/es\/benestar\/hotel-del-prado\/\" class='avia_image '  target=\"_blank\"  rel=\"noopener noreferrer\" ><div class=\"av-image-caption-overlay\"><div class=\"av-caption-image-overlay-bg\"><\/div><div class=\"av-image-caption-overlay-position\"><div class=\"av-image-caption-overlay-center\"><h3>Hotel del Prado<\/h3>\n<h4><\/h4>\n<\/div><\/div><\/div><img decoding=\"async\" fetchpriority=\"high\" class='wp-image- avia-img-lazy-loading-not- avia_image ' src=\"https:\/\/test393.ergatesweb7.ovh\/wp-content\/uploads\/2019\/03\/hotel_del_prado__piscina-845x684.jpg\" alt='' title=''   itemprop=\"thumbnailUrl\"  \/><\/a><\/div><\/div><\/div>\n  \n\n  \n<\/div><\/p><\/div>\n\t\t\n\n\t\t\n\t\t\t<div  class='flex_column av-av_one_fourth-bb0c93372dbfdfd42698443400a42550 av_one_fourth flex_column_div  '     ><p><div class=\"loop-item\">\n  \n      \n<style type=\"text\/css\" data-created_by=\"avia_inline_auto\" id=\"style-css-av-av_image-fc8d3ed5f729a691564b38c5775e1788\">\n.avia-image-container.av-av_image-fc8d3ed5f729a691564b38c5775e1788 img.avia_image{\nbox-shadow:none;\n}\n.avia-image-container.av-av_image-fc8d3ed5f729a691564b38c5775e1788 .av-caption-image-overlay-bg{\nopacity:0.4;\nbackground-color:#000000;\n}\n.avia-image-container.av-av_image-fc8d3ed5f729a691564b38c5775e1788 .av-image-caption-overlay-center{\ncolor:#ffffff;\nfont-size:22px;\n}\n<\/style>\n<div  class='avia-image-container av-av_image-fc8d3ed5f729a691564b38c5775e1788 av-styling- av-hover-grow av-hide-overflow av-img-linked avia-align-center noHover av-overlay-hover-deactivate'   itemprop=\"image\" itemscope=\"itemscope\" itemtype=\"https:\/\/schema.org\/ImageObject\" ><div class=\"avia-image-container-inner\"><div class=\"avia-image-overlay-wrap\"><a href=\"https:\/\/test393.ergatesweb7.ovh\/es\/benestar\/hotel-del-lago\/\" class='avia_image '  target=\"_blank\"  rel=\"noopener noreferrer\" ><div class=\"av-image-caption-overlay\"><div class=\"av-caption-image-overlay-bg\"><\/div><div class=\"av-image-caption-overlay-position\"><div class=\"av-image-caption-overlay-center\"><h3>Hotel del Lago<\/h3>\n<h4><\/h4>\n<\/div><\/div><\/div><img decoding=\"async\" fetchpriority=\"high\" class='wp-image- avia-img-lazy-loading-not- avia_image ' src=\"https:\/\/test393.ergatesweb7.ovh\/wp-content\/uploads\/2020\/04\/hotel-lago-piscina-interior-845x684.jpg\" alt='' title=''   itemprop=\"thumbnailUrl\"  \/><\/a><\/div><\/div><\/div>\n  \n\n  \n<\/div><\/p><\/div>\n\t\t\n\n\t\t\n\t\t\t<div  class='flex_column av-av_one_fourth-bb0c93372dbfdfd42698443400a42550 av_one_fourth flex_column_div  '     ><p><div class=\"loop-item\">\n  \n      \n<style type=\"text\/css\" data-created_by=\"avia_inline_auto\" id=\"style-css-av-av_image-4b05f5b77edd85b636786b872f476aa5\">\n.avia-image-container.av-av_image-4b05f5b77edd85b636786b872f476aa5 img.avia_image{\nbox-shadow:none;\n}\n.avia-image-container.av-av_image-4b05f5b77edd85b636786b872f476aa5 .av-caption-image-overlay-bg{\nopacity:0.4;\nbackground-color:#000000;\n}\n.avia-image-container.av-av_image-4b05f5b77edd85b636786b872f476aa5 .av-image-caption-overlay-center{\ncolor:#ffffff;\nfont-size:22px;\n}\n<\/style>\n<div  class='avia-image-container av-av_image-4b05f5b77edd85b636786b872f476aa5 av-styling- av-hover-grow av-hide-overflow av-img-linked avia-align-center noHover av-overlay-hover-deactivate'   itemprop=\"image\" itemscope=\"itemscope\" itemtype=\"https:\/\/schema.org\/ImageObject\" ><div class=\"avia-image-container-inner\"><div class=\"avia-image-overlay-wrap\"><a href=\"https:\/\/test393.ergatesweb7.ovh\/es\/benestar\/cerdanya-ecoresort-spa\/\" class='avia_image '  target=\"_blank\"  rel=\"noopener noreferrer\" ><div class=\"av-image-caption-overlay\"><div class=\"av-caption-image-overlay-bg\"><\/div><div class=\"av-image-caption-overlay-position\"><div class=\"av-image-caption-overlay-center\"><h3>Cerdanya Ecoresort &amp; SPA<\/h3>\n<h4><\/h4>\n<\/div><\/div><\/div><img decoding=\"async\" fetchpriority=\"high\" class='wp-image- avia-img-lazy-loading-not- avia_image ' src=\"https:\/\/test393.ergatesweb7.ovh\/wp-content\/uploads\/2020\/04\/benestar-spa-cerdanyaecoresort-prullans-845x684.jpg\" alt='' title=''   itemprop=\"thumbnailUrl\"  \/><\/a><\/div><\/div><\/div>\n  \n\n  \n<\/div><\/p><\/div>\n\n\t\t\n\n\t\t\n\t\t\t<div  class='flex_column av-av_one_fourth-2a9015ff38129c418a3f2eafba3e9512 av_one_fourth first flex_column_div  '     ><p><div class=\"loop-item\">\n  \n      \n<style type=\"text\/css\" data-created_by=\"avia_inline_auto\" id=\"style-css-av-av_image-b65a5f735d43c930cb5c991f8cd81d23\">\n.avia-image-container.av-av_image-b65a5f735d43c930cb5c991f8cd81d23 img.avia_image{\nbox-shadow:none;\n}\n.avia-image-container.av-av_image-b65a5f735d43c930cb5c991f8cd81d23 .av-caption-image-overlay-bg{\nopacity:0.4;\nbackground-color:#000000;\n}\n.avia-image-container.av-av_image-b65a5f735d43c930cb5c991f8cd81d23 .av-image-caption-overlay-center{\ncolor:#ffffff;\nfont-size:22px;\n}\n<\/style>\n<div  class='avia-image-container av-av_image-b65a5f735d43c930cb5c991f8cd81d23 av-styling- av-hover-grow av-hide-overflow av-img-linked avia-align-center noHover av-overlay-hover-deactivate'   itemprop=\"image\" itemscope=\"itemscope\" itemtype=\"https:\/\/schema.org\/ImageObject\" ><div class=\"avia-image-container-inner\"><div class=\"avia-image-overlay-wrap\"><a href=\"https:\/\/test393.ergatesweb7.ovh\/es\/benestar\/park-hotel-puigcerda\/\" class='avia_image '  target=\"_blank\"  rel=\"noopener noreferrer\" ><div class=\"av-image-caption-overlay\"><div class=\"av-caption-image-overlay-bg\"><\/div><div class=\"av-image-caption-overlay-position\"><div class=\"av-image-caption-overlay-center\"><h3>Park Hotel Puigcerd\u00e0<\/h3>\n<h4><\/h4>\n<\/div><\/div><\/div><img decoding=\"async\" fetchpriority=\"high\" class='wp-image- avia-img-lazy-loading-not- avia_image ' src=\"https:\/\/test393.ergatesweb7.ovh\/wp-content\/uploads\/2020\/04\/hotel-park-puigcerda-845x684.jpg\" alt='' title=''   itemprop=\"thumbnailUrl\"  \/><\/a><\/div><\/div><\/div>\n  \n\n  \n<\/div><\/p><\/div>\n\t\t\n\t\t\t<div class=\"col-sm-3\"><\/div>\n\t\t\n\t\t\t<div class=\"col-sm-3\"><\/div>\n\t\t\n\t\t\t<div class=\"col-sm-3\"><\/div>\n\n\t\n\t\n\t\n\t\n\n\n\t\n\n\n<\/div> \n<\/div>\n<\/div><\/section>\n","protected":false},"excerpt":{"rendered":"","protected":false},"author":3,"featured_media":16695,"parent":29425,"menu_order":10,"comment_status":"closed","ping_status":"closed","template":"","meta":{"footnotes":""},"class_list":["post-29484","page","type-page","status-publish","has-post-thumbnail","hentry"],"_links":{"self":[{"href":"https:\/\/test393.ergatesweb7.ovh\/es\/wp-json\/wp\/v2\/pages\/29484","targetHints":{"allow":["GET"]}}],"collection":[{"href":"https:\/\/test393.ergatesweb7.ovh\/es\/wp-json\/wp\/v2\/pages"}],"about":[{"href":"https:\/\/test393.ergatesweb7.ovh\/es\/wp-json\/wp\/v2\/types\/page"}],"author":[{"embeddable":true,"href":"https:\/\/test393.ergatesweb7.ovh\/es\/wp-json\/wp\/v2\/users\/3"}],"replies":[{"embeddable":true,"href":"https:\/\/test393.ergatesweb7.ovh\/es\/wp-json\/wp\/v2\/comments?post=29484"}],"version-history":[{"count":2,"href":"https:\/\/test393.ergatesweb7.ovh\/es\/wp-json\/wp\/v2\/pages\/29484\/revisions"}],"predecessor-version":[{"id":29486,"href":"https:\/\/test393.ergatesweb7.ovh\/es\/wp-json\/wp\/v2\/pages\/29484\/revisions\/29486"}],"up":[{"embeddable":true,"href":"https:\/\/test393.ergatesweb7.ovh\/es\/wp-json\/wp\/v2\/pages\/29425"}],"wp:featuredmedia":[{"embeddable":true,"href":"https:\/\/test393.ergatesweb7.ovh\/es\/wp-json\/wp\/v2\/media\/16695"}],"wp:attachment":[{"href":"https:\/\/test393.ergatesweb7.ovh\/es\/wp-json\/wp\/v2\/media?parent=29484"}],"curies":[{"name":"wp","href":"https:\/\/api.w.org\/{rel}","templated":true}]}}