{"id":29381,"date":"2022-03-23T18:31:18","date_gmt":"2022-03-23T16:31:18","guid":{"rendered":"https:\/\/www.cerdanya.org\/informacion-util\/programas-de-cooperacion\/pect-costa-brava-pirineo-de-girona-naturaleza-cultura-e-inteligencia-en-red\/"},"modified":"2022-04-28T21:33:03","modified_gmt":"2022-04-28T19:33:03","slug":"pect-costa-brava-pirineo-de-girona-naturaleza-cultura-e-inteligencia-en-red","status":"publish","type":"page","link":"https:\/\/test393.ergatesweb7.ovh\/es\/informacion-util\/programas-de-cooperacion\/pect-costa-brava-pirineo-de-girona-naturaleza-cultura-e-inteligencia-en-red\/","title":{"rendered":"PECT Costa Brava Pirineo de Girona: naturaleza, cultura e inteligencia en red"},"content":{"rendered":"\n<style type=\"text\/css\" data-created_by=\"avia_inline_auto\" id=\"style-css-av-6iggm1-a349a212ecd0ab1b269f03278623d0a5\">\n.flex_column.av-6iggm1-a349a212ecd0ab1b269f03278623d0a5{\nborder-radius:0px 0px 0px 0px;\npadding:0px 0px 0px 0px;\n}\n<\/style>\n<div  class='flex_column av-6iggm1-a349a212ecd0ab1b269f03278623d0a5 av_one_full  avia-builder-el-0  el_before_av_one_full  avia-builder-el-first  first flex_column_div av-zero-column-padding  '     ><style type=\"text\/css\" data-created_by=\"avia_inline_auto\" id=\"style-css-av-kgqg23wp-e9b624b6994a1410341f50c9f7ca48b0\">\n.avia-image-container.av-kgqg23wp-e9b624b6994a1410341f50c9f7ca48b0 img.avia_image{\nbox-shadow:none;\n}\n.avia-image-container.av-kgqg23wp-e9b624b6994a1410341f50c9f7ca48b0 .av-image-caption-overlay-center{\ncolor:#ffffff;\n}\n<\/style>\n<div  class='avia-image-container av-kgqg23wp-e9b624b6994a1410341f50c9f7ca48b0 av-styling- avia-align-center  avia-builder-el-1  avia-builder-el-no-sibling '   itemprop=\"image\" itemscope=\"itemscope\" itemtype=\"https:\/\/schema.org\/ImageObject\" ><div class=\"avia-image-container-inner\"><div class=\"avia-image-overlay-wrap\"><img decoding=\"async\" fetchpriority=\"high\" class='wp-image-17617 avia-img-lazy-loading-not-17617 avia_image ' src=\"https:\/\/test393.ergatesweb7.ovh\/wp-content\/uploads\/2020\/10\/pect_girona_costabrava.jpg\" alt='' title='pect_girona_costabrava'  height=\"380\" width=\"1080\"  itemprop=\"thumbnailUrl\" srcset=\"https:\/\/test393.ergatesweb7.ovh\/wp-content\/uploads\/2020\/10\/pect_girona_costabrava.jpg 1080w, https:\/\/test393.ergatesweb7.ovh\/wp-content\/uploads\/2020\/10\/pect_girona_costabrava-300x106.jpg 300w, https:\/\/test393.ergatesweb7.ovh\/wp-content\/uploads\/2020\/10\/pect_girona_costabrava-1030x362.jpg 1030w, https:\/\/test393.ergatesweb7.ovh\/wp-content\/uploads\/2020\/10\/pect_girona_costabrava-768x270.jpg 768w, https:\/\/test393.ergatesweb7.ovh\/wp-content\/uploads\/2020\/10\/pect_girona_costabrava-705x248.jpg 705w\" sizes=\"(max-width: 1080px) 100vw, 1080px\" \/><\/div><\/div><\/div><\/div>\n\n<style type=\"text\/css\" data-created_by=\"avia_inline_auto\" id=\"style-css-av-fjh7gp-94188cae6ee7962faa073f9613de614f\">\n.flex_column.av-fjh7gp-94188cae6ee7962faa073f9613de614f{\nborder-radius:0px 0px 0px 0px;\npadding:0px 0px 0px 0px;\n}\n<\/style>\n<div  class='flex_column av-fjh7gp-94188cae6ee7962faa073f9613de614f av_one_full  avia-builder-el-2  el_after_av_one_full  el_before_av_one_full  first flex_column_div av-zero-column-padding  column-top-margin'     ><section  class='av_textblock_section av-kgqmry61-c61d1233e6e4e692edabe08c8275dfcf '   itemscope=\"itemscope\" itemtype=\"https:\/\/schema.org\/CreativeWork\" ><div class='avia_textblock'  itemprop=\"text\" ><p><strong>Se trata de un proyecto de especializaci\u00f3n y competitividad territorial (PECT) centrado en el \u00e1mbito del turismo.<\/strong><\/p>\n<p><strong>Forma parte de la campa\u00f1a de la Diputaci\u00f3n de Girona sobre los proyectos de especializaci\u00f3n y competitividad territorial: \u00abLos PECT en Girona, territorio inteligente\u00bb<\/strong><\/p>\n<\/div><\/section><\/div>\n\n<style type=\"text\/css\" data-created_by=\"avia_inline_auto\" id=\"style-css-av-e91lzt-ebb67014451f970ed85781b4d7827513\">\n.flex_column.av-e91lzt-ebb67014451f970ed85781b4d7827513{\nborder-radius:0px 0px 0px 0px;\npadding:0px 0px 0px 0px;\n}\n<\/style>\n<div  class='flex_column av-e91lzt-ebb67014451f970ed85781b4d7827513 av_one_full  avia-builder-el-4  el_after_av_one_full  el_before_av_one_full  first flex_column_div av-zero-column-padding  column-top-margin'     ><section  class='av_textblock_section av-kgqn0z03-690e072d6d02f8b65ee3ce45c8b9754c '   itemscope=\"itemscope\" itemtype=\"https:\/\/schema.org\/CreativeWork\" ><div class='avia_textblock'  itemprop=\"text\" ><p>Los PECT son los proyectos de especializaci\u00f3n y competitividad territorial propuestos por las administraciones locales. Son iniciativas, impulsadas por los agentes del territorio y lideradas por las entidades p\u00fablicas locales (diputaciones, ayuntamientos, consejos comarcales), que articulan proyectos con operaciones y actuaciones para la transformaci\u00f3n econ\u00f3mica del territorio y tienen un fuerte componente de innovaci\u00f3n. Contribuyen a las prioridades ya los objetivos de la RIS3CAT (Estrategia de Desarrollo Inteligente de Catalunya) y del Programa Operativo (PO) FEDER de Catalu\u00f1a 2014-2020; cuentan con la participaci\u00f3n del tejido social y econ\u00f3mico y tienen un impacto en la competitividad del territorio.<\/p>\n<p>La finalidad del proyecto \u00abNaturaleza, cultura e inteligencia en red\u00bb es mejorar los destinos tur\u00edsticos en la Costa Brava y el Pirineo de Girona mediante la introducci\u00f3n de las nuevas tecnolog\u00edas y la potenciaci\u00f3n de la red de caminos y el patrimonio cultural y natural .<\/p>\n<p>Se conectar\u00e1 todo el territorio gerundense, sus caminos, senderos y senderos, tanto sobre el mapa como sobre el terreno. Por eso, se est\u00e1n adecuando, se\u00f1alizando y creando rutas a pie y en bicicleta de un lado a otro de las comarcas gerundenses.<\/p>\n<p>Con este proyecto se dar\u00e1 a conocer al patrimonio natural y cultural, sobre todo el m\u00e1s desconocido, y se facilitar\u00e1 el acceso a \u00e9l Se har\u00e1 poniendo sobre la mesa una ofertaslow, sostenible y accesible para todos, y con las nuevas tecnolog\u00edas como puntal tanto para interpretarlo como para acceder con facilidad.<\/p>\n<p>Todo ello servir\u00e1 para fomentar la actividad econ\u00f3mica en torno al patrimonio y los caminos, ya que se crear\u00e1n nuevos productos que permitir\u00e1n llegar a nuevos mercados, desestacionalizar la oferta tur\u00edstica y diferenciar Girona de otros destinos.<\/p>\n<\/div><\/section><\/div>\n\n<style type=\"text\/css\" data-created_by=\"avia_inline_auto\" id=\"style-css-av-cid3fd-31ce23ba0b32f56eca8a2f77c730953f\">\n.flex_column.av-cid3fd-31ce23ba0b32f56eca8a2f77c730953f{\nborder-radius:0px 0px 0px 0px;\npadding:0px 0px 0px 0px;\n}\n<\/style>\n<div  class='flex_column av-cid3fd-31ce23ba0b32f56eca8a2f77c730953f av_one_full  avia-builder-el-6  el_after_av_one_full  el_before_av_one_full  first flex_column_div av-zero-column-padding  column-top-margin'     ><div  class='avia-video av-kgqg3qrk-c3e721569c2f0be7e02fafa7d8bbe4c2 avia-video-16-9 av-no-preview-image avia-video-load-always av-lazyload-immediate av-lazyload-video-embed'  itemprop=\"video\" itemtype=\"https:\/\/schema.org\/VideoObject\"  data-original_url='https:\/\/youtu.be\/_3bHdqoyj2g'><script type='text\/html' class='av-video-tmpl'><div class='avia-iframe-wrap'><iframe loading=\"lazy\" title=\"Costa Brava Pirineu de Girona: Natura, cultura i intel\u00b7lig\u00e8ncia en xarxa\" width=\"1500\" height=\"844\" src=\"https:\/\/www.youtube.com\/embed\/_3bHdqoyj2g?feature=oembed&autoplay=0&loop=0&controls=1&mute=0\" frameborder=\"0\" allow=\"accelerometer; autoplay; clipboard-write; encrypted-media; gyroscope; picture-in-picture\" allowfullscreen><\/iframe><\/div><\/script><div class='av-click-to-play-overlay'><div class=\"avia_playpause_icon\"><\/div><\/div><\/div><\/div>\n\n<style type=\"text\/css\" data-created_by=\"avia_inline_auto\" id=\"style-css-av-13dctl-4ae56e9b0a86896d819c201e55d430e3\">\n.flex_column.av-13dctl-4ae56e9b0a86896d819c201e55d430e3{\nborder-radius:0px 0px 0px 0px;\npadding:0px 0px 0px 0px;\n}\n<\/style>\n<div  class='flex_column av-13dctl-4ae56e9b0a86896d819c201e55d430e3 av_one_full  avia-builder-el-8  el_after_av_one_full  el_before_av_one_full  first flex_column_div av-zero-column-padding  column-top-margin'     ><p>\n<style type=\"text\/css\" data-created_by=\"avia_inline_auto\" id=\"style-css-av-djh9a1-9c34b9b1e4c4d626b5d0adea94faac24\">\n#top .av-special-heading.av-djh9a1-9c34b9b1e4c4d626b5d0adea94faac24{\npadding-bottom:10px;\n}\nbody .av-special-heading.av-djh9a1-9c34b9b1e4c4d626b5d0adea94faac24 .av-special-heading-tag .heading-char{\nfont-size:25px;\n}\n.av-special-heading.av-djh9a1-9c34b9b1e4c4d626b5d0adea94faac24 .av-subheading{\nfont-size:15px;\n}\n<\/style>\n<div  class='av-special-heading av-djh9a1-9c34b9b1e4c4d626b5d0adea94faac24 av-special-heading-h3  avia-builder-el-9  el_before_av_textblock  avia-builder-el-first '><h3 class='av-special-heading-tag '  itemprop=\"headline\"  >Objetivos<\/h3><div class=\"special-heading-border\"><div class=\"special-heading-inner-border\"><\/div><\/div><\/div><br \/>\n<section  class='av_textblock_section av-kgqn0z03-690e072d6d02f8b65ee3ce45c8b9754c '   itemscope=\"itemscope\" itemtype=\"https:\/\/schema.org\/CreativeWork\" ><div class='avia_textblock'  itemprop=\"text\" ><ul>\n<li>La creaci\u00f3n de una red de Caminos Inteligentes y Accesibles.<\/li>\n<li>La creaci\u00f3n de una serie de propuestas para hacer el patrimonio cultural y natural m\u00e1s accesible y para facilitar su interpretaci\u00f3n a los turistas.<\/li>\n<li>El dise\u00f1o e implementaci\u00f3n de un modelo de gesti\u00f3n m\u00e1s eficiente de los destinos tur\u00edsticos que incorpore la participaci\u00f3n activa de los agentes y el desarrollo de herramientas de innovaci\u00f3n abierta. Asimismo, se desarrollar\u00e1 un interfaz pensado para mejorar la experiencia de los turistas una vez est\u00e1n en el territorio.<\/li>\n<\/ul>\n<\/div><\/section><br \/>\n\n<style type=\"text\/css\" data-created_by=\"avia_inline_auto\" id=\"style-css-av-ca4vuh-e7d4fb7ae989637eb8cde35445f86727\">\n#top .av-special-heading.av-ca4vuh-e7d4fb7ae989637eb8cde35445f86727{\npadding-bottom:10px;\n}\nbody .av-special-heading.av-ca4vuh-e7d4fb7ae989637eb8cde35445f86727 .av-special-heading-tag .heading-char{\nfont-size:25px;\n}\n.av-special-heading.av-ca4vuh-e7d4fb7ae989637eb8cde35445f86727 .av-subheading{\nfont-size:15px;\n}\n<\/style>\n<div  class='av-special-heading av-ca4vuh-e7d4fb7ae989637eb8cde35445f86727 av-special-heading-h3  avia-builder-el-11  el_after_av_textblock  el_before_av_textblock '><h3 class='av-special-heading-tag '  itemprop=\"headline\"  >Actuaciones<\/h3><div class=\"special-heading-border\"><div class=\"special-heading-inner-border\"><\/div><\/div><\/div><br \/>\n<section  class='av_textblock_section av-kgqn0z03-690e072d6d02f8b65ee3ce45c8b9754c '   itemscope=\"itemscope\" itemtype=\"https:\/\/schema.org\/CreativeWork\" ><div class='avia_textblock'  itemprop=\"text\" ><ul>\n<li>Red de Caminos Inteligentes y Accesibles<\/li>\n<li>Patrimonio Abierto<\/li>\n<li>Open Tourism<\/li>\n<\/ul>\n<\/div><\/section><br \/>\n\n<style type=\"text\/css\" data-created_by=\"avia_inline_auto\" id=\"style-css-av-a483mh-cb2f98b6372f8963811989b7678ac2a4\">\n#top .av-special-heading.av-a483mh-cb2f98b6372f8963811989b7678ac2a4{\npadding-bottom:10px;\n}\nbody .av-special-heading.av-a483mh-cb2f98b6372f8963811989b7678ac2a4 .av-special-heading-tag .heading-char{\nfont-size:25px;\n}\n.av-special-heading.av-a483mh-cb2f98b6372f8963811989b7678ac2a4 .av-subheading{\nfont-size:15px;\n}\n<\/style>\n<div  class='av-special-heading av-a483mh-cb2f98b6372f8963811989b7678ac2a4 av-special-heading-h3  avia-builder-el-13  el_after_av_textblock  el_before_av_textblock '><h3 class='av-special-heading-tag '  itemprop=\"headline\"  >Presupuesto<\/h3><div class=\"special-heading-border\"><div class=\"special-heading-inner-border\"><\/div><\/div><\/div><br \/>\n<section  class='av_textblock_section av-kgqg6ukj-d417e4e7d82b8dc3a50909861fba9c98 '   itemscope=\"itemscope\" itemtype=\"https:\/\/schema.org\/CreativeWork\" ><div class='avia_textblock'  itemprop=\"text\" ><p>1.436.722,72 \u20ac<\/p>\n<\/div><\/section><br \/>\n\n<style type=\"text\/css\" data-created_by=\"avia_inline_auto\" id=\"style-css-av-8ge1bt-fc9800fbd84785ead2c9bf0d3cf8d0c7\">\n#top .av-special-heading.av-8ge1bt-fc9800fbd84785ead2c9bf0d3cf8d0c7{\npadding-bottom:10px;\n}\nbody .av-special-heading.av-8ge1bt-fc9800fbd84785ead2c9bf0d3cf8d0c7 .av-special-heading-tag .heading-char{\nfont-size:25px;\n}\n.av-special-heading.av-8ge1bt-fc9800fbd84785ead2c9bf0d3cf8d0c7 .av-subheading{\nfont-size:15px;\n}\n<\/style>\n<div  class='av-special-heading av-8ge1bt-fc9800fbd84785ead2c9bf0d3cf8d0c7 av-special-heading-h3  avia-builder-el-15  el_after_av_textblock  el_before_av_textblock '><h3 class='av-special-heading-tag '  itemprop=\"headline\"  >Financiaci\u00f3n<\/h3><div class=\"special-heading-border\"><div class=\"special-heading-inner-border\"><\/div><\/div><\/div><br \/>\n<section  class='av_textblock_section av-kgqg6ukj-d417e4e7d82b8dc3a50909861fba9c98 '   itemscope=\"itemscope\" itemtype=\"https:\/\/schema.org\/CreativeWork\" ><div class='avia_textblock'  itemprop=\"text\" ><ul>\n<li>FEDER (718.361,36 euros)<\/li>\n<li>Diputaci\u00f3 de Girona (329.620,86 euros)<\/li>\n<li>Diputaci\u00f3 de Girona Coordinaci\u00f3n (59.119,61 euros)<\/li>\n<li>Universitat de Girona (50.056,67 euros)<\/li>\n<li>Consell Comarcal de l&#8217;Alt Empord\u00e0 (68.787,38 euros)<\/li>\n<li>Consell Comarcal del Pla de l&#8217;Estany (52.804,20 euros)<\/li>\n<li>Ag\u00e8ncia de Desenvolupament del Ripoll\u00e8s (52.804,20 euros)<\/li>\n<li>Consell Comarcal de la Cerdanya (52.364,24 euros)<\/li>\n<li>Consorci Vies Verdes de Girona (52.804,20 euros)<\/li>\n<\/ul>\n<\/div><\/section><br \/>\n\n<style type=\"text\/css\" data-created_by=\"avia_inline_auto\" id=\"style-css-av-7rxz89-0d99d6e000fadc43d9b6dd2b9173be2f\">\n#top .av-special-heading.av-7rxz89-0d99d6e000fadc43d9b6dd2b9173be2f{\npadding-bottom:10px;\n}\nbody .av-special-heading.av-7rxz89-0d99d6e000fadc43d9b6dd2b9173be2f .av-special-heading-tag .heading-char{\nfont-size:25px;\n}\n.av-special-heading.av-7rxz89-0d99d6e000fadc43d9b6dd2b9173be2f .av-subheading{\nfont-size:15px;\n}\n<\/style>\n<div  class='av-special-heading av-7rxz89-0d99d6e000fadc43d9b6dd2b9173be2f av-special-heading-h3  avia-builder-el-17  el_after_av_textblock  el_before_av_textblock '><h3 class='av-special-heading-tag '  itemprop=\"headline\"  >Resultado esperado<\/h3><div class=\"special-heading-border\"><div class=\"special-heading-inner-border\"><\/div><\/div><\/div><br \/>\n<section  class='av_textblock_section av-kgqg6ukj-d417e4e7d82b8dc3a50909861fba9c98 '   itemscope=\"itemscope\" itemtype=\"https:\/\/schema.org\/CreativeWork\" ><div class='avia_textblock'  itemprop=\"text\" ><p>Se prev\u00e9 contabilizar m\u00e1s de 2.800 nuevas visitas a los sitios donde se desarrollan las acciones.<\/p>\n<\/div><\/section><br \/>\n\n<style type=\"text\/css\" data-created_by=\"avia_inline_auto\" id=\"style-css-av-6knju1-ff6de1156ddf4869ddc2002190fafe8e\">\n#top .av-special-heading.av-6knju1-ff6de1156ddf4869ddc2002190fafe8e{\npadding-bottom:10px;\n}\nbody .av-special-heading.av-6knju1-ff6de1156ddf4869ddc2002190fafe8e .av-special-heading-tag .heading-char{\nfont-size:25px;\n}\n.av-special-heading.av-6knju1-ff6de1156ddf4869ddc2002190fafe8e .av-subheading{\nfont-size:15px;\n}\n<\/style>\n<div  class='av-special-heading av-6knju1-ff6de1156ddf4869ddc2002190fafe8e av-special-heading-h3  avia-builder-el-19  el_after_av_textblock  el_before_av_textblock '><h3 class='av-special-heading-tag '  itemprop=\"headline\"  >Operaciones<\/h3><div class=\"special-heading-border\"><div class=\"special-heading-inner-border\"><\/div><\/div><\/div><br \/>\n<section  class='av_textblock_section av-kgqg6ukj-d417e4e7d82b8dc3a50909861fba9c98 '   itemscope=\"itemscope\" itemtype=\"https:\/\/schema.org\/CreativeWork\" ><div class='avia_textblock'  itemprop=\"text\" ><ul>\n<li>Coordinaci\u00f3n.<\/li>\n<li>Naturaleza, cultura e inteligencia en red. Comarcas de Girona.<\/li>\n<li>Naturaleza, cultura e inteligencia en red. Comarca del Alt Empord\u00e0.<\/li>\n<li>Naturaleza, cultura e inteligencia en red. Comarca del Pla de l&#8217;Estany.<\/li>\n<li>Naturaleza, cultura e inteligencia en red. Comarca del Ripoll\u00e8s.<\/li>\n<li>Naturaleza, cultura e inteligencia en red. Comarca de la Cerdanya.<\/li>\n<li>Naturaleza, cultura e inteligencia en red. Vies Verdes de Girona.<\/li>\n<\/ul>\n<\/div><\/section><br \/>\n\n<style type=\"text\/css\" data-created_by=\"avia_inline_auto\" id=\"style-css-av-g4t2x-1924db589468407656d2b49e224e7e06\">\n#top .av-special-heading.av-g4t2x-1924db589468407656d2b49e224e7e06{\npadding-bottom:10px;\n}\nbody .av-special-heading.av-g4t2x-1924db589468407656d2b49e224e7e06 .av-special-heading-tag .heading-char{\nfont-size:25px;\n}\n.av-special-heading.av-g4t2x-1924db589468407656d2b49e224e7e06 .av-subheading{\nfont-size:15px;\n}\n<\/style>\n<div  class='av-special-heading av-g4t2x-1924db589468407656d2b49e224e7e06 av-special-heading-h3  avia-builder-el-21  el_after_av_textblock  el_before_av_textblock '><h3 class='av-special-heading-tag '  itemprop=\"headline\"  >M\u00e1s informaci\u00f3n<\/h3><div class=\"special-heading-border\"><div class=\"special-heading-inner-border\"><\/div><\/div><\/div><br \/>\n<section  class='av_textblock_section av-kgqg6ukj-d417e4e7d82b8dc3a50909861fba9c98 '   itemscope=\"itemscope\" itemtype=\"https:\/\/schema.org\/CreativeWork\" ><div class='avia_textblock'  itemprop=\"text\" ><p><a href=\"http:\/\/www.ddgi.cat\/web\/servei\/3376\/costa-brava-pirineu-de-girona--natura--cultura-i-intel-ligencia-en-xarxa-ambit-d-especialitzacio--turisme\" target=\"_blank\" rel=\"noopener\">Diputaci\u00f3 de Girona<\/a><\/p>\n<\/div><\/section><\/p><\/div>\n<style type=\"text\/css\" data-created_by=\"avia_inline_auto\" id=\"style-css-av-267obt-cdcb00842f2f5e6fef1bee5fecfe0e19\">\n.flex_column.av-267obt-cdcb00842f2f5e6fef1bee5fecfe0e19{\nborder-radius:0px 0px 0px 0px;\npadding:0px 0px 0px 0px;\n}\n<\/style>\n<div  class='flex_column av-267obt-cdcb00842f2f5e6fef1bee5fecfe0e19 av_one_full  avia-builder-el-23  el_after_av_one_full  avia-builder-el-last  first flex_column_div av-zero-column-padding  column-top-margin'     ><style type=\"text\/css\" data-created_by=\"avia_inline_auto\" id=\"style-css-av-kmgkw9fj-df7c8f60a9d9015ed22ea009df2bff08\">\n.avia-image-container.av-kmgkw9fj-df7c8f60a9d9015ed22ea009df2bff08 img.avia_image{\nbox-shadow:none;\n}\n.avia-image-container.av-kmgkw9fj-df7c8f60a9d9015ed22ea009df2bff08 .av-image-caption-overlay-center{\ncolor:#ffffff;\n}\n<\/style>\n<div  class='avia-image-container av-kmgkw9fj-df7c8f60a9d9015ed22ea009df2bff08 av-styling- avia-align-center  avia-builder-el-24  avia-builder-el-no-sibling '   itemprop=\"image\" itemscope=\"itemscope\" itemtype=\"https:\/\/schema.org\/ImageObject\" ><div class=\"avia-image-container-inner\"><div class=\"avia-image-overlay-wrap\"><img decoding=\"async\" fetchpriority=\"high\" class='wp-image-17973 avia-img-lazy-loading-not-17973 avia_image ' src=\"https:\/\/test393.ergatesweb7.ovh\/wp-content\/uploads\/2021\/03\/logos-pect-web.png\" alt='' title='logos-pect-web'  height=\"91\" width=\"1109\"  itemprop=\"thumbnailUrl\" srcset=\"https:\/\/test393.ergatesweb7.ovh\/wp-content\/uploads\/2021\/03\/logos-pect-web.png 1109w, https:\/\/test393.ergatesweb7.ovh\/wp-content\/uploads\/2021\/03\/logos-pect-web-300x25.png 300w, https:\/\/test393.ergatesweb7.ovh\/wp-content\/uploads\/2021\/03\/logos-pect-web-1030x85.png 1030w, https:\/\/test393.ergatesweb7.ovh\/wp-content\/uploads\/2021\/03\/logos-pect-web-768x63.png 768w, https:\/\/test393.ergatesweb7.ovh\/wp-content\/uploads\/2021\/03\/logos-pect-web-705x58.png 705w\" sizes=\"(max-width: 1109px) 100vw, 1109px\" \/><\/div><\/div><\/div><\/div><\/p>\n","protected":false},"excerpt":{"rendered":"","protected":false},"author":3,"featured_media":0,"parent":29348,"menu_order":0,"comment_status":"closed","ping_status":"closed","template":"","meta":{"footnotes":""},"class_list":["post-29381","page","type-page","status-publish","hentry"],"_links":{"self":[{"href":"https:\/\/test393.ergatesweb7.ovh\/es\/wp-json\/wp\/v2\/pages\/29381","targetHints":{"allow":["GET"]}}],"collection":[{"href":"https:\/\/test393.ergatesweb7.ovh\/es\/wp-json\/wp\/v2\/pages"}],"about":[{"href":"https:\/\/test393.ergatesweb7.ovh\/es\/wp-json\/wp\/v2\/types\/page"}],"author":[{"embeddable":true,"href":"https:\/\/test393.ergatesweb7.ovh\/es\/wp-json\/wp\/v2\/users\/3"}],"replies":[{"embeddable":true,"href":"https:\/\/test393.ergatesweb7.ovh\/es\/wp-json\/wp\/v2\/comments?post=29381"}],"version-history":[{"count":4,"href":"https:\/\/test393.ergatesweb7.ovh\/es\/wp-json\/wp\/v2\/pages\/29381\/revisions"}],"predecessor-version":[{"id":33300,"href":"https:\/\/test393.ergatesweb7.ovh\/es\/wp-json\/wp\/v2\/pages\/29381\/revisions\/33300"}],"up":[{"embeddable":true,"href":"https:\/\/test393.ergatesweb7.ovh\/es\/wp-json\/wp\/v2\/pages\/29348"}],"wp:attachment":[{"href":"https:\/\/test393.ergatesweb7.ovh\/es\/wp-json\/wp\/v2\/media?parent=29381"}],"curies":[{"name":"wp","href":"https:\/\/api.w.org\/{rel}","templated":true}]}}