{"id":29170,"date":"2022-03-23T14:56:54","date_gmt":"2022-03-23T12:56:54","guid":{"rendered":"https:\/\/www.cerdanya.org\/que-hacer\/turismo-cultural\/patrimonio-cultural\/"},"modified":"2022-09-01T11:31:58","modified_gmt":"2022-09-01T09:31:58","slug":"patrimonio-cultural","status":"publish","type":"page","link":"https:\/\/test393.ergatesweb7.ovh\/es\/que-hacer\/turismo-cultural\/patrimonio-cultural\/","title":{"rendered":"Patrimonio cultural"},"content":{"rendered":"\n<style type=\"text\/css\" data-created_by=\"avia_inline_auto\" id=\"style-css-av-7dis8-df0d5cc950b826e2bf66b47631de403e\">\n.flex_column.av-7dis8-df0d5cc950b826e2bf66b47631de403e{\nborder-radius:0px 0px 0px 0px;\npadding:0px 0px 0px 0px;\n}\n<\/style>\n<div  class='flex_column av-7dis8-df0d5cc950b826e2bf66b47631de403e av_one_full  avia-builder-el-0  el_before_av_one_full  avia-builder-el-first  first flex_column_div av-zero-column-padding  '     ><section  class='av_textblock_section av-jyzmpxzp-f68f84d214929075c1b6d8feee003985 '   itemscope=\"itemscope\" itemtype=\"https:\/\/schema.org\/CreativeWork\" ><div class='avia_textblock'  itemprop=\"text\" ><blockquote>\n<p>La Cerdanya presenta un rico y diverso patrimonio cultural. Es un territorio \u00fanico que a lo largo de los siglos se ha ido forjando y ha ido adquiriendo unos valores e identidad propia que est\u00e1 representado en todo el territorio a trav\u00e9s de la arquitectura de sus edificios. <strong> El exponente m\u00e1s relevante es la arquitectura religiosa rom\u00e1nica, representada en casi todos los municipios; tambi\u00e9n son significativos los ejemplos de arquitectura g\u00f3tica religiosa y los edificios representativos del estilo ecl\u00e9ctico. <\/strong>Te invitamos a viajar a trav\u00e9s del tiempo y vivir una extraordinaria e innovadora experiencia virtual, abriendo las puertas de 69 edificios religiosos de la Cerdanya para mostrar a todos los p\u00fablicos la belleza y majestuosidad de sus interiores.<\/p>\n<\/blockquote>\n<\/div><\/section><\/div>\n\n<style type=\"text\/css\" data-created_by=\"avia_inline_auto\" id=\"style-css-av-pyqto1-98f398d6d02669b026c9c51c32b16462\">\n.flex_column.av-pyqto1-98f398d6d02669b026c9c51c32b16462{\nborder-radius:0px 0px 0px 0px;\npadding:0px 0px 0px 0px;\n}\n<\/style>\n<div  class='flex_column av-pyqto1-98f398d6d02669b026c9c51c32b16462 av_one_full  avia-builder-el-2  el_after_av_one_full  avia-builder-el-last  first flex_column_div av-zero-column-padding  column-top-margin'     ><\/div>\n","protected":false},"excerpt":{"rendered":"","protected":false},"author":3,"featured_media":18218,"parent":26656,"menu_order":40,"comment_status":"closed","ping_status":"closed","template":"","meta":{"footnotes":""},"class_list":["post-29170","page","type-page","status-publish","has-post-thumbnail","hentry"],"_links":{"self":[{"href":"https:\/\/test393.ergatesweb7.ovh\/es\/wp-json\/wp\/v2\/pages\/29170","targetHints":{"allow":["GET"]}}],"collection":[{"href":"https:\/\/test393.ergatesweb7.ovh\/es\/wp-json\/wp\/v2\/pages"}],"about":[{"href":"https:\/\/test393.ergatesweb7.ovh\/es\/wp-json\/wp\/v2\/types\/page"}],"author":[{"embeddable":true,"href":"https:\/\/test393.ergatesweb7.ovh\/es\/wp-json\/wp\/v2\/users\/3"}],"replies":[{"embeddable":true,"href":"https:\/\/test393.ergatesweb7.ovh\/es\/wp-json\/wp\/v2\/comments?post=29170"}],"version-history":[{"count":7,"href":"https:\/\/test393.ergatesweb7.ovh\/es\/wp-json\/wp\/v2\/pages\/29170\/revisions"}],"predecessor-version":[{"id":38849,"href":"https:\/\/test393.ergatesweb7.ovh\/es\/wp-json\/wp\/v2\/pages\/29170\/revisions\/38849"}],"up":[{"embeddable":true,"href":"https:\/\/test393.ergatesweb7.ovh\/es\/wp-json\/wp\/v2\/pages\/26656"}],"wp:featuredmedia":[{"embeddable":true,"href":"https:\/\/test393.ergatesweb7.ovh\/es\/wp-json\/wp\/v2\/media\/18218"}],"wp:attachment":[{"href":"https:\/\/test393.ergatesweb7.ovh\/es\/wp-json\/wp\/v2\/media?parent=29170"}],"curies":[{"name":"wp","href":"https:\/\/api.w.org\/{rel}","templated":true}]}}