{"id":26656,"date":"2022-03-09T12:53:20","date_gmt":"2022-03-09T10:53:20","guid":{"rendered":"https:\/\/www.cerdanya.org\/que-hacer\/turismo-cultural\/"},"modified":"2022-04-28T23:05:04","modified_gmt":"2022-04-28T21:05:04","slug":"turismo-cultural","status":"publish","type":"page","link":"https:\/\/test393.ergatesweb7.ovh\/es\/que-hacer\/turismo-cultural\/","title":{"rendered":"Turismo cultural"},"content":{"rendered":"<section  class='av_textblock_section av-k7q40d77-d3ec0f13f74df62bfdf97ab1c9cb339b '   itemscope=\"itemscope\" itemtype=\"https:\/\/schema.org\/CreativeWork\" ><div class='avia_textblock'  itemprop=\"text\" ><blockquote>\n<p>La rica e intensa historia de la Cerdanya ha dotado a la comarca de un rico patrimonio cultural, cuyo exponente m\u00e1s relevante es la arquitectura religiosa rom\u00e1nica, representada en casi todos los n\u00facleos. Cerdanya permite a los visitantes viajar en el tiempo, gracias al amplio abanico de iglesias, conventos, parroquias y edificios religiosos que conservan la historia de la comarca. Sus muros han sido testigos del paso del tiempo del valle y se presentan como un punto de gran inter\u00e9s tur\u00edstico para todos los que deseen conocer de cerca la comarca.<\/p>\n<p>En la Cerdanya tambi\u00e9n disfrutamos de varios museos y lugares hist\u00f3ricos que configuran la rica red cultural de la comarca.<\/p>\n<\/blockquote>\n<\/div><\/section>\n\n<style type=\"text\/css\" data-created_by=\"avia_inline_auto\" id=\"style-css-av-8ev70-c42d1a84abd9de3969a330b0ebd373c5\">\n.flex_column.av-8ev70-c42d1a84abd9de3969a330b0ebd373c5{\nborder-radius:0px 0px 0px 0px;\npadding:0px 0px 0px 0px;\n}\n<\/style>\n<div  class='flex_column av-8ev70-c42d1a84abd9de3969a330b0ebd373c5 av_one_full  avia-builder-el-1  el_after_av_textblock  avia-builder-el-last  first flex_column_div av-zero-column-padding  column-top-margin'     ><\/div>\n","protected":false},"excerpt":{"rendered":"","protected":false},"author":3,"featured_media":16521,"parent":26452,"menu_order":30,"comment_status":"closed","ping_status":"closed","template":"","meta":{"footnotes":""},"class_list":["post-26656","page","type-page","status-publish","has-post-thumbnail","hentry"],"_links":{"self":[{"href":"https:\/\/test393.ergatesweb7.ovh\/es\/wp-json\/wp\/v2\/pages\/26656","targetHints":{"allow":["GET"]}}],"collection":[{"href":"https:\/\/test393.ergatesweb7.ovh\/es\/wp-json\/wp\/v2\/pages"}],"about":[{"href":"https:\/\/test393.ergatesweb7.ovh\/es\/wp-json\/wp\/v2\/types\/page"}],"author":[{"embeddable":true,"href":"https:\/\/test393.ergatesweb7.ovh\/es\/wp-json\/wp\/v2\/users\/3"}],"replies":[{"embeddable":true,"href":"https:\/\/test393.ergatesweb7.ovh\/es\/wp-json\/wp\/v2\/comments?post=26656"}],"version-history":[{"count":4,"href":"https:\/\/test393.ergatesweb7.ovh\/es\/wp-json\/wp\/v2\/pages\/26656\/revisions"}],"predecessor-version":[{"id":34431,"href":"https:\/\/test393.ergatesweb7.ovh\/es\/wp-json\/wp\/v2\/pages\/26656\/revisions\/34431"}],"up":[{"embeddable":true,"href":"https:\/\/test393.ergatesweb7.ovh\/es\/wp-json\/wp\/v2\/pages\/26452"}],"wp:featuredmedia":[{"embeddable":true,"href":"https:\/\/test393.ergatesweb7.ovh\/es\/wp-json\/wp\/v2\/media\/16521"}],"wp:attachment":[{"href":"https:\/\/test393.ergatesweb7.ovh\/es\/wp-json\/wp\/v2\/media?parent=26656"}],"curies":[{"name":"wp","href":"https:\/\/api.w.org\/{rel}","templated":true}]}}