{"id":26610,"date":"2022-03-09T12:19:58","date_gmt":"2022-03-09T10:19:58","guid":{"rendered":"https:\/\/www.cerdanya.org\/recetas\/tiro-pato-con-nabos\/"},"modified":"2022-04-28T13:52:39","modified_gmt":"2022-04-28T11:52:39","slug":"tiro-pato-con-nabos","status":"publish","type":"page","link":"https:\/\/test393.ergatesweb7.ovh\/es\/gastronomia\/recetas\/tiro-pato-con-nabos\/","title":{"rendered":"Tir\u00f3 (pato) con nabos"},"content":{"rendered":"\n<style type=\"text\/css\" data-created_by=\"avia_inline_auto\" id=\"style-css-av-d62i8-e1b62b7dc067bcf2940624526674b441\">\n.flex_column.av-d62i8-e1b62b7dc067bcf2940624526674b441{\nborder-radius:0px 0px 0px 0px;\npadding:0px 0px 0px 0px;\n}\n<\/style>\n<div  class='flex_column av-d62i8-e1b62b7dc067bcf2940624526674b441 av_one_third  avia-builder-el-0  el_before_av_two_third  avia-builder-el-first  first flex_column_div av-zero-column-padding  '     ><p>\n<style type=\"text\/css\" data-created_by=\"avia_inline_auto\" id=\"style-css-av-jvc89ocd-da5f969930ffcc11c5e3b7562f1fb5b7\">\n.avia-image-container.av-jvc89ocd-da5f969930ffcc11c5e3b7562f1fb5b7 img.avia_image{\nbox-shadow:none;\n}\n.avia-image-container.av-jvc89ocd-da5f969930ffcc11c5e3b7562f1fb5b7 .av-image-caption-overlay-center{\ncolor:#ffffff;\n}\n<\/style>\n<div  class='avia-image-container av-jvc89ocd-da5f969930ffcc11c5e3b7562f1fb5b7 av-styling- avia-align-center  avia-builder-el-1  el_before_av_textblock  avia-builder-el-first '   itemprop=\"image\" itemscope=\"itemscope\" itemtype=\"https:\/\/schema.org\/ImageObject\" ><div class=\"avia-image-container-inner\"><div class=\"avia-image-overlay-wrap\"><img decoding=\"async\" fetchpriority=\"high\" class='wp-image-16502 avia-img-lazy-loading-not-16502 avia_image ' src=\"https:\/\/test393.ergatesweb7.ovh\/wp-content\/uploads\/2019\/05\/anec_amb_naps.jpg\" alt='' title='anec_amb_naps'  height=\"591\" width=\"614\"  itemprop=\"thumbnailUrl\" srcset=\"https:\/\/test393.ergatesweb7.ovh\/wp-content\/uploads\/2019\/05\/anec_amb_naps.jpg 614w, https:\/\/test393.ergatesweb7.ovh\/wp-content\/uploads\/2019\/05\/anec_amb_naps-300x289.jpg 300w, https:\/\/test393.ergatesweb7.ovh\/wp-content\/uploads\/2019\/05\/anec_amb_naps-36x36.jpg 36w, https:\/\/test393.ergatesweb7.ovh\/wp-content\/uploads\/2019\/05\/anec_amb_naps-450x433.jpg 450w\" sizes=\"(max-width: 614px) 100vw, 614px\" \/><\/div><\/div><\/div><br \/>\n<section  class='av_textblock_section av-jvc87pz8-24e22b4bdaf5d3db5e617461c51bdbd2 '   itemscope=\"itemscope\" itemtype=\"https:\/\/schema.org\/CreativeWork\" ><div class='avia_textblock'  itemprop=\"text\" ><p><strong>Autor<\/strong><\/p>\n<p><a href=\"http:\/\/www.cuinacatalana.eu\/\" target=\"_blank\" rel=\"noopener noreferrer\">Fundaci\u00f3n Instituto Catal\u00e1n de la Cocina y la Cultura Gastron\u00f3mica<\/a><\/p>\n<\/div><\/section><\/p><\/div>\n<style type=\"text\/css\" data-created_by=\"avia_inline_auto\" id=\"style-css-av-8udkg-49e0a2a8e2ba57ff1decc227e1ecf295\">\n.flex_column.av-8udkg-49e0a2a8e2ba57ff1decc227e1ecf295{\nborder-radius:0px 0px 0px 0px;\npadding:0px 0px 0px 0px;\n}\n<\/style>\n<div  class='flex_column av-8udkg-49e0a2a8e2ba57ff1decc227e1ecf295 av_two_third  avia-builder-el-3  el_after_av_one_third  avia-builder-el-last  flex_column_div av-zero-column-padding  '     ><p>\n<style type=\"text\/css\" data-created_by=\"avia_inline_auto\" id=\"style-css-av-jvc8k2v5-b530ae9fea88d9b2892306e99c5cd481\">\n#top .hr.hr-invisible.av-jvc8k2v5-b530ae9fea88d9b2892306e99c5cd481{\nheight:30px;\n}\n<\/style>\n<div  class='hr av-jvc8k2v5-b530ae9fea88d9b2892306e99c5cd481 hr-invisible  avia-builder-el-4  el_before_av_textblock  avia-builder-el-first '><span class='hr-inner '><span class=\"hr-inner-style\"><\/span><\/span><\/div><br \/>\n<section  class='av_textblock_section av-jvc87pz8-24e22b4bdaf5d3db5e617461c51bdbd2 '   itemscope=\"itemscope\" itemtype=\"https:\/\/schema.org\/CreativeWork\" ><div class='avia_textblock'  itemprop=\"text\" ><p><strong>Ingredientes<\/strong><\/p>\n<ul>\n<li>1 tir\u00f3 (pato) troceado<\/li>\n<li>500 g de nabos de Cerdanya<\/li>\n<li>3 tomates rallados<\/li>\n<li>1 cebolla trinchada<\/li>\n<li>Un manojo de hierbas: laurel, tomillo, canela<\/li>\n<li>Harina \/ Sal \/ Pimienta \/ Aceite \/ Agua<\/li>\n<\/ul>\n<p><strong>Para hacer la picada:<\/strong><\/p>\n<ul>\n<li>2 dientes de ajo<\/li>\n<li>1 carquinyoli<\/li>\n<li>Un pu\u00f1adito de almendras tostadas<\/li>\n<li>Un chorro de vino rancio<\/li>\n<\/ul>\n<p><strong>Elaboraci\u00f3n<\/strong><\/p>\n<p>Salpimentar y dorar el pato en una cazuela y reservar. En la misma cazuela hacer el sofrito de cebolla y tomate. Agregar el pato, mojarlo con agua y dejar cocer lentamente. Pelar, hervir, enharinar y fre\u00edr los nabos. A\u00f1\u00e1delos a la cazuela media hora antes de terminar la cocci\u00f3n, junto con la picada mezclada con vino rancio.<\/p>\n<\/div><\/section><br \/>\n\n<style type=\"text\/css\" data-created_by=\"avia_inline_auto\" id=\"style-css-av-k9l2kgr8-0456632f1399cc8843ccc2f96eca5906\">\n#top .hr.hr-invisible.av-k9l2kgr8-0456632f1399cc8843ccc2f96eca5906{\nheight:20px;\n}\n<\/style>\n<div  class='hr av-k9l2kgr8-0456632f1399cc8843ccc2f96eca5906 hr-invisible  avia-builder-el-6  el_after_av_textblock  el_before_av_button '><span class='hr-inner '><span class=\"hr-inner-style\"><\/span><\/span><\/div><br \/>\n<div  class='avia-button-wrap av-k9l2f50n-96f1020bdbd3860e83ca3c7ce6390ebe-wrap avia-button-center  avia-builder-el-7  el_after_av_hr  avia-builder-el-last '>\n<style type=\"text\/css\" data-created_by=\"avia_inline_auto\" id=\"style-css-av-k9l2f50n-96f1020bdbd3860e83ca3c7ce6390ebe\">\n#top #wrap_all .avia-button.av-k9l2f50n-96f1020bdbd3860e83ca3c7ce6390ebe{\nbackground-color:#9e9e9e;\nborder-color:#9e9e9e;\ncolor:#ffffff;\ntransition:all 0.4s ease-in-out;\n}\n#top #wrap_all .avia-button.av-k9l2f50n-96f1020bdbd3860e83ca3c7ce6390ebe .avia-svg-icon svg:first-child{\nfill:#ffffff;\nstroke:#ffffff;\n}\n<\/style>\n<a href='http:\/\/www.cerdanya.org\/wp-content\/uploads\/2020\/04\/recepta-tiroambnaps-cerdanya.pdf'  class='avia-button av-k9l2f50n-96f1020bdbd3860e83ca3c7ce6390ebe av-link-btn avia-icon_select-yes-right-icon avia-size-large avia-position-center'  target=\"_blank\"  rel=\"noopener noreferrer\"  aria-label=\"Descarga la receta\"><span class='avia_iconbox_title' >Descarga la receta<\/span><span class='avia_button_icon avia_button_icon_right avia-iconfont avia-font-entypo-fontello' data-av_icon='\ue838' data-av_iconfont='entypo-fontello' ><\/span><\/a><\/div><\/p><\/div><\/p>\n","protected":false},"excerpt":{"rendered":"","protected":false},"author":1,"featured_media":16502,"parent":26477,"menu_order":10,"comment_status":"closed","ping_status":"closed","template":"","meta":{"footnotes":""},"class_list":["post-26610","page","type-page","status-publish","has-post-thumbnail","hentry"],"_links":{"self":[{"href":"https:\/\/test393.ergatesweb7.ovh\/es\/wp-json\/wp\/v2\/pages\/26610","targetHints":{"allow":["GET"]}}],"collection":[{"href":"https:\/\/test393.ergatesweb7.ovh\/es\/wp-json\/wp\/v2\/pages"}],"about":[{"href":"https:\/\/test393.ergatesweb7.ovh\/es\/wp-json\/wp\/v2\/types\/page"}],"author":[{"embeddable":true,"href":"https:\/\/test393.ergatesweb7.ovh\/es\/wp-json\/wp\/v2\/users\/1"}],"replies":[{"embeddable":true,"href":"https:\/\/test393.ergatesweb7.ovh\/es\/wp-json\/wp\/v2\/comments?post=26610"}],"version-history":[{"count":2,"href":"https:\/\/test393.ergatesweb7.ovh\/es\/wp-json\/wp\/v2\/pages\/26610\/revisions"}],"predecessor-version":[{"id":32467,"href":"https:\/\/test393.ergatesweb7.ovh\/es\/wp-json\/wp\/v2\/pages\/26610\/revisions\/32467"}],"up":[{"embeddable":true,"href":"https:\/\/test393.ergatesweb7.ovh\/es\/wp-json\/wp\/v2\/pages\/26477"}],"wp:featuredmedia":[{"embeddable":true,"href":"https:\/\/test393.ergatesweb7.ovh\/es\/wp-json\/wp\/v2\/media\/16502"}],"wp:attachment":[{"href":"https:\/\/test393.ergatesweb7.ovh\/es\/wp-json\/wp\/v2\/media?parent=26610"}],"curies":[{"name":"wp","href":"https:\/\/api.w.org\/{rel}","templated":true}]}}