{"id":26609,"date":"2022-03-09T12:16:33","date_gmt":"2022-03-09T10:16:33","guid":{"rendered":"https:\/\/www.cerdanya.org\/recetas\/albondigas-de-ternera-ecologica-de-la-cerdanya-de-ecopyrene-con-gambas-y-setas-de-temporada\/"},"modified":"2022-04-28T13:52:38","modified_gmt":"2022-04-28T11:52:38","slug":"albondigas-de-ternera-ecologica-de-la-cerdanya-de-ecopyrene-con-gambas-y-setas-de-temporada","status":"publish","type":"page","link":"https:\/\/test393.ergatesweb7.ovh\/es\/gastronomia\/recetas\/albondigas-de-ternera-ecologica-de-la-cerdanya-de-ecopyrene-con-gambas-y-setas-de-temporada\/","title":{"rendered":"Alb\u00f3ndigas de ternera ecol\u00f3gica de La Cerdanya de Ecopyrene con gambas y setas de temporada"},"content":{"rendered":"<div id='av_section_1'  class='avia-section av-hcg34-dbb0092a76b1e9b02c598c8889c3246c main_color avia-section-default avia-no-border-styling  avia-builder-el-0  avia-builder-el-no-sibling  avia-bg-style-scroll container_wrap fullsize'  ><div class='container av-section-cont-open' ><main  role=\"main\" itemprop=\"mainContentOfPage\"  class='template-page content  av-content-full alpha units'><div class='post-entry post-entry-type-page post-entry-26609'><div class='entry-content-wrapper clearfix'>\n\n<style type=\"text\/css\" data-created_by=\"avia_inline_auto\" id=\"style-css-av-d62i8-e1b62b7dc067bcf2940624526674b441\">\n.flex_column.av-d62i8-e1b62b7dc067bcf2940624526674b441{\nborder-radius:0px 0px 0px 0px;\npadding:0px 0px 0px 0px;\n}\n<\/style>\n<div  class='flex_column av-d62i8-e1b62b7dc067bcf2940624526674b441 av_one_third  avia-builder-el-1  el_before_av_two_third  avia-builder-el-first  first flex_column_div av-zero-column-padding  '     ><p>\n<style type=\"text\/css\" data-created_by=\"avia_inline_auto\" id=\"style-css-av-jvc89ocd-1b174308cd0e3dcdbc57ee47fec4b484\">\n.avia-image-container.av-jvc89ocd-1b174308cd0e3dcdbc57ee47fec4b484 img.avia_image{\nbox-shadow:none;\n}\n.avia-image-container.av-jvc89ocd-1b174308cd0e3dcdbc57ee47fec4b484 .av-image-caption-overlay-center{\ncolor:#ffffff;\n}\n<\/style>\n<div  class='avia-image-container av-jvc89ocd-1b174308cd0e3dcdbc57ee47fec4b484 av-styling- avia-align-center  avia-builder-el-2  el_before_av_textblock  avia-builder-el-first '   itemprop=\"image\" itemscope=\"itemscope\" itemtype=\"https:\/\/schema.org\/ImageObject\" ><div class=\"avia-image-container-inner\"><div class=\"avia-image-overlay-wrap\"><img decoding=\"async\" fetchpriority=\"high\" class='wp-image-17376 avia-img-lazy-loading-not-17376 avia_image ' src=\"https:\/\/test393.ergatesweb7.ovh\/wp-content\/uploads\/2020\/08\/mandonguilles-cal-jet-225x300.jpg\" alt='' title='mandonguilles-cal-jet'  height=\"300\" width=\"225\"  itemprop=\"thumbnailUrl\" srcset=\"https:\/\/test393.ergatesweb7.ovh\/wp-content\/uploads\/2020\/08\/mandonguilles-cal-jet-225x300.jpg 225w, https:\/\/test393.ergatesweb7.ovh\/wp-content\/uploads\/2020\/08\/mandonguilles-cal-jet-773x1030.jpg 773w, https:\/\/test393.ergatesweb7.ovh\/wp-content\/uploads\/2020\/08\/mandonguilles-cal-jet-768x1024.jpg 768w, https:\/\/test393.ergatesweb7.ovh\/wp-content\/uploads\/2020\/08\/mandonguilles-cal-jet-529x705.jpg 529w, https:\/\/test393.ergatesweb7.ovh\/wp-content\/uploads\/2020\/08\/mandonguilles-cal-jet.jpg 1125w\" sizes=\"(max-width: 225px) 100vw, 225px\" \/><\/div><\/div><\/div><br \/>\n<section  class='av_textblock_section av-jvc87pz8-b50fea7519a8f103f3f96b210db57b12 '   itemscope=\"itemscope\" itemtype=\"https:\/\/schema.org\/CreativeWork\" ><div class='avia_textblock'  itemprop=\"text\" ><p><strong>Autor<\/strong><\/p>\n<p>David Ruiz<\/p>\n<p><a href=\"https:\/\/caljet.cat\/\" target=\"_blank\" rel=\"noopener noreferrer\">Cal Jet de Ger<\/a><\/p>\n<\/div><\/section><\/p><\/div>\n<style type=\"text\/css\" data-created_by=\"avia_inline_auto\" id=\"style-css-av-8udkg-49e0a2a8e2ba57ff1decc227e1ecf295\">\n.flex_column.av-8udkg-49e0a2a8e2ba57ff1decc227e1ecf295{\nborder-radius:0px 0px 0px 0px;\npadding:0px 0px 0px 0px;\n}\n<\/style>\n<div  class='flex_column av-8udkg-49e0a2a8e2ba57ff1decc227e1ecf295 av_two_third  avia-builder-el-4  el_after_av_one_third  avia-builder-el-last  flex_column_div av-zero-column-padding  '     ><p><section  class='av_textblock_section av-jvc87pz8-b50fea7519a8f103f3f96b210db57b12 '   itemscope=\"itemscope\" itemtype=\"https:\/\/schema.org\/CreativeWork\" ><div class='avia_textblock'  itemprop=\"text\" ><p><strong>Ingredientes<\/strong><\/p>\n<p>Receta para 4 personas:<\/p>\n<ul>\n<li>0,6 Kg de culata picada de ternera ecol\u00f3gica de la Cerdanya de Ecopyrene<\/li>\n<li>4 huevos ecol\u00f3gicos de Cal Grauet<\/li>\n<li>5 gr de migas de pan<\/li>\n<li>2 ml de leche<\/li>\n<li>4 dientes de ajo<\/li>\n<li>1 manojo de perejil fresco<\/li>\n<li>100 gr de harina<\/li>\n<li>2 l de caldo oscuro de ternera<\/li>\n<li>12 gambas grandes<\/li>\n<li>200 gr de setas de temporada<\/li>\n<li style=\"list-style-type: none;\"><\/li>\n<\/ul>\n<p><strong>Elaboraci\u00f3n<\/strong><\/p>\n<p>Mezclamos la culata ecol\u00f3gica picada, los huevos, las migas de pan remojadas en la leche y escurridas, los ajos picados finos y el perejil picado muy fino. Rectificamos de sal y pimienta al gusto. Hacemos pelotas de 35-40 gramos. Fre\u00edmos las alb\u00f3ndigas en aceite de oliva muy caliente hasta que queden doradas por fuera y crudas por dentro. Finalmente las cocemos en el caldo oscuro de ternera hasta que queden tiernas y las reservamos. Colamos el caldo y lo reducimos hasta llegar al sabor y textura deseados. Por otro lado, limpiamos bien las setas de temporada y pelamos las gambas. Salteamos ligeramente las setas y las gambas y las salpimentamos al gusto. Las reservamos. Separamos este salteado con un poco de caldo reducido y lo vertemos colado sobre las alb\u00f3ndigas. Por \u00faltimo presentamos las alb\u00f3ndigas con la salsa reducida. Las setas y las gambas salteadas y un poco crudas por encima de las alb\u00f3ndigas y finalmente una pizca de perejil fresco picado muy fino.<\/p>\n<\/div><\/section><br \/>\n\n<style type=\"text\/css\" data-created_by=\"avia_inline_auto\" id=\"style-css-av-k9l2lsyj-50136044f64ae289a9abd2cb136752bb\">\n#top .hr.hr-invisible.av-k9l2lsyj-50136044f64ae289a9abd2cb136752bb{\nheight:20px;\n}\n<\/style>\n<div  class='hr av-k9l2lsyj-50136044f64ae289a9abd2cb136752bb hr-invisible  avia-builder-el-6  el_after_av_textblock  el_before_av_button '><span class='hr-inner '><span class=\"hr-inner-style\"><\/span><\/span><\/div><br \/>\n<div  class='avia-button-wrap av-k9l2nixi-9583229bd4b23ae01226e10f2872e948-wrap avia-button-center  avia-builder-el-7  el_after_av_hr  avia-builder-el-last '>\n<style type=\"text\/css\" data-created_by=\"avia_inline_auto\" id=\"style-css-av-k9l2nixi-9583229bd4b23ae01226e10f2872e948\">\n#top #wrap_all .avia-button.av-k9l2nixi-9583229bd4b23ae01226e10f2872e948{\nbackground-color:#9e9e9e;\nborder-color:#9e9e9e;\ncolor:#ffffff;\ntransition:all 0.4s ease-in-out;\n}\n#top #wrap_all .avia-button.av-k9l2nixi-9583229bd4b23ae01226e10f2872e948 .avia-svg-icon svg:first-child{\nfill:#ffffff;\nstroke:#ffffff;\n}\n<\/style>\n<a href='https:\/\/www.cerdanya.org\/wp-content\/uploads\/2020\/08\/recepta-mandonguilles-cal-jet.pdf'  class='avia-button av-k9l2nixi-9583229bd4b23ae01226e10f2872e948 av-link-btn avia-icon_select-yes-right-icon avia-size-large avia-position-center'  target=\"_blank\"  rel=\"noopener noreferrer\"  aria-label=\"Descarga la receta\"><span class='avia_iconbox_title' >Descarga la receta<\/span><span class='avia_button_icon avia_button_icon_right avia-iconfont avia-font-entypo-fontello' data-av_icon='\ue838' data-av_iconfont='entypo-fontello' ><\/span><\/a><\/div><\/p><\/div>\n","protected":false},"excerpt":{"rendered":"","protected":false},"author":1,"featured_media":17376,"parent":26477,"menu_order":10,"comment_status":"closed","ping_status":"closed","template":"","meta":{"footnotes":""},"class_list":["post-26609","page","type-page","status-publish","has-post-thumbnail","hentry"],"_links":{"self":[{"href":"https:\/\/test393.ergatesweb7.ovh\/es\/wp-json\/wp\/v2\/pages\/26609","targetHints":{"allow":["GET"]}}],"collection":[{"href":"https:\/\/test393.ergatesweb7.ovh\/es\/wp-json\/wp\/v2\/pages"}],"about":[{"href":"https:\/\/test393.ergatesweb7.ovh\/es\/wp-json\/wp\/v2\/types\/page"}],"author":[{"embeddable":true,"href":"https:\/\/test393.ergatesweb7.ovh\/es\/wp-json\/wp\/v2\/users\/1"}],"replies":[{"embeddable":true,"href":"https:\/\/test393.ergatesweb7.ovh\/es\/wp-json\/wp\/v2\/comments?post=26609"}],"version-history":[{"count":3,"href":"https:\/\/test393.ergatesweb7.ovh\/es\/wp-json\/wp\/v2\/pages\/26609\/revisions"}],"predecessor-version":[{"id":32465,"href":"https:\/\/test393.ergatesweb7.ovh\/es\/wp-json\/wp\/v2\/pages\/26609\/revisions\/32465"}],"up":[{"embeddable":true,"href":"https:\/\/test393.ergatesweb7.ovh\/es\/wp-json\/wp\/v2\/pages\/26477"}],"wp:featuredmedia":[{"embeddable":true,"href":"https:\/\/test393.ergatesweb7.ovh\/es\/wp-json\/wp\/v2\/media\/17376"}],"wp:attachment":[{"href":"https:\/\/test393.ergatesweb7.ovh\/es\/wp-json\/wp\/v2\/media?parent=26609"}],"curies":[{"name":"wp","href":"https:\/\/api.w.org\/{rel}","templated":true}]}}